{"id":4432,"date":"2026-04-24T16:16:18","date_gmt":"2026-04-24T14:16:18","guid":{"rendered":"https:\/\/www.via-alpina.org\/?page_id=4432"},"modified":"2026-04-24T16:16:18","modified_gmt":"2026-04-24T14:16:18","slug":"fotografski-in-video-natecaj-2026","status":"publish","type":"page","link":"https:\/\/www.via-alpina.org\/sl\/skupnost\/fotografski-in-video-natecaj-2026\/","title":{"rendered":"Fotografski in video nate\u010daj 2026"},"content":{"rendered":"<div class=\"wpb-content-wrapper\"><p>[vc_row full_width=&#8221;stretch_row_content_no_spaces&#8221; el_class=&#8221;sp-page-title&#8221;][vc_column]\t\t\n\t\t<div class=\"title-banner\" style=\"background-image: linear-gradient(rgba(0, 0, 0, 0.2),rgba(0, 0, 0, 0.3)),url(https:\/\/www.via-alpina.org\/wp-content\/uploads\/2026\/04\/3X7A6255-Jesse-Cases-scaled.jpg);\">\n\t\t<span class=\"banner-caption\"><\/span>\n\t\t<\/div>\n\t\t<div class=\"container container-for-crumbs\">\n\t\t\t\t<div class=\"breadcrumbs-container\">\n\t\t\t\t\t\t<div class=\"breadcrumbs\">\n\t\t\t\t\t\t\t\n\t<ul class=\"ns-breadcrumbs\">\n\t\t\t<li><a href=\"https:\/\/www.via-alpina.org\/sl\/\">Domov<\/a><\/li>\n\t\t\t\t\t<li><a href=\"https:\/\/www.via-alpina.org\/sl\/skupnost\/\">Skupnost<\/a><\/li>\n\t\t\t\t<li>Fotografski in video nate\u010daj 2026<\/li>\n\t<\/ul>\n\t\n\t\t\t\t\t\t\t\t<div class=\"clearfix\"><\/div>\n\t\t\t\t\t\t<\/div>\n\t\t\t\t<\/div>\n\t\t\t\t<h1 class=\"entry-title\">Fotografski in video nate\u010daj 2026<\/h1>\n\t\t\t\t\t\t<\/div>\n\n\t\t[\/vc_column][\/vc_row][vc_row][vc_column][vc_column_text]<\/p>\n<h2><strong>Fotografski in video nate\u010daj Via Alpina se nadaljuje v drugem krogu \u2013 oddaj svojo fotografijo Via Alpina te sezone!<\/strong><\/h2>\n<p data-start=\"148\" data-end=\"658\">To poletje Via Alpina vabi pohodnike, avanturiste in ljubitelje gora, da sodelujejo v fotografskem in video nate\u010daju, ki slavi osebne izku\u0161nje ob Via Alpina. S tem odprtim pozivom \u017eelimo zbrati in deliti zgodbe s poti \u2014 trenutke ob\u010dudovanja, povezovanja, izzivov in lepote \u2014 tak\u0161ne, kot jih do\u017eivljajo in \u010dutijo tisti, ki jo prehodijo. Najsi ste ujeli dramati\u010dno pokrajino, pomembno sre\u010danje ali miren trenutek v naravi, z veseljem bomo to predstavili.<\/p>\n<h3 data-start=\"660\" data-end=\"681\">Zakaj sodelovati?<\/h3>\n<p data-start=\"683\" data-end=\"1114\">Alpe niso le destinacija, temve\u010d \u017eivi, skupni prostor, ki povezuje ljudi in kulture preko meja. Ta nate\u010daj ponuja prilo\u017enost, da prispevate k rasto\u010di skupnosti Via Alpina in navdihnete druge, da odkrijejo to edinstveno dolgo pot v oseben in trajnosten na\u010din. Va\u0161i prispevki bodo predstavljeni na dru\u017ebenih kanalih Via Alpina in pomagali dokumentirati izku\u0161njo pohodni\u0161tva po alpski regiji v pristni, skupnostno vodeni kampanji.<\/p>\n<h3 data-start=\"1475\" data-end=\"1495\">Kako sodelovati?<\/h3>\n<p data-start=\"1497\" data-end=\"1564\">Nalo\u017eite svojo fotografijo ali video neposredno <a href=\"https:\/\/docs.google.com\/forms\/d\/e\/1FAIpQLScp8C5MsAxcg2uZt9dmQeIb2T6b-bL7WT3wYk7GERrr_yVaMQ\/viewform\">preko tega obrazca.<\/a><\/p>\n<p data-start=\"1566\" data-end=\"1683\">Prosimo, zagotovite, da video datoteke ne presegajo najve\u010dje dovoljene velikosti (preverite omejitve Google obrazca).<\/p>\n<p data-start=\"1685\" data-end=\"1869\">Z oddajo vsebine Via Alpini dovolite, da jo objavimo na na\u0161ih dru\u017ebenih omre\u017ejih in spletni strani. Lastni\u0161tvo ostaja pri izvirnem ustvarjalcu, kjer je mogo\u010de, pa bo ustrezno navedeno.<\/p>\n<h3 data-start=\"1871\" data-end=\"1888\">\u010casovni okvir<\/h3>\n<p data-start=\"1890\" data-end=\"2083\">Tekmovanje bo potekalo skozi celotno pohodni\u0161ko sezono 2026 do 1. oktobra 2026, s ciljem spodbujanja pohodnikov, da delijo svoje zgodbe v \u010dasu vrhunca pohodni\u0161ke sezone.<\/p>\n<h3 data-start=\"2090\" data-end=\"2132\">Pomagajte nam pripovedovati zgodbo Alp<\/h3>\n<p data-start=\"2134\" data-end=\"2238\">To je ve\u010d kot le nate\u010daj \u2013 to je povabilo k soustvarjanju vizualne in \u010dustvene podobe poti Via Alpina.<\/p>\n<p data-start=\"2240\" data-end=\"2532\">S tem, ko delite svoje perspektive, pomagate navdihniti bodo\u010de pohodnike in spodbujate globljo povezanost z naravnimi in kulturnimi bogastvi alpske regije. Za ve\u010d informacij in posodobitev nas spremljajte na Instagramu in Facebooku ali obi\u0161\u010dite <a class=\"\" href=\"http:\/\/viaalpina.org\/\" target=\"_new\" rel=\"noopener\" data-start=\"2485\" data-end=\"2531\">http:\/\/viaalpina.org\/<\/a>.<\/p>\n<p>[\/vc_column_text][vc_empty_space][\/vc_column][\/vc_row][vc_row][vc_column][\/vc_column][\/vc_row]<\/p>\n<\/div>","protected":false},"excerpt":{"rendered":"<p>[vc_row full_width=&#8221;stretch_row_content_no_spaces&#8221; el_class=&#8221;sp-page-title&#8221;][vc_column][\/vc_column][\/vc_row][vc_row][vc_column][vc_column_text] Fotografski in video nate\u010daj Via Alpina se nadaljuje v drugem krogu \u2013 oddaj svojo fotografijo Via Alpina te sezone! To poletje Via Alpina vabi pohodnike, avanturiste in ljubitelje gora, da sodelujejo v fotografskem in video nate\u010daju, ki slavi osebne izku\u0161nje ob Via Alpina. S tem odprtim pozivom \u017eelimo zbrati in deliti zgodbe s poti \u2014 trenutke ob\u010dudovanja, povezovanja, izzivov in lepote \u2014 tak\u0161ne, kot jih do\u017eivljajo in \u010dutijo tisti, ki jo prehodijo. Najsi ste ujeli dramati\u010dno pokrajino, pomembno sre\u010danje ali miren trenutek v naravi, z veseljem bomo to predstavili. Zakaj sodelovati? Alpe niso le destinacija, temve\u010d \u017eivi, skupni prostor, ki povezuje ljudi in kulture preko meja. Ta nate\u010daj ponuja prilo\u017enost, da prispevate k rasto\u010di skupnosti Via Alpina [&hellip;]<\/p>\n","protected":false},"author":8,"featured_media":0,"parent":2288,"menu_order":3,"comment_status":"closed","ping_status":"closed","template":"","meta":{"footnotes":""},"class_list":["post-4432","page","type-page","status-publish","hentry"],"yoast_head":"<!-- This site is optimized with the Yoast SEO plugin v27.3 - https:\/\/yoast.com\/product\/yoast-seo-wordpress\/ -->\n<title>Fotografski in video nate\u010daj 2026 - Via Alpina<\/title>\n<meta name=\"description\" content=\"Fotografski in video nate\u010daj Via Alpina se nadaljuje v drugem krogu \u2013 oddaj svojo fotografijo Via Alpina te sezone! To poletje Via Alpina vabi pohodnike, avanturiste in ljubitelje gora, da\" \/>\n<meta name=\"robots\" content=\"index, follow, max-snippet:-1, max-image-preview:large, max-video-preview:-1\" \/>\n<link rel=\"canonical\" href=\"https:\/\/www.via-alpina.org\/sl\/skupnost\/fotografski-in-video-natecaj-2026\/\" \/>\n<meta property=\"og:locale\" content=\"sl_SI\" \/>\n<meta property=\"og:type\" content=\"article\" \/>\n<meta property=\"og:title\" content=\"Fotografski in video nate\u010daj 2026 - Via Alpina\" \/>\n<meta property=\"og:description\" content=\"[vc_row full_width=&#8221;stretch_row_content_no_spaces&#8221; el_class=&#8221;sp-page-title&#8221;][vc_column][\/vc_column][\/vc_row][vc_row][vc_column][vc_column_text] Fotografski in video nate\u010daj Via Alpina se nadaljuje v drugem krogu \u2013 oddaj svojo fotografijo Via Alpina te sezone! To poletje Via Alpina vabi pohodnike, avanturiste in ljubitelje gora, da sodelujejo v fotografskem in video nate\u010daju, ki slavi osebne izku\u0161nje ob Via Alpina. S tem odprtim pozivom \u017eelimo zbrati in deliti zgodbe s poti \u2014 trenutke ob\u010dudovanja, povezovanja, izzivov in lepote \u2014 tak\u0161ne, kot jih do\u017eivljajo in \u010dutijo tisti, ki jo prehodijo. Najsi ste ujeli dramati\u010dno pokrajino, pomembno sre\u010danje ali miren trenutek v naravi, z veseljem bomo to predstavili. Zakaj sodelovati? Alpe niso le destinacija, temve\u010d \u017eivi, skupni prostor, ki povezuje ljudi in kulture preko meja. Ta nate\u010daj ponuja prilo\u017enost, da prispevate k rasto\u010di skupnosti Via Alpina [&hellip;]\" \/>\n<meta property=\"og:url\" content=\"https:\/\/www.via-alpina.org\/sl\/skupnost\/fotografski-in-video-natecaj-2026\/\" \/>\n<meta property=\"og:site_name\" content=\"Via Alpina\" \/>\n<meta name=\"twitter:card\" content=\"summary_large_image\" \/>\n<meta name=\"twitter:label1\" content=\"Est. reading time\" \/>\n\t<meta name=\"twitter:data1\" content=\"2 minuti\" \/>\n<script type=\"application\/ld+json\" class=\"yoast-schema-graph\">{\"@context\":\"https:\\\/\\\/schema.org\",\"@graph\":[{\"@type\":\"WebPage\",\"@id\":\"https:\\\/\\\/www.via-alpina.org\\\/sl\\\/skupnost\\\/fotografski-in-video-natecaj-2026\\\/\",\"url\":\"https:\\\/\\\/www.via-alpina.org\\\/sl\\\/skupnost\\\/fotografski-in-video-natecaj-2026\\\/\",\"name\":\"Fotografski in video nate\u010daj 2026 - Via Alpina\",\"isPartOf\":{\"@id\":\"https:\\\/\\\/www.via-alpina.org\\\/#website\"},\"datePublished\":\"2026-04-24T14:16:18+00:00\",\"breadcrumb\":{\"@id\":\"https:\\\/\\\/www.via-alpina.org\\\/sl\\\/skupnost\\\/fotografski-in-video-natecaj-2026\\\/#breadcrumb\"},\"inLanguage\":\"sl-SI\",\"potentialAction\":[{\"@type\":\"ReadAction\",\"target\":[\"https:\\\/\\\/www.via-alpina.org\\\/sl\\\/skupnost\\\/fotografski-in-video-natecaj-2026\\\/\"]}]},{\"@type\":\"BreadcrumbList\",\"@id\":\"https:\\\/\\\/www.via-alpina.org\\\/sl\\\/skupnost\\\/fotografski-in-video-natecaj-2026\\\/#breadcrumb\",\"itemListElement\":[{\"@type\":\"ListItem\",\"position\":1,\"name\":\"Home\",\"item\":\"https:\\\/\\\/www.via-alpina.org\\\/sl\\\/\"},{\"@type\":\"ListItem\",\"position\":2,\"name\":\"Skupnost\",\"item\":\"https:\\\/\\\/www.via-alpina.org\\\/community\\\/\"},{\"@type\":\"ListItem\",\"position\":3,\"name\":\"Fotografski in video nate\u010daj 2026\"}]},{\"@type\":\"WebSite\",\"@id\":\"https:\\\/\\\/www.via-alpina.org\\\/#website\",\"url\":\"https:\\\/\\\/www.via-alpina.org\\\/\",\"name\":\"Via Alpina\",\"description\":\"\u0160e eno spleti\u0161\u010de WordPress\",\"potentialAction\":[{\"@type\":\"SearchAction\",\"target\":{\"@type\":\"EntryPoint\",\"urlTemplate\":\"https:\\\/\\\/www.via-alpina.org\\\/?s={search_term_string}\"},\"query-input\":{\"@type\":\"PropertyValueSpecification\",\"valueRequired\":true,\"valueName\":\"search_term_string\"}}],\"inLanguage\":\"sl-SI\"}]}<\/script>\n<!-- \/ Yoast SEO plugin. -->","yoast_head_json":{"title":"Fotografski in video nate\u010daj 2026 - Via Alpina","description":"Fotografski in video nate\u010daj Via Alpina se nadaljuje v drugem krogu \u2013 oddaj svojo fotografijo Via Alpina te sezone! To poletje Via Alpina vabi pohodnike, avanturiste in ljubitelje gora, da","robots":{"index":"index","follow":"follow","max-snippet":"max-snippet:-1","max-image-preview":"max-image-preview:large","max-video-preview":"max-video-preview:-1"},"canonical":"https:\/\/www.via-alpina.org\/sl\/skupnost\/fotografski-in-video-natecaj-2026\/","og_locale":"sl_SI","og_type":"article","og_title":"Fotografski in video nate\u010daj 2026 - Via Alpina","og_description":"[vc_row full_width=&#8221;stretch_row_content_no_spaces&#8221; el_class=&#8221;sp-page-title&#8221;][vc_column][\/vc_column][\/vc_row][vc_row][vc_column][vc_column_text] Fotografski in video nate\u010daj Via Alpina se nadaljuje v drugem krogu \u2013 oddaj svojo fotografijo Via Alpina te sezone! To poletje Via Alpina vabi pohodnike, avanturiste in ljubitelje gora, da sodelujejo v fotografskem in video nate\u010daju, ki slavi osebne izku\u0161nje ob Via Alpina. S tem odprtim pozivom \u017eelimo zbrati in deliti zgodbe s poti \u2014 trenutke ob\u010dudovanja, povezovanja, izzivov in lepote \u2014 tak\u0161ne, kot jih do\u017eivljajo in \u010dutijo tisti, ki jo prehodijo. Najsi ste ujeli dramati\u010dno pokrajino, pomembno sre\u010danje ali miren trenutek v naravi, z veseljem bomo to predstavili. Zakaj sodelovati? Alpe niso le destinacija, temve\u010d \u017eivi, skupni prostor, ki povezuje ljudi in kulture preko meja. Ta nate\u010daj ponuja prilo\u017enost, da prispevate k rasto\u010di skupnosti Via Alpina [&hellip;]","og_url":"https:\/\/www.via-alpina.org\/sl\/skupnost\/fotografski-in-video-natecaj-2026\/","og_site_name":"Via Alpina","twitter_card":"summary_large_image","twitter_misc":{"Est. reading time":"2 minuti"},"schema":{"@context":"https:\/\/schema.org","@graph":[{"@type":"WebPage","@id":"https:\/\/www.via-alpina.org\/sl\/skupnost\/fotografski-in-video-natecaj-2026\/","url":"https:\/\/www.via-alpina.org\/sl\/skupnost\/fotografski-in-video-natecaj-2026\/","name":"Fotografski in video nate\u010daj 2026 - Via Alpina","isPartOf":{"@id":"https:\/\/www.via-alpina.org\/#website"},"datePublished":"2026-04-24T14:16:18+00:00","breadcrumb":{"@id":"https:\/\/www.via-alpina.org\/sl\/skupnost\/fotografski-in-video-natecaj-2026\/#breadcrumb"},"inLanguage":"sl-SI","potentialAction":[{"@type":"ReadAction","target":["https:\/\/www.via-alpina.org\/sl\/skupnost\/fotografski-in-video-natecaj-2026\/"]}]},{"@type":"BreadcrumbList","@id":"https:\/\/www.via-alpina.org\/sl\/skupnost\/fotografski-in-video-natecaj-2026\/#breadcrumb","itemListElement":[{"@type":"ListItem","position":1,"name":"Home","item":"https:\/\/www.via-alpina.org\/sl\/"},{"@type":"ListItem","position":2,"name":"Skupnost","item":"https:\/\/www.via-alpina.org\/community\/"},{"@type":"ListItem","position":3,"name":"Fotografski in video nate\u010daj 2026"}]},{"@type":"WebSite","@id":"https:\/\/www.via-alpina.org\/#website","url":"https:\/\/www.via-alpina.org\/","name":"Via Alpina","description":"\u0160e eno spleti\u0161\u010de WordPress","potentialAction":[{"@type":"SearchAction","target":{"@type":"EntryPoint","urlTemplate":"https:\/\/www.via-alpina.org\/?s={search_term_string}"},"query-input":{"@type":"PropertyValueSpecification","valueRequired":true,"valueName":"search_term_string"}}],"inLanguage":"sl-SI"}]}},"_links":{"self":[{"href":"https:\/\/www.via-alpina.org\/sl\/wp-json\/wp\/v2\/pages\/4432","targetHints":{"allow":["GET"]}}],"collection":[{"href":"https:\/\/www.via-alpina.org\/sl\/wp-json\/wp\/v2\/pages"}],"about":[{"href":"https:\/\/www.via-alpina.org\/sl\/wp-json\/wp\/v2\/types\/page"}],"author":[{"embeddable":true,"href":"https:\/\/www.via-alpina.org\/sl\/wp-json\/wp\/v2\/users\/8"}],"replies":[{"embeddable":true,"href":"https:\/\/www.via-alpina.org\/sl\/wp-json\/wp\/v2\/comments?post=4432"}],"version-history":[{"count":4,"href":"https:\/\/www.via-alpina.org\/sl\/wp-json\/wp\/v2\/pages\/4432\/revisions"}],"predecessor-version":[{"id":4528,"href":"https:\/\/www.via-alpina.org\/sl\/wp-json\/wp\/v2\/pages\/4432\/revisions\/4528"}],"up":[{"embeddable":true,"href":"https:\/\/www.via-alpina.org\/sl\/wp-json\/wp\/v2\/pages\/2288"}],"wp:attachment":[{"href":"https:\/\/www.via-alpina.org\/sl\/wp-json\/wp\/v2\/media?parent=4432"}],"curies":[{"name":"wp","href":"https:\/\/api.w.org\/{rel}","templated":true}]}}