{"id":4128,"date":"2026-04-01T16:09:59","date_gmt":"2026-04-01T14:09:59","guid":{"rendered":"https:\/\/www.via-alpina.org\/?page_id=4128"},"modified":"2026-04-01T16:09:59","modified_gmt":"2026-04-01T14:09:59","slug":"ostani-na-tekocem","status":"publish","type":"page","link":"https:\/\/www.via-alpina.org\/sl\/skupnost\/ostani-na-tekocem\/","title":{"rendered":"Ostani na teko\u010dem"},"content":{"rendered":"<div class=\"wpb-content-wrapper\"><p>[vc_row full_width=&#8221;stretch_row_content_no_spaces&#8221; el_class=&#8221;sp-page-title&#8221;][vc_column]\t\t\n\t\t<div class=\"title-banner\" style=\"background-image: linear-gradient(rgba(0, 0, 0, 0.2),rgba(0, 0, 0, 0.3)),url(https:\/\/www.via-alpina.org\/wp-content\/uploads\/2026\/03\/IMG_20220918_175541-Julien-Defois_cut-2-scaled.jpg);\">\n\t\t<span class=\"banner-caption\"><\/span>\n\t\t<\/div>\n\t\t<div class=\"container container-for-crumbs\">\n\t\t\t\t<div class=\"breadcrumbs-container\">\n\t\t\t\t\t\t<div class=\"breadcrumbs\">\n\t\t\t\t\t\t\t\n\t<ul class=\"ns-breadcrumbs\">\n\t\t\t<li><a href=\"https:\/\/www.via-alpina.org\/sl\/\">Domov<\/a><\/li>\n\t\t\t\t\t<li><a href=\"https:\/\/www.via-alpina.org\/sl\/skupnost\/\">Skupnost<\/a><\/li>\n\t\t\t\t<li>Ostani na teko\u010dem<\/li>\n\t<\/ul>\n\t\n\t\t\t\t\t\t\t\t<div class=\"clearfix\"><\/div>\n\t\t\t\t\t\t<\/div>\n\t\t\t\t<\/div>\n\t\t\t\t<h1 class=\"entry-title\">Ostani na teko\u010dem<\/h1>\n\t\t\t\t\t\t<\/div>\n\n\t\t[\/vc_column][\/vc_row][vc_row][vc_column][vc_column_text][\/vc_column_text][vc_empty_space][\/vc_column][\/vc_row][vc_row][vc_column width=&#8221;1\/2&#8243;][vc_column_text]<strong><span class=\"font-semibold\">\u017deli\u0161 prejemati najnovej\u0161e novice in posodobitve o Via Alpini? Vpi\u0161i se na na\u0161o po\u0161tno listo!<\/span><\/strong>[\/vc_column_text][\/vc_column][vc_column width=&#8221;1\/2&#8243;][vc_raw_html]JTNDc2NyaXB0JTIwc3JjJTNEJTI3aHR0cHMlM0ElMkYlMkZvbmxpbmUyLnN1cGVyb2ZmaWNlLmNvbSUyRkN1c3QyNjEwNCUyRkNTJTJGc2NyaXB0cyUyRmN1c3RvbWVyLmZjZ2klM0ZhY3Rpb24lM0Rmb3JtJTI2aWQlM0RGLVJEYnlvdHlNJTI3JTIwZGVmZXIlM0UlM0MlMkZzY3JpcHQlM0U=[\/vc_raw_html][\/vc_column][\/vc_row]<\/p>\n<\/div>","protected":false},"excerpt":{"rendered":"<p>[vc_row full_width=&#8221;stretch_row_content_no_spaces&#8221; el_class=&#8221;sp-page-title&#8221;][vc_column][\/vc_column][\/vc_row][vc_row][vc_column][vc_column_text][\/vc_column_text][vc_empty_space][\/vc_column][\/vc_row][vc_row][vc_column width=&#8221;1\/2&#8243;][vc_column_text]\u017deli\u0161 prejemati najnovej\u0161e novice in posodobitve o Via Alpini? Vpi\u0161i se na na\u0161o po\u0161tno listo![\/vc_column_text][\/vc_column][vc_column width=&#8221;1\/2&#8243;][vc_raw_html]JTNDc2NyaXB0JTIwc3JjJTNEJTI3aHR0cHMlM0ElMkYlMkZvbmxpbmUyLnN1cGVyb2ZmaWNlLmNvbSUyRkN1c3QyNjEwNCUyRkNTJTJGc2NyaXB0cyUyRmN1c3RvbWVyLmZjZ2klM0ZhY3Rpb24lM0Rmb3JtJTI2aWQlM0RGLVJEYnlvdHlNJTI3JTIwZGVmZXIlM0UlM0MlMkZzY3JpcHQlM0U=[\/vc_raw_html][\/vc_column][\/vc_row]<\/p>\n","protected":false},"author":6,"featured_media":0,"parent":2288,"menu_order":4,"comment_status":"closed","ping_status":"closed","template":"","meta":{"footnotes":""},"class_list":["post-4128","page","type-page","status-publish","hentry"],"yoast_head":"<!-- This site is optimized with the Yoast SEO plugin v27.3 - https:\/\/yoast.com\/product\/yoast-seo-wordpress\/ -->\n<title>Ostani na teko\u010dem - Via Alpina<\/title>\n<meta name=\"description\" content=\"\u017deli\u0161 prejemati najnovej\u0161e novice in posodobitve o Via Alpini? Vpi\u0161i se na na\u0161o po\u0161tno listo!JTNDc2NyaXB0JTIwc3JjJTNEJTI3aHR0cHMlM0ElMkYlMkZvbmxpbmUyLnN1cGVyb2ZmaWNlLmNvbSUyRkN1c3QyNjEwNCUyRkNTJTJGc2NyaXB0cyUyRmN1c3RvbWVyLmZjZ2klM0ZhY3Rpb24lM0Rmb3JtJTI2aWQlM0RGLVJEYnlvdHlNJTI3JTIwZGVmZXIlM0UlM0MlMkZzY3JpcHQlM0U=\" \/>\n<meta name=\"robots\" content=\"index, follow, max-snippet:-1, max-image-preview:large, max-video-preview:-1\" \/>\n<link rel=\"canonical\" href=\"https:\/\/www.via-alpina.org\/sl\/skupnost\/ostani-na-tekocem\/\" \/>\n<meta property=\"og:locale\" content=\"sl_SI\" \/>\n<meta property=\"og:type\" content=\"article\" \/>\n<meta property=\"og:title\" content=\"Ostani na teko\u010dem - Via Alpina\" \/>\n<meta property=\"og:description\" content=\"[vc_row full_width=&#8221;stretch_row_content_no_spaces&#8221; el_class=&#8221;sp-page-title&#8221;][vc_column][\/vc_column][\/vc_row][vc_row][vc_column][vc_column_text][\/vc_column_text][vc_empty_space][\/vc_column][\/vc_row][vc_row][vc_column width=&#8221;1\/2&#8243;][vc_column_text]\u017deli\u0161 prejemati najnovej\u0161e novice in posodobitve o Via Alpini? Vpi\u0161i se na na\u0161o po\u0161tno listo![\/vc_column_text][\/vc_column][vc_column width=&#8221;1\/2&#8243;][vc_raw_html]JTNDc2NyaXB0JTIwc3JjJTNEJTI3aHR0cHMlM0ElMkYlMkZvbmxpbmUyLnN1cGVyb2ZmaWNlLmNvbSUyRkN1c3QyNjEwNCUyRkNTJTJGc2NyaXB0cyUyRmN1c3RvbWVyLmZjZ2klM0ZhY3Rpb24lM0Rmb3JtJTI2aWQlM0RGLVJEYnlvdHlNJTI3JTIwZGVmZXIlM0UlM0MlMkZzY3JpcHQlM0U=[\/vc_raw_html][\/vc_column][\/vc_row]\" \/>\n<meta property=\"og:url\" content=\"https:\/\/www.via-alpina.org\/sl\/skupnost\/ostani-na-tekocem\/\" \/>\n<meta property=\"og:site_name\" content=\"Via Alpina\" \/>\n<meta name=\"twitter:card\" content=\"summary_large_image\" \/>\n<meta name=\"twitter:label1\" content=\"Est. reading time\" \/>\n\t<meta name=\"twitter:data1\" content=\"1 minuta\" \/>\n<script type=\"application\/ld+json\" class=\"yoast-schema-graph\">{\"@context\":\"https:\\\/\\\/schema.org\",\"@graph\":[{\"@type\":\"WebPage\",\"@id\":\"https:\\\/\\\/www.via-alpina.org\\\/sl\\\/skupnost\\\/ostani-na-tekocem\\\/\",\"url\":\"https:\\\/\\\/www.via-alpina.org\\\/sl\\\/skupnost\\\/ostani-na-tekocem\\\/\",\"name\":\"Ostani na teko\u010dem - Via Alpina\",\"isPartOf\":{\"@id\":\"https:\\\/\\\/www.via-alpina.org\\\/#website\"},\"datePublished\":\"2026-04-01T14:09:59+00:00\",\"breadcrumb\":{\"@id\":\"https:\\\/\\\/www.via-alpina.org\\\/sl\\\/skupnost\\\/ostani-na-tekocem\\\/#breadcrumb\"},\"inLanguage\":\"sl-SI\",\"potentialAction\":[{\"@type\":\"ReadAction\",\"target\":[\"https:\\\/\\\/www.via-alpina.org\\\/sl\\\/skupnost\\\/ostani-na-tekocem\\\/\"]}]},{\"@type\":\"BreadcrumbList\",\"@id\":\"https:\\\/\\\/www.via-alpina.org\\\/sl\\\/skupnost\\\/ostani-na-tekocem\\\/#breadcrumb\",\"itemListElement\":[{\"@type\":\"ListItem\",\"position\":1,\"name\":\"Home\",\"item\":\"https:\\\/\\\/www.via-alpina.org\\\/sl\\\/\"},{\"@type\":\"ListItem\",\"position\":2,\"name\":\"Skupnost\",\"item\":\"https:\\\/\\\/www.via-alpina.org\\\/community\\\/\"},{\"@type\":\"ListItem\",\"position\":3,\"name\":\"Ostani na teko\u010dem\"}]},{\"@type\":\"WebSite\",\"@id\":\"https:\\\/\\\/www.via-alpina.org\\\/#website\",\"url\":\"https:\\\/\\\/www.via-alpina.org\\\/\",\"name\":\"Via Alpina\",\"description\":\"\u0160e eno spleti\u0161\u010de WordPress\",\"potentialAction\":[{\"@type\":\"SearchAction\",\"target\":{\"@type\":\"EntryPoint\",\"urlTemplate\":\"https:\\\/\\\/www.via-alpina.org\\\/?s={search_term_string}\"},\"query-input\":{\"@type\":\"PropertyValueSpecification\",\"valueRequired\":true,\"valueName\":\"search_term_string\"}}],\"inLanguage\":\"sl-SI\"}]}<\/script>\n<!-- \/ Yoast SEO plugin. -->","yoast_head_json":{"title":"Ostani na teko\u010dem - Via Alpina","description":"\u017deli\u0161 prejemati najnovej\u0161e novice in posodobitve o Via Alpini? Vpi\u0161i se na na\u0161o po\u0161tno listo!JTNDc2NyaXB0JTIwc3JjJTNEJTI3aHR0cHMlM0ElMkYlMkZvbmxpbmUyLnN1cGVyb2ZmaWNlLmNvbSUyRkN1c3QyNjEwNCUyRkNTJTJGc2NyaXB0cyUyRmN1c3RvbWVyLmZjZ2klM0ZhY3Rpb24lM0Rmb3JtJTI2aWQlM0RGLVJEYnlvdHlNJTI3JTIwZGVmZXIlM0UlM0MlMkZzY3JpcHQlM0U=","robots":{"index":"index","follow":"follow","max-snippet":"max-snippet:-1","max-image-preview":"max-image-preview:large","max-video-preview":"max-video-preview:-1"},"canonical":"https:\/\/www.via-alpina.org\/sl\/skupnost\/ostani-na-tekocem\/","og_locale":"sl_SI","og_type":"article","og_title":"Ostani na teko\u010dem - Via Alpina","og_description":"[vc_row full_width=&#8221;stretch_row_content_no_spaces&#8221; el_class=&#8221;sp-page-title&#8221;][vc_column][\/vc_column][\/vc_row][vc_row][vc_column][vc_column_text][\/vc_column_text][vc_empty_space][\/vc_column][\/vc_row][vc_row][vc_column width=&#8221;1\/2&#8243;][vc_column_text]\u017deli\u0161 prejemati najnovej\u0161e novice in posodobitve o Via Alpini? Vpi\u0161i se na na\u0161o po\u0161tno listo![\/vc_column_text][\/vc_column][vc_column width=&#8221;1\/2&#8243;][vc_raw_html]JTNDc2NyaXB0JTIwc3JjJTNEJTI3aHR0cHMlM0ElMkYlMkZvbmxpbmUyLnN1cGVyb2ZmaWNlLmNvbSUyRkN1c3QyNjEwNCUyRkNTJTJGc2NyaXB0cyUyRmN1c3RvbWVyLmZjZ2klM0ZhY3Rpb24lM0Rmb3JtJTI2aWQlM0RGLVJEYnlvdHlNJTI3JTIwZGVmZXIlM0UlM0MlMkZzY3JpcHQlM0U=[\/vc_raw_html][\/vc_column][\/vc_row]","og_url":"https:\/\/www.via-alpina.org\/sl\/skupnost\/ostani-na-tekocem\/","og_site_name":"Via Alpina","twitter_card":"summary_large_image","twitter_misc":{"Est. reading time":"1 minuta"},"schema":{"@context":"https:\/\/schema.org","@graph":[{"@type":"WebPage","@id":"https:\/\/www.via-alpina.org\/sl\/skupnost\/ostani-na-tekocem\/","url":"https:\/\/www.via-alpina.org\/sl\/skupnost\/ostani-na-tekocem\/","name":"Ostani na teko\u010dem - Via Alpina","isPartOf":{"@id":"https:\/\/www.via-alpina.org\/#website"},"datePublished":"2026-04-01T14:09:59+00:00","breadcrumb":{"@id":"https:\/\/www.via-alpina.org\/sl\/skupnost\/ostani-na-tekocem\/#breadcrumb"},"inLanguage":"sl-SI","potentialAction":[{"@type":"ReadAction","target":["https:\/\/www.via-alpina.org\/sl\/skupnost\/ostani-na-tekocem\/"]}]},{"@type":"BreadcrumbList","@id":"https:\/\/www.via-alpina.org\/sl\/skupnost\/ostani-na-tekocem\/#breadcrumb","itemListElement":[{"@type":"ListItem","position":1,"name":"Home","item":"https:\/\/www.via-alpina.org\/sl\/"},{"@type":"ListItem","position":2,"name":"Skupnost","item":"https:\/\/www.via-alpina.org\/community\/"},{"@type":"ListItem","position":3,"name":"Ostani na teko\u010dem"}]},{"@type":"WebSite","@id":"https:\/\/www.via-alpina.org\/#website","url":"https:\/\/www.via-alpina.org\/","name":"Via Alpina","description":"\u0160e eno spleti\u0161\u010de WordPress","potentialAction":[{"@type":"SearchAction","target":{"@type":"EntryPoint","urlTemplate":"https:\/\/www.via-alpina.org\/?s={search_term_string}"},"query-input":{"@type":"PropertyValueSpecification","valueRequired":true,"valueName":"search_term_string"}}],"inLanguage":"sl-SI"}]}},"_links":{"self":[{"href":"https:\/\/www.via-alpina.org\/sl\/wp-json\/wp\/v2\/pages\/4128","targetHints":{"allow":["GET"]}}],"collection":[{"href":"https:\/\/www.via-alpina.org\/sl\/wp-json\/wp\/v2\/pages"}],"about":[{"href":"https:\/\/www.via-alpina.org\/sl\/wp-json\/wp\/v2\/types\/page"}],"author":[{"embeddable":true,"href":"https:\/\/www.via-alpina.org\/sl\/wp-json\/wp\/v2\/users\/6"}],"replies":[{"embeddable":true,"href":"https:\/\/www.via-alpina.org\/sl\/wp-json\/wp\/v2\/comments?post=4128"}],"version-history":[{"count":5,"href":"https:\/\/www.via-alpina.org\/sl\/wp-json\/wp\/v2\/pages\/4128\/revisions"}],"predecessor-version":[{"id":4228,"href":"https:\/\/www.via-alpina.org\/sl\/wp-json\/wp\/v2\/pages\/4128\/revisions\/4228"}],"up":[{"embeddable":true,"href":"https:\/\/www.via-alpina.org\/sl\/wp-json\/wp\/v2\/pages\/2288"}],"wp:attachment":[{"href":"https:\/\/www.via-alpina.org\/sl\/wp-json\/wp\/v2\/media?parent=4128"}],"curies":[{"name":"wp","href":"https:\/\/api.w.org\/{rel}","templated":true}]}}