{"id":4119,"date":"2026-04-01T16:08:12","date_gmt":"2026-04-01T14:08:12","guid":{"rendered":"https:\/\/www.via-alpina.org\/?page_id=4119"},"modified":"2026-04-01T16:08:12","modified_gmt":"2026-04-01T14:08:12","slug":"prispevaj-donacijo","status":"publish","type":"page","link":"https:\/\/www.via-alpina.org\/sl\/via-alpina\/prispevaj-donacijo\/","title":{"rendered":"Prispevaj donacijo"},"content":{"rendered":"<div class=\"wpb-content-wrapper\"><p>[vc_row full_width=&#8221;stretch_row_content_no_spaces&#8221; el_class=&#8221;sp-page-title&#8221;][vc_column]\t\t\n\t\t<div class=\"title-banner\" style=\"background-image: linear-gradient(rgba(0, 0, 0, 0.2),rgba(0, 0, 0, 0.3)),url(https:\/\/www.via-alpina.org\/wp-content\/uploads\/2026\/03\/20250807_1718341-Yanis-ESSAOUDI-CARRA-scaled-e1772617031411.jpg);\">\n\t\t<span class=\"banner-caption\">(c) Yanis Essaoudi Carra<\/span>\n\t\t<\/div>\n\t\t<div class=\"container container-for-crumbs\">\n\t\t\t\t<div class=\"breadcrumbs-container\">\n\t\t\t\t\t\t<div class=\"breadcrumbs\">\n\t\t\t\t\t\t\t\n\t<ul class=\"ns-breadcrumbs\">\n\t\t\t<li><a href=\"https:\/\/www.via-alpina.org\/sl\/\">Domov<\/a><\/li>\n\t\t\t\t\t<li><a href=\"https:\/\/www.via-alpina.org\/sl\/via-alpina\/\">Via Alpina<\/a><\/li>\n\t\t\t\t<li>Prispevaj donacijo<\/li>\n\t<\/ul>\n\t\n\t\t\t\t\t\t\t\t<div class=\"clearfix\"><\/div>\n\t\t\t\t\t\t<\/div>\n\t\t\t\t<\/div>\n\t\t\t\t<h1 class=\"entry-title\">Prispevaj donacijo<\/h1>\n\t\t\t\t\t\t<\/div>\n\n\t\t[\/vc_column][\/vc_row][vc_row][vc_column][vc_column_text][\/vc_column_text][vc_empty_space][\/vc_column][\/vc_row][vc_row][vc_column width=&#8221;1\/2&#8243;][vc_column_text]<strong><span class=\"font-semibold\">Pomagaj nam ohraniti Via Alpino pri \u017eivljenju \u2013 s svojo podporo!<\/span><\/strong><\/p>\n<p>Via Alpina jo vzdr\u017eujejo predvsem predani <a href=\"https:\/\/www.via-alpina.org\/sl\/kdo-smo\/\">prostovoljci<\/a>, ki posodabljajo informacije o poteh, upravljajo spletno stran in dru\u017ebena omre\u017eja ter razvijajo nove dejavnosti in projekte. Tvoja donacija spodbuja njihovo predanost in zagotavlja, da ta ikoni\u010dna pohodni\u0161ka pot ostaja dostopna, zanesljiva in vir navdiha za pohodnike po Alpah![\/vc_column_text][\/vc_column][vc_column width=&#8221;1\/2&#8243;][vc_raw_html]PHNjcmlwdCB0eXBlPSJtb2R1bGUiIHNyYz0iaHR0cHM6Ly9kb25vcmJveC5vcmcvd2lkZ2V0cy5qcyIgYXN5bmM9IiI+PC9zY3JpcHQ+PGRib3gtd2lkZ2V0IGNhbXBhaWduPSJ2aWFhbHBpbmEiIHR5cGU9ImRvbmF0aW9uX2Zvcm0iIGVuYWJsZS1hdXRvLXNjcm9sbD0idHJ1ZSI+PC9kYm94LXdpZGdldD4=[\/vc_raw_html][\/vc_column][\/vc_row]<\/p>\n<\/div>","protected":false},"excerpt":{"rendered":"<p>[vc_row full_width=&#8221;stretch_row_content_no_spaces&#8221; el_class=&#8221;sp-page-title&#8221;][vc_column][\/vc_column][\/vc_row][vc_row][vc_column][vc_column_text][\/vc_column_text][vc_empty_space][\/vc_column][\/vc_row][vc_row][vc_column width=&#8221;1\/2&#8243;][vc_column_text]Pomagaj nam ohraniti Via Alpino pri \u017eivljenju \u2013 s svojo podporo! Via Alpina jo vzdr\u017eujejo predvsem predani prostovoljci, ki posodabljajo informacije o poteh, upravljajo spletno stran in dru\u017ebena omre\u017eja ter razvijajo nove dejavnosti in projekte. Tvoja donacija spodbuja njihovo predanost in zagotavlja, da ta ikoni\u010dna pohodni\u0161ka pot ostaja dostopna, zanesljiva in vir navdiha za pohodnike po Alpah![\/vc_column_text][\/vc_column][vc_column width=&#8221;1\/2&#8243;][vc_raw_html]PHNjcmlwdCB0eXBlPSJtb2R1bGUiIHNyYz0iaHR0cHM6Ly9kb25vcmJveC5vcmcvd2lkZ2V0cy5qcyIgYXN5bmM9IiI+PC9zY3JpcHQ+PGRib3gtd2lkZ2V0IGNhbXBhaWduPSJ2aWFhbHBpbmEiIHR5cGU9ImRvbmF0aW9uX2Zvcm0iIGVuYWJsZS1hdXRvLXNjcm9sbD0idHJ1ZSI+PC9kYm94LXdpZGdldD4=[\/vc_raw_html][\/vc_column][\/vc_row]<\/p>\n","protected":false},"author":6,"featured_media":0,"parent":2104,"menu_order":0,"comment_status":"closed","ping_status":"closed","template":"","meta":{"footnotes":""},"class_list":["post-4119","page","type-page","status-publish","hentry"],"yoast_head":"<!-- This site is optimized with the Yoast SEO plugin v27.3 - https:\/\/yoast.com\/product\/yoast-seo-wordpress\/ -->\n<title>Prispevaj donacijo - Via Alpina<\/title>\n<meta name=\"description\" content=\"Pomagaj nam ohraniti Via Alpino pri \u017eivljenju \u2013 s svojo podporo! Via Alpina jo vzdr\u017eujejo predvsem predani prostovoljci, ki posodabljajo informacije o poteh, upravljajo spletno stran in dru\u017ebena omre\u017eja ter\" \/>\n<meta name=\"robots\" content=\"index, follow, max-snippet:-1, max-image-preview:large, max-video-preview:-1\" \/>\n<link rel=\"canonical\" href=\"https:\/\/www.via-alpina.org\/sl\/via-alpina\/prispevaj-donacijo\/\" \/>\n<meta property=\"og:locale\" content=\"sl_SI\" \/>\n<meta property=\"og:type\" content=\"article\" \/>\n<meta property=\"og:title\" content=\"Prispevaj donacijo - Via Alpina\" \/>\n<meta property=\"og:description\" content=\"[vc_row full_width=&#8221;stretch_row_content_no_spaces&#8221; el_class=&#8221;sp-page-title&#8221;][vc_column][\/vc_column][\/vc_row][vc_row][vc_column][vc_column_text][\/vc_column_text][vc_empty_space][\/vc_column][\/vc_row][vc_row][vc_column width=&#8221;1\/2&#8243;][vc_column_text]Pomagaj nam ohraniti Via Alpino pri \u017eivljenju \u2013 s svojo podporo! Via Alpina jo vzdr\u017eujejo predvsem predani prostovoljci, ki posodabljajo informacije o poteh, upravljajo spletno stran in dru\u017ebena omre\u017eja ter razvijajo nove dejavnosti in projekte. Tvoja donacija spodbuja njihovo predanost in zagotavlja, da ta ikoni\u010dna pohodni\u0161ka pot ostaja dostopna, zanesljiva in vir navdiha za pohodnike po Alpah![\/vc_column_text][\/vc_column][vc_column width=&#8221;1\/2&#8243;][vc_raw_html]PHNjcmlwdCB0eXBlPSJtb2R1bGUiIHNyYz0iaHR0cHM6Ly9kb25vcmJveC5vcmcvd2lkZ2V0cy5qcyIgYXN5bmM9IiI+PC9zY3JpcHQ+PGRib3gtd2lkZ2V0IGNhbXBhaWduPSJ2aWFhbHBpbmEiIHR5cGU9ImRvbmF0aW9uX2Zvcm0iIGVuYWJsZS1hdXRvLXNjcm9sbD0idHJ1ZSI+PC9kYm94LXdpZGdldD4=[\/vc_raw_html][\/vc_column][\/vc_row]\" \/>\n<meta property=\"og:url\" content=\"https:\/\/www.via-alpina.org\/sl\/via-alpina\/prispevaj-donacijo\/\" \/>\n<meta property=\"og:site_name\" content=\"Via Alpina\" \/>\n<meta name=\"twitter:card\" content=\"summary_large_image\" \/>\n<meta name=\"twitter:label1\" content=\"Est. reading time\" \/>\n\t<meta name=\"twitter:data1\" content=\"1 minuta\" \/>\n<script type=\"application\/ld+json\" class=\"yoast-schema-graph\">{\"@context\":\"https:\\\/\\\/schema.org\",\"@graph\":[{\"@type\":\"WebPage\",\"@id\":\"https:\\\/\\\/www.via-alpina.org\\\/sl\\\/via-alpina\\\/prispevaj-donacijo\\\/\",\"url\":\"https:\\\/\\\/www.via-alpina.org\\\/sl\\\/via-alpina\\\/prispevaj-donacijo\\\/\",\"name\":\"Prispevaj donacijo - Via Alpina\",\"isPartOf\":{\"@id\":\"https:\\\/\\\/www.via-alpina.org\\\/#website\"},\"datePublished\":\"2026-04-01T14:08:12+00:00\",\"breadcrumb\":{\"@id\":\"https:\\\/\\\/www.via-alpina.org\\\/sl\\\/via-alpina\\\/prispevaj-donacijo\\\/#breadcrumb\"},\"inLanguage\":\"sl-SI\",\"potentialAction\":[{\"@type\":\"ReadAction\",\"target\":[\"https:\\\/\\\/www.via-alpina.org\\\/sl\\\/via-alpina\\\/prispevaj-donacijo\\\/\"]}]},{\"@type\":\"BreadcrumbList\",\"@id\":\"https:\\\/\\\/www.via-alpina.org\\\/sl\\\/via-alpina\\\/prispevaj-donacijo\\\/#breadcrumb\",\"itemListElement\":[{\"@type\":\"ListItem\",\"position\":1,\"name\":\"Home\",\"item\":\"https:\\\/\\\/www.via-alpina.org\\\/sl\\\/\"},{\"@type\":\"ListItem\",\"position\":2,\"name\":\"Via Alpina\",\"item\":\"https:\\\/\\\/www.via-alpina.org\\\/via-alpina\\\/\"},{\"@type\":\"ListItem\",\"position\":3,\"name\":\"Prispevaj donacijo\"}]},{\"@type\":\"WebSite\",\"@id\":\"https:\\\/\\\/www.via-alpina.org\\\/#website\",\"url\":\"https:\\\/\\\/www.via-alpina.org\\\/\",\"name\":\"Via Alpina\",\"description\":\"\u0160e eno spleti\u0161\u010de WordPress\",\"potentialAction\":[{\"@type\":\"SearchAction\",\"target\":{\"@type\":\"EntryPoint\",\"urlTemplate\":\"https:\\\/\\\/www.via-alpina.org\\\/?s={search_term_string}\"},\"query-input\":{\"@type\":\"PropertyValueSpecification\",\"valueRequired\":true,\"valueName\":\"search_term_string\"}}],\"inLanguage\":\"sl-SI\"}]}<\/script>\n<!-- \/ Yoast SEO plugin. -->","yoast_head_json":{"title":"Prispevaj donacijo - Via Alpina","description":"Pomagaj nam ohraniti Via Alpino pri \u017eivljenju \u2013 s svojo podporo! Via Alpina jo vzdr\u017eujejo predvsem predani prostovoljci, ki posodabljajo informacije o poteh, upravljajo spletno stran in dru\u017ebena omre\u017eja ter","robots":{"index":"index","follow":"follow","max-snippet":"max-snippet:-1","max-image-preview":"max-image-preview:large","max-video-preview":"max-video-preview:-1"},"canonical":"https:\/\/www.via-alpina.org\/sl\/via-alpina\/prispevaj-donacijo\/","og_locale":"sl_SI","og_type":"article","og_title":"Prispevaj donacijo - Via Alpina","og_description":"[vc_row full_width=&#8221;stretch_row_content_no_spaces&#8221; el_class=&#8221;sp-page-title&#8221;][vc_column][\/vc_column][\/vc_row][vc_row][vc_column][vc_column_text][\/vc_column_text][vc_empty_space][\/vc_column][\/vc_row][vc_row][vc_column width=&#8221;1\/2&#8243;][vc_column_text]Pomagaj nam ohraniti Via Alpino pri \u017eivljenju \u2013 s svojo podporo! Via Alpina jo vzdr\u017eujejo predvsem predani prostovoljci, ki posodabljajo informacije o poteh, upravljajo spletno stran in dru\u017ebena omre\u017eja ter razvijajo nove dejavnosti in projekte. Tvoja donacija spodbuja njihovo predanost in zagotavlja, da ta ikoni\u010dna pohodni\u0161ka pot ostaja dostopna, zanesljiva in vir navdiha za pohodnike po Alpah![\/vc_column_text][\/vc_column][vc_column width=&#8221;1\/2&#8243;][vc_raw_html]PHNjcmlwdCB0eXBlPSJtb2R1bGUiIHNyYz0iaHR0cHM6Ly9kb25vcmJveC5vcmcvd2lkZ2V0cy5qcyIgYXN5bmM9IiI+PC9zY3JpcHQ+PGRib3gtd2lkZ2V0IGNhbXBhaWduPSJ2aWFhbHBpbmEiIHR5cGU9ImRvbmF0aW9uX2Zvcm0iIGVuYWJsZS1hdXRvLXNjcm9sbD0idHJ1ZSI+PC9kYm94LXdpZGdldD4=[\/vc_raw_html][\/vc_column][\/vc_row]","og_url":"https:\/\/www.via-alpina.org\/sl\/via-alpina\/prispevaj-donacijo\/","og_site_name":"Via Alpina","twitter_card":"summary_large_image","twitter_misc":{"Est. reading time":"1 minuta"},"schema":{"@context":"https:\/\/schema.org","@graph":[{"@type":"WebPage","@id":"https:\/\/www.via-alpina.org\/sl\/via-alpina\/prispevaj-donacijo\/","url":"https:\/\/www.via-alpina.org\/sl\/via-alpina\/prispevaj-donacijo\/","name":"Prispevaj donacijo - Via Alpina","isPartOf":{"@id":"https:\/\/www.via-alpina.org\/#website"},"datePublished":"2026-04-01T14:08:12+00:00","breadcrumb":{"@id":"https:\/\/www.via-alpina.org\/sl\/via-alpina\/prispevaj-donacijo\/#breadcrumb"},"inLanguage":"sl-SI","potentialAction":[{"@type":"ReadAction","target":["https:\/\/www.via-alpina.org\/sl\/via-alpina\/prispevaj-donacijo\/"]}]},{"@type":"BreadcrumbList","@id":"https:\/\/www.via-alpina.org\/sl\/via-alpina\/prispevaj-donacijo\/#breadcrumb","itemListElement":[{"@type":"ListItem","position":1,"name":"Home","item":"https:\/\/www.via-alpina.org\/sl\/"},{"@type":"ListItem","position":2,"name":"Via Alpina","item":"https:\/\/www.via-alpina.org\/via-alpina\/"},{"@type":"ListItem","position":3,"name":"Prispevaj donacijo"}]},{"@type":"WebSite","@id":"https:\/\/www.via-alpina.org\/#website","url":"https:\/\/www.via-alpina.org\/","name":"Via Alpina","description":"\u0160e eno spleti\u0161\u010de WordPress","potentialAction":[{"@type":"SearchAction","target":{"@type":"EntryPoint","urlTemplate":"https:\/\/www.via-alpina.org\/?s={search_term_string}"},"query-input":{"@type":"PropertyValueSpecification","valueRequired":true,"valueName":"search_term_string"}}],"inLanguage":"sl-SI"}]}},"_links":{"self":[{"href":"https:\/\/www.via-alpina.org\/sl\/wp-json\/wp\/v2\/pages\/4119","targetHints":{"allow":["GET"]}}],"collection":[{"href":"https:\/\/www.via-alpina.org\/sl\/wp-json\/wp\/v2\/pages"}],"about":[{"href":"https:\/\/www.via-alpina.org\/sl\/wp-json\/wp\/v2\/types\/page"}],"author":[{"embeddable":true,"href":"https:\/\/www.via-alpina.org\/sl\/wp-json\/wp\/v2\/users\/6"}],"replies":[{"embeddable":true,"href":"https:\/\/www.via-alpina.org\/sl\/wp-json\/wp\/v2\/comments?post=4119"}],"version-history":[{"count":5,"href":"https:\/\/www.via-alpina.org\/sl\/wp-json\/wp\/v2\/pages\/4119\/revisions"}],"predecessor-version":[{"id":4366,"href":"https:\/\/www.via-alpina.org\/sl\/wp-json\/wp\/v2\/pages\/4119\/revisions\/4366"}],"up":[{"embeddable":true,"href":"https:\/\/www.via-alpina.org\/sl\/wp-json\/wp\/v2\/pages\/2104"}],"wp:attachment":[{"href":"https:\/\/www.via-alpina.org\/sl\/wp-json\/wp\/v2\/media?parent=4119"}],"curies":[{"name":"wp","href":"https:\/\/api.w.org\/{rel}","templated":true}]}}