{"id":3848,"date":"2026-04-01T15:18:27","date_gmt":"2026-04-01T13:18:27","guid":{"rendered":"https:\/\/www.via-alpina.org\/?page_id=3848"},"modified":"2026-04-01T15:18:27","modified_gmt":"2026-04-01T13:18:27","slug":"odgovorno-bivakiranje","status":"publish","type":"page","link":"https:\/\/www.via-alpina.org\/sl\/pot\/odgovorno-bivakiranje\/","title":{"rendered":"Odgovorno bivakiranje"},"content":{"rendered":"<div class=\"wpb-content-wrapper\"><p>[vc_row full_width=&#8221;stretch_row_content_no_spaces&#8221; el_class=&#8221;sp-page-title&#8221;][vc_column]\t\t\n\t\t<div class=\"title-banner\" style=\"background-image: linear-gradient(rgba(0, 0, 0, 0.2),rgba(0, 0, 0, 0.3)),url(https:\/\/www.via-alpina.org\/wp-content\/uploads\/2026\/02\/IMG_20250918_075258956-spip-roux-scaled.jpg);\">\n\t\t<span class=\"banner-caption\">\u00a9 L\u00e9o Chabert<\/span>\n\t\t<\/div>\n\t\t<div class=\"container container-for-crumbs\">\n\t\t\t\t<div class=\"breadcrumbs-container\">\n\t\t\t\t\t\t<div class=\"breadcrumbs\">\n\t\t\t\t\t\t\t\n\t<ul class=\"ns-breadcrumbs\">\n\t\t\t<li><a href=\"https:\/\/www.via-alpina.org\/sl\/\">Domov<\/a><\/li>\n\t\t\t\t\t<li><a href=\"https:\/\/www.via-alpina.org\/sl\/pot\/\">Pot<\/a><\/li>\n\t\t\t\t<li>Odgovorno bivakiranje<\/li>\n\t<\/ul>\n\t\n\t\t\t\t\t\t\t\t<div class=\"clearfix\"><\/div>\n\t\t\t\t\t\t<\/div>\n\t\t\t\t<\/div>\n\t\t\t\t<h1 class=\"entry-title\">Odgovorno bivakiranje<\/h1>\n\t\t\t\t\t\t<\/div>\n\n\t\t[\/vc_column][\/vc_row][vc_row][vc_column width=&#8221;1\/2&#8243;][vc_column_text]Bivakiranje je v modi \u2013 vendar je preno\u010devanje pod milim nebom lahko problemati\u010dno, zlasti v ob\u010dutljivih alpskih regijah. Nov, brezpla\u010den priro\u010dnik CIPRE ponuja informacije in priporo\u010dila, kako ravnati v skladu z naravo vzdol\u017e pohodni\u0161ke poti Via Alpina.<\/p>\n<p>Bivakiranje povsod v alpskem prostoru zakonsko ni dovoljeno, saj se pravila razlikujejo med dr\u017eavami in regijami. To je pomembno zlasti za pohodnike_ice na daljinskih pohodni\u0161kih poteh, kot je na primer Via Alpina. Ravno zato je CIPRA v okviru projekta <a href=\"https:\/\/www.cipra.org\/sl\/projekti\/via-alpina-youth-walking-the-change?set_language=sl\">\u00bbVia Alpina Youth\u00ab<\/a> skupaj z mladimi iz vseh alpskih dr\u017eav pripravila priro\u010dnik v angle\u0161kem jeziku.<\/p>\n<p>Zlasti v za\u0161\u010ditenih obmo\u010djih, kot so narodni parki, je bivakiranje ve\u010dinoma prepovedano \u2013 in to z dobrim razlogom: pretirane motnje ogro\u017eajo redke rastlinske vrste in \u017eivljenjski prostor divjih \u017eivali. Tudi dru\u017ebeni mediji igrajo vlogo: posebej idili\u010dne ali spektakularne fotografije preno\u010devanja pod milim nebom pogosto vodijo k posnemanju in s tem k obremenjevanju ter onesna\u017eevanju prikazanih krajev \u2013 mnogi od teh se nahajajo v naravnih rezervatih ali na mestih, kjer obstaja nevarnost padca.<\/p>\n<p>Priro\u010dnik pojasnjuje razlike med bivakiranjem, kampiranjem in taborjenjem, osvetljuje pravne predpise v alpskih dr\u017eavah in predstavlja alternative, kot so treking mesta ali bivak kabine.[\/vc_column_text][\/vc_column][vc_column width=&#8221;1\/2&#8243;][vc_single_image image=&#8221;3959&#8243; img_size=&#8221;large&#8221; add_caption=&#8221;yes&#8221; onclick=&#8221;custom_link&#8221; link=&#8221;https:\/\/www.cipra.org\/media\/files\/vay_bivouac_whitepaper_slo_final_2.pdf&#8221;]\t\t\n\t\t<a href=\"https:\/\/www.cipra.org\/media\/files\/vay_bivouac_whitepaper_slo_final_2.pdf\" target=\"_blank\" class=\"btn  btn-default btn-lg \" id=\"\">Download<\/a>\n\n\t\t[\/vc_column][\/vc_row][vc_row][vc_column][vc_column_text]V CIPRA podcastu Henriette Adolf pove, kaj je pomembno pri preno\u010devanju na prostem, in daje prakti\u010dne nasvete za naravi \u010dim bolj prijazno ravnanje. (Podkast je v nem\u0161\u010dini, prepis v angle\u0161\u010dini je na voljo\u00a0<a href=\"https:\/\/www.cipra.org\/media\/files\/podcast-transcript-responsible-bivouacking-along-the-via-alpina.pdf\">tukaj<\/a>).<\/p>\n<p><strong>Poslu\u0161ajte podkast:<\/strong>[\/vc_column_text][vc_raw_html]JTNDaWZyYW1lJTIwd2lkdGglM0QlMjIxMDAlMjUlMjIlMjBoZWlnaHQlM0QlMjIxNjYlMjIlMjBzY3JvbGxpbmclM0QlMjJubyUyMiUyMGZyYW1lYm9yZGVyJTNEJTIybm8lMjIlMjBhbGxvdyUzRCUyMmF1dG9wbGF5JTIyJTIwc3JjJTNEJTIyaHR0cHMlM0ElMkYlMkZ3LnNvdW5kY2xvdWQuY29tJTJGcGxheWVyJTJGJTNGdXJsJTNEaHR0cHMlMjUzQSUyRiUyRmFwaS5zb3VuZGNsb3VkLmNvbSUyRnRyYWNrcyUyRnNvdW5kY2xvdWQlMjUyNTNBdHJhY2tzJTI1MjUzQTIxMzM4MTU1ODklMjZjb2xvciUzRDlmYzgxZCUyNmhpZGVfcmVsYXRlZCUzRHRydWUlMjZzaG93X2NvbW1lbnRzJTNEZmFsc2UlMjZzaG93X3RlYXNlciUzRGZhbHNlJTIyJTNFJTNDJTJGaWZyYW1lJTNFJTNDZGl2JTIwc3R5bGUlM0QlMjJmb250LXNpemUlM0ElMjAxMHB4JTNCJTIwY29sb3IlM0ElMjAlMjNjY2NjY2MlM0JsaW5lLWJyZWFrJTNBJTIwYW55d2hlcmUlM0J3b3JkLWJyZWFrJTNBJTIwbm9ybWFsJTNCb3ZlcmZsb3clM0ElMjBoaWRkZW4lM0J3aGl0ZS1zcGFjZSUzQSUyMG5vd3JhcCUzQnRleHQtb3ZlcmZsb3clM0ElMjBlbGxpcHNpcyUzQiUyMGZvbnQtZmFtaWx5JTNBJTIwSW50ZXJzdGF0ZSUyQ0x1Y2lkYSUyMEdyYW5kZSUyQ0x1Y2lkYSUyMFNhbnMlMjBVbmljb2RlJTJDTHVjaWRhJTIwU2FucyUyQ0dhcnVkYSUyQ1ZlcmRhbmElMkNUYWhvbWElMkNzYW5zLXNlcmlmJTNCZm9udC13ZWlnaHQlM0ElMjAxMDAlM0IlMjIlM0UlM0NhJTIwaHJlZiUzRCUyMmh0dHBzJTNBJTJGJTJGc291bmRjbG91ZC5jb20lMkZjaXByYV9pbnRlcm5hdGlvbmFsJTIyJTIwdGl0bGUlM0QlMjJDSVBSQSUyMEludGVybmF0aW9uYWwlMjIlMjB0YXJnZXQlM0QlMjJfYmxhbmslMjIlMjBzdHlsZSUzRCUyMmNvbG9yJTNBJTIwJTIzY2NjY2NjJTNCJTIwdGV4dC1kZWNvcmF0aW9uJTNBJTIwbm9uZSUzQiUyMiUzRUNJUFJBJTIwSW50ZXJuYXRpb25hbCUzQyUyRmElM0UlMjAlQzIlQjclMjAlM0NhJTIwaHJlZiUzRCUyMmh0dHBzJTNBJTJGJTJGc291bmRjbG91ZC5jb20lMkZjaXByYV9pbnRlcm5hdGlvbmFsJTJGODYtZGUtdmVyYW50d29ydHVuZ3N2b2xsZXMtYml3YWtpZXJlbi1lbnRsYW5nLWRlci12aWEtYWxwaW5hJTIyJTIwdGl0bGUlM0QlMjIlMjM4NiUyMCUyOGRlJTI5JTIwVmVyYW50d29ydHVuZ3N2b2xsZXMlMjBCaXdha2llcmVuJTIwZW50bGFuZyUyMGRlciUyMFZpYSUyMEFscGluYSUyMiUyMHRhcmdldCUzRCUyMl9ibGFuayUyMiUyMHN0eWxlJTNEJTIyY29sb3IlM0ElMjAlMjNjY2NjY2MlM0IlMjB0ZXh0LWRlY29yYXRpb24lM0ElMjBub25lJTNCJTIyJTNFJTIzODYlMjAlMjhkZSUyOSUyMFZlcmFudHdvcnR1bmdzdm9sbGVzJTIwQml3YWtpZXJlbiUyMGVudGxhbmclMjBkZXIlMjBWaWElMjBBbHBpbmElM0MlMkZhJTNFJTNDJTJGZGl2JTNF[\/vc_raw_html][\/vc_column][\/vc_row]<\/p>\n<\/div>","protected":false},"excerpt":{"rendered":"<p>[vc_row full_width=&#8221;stretch_row_content_no_spaces&#8221; el_class=&#8221;sp-page-title&#8221;][vc_column][\/vc_column][\/vc_row][vc_row][vc_column width=&#8221;1\/2&#8243;][vc_column_text]Bivakiranje je v modi \u2013 vendar je preno\u010devanje pod milim nebom lahko problemati\u010dno, zlasti v ob\u010dutljivih alpskih regijah. Nov, brezpla\u010den priro\u010dnik CIPRE ponuja informacije in priporo\u010dila, kako ravnati v skladu z naravo vzdol\u017e pohodni\u0161ke poti Via Alpina. Bivakiranje povsod v alpskem prostoru zakonsko ni dovoljeno, saj se pravila razlikujejo med dr\u017eavami in regijami. To je pomembno zlasti za pohodnike_ice na daljinskih pohodni\u0161kih poteh, kot je na primer Via Alpina. Ravno zato je CIPRA v okviru projekta \u00bbVia Alpina Youth\u00ab skupaj z mladimi iz vseh alpskih dr\u017eav pripravila priro\u010dnik v angle\u0161kem jeziku. Zlasti v za\u0161\u010ditenih obmo\u010djih, kot so narodni parki, je bivakiranje ve\u010dinoma prepovedano \u2013 in to z dobrim razlogom: pretirane motnje ogro\u017eajo redke rastlinske vrste in \u017eivljenjski [&hellip;]<\/p>\n","protected":false},"author":6,"featured_media":0,"parent":2296,"menu_order":0,"comment_status":"closed","ping_status":"closed","template":"","meta":{"footnotes":""},"class_list":["post-3848","page","type-page","status-publish","hentry"],"yoast_head":"<!-- This site is optimized with the Yoast SEO plugin v27.3 - https:\/\/yoast.com\/product\/yoast-seo-wordpress\/ -->\n<title>Odgovorno bivakiranje - Via Alpina<\/title>\n<meta name=\"description\" content=\"Bivakiranje je v modi \u2013 vendar je preno\u010devanje pod milim nebom lahko problemati\u010dno, zlasti v ob\u010dutljivih alpskih regijah. Nov, brezpla\u010den priro\u010dnik CIPRE ponuja informacije in priporo\u010dila, kako ravnati v skladu\" \/>\n<meta name=\"robots\" content=\"index, follow, max-snippet:-1, max-image-preview:large, max-video-preview:-1\" \/>\n<link rel=\"canonical\" href=\"https:\/\/www.via-alpina.org\/sl\/pot\/odgovorno-bivakiranje\/\" \/>\n<meta property=\"og:locale\" content=\"sl_SI\" \/>\n<meta property=\"og:type\" content=\"article\" \/>\n<meta property=\"og:title\" content=\"Odgovorno bivakiranje - Via Alpina\" \/>\n<meta property=\"og:description\" content=\"[vc_row full_width=&#8221;stretch_row_content_no_spaces&#8221; el_class=&#8221;sp-page-title&#8221;][vc_column][\/vc_column][\/vc_row][vc_row][vc_column width=&#8221;1\/2&#8243;][vc_column_text]Bivakiranje je v modi \u2013 vendar je preno\u010devanje pod milim nebom lahko problemati\u010dno, zlasti v ob\u010dutljivih alpskih regijah. Nov, brezpla\u010den priro\u010dnik CIPRE ponuja informacije in priporo\u010dila, kako ravnati v skladu z naravo vzdol\u017e pohodni\u0161ke poti Via Alpina. Bivakiranje povsod v alpskem prostoru zakonsko ni dovoljeno, saj se pravila razlikujejo med dr\u017eavami in regijami. To je pomembno zlasti za pohodnike_ice na daljinskih pohodni\u0161kih poteh, kot je na primer Via Alpina. Ravno zato je CIPRA v okviru projekta \u00bbVia Alpina Youth\u00ab skupaj z mladimi iz vseh alpskih dr\u017eav pripravila priro\u010dnik v angle\u0161kem jeziku. Zlasti v za\u0161\u010ditenih obmo\u010djih, kot so narodni parki, je bivakiranje ve\u010dinoma prepovedano \u2013 in to z dobrim razlogom: pretirane motnje ogro\u017eajo redke rastlinske vrste in \u017eivljenjski [&hellip;]\" \/>\n<meta property=\"og:url\" content=\"https:\/\/www.via-alpina.org\/sl\/pot\/odgovorno-bivakiranje\/\" \/>\n<meta property=\"og:site_name\" content=\"Via Alpina\" \/>\n<meta name=\"twitter:card\" content=\"summary_large_image\" \/>\n<meta name=\"twitter:label1\" content=\"Est. reading time\" \/>\n\t<meta name=\"twitter:data1\" content=\"2 minuti\" \/>\n<script type=\"application\/ld+json\" class=\"yoast-schema-graph\">{\"@context\":\"https:\\\/\\\/schema.org\",\"@graph\":[{\"@type\":\"WebPage\",\"@id\":\"https:\\\/\\\/www.via-alpina.org\\\/sl\\\/pot\\\/odgovorno-bivakiranje\\\/\",\"url\":\"https:\\\/\\\/www.via-alpina.org\\\/sl\\\/pot\\\/odgovorno-bivakiranje\\\/\",\"name\":\"Odgovorno bivakiranje - Via Alpina\",\"isPartOf\":{\"@id\":\"https:\\\/\\\/www.via-alpina.org\\\/#website\"},\"datePublished\":\"2026-04-01T13:18:27+00:00\",\"breadcrumb\":{\"@id\":\"https:\\\/\\\/www.via-alpina.org\\\/sl\\\/pot\\\/odgovorno-bivakiranje\\\/#breadcrumb\"},\"inLanguage\":\"sl-SI\",\"potentialAction\":[{\"@type\":\"ReadAction\",\"target\":[\"https:\\\/\\\/www.via-alpina.org\\\/sl\\\/pot\\\/odgovorno-bivakiranje\\\/\"]}]},{\"@type\":\"BreadcrumbList\",\"@id\":\"https:\\\/\\\/www.via-alpina.org\\\/sl\\\/pot\\\/odgovorno-bivakiranje\\\/#breadcrumb\",\"itemListElement\":[{\"@type\":\"ListItem\",\"position\":1,\"name\":\"Home\",\"item\":\"https:\\\/\\\/www.via-alpina.org\\\/sl\\\/\"},{\"@type\":\"ListItem\",\"position\":2,\"name\":\"Pot\",\"item\":\"https:\\\/\\\/www.via-alpina.org\\\/sl\\\/pot\\\/\"},{\"@type\":\"ListItem\",\"position\":3,\"name\":\"Odgovorno bivakiranje\"}]},{\"@type\":\"WebSite\",\"@id\":\"https:\\\/\\\/www.via-alpina.org\\\/#website\",\"url\":\"https:\\\/\\\/www.via-alpina.org\\\/\",\"name\":\"Via Alpina\",\"description\":\"\u0160e eno spleti\u0161\u010de WordPress\",\"potentialAction\":[{\"@type\":\"SearchAction\",\"target\":{\"@type\":\"EntryPoint\",\"urlTemplate\":\"https:\\\/\\\/www.via-alpina.org\\\/?s={search_term_string}\"},\"query-input\":{\"@type\":\"PropertyValueSpecification\",\"valueRequired\":true,\"valueName\":\"search_term_string\"}}],\"inLanguage\":\"sl-SI\"}]}<\/script>\n<!-- \/ Yoast SEO plugin. -->","yoast_head_json":{"title":"Odgovorno bivakiranje - Via Alpina","description":"Bivakiranje je v modi \u2013 vendar je preno\u010devanje pod milim nebom lahko problemati\u010dno, zlasti v ob\u010dutljivih alpskih regijah. Nov, brezpla\u010den priro\u010dnik CIPRE ponuja informacije in priporo\u010dila, kako ravnati v skladu","robots":{"index":"index","follow":"follow","max-snippet":"max-snippet:-1","max-image-preview":"max-image-preview:large","max-video-preview":"max-video-preview:-1"},"canonical":"https:\/\/www.via-alpina.org\/sl\/pot\/odgovorno-bivakiranje\/","og_locale":"sl_SI","og_type":"article","og_title":"Odgovorno bivakiranje - Via Alpina","og_description":"[vc_row full_width=&#8221;stretch_row_content_no_spaces&#8221; el_class=&#8221;sp-page-title&#8221;][vc_column][\/vc_column][\/vc_row][vc_row][vc_column width=&#8221;1\/2&#8243;][vc_column_text]Bivakiranje je v modi \u2013 vendar je preno\u010devanje pod milim nebom lahko problemati\u010dno, zlasti v ob\u010dutljivih alpskih regijah. Nov, brezpla\u010den priro\u010dnik CIPRE ponuja informacije in priporo\u010dila, kako ravnati v skladu z naravo vzdol\u017e pohodni\u0161ke poti Via Alpina. Bivakiranje povsod v alpskem prostoru zakonsko ni dovoljeno, saj se pravila razlikujejo med dr\u017eavami in regijami. To je pomembno zlasti za pohodnike_ice na daljinskih pohodni\u0161kih poteh, kot je na primer Via Alpina. Ravno zato je CIPRA v okviru projekta \u00bbVia Alpina Youth\u00ab skupaj z mladimi iz vseh alpskih dr\u017eav pripravila priro\u010dnik v angle\u0161kem jeziku. Zlasti v za\u0161\u010ditenih obmo\u010djih, kot so narodni parki, je bivakiranje ve\u010dinoma prepovedano \u2013 in to z dobrim razlogom: pretirane motnje ogro\u017eajo redke rastlinske vrste in \u017eivljenjski [&hellip;]","og_url":"https:\/\/www.via-alpina.org\/sl\/pot\/odgovorno-bivakiranje\/","og_site_name":"Via Alpina","twitter_card":"summary_large_image","twitter_misc":{"Est. reading time":"2 minuti"},"schema":{"@context":"https:\/\/schema.org","@graph":[{"@type":"WebPage","@id":"https:\/\/www.via-alpina.org\/sl\/pot\/odgovorno-bivakiranje\/","url":"https:\/\/www.via-alpina.org\/sl\/pot\/odgovorno-bivakiranje\/","name":"Odgovorno bivakiranje - Via Alpina","isPartOf":{"@id":"https:\/\/www.via-alpina.org\/#website"},"datePublished":"2026-04-01T13:18:27+00:00","breadcrumb":{"@id":"https:\/\/www.via-alpina.org\/sl\/pot\/odgovorno-bivakiranje\/#breadcrumb"},"inLanguage":"sl-SI","potentialAction":[{"@type":"ReadAction","target":["https:\/\/www.via-alpina.org\/sl\/pot\/odgovorno-bivakiranje\/"]}]},{"@type":"BreadcrumbList","@id":"https:\/\/www.via-alpina.org\/sl\/pot\/odgovorno-bivakiranje\/#breadcrumb","itemListElement":[{"@type":"ListItem","position":1,"name":"Home","item":"https:\/\/www.via-alpina.org\/sl\/"},{"@type":"ListItem","position":2,"name":"Pot","item":"https:\/\/www.via-alpina.org\/sl\/pot\/"},{"@type":"ListItem","position":3,"name":"Odgovorno bivakiranje"}]},{"@type":"WebSite","@id":"https:\/\/www.via-alpina.org\/#website","url":"https:\/\/www.via-alpina.org\/","name":"Via Alpina","description":"\u0160e eno spleti\u0161\u010de WordPress","potentialAction":[{"@type":"SearchAction","target":{"@type":"EntryPoint","urlTemplate":"https:\/\/www.via-alpina.org\/?s={search_term_string}"},"query-input":{"@type":"PropertyValueSpecification","valueRequired":true,"valueName":"search_term_string"}}],"inLanguage":"sl-SI"}]}},"_links":{"self":[{"href":"https:\/\/www.via-alpina.org\/sl\/wp-json\/wp\/v2\/pages\/3848","targetHints":{"allow":["GET"]}}],"collection":[{"href":"https:\/\/www.via-alpina.org\/sl\/wp-json\/wp\/v2\/pages"}],"about":[{"href":"https:\/\/www.via-alpina.org\/sl\/wp-json\/wp\/v2\/types\/page"}],"author":[{"embeddable":true,"href":"https:\/\/www.via-alpina.org\/sl\/wp-json\/wp\/v2\/users\/6"}],"replies":[{"embeddable":true,"href":"https:\/\/www.via-alpina.org\/sl\/wp-json\/wp\/v2\/comments?post=3848"}],"version-history":[{"count":5,"href":"https:\/\/www.via-alpina.org\/sl\/wp-json\/wp\/v2\/pages\/3848\/revisions"}],"predecessor-version":[{"id":4070,"href":"https:\/\/www.via-alpina.org\/sl\/wp-json\/wp\/v2\/pages\/3848\/revisions\/4070"}],"up":[{"embeddable":true,"href":"https:\/\/www.via-alpina.org\/sl\/wp-json\/wp\/v2\/pages\/2296"}],"wp:attachment":[{"href":"https:\/\/www.via-alpina.org\/sl\/wp-json\/wp\/v2\/media?parent=3848"}],"curies":[{"name":"wp","href":"https:\/\/api.w.org\/{rel}","templated":true}]}}