{"id":3781,"date":"2026-01-07T16:14:33","date_gmt":"2026-01-07T15:14:33","guid":{"rendered":"https:\/\/www.via-alpina.org\/?page_id=3781"},"modified":"2026-01-08T16:55:51","modified_gmt":"2026-01-08T15:55:51","slug":"foto-in-video-kampanja-2","status":"publish","type":"page","link":"https:\/\/www.via-alpina.org\/sl\/skupnost\/foto-in-video-kampanja-2\/","title":{"rendered":"Fotografski in video nate\u010daj 2025"},"content":{"rendered":"<div class=\"wpb-content-wrapper\"><p>[vc_row full_width=&#8221;stretch_row_content_no_spaces&#8221; el_class=&#8221;sp-page-title&#8221;][vc_column]\t\t\n\t\t<div class=\"title-banner\" style=\"background-image: linear-gradient(rgba(0, 0, 0, 0.2),rgba(0, 0, 0, 0.3)),url(https:\/\/www.via-alpina.org\/wp-content\/uploads\/2025\/12\/undefined.jpg);\">\n\t\t<span class=\"banner-caption\"><\/span>\n\t\t<\/div>\n\t\t<div class=\"container container-for-crumbs\">\n\t\t\t\t<div class=\"breadcrumbs-container\">\n\t\t\t\t\t\t<div class=\"breadcrumbs\">\n\t\t\t\t\t\t\t\n\t<ul class=\"ns-breadcrumbs\">\n\t\t\t<li><a href=\"https:\/\/www.via-alpina.org\/sl\/\">Domov<\/a><\/li>\n\t\t\t\t\t<li><a href=\"https:\/\/www.via-alpina.org\/sl\/skupnost\/\">Skupnost<\/a><\/li>\n\t\t\t\t<li>Fotografski in video nate\u010daj 2025<\/li>\n\t<\/ul>\n\t\n\t\t\t\t\t\t\t\t<div class=\"clearfix\"><\/div>\n\t\t\t\t\t\t<\/div>\n\t\t\t\t<\/div>\n\t\t\t\t<h1 class=\"entry-title\">Fotografski in video nate\u010daj 2025<\/h1>\n\t\t\t\t\t\t<\/div>\n\n\t\t[\/vc_column][\/vc_row][vc_row][vc_column][vc_column_text]<\/p>\n<h2><b>Tales from the Trail: Winners Announced!<\/b><\/h2>\n<p>We are thrilled to announce this year\u2019s winners &#8211; for the full description please visit the english version of this page.<\/p>\n<blockquote>\n<p style=\"text-align: center;\">\n<\/blockquote>\n<p>[\/vc_column_text][vc_column_text]<\/p>\n<h3><b>1st Place \u2014 Prashant Madan (India)<\/b><\/h3>\n<p><b>Winning Film:<\/b> Showing Up<i><br \/>\n<\/i> <b>Score:<\/b> 62\/70[\/vc_column_text][vc_video link=&#8221;https:\/\/www.youtube.com\/watch?v=uIsbuqiIVLA&#8221; el_width=&#8221;80&#8243; align=&#8221;center&#8221;][vc_column_text]<\/p>\n<h3><b>2nd Place \u2014 Jesse Cases (USA)<\/b><\/h3>\n<p><b>Winning Photo:<\/b> Mountain goat at Baisse du Basto (Red Route)<br \/>\n<b>Score:<\/b> 58\/70[\/vc_column_text][vc_single_image image=&#8221;3800&#8243; img_size=&#8221;large&#8221; add_caption=&#8221;yes&#8221; alignment=&#8221;center&#8221; onclick=&#8221;img_link_large&#8221;][vc_column_text]<b>3rd Place \u2014 Chlo\u00e9 Perrillat (France)\u00a0<\/b>[\/vc_column_text][vc_single_image image=&#8221;3805&#8243; img_size=&#8221;large&#8221; add_caption=&#8221;yes&#8221; alignment=&#8221;center&#8221; onclick=&#8221;img_link_large&#8221;][vc_column_text].[\/vc_column_text][vc_empty_space][\/vc_column][\/vc_row]<\/p>\n<\/div>","protected":false},"excerpt":{"rendered":"<p>[vc_row full_width=&#8221;stretch_row_content_no_spaces&#8221; el_class=&#8221;sp-page-title&#8221;][vc_column][\/vc_column][\/vc_row][vc_row][vc_column][vc_column_text] Tales from the Trail: Winners Announced! We are thrilled to announce this year\u2019s winners &#8211; for the full description please visit the english version of this page. [\/vc_column_text][vc_column_text] 1st Place \u2014 Prashant Madan (India) Winning Film: Showing Up Score: 62\/70[\/vc_column_text][vc_video link=&#8221;https:\/\/www.youtube.com\/watch?v=uIsbuqiIVLA&#8221; el_width=&#8221;80&#8243; align=&#8221;center&#8221;][vc_column_text] 2nd Place \u2014 Jesse Cases (USA) Winning Photo: Mountain goat at Baisse du Basto (Red Route) Score: 58\/70[\/vc_column_text][vc_single_image image=&#8221;3800&#8243; img_size=&#8221;large&#8221; add_caption=&#8221;yes&#8221; alignment=&#8221;center&#8221; onclick=&#8221;img_link_large&#8221;][vc_column_text]3rd Place \u2014 Chlo\u00e9 Perrillat (France)\u00a0[\/vc_column_text][vc_single_image image=&#8221;3805&#8243; img_size=&#8221;large&#8221; add_caption=&#8221;yes&#8221; alignment=&#8221;center&#8221; onclick=&#8221;img_link_large&#8221;][vc_column_text].[\/vc_column_text][vc_empty_space][\/vc_column][\/vc_row]<\/p>\n","protected":false},"author":6,"featured_media":0,"parent":2288,"menu_order":1,"comment_status":"closed","ping_status":"closed","template":"","meta":{"footnotes":""},"class_list":["post-3781","page","type-page","status-publish","hentry"],"yoast_head":"<!-- This site is optimized with the Yoast SEO plugin v27.3 - https:\/\/yoast.com\/product\/yoast-seo-wordpress\/ -->\n<title>Fotografski in video nate\u010daj 2025 - Via Alpina<\/title>\n<meta name=\"description\" content=\"Tales from the Trail: Winners Announced! We are thrilled to announce this year\u2019s winners - for the full description please visit the english version of this page. 1st Place \u2014\" \/>\n<meta name=\"robots\" content=\"index, follow, max-snippet:-1, max-image-preview:large, max-video-preview:-1\" \/>\n<link rel=\"canonical\" href=\"https:\/\/www.via-alpina.org\/sl\/skupnost\/foto-in-video-kampanja-2\/\" \/>\n<meta property=\"og:locale\" content=\"sl_SI\" \/>\n<meta property=\"og:type\" content=\"article\" \/>\n<meta property=\"og:title\" content=\"Fotografski in video nate\u010daj 2025 - Via Alpina\" \/>\n<meta property=\"og:description\" content=\"[vc_row full_width=&#8221;stretch_row_content_no_spaces&#8221; el_class=&#8221;sp-page-title&#8221;][vc_column][\/vc_column][\/vc_row][vc_row][vc_column][vc_column_text] Tales from the Trail: Winners Announced! We are thrilled to announce this year\u2019s winners &#8211; for the full description please visit the english version of this page. [\/vc_column_text][vc_column_text] 1st Place \u2014 Prashant Madan (India) Winning Film: Showing Up Score: 62\/70[\/vc_column_text][vc_video link=&#8221;https:\/\/www.youtube.com\/watch?v=uIsbuqiIVLA&#8221; el_width=&#8221;80&#8243; align=&#8221;center&#8221;][vc_column_text] 2nd Place \u2014 Jesse Cases (USA) Winning Photo: Mountain goat at Baisse du Basto (Red Route) Score: 58\/70[\/vc_column_text][vc_single_image image=&#8221;3800&#8243; img_size=&#8221;large&#8221; add_caption=&#8221;yes&#8221; alignment=&#8221;center&#8221; onclick=&#8221;img_link_large&#8221;][vc_column_text]3rd Place \u2014 Chlo\u00e9 Perrillat (France)\u00a0[\/vc_column_text][vc_single_image image=&#8221;3805&#8243; img_size=&#8221;large&#8221; add_caption=&#8221;yes&#8221; alignment=&#8221;center&#8221; onclick=&#8221;img_link_large&#8221;][vc_column_text].[\/vc_column_text][vc_empty_space][\/vc_column][\/vc_row]\" \/>\n<meta property=\"og:url\" content=\"https:\/\/www.via-alpina.org\/sl\/skupnost\/foto-in-video-kampanja-2\/\" \/>\n<meta property=\"og:site_name\" content=\"Via Alpina\" \/>\n<meta property=\"article:modified_time\" content=\"2026-01-08T15:55:51+00:00\" \/>\n<meta name=\"twitter:card\" content=\"summary_large_image\" \/>\n<meta name=\"twitter:label1\" content=\"Est. reading time\" \/>\n\t<meta name=\"twitter:data1\" content=\"1 minuta\" \/>\n<script type=\"application\/ld+json\" class=\"yoast-schema-graph\">{\"@context\":\"https:\\\/\\\/schema.org\",\"@graph\":[{\"@type\":\"WebPage\",\"@id\":\"https:\\\/\\\/www.via-alpina.org\\\/sl\\\/skupnost\\\/foto-in-video-kampanja-2\\\/\",\"url\":\"https:\\\/\\\/www.via-alpina.org\\\/sl\\\/skupnost\\\/foto-in-video-kampanja-2\\\/\",\"name\":\"Fotografski in video nate\u010daj 2025 - Via Alpina\",\"isPartOf\":{\"@id\":\"https:\\\/\\\/www.via-alpina.org\\\/#website\"},\"datePublished\":\"2026-01-07T15:14:33+00:00\",\"dateModified\":\"2026-01-08T15:55:51+00:00\",\"breadcrumb\":{\"@id\":\"https:\\\/\\\/www.via-alpina.org\\\/sl\\\/skupnost\\\/foto-in-video-kampanja-2\\\/#breadcrumb\"},\"inLanguage\":\"sl-SI\",\"potentialAction\":[{\"@type\":\"ReadAction\",\"target\":[\"https:\\\/\\\/www.via-alpina.org\\\/sl\\\/skupnost\\\/foto-in-video-kampanja-2\\\/\"]}]},{\"@type\":\"BreadcrumbList\",\"@id\":\"https:\\\/\\\/www.via-alpina.org\\\/sl\\\/skupnost\\\/foto-in-video-kampanja-2\\\/#breadcrumb\",\"itemListElement\":[{\"@type\":\"ListItem\",\"position\":1,\"name\":\"Home\",\"item\":\"https:\\\/\\\/www.via-alpina.org\\\/sl\\\/\"},{\"@type\":\"ListItem\",\"position\":2,\"name\":\"Skupnost\",\"item\":\"https:\\\/\\\/www.via-alpina.org\\\/community\\\/\"},{\"@type\":\"ListItem\",\"position\":3,\"name\":\"Fotografski in video nate\u010daj 2025\"}]},{\"@type\":\"WebSite\",\"@id\":\"https:\\\/\\\/www.via-alpina.org\\\/#website\",\"url\":\"https:\\\/\\\/www.via-alpina.org\\\/\",\"name\":\"Via Alpina\",\"description\":\"\u0160e eno spleti\u0161\u010de WordPress\",\"potentialAction\":[{\"@type\":\"SearchAction\",\"target\":{\"@type\":\"EntryPoint\",\"urlTemplate\":\"https:\\\/\\\/www.via-alpina.org\\\/?s={search_term_string}\"},\"query-input\":{\"@type\":\"PropertyValueSpecification\",\"valueRequired\":true,\"valueName\":\"search_term_string\"}}],\"inLanguage\":\"sl-SI\"}]}<\/script>\n<!-- \/ Yoast SEO plugin. -->","yoast_head_json":{"title":"Fotografski in video nate\u010daj 2025 - Via Alpina","description":"Tales from the Trail: Winners Announced! We are thrilled to announce this year\u2019s winners - for the full description please visit the english version of this page. 1st Place \u2014","robots":{"index":"index","follow":"follow","max-snippet":"max-snippet:-1","max-image-preview":"max-image-preview:large","max-video-preview":"max-video-preview:-1"},"canonical":"https:\/\/www.via-alpina.org\/sl\/skupnost\/foto-in-video-kampanja-2\/","og_locale":"sl_SI","og_type":"article","og_title":"Fotografski in video nate\u010daj 2025 - Via Alpina","og_description":"[vc_row full_width=&#8221;stretch_row_content_no_spaces&#8221; el_class=&#8221;sp-page-title&#8221;][vc_column][\/vc_column][\/vc_row][vc_row][vc_column][vc_column_text] Tales from the Trail: Winners Announced! We are thrilled to announce this year\u2019s winners &#8211; for the full description please visit the english version of this page. [\/vc_column_text][vc_column_text] 1st Place \u2014 Prashant Madan (India) Winning Film: Showing Up Score: 62\/70[\/vc_column_text][vc_video link=&#8221;https:\/\/www.youtube.com\/watch?v=uIsbuqiIVLA&#8221; el_width=&#8221;80&#8243; align=&#8221;center&#8221;][vc_column_text] 2nd Place \u2014 Jesse Cases (USA) Winning Photo: Mountain goat at Baisse du Basto (Red Route) Score: 58\/70[\/vc_column_text][vc_single_image image=&#8221;3800&#8243; img_size=&#8221;large&#8221; add_caption=&#8221;yes&#8221; alignment=&#8221;center&#8221; onclick=&#8221;img_link_large&#8221;][vc_column_text]3rd Place \u2014 Chlo\u00e9 Perrillat (France)\u00a0[\/vc_column_text][vc_single_image image=&#8221;3805&#8243; img_size=&#8221;large&#8221; add_caption=&#8221;yes&#8221; alignment=&#8221;center&#8221; onclick=&#8221;img_link_large&#8221;][vc_column_text].[\/vc_column_text][vc_empty_space][\/vc_column][\/vc_row]","og_url":"https:\/\/www.via-alpina.org\/sl\/skupnost\/foto-in-video-kampanja-2\/","og_site_name":"Via Alpina","article_modified_time":"2026-01-08T15:55:51+00:00","twitter_card":"summary_large_image","twitter_misc":{"Est. reading time":"1 minuta"},"schema":{"@context":"https:\/\/schema.org","@graph":[{"@type":"WebPage","@id":"https:\/\/www.via-alpina.org\/sl\/skupnost\/foto-in-video-kampanja-2\/","url":"https:\/\/www.via-alpina.org\/sl\/skupnost\/foto-in-video-kampanja-2\/","name":"Fotografski in video nate\u010daj 2025 - Via Alpina","isPartOf":{"@id":"https:\/\/www.via-alpina.org\/#website"},"datePublished":"2026-01-07T15:14:33+00:00","dateModified":"2026-01-08T15:55:51+00:00","breadcrumb":{"@id":"https:\/\/www.via-alpina.org\/sl\/skupnost\/foto-in-video-kampanja-2\/#breadcrumb"},"inLanguage":"sl-SI","potentialAction":[{"@type":"ReadAction","target":["https:\/\/www.via-alpina.org\/sl\/skupnost\/foto-in-video-kampanja-2\/"]}]},{"@type":"BreadcrumbList","@id":"https:\/\/www.via-alpina.org\/sl\/skupnost\/foto-in-video-kampanja-2\/#breadcrumb","itemListElement":[{"@type":"ListItem","position":1,"name":"Home","item":"https:\/\/www.via-alpina.org\/sl\/"},{"@type":"ListItem","position":2,"name":"Skupnost","item":"https:\/\/www.via-alpina.org\/community\/"},{"@type":"ListItem","position":3,"name":"Fotografski in video nate\u010daj 2025"}]},{"@type":"WebSite","@id":"https:\/\/www.via-alpina.org\/#website","url":"https:\/\/www.via-alpina.org\/","name":"Via Alpina","description":"\u0160e eno spleti\u0161\u010de WordPress","potentialAction":[{"@type":"SearchAction","target":{"@type":"EntryPoint","urlTemplate":"https:\/\/www.via-alpina.org\/?s={search_term_string}"},"query-input":{"@type":"PropertyValueSpecification","valueRequired":true,"valueName":"search_term_string"}}],"inLanguage":"sl-SI"}]}},"_links":{"self":[{"href":"https:\/\/www.via-alpina.org\/sl\/wp-json\/wp\/v2\/pages\/3781","targetHints":{"allow":["GET"]}}],"collection":[{"href":"https:\/\/www.via-alpina.org\/sl\/wp-json\/wp\/v2\/pages"}],"about":[{"href":"https:\/\/www.via-alpina.org\/sl\/wp-json\/wp\/v2\/types\/page"}],"author":[{"embeddable":true,"href":"https:\/\/www.via-alpina.org\/sl\/wp-json\/wp\/v2\/users\/6"}],"replies":[{"embeddable":true,"href":"https:\/\/www.via-alpina.org\/sl\/wp-json\/wp\/v2\/comments?post=3781"}],"version-history":[{"count":5,"href":"https:\/\/www.via-alpina.org\/sl\/wp-json\/wp\/v2\/pages\/3781\/revisions"}],"predecessor-version":[{"id":3841,"href":"https:\/\/www.via-alpina.org\/sl\/wp-json\/wp\/v2\/pages\/3781\/revisions\/3841"}],"up":[{"embeddable":true,"href":"https:\/\/www.via-alpina.org\/sl\/wp-json\/wp\/v2\/pages\/2288"}],"wp:attachment":[{"href":"https:\/\/www.via-alpina.org\/sl\/wp-json\/wp\/v2\/media?parent=3781"}],"curies":[{"name":"wp","href":"https:\/\/api.w.org\/{rel}","templated":true}]}}