{"id":3703,"date":"2026-04-01T14:55:17","date_gmt":"2026-04-01T12:55:17","guid":{"rendered":"https:\/\/www.via-alpina.org\/?page_id=3703"},"modified":"2026-04-22T11:39:11","modified_gmt":"2026-04-22T09:39:11","slug":"vkljucno-s-pohodnistvom","status":"publish","type":"page","link":"https:\/\/www.via-alpina.org\/sl\/pot\/vkljucno-s-pohodnistvom\/","title":{"rendered":"Pohodni\u0161tvo za vse"},"content":{"rendered":"<div class=\"wpb-content-wrapper\"><p>[vc_row full_width=&#8221;stretch_row_content_no_spaces&#8221; el_class=&#8221;sp-page-title&#8221;][vc_column]\t\t\n\t\t<div class=\"title-banner\" style=\"background-image: linear-gradient(rgba(0, 0, 0, 0.2),rgba(0, 0, 0, 0.3)),url(https:\/\/www.via-alpina.org\/wp-content\/uploads\/2026\/02\/20250716_2015141-Yanis-ESSAOUDI-CARRA-scaled.jpg);\">\n\t\t<span class=\"banner-caption\"><\/span>\n\t\t<\/div>\n\t\t<div class=\"container container-for-crumbs\">\n\t\t\t\t<div class=\"breadcrumbs-container\">\n\t\t\t\t\t\t<div class=\"breadcrumbs\">\n\t\t\t\t\t\t\t\n\t<ul class=\"ns-breadcrumbs\">\n\t\t\t<li><a href=\"https:\/\/www.via-alpina.org\/sl\/\">Domov<\/a><\/li>\n\t\t\t\t\t<li><a href=\"https:\/\/www.via-alpina.org\/sl\/pot\/\">Pot<\/a><\/li>\n\t\t\t\t<li>Pohodni\u0161tvo za vse<\/li>\n\t<\/ul>\n\t\n\t\t\t\t\t\t\t\t<div class=\"clearfix\"><\/div>\n\t\t\t\t\t\t<\/div>\n\t\t\t\t<\/div>\n\t\t\t\t<h1 class=\"entry-title\">Pohodni\u0161tvo za vse<\/h1>\n\t\t\t\t\t\t<\/div>\n\n\t\t[\/vc_column][\/vc_row][vc_row][vc_column width=&#8221;1\/2&#8243;][vc_column_text]<\/p>\n<h3>Gore za vse: spodbujanje vklju\u010denosti v gorah in pri dejavnostih na prostem<\/h3>\n<p>[\/vc_column_text][vc_column_text]Prostori na prostem se pogosto obravnavajo kot odprti in nevtralni \u2013 vendar niso vedno enako dostopni, prijazni ali varni za vse. Ovire \u2013 tako vidne kot nevidne \u2013 lahko posameznikom in skupnostim prepre\u010dujejo sodelovanje in povezovanje s temi pokrajinami. Ta publikacija je nastala v okviru projekta Via Alpina Youth, ki \u0161iri znanje, ideje in prilo\u017enosti za trajnostni \u017eivljenjski slog, vklju\u010devanje, varstvo okolja, divje kampiranje in podnebne spremembe vzdol\u017e pohodni\u0161ke poti Via Alpina. Projekt sta sofinancirala program ERASMUS+ Evropske unije in MOVETIA.[\/vc_column_text][vc_empty_space][\/vc_column][vc_column width=&#8221;1\/2&#8243;][vc_single_image image=&#8221;4001&#8243; img_size=&#8221;large&#8221;]\t\t\n\t\t<a href=\"http:\/\/Mountains for All: Embracing Inclusion in Mountains and Outdoor Activities (10.0 MB)\" target=\"\" class=\"btn  btn-default btn-lg \" id=\"\">Download<\/a>\n\n\t\t[\/vc_column][\/vc_row][vc_row][vc_column][\/vc_column][\/vc_row]<\/p>\n<\/div>","protected":false},"excerpt":{"rendered":"<p>[vc_row full_width=&#8221;stretch_row_content_no_spaces&#8221; el_class=&#8221;sp-page-title&#8221;][vc_column][\/vc_column][\/vc_row][vc_row][vc_column width=&#8221;1\/2&#8243;][vc_column_text] Gore za vse: spodbujanje vklju\u010denosti v gorah in pri dejavnostih na prostem [\/vc_column_text][vc_column_text]Prostori na prostem se pogosto obravnavajo kot odprti in nevtralni \u2013 vendar niso vedno enako dostopni, prijazni ali varni za vse. Ovire \u2013 tako vidne kot nevidne \u2013 lahko posameznikom in skupnostim prepre\u010dujejo sodelovanje in povezovanje s temi pokrajinami. Ta publikacija je nastala v okviru projekta Via Alpina Youth, ki \u0161iri znanje, ideje in prilo\u017enosti za trajnostni \u017eivljenjski slog, vklju\u010devanje, varstvo okolja, divje kampiranje in podnebne spremembe vzdol\u017e pohodni\u0161ke poti Via Alpina. Projekt sta sofinancirala program ERASMUS+ Evropske unije in MOVETIA.[\/vc_column_text][vc_empty_space][\/vc_column][vc_column width=&#8221;1\/2&#8243;][vc_single_image image=&#8221;4001&#8243; img_size=&#8221;large&#8221;][\/vc_column][\/vc_row][vc_row][vc_column][\/vc_column][\/vc_row]<\/p>\n","protected":false},"author":6,"featured_media":0,"parent":2296,"menu_order":1,"comment_status":"closed","ping_status":"closed","template":"","meta":{"footnotes":""},"class_list":["post-3703","page","type-page","status-publish","hentry"],"yoast_head":"<!-- This site is optimized with the Yoast SEO plugin v27.3 - https:\/\/yoast.com\/product\/yoast-seo-wordpress\/ -->\n<title>Pohodni\u0161tvo za vse - Via Alpina<\/title>\n<meta name=\"description\" content=\"Gore za vse: spodbujanje vklju\u010denosti v gorah in pri dejavnostih na prostem Prostori na prostem se pogosto obravnavajo kot odprti in nevtralni \u2013 vendar niso vedno enako dostopni, prijazni ali\" \/>\n<meta name=\"robots\" content=\"index, follow, max-snippet:-1, max-image-preview:large, max-video-preview:-1\" \/>\n<link rel=\"canonical\" href=\"https:\/\/www.via-alpina.org\/sl\/pot\/vkljucno-s-pohodnistvom\/\" \/>\n<meta property=\"og:locale\" content=\"sl_SI\" \/>\n<meta property=\"og:type\" content=\"article\" \/>\n<meta property=\"og:title\" content=\"Pohodni\u0161tvo za vse - Via Alpina\" \/>\n<meta property=\"og:description\" content=\"[vc_row full_width=&#8221;stretch_row_content_no_spaces&#8221; el_class=&#8221;sp-page-title&#8221;][vc_column][\/vc_column][\/vc_row][vc_row][vc_column width=&#8221;1\/2&#8243;][vc_column_text] Gore za vse: spodbujanje vklju\u010denosti v gorah in pri dejavnostih na prostem [\/vc_column_text][vc_column_text]Prostori na prostem se pogosto obravnavajo kot odprti in nevtralni \u2013 vendar niso vedno enako dostopni, prijazni ali varni za vse. Ovire \u2013 tako vidne kot nevidne \u2013 lahko posameznikom in skupnostim prepre\u010dujejo sodelovanje in povezovanje s temi pokrajinami. Ta publikacija je nastala v okviru projekta Via Alpina Youth, ki \u0161iri znanje, ideje in prilo\u017enosti za trajnostni \u017eivljenjski slog, vklju\u010devanje, varstvo okolja, divje kampiranje in podnebne spremembe vzdol\u017e pohodni\u0161ke poti Via Alpina. Projekt sta sofinancirala program ERASMUS+ Evropske unije in MOVETIA.[\/vc_column_text][vc_empty_space][\/vc_column][vc_column width=&#8221;1\/2&#8243;][vc_single_image image=&#8221;4001&#8243; img_size=&#8221;large&#8221;][\/vc_column][\/vc_row][vc_row][vc_column][\/vc_column][\/vc_row]\" \/>\n<meta property=\"og:url\" content=\"https:\/\/www.via-alpina.org\/sl\/pot\/vkljucno-s-pohodnistvom\/\" \/>\n<meta property=\"og:site_name\" content=\"Via Alpina\" \/>\n<meta property=\"article:modified_time\" content=\"2026-04-22T09:39:11+00:00\" \/>\n<meta name=\"twitter:card\" content=\"summary_large_image\" \/>\n<meta name=\"twitter:label1\" content=\"Est. reading time\" \/>\n\t<meta name=\"twitter:data1\" content=\"1 minuta\" \/>\n<script type=\"application\/ld+json\" class=\"yoast-schema-graph\">{\"@context\":\"https:\\\/\\\/schema.org\",\"@graph\":[{\"@type\":\"WebPage\",\"@id\":\"https:\\\/\\\/www.via-alpina.org\\\/sl\\\/pot\\\/vkljucno-s-pohodnistvom\\\/\",\"url\":\"https:\\\/\\\/www.via-alpina.org\\\/sl\\\/pot\\\/vkljucno-s-pohodnistvom\\\/\",\"name\":\"Pohodni\u0161tvo za vse - Via Alpina\",\"isPartOf\":{\"@id\":\"https:\\\/\\\/www.via-alpina.org\\\/#website\"},\"datePublished\":\"2026-04-01T12:55:17+00:00\",\"dateModified\":\"2026-04-22T09:39:11+00:00\",\"breadcrumb\":{\"@id\":\"https:\\\/\\\/www.via-alpina.org\\\/sl\\\/pot\\\/vkljucno-s-pohodnistvom\\\/#breadcrumb\"},\"inLanguage\":\"sl-SI\",\"potentialAction\":[{\"@type\":\"ReadAction\",\"target\":[\"https:\\\/\\\/www.via-alpina.org\\\/sl\\\/pot\\\/vkljucno-s-pohodnistvom\\\/\"]}]},{\"@type\":\"BreadcrumbList\",\"@id\":\"https:\\\/\\\/www.via-alpina.org\\\/sl\\\/pot\\\/vkljucno-s-pohodnistvom\\\/#breadcrumb\",\"itemListElement\":[{\"@type\":\"ListItem\",\"position\":1,\"name\":\"Home\",\"item\":\"https:\\\/\\\/www.via-alpina.org\\\/sl\\\/\"},{\"@type\":\"ListItem\",\"position\":2,\"name\":\"Pot\",\"item\":\"https:\\\/\\\/www.via-alpina.org\\\/sl\\\/pot\\\/\"},{\"@type\":\"ListItem\",\"position\":3,\"name\":\"Pohodni\u0161tvo za vse\"}]},{\"@type\":\"WebSite\",\"@id\":\"https:\\\/\\\/www.via-alpina.org\\\/#website\",\"url\":\"https:\\\/\\\/www.via-alpina.org\\\/\",\"name\":\"Via Alpina\",\"description\":\"\u0160e eno spleti\u0161\u010de WordPress\",\"potentialAction\":[{\"@type\":\"SearchAction\",\"target\":{\"@type\":\"EntryPoint\",\"urlTemplate\":\"https:\\\/\\\/www.via-alpina.org\\\/?s={search_term_string}\"},\"query-input\":{\"@type\":\"PropertyValueSpecification\",\"valueRequired\":true,\"valueName\":\"search_term_string\"}}],\"inLanguage\":\"sl-SI\"}]}<\/script>\n<!-- \/ Yoast SEO plugin. -->","yoast_head_json":{"title":"Pohodni\u0161tvo za vse - Via Alpina","description":"Gore za vse: spodbujanje vklju\u010denosti v gorah in pri dejavnostih na prostem Prostori na prostem se pogosto obravnavajo kot odprti in nevtralni \u2013 vendar niso vedno enako dostopni, prijazni ali","robots":{"index":"index","follow":"follow","max-snippet":"max-snippet:-1","max-image-preview":"max-image-preview:large","max-video-preview":"max-video-preview:-1"},"canonical":"https:\/\/www.via-alpina.org\/sl\/pot\/vkljucno-s-pohodnistvom\/","og_locale":"sl_SI","og_type":"article","og_title":"Pohodni\u0161tvo za vse - Via Alpina","og_description":"[vc_row full_width=&#8221;stretch_row_content_no_spaces&#8221; el_class=&#8221;sp-page-title&#8221;][vc_column][\/vc_column][\/vc_row][vc_row][vc_column width=&#8221;1\/2&#8243;][vc_column_text] Gore za vse: spodbujanje vklju\u010denosti v gorah in pri dejavnostih na prostem [\/vc_column_text][vc_column_text]Prostori na prostem se pogosto obravnavajo kot odprti in nevtralni \u2013 vendar niso vedno enako dostopni, prijazni ali varni za vse. Ovire \u2013 tako vidne kot nevidne \u2013 lahko posameznikom in skupnostim prepre\u010dujejo sodelovanje in povezovanje s temi pokrajinami. Ta publikacija je nastala v okviru projekta Via Alpina Youth, ki \u0161iri znanje, ideje in prilo\u017enosti za trajnostni \u017eivljenjski slog, vklju\u010devanje, varstvo okolja, divje kampiranje in podnebne spremembe vzdol\u017e pohodni\u0161ke poti Via Alpina. Projekt sta sofinancirala program ERASMUS+ Evropske unije in MOVETIA.[\/vc_column_text][vc_empty_space][\/vc_column][vc_column width=&#8221;1\/2&#8243;][vc_single_image image=&#8221;4001&#8243; img_size=&#8221;large&#8221;][\/vc_column][\/vc_row][vc_row][vc_column][\/vc_column][\/vc_row]","og_url":"https:\/\/www.via-alpina.org\/sl\/pot\/vkljucno-s-pohodnistvom\/","og_site_name":"Via Alpina","article_modified_time":"2026-04-22T09:39:11+00:00","twitter_card":"summary_large_image","twitter_misc":{"Est. reading time":"1 minuta"},"schema":{"@context":"https:\/\/schema.org","@graph":[{"@type":"WebPage","@id":"https:\/\/www.via-alpina.org\/sl\/pot\/vkljucno-s-pohodnistvom\/","url":"https:\/\/www.via-alpina.org\/sl\/pot\/vkljucno-s-pohodnistvom\/","name":"Pohodni\u0161tvo za vse - Via Alpina","isPartOf":{"@id":"https:\/\/www.via-alpina.org\/#website"},"datePublished":"2026-04-01T12:55:17+00:00","dateModified":"2026-04-22T09:39:11+00:00","breadcrumb":{"@id":"https:\/\/www.via-alpina.org\/sl\/pot\/vkljucno-s-pohodnistvom\/#breadcrumb"},"inLanguage":"sl-SI","potentialAction":[{"@type":"ReadAction","target":["https:\/\/www.via-alpina.org\/sl\/pot\/vkljucno-s-pohodnistvom\/"]}]},{"@type":"BreadcrumbList","@id":"https:\/\/www.via-alpina.org\/sl\/pot\/vkljucno-s-pohodnistvom\/#breadcrumb","itemListElement":[{"@type":"ListItem","position":1,"name":"Home","item":"https:\/\/www.via-alpina.org\/sl\/"},{"@type":"ListItem","position":2,"name":"Pot","item":"https:\/\/www.via-alpina.org\/sl\/pot\/"},{"@type":"ListItem","position":3,"name":"Pohodni\u0161tvo za vse"}]},{"@type":"WebSite","@id":"https:\/\/www.via-alpina.org\/#website","url":"https:\/\/www.via-alpina.org\/","name":"Via Alpina","description":"\u0160e eno spleti\u0161\u010de WordPress","potentialAction":[{"@type":"SearchAction","target":{"@type":"EntryPoint","urlTemplate":"https:\/\/www.via-alpina.org\/?s={search_term_string}"},"query-input":{"@type":"PropertyValueSpecification","valueRequired":true,"valueName":"search_term_string"}}],"inLanguage":"sl-SI"}]}},"_links":{"self":[{"href":"https:\/\/www.via-alpina.org\/sl\/wp-json\/wp\/v2\/pages\/3703","targetHints":{"allow":["GET"]}}],"collection":[{"href":"https:\/\/www.via-alpina.org\/sl\/wp-json\/wp\/v2\/pages"}],"about":[{"href":"https:\/\/www.via-alpina.org\/sl\/wp-json\/wp\/v2\/types\/page"}],"author":[{"embeddable":true,"href":"https:\/\/www.via-alpina.org\/sl\/wp-json\/wp\/v2\/users\/6"}],"replies":[{"embeddable":true,"href":"https:\/\/www.via-alpina.org\/sl\/wp-json\/wp\/v2\/comments?post=3703"}],"version-history":[{"count":5,"href":"https:\/\/www.via-alpina.org\/sl\/wp-json\/wp\/v2\/pages\/3703\/revisions"}],"predecessor-version":[{"id":4463,"href":"https:\/\/www.via-alpina.org\/sl\/wp-json\/wp\/v2\/pages\/3703\/revisions\/4463"}],"up":[{"embeddable":true,"href":"https:\/\/www.via-alpina.org\/sl\/wp-json\/wp\/v2\/pages\/2296"}],"wp:attachment":[{"href":"https:\/\/www.via-alpina.org\/sl\/wp-json\/wp\/v2\/media?parent=3703"}],"curies":[{"name":"wp","href":"https:\/\/api.w.org\/{rel}","templated":true}]}}