{"id":3441,"date":"2025-06-27T16:27:46","date_gmt":"2025-06-27T14:27:46","guid":{"rendered":"https:\/\/www.via-alpina.org\/?page_id=3441"},"modified":"2025-07-04T14:03:10","modified_gmt":"2025-07-04T12:03:10","slug":"foto-in-video-kampanja","status":"publish","type":"page","link":"https:\/\/www.via-alpina.org\/sl\/skupnost\/foto-in-video-kampanja\/","title":{"rendered":"Foto in video kampanja"},"content":{"rendered":"<div class=\"wpb-content-wrapper\"><p>[vc_row full_width=&#8221;stretch_row_content_no_spaces&#8221; el_class=&#8221;sp-page-title&#8221;][vc_column]\t\t\n\t\t<div class=\"title-banner\" style=\"background-image: linear-gradient(rgba(0, 0, 0, 0.2),rgba(0, 0, 0, 0.3)),url(https:\/\/www.via-alpina.org\/wp-content\/uploads\/2024\/01\/r-57-traverse-des-drei-schwestern-sur-la-via-alpina-scaled.jpg);\">\n\t\t<span class=\"banner-caption\">Drei Schwestern\/LI \u00a9 Julien Defois<\/span>\n\t\t<\/div>\n\t\t<div class=\"container container-for-crumbs\">\n\t\t\t\t<div class=\"breadcrumbs-container\">\n\t\t\t\t\t\t<div class=\"breadcrumbs\">\n\t\t\t\t\t\t\t\n\t<ul class=\"ns-breadcrumbs\">\n\t\t\t<li><a href=\"https:\/\/www.via-alpina.org\/sl\/\">Domov<\/a><\/li>\n\t\t\t\t\t<li><a href=\"https:\/\/www.via-alpina.org\/sl\/skupnost\/\">Skupnost<\/a><\/li>\n\t\t\t\t<li>Foto in video kampanja<\/li>\n\t<\/ul>\n\t\n\t\t\t\t\t\t\t\t<div class=\"clearfix\"><\/div>\n\t\t\t\t\t\t<\/div>\n\t\t\t\t<\/div>\n\t\t\t\t<h1 class=\"entry-title\">Foto in video kampanja<\/h1>\n\t\t\t\t\t\t<\/div>\n\n\t\t[vc_single_image image=&#8221;3472&#8243; img_size=&#8221;large&#8221; add_caption=&#8221;yes&#8221; alignment=&#8221;center&#8221;][\/vc_column][\/vc_row][vc_row][vc_column][vc_column_text]<\/p>\n<p data-start=\"148\" data-end=\"658\">To poletje Via Alpina vabi pohodnike, avanturiste in ljubitelje gora, da sodelujejo v kampanji <strong data-start=\"243\" data-end=\"260\">Zgodbe s poti<\/strong>, foto in video kampanji, ki slavi osebne izku\u0161nje ob Via Alpina. S tem odprtim pozivom \u017eelimo zbrati in deliti zgodbe s poti \u2014 trenutke ob\u010dudovanja, povezovanja, izzivov in lepote \u2014 tak\u0161ne, kot jih do\u017eivljajo in \u010dutijo tisti, ki jo prehodijo. Ne glede na to, ali ste ujeli dramati\u010dno pokrajino, pomemben trenutek ali tih trenutek v naravi, bi ga z veseljem predstavili na na\u0161ih dru\u017ebenih omre\u017ejih!<\/p>\n<h3 data-start=\"660\" data-end=\"681\">Zakaj sodelovati?<\/h3>\n<p data-start=\"683\" data-end=\"1114\">Alpe niso le destinacija, temve\u010d \u017eivi, skupni prostor, ki povezuje ljudi in kulture preko meja. <strong data-start=\"779\" data-end=\"796\">Zgodbe s poti<\/strong> ponujajo na\u010din, da prispevate k rasto\u010di skupnosti Via Alpina in navdihnete druge, da odkrijejo to edinstveno dolgo pot v oseben in trajnosten na\u010din. Va\u0161i prispevki bodo predstavljeni na dru\u017ebenih kanalih Via Alpina in pomagali dokumentirati izku\u0161njo pohodni\u0161tva po alpski regiji v pristni, skupnostno vodeni kampanji.<\/p>\n<figure id=\"attachment_3489\" aria-describedby=\"caption-attachment-3489\" style=\"width: 206px\" class=\"wp-caption alignnone\"><img loading=\"lazy\" decoding=\"async\" class=\"size-medium wp-image-3489\" src=\"https:\/\/www.via-alpina.org\/wp-content\/uploads\/2025\/07\/cover_alpenbuch_2025-aktualisierung-206x300.jpg\" alt=\"Win a Marmota Book of the Alps (ENG or DE). \" width=\"206\" height=\"300\" srcset=\"https:\/\/www.via-alpina.org\/wp-content\/uploads\/2025\/07\/cover_alpenbuch_2025-aktualisierung-206x300.jpg 206w, https:\/\/www.via-alpina.org\/wp-content\/uploads\/2025\/07\/cover_alpenbuch_2025-aktualisierung-701x1024.jpg 701w, https:\/\/www.via-alpina.org\/wp-content\/uploads\/2025\/07\/cover_alpenbuch_2025-aktualisierung-768x1121.jpg 768w, https:\/\/www.via-alpina.org\/wp-content\/uploads\/2025\/07\/cover_alpenbuch_2025-aktualisierung-1052x1536.jpg 1052w, https:\/\/www.via-alpina.org\/wp-content\/uploads\/2025\/07\/cover_alpenbuch_2025-aktualisierung.jpg 1370w\" sizes=\"auto, (max-width: 206px) 100vw, 206px\" \/><figcaption id=\"caption-attachment-3489\" class=\"wp-caption-text\">Zmagajte Marmota Knjigo Alp (ANG ali NEM).<\/figcaption><\/figure>\n<h3 data-start=\"1116\" data-end=\"1138\">Kak\u0161ne so nagrade?<\/h3>\n<p data-start=\"1140\" data-end=\"1212\">Strokovna komisija bo izbrala zmagovalce za prvo, drugo in tretje mesto.<\/p>\n<ol data-start=\"1214\" data-end=\"1473\">\n<li data-start=\"1214\" data-end=\"1320\">\n<p data-start=\"1217\" data-end=\"1320\">mesto: <a href=\"https:\/\/marmotamaps.com\/en\/book-of-the-alps\/\">Marmota Book of the Alps<\/a> (ANG ali NEM) in no\u010ditev s polpenzionom v <a href=\"https:\/\/www.alpenverein.li\/huetten\/gafadurahuette-1428m\">ko\u010di Gafadura, Lihten\u0161tajn.<\/a><\/p>\n<\/li>\n<li data-start=\"1321\" data-end=\"1424\">\n<p data-start=\"1324\" data-end=\"1424\">mesto: Marmota Book of the Alps (ANG ali NEM) + \u201eall inclusive\u201c pustolovske vstopnice, Lihten\u0161tajn<\/p>\n<\/li>\n<li data-start=\"1425\" data-end=\"1473\">\n<p data-start=\"1428\" data-end=\"1473\">mesto: Marmota Book of the Alps (ANG ali NEM)<\/p>\n<\/li>\n<\/ol>\n<h3 data-start=\"1475\" data-end=\"1495\">Kako sodelovati?<\/h3>\n<p data-start=\"1497\" data-end=\"1564\">Nalo\u017eite svojo fotografijo ali video neposredno <a href=\"https:\/\/docs.google.com\/forms\/d\/e\/1FAIpQLSdD3qQL2j1cE5gvSCjFbkszfmz5RcErkmzOgqqqjJ-tKqAyrQ\/viewform\">preko tega obrazca.<\/a><\/p>\n<p data-start=\"1566\" data-end=\"1683\">Prosimo, zagotovite, da video datoteke ne presegajo najve\u010dje dovoljene velikosti (preverite omejitve Google obrazca).<\/p>\n<p data-start=\"1685\" data-end=\"1869\">Z oddajo vsebine Via Alpini dovolite, da jo objavimo na na\u0161ih dru\u017ebenih omre\u017ejih in spletni strani. Lastni\u0161tvo ostaja pri izvirnem ustvarjalcu, kjer je mogo\u010de, pa bo ustrezno navedeno.<\/p>\n<h3 data-start=\"1871\" data-end=\"1888\">\u010casovni okvir<\/h3>\n<p data-start=\"1890\" data-end=\"2083\">Kampanja bo potekala od junija do oktobra 2025, s ciljem spodbujanja pohodnikov, da delijo svoje zgodbe v \u010dasu vrhunca pohodni\u0161ke sezone. Prispevki bodo objavljeni sproti skozi celotno obdobje.<\/p>\n<hr data-start=\"2085\" data-end=\"2088\" \/>\n<h3 data-start=\"2090\" data-end=\"2132\">Pomagajte nam pripovedovati zgodbo Alp<\/h3>\n<p data-start=\"2134\" data-end=\"2238\"><strong data-start=\"2134\" data-end=\"2151\">Zgodbe s poti<\/strong> niso le kampanja \u2014 so povabilo k soustvarjanju vizualne in \u010dustvene podobe Via Alpina.<\/p>\n<p data-start=\"2240\" data-end=\"2532\">S tem, ko delite svoje perspektive, pomagate navdihniti bodo\u010de pohodnike in spodbujate globljo povezanost z naravnimi in kulturnimi bogastvi alpske regije. Za ve\u010d informacij in posodobitev nas spremljajte na Instagramu in Facebooku ali obi\u0161\u010dite <a class=\"\" href=\"http:\/\/viaalpina.org\/\" target=\"_new\" rel=\"noopener\" data-start=\"2485\" data-end=\"2531\">http:\/\/viaalpina.org\/<\/a>.<\/p>\n<p>[\/vc_column_text][vc_empty_space][vc_single_image image=&#8221;3505&#8243; img_size=&#8221;medium&#8221; add_caption=&#8221;yes&#8221;][\/vc_column][\/vc_row][vc_row][vc_column][\/vc_column][\/vc_row]<\/p>\n<\/div>","protected":false},"excerpt":{"rendered":"<p>[vc_row full_width=&#8221;stretch_row_content_no_spaces&#8221; el_class=&#8221;sp-page-title&#8221;][vc_column][vc_single_image image=&#8221;3472&#8243; img_size=&#8221;large&#8221; add_caption=&#8221;yes&#8221; alignment=&#8221;center&#8221;][\/vc_column][\/vc_row][vc_row][vc_column][vc_column_text] To poletje Via Alpina vabi pohodnike, avanturiste in ljubitelje gora, da sodelujejo v kampanji Zgodbe s poti, foto in video kampanji, ki slavi osebne izku\u0161nje ob Via Alpina. S tem odprtim pozivom \u017eelimo zbrati in deliti zgodbe s poti \u2014 trenutke ob\u010dudovanja, povezovanja, izzivov in lepote \u2014 tak\u0161ne, kot jih do\u017eivljajo in \u010dutijo tisti, ki jo prehodijo. Ne glede na to, ali ste ujeli dramati\u010dno pokrajino, pomemben trenutek ali tih trenutek v naravi, bi ga z veseljem predstavili na na\u0161ih dru\u017ebenih omre\u017ejih! Zakaj sodelovati? Alpe niso le destinacija, temve\u010d \u017eivi, skupni prostor, ki povezuje ljudi in kulture preko meja. Zgodbe s poti ponujajo na\u010din, da prispevate k rasto\u010di skupnosti Via Alpina in navdihnete [&hellip;]<\/p>\n","protected":false},"author":5,"featured_media":0,"parent":2288,"menu_order":3,"comment_status":"closed","ping_status":"closed","template":"","meta":{"footnotes":""},"class_list":["post-3441","page","type-page","status-publish","hentry"],"yoast_head":"<!-- This site is optimized with the Yoast SEO plugin v27.3 - https:\/\/yoast.com\/product\/yoast-seo-wordpress\/ -->\n<title>Foto in video kampanja - Via Alpina<\/title>\n<meta name=\"description\" content=\"To poletje Via Alpina vabi pohodnike, avanturiste in ljubitelje gora, da sodelujejo v kampanji Zgodbe s poti, foto in video kampanji, ki slavi osebne izku\u0161nje ob Via Alpina. S tem\" \/>\n<meta name=\"robots\" content=\"index, follow, max-snippet:-1, max-image-preview:large, max-video-preview:-1\" \/>\n<link rel=\"canonical\" href=\"https:\/\/www.via-alpina.org\/tales-from-the-trail-join-the-via-alpina-photo-and-video-campaign-and-celebrate-25-years-of-via-alpina\/\" \/>\n<meta property=\"og:locale\" content=\"sl_SI\" \/>\n<meta property=\"og:type\" content=\"article\" \/>\n<meta property=\"og:title\" content=\"Foto in video kampanja - Via Alpina\" \/>\n<meta property=\"og:description\" content=\"[vc_row full_width=&#8221;stretch_row_content_no_spaces&#8221; el_class=&#8221;sp-page-title&#8221;][vc_column][vc_single_image image=&#8221;3472&#8243; img_size=&#8221;large&#8221; add_caption=&#8221;yes&#8221; alignment=&#8221;center&#8221;][\/vc_column][\/vc_row][vc_row][vc_column][vc_column_text] To poletje Via Alpina vabi pohodnike, avanturiste in ljubitelje gora, da sodelujejo v kampanji Zgodbe s poti, foto in video kampanji, ki slavi osebne izku\u0161nje ob Via Alpina. S tem odprtim pozivom \u017eelimo zbrati in deliti zgodbe s poti \u2014 trenutke ob\u010dudovanja, povezovanja, izzivov in lepote \u2014 tak\u0161ne, kot jih do\u017eivljajo in \u010dutijo tisti, ki jo prehodijo. Ne glede na to, ali ste ujeli dramati\u010dno pokrajino, pomemben trenutek ali tih trenutek v naravi, bi ga z veseljem predstavili na na\u0161ih dru\u017ebenih omre\u017ejih! Zakaj sodelovati? Alpe niso le destinacija, temve\u010d \u017eivi, skupni prostor, ki povezuje ljudi in kulture preko meja. Zgodbe s poti ponujajo na\u010din, da prispevate k rasto\u010di skupnosti Via Alpina in navdihnete [&hellip;]\" \/>\n<meta property=\"og:url\" content=\"https:\/\/www.via-alpina.org\/tales-from-the-trail-join-the-via-alpina-photo-and-video-campaign-and-celebrate-25-years-of-via-alpina\/\" \/>\n<meta property=\"og:site_name\" content=\"Via Alpina\" \/>\n<meta property=\"article:modified_time\" content=\"2025-07-04T12:03:10+00:00\" \/>\n<meta property=\"og:image\" content=\"https:\/\/www.via-alpina.org\/wp-content\/uploads\/2025\/07\/cover_alpenbuch_2025-aktualisierung.jpg\" \/>\n\t<meta property=\"og:image:width\" content=\"1370\" \/>\n\t<meta property=\"og:image:height\" content=\"2000\" \/>\n\t<meta property=\"og:image:type\" content=\"image\/jpeg\" \/>\n<meta name=\"twitter:card\" content=\"summary_large_image\" \/>\n<meta name=\"twitter:label1\" content=\"Est. reading time\" \/>\n\t<meta name=\"twitter:data1\" content=\"2 minuti\" \/>\n<script type=\"application\/ld+json\" class=\"yoast-schema-graph\">{\"@context\":\"https:\\\/\\\/schema.org\",\"@graph\":[{\"@type\":\"WebPage\",\"@id\":\"https:\\\/\\\/www.via-alpina.org\\\/tales-from-the-trail-join-the-via-alpina-photo-and-video-campaign-and-celebrate-25-years-of-via-alpina\\\/\",\"url\":\"https:\\\/\\\/www.via-alpina.org\\\/tales-from-the-trail-join-the-via-alpina-photo-and-video-campaign-and-celebrate-25-years-of-via-alpina\\\/\",\"name\":\"Foto in video kampanja - Via Alpina\",\"isPartOf\":{\"@id\":\"https:\\\/\\\/www.via-alpina.org\\\/#website\"},\"primaryImageOfPage\":{\"@id\":\"https:\\\/\\\/www.via-alpina.org\\\/tales-from-the-trail-join-the-via-alpina-photo-and-video-campaign-and-celebrate-25-years-of-via-alpina\\\/#primaryimage\"},\"image\":{\"@id\":\"https:\\\/\\\/www.via-alpina.org\\\/tales-from-the-trail-join-the-via-alpina-photo-and-video-campaign-and-celebrate-25-years-of-via-alpina\\\/#primaryimage\"},\"thumbnailUrl\":\"https:\\\/\\\/www.via-alpina.org\\\/wp-content\\\/uploads\\\/2025\\\/07\\\/cover_alpenbuch_2025-aktualisierung-206x300.jpg\",\"datePublished\":\"2025-06-27T14:27:46+00:00\",\"dateModified\":\"2025-07-04T12:03:10+00:00\",\"breadcrumb\":{\"@id\":\"https:\\\/\\\/www.via-alpina.org\\\/tales-from-the-trail-join-the-via-alpina-photo-and-video-campaign-and-celebrate-25-years-of-via-alpina\\\/#breadcrumb\"},\"inLanguage\":\"sl-SI\",\"potentialAction\":[{\"@type\":\"ReadAction\",\"target\":[\"https:\\\/\\\/www.via-alpina.org\\\/tales-from-the-trail-join-the-via-alpina-photo-and-video-campaign-and-celebrate-25-years-of-via-alpina\\\/\"]}]},{\"@type\":\"ImageObject\",\"inLanguage\":\"sl-SI\",\"@id\":\"https:\\\/\\\/www.via-alpina.org\\\/tales-from-the-trail-join-the-via-alpina-photo-and-video-campaign-and-celebrate-25-years-of-via-alpina\\\/#primaryimage\",\"url\":\"https:\\\/\\\/www.via-alpina.org\\\/wp-content\\\/uploads\\\/2025\\\/07\\\/cover_alpenbuch_2025-aktualisierung-206x300.jpg\",\"contentUrl\":\"https:\\\/\\\/www.via-alpina.org\\\/wp-content\\\/uploads\\\/2025\\\/07\\\/cover_alpenbuch_2025-aktualisierung-206x300.jpg\"},{\"@type\":\"BreadcrumbList\",\"@id\":\"https:\\\/\\\/www.via-alpina.org\\\/tales-from-the-trail-join-the-via-alpina-photo-and-video-campaign-and-celebrate-25-years-of-via-alpina\\\/#breadcrumb\",\"itemListElement\":[{\"@type\":\"ListItem\",\"position\":1,\"name\":\"Home\",\"item\":\"https:\\\/\\\/www.via-alpina.org\\\/sl\\\/\"},{\"@type\":\"ListItem\",\"position\":2,\"name\":\"Foto in video kampanja\"}]},{\"@type\":\"WebSite\",\"@id\":\"https:\\\/\\\/www.via-alpina.org\\\/#website\",\"url\":\"https:\\\/\\\/www.via-alpina.org\\\/\",\"name\":\"Via Alpina\",\"description\":\"\u0160e eno spleti\u0161\u010de WordPress\",\"potentialAction\":[{\"@type\":\"SearchAction\",\"target\":{\"@type\":\"EntryPoint\",\"urlTemplate\":\"https:\\\/\\\/www.via-alpina.org\\\/?s={search_term_string}\"},\"query-input\":{\"@type\":\"PropertyValueSpecification\",\"valueRequired\":true,\"valueName\":\"search_term_string\"}}],\"inLanguage\":\"sl-SI\"}]}<\/script>\n<!-- \/ Yoast SEO plugin. -->","yoast_head_json":{"title":"Foto in video kampanja - Via Alpina","description":"To poletje Via Alpina vabi pohodnike, avanturiste in ljubitelje gora, da sodelujejo v kampanji Zgodbe s poti, foto in video kampanji, ki slavi osebne izku\u0161nje ob Via Alpina. S tem","robots":{"index":"index","follow":"follow","max-snippet":"max-snippet:-1","max-image-preview":"max-image-preview:large","max-video-preview":"max-video-preview:-1"},"canonical":"https:\/\/www.via-alpina.org\/tales-from-the-trail-join-the-via-alpina-photo-and-video-campaign-and-celebrate-25-years-of-via-alpina\/","og_locale":"sl_SI","og_type":"article","og_title":"Foto in video kampanja - Via Alpina","og_description":"[vc_row full_width=&#8221;stretch_row_content_no_spaces&#8221; el_class=&#8221;sp-page-title&#8221;][vc_column][vc_single_image image=&#8221;3472&#8243; img_size=&#8221;large&#8221; add_caption=&#8221;yes&#8221; alignment=&#8221;center&#8221;][\/vc_column][\/vc_row][vc_row][vc_column][vc_column_text] To poletje Via Alpina vabi pohodnike, avanturiste in ljubitelje gora, da sodelujejo v kampanji Zgodbe s poti, foto in video kampanji, ki slavi osebne izku\u0161nje ob Via Alpina. S tem odprtim pozivom \u017eelimo zbrati in deliti zgodbe s poti \u2014 trenutke ob\u010dudovanja, povezovanja, izzivov in lepote \u2014 tak\u0161ne, kot jih do\u017eivljajo in \u010dutijo tisti, ki jo prehodijo. Ne glede na to, ali ste ujeli dramati\u010dno pokrajino, pomemben trenutek ali tih trenutek v naravi, bi ga z veseljem predstavili na na\u0161ih dru\u017ebenih omre\u017ejih! Zakaj sodelovati? Alpe niso le destinacija, temve\u010d \u017eivi, skupni prostor, ki povezuje ljudi in kulture preko meja. Zgodbe s poti ponujajo na\u010din, da prispevate k rasto\u010di skupnosti Via Alpina in navdihnete [&hellip;]","og_url":"https:\/\/www.via-alpina.org\/tales-from-the-trail-join-the-via-alpina-photo-and-video-campaign-and-celebrate-25-years-of-via-alpina\/","og_site_name":"Via Alpina","article_modified_time":"2025-07-04T12:03:10+00:00","og_image":[{"width":1370,"height":2000,"url":"https:\/\/www.via-alpina.org\/wp-content\/uploads\/2025\/07\/cover_alpenbuch_2025-aktualisierung.jpg","type":"image\/jpeg"}],"twitter_card":"summary_large_image","twitter_misc":{"Est. reading time":"2 minuti"},"schema":{"@context":"https:\/\/schema.org","@graph":[{"@type":"WebPage","@id":"https:\/\/www.via-alpina.org\/tales-from-the-trail-join-the-via-alpina-photo-and-video-campaign-and-celebrate-25-years-of-via-alpina\/","url":"https:\/\/www.via-alpina.org\/tales-from-the-trail-join-the-via-alpina-photo-and-video-campaign-and-celebrate-25-years-of-via-alpina\/","name":"Foto in video kampanja - Via Alpina","isPartOf":{"@id":"https:\/\/www.via-alpina.org\/#website"},"primaryImageOfPage":{"@id":"https:\/\/www.via-alpina.org\/tales-from-the-trail-join-the-via-alpina-photo-and-video-campaign-and-celebrate-25-years-of-via-alpina\/#primaryimage"},"image":{"@id":"https:\/\/www.via-alpina.org\/tales-from-the-trail-join-the-via-alpina-photo-and-video-campaign-and-celebrate-25-years-of-via-alpina\/#primaryimage"},"thumbnailUrl":"https:\/\/www.via-alpina.org\/wp-content\/uploads\/2025\/07\/cover_alpenbuch_2025-aktualisierung-206x300.jpg","datePublished":"2025-06-27T14:27:46+00:00","dateModified":"2025-07-04T12:03:10+00:00","breadcrumb":{"@id":"https:\/\/www.via-alpina.org\/tales-from-the-trail-join-the-via-alpina-photo-and-video-campaign-and-celebrate-25-years-of-via-alpina\/#breadcrumb"},"inLanguage":"sl-SI","potentialAction":[{"@type":"ReadAction","target":["https:\/\/www.via-alpina.org\/tales-from-the-trail-join-the-via-alpina-photo-and-video-campaign-and-celebrate-25-years-of-via-alpina\/"]}]},{"@type":"ImageObject","inLanguage":"sl-SI","@id":"https:\/\/www.via-alpina.org\/tales-from-the-trail-join-the-via-alpina-photo-and-video-campaign-and-celebrate-25-years-of-via-alpina\/#primaryimage","url":"https:\/\/www.via-alpina.org\/wp-content\/uploads\/2025\/07\/cover_alpenbuch_2025-aktualisierung-206x300.jpg","contentUrl":"https:\/\/www.via-alpina.org\/wp-content\/uploads\/2025\/07\/cover_alpenbuch_2025-aktualisierung-206x300.jpg"},{"@type":"BreadcrumbList","@id":"https:\/\/www.via-alpina.org\/tales-from-the-trail-join-the-via-alpina-photo-and-video-campaign-and-celebrate-25-years-of-via-alpina\/#breadcrumb","itemListElement":[{"@type":"ListItem","position":1,"name":"Home","item":"https:\/\/www.via-alpina.org\/sl\/"},{"@type":"ListItem","position":2,"name":"Foto in video kampanja"}]},{"@type":"WebSite","@id":"https:\/\/www.via-alpina.org\/#website","url":"https:\/\/www.via-alpina.org\/","name":"Via Alpina","description":"\u0160e eno spleti\u0161\u010de WordPress","potentialAction":[{"@type":"SearchAction","target":{"@type":"EntryPoint","urlTemplate":"https:\/\/www.via-alpina.org\/?s={search_term_string}"},"query-input":{"@type":"PropertyValueSpecification","valueRequired":true,"valueName":"search_term_string"}}],"inLanguage":"sl-SI"}]}},"_links":{"self":[{"href":"https:\/\/www.via-alpina.org\/sl\/wp-json\/wp\/v2\/pages\/3441","targetHints":{"allow":["GET"]}}],"collection":[{"href":"https:\/\/www.via-alpina.org\/sl\/wp-json\/wp\/v2\/pages"}],"about":[{"href":"https:\/\/www.via-alpina.org\/sl\/wp-json\/wp\/v2\/types\/page"}],"author":[{"embeddable":true,"href":"https:\/\/www.via-alpina.org\/sl\/wp-json\/wp\/v2\/users\/5"}],"replies":[{"embeddable":true,"href":"https:\/\/www.via-alpina.org\/sl\/wp-json\/wp\/v2\/comments?post=3441"}],"version-history":[{"count":5,"href":"https:\/\/www.via-alpina.org\/sl\/wp-json\/wp\/v2\/pages\/3441\/revisions"}],"predecessor-version":[{"id":3527,"href":"https:\/\/www.via-alpina.org\/sl\/wp-json\/wp\/v2\/pages\/3441\/revisions\/3527"}],"up":[{"embeddable":true,"href":"https:\/\/www.via-alpina.org\/sl\/wp-json\/wp\/v2\/pages\/2288"}],"wp:attachment":[{"href":"https:\/\/www.via-alpina.org\/sl\/wp-json\/wp\/v2\/media?parent=3441"}],"curies":[{"name":"wp","href":"https:\/\/api.w.org\/{rel}","templated":true}]}}