{"id":3110,"date":"2024-11-02T18:46:06","date_gmt":"2024-11-02T17:46:06","guid":{"rendered":"https:\/\/www.via-alpina.org\/?page_id=3110"},"modified":"2025-11-18T12:13:56","modified_gmt":"2025-11-18T11:13:56","slug":"pridruzite-se-nam","status":"publish","type":"page","link":"https:\/\/www.via-alpina.org\/sl\/skupnost\/pridruzite-se-nam\/","title":{"rendered":"Pridru\u017eite se nam!"},"content":{"rendered":"<div class=\"wpb-content-wrapper\"><p>[vc_row full_width=&#8221;stretch_row_content_no_spaces&#8221; el_class=&#8221;sp-page-title&#8221;][vc_column]\t\t\n\t\t<div class=\"title-banner\" style=\"background-image: linear-gradient(rgba(0, 0, 0, 0.2),rgba(0, 0, 0, 0.3)),url(https:\/\/www.via-alpina.org\/wp-content\/uploads\/2024\/01\/via-alpina-explorers-c-christina-ragettli-scaled.jpeg);\">\n\t\t<span class=\"banner-caption\">\u00a9 Christina Ragettli<\/span>\n\t\t<\/div>\n\t\t<div class=\"container container-for-crumbs\">\n\t\t\t\t<div class=\"breadcrumbs-container\">\n\t\t\t\t\t\t<div class=\"breadcrumbs\">\n\t\t\t\t\t\t\t\n\t<ul class=\"ns-breadcrumbs\">\n\t\t\t<li><a href=\"https:\/\/www.via-alpina.org\/sl\/\">Domov<\/a><\/li>\n\t\t\t\t\t<li><a href=\"https:\/\/www.via-alpina.org\/sl\/skupnost\/\">Skupnost<\/a><\/li>\n\t\t\t\t<li>Pridru\u017eite se nam!<\/li>\n\t<\/ul>\n\t\n\t\t\t\t\t\t\t\t<div class=\"clearfix\"><\/div>\n\t\t\t\t\t\t<\/div>\n\t\t\t\t<\/div>\n\t\t\t\t<h1 class=\"entry-title\">Pridru\u017eite se nam!<\/h1>\n\t\t\t\t\t\t<\/div>\n\n\t\t[\/vc_column][\/vc_row][vc_row full_width=&#8221;stretch_row&#8221; el_class=&#8221;sp-gray&#8221;][vc_column][vc_row_inner][vc_column_inner width=&#8221;1\/2&#8243;][vc_column_text]<b>Kdo sestavlja ekipo Via Alpina?<\/b><\/p>\n<p><span style=\"font-weight: 400;\">Ekipa Via Alpina sestoji iz dveh zaposlenih in motiviranih prostovoljcev. Sekretariat Via Alpina ima sede\u017e pri CIPRA International, Mednarodni komisiji za varstvo Alp, s sede\u017eem v <a href=\"https:\/\/www.google.com\/maps\/place\/\/data=!4m2!3m1!1s0x479b3101b5204b35:0x9e94634c9a8e68e3?sa=X&amp;ved=1t:8290&amp;ictx=111\" target=\"_blank\" rel=\"noopener\">Lihten\u0161tajnu.<\/a> Koordinacija Via Alpina vklju\u010duje razvoj projektov, komunikacijo in socialna omre\u017eja; vzdr\u017eevanje poti pa opravljajo na\u0161i partnerji (npr. alpska zdru\u017eenja in ob\u010dine) vzdol\u017e poti Via Alpina.\u00a0 <\/span>[\/vc_column_text][\/vc_column_inner][vc_column_inner width=&#8221;1\/2&#8243;][vc_single_image image=&#8221;3113&#8243; add_caption=&#8221;yes&#8221;][\/vc_column_inner][\/vc_row_inner][\/vc_column][\/vc_row][vc_row full_width=&#8221;stretch_row&#8221; el_class=&#8221;sp-non-gray sp-non-gray-last&#8221;][vc_column][vc_column_text]<b>Koga i\u0161\u010demo?<\/b><\/p>\n<p><span style=\"font-weight: 400;\">I\u0161\u010demo prostovoljce, ki&#8230;\u00a0\u00a0<\/span><\/p>\n<ul>\n<li><span style=\"font-weight: 400;\">jih zanima trajnostni razvoj v alpskem prostoru,\u00a0\u00a0<\/span><\/li>\n<li><span style=\"font-weight: 400;\">so navdu\u0161eni nad trajnostnim turizmom in po\u010dasno mobilnostjo,\u00a0\u00a0<\/span><\/li>\n<li><span style=\"font-weight: 400;\">se po\u010dutijo udobno v ve\u010dkulturnih in ve\u010djezi\u010dnih kontekstih,\u00a0\u00a0<\/span><\/li>\n<li><span style=\"font-weight: 400;\">\u017eelijo pridobiti vpogled v delo mednarodne organizacije,\u00a0\u00a0<\/span><\/li>\n<li><span style=\"font-weight: 400;\">morda sami radi pre\u017eivljajo \u010das v gorah (\ud83d\ude09).\u00a0\u00a0<\/span><\/li>\n<\/ul>\n<p>[\/vc_column_text][vc_row_inner][vc_column_inner][vc_column_text]<b>Kako se lahko vklju\u010dite&#8230;<\/b><\/p>\n<p><span style=\"font-weight: 400;\">\u010ce bi \u017eeleli podpreti Via Alpina, obstaja veliko razli\u010dnih na\u010dinov za to. Glede na va\u0161e \u017eelje in mo\u017enosti se lahko vklju\u010dite dolgoro\u010dno ali enkratno pri dogodkih ali posameznih nalogah. Vsaka vrsta podpore je dobrodo\u0161la!\u00a0 <\/span>[\/vc_column_text][\/vc_column_inner][\/vc_row_inner][\/vc_column][vc_column][vc_column_text]<strong>1. Praznujemo 25 let Via Alpina &#8211; se nam boste pridru\u017eili?<\/strong><\/p>\n<p><span style=\"font-weight: 400;\">Na vas se nana\u0161a ena (ali ve\u010d) naslednjih lastnosti:\u00a0\u00a0<\/span><\/p>\n<ul>\n<li><span style=\"font-weight: 400;\">Imam organizacijski talent in sem sposoben\/a ve\u010dopravilnosti.\u00a0\u00a0<\/span><\/li>\n<li><span style=\"font-weight: 400;\">Rad\/a oblikujem izdelke ali kampanje za socialna omre\u017eja (tiskani izdelki, majice, table, plakati,&#8230;).\u00a0\u00a0<\/span><\/li>\n<li><span style=\"font-weight: 400;\">Imam izku\u0161nje z zbiranjem sredstev in mre\u017eenjem.\u00a0\u00a0<\/span><\/li>\n<li><span style=\"font-weight: 400;\">U\u017eivam pri delu s kamero, naj bo to foto ali video.\u00a0\u00a0<\/span><\/li>\n<li><span style=\"font-weight: 400;\">Rad\/a potujem po Alpah in nato pre\u017eivim dan s pomo\u010djo pri dogodku.\u00a0\u00a0<\/span><\/li>\n<\/ul>\n<p><span style=\"font-weight: 400;\">Vse te lastnosti so za nas izjemno pomembne, da lahko leta 2025 organiziramo vredno obletnico za Via Alpina. Kako bo dogodek to\u010dno izgledal? Tudi pri tem lahko sodelujete! V sodelovanju s sekretariatom boste prispevali k uspehu tega dogodka in pomagali, da Via Alpina postane bolj prepoznavna \u2013 tako v pohodni\u0161ki sceni kot tudi v politiki, ob\u010dinah in \u0161e marsikje!\u00a0\u00a0<\/span><\/p>\n<p><strong>2.Imate talent za jezike in ga \u017eelite uporabiti za dober namen?<\/strong><\/p>\n<p><span style=\"font-weight: 400;\">\u010ce je eden od naslednjih jezikov va\u0161 materni jezik in imate zelo dobro znanje \u0161e enega, se veselimo va\u0161e pomo\u010di:\u00a0\u00a0<\/span><\/p>\n<ul>\n<li><span style=\"font-weight: 400;\">angle\u0161\u010dina,\u00a0\u00a0<\/span><\/li>\n<li><span style=\"font-weight: 400;\">franco\u0161\u010dina,\u00a0\u00a0<\/span><\/li>\n<li><span style=\"font-weight: 400;\">nem\u0161\u010dina,\u00a0\u00a0<\/span><\/li>\n<li><span style=\"font-weight: 400;\">italijan\u0161\u010dina,\u00a0\u00a0<\/span><\/li>\n<li><span style=\"font-weight: 400;\">sloven\u0161\u010dina.\u00a0\u00a0<\/span><\/li>\n<\/ul>\n<p><span style=\"font-weight: 400;\">To so (alpski) jeziki, s katerimi dnevno delamo in s katerimi v prvi vrsti polnimo na\u0161e spletne strani. Da bi zagotovili profesionalen videz, se zana\u0161amo na naravne govorce, da bodisi prevajajo ali korigirajo na\u0161e besedilo. \u010ce \u017eelite svoj jezikovni talent uporabiti selektivno, je to prava naloga za vas!\u00a0\u00a0<\/span><\/p>\n<p><span style=\"font-weight: 400;\"><strong>3. Ali \u017eelite prehoditi Via Alpina in hkrati uresni\u010diti svoj projekt? Povejte nam ve\u010d!<\/strong>\u00a0<\/span><\/p>\n<p><span style=\"font-weight: 400;\">To je verjetno oblika anga\u017emaja, ki se najbolj pribli\u017ea ob\u010dutku, da to ni delo: na\u010drtujete, da boste prehodili Via Alpina, a \u017eelite to \u0161portno izziv zdru\u017eiti s projektom? Imate polno idej?\u00a0\u00a0<\/span><\/p>\n<p><span style=\"font-weight: 400;\">Ne glede na to, ali potrebujete nasvet, kako ga uresni\u010diti, ali \u017eelite predstaviti svoje rezultate in jih ustrezno izkoristiti: veselimo se va\u0161ih idej in vam bomo z veseljem pomagali kot mentorji. Po drugi strani pa bomo seveda veseli tudi vseh najnovej\u0161ih informacij o Via Alpina!\u00a0\u00a0<\/span><\/p>\n<p>[\/vc_column_text][vc_row_inner][vc_column_inner width=&#8221;1\/2&#8243;][vc_column_text]<strong>4. Je za vas okoljska vzgoja ve\u010d kot le abstrakten koncept? Postanite novinar Via Alpina!<\/strong><\/p>\n<p><span style=\"font-weight: 400;\">Via Alpina obravnava \u0161tevilne pomembne trajnostne teme v alpskem prostoru: od trajnostnega turizma in mobilnosti do kmetijstva, kulturne krajine, lokalnega ustvarjanja vrednosti, naravovarstvenih ukrepov, odgovornega pohodni\u0161tva&#8230; \u010ce ste vedno \u017eeleli te teme predstaviti z konkretnim primerom, bodisi kot blog, podcast ali novi\u010dnik, ste zelo dobrodo\u0161li v komunikacijski ekipi Via Alpina!\u00a0\u00a0<\/span>[\/vc_column_text][\/vc_column_inner][vc_column_inner width=&#8221;1\/2&#8243;][vc_single_image image=&#8221;2815&#8243; add_caption=&#8221;yes&#8221; alignment=&#8221;center&#8221;][\/vc_column_inner][\/vc_row_inner][\/vc_column][\/vc_row][vc_row][vc_column][vc_separator][vc_column_text]<b>Kako si lahko predstavljam sodelovanje?<\/b><\/p>\n<p><span style=\"font-weight: 400;\">\u010ceprav posku\u0161amo organizirati redna sre\u010danja v \u017eivo, se bo del va\u0161ega dela odvijal samostojno za ra\u010dunalnikom (z izjemo podpore pri dogodkih). Prednost tega je, da si lahko \u010das organizirate zelo prilagodljivo in svoji ustvarjalnosti pustite prosto pot. Vendar smo seveda vedno na voljo za izmenjavo (vsaj na spletu, a z veseljem tudi v \u017eivo, kadar koli je mogo\u010de!).\u00a0\u00a0<\/span><\/p>\n<p>&nbsp;<\/p>\n<p><b>Kaj lahko pri\u010dakujete od nas?<\/b><\/p>\n<p><span style=\"font-weight: 400;\">\u010ce boste delali za Via Alpina, boste pridobili razburljiv vpogled v koordinacijo mednarodne dolge pohodni\u0161ke poti. Seveda boste del omre\u017eja, ki ga sestavljajo na\u0161i partnerji v vseh alpskih dr\u017eavah (npr. ministrstva za okolje, alpska zdru\u017eenja &#8230;), povabljeni boste na zanimive dogodke in imeli boste prilo\u017enost za nadaljnje izobra\u017eevanje na specializiranih podro\u010djih. Kadar koli boste za Via Alpina potovali po alpskem prostoru, vam bodo stro\u0161ki seveda povrnjeni, prav tako ste vedno dobrodo\u0161li v pisarni v Lihten\u0161tajnu!\u00a0\u00a0<\/span><\/p>\n<p>&nbsp;<\/p>\n<p><b>Kontaktirajte nas<\/b><\/p>\n<p><span style=\"font-weight: 400;\">Bi radi postali prostovoljec Via Alpina? Potem se obrnite na vodjo projekta Lauro Haberfellner (<a href=\"mailto:info@via-alpina.org\">info@via-alpina.org<\/a>).<\/span>[\/vc_column_text][\/vc_column][vc_column][\/vc_column][vc_column][\/vc_column][\/vc_row]<\/p>\n<\/div>","protected":false},"excerpt":{"rendered":"<p>[vc_row full_width=&#8221;stretch_row_content_no_spaces&#8221; el_class=&#8221;sp-page-title&#8221;][vc_column][\/vc_column][\/vc_row][vc_row full_width=&#8221;stretch_row&#8221; el_class=&#8221;sp-gray&#8221;][vc_column][vc_row_inner][vc_column_inner width=&#8221;1\/2&#8243;][vc_column_text]Kdo sestavlja ekipo Via Alpina? Ekipa Via Alpina sestoji iz dveh zaposlenih in motiviranih prostovoljcev. Sekretariat Via Alpina ima sede\u017e pri CIPRA International, Mednarodni komisiji za varstvo Alp, s sede\u017eem v Lihten\u0161tajnu. Koordinacija Via Alpina vklju\u010duje razvoj projektov, komunikacijo in socialna omre\u017eja; vzdr\u017eevanje poti pa opravljajo na\u0161i partnerji (npr. alpska zdru\u017eenja in ob\u010dine) vzdol\u017e poti Via Alpina.\u00a0 [\/vc_column_text][\/vc_column_inner][vc_column_inner width=&#8221;1\/2&#8243;][vc_single_image image=&#8221;3113&#8243; add_caption=&#8221;yes&#8221;][\/vc_column_inner][\/vc_row_inner][\/vc_column][\/vc_row][vc_row full_width=&#8221;stretch_row&#8221; el_class=&#8221;sp-non-gray sp-non-gray-last&#8221;][vc_column][vc_column_text]Koga i\u0161\u010demo? I\u0161\u010demo prostovoljce, ki&#8230;\u00a0\u00a0 jih zanima trajnostni razvoj v alpskem prostoru,\u00a0\u00a0 so navdu\u0161eni nad trajnostnim turizmom in po\u010dasno mobilnostjo,\u00a0\u00a0 se po\u010dutijo udobno v ve\u010dkulturnih in ve\u010djezi\u010dnih kontekstih,\u00a0\u00a0 \u017eelijo pridobiti vpogled v delo mednarodne organizacije,\u00a0\u00a0 morda sami radi pre\u017eivljajo \u010das v gorah (\ud83d\ude09).\u00a0\u00a0 [\/vc_column_text][vc_row_inner][vc_column_inner][vc_column_text]Kako se lahko vklju\u010dite&#8230; \u010ce bi \u017eeleli podpreti Via [&hellip;]<\/p>\n","protected":false},"author":5,"featured_media":0,"parent":2288,"menu_order":5,"comment_status":"closed","ping_status":"closed","template":"","meta":{"footnotes":""},"class_list":["post-3110","page","type-page","status-publish","hentry"],"yoast_head":"<!-- This site is optimized with the Yoast SEO plugin v27.3 - https:\/\/yoast.com\/product\/yoast-seo-wordpress\/ -->\n<title>Pridru\u017eite se nam! - Via Alpina<\/title>\n<meta name=\"description\" content=\"Pridru\u017eite se nam!Kdo sestavlja ekipo Via Alpina? Ekipa Via Alpina sestoji iz dveh zaposlenih in motiviranih prostovoljcev. Sekretariat Via Alpina ima sede\u017e pri CIPRA International, Mednarodni komisiji za varstvo Alp,\" \/>\n<meta name=\"robots\" content=\"index, follow, max-snippet:-1, max-image-preview:large, max-video-preview:-1\" \/>\n<link rel=\"canonical\" href=\"https:\/\/www.via-alpina.org\/sl\/pridruzite-se-nam\/\" \/>\n<meta property=\"og:locale\" content=\"sl_SI\" \/>\n<meta property=\"og:type\" content=\"article\" \/>\n<meta property=\"og:title\" content=\"Pridru\u017eite se nam! - Via Alpina\" \/>\n<meta property=\"og:description\" content=\"[vc_row full_width=&#8221;stretch_row_content_no_spaces&#8221; el_class=&#8221;sp-page-title&#8221;][vc_column][\/vc_column][\/vc_row][vc_row full_width=&#8221;stretch_row&#8221; el_class=&#8221;sp-gray&#8221;][vc_column][vc_row_inner][vc_column_inner width=&#8221;1\/2&#8243;][vc_column_text]Kdo sestavlja ekipo Via Alpina? Ekipa Via Alpina sestoji iz dveh zaposlenih in motiviranih prostovoljcev. Sekretariat Via Alpina ima sede\u017e pri CIPRA International, Mednarodni komisiji za varstvo Alp, s sede\u017eem v Lihten\u0161tajnu. Koordinacija Via Alpina vklju\u010duje razvoj projektov, komunikacijo in socialna omre\u017eja; vzdr\u017eevanje poti pa opravljajo na\u0161i partnerji (npr. alpska zdru\u017eenja in ob\u010dine) vzdol\u017e poti Via Alpina.\u00a0 [\/vc_column_text][\/vc_column_inner][vc_column_inner width=&#8221;1\/2&#8243;][vc_single_image image=&#8221;3113&#8243; add_caption=&#8221;yes&#8221;][\/vc_column_inner][\/vc_row_inner][\/vc_column][\/vc_row][vc_row full_width=&#8221;stretch_row&#8221; el_class=&#8221;sp-non-gray sp-non-gray-last&#8221;][vc_column][vc_column_text]Koga i\u0161\u010demo? I\u0161\u010demo prostovoljce, ki&#8230;\u00a0\u00a0 jih zanima trajnostni razvoj v alpskem prostoru,\u00a0\u00a0 so navdu\u0161eni nad trajnostnim turizmom in po\u010dasno mobilnostjo,\u00a0\u00a0 se po\u010dutijo udobno v ve\u010dkulturnih in ve\u010djezi\u010dnih kontekstih,\u00a0\u00a0 \u017eelijo pridobiti vpogled v delo mednarodne organizacije,\u00a0\u00a0 morda sami radi pre\u017eivljajo \u010das v gorah (\ud83d\ude09).\u00a0\u00a0 [\/vc_column_text][vc_row_inner][vc_column_inner][vc_column_text]Kako se lahko vklju\u010dite&#8230; \u010ce bi \u017eeleli podpreti Via [&hellip;]\" \/>\n<meta property=\"og:url\" content=\"https:\/\/www.via-alpina.org\/sl\/pridruzite-se-nam\/\" \/>\n<meta property=\"og:site_name\" content=\"Via Alpina\" \/>\n<meta property=\"article:modified_time\" content=\"2025-11-18T11:13:56+00:00\" \/>\n<meta name=\"twitter:card\" content=\"summary_large_image\" \/>\n<meta name=\"twitter:label1\" content=\"Est. reading time\" \/>\n\t<meta name=\"twitter:data1\" content=\"4 minute\" \/>\n<script type=\"application\/ld+json\" class=\"yoast-schema-graph\">{\"@context\":\"https:\\\/\\\/schema.org\",\"@graph\":[{\"@type\":\"WebPage\",\"@id\":\"https:\\\/\\\/www.via-alpina.org\\\/sl\\\/pridruzite-se-nam\\\/\",\"url\":\"https:\\\/\\\/www.via-alpina.org\\\/sl\\\/pridruzite-se-nam\\\/\",\"name\":\"Pridru\u017eite se nam! - Via Alpina\",\"isPartOf\":{\"@id\":\"https:\\\/\\\/www.via-alpina.org\\\/#website\"},\"datePublished\":\"2024-11-02T17:46:06+00:00\",\"dateModified\":\"2025-11-18T11:13:56+00:00\",\"breadcrumb\":{\"@id\":\"https:\\\/\\\/www.via-alpina.org\\\/sl\\\/pridruzite-se-nam\\\/#breadcrumb\"},\"inLanguage\":\"sl-SI\",\"potentialAction\":[{\"@type\":\"ReadAction\",\"target\":[\"https:\\\/\\\/www.via-alpina.org\\\/sl\\\/pridruzite-se-nam\\\/\"]}]},{\"@type\":\"BreadcrumbList\",\"@id\":\"https:\\\/\\\/www.via-alpina.org\\\/sl\\\/pridruzite-se-nam\\\/#breadcrumb\",\"itemListElement\":[{\"@type\":\"ListItem\",\"position\":1,\"name\":\"Home\",\"item\":\"https:\\\/\\\/www.via-alpina.org\\\/sl\\\/\"},{\"@type\":\"ListItem\",\"position\":2,\"name\":\"Pridru\u017eite se nam!\"}]},{\"@type\":\"WebSite\",\"@id\":\"https:\\\/\\\/www.via-alpina.org\\\/#website\",\"url\":\"https:\\\/\\\/www.via-alpina.org\\\/\",\"name\":\"Via Alpina\",\"description\":\"\u0160e eno spleti\u0161\u010de WordPress\",\"potentialAction\":[{\"@type\":\"SearchAction\",\"target\":{\"@type\":\"EntryPoint\",\"urlTemplate\":\"https:\\\/\\\/www.via-alpina.org\\\/?s={search_term_string}\"},\"query-input\":{\"@type\":\"PropertyValueSpecification\",\"valueRequired\":true,\"valueName\":\"search_term_string\"}}],\"inLanguage\":\"sl-SI\"}]}<\/script>\n<!-- \/ Yoast SEO plugin. -->","yoast_head_json":{"title":"Pridru\u017eite se nam! - Via Alpina","description":"Pridru\u017eite se nam!Kdo sestavlja ekipo Via Alpina? Ekipa Via Alpina sestoji iz dveh zaposlenih in motiviranih prostovoljcev. Sekretariat Via Alpina ima sede\u017e pri CIPRA International, Mednarodni komisiji za varstvo Alp,","robots":{"index":"index","follow":"follow","max-snippet":"max-snippet:-1","max-image-preview":"max-image-preview:large","max-video-preview":"max-video-preview:-1"},"canonical":"https:\/\/www.via-alpina.org\/sl\/pridruzite-se-nam\/","og_locale":"sl_SI","og_type":"article","og_title":"Pridru\u017eite se nam! - Via Alpina","og_description":"[vc_row full_width=&#8221;stretch_row_content_no_spaces&#8221; el_class=&#8221;sp-page-title&#8221;][vc_column][\/vc_column][\/vc_row][vc_row full_width=&#8221;stretch_row&#8221; el_class=&#8221;sp-gray&#8221;][vc_column][vc_row_inner][vc_column_inner width=&#8221;1\/2&#8243;][vc_column_text]Kdo sestavlja ekipo Via Alpina? Ekipa Via Alpina sestoji iz dveh zaposlenih in motiviranih prostovoljcev. Sekretariat Via Alpina ima sede\u017e pri CIPRA International, Mednarodni komisiji za varstvo Alp, s sede\u017eem v Lihten\u0161tajnu. Koordinacija Via Alpina vklju\u010duje razvoj projektov, komunikacijo in socialna omre\u017eja; vzdr\u017eevanje poti pa opravljajo na\u0161i partnerji (npr. alpska zdru\u017eenja in ob\u010dine) vzdol\u017e poti Via Alpina.\u00a0 [\/vc_column_text][\/vc_column_inner][vc_column_inner width=&#8221;1\/2&#8243;][vc_single_image image=&#8221;3113&#8243; add_caption=&#8221;yes&#8221;][\/vc_column_inner][\/vc_row_inner][\/vc_column][\/vc_row][vc_row full_width=&#8221;stretch_row&#8221; el_class=&#8221;sp-non-gray sp-non-gray-last&#8221;][vc_column][vc_column_text]Koga i\u0161\u010demo? I\u0161\u010demo prostovoljce, ki&#8230;\u00a0\u00a0 jih zanima trajnostni razvoj v alpskem prostoru,\u00a0\u00a0 so navdu\u0161eni nad trajnostnim turizmom in po\u010dasno mobilnostjo,\u00a0\u00a0 se po\u010dutijo udobno v ve\u010dkulturnih in ve\u010djezi\u010dnih kontekstih,\u00a0\u00a0 \u017eelijo pridobiti vpogled v delo mednarodne organizacije,\u00a0\u00a0 morda sami radi pre\u017eivljajo \u010das v gorah (\ud83d\ude09).\u00a0\u00a0 [\/vc_column_text][vc_row_inner][vc_column_inner][vc_column_text]Kako se lahko vklju\u010dite&#8230; \u010ce bi \u017eeleli podpreti Via [&hellip;]","og_url":"https:\/\/www.via-alpina.org\/sl\/pridruzite-se-nam\/","og_site_name":"Via Alpina","article_modified_time":"2025-11-18T11:13:56+00:00","twitter_card":"summary_large_image","twitter_misc":{"Est. reading time":"4 minute"},"schema":{"@context":"https:\/\/schema.org","@graph":[{"@type":"WebPage","@id":"https:\/\/www.via-alpina.org\/sl\/pridruzite-se-nam\/","url":"https:\/\/www.via-alpina.org\/sl\/pridruzite-se-nam\/","name":"Pridru\u017eite se nam! - Via Alpina","isPartOf":{"@id":"https:\/\/www.via-alpina.org\/#website"},"datePublished":"2024-11-02T17:46:06+00:00","dateModified":"2025-11-18T11:13:56+00:00","breadcrumb":{"@id":"https:\/\/www.via-alpina.org\/sl\/pridruzite-se-nam\/#breadcrumb"},"inLanguage":"sl-SI","potentialAction":[{"@type":"ReadAction","target":["https:\/\/www.via-alpina.org\/sl\/pridruzite-se-nam\/"]}]},{"@type":"BreadcrumbList","@id":"https:\/\/www.via-alpina.org\/sl\/pridruzite-se-nam\/#breadcrumb","itemListElement":[{"@type":"ListItem","position":1,"name":"Home","item":"https:\/\/www.via-alpina.org\/sl\/"},{"@type":"ListItem","position":2,"name":"Pridru\u017eite se nam!"}]},{"@type":"WebSite","@id":"https:\/\/www.via-alpina.org\/#website","url":"https:\/\/www.via-alpina.org\/","name":"Via Alpina","description":"\u0160e eno spleti\u0161\u010de WordPress","potentialAction":[{"@type":"SearchAction","target":{"@type":"EntryPoint","urlTemplate":"https:\/\/www.via-alpina.org\/?s={search_term_string}"},"query-input":{"@type":"PropertyValueSpecification","valueRequired":true,"valueName":"search_term_string"}}],"inLanguage":"sl-SI"}]}},"_links":{"self":[{"href":"https:\/\/www.via-alpina.org\/sl\/wp-json\/wp\/v2\/pages\/3110","targetHints":{"allow":["GET"]}}],"collection":[{"href":"https:\/\/www.via-alpina.org\/sl\/wp-json\/wp\/v2\/pages"}],"about":[{"href":"https:\/\/www.via-alpina.org\/sl\/wp-json\/wp\/v2\/types\/page"}],"author":[{"embeddable":true,"href":"https:\/\/www.via-alpina.org\/sl\/wp-json\/wp\/v2\/users\/5"}],"replies":[{"embeddable":true,"href":"https:\/\/www.via-alpina.org\/sl\/wp-json\/wp\/v2\/comments?post=3110"}],"version-history":[{"count":4,"href":"https:\/\/www.via-alpina.org\/sl\/wp-json\/wp\/v2\/pages\/3110\/revisions"}],"predecessor-version":[{"id":3583,"href":"https:\/\/www.via-alpina.org\/sl\/wp-json\/wp\/v2\/pages\/3110\/revisions\/3583"}],"up":[{"embeddable":true,"href":"https:\/\/www.via-alpina.org\/sl\/wp-json\/wp\/v2\/pages\/2288"}],"wp:attachment":[{"href":"https:\/\/www.via-alpina.org\/sl\/wp-json\/wp\/v2\/media?parent=3110"}],"curies":[{"name":"wp","href":"https:\/\/api.w.org\/{rel}","templated":true}]}}