{"id":2320,"date":"2023-10-16T08:50:59","date_gmt":"2023-10-16T06:50:59","guid":{"rendered":"https:\/\/www.via-alpina.org\/web-development\/"},"modified":"2024-03-13T13:10:53","modified_gmt":"2024-03-13T12:10:53","slug":"web-development","status":"publish","type":"page","link":"https:\/\/www.via-alpina.org\/sl\/web-development\/","title":{"rendered":"Razvoj in oblikovanje spletnih strani"},"content":{"rendered":"<div class=\"wpb-content-wrapper\"><p>[vc_row full_width=&#8221;stretch_row_content_no_spaces&#8221; el_class=&#8221;sp-page-title&#8221;][vc_column]\t\t\n\t\t<div class=\"title-banner\" style=\"background-image: linear-gradient(rgba(0, 0, 0, 0.2),rgba(0, 0, 0, 0.3)),url(https:\/\/www.via-alpina.org\/wp-content\/uploads\/2023\/11\/banner-via-alpina-trail.jpg);\">\n\t\t<span class=\"banner-caption\">\u00a9 Julien Defois<\/span>\n\t\t<\/div>\n\t\t<div class=\"container container-for-crumbs\">\n\t\t\t\t<div class=\"breadcrumbs-container\">\n\t\t\t\t\t\t<div class=\"breadcrumbs\">\n\t\t\t\t\t\t\t\n\t<ul class=\"ns-breadcrumbs\">\n\t\t\t<li><a href=\"https:\/\/www.via-alpina.org\/sl\/\">Domov<\/a><\/li>\n\t\t\t\t<li>Razvoj in oblikovanje spletnih strani<\/li>\n\t<\/ul>\n\t\n\t\t\t\t\t\t\t\t<div class=\"clearfix\"><\/div>\n\t\t\t\t\t\t<\/div>\n\t\t\t\t<\/div>\n\t\t\t\t<h1 class=\"entry-title\">Razvoj in oblikovanje spletnih strani<\/h1>\n\t\t\t\t\t\t<\/div>\n\n\t\t[\/vc_column][\/vc_row][vc_row][vc_column][vc_column_text]<\/p>\n<h3>Razvoj in oblikovanje spletnih strani<\/h3>\n<p>Pri postavitvi spletne strani je <strong>digitalna agencija <span style=\"color: #f56702;\">novi<\/span>Splet <\/strong> poskrbela za:<\/p>\n<ul>\n<li>oblikovanje uporabni\u0161ke izku\u0161nje,<\/li>\n<li>spletno oblikovanje,<\/li>\n<li>tehni\u010dni vidik,<\/li>\n<li>izvedbo celotnega projekta.<\/li>\n<\/ul>\n<p>Preberi ve\u010d na <strong><a href=\"https:\/\/www.novisplet.eu\/\" target=\"_blank\" rel=\"noopener\">www.novisplet.eu<\/a><\/strong><\/p>\n<h3><\/h3>\n<h3>Vsebina spletne strani<\/h3>\n<p>Besedila in slike na spletni strani so ustvarili <strong>Via Alpina<\/strong>[\/vc_column_text][\/vc_column][\/vc_row][vc_row][vc_column][vc_empty_space][\/vc_column][\/vc_row]<\/p>\n<\/div>","protected":false},"excerpt":{"rendered":"<p>[vc_row full_width=&#8221;stretch_row_content_no_spaces&#8221; el_class=&#8221;sp-page-title&#8221;][vc_column][\/vc_column][\/vc_row][vc_row][vc_column][vc_column_text] Razvoj in oblikovanje spletnih strani Pri postavitvi spletne strani je digitalna agencija noviSplet poskrbela za: oblikovanje uporabni\u0161ke izku\u0161nje, spletno oblikovanje, tehni\u010dni vidik, izvedbo celotnega projekta. Preberi ve\u010d na www.novisplet.eu Vsebina spletne strani Besedila in slike na spletni strani so ustvarili Via Alpina[\/vc_column_text][\/vc_column][\/vc_row][vc_row][vc_column][vc_empty_space][\/vc_column][\/vc_row]<\/p>\n","protected":false},"author":1,"featured_media":0,"parent":0,"menu_order":8,"comment_status":"closed","ping_status":"closed","template":"","meta":{"footnotes":""},"class_list":["post-2320","page","type-page","status-publish","hentry"],"yoast_head":"<!-- This site is optimized with the Yoast SEO plugin v27.3 - https:\/\/yoast.com\/product\/yoast-seo-wordpress\/ -->\n<title>Razvoj in oblikovanje spletnih strani - Via Alpina<\/title>\n<meta name=\"description\" content=\"Razvoj in oblikovanje spletnih strani Pri postavitvi spletne strani je digitalna agencija noviSplet poskrbela za: oblikovanje uporabni\u0161ke izku\u0161nje, spletno oblikovanje, tehni\u010dni vidik, izvedbo celotnega projekta. Preberi ve\u010d na www.novisplet.eu Vsebina\" \/>\n<meta name=\"robots\" content=\"index, follow, max-snippet:-1, max-image-preview:large, max-video-preview:-1\" \/>\n<link rel=\"canonical\" href=\"https:\/\/www.via-alpina.org\/web-development\/\" \/>\n<meta property=\"og:locale\" content=\"sl_SI\" \/>\n<meta property=\"og:type\" content=\"article\" \/>\n<meta property=\"og:title\" content=\"Razvoj in oblikovanje spletnih strani - Via Alpina\" \/>\n<meta property=\"og:description\" content=\"[vc_row full_width=&#8221;stretch_row_content_no_spaces&#8221; el_class=&#8221;sp-page-title&#8221;][vc_column][\/vc_column][\/vc_row][vc_row][vc_column][vc_column_text] Razvoj in oblikovanje spletnih strani Pri postavitvi spletne strani je digitalna agencija noviSplet poskrbela za: oblikovanje uporabni\u0161ke izku\u0161nje, spletno oblikovanje, tehni\u010dni vidik, izvedbo celotnega projekta. Preberi ve\u010d na www.novisplet.eu Vsebina spletne strani Besedila in slike na spletni strani so ustvarili Via Alpina[\/vc_column_text][\/vc_column][\/vc_row][vc_row][vc_column][vc_empty_space][\/vc_column][\/vc_row]\" \/>\n<meta property=\"og:url\" content=\"https:\/\/www.via-alpina.org\/web-development\/\" \/>\n<meta property=\"og:site_name\" content=\"Via Alpina\" \/>\n<meta property=\"article:modified_time\" content=\"2024-03-13T12:10:53+00:00\" \/>\n<meta name=\"twitter:card\" content=\"summary_large_image\" \/>\n<meta name=\"twitter:label1\" content=\"Est. reading time\" \/>\n\t<meta name=\"twitter:data1\" content=\"1 minuta\" \/>\n<script type=\"application\/ld+json\" class=\"yoast-schema-graph\">{\"@context\":\"https:\\\/\\\/schema.org\",\"@graph\":[{\"@type\":\"WebPage\",\"@id\":\"https:\\\/\\\/www.via-alpina.org\\\/web-development\\\/\",\"url\":\"https:\\\/\\\/www.via-alpina.org\\\/web-development\\\/\",\"name\":\"Razvoj in oblikovanje spletnih strani - Via Alpina\",\"isPartOf\":{\"@id\":\"https:\\\/\\\/www.via-alpina.org\\\/#website\"},\"datePublished\":\"2023-10-16T06:50:59+00:00\",\"dateModified\":\"2024-03-13T12:10:53+00:00\",\"breadcrumb\":{\"@id\":\"https:\\\/\\\/www.via-alpina.org\\\/web-development\\\/#breadcrumb\"},\"inLanguage\":\"sl-SI\",\"potentialAction\":[{\"@type\":\"ReadAction\",\"target\":[\"https:\\\/\\\/www.via-alpina.org\\\/web-development\\\/\"]}]},{\"@type\":\"BreadcrumbList\",\"@id\":\"https:\\\/\\\/www.via-alpina.org\\\/web-development\\\/#breadcrumb\",\"itemListElement\":[{\"@type\":\"ListItem\",\"position\":1,\"name\":\"Home\",\"item\":\"https:\\\/\\\/www.via-alpina.org\\\/sl\\\/\"},{\"@type\":\"ListItem\",\"position\":2,\"name\":\"Razvoj in oblikovanje spletnih strani\"}]},{\"@type\":\"WebSite\",\"@id\":\"https:\\\/\\\/www.via-alpina.org\\\/#website\",\"url\":\"https:\\\/\\\/www.via-alpina.org\\\/\",\"name\":\"Via Alpina\",\"description\":\"\u0160e eno spleti\u0161\u010de WordPress\",\"potentialAction\":[{\"@type\":\"SearchAction\",\"target\":{\"@type\":\"EntryPoint\",\"urlTemplate\":\"https:\\\/\\\/www.via-alpina.org\\\/?s={search_term_string}\"},\"query-input\":{\"@type\":\"PropertyValueSpecification\",\"valueRequired\":true,\"valueName\":\"search_term_string\"}}],\"inLanguage\":\"sl-SI\"}]}<\/script>\n<!-- \/ Yoast SEO plugin. -->","yoast_head_json":{"title":"Razvoj in oblikovanje spletnih strani - Via Alpina","description":"Razvoj in oblikovanje spletnih strani Pri postavitvi spletne strani je digitalna agencija noviSplet poskrbela za: oblikovanje uporabni\u0161ke izku\u0161nje, spletno oblikovanje, tehni\u010dni vidik, izvedbo celotnega projekta. Preberi ve\u010d na www.novisplet.eu Vsebina","robots":{"index":"index","follow":"follow","max-snippet":"max-snippet:-1","max-image-preview":"max-image-preview:large","max-video-preview":"max-video-preview:-1"},"canonical":"https:\/\/www.via-alpina.org\/web-development\/","og_locale":"sl_SI","og_type":"article","og_title":"Razvoj in oblikovanje spletnih strani - Via Alpina","og_description":"[vc_row full_width=&#8221;stretch_row_content_no_spaces&#8221; el_class=&#8221;sp-page-title&#8221;][vc_column][\/vc_column][\/vc_row][vc_row][vc_column][vc_column_text] Razvoj in oblikovanje spletnih strani Pri postavitvi spletne strani je digitalna agencija noviSplet poskrbela za: oblikovanje uporabni\u0161ke izku\u0161nje, spletno oblikovanje, tehni\u010dni vidik, izvedbo celotnega projekta. Preberi ve\u010d na www.novisplet.eu Vsebina spletne strani Besedila in slike na spletni strani so ustvarili Via Alpina[\/vc_column_text][\/vc_column][\/vc_row][vc_row][vc_column][vc_empty_space][\/vc_column][\/vc_row]","og_url":"https:\/\/www.via-alpina.org\/web-development\/","og_site_name":"Via Alpina","article_modified_time":"2024-03-13T12:10:53+00:00","twitter_card":"summary_large_image","twitter_misc":{"Est. reading time":"1 minuta"},"schema":{"@context":"https:\/\/schema.org","@graph":[{"@type":"WebPage","@id":"https:\/\/www.via-alpina.org\/web-development\/","url":"https:\/\/www.via-alpina.org\/web-development\/","name":"Razvoj in oblikovanje spletnih strani - Via Alpina","isPartOf":{"@id":"https:\/\/www.via-alpina.org\/#website"},"datePublished":"2023-10-16T06:50:59+00:00","dateModified":"2024-03-13T12:10:53+00:00","breadcrumb":{"@id":"https:\/\/www.via-alpina.org\/web-development\/#breadcrumb"},"inLanguage":"sl-SI","potentialAction":[{"@type":"ReadAction","target":["https:\/\/www.via-alpina.org\/web-development\/"]}]},{"@type":"BreadcrumbList","@id":"https:\/\/www.via-alpina.org\/web-development\/#breadcrumb","itemListElement":[{"@type":"ListItem","position":1,"name":"Home","item":"https:\/\/www.via-alpina.org\/sl\/"},{"@type":"ListItem","position":2,"name":"Razvoj in oblikovanje spletnih strani"}]},{"@type":"WebSite","@id":"https:\/\/www.via-alpina.org\/#website","url":"https:\/\/www.via-alpina.org\/","name":"Via Alpina","description":"\u0160e eno spleti\u0161\u010de WordPress","potentialAction":[{"@type":"SearchAction","target":{"@type":"EntryPoint","urlTemplate":"https:\/\/www.via-alpina.org\/?s={search_term_string}"},"query-input":{"@type":"PropertyValueSpecification","valueRequired":true,"valueName":"search_term_string"}}],"inLanguage":"sl-SI"}]}},"_links":{"self":[{"href":"https:\/\/www.via-alpina.org\/sl\/wp-json\/wp\/v2\/pages\/2320","targetHints":{"allow":["GET"]}}],"collection":[{"href":"https:\/\/www.via-alpina.org\/sl\/wp-json\/wp\/v2\/pages"}],"about":[{"href":"https:\/\/www.via-alpina.org\/sl\/wp-json\/wp\/v2\/types\/page"}],"author":[{"embeddable":true,"href":"https:\/\/www.via-alpina.org\/sl\/wp-json\/wp\/v2\/users\/1"}],"replies":[{"embeddable":true,"href":"https:\/\/www.via-alpina.org\/sl\/wp-json\/wp\/v2\/comments?post=2320"}],"version-history":[{"count":0,"href":"https:\/\/www.via-alpina.org\/sl\/wp-json\/wp\/v2\/pages\/2320\/revisions"}],"wp:attachment":[{"href":"https:\/\/www.via-alpina.org\/sl\/wp-json\/wp\/v2\/media?parent=2320"}],"curies":[{"name":"wp","href":"https:\/\/api.w.org\/{rel}","templated":true}]}}