{"id":2312,"date":"2023-10-16T08:51:31","date_gmt":"2023-10-16T06:51:31","guid":{"rendered":"https:\/\/www.via-alpina.org\/cookies\/"},"modified":"2024-03-13T13:05:01","modified_gmt":"2024-03-13T12:05:01","slug":"cookies","status":"publish","type":"page","link":"https:\/\/www.via-alpina.org\/sl\/cookies\/","title":{"rendered":"Cookies"},"content":{"rendered":"<div class=\"wpb-content-wrapper\"><p>[vc_row full_width=&#8221;stretch_row_content_no_spaces&#8221; el_class=&#8221;sp-page-title&#8221;][vc_column]\t\t\n\t\t<div class=\"title-banner\" style=\"background-image: linear-gradient(rgba(0, 0, 0, 0.2),rgba(0, 0, 0, 0.3)),url(https:\/\/www.via-alpina.org\/wp-content\/uploads\/2023\/11\/banner-via-alpina-trail.jpg);\">\n\t\t<span class=\"banner-caption\">\u00a9 Julien Defois<\/span>\n\t\t<\/div>\n\t\t<div class=\"container container-for-crumbs\">\n\t\t\t\t<div class=\"breadcrumbs-container\">\n\t\t\t\t\t\t<div class=\"breadcrumbs\">\n\t\t\t\t\t\t\t\n\t<ul class=\"ns-breadcrumbs\">\n\t\t\t<li><a href=\"https:\/\/www.via-alpina.org\/sl\/\">Domov<\/a><\/li>\n\t\t\t\t<li>Cookies<\/li>\n\t<\/ul>\n\t\n\t\t\t\t\t\t\t\t<div class=\"clearfix\"><\/div>\n\t\t\t\t\t\t<\/div>\n\t\t\t\t<\/div>\n\t\t\t\t<h1 class=\"entry-title\">Cookies<\/h1>\n\t\t\t\t\t\t<\/div>\n\n\t\t[\/vc_column][\/vc_row][vc_row][vc_column][vc_column_text]<\/p>\n<div class=\"vc_row wpb_row vc_row-fluid\">\n<div class=\"wpb_column vc_column_container vc_col-sm-12\">\n<div class=\"vc_column-inner \">\n<div class=\"wpb_wrapper\">\n<div class=\"wpb_text_column wpb_content_element \">\n<div class=\"wpb_wrapper\">\n<p>Piskotki so majhne datoteke, ki se nalo\u017eijo na va\u0161 ra\u010dunalnik, da izbolj\u0161ajo izku\u0161njo uporabnika.<\/p>\n<p>Piskotki niso \u0161kodljivi in so vedno omejeni na dolo\u010den \u010das.<\/p>\n<p>Uporabljamo naslednje piskotke:<\/p>\n<p>Skupina 1:<br \/>\nSo klju\u010dni in brez njih spletno mesto ne bo delovalo, kot bi moralo. Prilagajajo se, ko po\u0161ljete obrazec, opravite nakup na spletu ali opravite katerokoli interakcijo s spletno stranjo, ki presega preprosto klikanje na povezave. Za te piskotke ne potrebujemo va\u0161ega soglasja.<\/p>\n<p>Skupina 2:<br \/>\nAnalizirajo promet na spletnih mestih, kar lahko izbolj\u0161a izku\u0161njo uporabnika. Z uporabo spletne strani se strinjate, da se namestijo na va\u0161 ra\u010dunalnik.<\/p>\n<p>Skupina 3:<br \/>\nPiskotki na\u0161ih partnerskih storitev, kot so Facebook, Twitter, Google in drugi. \u010ce se ne strinjate, piskotki ne bodo nastavljeni, vendar se lahko zgodi, da nekatere zanimive funkcije spletne strani ne bodo na voljo.<\/p>\n<p>Kako upravljati in onemogo\u010diti pi\u0161kotke na va\u0161em ra\u010dunalniku:<\/p>\n<p>Shranjevanje pi\u0161kotkov je pod va\u0161im popolnim nadzorom, saj vam uporabljeni brskalnik omogo\u010da, da jih shranite, omejite ali onemogo\u010dite.<\/p>\n<p>Za informacije o nastavitvah pi\u0161kotkov izberite uporabljeni spletni brskalnik.<\/p>\n<p><a href=\"https:\/\/support.google.com\/chrome\/answer\/95647?hl=sl-sl&amp;p=cpn_cookies\" target=\"_blank\" rel=\"noopener\">Chrome<\/a><br \/>\n<a href=\"http:\/\/support.mozilla.org\/sl\/kb\/omogocanje-in-onemogocanje-piskotkov\" target=\"_blank\" rel=\"noopener\">Firefox<\/a><br \/>\n<a href=\"http:\/\/windows.microsoft.com\/sl-si\/windows-vista\/block-or-allow-cookies\" target=\"_blank\" rel=\"noopener\">Internet Explorer<\/a><br \/>\n<a href=\"http:\/\/www.opera.com\/help\/tutorials\/security\/cookies\/\" target=\"_blank\" rel=\"noopener\">Opera<\/a><br \/>\n<a href=\"https:\/\/support.apple.com\/sl-si\/HT201265\" target=\"_blank\" rel=\"noopener\">Safari<\/a><\/p>\n<p>\u010ce onemogo\u010dite pi\u0161kotke, bodo nekatere mo\u017enosti spletne strani onemogo\u010dene.<\/p>\n<p>Seznam pi\u0161kotkov, ki jih uporablja ta spletna stran:<\/p><\/div>\n<\/div>\n<\/div>\n<\/div>\n<\/div>\n<\/div>\n<div class=\"vc_row wpb_row vc_row-fluid\">\n<div class=\"wpb_column vc_column_container vc_col-sm-3\">\n<div class=\"vc_column-inner \">\n<div class=\"wpb_wrapper\">\n<div class=\"wpb_text_column wpb_content_element \">\n<div class=\"wpb_wrapper\">\n<ul>\n<li>IME PI\u0160KOTKA: __utma<\/li>\n<li>OPIS: Statistika ogledov strani<\/li>\n<li>STORITVE: Google Analytics<\/li>\n<li>\u010cAS TRAJANJA PI\u0160KOTKA: 2 leti<\/li>\n<\/ul>\n<\/div>\n<\/div>\n<\/div>\n<\/div>\n<\/div>\n<div class=\"wpb_column vc_column_container vc_col-sm-3\">\n<div class=\"vc_column-inner \">\n<div class=\"wpb_wrapper\">\n<div class=\"wpb_text_column wpb_content_element \">\n<div class=\"wpb_wrapper\">\n<ul>\n<li>IME PI\u0160KOTKA: __utmb<\/li>\n<li>OPIS: Statistika ogledov strani<\/li>\n<li>STORITVE: Google Analytics<\/li>\n<li>\u010cAS TRAJANJA PI\u0160KOTKA: 1 dan<\/li>\n<\/ul>\n<\/div>\n<\/div>\n<\/div>\n<\/div>\n<\/div>\n<div class=\"wpb_column vc_column_container vc_col-sm-3\">\n<div class=\"vc_column-inner \">\n<div class=\"wpb_wrapper\">\n<div class=\"wpb_text_column wpb_content_element \">\n<div class=\"wpb_wrapper\">\n<ul>\n<li>IME PI\u0160KOTKA: __utmc<\/li>\n<li>OPIS: Statistika ogledov strani<\/li>\n<li>STORITVE: Google Analytics<\/li>\n<li>\u010cAS TRAJANJA PI\u0160KOTKA: Konec te seje<\/li>\n<\/ul>\n<\/div>\n<\/div>\n<\/div>\n<\/div>\n<\/div>\n<div class=\"wpb_column vc_column_container vc_col-sm-3\">\n<div class=\"vc_column-inner \">\n<div class=\"wpb_wrapper\">\n<div class=\"wpb_text_column wpb_content_element \">\n<div class=\"wpb_wrapper\">\n<ul>\n<li>IME PI\u0160KOTKA: __utmz<\/li>\n<li>OPIS: Statistika ogledov strani<\/li>\n<li>STORITVE: Google Analytics<\/li>\n<li>\u010cAS TRAJANJA PI\u0160KOTKA: 6 mesecev<\/li>\n<\/ul>\n<\/div>\n<\/div>\n<\/div>\n<\/div>\n<\/div>\n<\/div>\n<h2><\/h2>\n<p>[\/vc_column_text][\/vc_column][\/vc_row][vc_row][vc_column][vc_empty_space][\/vc_column][\/vc_row]<\/p>\n<\/div>","protected":false},"excerpt":{"rendered":"<p>[vc_row full_width=&#8221;stretch_row_content_no_spaces&#8221; el_class=&#8221;sp-page-title&#8221;][vc_column][\/vc_column][\/vc_row][vc_row][vc_column][vc_column_text] Piskotki so majhne datoteke, ki se nalo\u017eijo na va\u0161 ra\u010dunalnik, da izbolj\u0161ajo izku\u0161njo uporabnika. Piskotki niso \u0161kodljivi in so vedno omejeni na dolo\u010den \u010das. Uporabljamo naslednje piskotke: Skupina 1: So klju\u010dni in brez njih spletno mesto ne bo delovalo, kot bi moralo. Prilagajajo se, ko po\u0161ljete obrazec, opravite nakup na spletu ali opravite katerokoli interakcijo s spletno stranjo, ki presega preprosto klikanje na povezave. Za te piskotke ne potrebujemo va\u0161ega soglasja. Skupina 2: Analizirajo promet na spletnih mestih, kar lahko izbolj\u0161a izku\u0161njo uporabnika. Z uporabo spletne strani se strinjate, da se namestijo na va\u0161 ra\u010dunalnik. Skupina 3: Piskotki na\u0161ih partnerskih storitev, kot so Facebook, Twitter, Google in drugi. \u010ce se ne strinjate, piskotki ne bodo nastavljeni, vendar [&hellip;]<\/p>\n","protected":false},"author":1,"featured_media":0,"parent":0,"menu_order":9,"comment_status":"closed","ping_status":"closed","template":"","meta":{"footnotes":""},"class_list":["post-2312","page","type-page","status-publish","hentry"],"yoast_head":"<!-- This site is optimized with the Yoast SEO plugin v27.3 - https:\/\/yoast.com\/product\/yoast-seo-wordpress\/ -->\n<title>Cookies - Via Alpina<\/title>\n<meta name=\"description\" content=\"Piskotki so majhne datoteke, ki se nalo\u017eijo na va\u0161 ra\u010dunalnik, da izbolj\u0161ajo izku\u0161njo uporabnika. Piskotki niso \u0161kodljivi in so vedno omejeni na dolo\u010den \u010das. Uporabljamo naslednje piskotke: Skupina 1: So\" \/>\n<meta name=\"robots\" content=\"index, follow, max-snippet:-1, max-image-preview:large, max-video-preview:-1\" \/>\n<link rel=\"canonical\" href=\"https:\/\/www.via-alpina.org\/cookies\/\" \/>\n<meta property=\"og:locale\" content=\"sl_SI\" \/>\n<meta property=\"og:type\" content=\"article\" \/>\n<meta property=\"og:title\" content=\"Cookies - Via Alpina\" \/>\n<meta property=\"og:description\" content=\"[vc_row full_width=&#8221;stretch_row_content_no_spaces&#8221; el_class=&#8221;sp-page-title&#8221;][vc_column][\/vc_column][\/vc_row][vc_row][vc_column][vc_column_text] Piskotki so majhne datoteke, ki se nalo\u017eijo na va\u0161 ra\u010dunalnik, da izbolj\u0161ajo izku\u0161njo uporabnika. Piskotki niso \u0161kodljivi in so vedno omejeni na dolo\u010den \u010das. Uporabljamo naslednje piskotke: Skupina 1: So klju\u010dni in brez njih spletno mesto ne bo delovalo, kot bi moralo. Prilagajajo se, ko po\u0161ljete obrazec, opravite nakup na spletu ali opravite katerokoli interakcijo s spletno stranjo, ki presega preprosto klikanje na povezave. Za te piskotke ne potrebujemo va\u0161ega soglasja. Skupina 2: Analizirajo promet na spletnih mestih, kar lahko izbolj\u0161a izku\u0161njo uporabnika. Z uporabo spletne strani se strinjate, da se namestijo na va\u0161 ra\u010dunalnik. Skupina 3: Piskotki na\u0161ih partnerskih storitev, kot so Facebook, Twitter, Google in drugi. \u010ce se ne strinjate, piskotki ne bodo nastavljeni, vendar [&hellip;]\" \/>\n<meta property=\"og:url\" content=\"https:\/\/www.via-alpina.org\/cookies\/\" \/>\n<meta property=\"og:site_name\" content=\"Via Alpina\" \/>\n<meta property=\"article:modified_time\" content=\"2024-03-13T12:05:01+00:00\" \/>\n<meta name=\"twitter:card\" content=\"summary_large_image\" \/>\n<meta name=\"twitter:label1\" content=\"Est. reading time\" \/>\n\t<meta name=\"twitter:data1\" content=\"2 minuti\" \/>\n<script type=\"application\/ld+json\" class=\"yoast-schema-graph\">{\"@context\":\"https:\\\/\\\/schema.org\",\"@graph\":[{\"@type\":\"WebPage\",\"@id\":\"https:\\\/\\\/www.via-alpina.org\\\/cookies\\\/\",\"url\":\"https:\\\/\\\/www.via-alpina.org\\\/cookies\\\/\",\"name\":\"Cookies - Via Alpina\",\"isPartOf\":{\"@id\":\"https:\\\/\\\/www.via-alpina.org\\\/#website\"},\"datePublished\":\"2023-10-16T06:51:31+00:00\",\"dateModified\":\"2024-03-13T12:05:01+00:00\",\"breadcrumb\":{\"@id\":\"https:\\\/\\\/www.via-alpina.org\\\/cookies\\\/#breadcrumb\"},\"inLanguage\":\"sl-SI\",\"potentialAction\":[{\"@type\":\"ReadAction\",\"target\":[\"https:\\\/\\\/www.via-alpina.org\\\/cookies\\\/\"]}]},{\"@type\":\"BreadcrumbList\",\"@id\":\"https:\\\/\\\/www.via-alpina.org\\\/cookies\\\/#breadcrumb\",\"itemListElement\":[{\"@type\":\"ListItem\",\"position\":1,\"name\":\"Home\",\"item\":\"https:\\\/\\\/www.via-alpina.org\\\/sl\\\/\"},{\"@type\":\"ListItem\",\"position\":2,\"name\":\"Cookies\"}]},{\"@type\":\"WebSite\",\"@id\":\"https:\\\/\\\/www.via-alpina.org\\\/#website\",\"url\":\"https:\\\/\\\/www.via-alpina.org\\\/\",\"name\":\"Via Alpina\",\"description\":\"\u0160e eno spleti\u0161\u010de WordPress\",\"potentialAction\":[{\"@type\":\"SearchAction\",\"target\":{\"@type\":\"EntryPoint\",\"urlTemplate\":\"https:\\\/\\\/www.via-alpina.org\\\/?s={search_term_string}\"},\"query-input\":{\"@type\":\"PropertyValueSpecification\",\"valueRequired\":true,\"valueName\":\"search_term_string\"}}],\"inLanguage\":\"sl-SI\"}]}<\/script>\n<!-- \/ Yoast SEO plugin. -->","yoast_head_json":{"title":"Cookies - Via Alpina","description":"Piskotki so majhne datoteke, ki se nalo\u017eijo na va\u0161 ra\u010dunalnik, da izbolj\u0161ajo izku\u0161njo uporabnika. Piskotki niso \u0161kodljivi in so vedno omejeni na dolo\u010den \u010das. Uporabljamo naslednje piskotke: Skupina 1: So","robots":{"index":"index","follow":"follow","max-snippet":"max-snippet:-1","max-image-preview":"max-image-preview:large","max-video-preview":"max-video-preview:-1"},"canonical":"https:\/\/www.via-alpina.org\/cookies\/","og_locale":"sl_SI","og_type":"article","og_title":"Cookies - Via Alpina","og_description":"[vc_row full_width=&#8221;stretch_row_content_no_spaces&#8221; el_class=&#8221;sp-page-title&#8221;][vc_column][\/vc_column][\/vc_row][vc_row][vc_column][vc_column_text] Piskotki so majhne datoteke, ki se nalo\u017eijo na va\u0161 ra\u010dunalnik, da izbolj\u0161ajo izku\u0161njo uporabnika. Piskotki niso \u0161kodljivi in so vedno omejeni na dolo\u010den \u010das. Uporabljamo naslednje piskotke: Skupina 1: So klju\u010dni in brez njih spletno mesto ne bo delovalo, kot bi moralo. Prilagajajo se, ko po\u0161ljete obrazec, opravite nakup na spletu ali opravite katerokoli interakcijo s spletno stranjo, ki presega preprosto klikanje na povezave. Za te piskotke ne potrebujemo va\u0161ega soglasja. Skupina 2: Analizirajo promet na spletnih mestih, kar lahko izbolj\u0161a izku\u0161njo uporabnika. Z uporabo spletne strani se strinjate, da se namestijo na va\u0161 ra\u010dunalnik. Skupina 3: Piskotki na\u0161ih partnerskih storitev, kot so Facebook, Twitter, Google in drugi. \u010ce se ne strinjate, piskotki ne bodo nastavljeni, vendar [&hellip;]","og_url":"https:\/\/www.via-alpina.org\/cookies\/","og_site_name":"Via Alpina","article_modified_time":"2024-03-13T12:05:01+00:00","twitter_card":"summary_large_image","twitter_misc":{"Est. reading time":"2 minuti"},"schema":{"@context":"https:\/\/schema.org","@graph":[{"@type":"WebPage","@id":"https:\/\/www.via-alpina.org\/cookies\/","url":"https:\/\/www.via-alpina.org\/cookies\/","name":"Cookies - Via Alpina","isPartOf":{"@id":"https:\/\/www.via-alpina.org\/#website"},"datePublished":"2023-10-16T06:51:31+00:00","dateModified":"2024-03-13T12:05:01+00:00","breadcrumb":{"@id":"https:\/\/www.via-alpina.org\/cookies\/#breadcrumb"},"inLanguage":"sl-SI","potentialAction":[{"@type":"ReadAction","target":["https:\/\/www.via-alpina.org\/cookies\/"]}]},{"@type":"BreadcrumbList","@id":"https:\/\/www.via-alpina.org\/cookies\/#breadcrumb","itemListElement":[{"@type":"ListItem","position":1,"name":"Home","item":"https:\/\/www.via-alpina.org\/sl\/"},{"@type":"ListItem","position":2,"name":"Cookies"}]},{"@type":"WebSite","@id":"https:\/\/www.via-alpina.org\/#website","url":"https:\/\/www.via-alpina.org\/","name":"Via Alpina","description":"\u0160e eno spleti\u0161\u010de WordPress","potentialAction":[{"@type":"SearchAction","target":{"@type":"EntryPoint","urlTemplate":"https:\/\/www.via-alpina.org\/?s={search_term_string}"},"query-input":{"@type":"PropertyValueSpecification","valueRequired":true,"valueName":"search_term_string"}}],"inLanguage":"sl-SI"}]}},"_links":{"self":[{"href":"https:\/\/www.via-alpina.org\/sl\/wp-json\/wp\/v2\/pages\/2312","targetHints":{"allow":["GET"]}}],"collection":[{"href":"https:\/\/www.via-alpina.org\/sl\/wp-json\/wp\/v2\/pages"}],"about":[{"href":"https:\/\/www.via-alpina.org\/sl\/wp-json\/wp\/v2\/types\/page"}],"author":[{"embeddable":true,"href":"https:\/\/www.via-alpina.org\/sl\/wp-json\/wp\/v2\/users\/1"}],"replies":[{"embeddable":true,"href":"https:\/\/www.via-alpina.org\/sl\/wp-json\/wp\/v2\/comments?post=2312"}],"version-history":[{"count":0,"href":"https:\/\/www.via-alpina.org\/sl\/wp-json\/wp\/v2\/pages\/2312\/revisions"}],"wp:attachment":[{"href":"https:\/\/www.via-alpina.org\/sl\/wp-json\/wp\/v2\/media?parent=2312"}],"curies":[{"name":"wp","href":"https:\/\/api.w.org\/{rel}","templated":true}]}}