{"id":2288,"date":"2023-10-25T09:02:01","date_gmt":"2023-10-25T07:02:01","guid":{"rendered":"https:\/\/www.via-alpina.org\/community\/"},"modified":"2025-06-12T14:46:11","modified_gmt":"2025-06-12T12:46:11","slug":"skupnost","status":"publish","type":"page","link":"https:\/\/www.via-alpina.org\/sl\/skupnost\/","title":{"rendered":"Skupnost"},"content":{"rendered":"<div class=\"wpb-content-wrapper\"><p>[vc_row full_width=&#8221;stretch_row_content_no_spaces&#8221; el_class=&#8221;sp-page-title&#8221;][vc_column]\t\t\n\t\t<div class=\"title-banner\" style=\"background-image: linear-gradient(rgba(0, 0, 0, 0.2),rgba(0, 0, 0, 0.3)),url(https:\/\/www.via-alpina.org\/wp-content\/uploads\/2023\/11\/banner-via-alpina-community.jpg);\">\n\t\t<span class=\"banner-caption\">Bunderchrinde\/CH \u00a9 Sophia Niederkofler<\/span>\n\t\t<\/div>\n\t\t<div class=\"container container-for-crumbs\">\n\t\t\t\t<div class=\"breadcrumbs-container\">\n\t\t\t\t\t\t<div class=\"breadcrumbs\">\n\t\t\t\t\t\t\t\n\t<ul class=\"ns-breadcrumbs\">\n\t\t\t<li><a href=\"https:\/\/www.via-alpina.org\/sl\/\">Domov<\/a><\/li>\n\t\t\t\t<li>Skupnost<\/li>\n\t<\/ul>\n\t\n\t\t\t\t\t\t\t\t<div class=\"clearfix\"><\/div>\n\t\t\t\t\t\t<\/div>\n\t\t\t\t<\/div>\n\t\t\t\t<h1 class=\"entry-title\">Skupnost<\/h1>\n\t\t\t\t\t\t<\/div>\n\n\t\t[\/vc_column][\/vc_row][vc_row][vc_column][vc_column_text]Pohod Via Alpina ni zgolj \u010dezmejno do\u017eivetje, temve\u010d tudi fizi\u010den in psihi\u010den izziv. Via Alpina pohodnikom omogo\u010da preizku\u0161anje svojih meja, pote\u0161itev radovednosti, iskanje samega sebe ter prilo\u017enosti za sre\u010devanje in izmenjavo z ljudmi, ki se nahajajo na ali pa ob poti.<\/p>\n<p>Pohodni\u0161ka do\u017eivetja so \u0161e posebej prijetna, \u010de jih delimo z enako misle\u010dimi ljudmi, ki cenijo naravo tako kot mi. Postanite del na\u0161e skupnosti z uporabo klju\u010dnika #viaalpina<\/p>\n<p>Imate vpra\u0161anje ali predlog? Po\u0161ljite nam elektronsko sporo\u010dilo na naslov <a href=\"mailto:info@via-alpina.org\">info@via-alpina.org<\/a>.[\/vc_column_text][\/vc_column][\/vc_row][vc_row][vc_column][vc_row full_width=\"stretch_row_content_no_spaces\" el_class=\"instagram-belt\"][vc_column][vc_raw_html]JTVCaW5zdGFncmFtLWZlZWQlMjBmZWVkJTNEMSU1RA==[\/vc_raw_html]    \n    <div class=\"wpb_raw_code wpb_content_element wpb_raw_html asbutton \">\n      <div class=\"wpb_wrapper\">\n                    <\/div>\n    <\/div>\n\n    [\/vc_column][\/vc_row][\/vc_column][\/vc_row][vc_row][vc_column]<div class=\"loop-container  \"><div class=\"row\" id=\"1699265671128-2f22f2a8-7a21\"><div class=\"loop-item col-lg-12 col-md-12 col-sm-12 col-xs-12\"><div class=\"loop-item-inner\"><div class=\"wpb-content-wrapper\"><p>[vc_row][vc_column]            \t\t\t            \t<div class=\"loop-item-horizontal\">\n\t\t\t\t\n                <div class=\"c1 vc_col-xs-12 vc_col-md-5\">\n                    <a href=\"https:\/\/www.via-alpina.org\/sl\/news\/3394\/\">                        <div >\n                            <img decoding=\"async\" src=\"https:\/\/www.via-alpina.org\/slir\/w627-316-c627.316\/wp-content\/themes\/ns_template\/assets\/images\/no-image.png\" class=\"img-responsive\">\n                        <\/div>\n                    <\/a>                <\/div>\n                <div class=\"c2 vc_col-xs-12 vc_col-md-7\">\n\t\t\t\t\t<h4>\n                        <a href=\"https:\/\/www.via-alpina.org\/sl\/news\/3394\/\"><\/a>                    <\/h4>\n\t\t\t\t\t<p>Via Alpina turns 25! To mark this milestone, we\u2019re hosting a series of events across the Alps. Join us as we celebrate our shared alpine journey and look ahead to the future.\r\n   \r\n\r\n\r\nWhen\r\nWhere\r\nTitle\r\nPublic\r\n\r\n\r\n27.03.-15.04.2025\r\nSaint-Martin<\/p>\n\t\t\t\t\t<a href=\"https:\/\/www.via-alpina.org\/sl\/news\/3394\/\" class=\"btn  btn-default btn-lg\">Ve\u010d o projektu<\/a>\n\n\t\t\t\t\t\t\n\t\t\t\t\t\n                    \n                <\/div>  \n            <\/div>\n            [\/vc_column][\/vc_row]<\/p>\n<\/div><\/div><\/div><\/div><\/div>[vc_column_text]<\/p>\n<p style=\"text-align: center;\"><a href=\"https:\/\/www.via-alpina.org\/sl\/arhiv\/\">Arhiv novic<\/a><\/p>\n<p>[\/vc_column_text][vc_empty_space][\/vc_column][\/vc_row]<\/p>\n<\/div>","protected":false},"excerpt":{"rendered":"<p>[vc_row full_width=&#8221;stretch_row_content_no_spaces&#8221; el_class=&#8221;sp-page-title&#8221;][vc_column][\/vc_column][\/vc_row][vc_row][vc_column][vc_column_text]Pohod Via Alpina ni zgolj \u010dezmejno do\u017eivetje, temve\u010d tudi fizi\u010den in psihi\u010den izziv. Via Alpina pohodnikom omogo\u010da preizku\u0161anje svojih meja, pote\u0161itev radovednosti, iskanje samega sebe ter prilo\u017enosti za sre\u010devanje in izmenjavo z ljudmi, ki se nahajajo na ali pa ob poti. Pohodni\u0161ka do\u017eivetja so \u0161e posebej prijetna, \u010de jih delimo z enako misle\u010dimi ljudmi, ki cenijo naravo tako kot mi. Postanite del na\u0161e skupnosti z uporabo klju\u010dnika #viaalpina Imate vpra\u0161anje ali predlog? Po\u0161ljite nam elektronsko sporo\u010dilo na naslov info@via-alpina.org.[\/vc_column_text][\/vc_column][\/vc_row][vc_row][vc_column][\/vc_column][\/vc_row][vc_row][vc_column][vc_column_text] Arhiv novic [\/vc_column_text][vc_empty_space][\/vc_column][\/vc_row]<\/p>\n","protected":false},"author":1,"featured_media":0,"parent":0,"menu_order":4,"comment_status":"closed","ping_status":"closed","template":"","meta":{"footnotes":""},"class_list":["post-2288","page","type-page","status-publish","hentry"],"yoast_head":"<!-- This site is optimized with the Yoast SEO plugin v27.3 - https:\/\/yoast.com\/product\/yoast-seo-wordpress\/ -->\n<title>Skupnost - Via Alpina<\/title>\n<meta name=\"description\" content=\"Via Alpina turns 25! To mark this milestone, we\u2019re hosting a series of events across the Alps. Join us as we celebrate our shared alpine journey and look ahead to\" \/>\n<meta name=\"robots\" content=\"index, follow, max-snippet:-1, max-image-preview:large, max-video-preview:-1\" \/>\n<link rel=\"canonical\" href=\"https:\/\/www.via-alpina.org\/community\/\" \/>\n<meta property=\"og:locale\" content=\"sl_SI\" \/>\n<meta property=\"og:type\" content=\"article\" \/>\n<meta property=\"og:title\" content=\"Skupnost - Via Alpina\" \/>\n<meta property=\"og:description\" content=\"[vc_row full_width=&#8221;stretch_row_content_no_spaces&#8221; el_class=&#8221;sp-page-title&#8221;][vc_column][\/vc_column][\/vc_row][vc_row][vc_column][vc_column_text]Pohod Via Alpina ni zgolj \u010dezmejno do\u017eivetje, temve\u010d tudi fizi\u010den in psihi\u010den izziv. Via Alpina pohodnikom omogo\u010da preizku\u0161anje svojih meja, pote\u0161itev radovednosti, iskanje samega sebe ter prilo\u017enosti za sre\u010devanje in izmenjavo z ljudmi, ki se nahajajo na ali pa ob poti. Pohodni\u0161ka do\u017eivetja so \u0161e posebej prijetna, \u010de jih delimo z enako misle\u010dimi ljudmi, ki cenijo naravo tako kot mi. Postanite del na\u0161e skupnosti z uporabo klju\u010dnika #viaalpina Imate vpra\u0161anje ali predlog? Po\u0161ljite nam elektronsko sporo\u010dilo na naslov info@via-alpina.org.[\/vc_column_text][\/vc_column][\/vc_row][vc_row][vc_column][\/vc_column][\/vc_row][vc_row][vc_column][vc_column_text] Arhiv novic [\/vc_column_text][vc_empty_space][\/vc_column][\/vc_row]\" \/>\n<meta property=\"og:url\" content=\"https:\/\/www.via-alpina.org\/community\/\" \/>\n<meta property=\"og:site_name\" content=\"Via Alpina\" \/>\n<meta property=\"article:modified_time\" content=\"2025-06-12T12:46:11+00:00\" \/>\n<meta name=\"twitter:card\" content=\"summary_large_image\" \/>\n<meta name=\"twitter:label1\" content=\"Est. reading time\" \/>\n\t<meta name=\"twitter:data1\" content=\"1 minuta\" \/>\n<script type=\"application\/ld+json\" class=\"yoast-schema-graph\">{\"@context\":\"https:\\\/\\\/schema.org\",\"@graph\":[{\"@type\":\"WebPage\",\"@id\":\"https:\\\/\\\/www.via-alpina.org\\\/community\\\/\",\"url\":\"https:\\\/\\\/www.via-alpina.org\\\/community\\\/\",\"name\":\"Skupnost - Via Alpina\",\"isPartOf\":{\"@id\":\"https:\\\/\\\/www.via-alpina.org\\\/#website\"},\"datePublished\":\"2023-10-25T07:02:01+00:00\",\"dateModified\":\"2025-06-12T12:46:11+00:00\",\"breadcrumb\":{\"@id\":\"https:\\\/\\\/www.via-alpina.org\\\/community\\\/#breadcrumb\"},\"inLanguage\":\"sl-SI\",\"potentialAction\":[{\"@type\":\"ReadAction\",\"target\":[\"https:\\\/\\\/www.via-alpina.org\\\/community\\\/\"]}]},{\"@type\":\"BreadcrumbList\",\"@id\":\"https:\\\/\\\/www.via-alpina.org\\\/community\\\/#breadcrumb\",\"itemListElement\":[{\"@type\":\"ListItem\",\"position\":1,\"name\":\"Home\",\"item\":\"https:\\\/\\\/www.via-alpina.org\\\/sl\\\/\"},{\"@type\":\"ListItem\",\"position\":2,\"name\":\"Skupnost\"}]},{\"@type\":\"WebSite\",\"@id\":\"https:\\\/\\\/www.via-alpina.org\\\/#website\",\"url\":\"https:\\\/\\\/www.via-alpina.org\\\/\",\"name\":\"Via Alpina\",\"description\":\"\u0160e eno spleti\u0161\u010de WordPress\",\"potentialAction\":[{\"@type\":\"SearchAction\",\"target\":{\"@type\":\"EntryPoint\",\"urlTemplate\":\"https:\\\/\\\/www.via-alpina.org\\\/?s={search_term_string}\"},\"query-input\":{\"@type\":\"PropertyValueSpecification\",\"valueRequired\":true,\"valueName\":\"search_term_string\"}}],\"inLanguage\":\"sl-SI\"}]}<\/script>\n<!-- \/ Yoast SEO plugin. -->","yoast_head_json":{"title":"Skupnost - Via Alpina","description":"Via Alpina turns 25! To mark this milestone, we\u2019re hosting a series of events across the Alps. Join us as we celebrate our shared alpine journey and look ahead to","robots":{"index":"index","follow":"follow","max-snippet":"max-snippet:-1","max-image-preview":"max-image-preview:large","max-video-preview":"max-video-preview:-1"},"canonical":"https:\/\/www.via-alpina.org\/community\/","og_locale":"sl_SI","og_type":"article","og_title":"Skupnost - Via Alpina","og_description":"[vc_row full_width=&#8221;stretch_row_content_no_spaces&#8221; el_class=&#8221;sp-page-title&#8221;][vc_column][\/vc_column][\/vc_row][vc_row][vc_column][vc_column_text]Pohod Via Alpina ni zgolj \u010dezmejno do\u017eivetje, temve\u010d tudi fizi\u010den in psihi\u010den izziv. Via Alpina pohodnikom omogo\u010da preizku\u0161anje svojih meja, pote\u0161itev radovednosti, iskanje samega sebe ter prilo\u017enosti za sre\u010devanje in izmenjavo z ljudmi, ki se nahajajo na ali pa ob poti. Pohodni\u0161ka do\u017eivetja so \u0161e posebej prijetna, \u010de jih delimo z enako misle\u010dimi ljudmi, ki cenijo naravo tako kot mi. Postanite del na\u0161e skupnosti z uporabo klju\u010dnika #viaalpina Imate vpra\u0161anje ali predlog? Po\u0161ljite nam elektronsko sporo\u010dilo na naslov info@via-alpina.org.[\/vc_column_text][\/vc_column][\/vc_row][vc_row][vc_column][\/vc_column][\/vc_row][vc_row][vc_column][vc_column_text] Arhiv novic [\/vc_column_text][vc_empty_space][\/vc_column][\/vc_row]","og_url":"https:\/\/www.via-alpina.org\/community\/","og_site_name":"Via Alpina","article_modified_time":"2025-06-12T12:46:11+00:00","twitter_card":"summary_large_image","twitter_misc":{"Est. reading time":"1 minuta"},"schema":{"@context":"https:\/\/schema.org","@graph":[{"@type":"WebPage","@id":"https:\/\/www.via-alpina.org\/community\/","url":"https:\/\/www.via-alpina.org\/community\/","name":"Skupnost - Via Alpina","isPartOf":{"@id":"https:\/\/www.via-alpina.org\/#website"},"datePublished":"2023-10-25T07:02:01+00:00","dateModified":"2025-06-12T12:46:11+00:00","breadcrumb":{"@id":"https:\/\/www.via-alpina.org\/community\/#breadcrumb"},"inLanguage":"sl-SI","potentialAction":[{"@type":"ReadAction","target":["https:\/\/www.via-alpina.org\/community\/"]}]},{"@type":"BreadcrumbList","@id":"https:\/\/www.via-alpina.org\/community\/#breadcrumb","itemListElement":[{"@type":"ListItem","position":1,"name":"Home","item":"https:\/\/www.via-alpina.org\/sl\/"},{"@type":"ListItem","position":2,"name":"Skupnost"}]},{"@type":"WebSite","@id":"https:\/\/www.via-alpina.org\/#website","url":"https:\/\/www.via-alpina.org\/","name":"Via Alpina","description":"\u0160e eno spleti\u0161\u010de WordPress","potentialAction":[{"@type":"SearchAction","target":{"@type":"EntryPoint","urlTemplate":"https:\/\/www.via-alpina.org\/?s={search_term_string}"},"query-input":{"@type":"PropertyValueSpecification","valueRequired":true,"valueName":"search_term_string"}}],"inLanguage":"sl-SI"}]}},"_links":{"self":[{"href":"https:\/\/www.via-alpina.org\/sl\/wp-json\/wp\/v2\/pages\/2288","targetHints":{"allow":["GET"]}}],"collection":[{"href":"https:\/\/www.via-alpina.org\/sl\/wp-json\/wp\/v2\/pages"}],"about":[{"href":"https:\/\/www.via-alpina.org\/sl\/wp-json\/wp\/v2\/types\/page"}],"author":[{"embeddable":true,"href":"https:\/\/www.via-alpina.org\/sl\/wp-json\/wp\/v2\/users\/1"}],"replies":[{"embeddable":true,"href":"https:\/\/www.via-alpina.org\/sl\/wp-json\/wp\/v2\/comments?post=2288"}],"version-history":[{"count":1,"href":"https:\/\/www.via-alpina.org\/sl\/wp-json\/wp\/v2\/pages\/2288\/revisions"}],"predecessor-version":[{"id":3421,"href":"https:\/\/www.via-alpina.org\/sl\/wp-json\/wp\/v2\/pages\/2288\/revisions\/3421"}],"wp:attachment":[{"href":"https:\/\/www.via-alpina.org\/sl\/wp-json\/wp\/v2\/media?parent=2288"}],"curies":[{"name":"wp","href":"https:\/\/api.w.org\/{rel}","templated":true}]}}