{"id":4431,"date":"2026-04-24T16:13:24","date_gmt":"2026-04-24T14:13:24","guid":{"rendered":"https:\/\/www.via-alpina.org\/?page_id=4431"},"modified":"2026-04-24T16:32:47","modified_gmt":"2026-04-24T14:32:47","slug":"concorso-fotografica-e-video-2026","status":"publish","type":"page","link":"https:\/\/www.via-alpina.org\/it\/comunita\/concorso-fotografica-e-video-2026\/","title":{"rendered":"Concorso fotografica e video 2026"},"content":{"rendered":"<div class=\"wpb-content-wrapper\"><p>[vc_row full_width=&#8221;stretch_row_content_no_spaces&#8221; el_class=&#8221;sp-page-title&#8221;][vc_column]\t\t\n\t\t<div class=\"title-banner\" style=\"background-image: linear-gradient(rgba(0, 0, 0, 0.2),rgba(0, 0, 0, 0.3)),url(https:\/\/www.via-alpina.org\/wp-content\/uploads\/2024\/01\/r-57-traverse-des-drei-schwestern-sur-la-via-alpina-scaled.jpg);\">\n\t\t<span class=\"banner-caption\">Drei Schwestern\/LI \u00a9 Julien Defois<\/span>\n\t\t<\/div>\n\t\t<div class=\"container container-for-crumbs\">\n\t\t\t\t<div class=\"breadcrumbs-container\">\n\t\t\t\t\t\t<div class=\"breadcrumbs\">\n\t\t\t\t\t\t\t\n\t<ul class=\"ns-breadcrumbs\">\n\t\t\t<li><a href=\"https:\/\/www.via-alpina.org\/it\/\">Home<\/a><\/li>\n\t\t\t\t\t<li><a href=\"https:\/\/www.via-alpina.org\/it\/comunita\/\">Comunit\u00e0<\/a><\/li>\n\t\t\t\t<li>Concorso fotografica e video 2026<\/li>\n\t<\/ul>\n\t\n\t\t\t\t\t\t\t\t<div class=\"clearfix\"><\/div>\n\t\t\t\t\t\t<\/div>\n\t\t\t\t<\/div>\n\t\t\t\t<h1 class=\"entry-title\">Concorso fotografica e video 2026<\/h1>\n\t\t\t\t\t\t<\/div>\n\n\t\t[\/vc_column][\/vc_row][vc_row][vc_column][vc_column_text]<\/p>\n<h2><strong>Il concorso fotografico e video della Via Alpina giunge alla seconda edizione: invia la tua foto della stagione sulla Via Alpina!<\/strong><\/h2>\n<p>&nbsp;<\/p>\n<p>Quest&#8217;estate, la Via Alpina invita escursionisti, avventurieri e amanti della montagna a partecipare a un concorso fotografico e video che celebra le esperienze personali lungo la Via Alpina. Con questo bando aperto, vogliamo raccogliere e condividere le impressioni del percorso \u2014 momenti di stupore, connessione, sfida e bellezza \u2014 cos\u00ec come vengono vissuti da chi lo percorre. Che tu abbia immortalato un paesaggio spettacolare, un incontro significativo o un momento di tranquillit\u00e0 nella natura, ci piacerebbe pubblicarlo.<\/p>\n<h2 class=\"mceTemp\"><\/h2>\n<h2><b>Perch\u00e9 partecipare? <\/b><\/h2>\n<p><span style=\"font-weight: 400;\">Le Alpi non sono solo una destinazione, ma uno spazio vivo e condiviso che collega persone e culture oltre i confini. Il concorso offre l&#8217;opportunit\u00e0 di contribuire alla crescita della comunit\u00e0 della Via Alpina e di ispirare altre persone a scoprire questo percorso escursionistico a lunga distanza davvero unico, in modo personale e sostenibile. I tuoi contributi saranno pubblicati sui canali social e sul sito web di Via Alpina e aiuteranno a documentare l\u2019esperienza di camminare attraverso la regione alpina in una campagna autentica e partecipativa. <\/span><\/p>\n<div class=\"mceTemp\"><\/div>\n<h2><b>Come partecipare<\/b><\/h2>\n<p>Carica la tua foto o il tuo video direttamente tramite <a href=\"https:\/\/docs.google.com\/forms\/d\/e\/1FAIpQLScp8C5MsAxcg2uZt9dmQeIb2T6b-bL7WT3wYk7GERrr_yVaMQ\/viewform?usp=preview\">questo modulo.<\/a><\/p>\n<p>Assicurati che i file video non superino la dimensione massima consentita per il caricamento (controlla i limiti di Google Forms).<\/p>\n<p><span style=\"font-weight: 400;\">Inviando il tuo contenuto, concedi a Via Alpina il permesso di pubblicarlo sulle nostre piattaforme social e sul sito web. La propriet\u00e0 rimane all\u2019autore originale e verr\u00e0 dato il giusto credito ogni volta che possibile. <\/span><\/p>\n<h2><b>Tempistiche <\/b><\/h2>\n<p><span style=\"font-weight: 400;\">La campagna durer\u00e0 per tutta la stagione 2026 fino al 1\u00b0 ottobre 2026, incoraggiando gli escursionisti a condividere le loro storie durante la stagione escursionistica di punta.\u00a0<\/span><\/p>\n<h2>Aiutaci a raccontare la storia delle Alpi<\/h2>\n<p>Questo \u00e8 molto pi\u00f9 di un semplice concorso: \u00e8 un invito a co-creare il panorama visivo ed emotivo della Via Alpina.<\/p>\n<p><span style=\"font-weight: 400;\"><span style=\"font-weight: 400;\">Condividendo il tuo punto di vista, aiuti a ispirare i futuri escursionisti e a promuovere un legame pi\u00f9 profondo con la ricchezza naturale e culturale della regione alpina. Per maggiori informazioni e aggiornamenti, seguici su Instagram e Facebook oppure visita <\/span><\/span>sito web.[\/vc_column_text][vc_empty_space][\/vc_column][vc_column][\/vc_column][\/vc_row]<\/p>\n<\/div>","protected":false},"excerpt":{"rendered":"<p>[vc_row full_width=&#8221;stretch_row_content_no_spaces&#8221; el_class=&#8221;sp-page-title&#8221;][vc_column][\/vc_column][\/vc_row][vc_row][vc_column][vc_column_text] Il concorso fotografico e video della Via Alpina giunge alla seconda edizione: invia la tua foto della stagione sulla Via Alpina! &nbsp; Quest&#8217;estate, la Via Alpina invita escursionisti, avventurieri e amanti della montagna a partecipare a un concorso fotografico e video che celebra le esperienze personali lungo la Via Alpina. Con questo bando aperto, vogliamo raccogliere e condividere le impressioni del percorso \u2014 momenti di stupore, connessione, sfida e bellezza \u2014 cos\u00ec come vengono vissuti da chi lo percorre. Che tu abbia immortalato un paesaggio spettacolare, un incontro significativo o un momento di tranquillit\u00e0 nella natura, ci piacerebbe pubblicarlo. Perch\u00e9 partecipare? Le Alpi non sono solo una destinazione, ma uno spazio vivo e condiviso che collega persone [&hellip;]<\/p>\n","protected":false},"author":8,"featured_media":0,"parent":2287,"menu_order":3,"comment_status":"closed","ping_status":"closed","template":"","meta":{"footnotes":""},"class_list":["post-4431","page","type-page","status-publish","hentry"],"yoast_head":"<!-- This site is optimized with the Yoast SEO plugin v27.3 - https:\/\/yoast.com\/product\/yoast-seo-wordpress\/ -->\n<title>Concorso fotografica e video 2026 - Via Alpina<\/title>\n<meta name=\"description\" content=\"Il concorso fotografico e video della Via Alpina giunge alla seconda edizione: invia la tua foto della stagione sulla Via Alpina! &nbsp; Quest&#039;estate, la Via Alpina invita escursionisti, avventurieri e\" \/>\n<meta name=\"robots\" content=\"index, follow, max-snippet:-1, max-image-preview:large, max-video-preview:-1\" \/>\n<link rel=\"canonical\" href=\"https:\/\/www.via-alpina.org\/it\/comunita\/concorso-fotografica-e-video-2026\/\" \/>\n<meta property=\"og:locale\" content=\"it_IT\" \/>\n<meta property=\"og:type\" content=\"article\" \/>\n<meta property=\"og:title\" content=\"Concorso fotografica e video 2026 - Via Alpina\" \/>\n<meta property=\"og:description\" content=\"[vc_row full_width=&#8221;stretch_row_content_no_spaces&#8221; el_class=&#8221;sp-page-title&#8221;][vc_column][\/vc_column][\/vc_row][vc_row][vc_column][vc_column_text] Il concorso fotografico e video della Via Alpina giunge alla seconda edizione: invia la tua foto della stagione sulla Via Alpina! &nbsp; Quest&#8217;estate, la Via Alpina invita escursionisti, avventurieri e amanti della montagna a partecipare a un concorso fotografico e video che celebra le esperienze personali lungo la Via Alpina. Con questo bando aperto, vogliamo raccogliere e condividere le impressioni del percorso \u2014 momenti di stupore, connessione, sfida e bellezza \u2014 cos\u00ec come vengono vissuti da chi lo percorre. Che tu abbia immortalato un paesaggio spettacolare, un incontro significativo o un momento di tranquillit\u00e0 nella natura, ci piacerebbe pubblicarlo. Perch\u00e9 partecipare? Le Alpi non sono solo una destinazione, ma uno spazio vivo e condiviso che collega persone [&hellip;]\" \/>\n<meta property=\"og:url\" content=\"https:\/\/www.via-alpina.org\/it\/comunita\/concorso-fotografica-e-video-2026\/\" \/>\n<meta property=\"og:site_name\" content=\"Via Alpina\" \/>\n<meta property=\"article:modified_time\" content=\"2026-04-24T14:32:47+00:00\" \/>\n<meta name=\"twitter:card\" content=\"summary_large_image\" \/>\n<meta name=\"twitter:label1\" content=\"Tempo di lettura stimato\" \/>\n\t<meta name=\"twitter:data1\" content=\"2 minuti\" \/>\n<script type=\"application\/ld+json\" class=\"yoast-schema-graph\">{\"@context\":\"https:\\\/\\\/schema.org\",\"@graph\":[{\"@type\":\"WebPage\",\"@id\":\"https:\\\/\\\/www.via-alpina.org\\\/it\\\/comunita\\\/concorso-fotografica-e-video-2026\\\/\",\"url\":\"https:\\\/\\\/www.via-alpina.org\\\/it\\\/comunita\\\/concorso-fotografica-e-video-2026\\\/\",\"name\":\"Concorso fotografica e video 2026 - Via Alpina\",\"isPartOf\":{\"@id\":\"https:\\\/\\\/www.via-alpina.org\\\/#website\"},\"datePublished\":\"2026-04-24T14:13:24+00:00\",\"dateModified\":\"2026-04-24T14:32:47+00:00\",\"breadcrumb\":{\"@id\":\"https:\\\/\\\/www.via-alpina.org\\\/it\\\/comunita\\\/concorso-fotografica-e-video-2026\\\/#breadcrumb\"},\"inLanguage\":\"it-IT\",\"potentialAction\":[{\"@type\":\"ReadAction\",\"target\":[\"https:\\\/\\\/www.via-alpina.org\\\/it\\\/comunita\\\/concorso-fotografica-e-video-2026\\\/\"]}]},{\"@type\":\"BreadcrumbList\",\"@id\":\"https:\\\/\\\/www.via-alpina.org\\\/it\\\/comunita\\\/concorso-fotografica-e-video-2026\\\/#breadcrumb\",\"itemListElement\":[{\"@type\":\"ListItem\",\"position\":1,\"name\":\"Home\",\"item\":\"https:\\\/\\\/www.via-alpina.org\\\/it\\\/\"},{\"@type\":\"ListItem\",\"position\":2,\"name\":\"Comunit\u00e0\",\"item\":\"https:\\\/\\\/www.via-alpina.org\\\/community\\\/\"},{\"@type\":\"ListItem\",\"position\":3,\"name\":\"Concorso fotografica e video 2026\"}]},{\"@type\":\"WebSite\",\"@id\":\"https:\\\/\\\/www.via-alpina.org\\\/#website\",\"url\":\"https:\\\/\\\/www.via-alpina.org\\\/\",\"name\":\"Via Alpina\",\"description\":\"\u0160e eno spleti\u0161\u010de WordPress\",\"potentialAction\":[{\"@type\":\"SearchAction\",\"target\":{\"@type\":\"EntryPoint\",\"urlTemplate\":\"https:\\\/\\\/www.via-alpina.org\\\/?s={search_term_string}\"},\"query-input\":{\"@type\":\"PropertyValueSpecification\",\"valueRequired\":true,\"valueName\":\"search_term_string\"}}],\"inLanguage\":\"it-IT\"}]}<\/script>\n<!-- \/ Yoast SEO plugin. -->","yoast_head_json":{"title":"Concorso fotografica e video 2026 - Via Alpina","description":"Il concorso fotografico e video della Via Alpina giunge alla seconda edizione: invia la tua foto della stagione sulla Via Alpina! &nbsp; Quest'estate, la Via Alpina invita escursionisti, avventurieri e","robots":{"index":"index","follow":"follow","max-snippet":"max-snippet:-1","max-image-preview":"max-image-preview:large","max-video-preview":"max-video-preview:-1"},"canonical":"https:\/\/www.via-alpina.org\/it\/comunita\/concorso-fotografica-e-video-2026\/","og_locale":"it_IT","og_type":"article","og_title":"Concorso fotografica e video 2026 - Via Alpina","og_description":"[vc_row full_width=&#8221;stretch_row_content_no_spaces&#8221; el_class=&#8221;sp-page-title&#8221;][vc_column][\/vc_column][\/vc_row][vc_row][vc_column][vc_column_text] Il concorso fotografico e video della Via Alpina giunge alla seconda edizione: invia la tua foto della stagione sulla Via Alpina! &nbsp; Quest&#8217;estate, la Via Alpina invita escursionisti, avventurieri e amanti della montagna a partecipare a un concorso fotografico e video che celebra le esperienze personali lungo la Via Alpina. Con questo bando aperto, vogliamo raccogliere e condividere le impressioni del percorso \u2014 momenti di stupore, connessione, sfida e bellezza \u2014 cos\u00ec come vengono vissuti da chi lo percorre. Che tu abbia immortalato un paesaggio spettacolare, un incontro significativo o un momento di tranquillit\u00e0 nella natura, ci piacerebbe pubblicarlo. Perch\u00e9 partecipare? Le Alpi non sono solo una destinazione, ma uno spazio vivo e condiviso che collega persone [&hellip;]","og_url":"https:\/\/www.via-alpina.org\/it\/comunita\/concorso-fotografica-e-video-2026\/","og_site_name":"Via Alpina","article_modified_time":"2026-04-24T14:32:47+00:00","twitter_card":"summary_large_image","twitter_misc":{"Tempo di lettura stimato":"2 minuti"},"schema":{"@context":"https:\/\/schema.org","@graph":[{"@type":"WebPage","@id":"https:\/\/www.via-alpina.org\/it\/comunita\/concorso-fotografica-e-video-2026\/","url":"https:\/\/www.via-alpina.org\/it\/comunita\/concorso-fotografica-e-video-2026\/","name":"Concorso fotografica e video 2026 - Via Alpina","isPartOf":{"@id":"https:\/\/www.via-alpina.org\/#website"},"datePublished":"2026-04-24T14:13:24+00:00","dateModified":"2026-04-24T14:32:47+00:00","breadcrumb":{"@id":"https:\/\/www.via-alpina.org\/it\/comunita\/concorso-fotografica-e-video-2026\/#breadcrumb"},"inLanguage":"it-IT","potentialAction":[{"@type":"ReadAction","target":["https:\/\/www.via-alpina.org\/it\/comunita\/concorso-fotografica-e-video-2026\/"]}]},{"@type":"BreadcrumbList","@id":"https:\/\/www.via-alpina.org\/it\/comunita\/concorso-fotografica-e-video-2026\/#breadcrumb","itemListElement":[{"@type":"ListItem","position":1,"name":"Home","item":"https:\/\/www.via-alpina.org\/it\/"},{"@type":"ListItem","position":2,"name":"Comunit\u00e0","item":"https:\/\/www.via-alpina.org\/community\/"},{"@type":"ListItem","position":3,"name":"Concorso fotografica e video 2026"}]},{"@type":"WebSite","@id":"https:\/\/www.via-alpina.org\/#website","url":"https:\/\/www.via-alpina.org\/","name":"Via Alpina","description":"\u0160e eno spleti\u0161\u010de WordPress","potentialAction":[{"@type":"SearchAction","target":{"@type":"EntryPoint","urlTemplate":"https:\/\/www.via-alpina.org\/?s={search_term_string}"},"query-input":{"@type":"PropertyValueSpecification","valueRequired":true,"valueName":"search_term_string"}}],"inLanguage":"it-IT"}]}},"_links":{"self":[{"href":"https:\/\/www.via-alpina.org\/it\/wp-json\/wp\/v2\/pages\/4431","targetHints":{"allow":["GET"]}}],"collection":[{"href":"https:\/\/www.via-alpina.org\/it\/wp-json\/wp\/v2\/pages"}],"about":[{"href":"https:\/\/www.via-alpina.org\/it\/wp-json\/wp\/v2\/types\/page"}],"author":[{"embeddable":true,"href":"https:\/\/www.via-alpina.org\/it\/wp-json\/wp\/v2\/users\/8"}],"replies":[{"embeddable":true,"href":"https:\/\/www.via-alpina.org\/it\/wp-json\/wp\/v2\/comments?post=4431"}],"version-history":[{"count":5,"href":"https:\/\/www.via-alpina.org\/it\/wp-json\/wp\/v2\/pages\/4431\/revisions"}],"predecessor-version":[{"id":4539,"href":"https:\/\/www.via-alpina.org\/it\/wp-json\/wp\/v2\/pages\/4431\/revisions\/4539"}],"up":[{"embeddable":true,"href":"https:\/\/www.via-alpina.org\/it\/wp-json\/wp\/v2\/pages\/2287"}],"wp:attachment":[{"href":"https:\/\/www.via-alpina.org\/it\/wp-json\/wp\/v2\/media?parent=4431"}],"curies":[{"name":"wp","href":"https:\/\/api.w.org\/{rel}","templated":true}]}}