{"id":4118,"date":"2026-04-01T16:07:45","date_gmt":"2026-04-01T14:07:45","guid":{"rendered":"https:\/\/www.via-alpina.org\/?page_id=4118"},"modified":"2026-04-01T16:07:45","modified_gmt":"2026-04-01T14:07:45","slug":"fai-una-donazione","status":"publish","type":"page","link":"https:\/\/www.via-alpina.org\/it\/la-via-alpina\/fai-una-donazione\/","title":{"rendered":"Fai una donazione"},"content":{"rendered":"<div class=\"wpb-content-wrapper\"><p>[vc_row full_width=&#8221;stretch_row_content_no_spaces&#8221; el_class=&#8221;sp-page-title&#8221;][vc_column]\t\t\n\t\t<div class=\"title-banner\" style=\"background-image: linear-gradient(rgba(0, 0, 0, 0.2),rgba(0, 0, 0, 0.3)),url(https:\/\/www.via-alpina.org\/wp-content\/uploads\/2026\/03\/20250807_1718341-Yanis-ESSAOUDI-CARRA-scaled-e1772617031411.jpg);\">\n\t\t<span class=\"banner-caption\">(c) Yanis Essaoudi Carra<\/span>\n\t\t<\/div>\n\t\t<div class=\"container container-for-crumbs\">\n\t\t\t\t<div class=\"breadcrumbs-container\">\n\t\t\t\t\t\t<div class=\"breadcrumbs\">\n\t\t\t\t\t\t\t\n\t<ul class=\"ns-breadcrumbs\">\n\t\t\t<li><a href=\"https:\/\/www.via-alpina.org\/it\/\">Home<\/a><\/li>\n\t\t\t\t\t<li><a href=\"https:\/\/www.via-alpina.org\/it\/la-via-alpina\/\">La Via Alpina<\/a><\/li>\n\t\t\t\t<li>Fai una donazione<\/li>\n\t<\/ul>\n\t\n\t\t\t\t\t\t\t\t<div class=\"clearfix\"><\/div>\n\t\t\t\t\t\t<\/div>\n\t\t\t\t<\/div>\n\t\t\t\t<h1 class=\"entry-title\">Fai una donazione<\/h1>\n\t\t\t\t\t\t<\/div>\n\n\t\t[\/vc_column][\/vc_row][vc_row][vc_column][vc_column_text][\/vc_column_text][vc_empty_space][\/vc_column][\/vc_row][vc_row][vc_column width=&#8221;1\/2&#8243;][vc_column_text]<strong><span class=\"font-semibold\">Aiutaci a mantenere viva la Via Alpina \u2014 grazie al tuo sostegno!<\/span><\/strong><\/p>\n<p>La Via Alpina \u00e8 gestita principalmente da volontari appassionati che aggiornano le informazioni sui sentieri, gestiscono il sito web e i social media e sviluppano nuove attivit\u00e0 e progetti. La tua donazione alimenta il loro impegno e garantisce che questo iconico sentiero escursionistico rimanga accessibile, affidabile e fonte di ispirazione per gli escursionisti di tutta l&#8217;Alpe![\/vc_column_text][\/vc_column][vc_column width=&#8221;1\/2&#8243;][vc_raw_html]PHNjcmlwdCB0eXBlPSJtb2R1bGUiIHNyYz0iaHR0cHM6Ly9kb25vcmJveC5vcmcvd2lkZ2V0cy5qcyIgYXN5bmM9IiI+PC9zY3JpcHQ+PGRib3gtd2lkZ2V0IGNhbXBhaWduPSJ2aWFhbHBpbmEiIHR5cGU9ImRvbmF0aW9uX2Zvcm0iIGVuYWJsZS1hdXRvLXNjcm9sbD0idHJ1ZSI+PC9kYm94LXdpZGdldD4=[\/vc_raw_html][\/vc_column][\/vc_row]<\/p>\n<\/div>","protected":false},"excerpt":{"rendered":"<p>[vc_row full_width=&#8221;stretch_row_content_no_spaces&#8221; el_class=&#8221;sp-page-title&#8221;][vc_column][\/vc_column][\/vc_row][vc_row][vc_column][vc_column_text][\/vc_column_text][vc_empty_space][\/vc_column][\/vc_row][vc_row][vc_column width=&#8221;1\/2&#8243;][vc_column_text]Aiutaci a mantenere viva la Via Alpina \u2014 grazie al tuo sostegno! La Via Alpina \u00e8 gestita principalmente da volontari appassionati che aggiornano le informazioni sui sentieri, gestiscono il sito web e i social media e sviluppano nuove attivit\u00e0 e progetti. La tua donazione alimenta il loro impegno e garantisce che questo iconico sentiero escursionistico rimanga accessibile, affidabile e fonte di ispirazione per gli escursionisti di tutta l&#8217;Alpe![\/vc_column_text][\/vc_column][vc_column width=&#8221;1\/2&#8243;][vc_raw_html]PHNjcmlwdCB0eXBlPSJtb2R1bGUiIHNyYz0iaHR0cHM6Ly9kb25vcmJveC5vcmcvd2lkZ2V0cy5qcyIgYXN5bmM9IiI+PC9zY3JpcHQ+PGRib3gtd2lkZ2V0IGNhbXBhaWduPSJ2aWFhbHBpbmEiIHR5cGU9ImRvbmF0aW9uX2Zvcm0iIGVuYWJsZS1hdXRvLXNjcm9sbD0idHJ1ZSI+PC9kYm94LXdpZGdldD4=[\/vc_raw_html][\/vc_column][\/vc_row]<\/p>\n","protected":false},"author":6,"featured_media":0,"parent":2291,"menu_order":0,"comment_status":"closed","ping_status":"closed","template":"","meta":{"footnotes":""},"class_list":["post-4118","page","type-page","status-publish","hentry"],"yoast_head":"<!-- This site is optimized with the Yoast SEO plugin v27.3 - https:\/\/yoast.com\/product\/yoast-seo-wordpress\/ -->\n<title>Fai una donazione - Via Alpina<\/title>\n<meta name=\"description\" content=\"Aiutaci a mantenere viva la Via Alpina \u2014 grazie al tuo sostegno! La Via Alpina \u00e8 gestita principalmente da volontari appassionati che aggiornano le informazioni sui sentieri, gestiscono il sito\" \/>\n<meta name=\"robots\" content=\"index, follow, max-snippet:-1, max-image-preview:large, max-video-preview:-1\" \/>\n<link rel=\"canonical\" href=\"https:\/\/www.via-alpina.org\/it\/la-via-alpina\/fai-una-donazione\/\" \/>\n<meta property=\"og:locale\" content=\"it_IT\" \/>\n<meta property=\"og:type\" content=\"article\" \/>\n<meta property=\"og:title\" content=\"Fai una donazione - Via Alpina\" \/>\n<meta property=\"og:description\" content=\"[vc_row full_width=&#8221;stretch_row_content_no_spaces&#8221; el_class=&#8221;sp-page-title&#8221;][vc_column][\/vc_column][\/vc_row][vc_row][vc_column][vc_column_text][\/vc_column_text][vc_empty_space][\/vc_column][\/vc_row][vc_row][vc_column width=&#8221;1\/2&#8243;][vc_column_text]Aiutaci a mantenere viva la Via Alpina \u2014 grazie al tuo sostegno! La Via Alpina \u00e8 gestita principalmente da volontari appassionati che aggiornano le informazioni sui sentieri, gestiscono il sito web e i social media e sviluppano nuove attivit\u00e0 e progetti. La tua donazione alimenta il loro impegno e garantisce che questo iconico sentiero escursionistico rimanga accessibile, affidabile e fonte di ispirazione per gli escursionisti di tutta l&#8217;Alpe![\/vc_column_text][\/vc_column][vc_column width=&#8221;1\/2&#8243;][vc_raw_html]PHNjcmlwdCB0eXBlPSJtb2R1bGUiIHNyYz0iaHR0cHM6Ly9kb25vcmJveC5vcmcvd2lkZ2V0cy5qcyIgYXN5bmM9IiI+PC9zY3JpcHQ+PGRib3gtd2lkZ2V0IGNhbXBhaWduPSJ2aWFhbHBpbmEiIHR5cGU9ImRvbmF0aW9uX2Zvcm0iIGVuYWJsZS1hdXRvLXNjcm9sbD0idHJ1ZSI+PC9kYm94LXdpZGdldD4=[\/vc_raw_html][\/vc_column][\/vc_row]\" \/>\n<meta property=\"og:url\" content=\"https:\/\/www.via-alpina.org\/it\/la-via-alpina\/fai-una-donazione\/\" \/>\n<meta property=\"og:site_name\" content=\"Via Alpina\" \/>\n<meta name=\"twitter:card\" content=\"summary_large_image\" \/>\n<meta name=\"twitter:label1\" content=\"Tempo di lettura stimato\" \/>\n\t<meta name=\"twitter:data1\" content=\"1 minuto\" \/>\n<script type=\"application\/ld+json\" class=\"yoast-schema-graph\">{\"@context\":\"https:\\\/\\\/schema.org\",\"@graph\":[{\"@type\":\"WebPage\",\"@id\":\"https:\\\/\\\/www.via-alpina.org\\\/it\\\/la-via-alpina\\\/fai-una-donazione\\\/\",\"url\":\"https:\\\/\\\/www.via-alpina.org\\\/it\\\/la-via-alpina\\\/fai-una-donazione\\\/\",\"name\":\"Fai una donazione - Via Alpina\",\"isPartOf\":{\"@id\":\"https:\\\/\\\/www.via-alpina.org\\\/#website\"},\"datePublished\":\"2026-04-01T14:07:45+00:00\",\"breadcrumb\":{\"@id\":\"https:\\\/\\\/www.via-alpina.org\\\/it\\\/la-via-alpina\\\/fai-una-donazione\\\/#breadcrumb\"},\"inLanguage\":\"it-IT\",\"potentialAction\":[{\"@type\":\"ReadAction\",\"target\":[\"https:\\\/\\\/www.via-alpina.org\\\/it\\\/la-via-alpina\\\/fai-una-donazione\\\/\"]}]},{\"@type\":\"BreadcrumbList\",\"@id\":\"https:\\\/\\\/www.via-alpina.org\\\/it\\\/la-via-alpina\\\/fai-una-donazione\\\/#breadcrumb\",\"itemListElement\":[{\"@type\":\"ListItem\",\"position\":1,\"name\":\"Home\",\"item\":\"https:\\\/\\\/www.via-alpina.org\\\/it\\\/\"},{\"@type\":\"ListItem\",\"position\":2,\"name\":\"La Via Alpina\",\"item\":\"https:\\\/\\\/www.via-alpina.org\\\/via-alpina\\\/\"},{\"@type\":\"ListItem\",\"position\":3,\"name\":\"Fai una donazione\"}]},{\"@type\":\"WebSite\",\"@id\":\"https:\\\/\\\/www.via-alpina.org\\\/#website\",\"url\":\"https:\\\/\\\/www.via-alpina.org\\\/\",\"name\":\"Via Alpina\",\"description\":\"\u0160e eno spleti\u0161\u010de WordPress\",\"potentialAction\":[{\"@type\":\"SearchAction\",\"target\":{\"@type\":\"EntryPoint\",\"urlTemplate\":\"https:\\\/\\\/www.via-alpina.org\\\/?s={search_term_string}\"},\"query-input\":{\"@type\":\"PropertyValueSpecification\",\"valueRequired\":true,\"valueName\":\"search_term_string\"}}],\"inLanguage\":\"it-IT\"}]}<\/script>\n<!-- \/ Yoast SEO plugin. -->","yoast_head_json":{"title":"Fai una donazione - Via Alpina","description":"Aiutaci a mantenere viva la Via Alpina \u2014 grazie al tuo sostegno! La Via Alpina \u00e8 gestita principalmente da volontari appassionati che aggiornano le informazioni sui sentieri, gestiscono il sito","robots":{"index":"index","follow":"follow","max-snippet":"max-snippet:-1","max-image-preview":"max-image-preview:large","max-video-preview":"max-video-preview:-1"},"canonical":"https:\/\/www.via-alpina.org\/it\/la-via-alpina\/fai-una-donazione\/","og_locale":"it_IT","og_type":"article","og_title":"Fai una donazione - Via Alpina","og_description":"[vc_row full_width=&#8221;stretch_row_content_no_spaces&#8221; el_class=&#8221;sp-page-title&#8221;][vc_column][\/vc_column][\/vc_row][vc_row][vc_column][vc_column_text][\/vc_column_text][vc_empty_space][\/vc_column][\/vc_row][vc_row][vc_column width=&#8221;1\/2&#8243;][vc_column_text]Aiutaci a mantenere viva la Via Alpina \u2014 grazie al tuo sostegno! La Via Alpina \u00e8 gestita principalmente da volontari appassionati che aggiornano le informazioni sui sentieri, gestiscono il sito web e i social media e sviluppano nuove attivit\u00e0 e progetti. La tua donazione alimenta il loro impegno e garantisce che questo iconico sentiero escursionistico rimanga accessibile, affidabile e fonte di ispirazione per gli escursionisti di tutta l&#8217;Alpe![\/vc_column_text][\/vc_column][vc_column width=&#8221;1\/2&#8243;][vc_raw_html]PHNjcmlwdCB0eXBlPSJtb2R1bGUiIHNyYz0iaHR0cHM6Ly9kb25vcmJveC5vcmcvd2lkZ2V0cy5qcyIgYXN5bmM9IiI+PC9zY3JpcHQ+PGRib3gtd2lkZ2V0IGNhbXBhaWduPSJ2aWFhbHBpbmEiIHR5cGU9ImRvbmF0aW9uX2Zvcm0iIGVuYWJsZS1hdXRvLXNjcm9sbD0idHJ1ZSI+PC9kYm94LXdpZGdldD4=[\/vc_raw_html][\/vc_column][\/vc_row]","og_url":"https:\/\/www.via-alpina.org\/it\/la-via-alpina\/fai-una-donazione\/","og_site_name":"Via Alpina","twitter_card":"summary_large_image","twitter_misc":{"Tempo di lettura stimato":"1 minuto"},"schema":{"@context":"https:\/\/schema.org","@graph":[{"@type":"WebPage","@id":"https:\/\/www.via-alpina.org\/it\/la-via-alpina\/fai-una-donazione\/","url":"https:\/\/www.via-alpina.org\/it\/la-via-alpina\/fai-una-donazione\/","name":"Fai una donazione - Via Alpina","isPartOf":{"@id":"https:\/\/www.via-alpina.org\/#website"},"datePublished":"2026-04-01T14:07:45+00:00","breadcrumb":{"@id":"https:\/\/www.via-alpina.org\/it\/la-via-alpina\/fai-una-donazione\/#breadcrumb"},"inLanguage":"it-IT","potentialAction":[{"@type":"ReadAction","target":["https:\/\/www.via-alpina.org\/it\/la-via-alpina\/fai-una-donazione\/"]}]},{"@type":"BreadcrumbList","@id":"https:\/\/www.via-alpina.org\/it\/la-via-alpina\/fai-una-donazione\/#breadcrumb","itemListElement":[{"@type":"ListItem","position":1,"name":"Home","item":"https:\/\/www.via-alpina.org\/it\/"},{"@type":"ListItem","position":2,"name":"La Via Alpina","item":"https:\/\/www.via-alpina.org\/via-alpina\/"},{"@type":"ListItem","position":3,"name":"Fai una donazione"}]},{"@type":"WebSite","@id":"https:\/\/www.via-alpina.org\/#website","url":"https:\/\/www.via-alpina.org\/","name":"Via Alpina","description":"\u0160e eno spleti\u0161\u010de WordPress","potentialAction":[{"@type":"SearchAction","target":{"@type":"EntryPoint","urlTemplate":"https:\/\/www.via-alpina.org\/?s={search_term_string}"},"query-input":{"@type":"PropertyValueSpecification","valueRequired":true,"valueName":"search_term_string"}}],"inLanguage":"it-IT"}]}},"_links":{"self":[{"href":"https:\/\/www.via-alpina.org\/it\/wp-json\/wp\/v2\/pages\/4118","targetHints":{"allow":["GET"]}}],"collection":[{"href":"https:\/\/www.via-alpina.org\/it\/wp-json\/wp\/v2\/pages"}],"about":[{"href":"https:\/\/www.via-alpina.org\/it\/wp-json\/wp\/v2\/types\/page"}],"author":[{"embeddable":true,"href":"https:\/\/www.via-alpina.org\/it\/wp-json\/wp\/v2\/users\/6"}],"replies":[{"embeddable":true,"href":"https:\/\/www.via-alpina.org\/it\/wp-json\/wp\/v2\/comments?post=4118"}],"version-history":[{"count":5,"href":"https:\/\/www.via-alpina.org\/it\/wp-json\/wp\/v2\/pages\/4118\/revisions"}],"predecessor-version":[{"id":4365,"href":"https:\/\/www.via-alpina.org\/it\/wp-json\/wp\/v2\/pages\/4118\/revisions\/4365"}],"up":[{"embeddable":true,"href":"https:\/\/www.via-alpina.org\/it\/wp-json\/wp\/v2\/pages\/2291"}],"wp:attachment":[{"href":"https:\/\/www.via-alpina.org\/it\/wp-json\/wp\/v2\/media?parent=4118"}],"curies":[{"name":"wp","href":"https:\/\/api.w.org\/{rel}","templated":true}]}}