{"id":3847,"date":"2026-04-01T15:18:10","date_gmt":"2026-04-01T13:18:10","guid":{"rendered":"https:\/\/www.via-alpina.org\/?page_id=3847"},"modified":"2026-04-01T15:18:10","modified_gmt":"2026-04-01T13:18:10","slug":"come-bivaccare-responsabilmente","status":"publish","type":"page","link":"https:\/\/www.via-alpina.org\/it\/trail\/come-bivaccare-responsabilmente\/","title":{"rendered":"Come bivaccare responsabilmente"},"content":{"rendered":"<div class=\"wpb-content-wrapper\"><p>[vc_row full_width=&#8221;stretch_row_content_no_spaces&#8221; el_class=&#8221;sp-page-title&#8221;][vc_column]\t\t\n\t\t<div class=\"title-banner\" style=\"background-image: linear-gradient(rgba(0, 0, 0, 0.2),rgba(0, 0, 0, 0.3)),url(https:\/\/www.via-alpina.org\/wp-content\/uploads\/2026\/02\/IMG_20250918_075258956-spip-roux-scaled.jpg);\">\n\t\t<span class=\"banner-caption\">\u00a9 L\u00e9o Chabert<\/span>\n\t\t<\/div>\n\t\t<div class=\"container container-for-crumbs\">\n\t\t\t\t<div class=\"breadcrumbs-container\">\n\t\t\t\t\t\t<div class=\"breadcrumbs\">\n\t\t\t\t\t\t\t\n\t<ul class=\"ns-breadcrumbs\">\n\t\t\t<li><a href=\"https:\/\/www.via-alpina.org\/it\/\">Home<\/a><\/li>\n\t\t\t\t\t<li><a href=\"https:\/\/www.via-alpina.org\/it\/trail\/\">Trail<\/a><\/li>\n\t\t\t\t<li>Come bivaccare responsabilmente<\/li>\n\t<\/ul>\n\t\n\t\t\t\t\t\t\t\t<div class=\"clearfix\"><\/div>\n\t\t\t\t\t\t<\/div>\n\t\t\t\t<\/div>\n\t\t\t\t<h1 class=\"entry-title\">Come bivaccare responsabilmente<\/h1>\n\t\t\t\t\t\t<\/div>\n\n\t\t[\/vc_column][\/vc_row][vc_row][vc_column width=&#8221;1\/2&#8243;][vc_column_text]Bivouacking is becoming increasingly popular, but spending the night outdoors can be problematic, especially in sensitive Alpine regions. A free handbook from CIPRA provides guidance on environmentally friendly behaviour along the Via Alpina.<\/p>\n<p>Bivouacking is not permitted everywhere in the Alpine region, with the rules varying from country to country and region to region. This is particularly relevant for long-distance hikers, such as those travelling along the Via Alpina. That is why CIPRA has developed an English-language handbook in collaboration with young people from all Alpine countries as part of the <a href=\"https:\/\/www.cipra.org\/en\/projects\/via-alpina-youth-walking-the-change\">\u201cVia Alpina Youth\u201d<\/a> project.<\/p>\n<p>Bivouacking is usually prohibited in protected areas such as national parks \u2013 and with good reason: excessive disturbances will endanger rare plant species and wildlife habitats. Social media also play a role: particularly idyllic or spectacular photos of overnight stays in the open air often lead to imitation, and thus to the littering and pollution of the places shown \u2013 many of which are located in nature reserves or in areas prone to rockfalls.<\/p>\n<p>The handbook explains the differences between bivouacking, tenting and camping, highlights legal regulations in Alpine countries, and presents alternatives such as trekking sites and bivouac boxes.[\/vc_column_text][\/vc_column][vc_column width=&#8221;1\/2&#8243;][vc_single_image image=&#8221;3894&#8243; img_size=&#8221;large&#8221; add_caption=&#8221;yes&#8221; onclick=&#8221;custom_link&#8221; link=&#8221;https:\/\/www.cipra.org\/media\/files\/vay_bivouac_whitepaper.pdf&#8221;]\t\t\n\t\t<a href=\"https:\/\/www.cipra.org\/media\/files\/vay_bivouac_whitepaper.pdf\" target=\"_blank\" class=\"btn  btn-default btn-lg \" id=\"\">Download<\/a>\n\n\t\t[\/vc_column][\/vc_row][vc_row][vc_column][vc_column_text]In the CIPRA podcast, Henriette Adolf explains what is important when spending the night outdoors and gives practical tips on how to behave in the most nature-friendly way possible.<\/p>\n<h3>Listen to the podcast (in German)<\/h3>\n<p>You can find a podcast transcript in English\u00a0<a href=\"https:\/\/www.cipra.org\/media\/files\/podcast-transcript-responsible-bivouacking-along-the-via-alpina.pdf\" target=\"_blank\" rel=\"noopener\">here<\/a>.[\/vc_column_text][vc_raw_html]JTNDaWZyYW1lJTIwd2lkdGglM0QlMjIxMDAlMjUlMjIlMjBoZWlnaHQlM0QlMjIxNjYlMjIlMjBzY3JvbGxpbmclM0QlMjJubyUyMiUyMGZyYW1lYm9yZGVyJTNEJTIybm8lMjIlMjBhbGxvdyUzRCUyMmF1dG9wbGF5JTIyJTIwc3JjJTNEJTIyaHR0cHMlM0ElMkYlMkZ3LnNvdW5kY2xvdWQuY29tJTJGcGxheWVyJTJGJTNGdXJsJTNEaHR0cHMlMjUzQSUyRiUyRmFwaS5zb3VuZGNsb3VkLmNvbSUyRnRyYWNrcyUyRnNvdW5kY2xvdWQlMjUyNTNBdHJhY2tzJTI1MjUzQTIxMzM4MTU1ODklMjZjb2xvciUzRDlmYzgxZCUyNmhpZGVfcmVsYXRlZCUzRHRydWUlMjZzaG93X2NvbW1lbnRzJTNEZmFsc2UlMjZzaG93X3RlYXNlciUzRGZhbHNlJTIyJTNFJTNDJTJGaWZyYW1lJTNFJTNDZGl2JTIwc3R5bGUlM0QlMjJmb250LXNpemUlM0ElMjAxMHB4JTNCJTIwY29sb3IlM0ElMjAlMjNjY2NjY2MlM0JsaW5lLWJyZWFrJTNBJTIwYW55d2hlcmUlM0J3b3JkLWJyZWFrJTNBJTIwbm9ybWFsJTNCb3ZlcmZsb3clM0ElMjBoaWRkZW4lM0J3aGl0ZS1zcGFjZSUzQSUyMG5vd3JhcCUzQnRleHQtb3ZlcmZsb3clM0ElMjBlbGxpcHNpcyUzQiUyMGZvbnQtZmFtaWx5JTNBJTIwSW50ZXJzdGF0ZSUyQ0x1Y2lkYSUyMEdyYW5kZSUyQ0x1Y2lkYSUyMFNhbnMlMjBVbmljb2RlJTJDTHVjaWRhJTIwU2FucyUyQ0dhcnVkYSUyQ1ZlcmRhbmElMkNUYWhvbWElMkNzYW5zLXNlcmlmJTNCZm9udC13ZWlnaHQlM0ElMjAxMDAlM0IlMjIlM0UlM0NhJTIwaHJlZiUzRCUyMmh0dHBzJTNBJTJGJTJGc291bmRjbG91ZC5jb20lMkZjaXByYV9pbnRlcm5hdGlvbmFsJTIyJTIwdGl0bGUlM0QlMjJDSVBSQSUyMEludGVybmF0aW9uYWwlMjIlMjB0YXJnZXQlM0QlMjJfYmxhbmslMjIlMjBzdHlsZSUzRCUyMmNvbG9yJTNBJTIwJTIzY2NjY2NjJTNCJTIwdGV4dC1kZWNvcmF0aW9uJTNBJTIwbm9uZSUzQiUyMiUzRUNJUFJBJTIwSW50ZXJuYXRpb25hbCUzQyUyRmElM0UlMjAlQzIlQjclMjAlM0NhJTIwaHJlZiUzRCUyMmh0dHBzJTNBJTJGJTJGc291bmRjbG91ZC5jb20lMkZjaXByYV9pbnRlcm5hdGlvbmFsJTJGODYtZGUtdmVyYW50d29ydHVuZ3N2b2xsZXMtYml3YWtpZXJlbi1lbnRsYW5nLWRlci12aWEtYWxwaW5hJTIyJTIwdGl0bGUlM0QlMjIlMjM4NiUyMCUyOGRlJTI5JTIwVmVyYW50d29ydHVuZ3N2b2xsZXMlMjBCaXdha2llcmVuJTIwZW50bGFuZyUyMGRlciUyMFZpYSUyMEFscGluYSUyMiUyMHRhcmdldCUzRCUyMl9ibGFuayUyMiUyMHN0eWxlJTNEJTIyY29sb3IlM0ElMjAlMjNjY2NjY2MlM0IlMjB0ZXh0LWRlY29yYXRpb24lM0ElMjBub25lJTNCJTIyJTNFJTIzODYlMjAlMjhkZSUyOSUyMFZlcmFudHdvcnR1bmdzdm9sbGVzJTIwQml3YWtpZXJlbiUyMGVudGxhbmclMjBkZXIlMjBWaWElMjBBbHBpbmElM0MlMkZhJTNFJTNDJTJGZGl2JTNF[\/vc_raw_html][\/vc_column][\/vc_row]<\/p>\n<\/div>","protected":false},"excerpt":{"rendered":"<p>[vc_row full_width=&#8221;stretch_row_content_no_spaces&#8221; el_class=&#8221;sp-page-title&#8221;][vc_column][\/vc_column][\/vc_row][vc_row][vc_column width=&#8221;1\/2&#8243;][vc_column_text]Bivouacking is becoming increasingly popular, but spending the night outdoors can be problematic, especially in sensitive Alpine regions. A free handbook from CIPRA provides guidance on environmentally friendly behaviour along the Via Alpina. Bivouacking is not permitted everywhere in the Alpine region, with the rules varying from country to country and region to region. This is particularly relevant for long-distance hikers, such as those travelling along the Via Alpina. That is why CIPRA has developed an English-language handbook in collaboration with young people from all Alpine countries as part of the \u201cVia Alpina Youth\u201d project. Bivouacking is usually prohibited in protected areas such as national parks \u2013 and with good reason: excessive disturbances will endanger rare plant [&hellip;]<\/p>\n","protected":false},"author":6,"featured_media":0,"parent":2295,"menu_order":0,"comment_status":"closed","ping_status":"closed","template":"","meta":{"footnotes":""},"class_list":["post-3847","page","type-page","status-publish","hentry"],"yoast_head":"<!-- This site is optimized with the Yoast SEO plugin v27.3 - https:\/\/yoast.com\/product\/yoast-seo-wordpress\/ -->\n<title>Come bivaccare responsabilmente - Via Alpina<\/title>\n<meta name=\"description\" content=\"Bivouacking is becoming increasingly popular, but spending the night outdoors can be problematic, especially in sensitive Alpine regions. A free handbook from CIPRA provides guidance on environmentally friendly behaviour along\" \/>\n<meta name=\"robots\" content=\"index, follow, max-snippet:-1, max-image-preview:large, max-video-preview:-1\" \/>\n<link rel=\"canonical\" href=\"https:\/\/www.via-alpina.org\/it\/trail\/come-bivaccare-responsabilmente\/\" \/>\n<meta property=\"og:locale\" content=\"it_IT\" \/>\n<meta property=\"og:type\" content=\"article\" \/>\n<meta property=\"og:title\" content=\"Come bivaccare responsabilmente - Via Alpina\" \/>\n<meta property=\"og:description\" content=\"[vc_row full_width=&#8221;stretch_row_content_no_spaces&#8221; el_class=&#8221;sp-page-title&#8221;][vc_column][\/vc_column][\/vc_row][vc_row][vc_column width=&#8221;1\/2&#8243;][vc_column_text]Bivouacking is becoming increasingly popular, but spending the night outdoors can be problematic, especially in sensitive Alpine regions. A free handbook from CIPRA provides guidance on environmentally friendly behaviour along the Via Alpina. Bivouacking is not permitted everywhere in the Alpine region, with the rules varying from country to country and region to region. This is particularly relevant for long-distance hikers, such as those travelling along the Via Alpina. That is why CIPRA has developed an English-language handbook in collaboration with young people from all Alpine countries as part of the \u201cVia Alpina Youth\u201d project. Bivouacking is usually prohibited in protected areas such as national parks \u2013 and with good reason: excessive disturbances will endanger rare plant [&hellip;]\" \/>\n<meta property=\"og:url\" content=\"https:\/\/www.via-alpina.org\/it\/trail\/come-bivaccare-responsabilmente\/\" \/>\n<meta property=\"og:site_name\" content=\"Via Alpina\" \/>\n<meta name=\"twitter:card\" content=\"summary_large_image\" \/>\n<meta name=\"twitter:label1\" content=\"Tempo di lettura stimato\" \/>\n\t<meta name=\"twitter:data1\" content=\"2 minuti\" \/>\n<script type=\"application\/ld+json\" class=\"yoast-schema-graph\">{\"@context\":\"https:\\\/\\\/schema.org\",\"@graph\":[{\"@type\":\"WebPage\",\"@id\":\"https:\\\/\\\/www.via-alpina.org\\\/it\\\/trail\\\/come-bivaccare-responsabilmente\\\/\",\"url\":\"https:\\\/\\\/www.via-alpina.org\\\/it\\\/trail\\\/come-bivaccare-responsabilmente\\\/\",\"name\":\"Come bivaccare responsabilmente - Via Alpina\",\"isPartOf\":{\"@id\":\"https:\\\/\\\/www.via-alpina.org\\\/#website\"},\"datePublished\":\"2026-04-01T13:18:10+00:00\",\"breadcrumb\":{\"@id\":\"https:\\\/\\\/www.via-alpina.org\\\/it\\\/trail\\\/come-bivaccare-responsabilmente\\\/#breadcrumb\"},\"inLanguage\":\"it-IT\",\"potentialAction\":[{\"@type\":\"ReadAction\",\"target\":[\"https:\\\/\\\/www.via-alpina.org\\\/it\\\/trail\\\/come-bivaccare-responsabilmente\\\/\"]}]},{\"@type\":\"BreadcrumbList\",\"@id\":\"https:\\\/\\\/www.via-alpina.org\\\/it\\\/trail\\\/come-bivaccare-responsabilmente\\\/#breadcrumb\",\"itemListElement\":[{\"@type\":\"ListItem\",\"position\":1,\"name\":\"Home\",\"item\":\"https:\\\/\\\/www.via-alpina.org\\\/it\\\/\"},{\"@type\":\"ListItem\",\"position\":2,\"name\":\"Trail\",\"item\":\"https:\\\/\\\/www.via-alpina.org\\\/it\\\/trail\\\/\"},{\"@type\":\"ListItem\",\"position\":3,\"name\":\"Come bivaccare responsabilmente\"}]},{\"@type\":\"WebSite\",\"@id\":\"https:\\\/\\\/www.via-alpina.org\\\/#website\",\"url\":\"https:\\\/\\\/www.via-alpina.org\\\/\",\"name\":\"Via Alpina\",\"description\":\"\u0160e eno spleti\u0161\u010de WordPress\",\"potentialAction\":[{\"@type\":\"SearchAction\",\"target\":{\"@type\":\"EntryPoint\",\"urlTemplate\":\"https:\\\/\\\/www.via-alpina.org\\\/?s={search_term_string}\"},\"query-input\":{\"@type\":\"PropertyValueSpecification\",\"valueRequired\":true,\"valueName\":\"search_term_string\"}}],\"inLanguage\":\"it-IT\"}]}<\/script>\n<!-- \/ Yoast SEO plugin. -->","yoast_head_json":{"title":"Come bivaccare responsabilmente - Via Alpina","description":"Bivouacking is becoming increasingly popular, but spending the night outdoors can be problematic, especially in sensitive Alpine regions. A free handbook from CIPRA provides guidance on environmentally friendly behaviour along","robots":{"index":"index","follow":"follow","max-snippet":"max-snippet:-1","max-image-preview":"max-image-preview:large","max-video-preview":"max-video-preview:-1"},"canonical":"https:\/\/www.via-alpina.org\/it\/trail\/come-bivaccare-responsabilmente\/","og_locale":"it_IT","og_type":"article","og_title":"Come bivaccare responsabilmente - Via Alpina","og_description":"[vc_row full_width=&#8221;stretch_row_content_no_spaces&#8221; el_class=&#8221;sp-page-title&#8221;][vc_column][\/vc_column][\/vc_row][vc_row][vc_column width=&#8221;1\/2&#8243;][vc_column_text]Bivouacking is becoming increasingly popular, but spending the night outdoors can be problematic, especially in sensitive Alpine regions. A free handbook from CIPRA provides guidance on environmentally friendly behaviour along the Via Alpina. Bivouacking is not permitted everywhere in the Alpine region, with the rules varying from country to country and region to region. This is particularly relevant for long-distance hikers, such as those travelling along the Via Alpina. That is why CIPRA has developed an English-language handbook in collaboration with young people from all Alpine countries as part of the \u201cVia Alpina Youth\u201d project. Bivouacking is usually prohibited in protected areas such as national parks \u2013 and with good reason: excessive disturbances will endanger rare plant [&hellip;]","og_url":"https:\/\/www.via-alpina.org\/it\/trail\/come-bivaccare-responsabilmente\/","og_site_name":"Via Alpina","twitter_card":"summary_large_image","twitter_misc":{"Tempo di lettura stimato":"2 minuti"},"schema":{"@context":"https:\/\/schema.org","@graph":[{"@type":"WebPage","@id":"https:\/\/www.via-alpina.org\/it\/trail\/come-bivaccare-responsabilmente\/","url":"https:\/\/www.via-alpina.org\/it\/trail\/come-bivaccare-responsabilmente\/","name":"Come bivaccare responsabilmente - Via Alpina","isPartOf":{"@id":"https:\/\/www.via-alpina.org\/#website"},"datePublished":"2026-04-01T13:18:10+00:00","breadcrumb":{"@id":"https:\/\/www.via-alpina.org\/it\/trail\/come-bivaccare-responsabilmente\/#breadcrumb"},"inLanguage":"it-IT","potentialAction":[{"@type":"ReadAction","target":["https:\/\/www.via-alpina.org\/it\/trail\/come-bivaccare-responsabilmente\/"]}]},{"@type":"BreadcrumbList","@id":"https:\/\/www.via-alpina.org\/it\/trail\/come-bivaccare-responsabilmente\/#breadcrumb","itemListElement":[{"@type":"ListItem","position":1,"name":"Home","item":"https:\/\/www.via-alpina.org\/it\/"},{"@type":"ListItem","position":2,"name":"Trail","item":"https:\/\/www.via-alpina.org\/it\/trail\/"},{"@type":"ListItem","position":3,"name":"Come bivaccare responsabilmente"}]},{"@type":"WebSite","@id":"https:\/\/www.via-alpina.org\/#website","url":"https:\/\/www.via-alpina.org\/","name":"Via Alpina","description":"\u0160e eno spleti\u0161\u010de WordPress","potentialAction":[{"@type":"SearchAction","target":{"@type":"EntryPoint","urlTemplate":"https:\/\/www.via-alpina.org\/?s={search_term_string}"},"query-input":{"@type":"PropertyValueSpecification","valueRequired":true,"valueName":"search_term_string"}}],"inLanguage":"it-IT"}]}},"_links":{"self":[{"href":"https:\/\/www.via-alpina.org\/it\/wp-json\/wp\/v2\/pages\/3847","targetHints":{"allow":["GET"]}}],"collection":[{"href":"https:\/\/www.via-alpina.org\/it\/wp-json\/wp\/v2\/pages"}],"about":[{"href":"https:\/\/www.via-alpina.org\/it\/wp-json\/wp\/v2\/types\/page"}],"author":[{"embeddable":true,"href":"https:\/\/www.via-alpina.org\/it\/wp-json\/wp\/v2\/users\/6"}],"replies":[{"embeddable":true,"href":"https:\/\/www.via-alpina.org\/it\/wp-json\/wp\/v2\/comments?post=3847"}],"version-history":[{"count":5,"href":"https:\/\/www.via-alpina.org\/it\/wp-json\/wp\/v2\/pages\/3847\/revisions"}],"predecessor-version":[{"id":4339,"href":"https:\/\/www.via-alpina.org\/it\/wp-json\/wp\/v2\/pages\/3847\/revisions\/4339"}],"up":[{"embeddable":true,"href":"https:\/\/www.via-alpina.org\/it\/wp-json\/wp\/v2\/pages\/2295"}],"wp:attachment":[{"href":"https:\/\/www.via-alpina.org\/it\/wp-json\/wp\/v2\/media?parent=3847"}],"curies":[{"name":"wp","href":"https:\/\/api.w.org\/{rel}","templated":true}]}}