{"id":3702,"date":"2026-04-01T15:20:32","date_gmt":"2026-04-01T13:20:32","guid":{"rendered":"https:\/\/www.via-alpina.org\/?page_id=3702"},"modified":"2026-04-01T15:20:32","modified_gmt":"2026-04-01T13:20:32","slug":"escursionismo-inclusivo","status":"publish","type":"page","link":"https:\/\/www.via-alpina.org\/it\/trail\/escursionismo-inclusivo\/","title":{"rendered":"Escursionismo inclusivo"},"content":{"rendered":"<div class=\"wpb-content-wrapper\"><p>[vc_row full_width=&#8221;stretch_row_content_no_spaces&#8221; el_class=&#8221;sp-page-title&#8221;][vc_column]\t\t\n\t\t<div class=\"title-banner\" style=\"background-image: linear-gradient(rgba(0, 0, 0, 0.2),rgba(0, 0, 0, 0.3)),url(https:\/\/www.via-alpina.org\/wp-content\/uploads\/2026\/02\/20250716_2015141-Yanis-ESSAOUDI-CARRA-scaled.jpg);\">\n\t\t<span class=\"banner-caption\"><\/span>\n\t\t<\/div>\n\t\t<div class=\"container container-for-crumbs\">\n\t\t\t\t<div class=\"breadcrumbs-container\">\n\t\t\t\t\t\t<div class=\"breadcrumbs\">\n\t\t\t\t\t\t\t\n\t<ul class=\"ns-breadcrumbs\">\n\t\t\t<li><a href=\"https:\/\/www.via-alpina.org\/it\/\">Home<\/a><\/li>\n\t\t\t\t\t<li><a href=\"https:\/\/www.via-alpina.org\/it\/trail\/\">Trail<\/a><\/li>\n\t\t\t\t<li>Escursionismo inclusivo<\/li>\n\t<\/ul>\n\t\n\t\t\t\t\t\t\t\t<div class=\"clearfix\"><\/div>\n\t\t\t\t\t\t<\/div>\n\t\t\t\t<\/div>\n\t\t\t\t<h1 class=\"entry-title\">Escursionismo inclusivo<\/h1>\n\t\t\t\t\t\t<\/div>\n\n\t\t[\/vc_column][\/vc_row][vc_row][vc_column width=&#8221;2\/3&#8243;][vc_column_text]<\/p>\n<h3><strong>Montagne per tutti: Favorire l\u2018inclusione in montagna e nelle attivit\u00e0 all\u2018aria aperta<\/strong><\/h3>\n<p>[\/vc_column_text][vc_column_text]Gli spazi esterni sono spesso visti come aperti e neutrali, ma non sono sempre ugualmente accessibili, accoglienti o sicuri per tutti. Barriere, sia visibili che invisibili, possono impedire a individui e comunit\u00e0 di partecipare e connettersi con questi paesaggi. Questa pubblicazione \u00e8 stata realizzata nell\u2018ambito del progetto Erasmus+ \u201cVia Alpina Youth\u201d. Il progetto diffonde conoscenze, idee e opportunit\u00e0 per stili di vita sostenibili, inclusione, protezione dell\u2018ambiente e cambiamento climatico lungo la Via Alpina, un sentiero escursionistico a lunga percorrenza che da oltre 20 anni collega tutti i paesi alpini. \u00c8 cofinanziato dal programma Erasmus+ dell\u2018Unione Europea e da MOVETIA.[\/vc_column_text][vc_empty_space][vc_column_text]<a href=\"file:\/\/\/C:\/Users\/alma.hummelsberger\/Downloads\/Inclusion%20in%20Outdoor%20Activities%20-%20Checklist%20(en)%20(1).pdf\" target=\"_blank\" rel=\"noopener\">Inclusion in Outdoor Activities Checklist (en)<\/a>[\/vc_column_text][\/vc_column][vc_column width=&#8221;1\/3&#8243;][vc_column_text]<img loading=\"lazy\" decoding=\"async\" class=\"alignnone wp-image-4040 size-full\" src=\"https:\/\/www.via-alpina.org\/wp-content\/uploads\/2026\/02\/montagne.jpeg\" alt=\"\" width=\"667\" height=\"949\" srcset=\"https:\/\/www.via-alpina.org\/wp-content\/uploads\/2026\/02\/montagne.jpeg 667w, https:\/\/www.via-alpina.org\/wp-content\/uploads\/2026\/02\/montagne-211x300.jpeg 211w\" sizes=\"auto, (max-width: 667px) 100vw, 667px\" \/>[\/vc_column_text]\t\t\n\t\t<a href=\"https:\/\/www.cipra.org\/media\/files\/inclusion-booklet_final-it.pdf\/@@download\/file\/Montagne%20per%20tutti.pdf\" target=\"_blank\" class=\"btn  btn-default btn-lg \" id=\"\">Download<\/a>\n\n\t\t[\/vc_column][\/vc_row][vc_row][vc_column][vc_empty_space][\/vc_column][\/vc_row]<\/p>\n<\/div>","protected":false},"excerpt":{"rendered":"<p>[vc_row full_width=&#8221;stretch_row_content_no_spaces&#8221; el_class=&#8221;sp-page-title&#8221;][vc_column][\/vc_column][\/vc_row][vc_row][vc_column width=&#8221;2\/3&#8243;][vc_column_text] Montagne per tutti: Favorire l\u2018inclusione in montagna e nelle attivit\u00e0 all\u2018aria aperta [\/vc_column_text][vc_column_text]Gli spazi esterni sono spesso visti come aperti e neutrali, ma non sono sempre ugualmente accessibili, accoglienti o sicuri per tutti. Barriere, sia visibili che invisibili, possono impedire a individui e comunit\u00e0 di partecipare e connettersi con questi paesaggi. Questa pubblicazione \u00e8 stata realizzata nell\u2018ambito del progetto Erasmus+ \u201cVia Alpina Youth\u201d. Il progetto diffonde conoscenze, idee e opportunit\u00e0 per stili di vita sostenibili, inclusione, protezione dell\u2018ambiente e cambiamento climatico lungo la Via Alpina, un sentiero escursionistico a lunga percorrenza che da oltre 20 anni collega tutti i paesi alpini. \u00c8 cofinanziato dal programma Erasmus+ dell\u2018Unione Europea e da MOVETIA.[\/vc_column_text][vc_empty_space][vc_column_text]Inclusion in Outdoor Activities Checklist (en)[\/vc_column_text][\/vc_column][vc_column [&hellip;]<\/p>\n","protected":false},"author":6,"featured_media":0,"parent":2295,"menu_order":1,"comment_status":"closed","ping_status":"closed","template":"","meta":{"footnotes":""},"class_list":["post-3702","page","type-page","status-publish","hentry"],"yoast_head":"<!-- This site is optimized with the Yoast SEO plugin v27.3 - https:\/\/yoast.com\/product\/yoast-seo-wordpress\/ -->\n<title>Escursionismo inclusivo - Via Alpina<\/title>\n<meta name=\"description\" content=\"Montagne per tutti: Favorire l\u2018inclusione in montagna e nelle attivit\u00e0 all\u2018aria aperta Gli spazi esterni sono spesso visti come aperti e neutrali, ma non sono sempre ugualmente accessibili, accoglienti o\" \/>\n<meta name=\"robots\" content=\"index, follow, max-snippet:-1, max-image-preview:large, max-video-preview:-1\" \/>\n<link rel=\"canonical\" href=\"https:\/\/www.via-alpina.org\/it\/trail\/escursionismo-inclusivo\/\" \/>\n<meta property=\"og:locale\" content=\"it_IT\" \/>\n<meta property=\"og:type\" content=\"article\" \/>\n<meta property=\"og:title\" content=\"Escursionismo inclusivo - Via Alpina\" \/>\n<meta property=\"og:description\" content=\"[vc_row full_width=&#8221;stretch_row_content_no_spaces&#8221; el_class=&#8221;sp-page-title&#8221;][vc_column][\/vc_column][\/vc_row][vc_row][vc_column width=&#8221;2\/3&#8243;][vc_column_text] Montagne per tutti: Favorire l\u2018inclusione in montagna e nelle attivit\u00e0 all\u2018aria aperta [\/vc_column_text][vc_column_text]Gli spazi esterni sono spesso visti come aperti e neutrali, ma non sono sempre ugualmente accessibili, accoglienti o sicuri per tutti. Barriere, sia visibili che invisibili, possono impedire a individui e comunit\u00e0 di partecipare e connettersi con questi paesaggi. Questa pubblicazione \u00e8 stata realizzata nell\u2018ambito del progetto Erasmus+ \u201cVia Alpina Youth\u201d. Il progetto diffonde conoscenze, idee e opportunit\u00e0 per stili di vita sostenibili, inclusione, protezione dell\u2018ambiente e cambiamento climatico lungo la Via Alpina, un sentiero escursionistico a lunga percorrenza che da oltre 20 anni collega tutti i paesi alpini. \u00c8 cofinanziato dal programma Erasmus+ dell\u2018Unione Europea e da MOVETIA.[\/vc_column_text][vc_empty_space][vc_column_text]Inclusion in Outdoor Activities Checklist (en)[\/vc_column_text][\/vc_column][vc_column [&hellip;]\" \/>\n<meta property=\"og:url\" content=\"https:\/\/www.via-alpina.org\/it\/trail\/escursionismo-inclusivo\/\" \/>\n<meta property=\"og:site_name\" content=\"Via Alpina\" \/>\n<meta property=\"og:image\" content=\"https:\/\/www.via-alpina.org\/wp-content\/uploads\/2026\/02\/montagne.jpeg\" \/>\n\t<meta property=\"og:image:width\" content=\"667\" \/>\n\t<meta property=\"og:image:height\" content=\"949\" \/>\n\t<meta property=\"og:image:type\" content=\"image\/jpeg\" \/>\n<meta name=\"twitter:card\" content=\"summary_large_image\" \/>\n<meta name=\"twitter:label1\" content=\"Tempo di lettura stimato\" \/>\n\t<meta name=\"twitter:data1\" content=\"1 minuto\" \/>\n<script type=\"application\/ld+json\" class=\"yoast-schema-graph\">{\"@context\":\"https:\\\/\\\/schema.org\",\"@graph\":[{\"@type\":\"WebPage\",\"@id\":\"https:\\\/\\\/www.via-alpina.org\\\/it\\\/trail\\\/escursionismo-inclusivo\\\/\",\"url\":\"https:\\\/\\\/www.via-alpina.org\\\/it\\\/trail\\\/escursionismo-inclusivo\\\/\",\"name\":\"Escursionismo inclusivo - Via Alpina\",\"isPartOf\":{\"@id\":\"https:\\\/\\\/www.via-alpina.org\\\/#website\"},\"primaryImageOfPage\":{\"@id\":\"https:\\\/\\\/www.via-alpina.org\\\/it\\\/trail\\\/escursionismo-inclusivo\\\/#primaryimage\"},\"image\":{\"@id\":\"https:\\\/\\\/www.via-alpina.org\\\/it\\\/trail\\\/escursionismo-inclusivo\\\/#primaryimage\"},\"thumbnailUrl\":\"https:\\\/\\\/www.via-alpina.org\\\/wp-content\\\/uploads\\\/2026\\\/02\\\/montagne.jpeg\",\"datePublished\":\"2026-04-01T13:20:32+00:00\",\"breadcrumb\":{\"@id\":\"https:\\\/\\\/www.via-alpina.org\\\/it\\\/trail\\\/escursionismo-inclusivo\\\/#breadcrumb\"},\"inLanguage\":\"it-IT\",\"potentialAction\":[{\"@type\":\"ReadAction\",\"target\":[\"https:\\\/\\\/www.via-alpina.org\\\/it\\\/trail\\\/escursionismo-inclusivo\\\/\"]}]},{\"@type\":\"ImageObject\",\"inLanguage\":\"it-IT\",\"@id\":\"https:\\\/\\\/www.via-alpina.org\\\/it\\\/trail\\\/escursionismo-inclusivo\\\/#primaryimage\",\"url\":\"https:\\\/\\\/www.via-alpina.org\\\/wp-content\\\/uploads\\\/2026\\\/02\\\/montagne.jpeg\",\"contentUrl\":\"https:\\\/\\\/www.via-alpina.org\\\/wp-content\\\/uploads\\\/2026\\\/02\\\/montagne.jpeg\"},{\"@type\":\"BreadcrumbList\",\"@id\":\"https:\\\/\\\/www.via-alpina.org\\\/it\\\/trail\\\/escursionismo-inclusivo\\\/#breadcrumb\",\"itemListElement\":[{\"@type\":\"ListItem\",\"position\":1,\"name\":\"Home\",\"item\":\"https:\\\/\\\/www.via-alpina.org\\\/it\\\/\"},{\"@type\":\"ListItem\",\"position\":2,\"name\":\"Trail\",\"item\":\"https:\\\/\\\/www.via-alpina.org\\\/it\\\/trail\\\/\"},{\"@type\":\"ListItem\",\"position\":3,\"name\":\"Escursionismo inclusivo\"}]},{\"@type\":\"WebSite\",\"@id\":\"https:\\\/\\\/www.via-alpina.org\\\/#website\",\"url\":\"https:\\\/\\\/www.via-alpina.org\\\/\",\"name\":\"Via Alpina\",\"description\":\"\u0160e eno spleti\u0161\u010de WordPress\",\"potentialAction\":[{\"@type\":\"SearchAction\",\"target\":{\"@type\":\"EntryPoint\",\"urlTemplate\":\"https:\\\/\\\/www.via-alpina.org\\\/?s={search_term_string}\"},\"query-input\":{\"@type\":\"PropertyValueSpecification\",\"valueRequired\":true,\"valueName\":\"search_term_string\"}}],\"inLanguage\":\"it-IT\"}]}<\/script>\n<!-- \/ Yoast SEO plugin. -->","yoast_head_json":{"title":"Escursionismo inclusivo - Via Alpina","description":"Montagne per tutti: Favorire l\u2018inclusione in montagna e nelle attivit\u00e0 all\u2018aria aperta Gli spazi esterni sono spesso visti come aperti e neutrali, ma non sono sempre ugualmente accessibili, accoglienti o","robots":{"index":"index","follow":"follow","max-snippet":"max-snippet:-1","max-image-preview":"max-image-preview:large","max-video-preview":"max-video-preview:-1"},"canonical":"https:\/\/www.via-alpina.org\/it\/trail\/escursionismo-inclusivo\/","og_locale":"it_IT","og_type":"article","og_title":"Escursionismo inclusivo - Via Alpina","og_description":"[vc_row full_width=&#8221;stretch_row_content_no_spaces&#8221; el_class=&#8221;sp-page-title&#8221;][vc_column][\/vc_column][\/vc_row][vc_row][vc_column width=&#8221;2\/3&#8243;][vc_column_text] Montagne per tutti: Favorire l\u2018inclusione in montagna e nelle attivit\u00e0 all\u2018aria aperta [\/vc_column_text][vc_column_text]Gli spazi esterni sono spesso visti come aperti e neutrali, ma non sono sempre ugualmente accessibili, accoglienti o sicuri per tutti. Barriere, sia visibili che invisibili, possono impedire a individui e comunit\u00e0 di partecipare e connettersi con questi paesaggi. Questa pubblicazione \u00e8 stata realizzata nell\u2018ambito del progetto Erasmus+ \u201cVia Alpina Youth\u201d. Il progetto diffonde conoscenze, idee e opportunit\u00e0 per stili di vita sostenibili, inclusione, protezione dell\u2018ambiente e cambiamento climatico lungo la Via Alpina, un sentiero escursionistico a lunga percorrenza che da oltre 20 anni collega tutti i paesi alpini. \u00c8 cofinanziato dal programma Erasmus+ dell\u2018Unione Europea e da MOVETIA.[\/vc_column_text][vc_empty_space][vc_column_text]Inclusion in Outdoor Activities Checklist (en)[\/vc_column_text][\/vc_column][vc_column [&hellip;]","og_url":"https:\/\/www.via-alpina.org\/it\/trail\/escursionismo-inclusivo\/","og_site_name":"Via Alpina","og_image":[{"width":667,"height":949,"url":"https:\/\/www.via-alpina.org\/wp-content\/uploads\/2026\/02\/montagne.jpeg","type":"image\/jpeg"}],"twitter_card":"summary_large_image","twitter_misc":{"Tempo di lettura stimato":"1 minuto"},"schema":{"@context":"https:\/\/schema.org","@graph":[{"@type":"WebPage","@id":"https:\/\/www.via-alpina.org\/it\/trail\/escursionismo-inclusivo\/","url":"https:\/\/www.via-alpina.org\/it\/trail\/escursionismo-inclusivo\/","name":"Escursionismo inclusivo - Via Alpina","isPartOf":{"@id":"https:\/\/www.via-alpina.org\/#website"},"primaryImageOfPage":{"@id":"https:\/\/www.via-alpina.org\/it\/trail\/escursionismo-inclusivo\/#primaryimage"},"image":{"@id":"https:\/\/www.via-alpina.org\/it\/trail\/escursionismo-inclusivo\/#primaryimage"},"thumbnailUrl":"https:\/\/www.via-alpina.org\/wp-content\/uploads\/2026\/02\/montagne.jpeg","datePublished":"2026-04-01T13:20:32+00:00","breadcrumb":{"@id":"https:\/\/www.via-alpina.org\/it\/trail\/escursionismo-inclusivo\/#breadcrumb"},"inLanguage":"it-IT","potentialAction":[{"@type":"ReadAction","target":["https:\/\/www.via-alpina.org\/it\/trail\/escursionismo-inclusivo\/"]}]},{"@type":"ImageObject","inLanguage":"it-IT","@id":"https:\/\/www.via-alpina.org\/it\/trail\/escursionismo-inclusivo\/#primaryimage","url":"https:\/\/www.via-alpina.org\/wp-content\/uploads\/2026\/02\/montagne.jpeg","contentUrl":"https:\/\/www.via-alpina.org\/wp-content\/uploads\/2026\/02\/montagne.jpeg"},{"@type":"BreadcrumbList","@id":"https:\/\/www.via-alpina.org\/it\/trail\/escursionismo-inclusivo\/#breadcrumb","itemListElement":[{"@type":"ListItem","position":1,"name":"Home","item":"https:\/\/www.via-alpina.org\/it\/"},{"@type":"ListItem","position":2,"name":"Trail","item":"https:\/\/www.via-alpina.org\/it\/trail\/"},{"@type":"ListItem","position":3,"name":"Escursionismo inclusivo"}]},{"@type":"WebSite","@id":"https:\/\/www.via-alpina.org\/#website","url":"https:\/\/www.via-alpina.org\/","name":"Via Alpina","description":"\u0160e eno spleti\u0161\u010de WordPress","potentialAction":[{"@type":"SearchAction","target":{"@type":"EntryPoint","urlTemplate":"https:\/\/www.via-alpina.org\/?s={search_term_string}"},"query-input":{"@type":"PropertyValueSpecification","valueRequired":true,"valueName":"search_term_string"}}],"inLanguage":"it-IT"}]}},"_links":{"self":[{"href":"https:\/\/www.via-alpina.org\/it\/wp-json\/wp\/v2\/pages\/3702","targetHints":{"allow":["GET"]}}],"collection":[{"href":"https:\/\/www.via-alpina.org\/it\/wp-json\/wp\/v2\/pages"}],"about":[{"href":"https:\/\/www.via-alpina.org\/it\/wp-json\/wp\/v2\/types\/page"}],"author":[{"embeddable":true,"href":"https:\/\/www.via-alpina.org\/it\/wp-json\/wp\/v2\/users\/6"}],"replies":[{"embeddable":true,"href":"https:\/\/www.via-alpina.org\/it\/wp-json\/wp\/v2\/comments?post=3702"}],"version-history":[{"count":5,"href":"https:\/\/www.via-alpina.org\/it\/wp-json\/wp\/v2\/pages\/3702\/revisions"}],"predecessor-version":[{"id":4109,"href":"https:\/\/www.via-alpina.org\/it\/wp-json\/wp\/v2\/pages\/3702\/revisions\/4109"}],"up":[{"embeddable":true,"href":"https:\/\/www.via-alpina.org\/it\/wp-json\/wp\/v2\/pages\/2295"}],"wp:attachment":[{"href":"https:\/\/www.via-alpina.org\/it\/wp-json\/wp\/v2\/media?parent=3702"}],"curies":[{"name":"wp","href":"https:\/\/api.w.org\/{rel}","templated":true}]}}