{"id":3689,"date":"2026-04-01T15:29:18","date_gmt":"2026-04-01T13:29:18","guid":{"rendered":"https:\/\/www.via-alpina.org\/?page_id=3689"},"modified":"2026-04-01T15:29:18","modified_gmt":"2026-04-01T13:29:18","slug":"podcast","status":"publish","type":"page","link":"https:\/\/www.via-alpina.org\/it\/comunita\/podcast\/","title":{"rendered":"Podcast"},"content":{"rendered":"<div class=\"wpb-content-wrapper\"><p>[vc_row full_width=&#8221;stretch_row_content_no_spaces&#8221; el_class=&#8221;sp-page-title&#8221;][vc_column]\t\t\n\t\t<div class=\"title-banner\" style=\"background-image: linear-gradient(rgba(0, 0, 0, 0.2),rgba(0, 0, 0, 0.3)),url(https:\/\/www.via-alpina.org\/wp-content\/uploads\/2023\/11\/banner-via-alpina-trail.jpg);\">\n\t\t<span class=\"banner-caption\">\u00a9 Julien Defois<\/span>\n\t\t<\/div>\n\t\t<div class=\"container container-for-crumbs\">\n\t\t\t\t<div class=\"breadcrumbs-container\">\n\t\t\t\t\t\t<div class=\"breadcrumbs\">\n\t\t\t\t\t\t\t\n\t<ul class=\"ns-breadcrumbs\">\n\t\t\t<li><a href=\"https:\/\/www.via-alpina.org\/it\/\">Home<\/a><\/li>\n\t\t\t\t\t<li><a href=\"https:\/\/www.via-alpina.org\/it\/comunita\/\">Comunit\u00e0<\/a><\/li>\n\t\t\t\t<li>Podcast<\/li>\n\t<\/ul>\n\t\n\t\t\t\t\t\t\t\t<div class=\"clearfix\"><\/div>\n\t\t\t\t\t\t<\/div>\n\t\t\t\t<\/div>\n\t\t\t\t<h1 class=\"entry-title\">Podcast<\/h1>\n\t\t\t\t\t\t<\/div>\n\n\t\t[\/vc_column][\/vc_row][vc_row][vc_column width=&#8221;2\/3&#8243;][vc_column_text]<\/p>\n<h4 class=\"documentFirstHeading\">Voci lungo la Via Alpina<\/h4>\n<p>Da 25 anni la Via Alpina collega persone, culture e paesaggi attraverso le Alpi. Una serie di podcast racconta la sua storia, mette in luce le sfide e le opportunit\u00e0 dell\u2019escursionismo di lunga percorrenza e promuove la consapevolezza del turismo sostenibile nelle Alpi.<\/p>\n<p>La Via Alpina \u00e8 pi\u00f9 di un semplice itinerario escursionistico: \u00e8 un simbolo della solidariet\u00e0 tra le regioni alpine. Dalla sua nascita, 25 anni fa, ha ispirato innumerevoli persone a vivere il paesaggio alpino in modo sostenibile. Tuttavia, la crescente popolarit\u00e0 dell\u2019escursionismo di lunga percorrenza solleva anche questioni relative alla conservazione della natura, alle infrastrutture e allo sviluppo regionale. \u00c8 qui che entra in gioco la serie di podcast \u201cVoci lungo la Via Alpina\u201d: interviste avvincenti, storie e resoconti ripercorrono l\u2019evoluzione della Via Alpina e illustrano l\u2019importanza del turismo alpino sostenibile. L\u2019obiettivo \u00e8 far conoscere la Via Alpina come esperienza culturale e naturale transfrontaliera.[\/vc_column_text][vc_empty_space][\/vc_column][vc_column width=&#8221;1\/3&#8243;][vc_raw_html]PGlmcmFtZSB3aWR0aD0iMTAwJSIgaGVpZ2h0PSIzMDAiIHNjcm9sbGluZz0ibm8iIGZyYW1lYm9yZGVyPSJubyIgYWxsb3c9ImF1dG9wbGF5IiBzcmM9Imh0dHBzOi8vdy5zb3VuZGNsb3VkLmNvbS9wbGF5ZXIvP3VybD1odHRwcyUzQS8vYXBpLnNvdW5kY2xvdWQuY29tL3BsYXlsaXN0cy9zb3VuZGNsb3VkJTI1M0FwbGF5bGlzdHMlMjUzQTIwMTYzMjUyNDImYW1wO2NvbG9yPSUyM2ZmNTUwMCZhbXA7YXV0b19wbGF5PWZhbHNlJmFtcDtoaWRlX3JlbGF0ZWQ9ZmFsc2UmYW1wO3Nob3dfY29tbWVudHM9dHJ1ZSZhbXA7c2hvd191c2VyPXRydWUmYW1wO3Nob3dfcmVwb3N0cz1mYWxzZSZhbXA7c2hvd190ZWFzZXI9dHJ1ZSZhbXA7dmlzdWFsPXRydWUiPjwvaWZyYW1lPjxkaXYgc3R5bGU9ImZvbnQtc2l6ZTogMTBweDsgY29sb3I6ICNjY2NjY2M7bGluZS1icmVhazogYW55d2hlcmU7d29yZC1icmVhazogbm9ybWFsO292ZXJmbG93OiBoaWRkZW47d2hpdGUtc3BhY2U6IG5vd3JhcDt0ZXh0LW92ZXJmbG93OiBlbGxpcHNpczsgZm9udC1mYW1pbHk6IEludGVyc3RhdGUsTHVjaWRhIEdyYW5kZSxMdWNpZGEgU2FucyBVbmljb2RlLEx1Y2lkYSBTYW5zLEdhcnVkYSxWZXJkYW5hLFRhaG9tYSxzYW5zLXNlcmlmO2ZvbnQtd2VpZ2h0OiAxMDA7Ij48YSBocmVmPSJodHRwczovL3NvdW5kY2xvdWQuY29tL2NpcHJhX2ludGVybmF0aW9uYWwiIHRpdGxlPSJDSVBSQSBJbnRlcm5hdGlvbmFsIiB0YXJnZXQ9Il9ibGFuayIgc3R5bGU9ImNvbG9yOiAjY2NjY2NjOyB0ZXh0LWRlY29yYXRpb246IG5vbmU7Ij5DSVBSQSBJbnRlcm5hdGlvbmFsPC9hPiDCtyA8YSBocmVmPSJodHRwczovL3NvdW5kY2xvdWQuY29tL2NpcHJhX2ludGVybmF0aW9uYWwvc2V0cy92b2ljZXMtYWxvbmctdGhlLXZpYS1hbHBpbmEiIHRpdGxlPSJWb2NpIGx1bmdvIGxhIFZpYSBBbHBpbmEiIHRhcmdldD0iX2JsYW5rIiBzdHlsZT0iY29sb3I6ICNjY2NjY2M7IHRleHQtZGVjb3JhdGlvbjogbm9uZTsiPlZvaWNlcyBhbG9uZyB0aGUgVmlhIEFscGluYTwvYT48L2Rpdj4=[\/vc_raw_html][\/vc_column][\/vc_row][vc_row][vc_column][\/vc_column][\/vc_row]<\/p>\n<\/div>","protected":false},"excerpt":{"rendered":"<p>[vc_row full_width=&#8221;stretch_row_content_no_spaces&#8221; el_class=&#8221;sp-page-title&#8221;][vc_column][\/vc_column][\/vc_row][vc_row][vc_column width=&#8221;2\/3&#8243;][vc_column_text] Voci lungo la Via Alpina Da 25 anni la Via Alpina collega persone, culture e paesaggi attraverso le Alpi. Una serie di podcast racconta la sua storia, mette in luce le sfide e le opportunit\u00e0 dell\u2019escursionismo di lunga percorrenza e promuove la consapevolezza del turismo sostenibile nelle Alpi. La Via Alpina \u00e8 pi\u00f9 di un semplice itinerario escursionistico: \u00e8 un simbolo della solidariet\u00e0 tra le regioni alpine. Dalla sua nascita, 25 anni fa, ha ispirato innumerevoli persone a vivere il paesaggio alpino in modo sostenibile. Tuttavia, la crescente popolarit\u00e0 dell\u2019escursionismo di lunga percorrenza solleva anche questioni relative alla conservazione della natura, alle infrastrutture e allo sviluppo regionale. \u00c8 qui che entra in gioco la serie di [&hellip;]<\/p>\n","protected":false},"author":6,"featured_media":0,"parent":2287,"menu_order":2,"comment_status":"closed","ping_status":"closed","template":"","meta":{"footnotes":""},"class_list":["post-3689","page","type-page","status-publish","hentry"],"yoast_head":"<!-- This site is optimized with the Yoast SEO plugin v27.3 - https:\/\/yoast.com\/product\/yoast-seo-wordpress\/ -->\n<title>Podcast - Via Alpina<\/title>\n<meta name=\"description\" content=\"Voci lungo la Via Alpina Da 25 anni la Via Alpina collega persone, culture e paesaggi attraverso le Alpi. Una serie di podcast racconta la sua storia, mette in luce\" \/>\n<meta name=\"robots\" content=\"index, follow, max-snippet:-1, max-image-preview:large, max-video-preview:-1\" \/>\n<link rel=\"canonical\" href=\"https:\/\/www.via-alpina.org\/it\/comunita\/podcast\/\" \/>\n<meta property=\"og:locale\" content=\"it_IT\" \/>\n<meta property=\"og:type\" content=\"article\" \/>\n<meta property=\"og:title\" content=\"Podcast - Via Alpina\" \/>\n<meta property=\"og:description\" content=\"[vc_row full_width=&#8221;stretch_row_content_no_spaces&#8221; el_class=&#8221;sp-page-title&#8221;][vc_column][\/vc_column][\/vc_row][vc_row][vc_column width=&#8221;2\/3&#8243;][vc_column_text] Voci lungo la Via Alpina Da 25 anni la Via Alpina collega persone, culture e paesaggi attraverso le Alpi. Una serie di podcast racconta la sua storia, mette in luce le sfide e le opportunit\u00e0 dell\u2019escursionismo di lunga percorrenza e promuove la consapevolezza del turismo sostenibile nelle Alpi. La Via Alpina \u00e8 pi\u00f9 di un semplice itinerario escursionistico: \u00e8 un simbolo della solidariet\u00e0 tra le regioni alpine. Dalla sua nascita, 25 anni fa, ha ispirato innumerevoli persone a vivere il paesaggio alpino in modo sostenibile. Tuttavia, la crescente popolarit\u00e0 dell\u2019escursionismo di lunga percorrenza solleva anche questioni relative alla conservazione della natura, alle infrastrutture e allo sviluppo regionale. \u00c8 qui che entra in gioco la serie di [&hellip;]\" \/>\n<meta property=\"og:url\" content=\"https:\/\/www.via-alpina.org\/it\/comunita\/podcast\/\" \/>\n<meta property=\"og:site_name\" content=\"Via Alpina\" \/>\n<meta name=\"twitter:card\" content=\"summary_large_image\" \/>\n<meta name=\"twitter:label1\" content=\"Tempo di lettura stimato\" \/>\n\t<meta name=\"twitter:data1\" content=\"1 minuto\" \/>\n<script type=\"application\/ld+json\" class=\"yoast-schema-graph\">{\"@context\":\"https:\\\/\\\/schema.org\",\"@graph\":[{\"@type\":\"WebPage\",\"@id\":\"https:\\\/\\\/www.via-alpina.org\\\/it\\\/comunita\\\/podcast\\\/\",\"url\":\"https:\\\/\\\/www.via-alpina.org\\\/it\\\/comunita\\\/podcast\\\/\",\"name\":\"Podcast - Via Alpina\",\"isPartOf\":{\"@id\":\"https:\\\/\\\/www.via-alpina.org\\\/#website\"},\"datePublished\":\"2026-04-01T13:29:18+00:00\",\"breadcrumb\":{\"@id\":\"https:\\\/\\\/www.via-alpina.org\\\/it\\\/comunita\\\/podcast\\\/#breadcrumb\"},\"inLanguage\":\"it-IT\",\"potentialAction\":[{\"@type\":\"ReadAction\",\"target\":[\"https:\\\/\\\/www.via-alpina.org\\\/it\\\/comunita\\\/podcast\\\/\"]}]},{\"@type\":\"BreadcrumbList\",\"@id\":\"https:\\\/\\\/www.via-alpina.org\\\/it\\\/comunita\\\/podcast\\\/#breadcrumb\",\"itemListElement\":[{\"@type\":\"ListItem\",\"position\":1,\"name\":\"Home\",\"item\":\"https:\\\/\\\/www.via-alpina.org\\\/it\\\/\"},{\"@type\":\"ListItem\",\"position\":2,\"name\":\"Comunit\u00e0\",\"item\":\"https:\\\/\\\/www.via-alpina.org\\\/community\\\/\"},{\"@type\":\"ListItem\",\"position\":3,\"name\":\"Podcast\"}]},{\"@type\":\"WebSite\",\"@id\":\"https:\\\/\\\/www.via-alpina.org\\\/#website\",\"url\":\"https:\\\/\\\/www.via-alpina.org\\\/\",\"name\":\"Via Alpina\",\"description\":\"\u0160e eno spleti\u0161\u010de WordPress\",\"potentialAction\":[{\"@type\":\"SearchAction\",\"target\":{\"@type\":\"EntryPoint\",\"urlTemplate\":\"https:\\\/\\\/www.via-alpina.org\\\/?s={search_term_string}\"},\"query-input\":{\"@type\":\"PropertyValueSpecification\",\"valueRequired\":true,\"valueName\":\"search_term_string\"}}],\"inLanguage\":\"it-IT\"}]}<\/script>\n<!-- \/ Yoast SEO plugin. -->","yoast_head_json":{"title":"Podcast - Via Alpina","description":"Voci lungo la Via Alpina Da 25 anni la Via Alpina collega persone, culture e paesaggi attraverso le Alpi. Una serie di podcast racconta la sua storia, mette in luce","robots":{"index":"index","follow":"follow","max-snippet":"max-snippet:-1","max-image-preview":"max-image-preview:large","max-video-preview":"max-video-preview:-1"},"canonical":"https:\/\/www.via-alpina.org\/it\/comunita\/podcast\/","og_locale":"it_IT","og_type":"article","og_title":"Podcast - Via Alpina","og_description":"[vc_row full_width=&#8221;stretch_row_content_no_spaces&#8221; el_class=&#8221;sp-page-title&#8221;][vc_column][\/vc_column][\/vc_row][vc_row][vc_column width=&#8221;2\/3&#8243;][vc_column_text] Voci lungo la Via Alpina Da 25 anni la Via Alpina collega persone, culture e paesaggi attraverso le Alpi. Una serie di podcast racconta la sua storia, mette in luce le sfide e le opportunit\u00e0 dell\u2019escursionismo di lunga percorrenza e promuove la consapevolezza del turismo sostenibile nelle Alpi. La Via Alpina \u00e8 pi\u00f9 di un semplice itinerario escursionistico: \u00e8 un simbolo della solidariet\u00e0 tra le regioni alpine. Dalla sua nascita, 25 anni fa, ha ispirato innumerevoli persone a vivere il paesaggio alpino in modo sostenibile. Tuttavia, la crescente popolarit\u00e0 dell\u2019escursionismo di lunga percorrenza solleva anche questioni relative alla conservazione della natura, alle infrastrutture e allo sviluppo regionale. \u00c8 qui che entra in gioco la serie di [&hellip;]","og_url":"https:\/\/www.via-alpina.org\/it\/comunita\/podcast\/","og_site_name":"Via Alpina","twitter_card":"summary_large_image","twitter_misc":{"Tempo di lettura stimato":"1 minuto"},"schema":{"@context":"https:\/\/schema.org","@graph":[{"@type":"WebPage","@id":"https:\/\/www.via-alpina.org\/it\/comunita\/podcast\/","url":"https:\/\/www.via-alpina.org\/it\/comunita\/podcast\/","name":"Podcast - Via Alpina","isPartOf":{"@id":"https:\/\/www.via-alpina.org\/#website"},"datePublished":"2026-04-01T13:29:18+00:00","breadcrumb":{"@id":"https:\/\/www.via-alpina.org\/it\/comunita\/podcast\/#breadcrumb"},"inLanguage":"it-IT","potentialAction":[{"@type":"ReadAction","target":["https:\/\/www.via-alpina.org\/it\/comunita\/podcast\/"]}]},{"@type":"BreadcrumbList","@id":"https:\/\/www.via-alpina.org\/it\/comunita\/podcast\/#breadcrumb","itemListElement":[{"@type":"ListItem","position":1,"name":"Home","item":"https:\/\/www.via-alpina.org\/it\/"},{"@type":"ListItem","position":2,"name":"Comunit\u00e0","item":"https:\/\/www.via-alpina.org\/community\/"},{"@type":"ListItem","position":3,"name":"Podcast"}]},{"@type":"WebSite","@id":"https:\/\/www.via-alpina.org\/#website","url":"https:\/\/www.via-alpina.org\/","name":"Via Alpina","description":"\u0160e eno spleti\u0161\u010de WordPress","potentialAction":[{"@type":"SearchAction","target":{"@type":"EntryPoint","urlTemplate":"https:\/\/www.via-alpina.org\/?s={search_term_string}"},"query-input":{"@type":"PropertyValueSpecification","valueRequired":true,"valueName":"search_term_string"}}],"inLanguage":"it-IT"}]}},"_links":{"self":[{"href":"https:\/\/www.via-alpina.org\/it\/wp-json\/wp\/v2\/pages\/3689","targetHints":{"allow":["GET"]}}],"collection":[{"href":"https:\/\/www.via-alpina.org\/it\/wp-json\/wp\/v2\/pages"}],"about":[{"href":"https:\/\/www.via-alpina.org\/it\/wp-json\/wp\/v2\/types\/page"}],"author":[{"embeddable":true,"href":"https:\/\/www.via-alpina.org\/it\/wp-json\/wp\/v2\/users\/6"}],"replies":[{"embeddable":true,"href":"https:\/\/www.via-alpina.org\/it\/wp-json\/wp\/v2\/comments?post=3689"}],"version-history":[{"count":5,"href":"https:\/\/www.via-alpina.org\/it\/wp-json\/wp\/v2\/pages\/3689\/revisions"}],"predecessor-version":[{"id":4344,"href":"https:\/\/www.via-alpina.org\/it\/wp-json\/wp\/v2\/pages\/3689\/revisions\/4344"}],"up":[{"embeddable":true,"href":"https:\/\/www.via-alpina.org\/it\/wp-json\/wp\/v2\/pages\/2287"}],"wp:attachment":[{"href":"https:\/\/www.via-alpina.org\/it\/wp-json\/wp\/v2\/media?parent=3689"}],"curies":[{"name":"wp","href":"https:\/\/api.w.org\/{rel}","templated":true}]}}