{"id":3440,"date":"2025-06-27T16:22:35","date_gmt":"2025-06-27T14:22:35","guid":{"rendered":"https:\/\/www.via-alpina.org\/?page_id=3440"},"modified":"2025-07-04T13:27:06","modified_gmt":"2025-07-04T11:27:06","slug":"campagna-fotografica-e-video","status":"publish","type":"page","link":"https:\/\/www.via-alpina.org\/it\/comunita\/campagna-fotografica-e-video\/","title":{"rendered":"Campagna fotografica e video"},"content":{"rendered":"<div class=\"wpb-content-wrapper\"><p>[vc_row full_width=&#8221;stretch_row_content_no_spaces&#8221; el_class=&#8221;sp-page-title&#8221;][vc_column]\t\t\n\t\t<div class=\"title-banner\" style=\"background-image: linear-gradient(rgba(0, 0, 0, 0.2),rgba(0, 0, 0, 0.3)),url(https:\/\/www.via-alpina.org\/wp-content\/uploads\/2024\/01\/r-57-traverse-des-drei-schwestern-sur-la-via-alpina-scaled.jpg);\">\n\t\t<span class=\"banner-caption\">Drei Schwestern\/LI \u00a9 Julien Defois<\/span>\n\t\t<\/div>\n\t\t<div class=\"container container-for-crumbs\">\n\t\t\t\t<div class=\"breadcrumbs-container\">\n\t\t\t\t\t\t<div class=\"breadcrumbs\">\n\t\t\t\t\t\t\t\n\t<ul class=\"ns-breadcrumbs\">\n\t\t\t<li><a href=\"https:\/\/www.via-alpina.org\/it\/\">Home<\/a><\/li>\n\t\t\t\t\t<li><a href=\"https:\/\/www.via-alpina.org\/it\/comunita\/\">Comunit\u00e0<\/a><\/li>\n\t\t\t\t<li>Campagna fotografica e video<\/li>\n\t<\/ul>\n\t\n\t\t\t\t\t\t\t\t<div class=\"clearfix\"><\/div>\n\t\t\t\t\t\t<\/div>\n\t\t\t\t<\/div>\n\t\t\t\t<h1 class=\"entry-title\">Campagna fotografica e video<\/h1>\n\t\t\t\t\t\t<\/div>\n\n\t\t[\/vc_column][\/vc_row][vc_row][vc_column][vc_single_image image=&#8221;3471&#8243; img_size=&#8221;large&#8221; add_caption=&#8221;yes&#8221;][vc_column_text]<\/p>\n<p data-start=\"177\" data-end=\"750\">Questa estate, Via Alpina invita escursionisti, avventurieri e amanti della montagna a partecipare a <strong data-start=\"278\" data-end=\"301\">Storie dal Sentiero<\/strong>, una campagna fotografica e video che celebra le esperienze personali lungo la Via Alpina. Con questo invito aperto, vogliamo raccogliere e condividere storie dal sentiero \u2014 momenti di meraviglia, connessione, sfida e bellezza \u2014 cos\u00ec come vissuti e percepiti da chi lo percorre. Che tu abbia catturato un paesaggio drammatico, un incontro significativo o un momento di tranquillit\u00e0 nella natura, saremo felici di mostrarlo sui nostri canali social!<\/p>\n<h3 data-start=\"752\" data-end=\"775\">Perch\u00e9 partecipare?<\/h3>\n<p data-start=\"777\" data-end=\"1296\">Le Alpi non sono solo una destinazione, ma uno spazio vivo e condiviso che collega persone e culture oltre i confini. <strong data-start=\"895\" data-end=\"918\">Storie dal Sentiero<\/strong> offre un modo per contribuire alla crescente comunit\u00e0 di Via Alpina e ispirare altri a scoprire questo unico percorso escursionistico a lunga distanza in modo personale e sostenibile. I tuoi contributi saranno pubblicati sui canali social di Via Alpina e aiuteranno a documentare l\u2019esperienza di camminare attraverso la regione alpina in una campagna autentica e partecipativa.<\/p>\n<figure id=\"attachment_3488\" aria-describedby=\"caption-attachment-3488\" style=\"width: 206px\" class=\"wp-caption alignnone\"><img loading=\"lazy\" decoding=\"async\" class=\"size-medium wp-image-3488\" src=\"https:\/\/www.via-alpina.org\/wp-content\/uploads\/2025\/07\/cover_alpenbuch_2025-aktualisierung-206x300.jpg\" alt=\"Win a Marmota Book of the Alps (ENG or DE). \" width=\"206\" height=\"300\" srcset=\"https:\/\/www.via-alpina.org\/wp-content\/uploads\/2025\/07\/cover_alpenbuch_2025-aktualisierung-206x300.jpg 206w, https:\/\/www.via-alpina.org\/wp-content\/uploads\/2025\/07\/cover_alpenbuch_2025-aktualisierung-701x1024.jpg 701w, https:\/\/www.via-alpina.org\/wp-content\/uploads\/2025\/07\/cover_alpenbuch_2025-aktualisierung-768x1121.jpg 768w, https:\/\/www.via-alpina.org\/wp-content\/uploads\/2025\/07\/cover_alpenbuch_2025-aktualisierung-1052x1536.jpg 1052w, https:\/\/www.via-alpina.org\/wp-content\/uploads\/2025\/07\/cover_alpenbuch_2025-aktualisierung.jpg 1370w\" sizes=\"auto, (max-width: 206px) 100vw, 206px\" \/><figcaption id=\"caption-attachment-3488\" class=\"wp-caption-text\">Vinci un Marmota Book of the Alps (in inglese o tedesco).<\/figcaption><\/figure>\n<h3 data-start=\"1298\" data-end=\"1321\">Quali sono i premi?<\/h3>\n<p data-start=\"1323\" data-end=\"1402\">Una giuria selezioner\u00e0 quindi un vincitore per il primo, secondo e terzo posto.<\/p>\n<ol data-start=\"1404\" data-end=\"1723\">\n<li data-start=\"1404\" data-end=\"1537\">\n<p data-start=\"1407\" data-end=\"1537\">Primo premio: <a href=\"https:\/\/marmotamaps.com\/en\/book-of-the-alps\/\"><em data-start=\"1421\" data-end=\"1447\">Marmota Book of the Alps<\/em><\/a> (in inglese o tedesco) e una notte con mezza pensione al <a href=\"https:\/\/www.alpenverein.li\/huetten\/gafadurahuette-1428m\">Gafadura-H\u00fctte<\/a>, Liechtenstein.<\/p>\n<\/li>\n<li data-start=\"1538\" data-end=\"1656\">\n<p data-start=\"1541\" data-end=\"1656\">Secondo premio: <em data-start=\"1557\" data-end=\"1583\">Marmota Book of the Alps<\/em> (in inglese o tedesco) + pass avventura \u201cAll inclusive\u201d, Liechtenstein<\/p>\n<\/li>\n<li data-start=\"1657\" data-end=\"1723\">\n<p data-start=\"1660\" data-end=\"1723\">Terzo premio: <em data-start=\"1674\" data-end=\"1700\">Marmota Book of the Alps<\/em> (in inglese o tedesco)<\/p>\n<\/li>\n<\/ol>\n<h3 data-start=\"1725\" data-end=\"1745\">Come partecipare<\/h3>\n<p data-start=\"1747\" data-end=\"1816\">Carica la tua foto o il tuo video direttamente tramite <a href=\"https:\/\/docs.google.com\/forms\/d\/e\/1FAIpQLSdD3qQL2j1cE5gvSCjFbkszfmz5RcErkmzOgqqqjJ-tKqAyrQ\/viewform\">questo modulo.<\/a><\/p>\n<p data-start=\"1818\" data-end=\"1928\">Assicurati che i file video rispettino la dimensione massima consentita (verifica i limiti del modulo Google).<\/p>\n<p data-start=\"1930\" data-end=\"2150\">Inviando il tuo contenuto, concedi a Via Alpina il permesso di pubblicarlo sulle nostre piattaforme social e sul sito web. La propriet\u00e0 rimane all\u2019autore originale e verr\u00e0 dato il giusto credito ogni volta che possibile.<\/p>\n<h3 data-start=\"2152\" data-end=\"2167\">Tempistiche<\/h3>\n<p data-start=\"2169\" data-end=\"2400\">La campagna si svolger\u00e0 da giugno a ottobre 2025, incoraggiando gli escursionisti a condividere le loro storie durante la stagione escursionistica di punta. Le partecipazioni saranno pubblicate continuamente durante questo periodo.<\/p>\n<hr data-start=\"2402\" data-end=\"2405\" \/>\n<h3 data-start=\"2407\" data-end=\"2452\">Aiutaci a raccontare la storia delle Alpi<\/h3>\n<p data-start=\"64\" data-end=\"285\">La campagna si svolger\u00e0 da giugno a ottobre 2025, invitando gli escursionisti a condividere le loro storie durante l\u2019alta stagione escursionistica. I contributi saranno pubblicati continuamente durante questo periodo.<\/p>\n<p data-start=\"287\" data-end=\"452\">Aiutaci a raccontare la storia delle Alpi \u2014 <em data-start=\"333\" data-end=\"354\">Storie dal Sentiero<\/em> \u00e8 pi\u00f9 di una campagna: \u00e8 un invito a co-creare il paesaggio visivo ed emotivo della Via Alpina.<\/p>\n<p data-start=\"454\" data-end=\"764\" data-is-last-node=\"\" data-is-only-node=\"\">Condividendo il tuo punto di vista, aiuti a ispirare i futuri escursionisti e a promuovere un legame pi\u00f9 profondo con la ricchezza naturale e culturale della regione alpina. Per maggiori informazioni e aggiornamenti, seguici su Instagram e Facebook oppure visita <a class=\"\" href=\"http:\/\/viaalpina.org\/\" target=\"_new\" rel=\"noopener\" data-start=\"717\" data-end=\"763\">http:\/\/viaalpina.org\/<\/a>.<\/p>\n<p>[\/vc_column_text][vc_empty_space][vc_single_image image=&#8221;3504&#8243; img_size=&#8221;medium&#8221; add_caption=&#8221;yes&#8221;][\/vc_column][\/vc_row][vc_row][vc_column][\/vc_column][\/vc_row]<\/p>\n<\/div>","protected":false},"excerpt":{"rendered":"<p>[vc_row full_width=&#8221;stretch_row_content_no_spaces&#8221; el_class=&#8221;sp-page-title&#8221;][vc_column][\/vc_column][\/vc_row][vc_row][vc_column][vc_single_image image=&#8221;3471&#8243; img_size=&#8221;large&#8221; add_caption=&#8221;yes&#8221;][vc_column_text] Questa estate, Via Alpina invita escursionisti, avventurieri e amanti della montagna a partecipare a Storie dal Sentiero, una campagna fotografica e video che celebra le esperienze personali lungo la Via Alpina. Con questo invito aperto, vogliamo raccogliere e condividere storie dal sentiero \u2014 momenti di meraviglia, connessione, sfida e bellezza \u2014 cos\u00ec come vissuti e percepiti da chi lo percorre. Che tu abbia catturato un paesaggio drammatico, un incontro significativo o un momento di tranquillit\u00e0 nella natura, saremo felici di mostrarlo sui nostri canali social! Perch\u00e9 partecipare? Le Alpi non sono solo una destinazione, ma uno spazio vivo e condiviso che collega persone e culture oltre i confini. Storie dal Sentiero offre un modo [&hellip;]<\/p>\n","protected":false},"author":5,"featured_media":0,"parent":2287,"menu_order":3,"comment_status":"closed","ping_status":"closed","template":"","meta":{"footnotes":""},"class_list":["post-3440","page","type-page","status-publish","hentry"],"yoast_head":"<!-- This site is optimized with the Yoast SEO plugin v27.3 - https:\/\/yoast.com\/product\/yoast-seo-wordpress\/ -->\n<title>Campagna fotografica e video - Via Alpina<\/title>\n<meta name=\"description\" content=\"Questa estate, Via Alpina invita escursionisti, avventurieri e amanti della montagna a partecipare a Storie dal Sentiero, una campagna fotografica e video che celebra le esperienze personali lungo la Via\" \/>\n<meta name=\"robots\" content=\"index, follow, max-snippet:-1, max-image-preview:large, max-video-preview:-1\" \/>\n<link rel=\"canonical\" href=\"https:\/\/www.via-alpina.org\/tales-from-the-trail-join-the-via-alpina-photo-and-video-campaign-and-celebrate-25-years-of-via-alpina\/\" \/>\n<meta property=\"og:locale\" content=\"it_IT\" \/>\n<meta property=\"og:type\" content=\"article\" \/>\n<meta property=\"og:title\" content=\"Campagna fotografica e video - Via Alpina\" \/>\n<meta property=\"og:description\" content=\"[vc_row full_width=&#8221;stretch_row_content_no_spaces&#8221; el_class=&#8221;sp-page-title&#8221;][vc_column][\/vc_column][\/vc_row][vc_row][vc_column][vc_single_image image=&#8221;3471&#8243; img_size=&#8221;large&#8221; add_caption=&#8221;yes&#8221;][vc_column_text] Questa estate, Via Alpina invita escursionisti, avventurieri e amanti della montagna a partecipare a Storie dal Sentiero, una campagna fotografica e video che celebra le esperienze personali lungo la Via Alpina. Con questo invito aperto, vogliamo raccogliere e condividere storie dal sentiero \u2014 momenti di meraviglia, connessione, sfida e bellezza \u2014 cos\u00ec come vissuti e percepiti da chi lo percorre. Che tu abbia catturato un paesaggio drammatico, un incontro significativo o un momento di tranquillit\u00e0 nella natura, saremo felici di mostrarlo sui nostri canali social! Perch\u00e9 partecipare? Le Alpi non sono solo una destinazione, ma uno spazio vivo e condiviso che collega persone e culture oltre i confini. Storie dal Sentiero offre un modo [&hellip;]\" \/>\n<meta property=\"og:url\" content=\"https:\/\/www.via-alpina.org\/tales-from-the-trail-join-the-via-alpina-photo-and-video-campaign-and-celebrate-25-years-of-via-alpina\/\" \/>\n<meta property=\"og:site_name\" content=\"Via Alpina\" \/>\n<meta property=\"article:modified_time\" content=\"2025-07-04T11:27:06+00:00\" \/>\n<meta property=\"og:image\" content=\"https:\/\/www.via-alpina.org\/wp-content\/uploads\/2025\/07\/cover_alpenbuch_2025-aktualisierung.jpg\" \/>\n\t<meta property=\"og:image:width\" content=\"1370\" \/>\n\t<meta property=\"og:image:height\" content=\"2000\" \/>\n\t<meta property=\"og:image:type\" content=\"image\/jpeg\" \/>\n<meta name=\"twitter:card\" content=\"summary_large_image\" \/>\n<meta name=\"twitter:label1\" content=\"Tempo di lettura stimato\" \/>\n\t<meta name=\"twitter:data1\" content=\"3 minuti\" \/>\n<script type=\"application\/ld+json\" class=\"yoast-schema-graph\">{\"@context\":\"https:\\\/\\\/schema.org\",\"@graph\":[{\"@type\":\"WebPage\",\"@id\":\"https:\\\/\\\/www.via-alpina.org\\\/tales-from-the-trail-join-the-via-alpina-photo-and-video-campaign-and-celebrate-25-years-of-via-alpina\\\/\",\"url\":\"https:\\\/\\\/www.via-alpina.org\\\/tales-from-the-trail-join-the-via-alpina-photo-and-video-campaign-and-celebrate-25-years-of-via-alpina\\\/\",\"name\":\"Campagna fotografica e video - Via Alpina\",\"isPartOf\":{\"@id\":\"https:\\\/\\\/www.via-alpina.org\\\/#website\"},\"primaryImageOfPage\":{\"@id\":\"https:\\\/\\\/www.via-alpina.org\\\/tales-from-the-trail-join-the-via-alpina-photo-and-video-campaign-and-celebrate-25-years-of-via-alpina\\\/#primaryimage\"},\"image\":{\"@id\":\"https:\\\/\\\/www.via-alpina.org\\\/tales-from-the-trail-join-the-via-alpina-photo-and-video-campaign-and-celebrate-25-years-of-via-alpina\\\/#primaryimage\"},\"thumbnailUrl\":\"https:\\\/\\\/www.via-alpina.org\\\/wp-content\\\/uploads\\\/2025\\\/07\\\/cover_alpenbuch_2025-aktualisierung-206x300.jpg\",\"datePublished\":\"2025-06-27T14:22:35+00:00\",\"dateModified\":\"2025-07-04T11:27:06+00:00\",\"breadcrumb\":{\"@id\":\"https:\\\/\\\/www.via-alpina.org\\\/tales-from-the-trail-join-the-via-alpina-photo-and-video-campaign-and-celebrate-25-years-of-via-alpina\\\/#breadcrumb\"},\"inLanguage\":\"it-IT\",\"potentialAction\":[{\"@type\":\"ReadAction\",\"target\":[\"https:\\\/\\\/www.via-alpina.org\\\/tales-from-the-trail-join-the-via-alpina-photo-and-video-campaign-and-celebrate-25-years-of-via-alpina\\\/\"]}]},{\"@type\":\"ImageObject\",\"inLanguage\":\"it-IT\",\"@id\":\"https:\\\/\\\/www.via-alpina.org\\\/tales-from-the-trail-join-the-via-alpina-photo-and-video-campaign-and-celebrate-25-years-of-via-alpina\\\/#primaryimage\",\"url\":\"https:\\\/\\\/www.via-alpina.org\\\/wp-content\\\/uploads\\\/2025\\\/07\\\/cover_alpenbuch_2025-aktualisierung-206x300.jpg\",\"contentUrl\":\"https:\\\/\\\/www.via-alpina.org\\\/wp-content\\\/uploads\\\/2025\\\/07\\\/cover_alpenbuch_2025-aktualisierung-206x300.jpg\"},{\"@type\":\"BreadcrumbList\",\"@id\":\"https:\\\/\\\/www.via-alpina.org\\\/tales-from-the-trail-join-the-via-alpina-photo-and-video-campaign-and-celebrate-25-years-of-via-alpina\\\/#breadcrumb\",\"itemListElement\":[{\"@type\":\"ListItem\",\"position\":1,\"name\":\"Home\",\"item\":\"https:\\\/\\\/www.via-alpina.org\\\/it\\\/\"},{\"@type\":\"ListItem\",\"position\":2,\"name\":\"Campagna fotografica e video\"}]},{\"@type\":\"WebSite\",\"@id\":\"https:\\\/\\\/www.via-alpina.org\\\/#website\",\"url\":\"https:\\\/\\\/www.via-alpina.org\\\/\",\"name\":\"Via Alpina\",\"description\":\"\u0160e eno spleti\u0161\u010de WordPress\",\"potentialAction\":[{\"@type\":\"SearchAction\",\"target\":{\"@type\":\"EntryPoint\",\"urlTemplate\":\"https:\\\/\\\/www.via-alpina.org\\\/?s={search_term_string}\"},\"query-input\":{\"@type\":\"PropertyValueSpecification\",\"valueRequired\":true,\"valueName\":\"search_term_string\"}}],\"inLanguage\":\"it-IT\"}]}<\/script>\n<!-- \/ Yoast SEO plugin. -->","yoast_head_json":{"title":"Campagna fotografica e video - Via Alpina","description":"Questa estate, Via Alpina invita escursionisti, avventurieri e amanti della montagna a partecipare a Storie dal Sentiero, una campagna fotografica e video che celebra le esperienze personali lungo la Via","robots":{"index":"index","follow":"follow","max-snippet":"max-snippet:-1","max-image-preview":"max-image-preview:large","max-video-preview":"max-video-preview:-1"},"canonical":"https:\/\/www.via-alpina.org\/tales-from-the-trail-join-the-via-alpina-photo-and-video-campaign-and-celebrate-25-years-of-via-alpina\/","og_locale":"it_IT","og_type":"article","og_title":"Campagna fotografica e video - Via Alpina","og_description":"[vc_row full_width=&#8221;stretch_row_content_no_spaces&#8221; el_class=&#8221;sp-page-title&#8221;][vc_column][\/vc_column][\/vc_row][vc_row][vc_column][vc_single_image image=&#8221;3471&#8243; img_size=&#8221;large&#8221; add_caption=&#8221;yes&#8221;][vc_column_text] Questa estate, Via Alpina invita escursionisti, avventurieri e amanti della montagna a partecipare a Storie dal Sentiero, una campagna fotografica e video che celebra le esperienze personali lungo la Via Alpina. Con questo invito aperto, vogliamo raccogliere e condividere storie dal sentiero \u2014 momenti di meraviglia, connessione, sfida e bellezza \u2014 cos\u00ec come vissuti e percepiti da chi lo percorre. Che tu abbia catturato un paesaggio drammatico, un incontro significativo o un momento di tranquillit\u00e0 nella natura, saremo felici di mostrarlo sui nostri canali social! Perch\u00e9 partecipare? Le Alpi non sono solo una destinazione, ma uno spazio vivo e condiviso che collega persone e culture oltre i confini. Storie dal Sentiero offre un modo [&hellip;]","og_url":"https:\/\/www.via-alpina.org\/tales-from-the-trail-join-the-via-alpina-photo-and-video-campaign-and-celebrate-25-years-of-via-alpina\/","og_site_name":"Via Alpina","article_modified_time":"2025-07-04T11:27:06+00:00","og_image":[{"width":1370,"height":2000,"url":"https:\/\/www.via-alpina.org\/wp-content\/uploads\/2025\/07\/cover_alpenbuch_2025-aktualisierung.jpg","type":"image\/jpeg"}],"twitter_card":"summary_large_image","twitter_misc":{"Tempo di lettura stimato":"3 minuti"},"schema":{"@context":"https:\/\/schema.org","@graph":[{"@type":"WebPage","@id":"https:\/\/www.via-alpina.org\/tales-from-the-trail-join-the-via-alpina-photo-and-video-campaign-and-celebrate-25-years-of-via-alpina\/","url":"https:\/\/www.via-alpina.org\/tales-from-the-trail-join-the-via-alpina-photo-and-video-campaign-and-celebrate-25-years-of-via-alpina\/","name":"Campagna fotografica e video - Via Alpina","isPartOf":{"@id":"https:\/\/www.via-alpina.org\/#website"},"primaryImageOfPage":{"@id":"https:\/\/www.via-alpina.org\/tales-from-the-trail-join-the-via-alpina-photo-and-video-campaign-and-celebrate-25-years-of-via-alpina\/#primaryimage"},"image":{"@id":"https:\/\/www.via-alpina.org\/tales-from-the-trail-join-the-via-alpina-photo-and-video-campaign-and-celebrate-25-years-of-via-alpina\/#primaryimage"},"thumbnailUrl":"https:\/\/www.via-alpina.org\/wp-content\/uploads\/2025\/07\/cover_alpenbuch_2025-aktualisierung-206x300.jpg","datePublished":"2025-06-27T14:22:35+00:00","dateModified":"2025-07-04T11:27:06+00:00","breadcrumb":{"@id":"https:\/\/www.via-alpina.org\/tales-from-the-trail-join-the-via-alpina-photo-and-video-campaign-and-celebrate-25-years-of-via-alpina\/#breadcrumb"},"inLanguage":"it-IT","potentialAction":[{"@type":"ReadAction","target":["https:\/\/www.via-alpina.org\/tales-from-the-trail-join-the-via-alpina-photo-and-video-campaign-and-celebrate-25-years-of-via-alpina\/"]}]},{"@type":"ImageObject","inLanguage":"it-IT","@id":"https:\/\/www.via-alpina.org\/tales-from-the-trail-join-the-via-alpina-photo-and-video-campaign-and-celebrate-25-years-of-via-alpina\/#primaryimage","url":"https:\/\/www.via-alpina.org\/wp-content\/uploads\/2025\/07\/cover_alpenbuch_2025-aktualisierung-206x300.jpg","contentUrl":"https:\/\/www.via-alpina.org\/wp-content\/uploads\/2025\/07\/cover_alpenbuch_2025-aktualisierung-206x300.jpg"},{"@type":"BreadcrumbList","@id":"https:\/\/www.via-alpina.org\/tales-from-the-trail-join-the-via-alpina-photo-and-video-campaign-and-celebrate-25-years-of-via-alpina\/#breadcrumb","itemListElement":[{"@type":"ListItem","position":1,"name":"Home","item":"https:\/\/www.via-alpina.org\/it\/"},{"@type":"ListItem","position":2,"name":"Campagna fotografica e video"}]},{"@type":"WebSite","@id":"https:\/\/www.via-alpina.org\/#website","url":"https:\/\/www.via-alpina.org\/","name":"Via Alpina","description":"\u0160e eno spleti\u0161\u010de WordPress","potentialAction":[{"@type":"SearchAction","target":{"@type":"EntryPoint","urlTemplate":"https:\/\/www.via-alpina.org\/?s={search_term_string}"},"query-input":{"@type":"PropertyValueSpecification","valueRequired":true,"valueName":"search_term_string"}}],"inLanguage":"it-IT"}]}},"_links":{"self":[{"href":"https:\/\/www.via-alpina.org\/it\/wp-json\/wp\/v2\/pages\/3440","targetHints":{"allow":["GET"]}}],"collection":[{"href":"https:\/\/www.via-alpina.org\/it\/wp-json\/wp\/v2\/pages"}],"about":[{"href":"https:\/\/www.via-alpina.org\/it\/wp-json\/wp\/v2\/types\/page"}],"author":[{"embeddable":true,"href":"https:\/\/www.via-alpina.org\/it\/wp-json\/wp\/v2\/users\/5"}],"replies":[{"embeddable":true,"href":"https:\/\/www.via-alpina.org\/it\/wp-json\/wp\/v2\/comments?post=3440"}],"version-history":[{"count":5,"href":"https:\/\/www.via-alpina.org\/it\/wp-json\/wp\/v2\/pages\/3440\/revisions"}],"predecessor-version":[{"id":3514,"href":"https:\/\/www.via-alpina.org\/it\/wp-json\/wp\/v2\/pages\/3440\/revisions\/3514"}],"up":[{"embeddable":true,"href":"https:\/\/www.via-alpina.org\/it\/wp-json\/wp\/v2\/pages\/2287"}],"wp:attachment":[{"href":"https:\/\/www.via-alpina.org\/it\/wp-json\/wp\/v2\/media?parent=3440"}],"curies":[{"name":"wp","href":"https:\/\/api.w.org\/{rel}","templated":true}]}}