{"id":3109,"date":"2024-11-02T18:18:06","date_gmt":"2024-11-02T17:18:06","guid":{"rendered":"https:\/\/www.via-alpina.org\/?page_id=3109"},"modified":"2025-11-18T12:13:22","modified_gmt":"2025-11-18T11:13:22","slug":"come-partecipare","status":"publish","type":"page","link":"https:\/\/www.via-alpina.org\/it\/comunita\/come-partecipare\/","title":{"rendered":"Come partecipare?"},"content":{"rendered":"<div class=\"wpb-content-wrapper\"><p>[vc_row full_width=&#8221;stretch_row_content_no_spaces&#8221; el_class=&#8221;sp-page-title&#8221;][vc_column]\t\t\n\t\t<div class=\"title-banner\" style=\"background-image: linear-gradient(rgba(0, 0, 0, 0.2),rgba(0, 0, 0, 0.3)),url(https:\/\/www.via-alpina.org\/wp-content\/uploads\/2024\/01\/via-alpina-explorers-c-christina-ragettli-scaled.jpeg);\">\n\t\t<span class=\"banner-caption\">\u00a9 Christina Ragettli<\/span>\n\t\t<\/div>\n\t\t<div class=\"container container-for-crumbs\">\n\t\t\t\t<div class=\"breadcrumbs-container\">\n\t\t\t\t\t\t<div class=\"breadcrumbs\">\n\t\t\t\t\t\t\t\n\t<ul class=\"ns-breadcrumbs\">\n\t\t\t<li><a href=\"https:\/\/www.via-alpina.org\/it\/\">Home<\/a><\/li>\n\t\t\t\t\t<li><a href=\"https:\/\/www.via-alpina.org\/it\/comunita\/\">Comunit\u00e0<\/a><\/li>\n\t\t\t\t<li>Come partecipare?<\/li>\n\t<\/ul>\n\t\n\t\t\t\t\t\t\t\t<div class=\"clearfix\"><\/div>\n\t\t\t\t\t\t<\/div>\n\t\t\t\t<\/div>\n\t\t\t\t<h1 class=\"entry-title\">Come partecipare?<\/h1>\n\t\t\t\t\t\t<\/div>\n\n\t\t[\/vc_column][\/vc_row][vc_row full_width=&#8221;stretch_row&#8221; el_class=&#8221;sp-gray&#8221;][vc_column][vc_row_inner][vc_column_inner width=&#8221;1\/2&#8243;][vc_column_text]<b>Chi \u00e8 il team della Via Alpina?<\/b><\/p>\n<p><span style=\"font-weight: 400;\">Il team della Via Alpina \u00e8 composta da due <\/span><span style=\"font-weight: 400;\">collaboratrici<\/span><span style=\"font-weight: 400;\"> e da volontari motivati. La segreteria della Via Alpina ha sede presso la CIPRA International, la Commissione Internazionale per la Protezione delle Alpi, nel <a href=\"https:\/\/www.google.com\/maps\/place\/\/data=!4m2!3m1!1s0x479b3101b5204b35:0x9e94634c9a8e68e3?sa=X&amp;ved=1t:8290&amp;ictx=111\" target=\"_blank\" rel=\"noopener\">Liechtenstein.<\/a> Il coordinamento della Via Alpina comprende lo sviluppo dei progetti, la comunicazione e i social media; la manutenzione dei sentieri, invece, \u00e8 affidata ai nostri partner (ad esempio associazioni alpine e comuni) lungo la Via Alpina.<\/span>[\/vc_column_text][\/vc_column_inner][vc_column_inner width=&#8221;1\/2&#8243;][vc_single_image image=&#8221;3113&#8243; add_caption=&#8221;yes&#8221;][\/vc_column_inner][\/vc_row_inner][\/vc_column][\/vc_row][vc_row full_width=&#8221;stretch_row&#8221; el_class=&#8221;sp-non-gray sp-non-gray-last&#8221;][vc_column][vc_column_text]<b>Chi stiamo cercando?<\/b><\/p>\n<p><span style=\"font-weight: 400;\">Cerchiamo volontari che<\/span><\/p>\n<ul>\n<li style=\"font-weight: 400;\" aria-level=\"1\"><span style=\"font-weight: 400;\">siano interessati allo sviluppo sostenibile della regione alpina<\/span><\/li>\n<li style=\"font-weight: 400;\" aria-level=\"1\"><span style=\"font-weight: 400;\">siano entusiasti del turismo sostenibile e della mobilit\u00e0 lenta<\/span><\/li>\n<li style=\"font-weight: 400;\" aria-level=\"1\"><span style=\"font-weight: 400;\">si sentano a proprio agio in contesti multiculturali e multilingue<\/span><\/li>\n<li style=\"font-weight: 400;\" aria-level=\"1\"><span style=\"font-weight: 400;\">vogliano farsi un&#8217;idea di un&#8217;organizzazione internazionale<\/span><\/li>\n<li style=\"font-weight: 400;\" aria-level=\"1\"><span style=\"font-weight: 400;\">amano trascorrere del tempo in montagna (\ud83d\ude09)<\/span><\/li>\n<\/ul>\n<p>[\/vc_column_text][vc_row_inner][vc_column_inner][vc_column_text]<b>Come partecipare&#8230;<\/b><\/p>\n<p><span style=\"font-weight: 400;\">Se desiderate sostenere la Via Alpina, potete farlo in molti modi diversi. A seconda dei vostri desideri e delle vostre possibilit\u00e0, potete impegnarvi a lungo termine o una tantum con eventi o compiti individuali. Qualsiasi tipo di sostegno \u00e8 ben accetto!<\/span>[\/vc_column_text][\/vc_column_inner][\/vc_row_inner][\/vc_column][vc_column][vc_column_text]<b>1. Festeggiamo i 25 anni della Via Alpina: volete unirvi a noi?<\/b><\/p>\n<p><span style=\"font-weight: 400;\">Una (o pi\u00f9) delle seguenti caratteristiche si applicano a te:<\/span><\/p>\n<ul>\n<li style=\"font-weight: 400;\" aria-level=\"1\"><span style=\"font-weight: 400;\">Ho un talento per l&#8217;organizzazione e sono in grado di fare pi\u00f9 cose contemporaneamente.<\/span><\/li>\n<li style=\"font-weight: 400;\" aria-level=\"1\"><span style=\"font-weight: 400;\">Mi piace progettare prodotti o campagne sui social media (prodotti stampati, magliette, cartelli, manifesti,&#8230;)<\/span><\/li>\n<li style=\"font-weight: 400;\" aria-level=\"1\"><span style=\"font-weight: 400;\">Ho esperienza nella raccolta di fondi e nel networking<\/span><\/li>\n<li style=\"font-weight: 400;\" aria-level=\"1\"><span style=\"font-weight: 400;\">Mi piace lavorare con la macchina fotografica, sia per le foto che per i video<\/span><\/li>\n<li style=\"font-weight: 400;\" aria-level=\"1\"><span style=\"font-weight: 400;\">Mi piace viaggiare attraverso le Alpi e passare una giornata a dare una mano ad un evento.<\/span><\/li>\n<\/ul>\n<p><span style=\"font-weight: 400;\">Tutte queste qualit\u00e0 sono estremamente importanti per noi al fine di organizzare un degno anniversario della Via Alpina nel 2025. Come sar\u00e0 esattamente l&#8217;evento? Potete contribuire anche a questo! In collaborazione con la segreteria, contribuirete al successo dell&#8217;evento e farete conoscere meglio la Via Alpina, sia nel mondo dell&#8217;escursionismo che in quello della politica, dei comuni e molto altro ancora!<\/span><\/p>\n<p><span style=\"font-weight: 400;\">La pianificazione si svolger\u00e0 principalmente dal novembre 2024 all&#8217;aprile 2025 &#8211; dopodich\u00e9 si passer\u00e0 alla realizzazione! A seconda di dove si vuole partecipare, anche il periodo cambier\u00e0. Mentre per la preparazione sono necessarie alcune ore al mese (in modo continuativo), in estate si lavorer\u00e0 un giorno intero per fornire assistenza in loco (solo una volta).<\/span><\/p>\n<p><b>2.Avete un talento per le lingue e volete metterlo a frutto?<\/b><\/p>\n<p><span style=\"font-weight: 400;\">Se una delle seguenti lingue \u00e8 la vostra lingua madre e avete un&#8217;ottima conoscenza di un&#8217;altra lingua, saremo lieti di avere il vostro aiuto.\u00a0<\/span><\/p>\n<ul>\n<li style=\"font-weight: 400;\" aria-level=\"1\"><span style=\"font-weight: 400;\">inglese<\/span><\/li>\n<li style=\"font-weight: 400;\" aria-level=\"1\"><span style=\"font-weight: 400;\">francese<\/span><\/li>\n<li style=\"font-weight: 400;\" aria-level=\"1\"><span style=\"font-weight: 400;\">tedesco<\/span><\/li>\n<li style=\"font-weight: 400;\" aria-level=\"1\"><span style=\"font-weight: 400;\">italiano<\/span><\/li>\n<li style=\"font-weight: 400;\" aria-level=\"1\"><span style=\"font-weight: 400;\">sloveno<\/span><\/li>\n<\/ul>\n<p><span style=\"font-weight: 400;\">Queste sono le lingue (alpine) in cui lavoriamo quotidianamente e con cui riempiamo principalmente il nostro sito web. Per garantire un aspetto professionale, abbiamo bisogno di persone madrelingua per tradurre o correggere i nostri testi. Se desiderate mettere a frutto il vostro talento linguistico e impegnarvi in modo selettivo, questo \u00e8 il lavoro che fa per voi!<\/span><\/p>\n<p><b>3. Volete percorrere la Via Alpina e allo stesso tempo realizzare il vostro progetto? Siamo interessati!<\/b><\/p>\n<p><span style=\"font-weight: 400;\">Questo \u00e8 probabilmente il tipo di impegno che vi sembra meno impegnativo: avete intenzione di percorrere comunque la Via Alpina, ma volete combinare questa sfida sportiva con un progetto? Siete pieni di idee?<\/span><\/p>\n<p><span style=\"font-weight: 400;\">Non importa se avete bisogno di consigli su come realizzarle o se volete presentare i vostri risultati e metterli a frutto: Saremo lieti di conoscere la vostra idea e di accompagnarvi come mentori. Al contrario, siamo naturalmente felici di ricevere le ultime informazioni dalla Via Alpina!<\/span>[\/vc_column_text][vc_row_inner][vc_column_inner width=&#8221;1\/2&#8243;][vc_column_text]<b>4. Per voi l&#8217;educazione ambientale non \u00e8 solo un concetto astratto? Diventate giornalisti della Via Alpina!<\/b><\/p>\n<p><span style=\"font-weight: 400;\">La Via Alpina tratta innumerevoli temi importanti della sostenibilit\u00e0 nella regione alpina: dal turismo e dalla mobilit\u00e0 sostenibile all&#8217;agricoltura, al paesaggio culturale, alla creazione di valore locale, alle misure di conservazione della natura, all&#8217;escursionismo responsabile&#8230; Se avete sempre desiderato presentare questi argomenti con un esempio concreto, che sia un blog, un podcast o una newsletter, siete i benvenuti nel team di comunicazione della Via Alpina!<\/span>[\/vc_column_text][\/vc_column_inner][vc_column_inner width=&#8221;1\/2&#8243;][vc_single_image image=&#8221;2815&#8243; add_caption=&#8221;yes&#8221; alignment=&#8221;center&#8221;][\/vc_column_inner][\/vc_row_inner][\/vc_column][\/vc_row][vc_row][vc_column][vc_separator][vc_column_text]<b>Come posso immaginare la collaborazione?<\/b><\/p>\n<p><span style=\"font-weight: 400;\">Anche se cerchiamo di organizzare incontri regolari, una parte del vostro lavoro si svolger\u00e0 da soli davanti al computer (a parte il supporto agli eventi). Il vantaggio \u00e8 che potrete organizzare il vostro tempo in modo molto flessibile e dare libero sfogo alla vostra creativit\u00e0. Tuttavia, siamo sempre disponibili per uno scambio (almeno online, ma volentieri anche dal vivo in qualsiasi occasione!).<\/span><\/p>\n<p>&nbsp;<\/p>\n<p><b>Cosa potete aspettarvi da noi<\/b><\/p>\n<p><span style=\"font-weight: 400;\">Chi sostiene la Via Alpina, ricever\u00e0 un&#8217;idea entusiasmante del coordinamento di un itinerario escursionistico internazionale a lunga percorrenza. Naturalmente, far\u00e0 parte di una rete composta dai nostri partner in tutti i Paesi alpini (ad esempio, ministeri dell&#8217;ambiente, associazioni alpine&#8230;), sar\u00e0 invitato a eventi interessanti e avr\u00e0\u00a0 l&#8217;opportunit\u00e0 di approfondire la propria formazione in settori specializzati. Ogni volta che viaggerete per la Via Alpina nella regione alpina, le vostre spese saranno ovviamente coperte e sarete sempre i benvenuti nel nostro ufficio in Liechtenstein!<\/span><\/p>\n<p>&nbsp;<\/p>\n<p><b>Contattateci<\/b><\/p>\n<p><span style=\"font-weight: 400;\">Volete diventare volontari Via Alpina? Contattate la responsabile del progetto Laura Haberfellner (<a href=\"mailto:info@via-alpina.org\">info@via-alpina.org<\/a>).<\/span>[\/vc_column_text][\/vc_column][vc_column][\/vc_column][vc_column][\/vc_column][\/vc_row]<\/p>\n<\/div>","protected":false},"excerpt":{"rendered":"<p>[vc_row full_width=&#8221;stretch_row_content_no_spaces&#8221; el_class=&#8221;sp-page-title&#8221;][vc_column][\/vc_column][\/vc_row][vc_row full_width=&#8221;stretch_row&#8221; el_class=&#8221;sp-gray&#8221;][vc_column][vc_row_inner][vc_column_inner width=&#8221;1\/2&#8243;][vc_column_text]Chi \u00e8 il team della Via Alpina? Il team della Via Alpina \u00e8 composta da due collaboratrici e da volontari motivati. La segreteria della Via Alpina ha sede presso la CIPRA International, la Commissione Internazionale per la Protezione delle Alpi, nel Liechtenstein. Il coordinamento della Via Alpina comprende lo sviluppo dei progetti, la comunicazione e i social media; la manutenzione dei sentieri, invece, \u00e8 affidata ai nostri partner (ad esempio associazioni alpine e comuni) lungo la Via Alpina.[\/vc_column_text][\/vc_column_inner][vc_column_inner width=&#8221;1\/2&#8243;][vc_single_image image=&#8221;3113&#8243; add_caption=&#8221;yes&#8221;][\/vc_column_inner][\/vc_row_inner][\/vc_column][\/vc_row][vc_row full_width=&#8221;stretch_row&#8221; el_class=&#8221;sp-non-gray sp-non-gray-last&#8221;][vc_column][vc_column_text]Chi stiamo cercando? Cerchiamo volontari che siano interessati allo sviluppo sostenibile della regione alpina siano entusiasti del turismo sostenibile e della mobilit\u00e0 lenta si sentano a proprio agio in contesti multiculturali e [&hellip;]<\/p>\n","protected":false},"author":5,"featured_media":0,"parent":2287,"menu_order":5,"comment_status":"closed","ping_status":"closed","template":"","meta":{"footnotes":""},"class_list":["post-3109","page","type-page","status-publish","hentry"],"yoast_head":"<!-- This site is optimized with the Yoast SEO plugin v27.3 - https:\/\/yoast.com\/product\/yoast-seo-wordpress\/ -->\n<title>Come partecipare? - Via Alpina<\/title>\n<meta name=\"description\" content=\"Come partecipare?Chi \u00e8 il team della Via Alpina? Il team della Via Alpina \u00e8 composta da due collaboratrici e da volontari motivati. La segreteria della Via Alpina ha sede presso\" \/>\n<meta name=\"robots\" content=\"index, follow, max-snippet:-1, max-image-preview:large, max-video-preview:-1\" \/>\n<link rel=\"canonical\" href=\"https:\/\/www.via-alpina.org\/it\/come-partecipare\/\" \/>\n<meta property=\"og:locale\" content=\"it_IT\" \/>\n<meta property=\"og:type\" content=\"article\" \/>\n<meta property=\"og:title\" content=\"Come partecipare? - Via Alpina\" \/>\n<meta property=\"og:description\" content=\"[vc_row full_width=&#8221;stretch_row_content_no_spaces&#8221; el_class=&#8221;sp-page-title&#8221;][vc_column][\/vc_column][\/vc_row][vc_row full_width=&#8221;stretch_row&#8221; el_class=&#8221;sp-gray&#8221;][vc_column][vc_row_inner][vc_column_inner width=&#8221;1\/2&#8243;][vc_column_text]Chi \u00e8 il team della Via Alpina? Il team della Via Alpina \u00e8 composta da due collaboratrici e da volontari motivati. La segreteria della Via Alpina ha sede presso la CIPRA International, la Commissione Internazionale per la Protezione delle Alpi, nel Liechtenstein. Il coordinamento della Via Alpina comprende lo sviluppo dei progetti, la comunicazione e i social media; la manutenzione dei sentieri, invece, \u00e8 affidata ai nostri partner (ad esempio associazioni alpine e comuni) lungo la Via Alpina.[\/vc_column_text][\/vc_column_inner][vc_column_inner width=&#8221;1\/2&#8243;][vc_single_image image=&#8221;3113&#8243; add_caption=&#8221;yes&#8221;][\/vc_column_inner][\/vc_row_inner][\/vc_column][\/vc_row][vc_row full_width=&#8221;stretch_row&#8221; el_class=&#8221;sp-non-gray sp-non-gray-last&#8221;][vc_column][vc_column_text]Chi stiamo cercando? Cerchiamo volontari che siano interessati allo sviluppo sostenibile della regione alpina siano entusiasti del turismo sostenibile e della mobilit\u00e0 lenta si sentano a proprio agio in contesti multiculturali e [&hellip;]\" \/>\n<meta property=\"og:url\" content=\"https:\/\/www.via-alpina.org\/it\/come-partecipare\/\" \/>\n<meta property=\"og:site_name\" content=\"Via Alpina\" \/>\n<meta property=\"article:modified_time\" content=\"2025-11-18T11:13:22+00:00\" \/>\n<meta name=\"twitter:card\" content=\"summary_large_image\" \/>\n<meta name=\"twitter:label1\" content=\"Tempo di lettura stimato\" \/>\n\t<meta name=\"twitter:data1\" content=\"5 minuti\" \/>\n<script type=\"application\/ld+json\" class=\"yoast-schema-graph\">{\"@context\":\"https:\\\/\\\/schema.org\",\"@graph\":[{\"@type\":\"WebPage\",\"@id\":\"https:\\\/\\\/www.via-alpina.org\\\/it\\\/come-partecipare\\\/\",\"url\":\"https:\\\/\\\/www.via-alpina.org\\\/it\\\/come-partecipare\\\/\",\"name\":\"Come partecipare? - Via Alpina\",\"isPartOf\":{\"@id\":\"https:\\\/\\\/www.via-alpina.org\\\/#website\"},\"datePublished\":\"2024-11-02T17:18:06+00:00\",\"dateModified\":\"2025-11-18T11:13:22+00:00\",\"breadcrumb\":{\"@id\":\"https:\\\/\\\/www.via-alpina.org\\\/it\\\/come-partecipare\\\/#breadcrumb\"},\"inLanguage\":\"it-IT\",\"potentialAction\":[{\"@type\":\"ReadAction\",\"target\":[\"https:\\\/\\\/www.via-alpina.org\\\/it\\\/come-partecipare\\\/\"]}]},{\"@type\":\"BreadcrumbList\",\"@id\":\"https:\\\/\\\/www.via-alpina.org\\\/it\\\/come-partecipare\\\/#breadcrumb\",\"itemListElement\":[{\"@type\":\"ListItem\",\"position\":1,\"name\":\"Home\",\"item\":\"https:\\\/\\\/www.via-alpina.org\\\/it\\\/\"},{\"@type\":\"ListItem\",\"position\":2,\"name\":\"Come partecipare?\"}]},{\"@type\":\"WebSite\",\"@id\":\"https:\\\/\\\/www.via-alpina.org\\\/#website\",\"url\":\"https:\\\/\\\/www.via-alpina.org\\\/\",\"name\":\"Via Alpina\",\"description\":\"\u0160e eno spleti\u0161\u010de WordPress\",\"potentialAction\":[{\"@type\":\"SearchAction\",\"target\":{\"@type\":\"EntryPoint\",\"urlTemplate\":\"https:\\\/\\\/www.via-alpina.org\\\/?s={search_term_string}\"},\"query-input\":{\"@type\":\"PropertyValueSpecification\",\"valueRequired\":true,\"valueName\":\"search_term_string\"}}],\"inLanguage\":\"it-IT\"}]}<\/script>\n<!-- \/ Yoast SEO plugin. -->","yoast_head_json":{"title":"Come partecipare? - Via Alpina","description":"Come partecipare?Chi \u00e8 il team della Via Alpina? Il team della Via Alpina \u00e8 composta da due collaboratrici e da volontari motivati. La segreteria della Via Alpina ha sede presso","robots":{"index":"index","follow":"follow","max-snippet":"max-snippet:-1","max-image-preview":"max-image-preview:large","max-video-preview":"max-video-preview:-1"},"canonical":"https:\/\/www.via-alpina.org\/it\/come-partecipare\/","og_locale":"it_IT","og_type":"article","og_title":"Come partecipare? - Via Alpina","og_description":"[vc_row full_width=&#8221;stretch_row_content_no_spaces&#8221; el_class=&#8221;sp-page-title&#8221;][vc_column][\/vc_column][\/vc_row][vc_row full_width=&#8221;stretch_row&#8221; el_class=&#8221;sp-gray&#8221;][vc_column][vc_row_inner][vc_column_inner width=&#8221;1\/2&#8243;][vc_column_text]Chi \u00e8 il team della Via Alpina? Il team della Via Alpina \u00e8 composta da due collaboratrici e da volontari motivati. La segreteria della Via Alpina ha sede presso la CIPRA International, la Commissione Internazionale per la Protezione delle Alpi, nel Liechtenstein. Il coordinamento della Via Alpina comprende lo sviluppo dei progetti, la comunicazione e i social media; la manutenzione dei sentieri, invece, \u00e8 affidata ai nostri partner (ad esempio associazioni alpine e comuni) lungo la Via Alpina.[\/vc_column_text][\/vc_column_inner][vc_column_inner width=&#8221;1\/2&#8243;][vc_single_image image=&#8221;3113&#8243; add_caption=&#8221;yes&#8221;][\/vc_column_inner][\/vc_row_inner][\/vc_column][\/vc_row][vc_row full_width=&#8221;stretch_row&#8221; el_class=&#8221;sp-non-gray sp-non-gray-last&#8221;][vc_column][vc_column_text]Chi stiamo cercando? Cerchiamo volontari che siano interessati allo sviluppo sostenibile della regione alpina siano entusiasti del turismo sostenibile e della mobilit\u00e0 lenta si sentano a proprio agio in contesti multiculturali e [&hellip;]","og_url":"https:\/\/www.via-alpina.org\/it\/come-partecipare\/","og_site_name":"Via Alpina","article_modified_time":"2025-11-18T11:13:22+00:00","twitter_card":"summary_large_image","twitter_misc":{"Tempo di lettura stimato":"5 minuti"},"schema":{"@context":"https:\/\/schema.org","@graph":[{"@type":"WebPage","@id":"https:\/\/www.via-alpina.org\/it\/come-partecipare\/","url":"https:\/\/www.via-alpina.org\/it\/come-partecipare\/","name":"Come partecipare? - Via Alpina","isPartOf":{"@id":"https:\/\/www.via-alpina.org\/#website"},"datePublished":"2024-11-02T17:18:06+00:00","dateModified":"2025-11-18T11:13:22+00:00","breadcrumb":{"@id":"https:\/\/www.via-alpina.org\/it\/come-partecipare\/#breadcrumb"},"inLanguage":"it-IT","potentialAction":[{"@type":"ReadAction","target":["https:\/\/www.via-alpina.org\/it\/come-partecipare\/"]}]},{"@type":"BreadcrumbList","@id":"https:\/\/www.via-alpina.org\/it\/come-partecipare\/#breadcrumb","itemListElement":[{"@type":"ListItem","position":1,"name":"Home","item":"https:\/\/www.via-alpina.org\/it\/"},{"@type":"ListItem","position":2,"name":"Come partecipare?"}]},{"@type":"WebSite","@id":"https:\/\/www.via-alpina.org\/#website","url":"https:\/\/www.via-alpina.org\/","name":"Via Alpina","description":"\u0160e eno spleti\u0161\u010de WordPress","potentialAction":[{"@type":"SearchAction","target":{"@type":"EntryPoint","urlTemplate":"https:\/\/www.via-alpina.org\/?s={search_term_string}"},"query-input":{"@type":"PropertyValueSpecification","valueRequired":true,"valueName":"search_term_string"}}],"inLanguage":"it-IT"}]}},"_links":{"self":[{"href":"https:\/\/www.via-alpina.org\/it\/wp-json\/wp\/v2\/pages\/3109","targetHints":{"allow":["GET"]}}],"collection":[{"href":"https:\/\/www.via-alpina.org\/it\/wp-json\/wp\/v2\/pages"}],"about":[{"href":"https:\/\/www.via-alpina.org\/it\/wp-json\/wp\/v2\/types\/page"}],"author":[{"embeddable":true,"href":"https:\/\/www.via-alpina.org\/it\/wp-json\/wp\/v2\/users\/5"}],"replies":[{"embeddable":true,"href":"https:\/\/www.via-alpina.org\/it\/wp-json\/wp\/v2\/comments?post=3109"}],"version-history":[{"count":4,"href":"https:\/\/www.via-alpina.org\/it\/wp-json\/wp\/v2\/pages\/3109\/revisions"}],"predecessor-version":[{"id":3582,"href":"https:\/\/www.via-alpina.org\/it\/wp-json\/wp\/v2\/pages\/3109\/revisions\/3582"}],"up":[{"embeddable":true,"href":"https:\/\/www.via-alpina.org\/it\/wp-json\/wp\/v2\/pages\/2287"}],"wp:attachment":[{"href":"https:\/\/www.via-alpina.org\/it\/wp-json\/wp\/v2\/media?parent=3109"}],"curies":[{"name":"wp","href":"https:\/\/api.w.org\/{rel}","templated":true}]}}