{"id":2311,"date":"2023-10-16T08:51:31","date_gmt":"2023-10-16T06:51:31","guid":{"rendered":"https:\/\/www.via-alpina.org\/cookies\/"},"modified":"2024-03-13T13:04:30","modified_gmt":"2024-03-13T12:04:30","slug":"cookies","status":"publish","type":"page","link":"https:\/\/www.via-alpina.org\/it\/cookies\/","title":{"rendered":"Cookies"},"content":{"rendered":"<div class=\"wpb-content-wrapper\"><p>[vc_row full_width=&#8221;stretch_row_content_no_spaces&#8221; el_class=&#8221;sp-page-title&#8221;][vc_column]\t\t\n\t\t<div class=\"title-banner\" style=\"background-image: linear-gradient(rgba(0, 0, 0, 0.2),rgba(0, 0, 0, 0.3)),url(https:\/\/www.via-alpina.org\/wp-content\/uploads\/2023\/11\/banner-via-alpina-trail.jpg);\">\n\t\t<span class=\"banner-caption\">\u00a9 Julien Defois<\/span>\n\t\t<\/div>\n\t\t<div class=\"container container-for-crumbs\">\n\t\t\t\t<div class=\"breadcrumbs-container\">\n\t\t\t\t\t\t<div class=\"breadcrumbs\">\n\t\t\t\t\t\t\t\n\t<ul class=\"ns-breadcrumbs\">\n\t\t\t<li><a href=\"https:\/\/www.via-alpina.org\/it\/\">Home<\/a><\/li>\n\t\t\t\t<li>Cookies<\/li>\n\t<\/ul>\n\t\n\t\t\t\t\t\t\t\t<div class=\"clearfix\"><\/div>\n\t\t\t\t\t\t<\/div>\n\t\t\t\t<\/div>\n\t\t\t\t<h1 class=\"entry-title\">Cookies<\/h1>\n\t\t\t\t\t\t<\/div>\n\n\t\t[\/vc_column][\/vc_row][vc_row][vc_column][vc_column_text]<\/p>\n<div class=\"vc_row wpb_row vc_row-fluid\">\n<div class=\"wpb_column vc_column_container vc_col-sm-12\">\n<div class=\"vc_column-inner \">\n<div class=\"wpb_wrapper\">\n<div class=\"wpb_text_column wpb_content_element \">\n<div class=\"wpb_wrapper\">\n<p>I cookie sono piccoli file che vengono caricati sul tuo computer per migliorare l&#8217;esperienza dell&#8217;utente.<\/p>\n<p>I cookie non sono dannosi e sono sempre limitati nel tempo.<\/p>\n<p>Utilizziamo i seguenti cookie:<\/p>\n<p>Gruppo 1:<br \/>\nSono essenziali e senza di essi il sito non funzioner\u00e0 correttamente. Si adattano quando invii un modulo, fai un acquisto online o esegui qualsiasi interazione con il sito Web, che va oltre il semplice clic su link.<\/p>\n<p>Gruppo 2:<br \/>\nAnalizzano il traffico sui siti per migliorare l&#8217;esperienza dell&#8217;utente. Utilizzando il sito Web, accetti l&#8217;installazione sul tuo computer.<\/p>\n<p>Gruppo 3:<br \/>\nCookie dei nostri servizi partner come Facebook, Twitter, Google e altri. Se non sei d&#8217;accordo, i cookie non verranno impostati, ma alcune delle interessanti funzionalit\u00e0 del sito Web potrebbero non essere disponibili.<\/p>\n<p>Come gestire e disabilitare i cookie sul tuo PC:<\/p>\n<p>La memorizzazione dei cookie \u00e8 sotto il tuo completo controllo, poich\u00e9 il browser che stai utilizzando consente di memorizzarli, limitarli o disabilitarli.<\/p>\n<p>Per informazioni sulle impostazioni dei cookie, seleziona il browser Web che stai utilizzando.<\/p>\n<p><a href=\"https:\/\/support.google.com\/chrome\/answer\/95647?hl=it-it&amp;p=cpn_cookies\" target=\"_blank\" rel=\"noopener\">Chrome<\/a><br \/>\n<a href=\"http:\/\/support.mozilla.org\/it\/kb\/Attivare%20e%20disattivare%20i%20cookie\" target=\"_blank\" rel=\"noopener\">Firefox<\/a><br \/>\n<a href=\"http:\/\/windows.microsoft.com\/it-it\/windows7\/how-to-manage-cookies-in-internet-explorer-9\" target=\"_blank\" rel=\"noopener\">Internet Explorer 9<\/a><br \/>\n<a href=\"http:\/\/windows.microsoft.com\/it-it\/windows-vista\/block-or-allow-cookies\" target=\"_blank\" rel=\"noopener\">Internet Explorer 7 o 8<\/a><br \/>\n<a href=\"http:\/\/www.opera.com\/help\/tutorials\/security\/cookies\/\" target=\"_blank\" rel=\"noopener\">Opera<\/a><br \/>\n<a href=\"http:\/\/support.apple.com\/kb\/PH11913\" target=\"_blank\" rel=\"noopener\">Safari<\/a><\/p>\n<p>Se disabiliti i cookie, alcune funzionalit\u00e0 del sito Web saranno disabilitate.<\/p>\n<p>Elenco dei cookie utilizzati da questo sito:<\/p><\/div>\n<\/div>\n<\/div>\n<\/div>\n<\/div>\n<\/div>\n<div class=\"vc_row wpb_row vc_row-fluid\">\n<div class=\"wpb_column vc_column_container vc_col-sm-3\">\n<div class=\"vc_column-inner \">\n<div class=\"wpb_wrapper\">\n<div class=\"wpb_text_column wpb_content_element \">\n<div class=\"wpb_wrapper\">\n<ul>\n<li>NOME COOKIE: __utma<\/li>\n<li>DESCRIZIONE: Statistiche di visualizzazione delle pagine<\/li>\n<li>SERVIZI: Google Analytics<\/li>\n<li>TEMPO DI SCADENZA COOKIE: 2 anni<\/li>\n<\/ul>\n<\/div>\n<\/div>\n<\/div>\n<\/div>\n<\/div>\n<div class=\"wpb_column vc_column_container vc_col-sm-3\">\n<div class=\"vc_column-inner \">\n<div class=\"wpb_wrapper\">\n<div class=\"wpb_text_column wpb_content_element \">\n<div class=\"wpb_wrapper\">\n<ul>\n<li>NOME COOKIE: __utmb<\/li>\n<li>DESCRIZIONE: Statistiche di visualizzazione delle pagine<\/li>\n<li>SERVIZI: Google Analytics<\/li>\n<li>TEMPO DI SCADENZA COOKIE: 1 giorno<\/li>\n<\/ul>\n<\/div>\n<\/div>\n<\/div>\n<\/div>\n<\/div>\n<div class=\"wpb_column vc_column_container vc_col-sm-3\">\n<div class=\"vc_column-inner \">\n<div class=\"wpb_wrapper\">\n<div class=\"wpb_text_column wpb_content_element \">\n<div class \"wpb_wrapper\">\n<ul>\n<li>NOME COOKIE: __utmc<\/li>\n<li>DESCRIZIONE: Statistiche di visualizzazione delle pagine<\/li>\n<li>SERVIZI: Google Analytics<\/li>\n<li>TEMPO DI SCADENZA COOKIE: Fine di questa sessione<\/li>\n<\/ul>\n<\/div>\n<\/div>\n<\/div>\n<\/div>\n<\/div>\n<div class=\"wpb_column vc_column_container vc_col-sm-3\">\n<div class=\"vc_column-inner \">\n<div class=\"wpb_wrapper\">\n<div class=\"wpb_text_column wpb_content_element \">\n<div class=\"wpb_wrapper\">\n<ul>\n<li>NOME COOKIE: __utmz<\/li>\n<li>DESCRIZIONE: Statistiche di visualizzazione delle pagine<\/li>\n<li>SERVIZI: Google Analytics<\/li>\n<li>TEMPO DI SCADENZA COOKIE: 6 mesi<\/li>\n<\/ul>\n<\/div>\n<\/div>\n<\/div>\n<\/div>\n<\/div>\n<\/div>\n<h2><\/h2>\n<p>[\/vc_column_text][\/vc_column][\/vc_row][vc_row][vc_column][vc_empty_space][\/vc_column][\/vc_row]<\/p>\n<\/div>","protected":false},"excerpt":{"rendered":"<p>[vc_row full_width=&#8221;stretch_row_content_no_spaces&#8221; el_class=&#8221;sp-page-title&#8221;][vc_column][\/vc_column][\/vc_row][vc_row][vc_column][vc_column_text] I cookie sono piccoli file che vengono caricati sul tuo computer per migliorare l&#8217;esperienza dell&#8217;utente. I cookie non sono dannosi e sono sempre limitati nel tempo. Utilizziamo i seguenti cookie: Gruppo 1: Sono essenziali e senza di essi il sito non funzioner\u00e0 correttamente. Si adattano quando invii un modulo, fai un acquisto online o esegui qualsiasi interazione con il sito Web, che va oltre il semplice clic su link. Gruppo 2: Analizzano il traffico sui siti per migliorare l&#8217;esperienza dell&#8217;utente. Utilizzando il sito Web, accetti l&#8217;installazione sul tuo computer. Gruppo 3: Cookie dei nostri servizi partner come Facebook, Twitter, Google e altri. Se non sei d&#8217;accordo, i cookie non verranno impostati, ma alcune delle interessanti funzionalit\u00e0 del [&hellip;]<\/p>\n","protected":false},"author":1,"featured_media":0,"parent":0,"menu_order":9,"comment_status":"closed","ping_status":"closed","template":"","meta":{"footnotes":""},"class_list":["post-2311","page","type-page","status-publish","hentry"],"yoast_head":"<!-- This site is optimized with the Yoast SEO plugin v27.3 - https:\/\/yoast.com\/product\/yoast-seo-wordpress\/ -->\n<title>Cookies - Via Alpina<\/title>\n<meta name=\"description\" content=\"I cookie sono piccoli file che vengono caricati sul tuo computer per migliorare l&#039;esperienza dell&#039;utente. I cookie non sono dannosi e sono sempre limitati nel tempo. Utilizziamo i seguenti cookie:\" \/>\n<meta name=\"robots\" content=\"index, follow, max-snippet:-1, max-image-preview:large, max-video-preview:-1\" \/>\n<link rel=\"canonical\" href=\"https:\/\/www.via-alpina.org\/cookies\/\" \/>\n<meta property=\"og:locale\" content=\"it_IT\" \/>\n<meta property=\"og:type\" content=\"article\" \/>\n<meta property=\"og:title\" content=\"Cookies - Via Alpina\" \/>\n<meta property=\"og:description\" content=\"[vc_row full_width=&#8221;stretch_row_content_no_spaces&#8221; el_class=&#8221;sp-page-title&#8221;][vc_column][\/vc_column][\/vc_row][vc_row][vc_column][vc_column_text] I cookie sono piccoli file che vengono caricati sul tuo computer per migliorare l&#8217;esperienza dell&#8217;utente. I cookie non sono dannosi e sono sempre limitati nel tempo. Utilizziamo i seguenti cookie: Gruppo 1: Sono essenziali e senza di essi il sito non funzioner\u00e0 correttamente. Si adattano quando invii un modulo, fai un acquisto online o esegui qualsiasi interazione con il sito Web, che va oltre il semplice clic su link. Gruppo 2: Analizzano il traffico sui siti per migliorare l&#8217;esperienza dell&#8217;utente. Utilizzando il sito Web, accetti l&#8217;installazione sul tuo computer. Gruppo 3: Cookie dei nostri servizi partner come Facebook, Twitter, Google e altri. Se non sei d&#8217;accordo, i cookie non verranno impostati, ma alcune delle interessanti funzionalit\u00e0 del [&hellip;]\" \/>\n<meta property=\"og:url\" content=\"https:\/\/www.via-alpina.org\/cookies\/\" \/>\n<meta property=\"og:site_name\" content=\"Via Alpina\" \/>\n<meta property=\"article:modified_time\" content=\"2024-03-13T12:04:30+00:00\" \/>\n<meta name=\"twitter:card\" content=\"summary_large_image\" \/>\n<meta name=\"twitter:label1\" content=\"Tempo di lettura stimato\" \/>\n\t<meta name=\"twitter:data1\" content=\"2 minuti\" \/>\n<script type=\"application\/ld+json\" class=\"yoast-schema-graph\">{\"@context\":\"https:\\\/\\\/schema.org\",\"@graph\":[{\"@type\":\"WebPage\",\"@id\":\"https:\\\/\\\/www.via-alpina.org\\\/cookies\\\/\",\"url\":\"https:\\\/\\\/www.via-alpina.org\\\/cookies\\\/\",\"name\":\"Cookies - Via Alpina\",\"isPartOf\":{\"@id\":\"https:\\\/\\\/www.via-alpina.org\\\/#website\"},\"datePublished\":\"2023-10-16T06:51:31+00:00\",\"dateModified\":\"2024-03-13T12:04:30+00:00\",\"breadcrumb\":{\"@id\":\"https:\\\/\\\/www.via-alpina.org\\\/cookies\\\/#breadcrumb\"},\"inLanguage\":\"it-IT\",\"potentialAction\":[{\"@type\":\"ReadAction\",\"target\":[\"https:\\\/\\\/www.via-alpina.org\\\/cookies\\\/\"]}]},{\"@type\":\"BreadcrumbList\",\"@id\":\"https:\\\/\\\/www.via-alpina.org\\\/cookies\\\/#breadcrumb\",\"itemListElement\":[{\"@type\":\"ListItem\",\"position\":1,\"name\":\"Home\",\"item\":\"https:\\\/\\\/www.via-alpina.org\\\/it\\\/\"},{\"@type\":\"ListItem\",\"position\":2,\"name\":\"Cookies\"}]},{\"@type\":\"WebSite\",\"@id\":\"https:\\\/\\\/www.via-alpina.org\\\/#website\",\"url\":\"https:\\\/\\\/www.via-alpina.org\\\/\",\"name\":\"Via Alpina\",\"description\":\"\u0160e eno spleti\u0161\u010de WordPress\",\"potentialAction\":[{\"@type\":\"SearchAction\",\"target\":{\"@type\":\"EntryPoint\",\"urlTemplate\":\"https:\\\/\\\/www.via-alpina.org\\\/?s={search_term_string}\"},\"query-input\":{\"@type\":\"PropertyValueSpecification\",\"valueRequired\":true,\"valueName\":\"search_term_string\"}}],\"inLanguage\":\"it-IT\"}]}<\/script>\n<!-- \/ Yoast SEO plugin. -->","yoast_head_json":{"title":"Cookies - Via Alpina","description":"I cookie sono piccoli file che vengono caricati sul tuo computer per migliorare l'esperienza dell'utente. I cookie non sono dannosi e sono sempre limitati nel tempo. Utilizziamo i seguenti cookie:","robots":{"index":"index","follow":"follow","max-snippet":"max-snippet:-1","max-image-preview":"max-image-preview:large","max-video-preview":"max-video-preview:-1"},"canonical":"https:\/\/www.via-alpina.org\/cookies\/","og_locale":"it_IT","og_type":"article","og_title":"Cookies - Via Alpina","og_description":"[vc_row full_width=&#8221;stretch_row_content_no_spaces&#8221; el_class=&#8221;sp-page-title&#8221;][vc_column][\/vc_column][\/vc_row][vc_row][vc_column][vc_column_text] I cookie sono piccoli file che vengono caricati sul tuo computer per migliorare l&#8217;esperienza dell&#8217;utente. I cookie non sono dannosi e sono sempre limitati nel tempo. Utilizziamo i seguenti cookie: Gruppo 1: Sono essenziali e senza di essi il sito non funzioner\u00e0 correttamente. Si adattano quando invii un modulo, fai un acquisto online o esegui qualsiasi interazione con il sito Web, che va oltre il semplice clic su link. Gruppo 2: Analizzano il traffico sui siti per migliorare l&#8217;esperienza dell&#8217;utente. Utilizzando il sito Web, accetti l&#8217;installazione sul tuo computer. Gruppo 3: Cookie dei nostri servizi partner come Facebook, Twitter, Google e altri. Se non sei d&#8217;accordo, i cookie non verranno impostati, ma alcune delle interessanti funzionalit\u00e0 del [&hellip;]","og_url":"https:\/\/www.via-alpina.org\/cookies\/","og_site_name":"Via Alpina","article_modified_time":"2024-03-13T12:04:30+00:00","twitter_card":"summary_large_image","twitter_misc":{"Tempo di lettura stimato":"2 minuti"},"schema":{"@context":"https:\/\/schema.org","@graph":[{"@type":"WebPage","@id":"https:\/\/www.via-alpina.org\/cookies\/","url":"https:\/\/www.via-alpina.org\/cookies\/","name":"Cookies - Via Alpina","isPartOf":{"@id":"https:\/\/www.via-alpina.org\/#website"},"datePublished":"2023-10-16T06:51:31+00:00","dateModified":"2024-03-13T12:04:30+00:00","breadcrumb":{"@id":"https:\/\/www.via-alpina.org\/cookies\/#breadcrumb"},"inLanguage":"it-IT","potentialAction":[{"@type":"ReadAction","target":["https:\/\/www.via-alpina.org\/cookies\/"]}]},{"@type":"BreadcrumbList","@id":"https:\/\/www.via-alpina.org\/cookies\/#breadcrumb","itemListElement":[{"@type":"ListItem","position":1,"name":"Home","item":"https:\/\/www.via-alpina.org\/it\/"},{"@type":"ListItem","position":2,"name":"Cookies"}]},{"@type":"WebSite","@id":"https:\/\/www.via-alpina.org\/#website","url":"https:\/\/www.via-alpina.org\/","name":"Via Alpina","description":"\u0160e eno spleti\u0161\u010de WordPress","potentialAction":[{"@type":"SearchAction","target":{"@type":"EntryPoint","urlTemplate":"https:\/\/www.via-alpina.org\/?s={search_term_string}"},"query-input":{"@type":"PropertyValueSpecification","valueRequired":true,"valueName":"search_term_string"}}],"inLanguage":"it-IT"}]}},"_links":{"self":[{"href":"https:\/\/www.via-alpina.org\/it\/wp-json\/wp\/v2\/pages\/2311","targetHints":{"allow":["GET"]}}],"collection":[{"href":"https:\/\/www.via-alpina.org\/it\/wp-json\/wp\/v2\/pages"}],"about":[{"href":"https:\/\/www.via-alpina.org\/it\/wp-json\/wp\/v2\/types\/page"}],"author":[{"embeddable":true,"href":"https:\/\/www.via-alpina.org\/it\/wp-json\/wp\/v2\/users\/1"}],"replies":[{"embeddable":true,"href":"https:\/\/www.via-alpina.org\/it\/wp-json\/wp\/v2\/comments?post=2311"}],"version-history":[{"count":0,"href":"https:\/\/www.via-alpina.org\/it\/wp-json\/wp\/v2\/pages\/2311\/revisions"}],"wp:attachment":[{"href":"https:\/\/www.via-alpina.org\/it\/wp-json\/wp\/v2\/media?parent=2311"}],"curies":[{"name":"wp","href":"https:\/\/api.w.org\/{rel}","templated":true}]}}