{"id":2295,"date":"2023-10-25T09:01:12","date_gmt":"2023-10-25T07:01:12","guid":{"rendered":"https:\/\/www.via-alpina.org\/trail\/"},"modified":"2026-04-01T14:36:11","modified_gmt":"2026-04-01T12:36:11","slug":"trail","status":"publish","type":"page","link":"https:\/\/www.via-alpina.org\/it\/trail\/","title":{"rendered":"Trail"},"content":{"rendered":"<div class=\"wpb-content-wrapper\"><p>[vc_row full_width=&#8221;stretch_row_content_no_spaces&#8221; el_class=&#8221;sp-page-title&#8221;][vc_column]\t\t\n\t\t<div class=\"title-banner\" style=\"background-image: linear-gradient(rgba(0, 0, 0, 0.2),rgba(0, 0, 0, 0.3)),url(https:\/\/www.via-alpina.org\/wp-content\/uploads\/2024\/01\/r-57-traverse-des-drei-schwestern-sur-la-via-alpina-scaled.jpg);\">\n\t\t<span class=\"banner-caption\">Drei Schwestern\/LI \u00a9 Julien Defois<\/span>\n\t\t<\/div>\n\t\t<div class=\"container container-for-crumbs\">\n\t\t\t\t<div class=\"breadcrumbs-container\">\n\t\t\t\t\t\t<div class=\"breadcrumbs\">\n\t\t\t\t\t\t\t\n\t<ul class=\"ns-breadcrumbs\">\n\t\t\t<li><a href=\"https:\/\/www.via-alpina.org\/it\/\">Home<\/a><\/li>\n\t\t\t\t<li>Trail<\/li>\n\t<\/ul>\n\t\n\t\t\t\t\t\t\t\t<div class=\"clearfix\"><\/div>\n\t\t\t\t\t\t<\/div>\n\t\t\t\t<\/div>\n\t\t\t\t<h1 class=\"entry-title\">Trail<\/h1>\n\t\t\t\t\t\t<\/div>\n\n\t\t[\/vc_column][\/vc_row][vc_row][vc_column][vc_column_text]Scoprite le tappe della Via Alpina:[\/vc_column_text][\/vc_column][\/vc_row][vc_row][vc_column][vc_raw_js]JTNDc2NyaXB0JTIwdHlwZSUzRCUyMnRleHQlMkZqYXZhc2NyaXB0JTIyJTIwc3JjJTNEJTIyaHR0cHMlM0ElMkYlMkZ3d3cub3V0ZG9vcmFjdGl2ZS5jb20lMkZlbiUyRmVtYmVkJTJGMjg2MzI1OTg0JTJGanMlM0ZtdyUzRGZhbHNlJTIyJTNFJTNDJTJGc2NyaXB0JTNF[\/vc_raw_js][\/vc_column][\/vc_row][vc_row][vc_column][vc_column_text]Le tappe sono disponibili anche su Komoot e AllTrails.The stages are also available under Komoot and AllTrails.[\/vc_column_text][vc_empty_space][vc_single_image image=&#8221;4294&#8243; alignment=&#8221;center&#8221; onclick=&#8221;img_link_large&#8221;][\/vc_column][\/vc_row][vc_row][vc_column][vc_empty_space][\/vc_column][\/vc_row][vc_row][vc_column][\/vc_column][\/vc_row]<\/p>\n<\/div>","protected":false},"excerpt":{"rendered":"<p>[vc_row full_width=&#8221;stretch_row_content_no_spaces&#8221; el_class=&#8221;sp-page-title&#8221;][vc_column][\/vc_column][\/vc_row][vc_row][vc_column][vc_column_text]Scoprite le tappe della Via Alpina:[\/vc_column_text][\/vc_column][\/vc_row][vc_row][vc_column][vc_raw_js]JTNDc2NyaXB0JTIwdHlwZSUzRCUyMnRleHQlMkZqYXZhc2NyaXB0JTIyJTIwc3JjJTNEJTIyaHR0cHMlM0ElMkYlMkZ3d3cub3V0ZG9vcmFjdGl2ZS5jb20lMkZlbiUyRmVtYmVkJTJGMjg2MzI1OTg0JTJGanMlM0ZtdyUzRGZhbHNlJTIyJTNFJTNDJTJGc2NyaXB0JTNF[\/vc_raw_js][\/vc_column][\/vc_row][vc_row][vc_column][vc_column_text]Le tappe sono disponibili anche su Komoot e AllTrails.The stages are also available under Komoot and AllTrails.[\/vc_column_text][vc_empty_space][vc_single_image image=&#8221;4294&#8243; alignment=&#8221;center&#8221; onclick=&#8221;img_link_large&#8221;][\/vc_column][\/vc_row][vc_row][vc_column][vc_empty_space][\/vc_column][\/vc_row][vc_row][vc_column][\/vc_column][\/vc_row]<\/p>\n","protected":false},"author":1,"featured_media":0,"parent":0,"menu_order":2,"comment_status":"closed","ping_status":"closed","template":"","meta":{"footnotes":""},"class_list":["post-2295","page","type-page","status-publish","hentry"],"yoast_head":"<!-- This site is optimized with the Yoast SEO plugin v27.3 - https:\/\/yoast.com\/product\/yoast-seo-wordpress\/ -->\n<title>Trail - Via Alpina<\/title>\n<meta name=\"description\" content=\"Scoprite le tappe della Via Alpina:JTNDc2NyaXB0JTIwdHlwZSUzRCUyMnRleHQlMkZqYXZhc2NyaXB0JTIyJTIwc3JjJTNEJTIyaHR0cHMlM0ElMkYlMkZ3d3cub3V0ZG9vcmFjdGl2ZS5jb20lMkZlbiUyRmVtYmVkJTJGMjg2MzI1OTg0JTJGanMlM0ZtdyUzRGZhbHNlJTIyJTNFJTNDJTJGc2NyaXB0JTNFLe tappe sono disponibili anche su Komoot e AllTrails.The stages are also available under Komoot and AllTrails.\" \/>\n<meta name=\"robots\" content=\"index, follow, max-snippet:-1, max-image-preview:large, max-video-preview:-1\" \/>\n<link rel=\"canonical\" href=\"https:\/\/www.via-alpina.org\/it\/trail\/\" \/>\n<meta property=\"og:locale\" content=\"it_IT\" \/>\n<meta property=\"og:type\" content=\"article\" \/>\n<meta property=\"og:title\" content=\"Trail - Via Alpina\" \/>\n<meta property=\"og:description\" content=\"[vc_row full_width=&#8221;stretch_row_content_no_spaces&#8221; el_class=&#8221;sp-page-title&#8221;][vc_column][\/vc_column][\/vc_row][vc_row][vc_column][vc_column_text]Scoprite le tappe della Via Alpina:[\/vc_column_text][\/vc_column][\/vc_row][vc_row][vc_column][vc_raw_js]JTNDc2NyaXB0JTIwdHlwZSUzRCUyMnRleHQlMkZqYXZhc2NyaXB0JTIyJTIwc3JjJTNEJTIyaHR0cHMlM0ElMkYlMkZ3d3cub3V0ZG9vcmFjdGl2ZS5jb20lMkZlbiUyRmVtYmVkJTJGMjg2MzI1OTg0JTJGanMlM0ZtdyUzRGZhbHNlJTIyJTNFJTNDJTJGc2NyaXB0JTNF[\/vc_raw_js][\/vc_column][\/vc_row][vc_row][vc_column][vc_column_text]Le tappe sono disponibili anche su Komoot e AllTrails.The stages are also available under Komoot and AllTrails.[\/vc_column_text][vc_empty_space][vc_single_image image=&#8221;4294&#8243; alignment=&#8221;center&#8221; onclick=&#8221;img_link_large&#8221;][\/vc_column][\/vc_row][vc_row][vc_column][vc_empty_space][\/vc_column][\/vc_row][vc_row][vc_column][\/vc_column][\/vc_row]\" \/>\n<meta property=\"og:url\" content=\"https:\/\/www.via-alpina.org\/it\/trail\/\" \/>\n<meta property=\"og:site_name\" content=\"Via Alpina\" \/>\n<meta property=\"article:modified_time\" content=\"2026-04-01T12:36:11+00:00\" \/>\n<meta name=\"twitter:card\" content=\"summary_large_image\" \/>\n<meta name=\"twitter:label1\" content=\"Tempo di lettura stimato\" \/>\n\t<meta name=\"twitter:data1\" content=\"1 minuto\" \/>\n<script type=\"application\/ld+json\" class=\"yoast-schema-graph\">{\"@context\":\"https:\\\/\\\/schema.org\",\"@graph\":[{\"@type\":\"WebPage\",\"@id\":\"https:\\\/\\\/www.via-alpina.org\\\/it\\\/trail\\\/\",\"url\":\"https:\\\/\\\/www.via-alpina.org\\\/it\\\/trail\\\/\",\"name\":\"Trail - Via Alpina\",\"isPartOf\":{\"@id\":\"https:\\\/\\\/www.via-alpina.org\\\/#website\"},\"datePublished\":\"2023-10-25T07:01:12+00:00\",\"dateModified\":\"2026-04-01T12:36:11+00:00\",\"breadcrumb\":{\"@id\":\"https:\\\/\\\/www.via-alpina.org\\\/it\\\/trail\\\/#breadcrumb\"},\"inLanguage\":\"it-IT\",\"potentialAction\":[{\"@type\":\"ReadAction\",\"target\":[\"https:\\\/\\\/www.via-alpina.org\\\/it\\\/trail\\\/\"]}]},{\"@type\":\"BreadcrumbList\",\"@id\":\"https:\\\/\\\/www.via-alpina.org\\\/it\\\/trail\\\/#breadcrumb\",\"itemListElement\":[{\"@type\":\"ListItem\",\"position\":1,\"name\":\"Home\",\"item\":\"https:\\\/\\\/www.via-alpina.org\\\/it\\\/\"},{\"@type\":\"ListItem\",\"position\":2,\"name\":\"Trail\"}]},{\"@type\":\"WebSite\",\"@id\":\"https:\\\/\\\/www.via-alpina.org\\\/#website\",\"url\":\"https:\\\/\\\/www.via-alpina.org\\\/\",\"name\":\"Via Alpina\",\"description\":\"\u0160e eno spleti\u0161\u010de WordPress\",\"potentialAction\":[{\"@type\":\"SearchAction\",\"target\":{\"@type\":\"EntryPoint\",\"urlTemplate\":\"https:\\\/\\\/www.via-alpina.org\\\/?s={search_term_string}\"},\"query-input\":{\"@type\":\"PropertyValueSpecification\",\"valueRequired\":true,\"valueName\":\"search_term_string\"}}],\"inLanguage\":\"it-IT\"}]}<\/script>\n<!-- \/ Yoast SEO plugin. -->","yoast_head_json":{"title":"Trail - Via Alpina","description":"Scoprite le tappe della Via Alpina:JTNDc2NyaXB0JTIwdHlwZSUzRCUyMnRleHQlMkZqYXZhc2NyaXB0JTIyJTIwc3JjJTNEJTIyaHR0cHMlM0ElMkYlMkZ3d3cub3V0ZG9vcmFjdGl2ZS5jb20lMkZlbiUyRmVtYmVkJTJGMjg2MzI1OTg0JTJGanMlM0ZtdyUzRGZhbHNlJTIyJTNFJTNDJTJGc2NyaXB0JTNFLe tappe sono disponibili anche su Komoot e AllTrails.The stages are also available under Komoot and AllTrails.","robots":{"index":"index","follow":"follow","max-snippet":"max-snippet:-1","max-image-preview":"max-image-preview:large","max-video-preview":"max-video-preview:-1"},"canonical":"https:\/\/www.via-alpina.org\/it\/trail\/","og_locale":"it_IT","og_type":"article","og_title":"Trail - Via Alpina","og_description":"[vc_row full_width=&#8221;stretch_row_content_no_spaces&#8221; el_class=&#8221;sp-page-title&#8221;][vc_column][\/vc_column][\/vc_row][vc_row][vc_column][vc_column_text]Scoprite le tappe della Via Alpina:[\/vc_column_text][\/vc_column][\/vc_row][vc_row][vc_column][vc_raw_js]JTNDc2NyaXB0JTIwdHlwZSUzRCUyMnRleHQlMkZqYXZhc2NyaXB0JTIyJTIwc3JjJTNEJTIyaHR0cHMlM0ElMkYlMkZ3d3cub3V0ZG9vcmFjdGl2ZS5jb20lMkZlbiUyRmVtYmVkJTJGMjg2MzI1OTg0JTJGanMlM0ZtdyUzRGZhbHNlJTIyJTNFJTNDJTJGc2NyaXB0JTNF[\/vc_raw_js][\/vc_column][\/vc_row][vc_row][vc_column][vc_column_text]Le tappe sono disponibili anche su Komoot e AllTrails.The stages are also available under Komoot and AllTrails.[\/vc_column_text][vc_empty_space][vc_single_image image=&#8221;4294&#8243; alignment=&#8221;center&#8221; onclick=&#8221;img_link_large&#8221;][\/vc_column][\/vc_row][vc_row][vc_column][vc_empty_space][\/vc_column][\/vc_row][vc_row][vc_column][\/vc_column][\/vc_row]","og_url":"https:\/\/www.via-alpina.org\/it\/trail\/","og_site_name":"Via Alpina","article_modified_time":"2026-04-01T12:36:11+00:00","twitter_card":"summary_large_image","twitter_misc":{"Tempo di lettura stimato":"1 minuto"},"schema":{"@context":"https:\/\/schema.org","@graph":[{"@type":"WebPage","@id":"https:\/\/www.via-alpina.org\/it\/trail\/","url":"https:\/\/www.via-alpina.org\/it\/trail\/","name":"Trail - Via Alpina","isPartOf":{"@id":"https:\/\/www.via-alpina.org\/#website"},"datePublished":"2023-10-25T07:01:12+00:00","dateModified":"2026-04-01T12:36:11+00:00","breadcrumb":{"@id":"https:\/\/www.via-alpina.org\/it\/trail\/#breadcrumb"},"inLanguage":"it-IT","potentialAction":[{"@type":"ReadAction","target":["https:\/\/www.via-alpina.org\/it\/trail\/"]}]},{"@type":"BreadcrumbList","@id":"https:\/\/www.via-alpina.org\/it\/trail\/#breadcrumb","itemListElement":[{"@type":"ListItem","position":1,"name":"Home","item":"https:\/\/www.via-alpina.org\/it\/"},{"@type":"ListItem","position":2,"name":"Trail"}]},{"@type":"WebSite","@id":"https:\/\/www.via-alpina.org\/#website","url":"https:\/\/www.via-alpina.org\/","name":"Via Alpina","description":"\u0160e eno spleti\u0161\u010de WordPress","potentialAction":[{"@type":"SearchAction","target":{"@type":"EntryPoint","urlTemplate":"https:\/\/www.via-alpina.org\/?s={search_term_string}"},"query-input":{"@type":"PropertyValueSpecification","valueRequired":true,"valueName":"search_term_string"}}],"inLanguage":"it-IT"}]}},"_links":{"self":[{"href":"https:\/\/www.via-alpina.org\/it\/wp-json\/wp\/v2\/pages\/2295","targetHints":{"allow":["GET"]}}],"collection":[{"href":"https:\/\/www.via-alpina.org\/it\/wp-json\/wp\/v2\/pages"}],"about":[{"href":"https:\/\/www.via-alpina.org\/it\/wp-json\/wp\/v2\/types\/page"}],"author":[{"embeddable":true,"href":"https:\/\/www.via-alpina.org\/it\/wp-json\/wp\/v2\/users\/1"}],"replies":[{"embeddable":true,"href":"https:\/\/www.via-alpina.org\/it\/wp-json\/wp\/v2\/comments?post=2295"}],"version-history":[{"count":3,"href":"https:\/\/www.via-alpina.org\/it\/wp-json\/wp\/v2\/pages\/2295\/revisions"}],"predecessor-version":[{"id":4311,"href":"https:\/\/www.via-alpina.org\/it\/wp-json\/wp\/v2\/pages\/2295\/revisions\/4311"}],"wp:attachment":[{"href":"https:\/\/www.via-alpina.org\/it\/wp-json\/wp\/v2\/media?parent=2295"}],"curies":[{"name":"wp","href":"https:\/\/api.w.org\/{rel}","templated":true}]}}