{"id":4430,"date":"2026-04-24T16:09:54","date_gmt":"2026-04-24T14:09:54","guid":{"rendered":"https:\/\/www.via-alpina.org\/?page_id=4430"},"modified":"2026-04-24T16:10:27","modified_gmt":"2026-04-24T14:10:27","slug":"concours-photo-et-video-2026","status":"publish","type":"page","link":"https:\/\/www.via-alpina.org\/fr\/communaute\/concours-photo-et-video-2026\/","title":{"rendered":"Concours photo et vid\u00e9o 2026"},"content":{"rendered":"<div class=\"wpb-content-wrapper\"><p>[vc_row full_width=\u00a0\u00bbstretch_row_content_no_spaces\u00a0\u00bb el_class=\u00a0\u00bbsp-page-title\u00a0\u00bb][vc_column]\t\t\n\t\t<div class=\"title-banner\" style=\"background-image: linear-gradient(rgba(0, 0, 0, 0.2),rgba(0, 0, 0, 0.3)),url(https:\/\/www.via-alpina.org\/wp-content\/uploads\/2026\/04\/3X7A6255-Jesse-Cases-scaled.jpg);\">\n\t\t<span class=\"banner-caption\"><\/span>\n\t\t<\/div>\n\t\t<div class=\"container container-for-crumbs\">\n\t\t\t\t<div class=\"breadcrumbs-container\">\n\t\t\t\t\t\t<div class=\"breadcrumbs\">\n\t\t\t\t\t\t\t\n\t<ul class=\"ns-breadcrumbs\">\n\t\t\t<li><a href=\"https:\/\/www.via-alpina.org\/fr\/\">Accueil<\/a><\/li>\n\t\t\t\t\t<li><a href=\"https:\/\/www.via-alpina.org\/fr\/communaute\/\">Communaut\u00e9<\/a><\/li>\n\t\t\t\t<li>Concours photo et vid\u00e9o 2026<\/li>\n\t<\/ul>\n\t\n\t\t\t\t\t\t\t\t<div class=\"clearfix\"><\/div>\n\t\t\t\t\t\t<\/div>\n\t\t\t\t<\/div>\n\t\t\t\t<h1 class=\"entry-title\">Concours photo et vid\u00e9o 2026<\/h1>\n\t\t\t\t\t\t<\/div>\n\n\t\t[\/vc_column][\/vc_row][vc_row][vc_column][vc_column_text]<\/p>\n<h2 data-start=\"132\" data-end=\"737\">Le concours photo et vid\u00e9o Via Alpina entame sa deuxi\u00e8me \u00e9dition : envoie-nous ta photo Via Alpina de la saison !<\/h2>\n<p data-start=\"132\" data-end=\"737\">Cet \u00e9t\u00e9, la Via Alpina invite les randonneurs, les aventuriers et les amoureux de la montagne \u00e0 participer \u00e0 un concours photo et vid\u00e9o qui c\u00e9l\u00e8bre les exp\u00e9riences personnelles v\u00e9cues le long de la Via Alpina. \u00c0 travers cet appel \u00e0 candidatures ouvert \u00e0 tous, nous souhaitons rassembler et partager les impressions recueillies sur le sentier \u2014 ces moments d\u2019\u00e9merveillement, de connexion, de d\u00e9fi et de beaut\u00e9 \u2014 tels qu\u2019ils sont vus et ressentis par ceux qui le parcourent. Que tu aies immortalis\u00e9 un paysage spectaculaire, une rencontre marquante ou un moment de tranquillit\u00e9 dans la nature, nous serions ravis de le mettre en avant.<\/p>\n<h3 data-start=\"739\" data-end=\"764\">Pourquoi participer ?<\/h3>\n<p data-start=\"766\" data-end=\"1355\"><span class=\"TextRun Highlight SCXW169908604 BCX8\" lang=\"FR-CH\" xml:lang=\"FR-CH\" data-contrast=\"auto\"><span class=\"NormalTextRun SCXW169908604 BCX8\">Les Alpes ne sont pas seulement une destination, mais un espace vivant et partag\u00e9 qui relie les individus et les cultures au-del\u00e0 des fronti\u00e8res. Ce concours t&rsquo;offre l&rsquo;occasion de<\/span><\/span><span class=\"TextRun Highlight SCXW169908604 BCX8\" lang=\"FR-CH\" xml:lang=\"FR-CH\" data-contrast=\"auto\"><span class=\"NormalTextRun SCXW169908604 BCX8\">\u00a0contribuer \u00e0 la communaut\u00e9 grandissante de <\/span><span class=\"NormalTextRun ContextualSpellingAndGrammarErrorV2Themed SCXW169908604 BCX8\">la<\/span><span class=\"NormalTextRun SCXW169908604 BCX8\"> Via Alpina et d\u2019inspirer d\u2019autres personnes \u00e0 d\u00e9couvrir cet itin\u00e9raire de grande randonn\u00e9e unique<\/span><span class=\"NormalTextRun SCXW169908604 BCX8\">,<\/span><span class=\"NormalTextRun SCXW169908604 BCX8\"> de fa\u00e7on personnelle et durable. Vos contributions seront mises en avant sur les r\u00e9seaux sociaux de Via Alpina et <\/span><span class=\"NormalTextRun SCXW169908604 BCX8\">permettront de<\/span><span class=\"NormalTextRun SCXW169908604 BCX8\"> documenter l\u2019exp\u00e9rience de la randonn\u00e9e <\/span><span class=\"NormalTextRun SCXW169908604 BCX8\">en<\/span><span class=\"NormalTextRun SCXW169908604 BCX8\"> r\u00e9gion alpine dans le cadre d\u2019une campagne authentique et communautaire.<\/span><\/span><span class=\"EOP SCXW169908604 BCX8\" data-ccp-props=\"{&quot;201341983&quot;:0,&quot;335559739&quot;:0,&quot;335559740&quot;:240}\">\u00a0<\/span><\/p>\n<div class=\"mceTemp\"><\/div>\n<h3 data-start=\"1819\" data-end=\"1841\">Comment participer<\/h3>\n<p data-start=\"1843\" data-end=\"1906\">T\u00e9l\u00e9chargez votre photo ou vid\u00e9o directement <a href=\"https:\/\/docs.google.com\/forms\/d\/e\/1FAIpQLScp8C5MsAxcg2uZt9dmQeIb2T6b-bL7WT3wYk7GERrr_yVaMQ\/viewform?usp=header\">via ce formulaire.<\/a><\/p>\n<p><span data-contrast=\"auto\">Veuillez-vous<\/span><span data-contrast=\"auto\"> assurer que les fichiers vid\u00e9o respectent la taille maximale autoris\u00e9e (v\u00e9rifiez les limites du formulaire Google).<\/span><span data-ccp-props=\"{&quot;201341983&quot;:0,&quot;335559739&quot;:0,&quot;335559740&quot;:240}\">\u00a0<\/span><\/p>\n<p><span data-ccp-props=\"{&quot;201341983&quot;:0,&quot;335559739&quot;:0,&quot;335559740&quot;:240}\">\u00a0<\/span><span data-contrast=\"auto\">En soumettant votre contenu, vous accordez \u00e0 <\/span><span data-contrast=\"auto\">la<\/span><span data-contrast=\"auto\"> Via Alpina la permission de le publier sur nos plateformes et notre site web. La propri\u00e9t\u00e9 reste \u00e0 <\/span><span data-contrast=\"auto\">l\u2019auteur.<\/span><span data-contrast=\"auto\">e original.<\/span><span data-contrast=\"auto\">e<\/span><span data-contrast=\"auto\">, et une attribution correcte sera donn\u00e9e dans la mesure du possible.<\/span><span data-ccp-props=\"{&quot;201341983&quot;:0,&quot;335559739&quot;:0,&quot;335559740&quot;:240}\">\u00a0<\/span><\/p>\n<h3 data-start=\"2280\" data-end=\"2294\">Calendrier<\/h3>\n<p data-start=\"2296\" data-end=\"2508\">Le concours se d\u00e9roulera tout au long de la saison 2026, jusqu&rsquo;au 1er octobre 2026, et encouragera les randonneurs \u00e0 partager leurs exp\u00e9riences tout au long de la saison de randonn\u00e9e.<\/p>\n<h3 data-start=\"2515\" data-end=\"2561\">Aidez-nous \u00e0 raconter l\u2019histoire des Alpes<\/h3>\n<p><span data-contrast=\"auto\">C&rsquo;est bien plus qu&rsquo;un simple concours\u00a0: c\u2019est une invitation \u00e0 co-cr\u00e9er le paysage visuel et \u00e9motionnel de la Via Alpina.<\/span><span data-ccp-props=\"{&quot;201341983&quot;:0,&quot;335559739&quot;:0,&quot;335559740&quot;:240}\">\u00a0<\/span><\/p>\n<p><span data-contrast=\"auto\">En partageant votre regard, vous contribuez \u00e0 inspirer les futur.<\/span><span data-contrast=\"auto\">es randonneur.<\/span><span data-contrast=\"auto\">euses et \u00e0 promouvoir un lien plus profond avec la richesse naturelle et culturelle de la r\u00e9gion alpine. Pour plus d\u2019informations et de suivi, suivez-nous sur Instagram et Facebook ou visitez site web.<\/span>[\/vc_column_text][vc_empty_space][\/vc_column][\/vc_row][vc_row][vc_column][\/vc_column][\/vc_row]<\/p>\n<\/div>","protected":false},"excerpt":{"rendered":"<p>[vc_row full_width=\u00a0\u00bbstretch_row_content_no_spaces\u00a0\u00bb el_class=\u00a0\u00bbsp-page-title\u00a0\u00bb][vc_column][\/vc_column][\/vc_row][vc_row][vc_column][vc_column_text] Le concours photo et vid\u00e9o Via Alpina entame sa deuxi\u00e8me \u00e9dition : envoie-nous ta photo Via Alpina de la saison ! Cet \u00e9t\u00e9, la Via Alpina invite les randonneurs, les aventuriers et les amoureux de la montagne \u00e0 participer \u00e0 un concours photo et vid\u00e9o qui c\u00e9l\u00e8bre les exp\u00e9riences personnelles v\u00e9cues le long de la Via Alpina. \u00c0 travers cet appel \u00e0 candidatures ouvert \u00e0 tous, nous souhaitons rassembler et partager les impressions recueillies sur le sentier \u2014 ces moments d\u2019\u00e9merveillement, de connexion, de d\u00e9fi et de beaut\u00e9 \u2014 tels qu\u2019ils sont vus et ressentis par ceux qui le parcourent. Que tu aies immortalis\u00e9 un paysage spectaculaire, une rencontre marquante ou un moment de tranquillit\u00e9 dans la [&hellip;]<\/p>\n","protected":false},"author":8,"featured_media":0,"parent":2285,"menu_order":3,"comment_status":"closed","ping_status":"closed","template":"","meta":{"footnotes":""},"class_list":["post-4430","page","type-page","status-publish","hentry"],"yoast_head":"<!-- This site is optimized with the Yoast SEO plugin v27.3 - https:\/\/yoast.com\/product\/yoast-seo-wordpress\/ -->\n<title>Concours photo et vid\u00e9o 2026 - Via Alpina<\/title>\n<meta name=\"description\" content=\"Le concours photo et vid\u00e9o Via Alpina entame sa deuxi\u00e8me \u00e9dition : envoie-nous ta photo Via Alpina de la saison ! Cet \u00e9t\u00e9, la Via Alpina invite les randonneurs, les\" \/>\n<meta name=\"robots\" content=\"index, follow, max-snippet:-1, max-image-preview:large, max-video-preview:-1\" \/>\n<link rel=\"canonical\" href=\"https:\/\/www.via-alpina.org\/fr\/communaute\/concours-photo-et-video-2026\/\" \/>\n<meta property=\"og:locale\" content=\"fr_FR\" \/>\n<meta property=\"og:type\" content=\"article\" \/>\n<meta property=\"og:title\" content=\"Concours photo et vid\u00e9o 2026 - Via Alpina\" \/>\n<meta property=\"og:description\" content=\"[vc_row full_width=\u00a0\u00bbstretch_row_content_no_spaces\u00a0\u00bb el_class=\u00a0\u00bbsp-page-title\u00a0\u00bb][vc_column][\/vc_column][\/vc_row][vc_row][vc_column][vc_column_text] Le concours photo et vid\u00e9o Via Alpina entame sa deuxi\u00e8me \u00e9dition : envoie-nous ta photo Via Alpina de la saison ! Cet \u00e9t\u00e9, la Via Alpina invite les randonneurs, les aventuriers et les amoureux de la montagne \u00e0 participer \u00e0 un concours photo et vid\u00e9o qui c\u00e9l\u00e8bre les exp\u00e9riences personnelles v\u00e9cues le long de la Via Alpina. \u00c0 travers cet appel \u00e0 candidatures ouvert \u00e0 tous, nous souhaitons rassembler et partager les impressions recueillies sur le sentier \u2014 ces moments d\u2019\u00e9merveillement, de connexion, de d\u00e9fi et de beaut\u00e9 \u2014 tels qu\u2019ils sont vus et ressentis par ceux qui le parcourent. Que tu aies immortalis\u00e9 un paysage spectaculaire, une rencontre marquante ou un moment de tranquillit\u00e9 dans la [&hellip;]\" \/>\n<meta property=\"og:url\" content=\"https:\/\/www.via-alpina.org\/fr\/communaute\/concours-photo-et-video-2026\/\" \/>\n<meta property=\"og:site_name\" content=\"Via Alpina\" \/>\n<meta property=\"article:modified_time\" content=\"2026-04-24T14:10:27+00:00\" \/>\n<meta name=\"twitter:card\" content=\"summary_large_image\" \/>\n<meta name=\"twitter:label1\" content=\"Dur\u00e9e de lecture estim\u00e9e\" \/>\n\t<meta name=\"twitter:data1\" content=\"2 minutes\" \/>\n<script type=\"application\/ld+json\" class=\"yoast-schema-graph\">{\"@context\":\"https:\\\/\\\/schema.org\",\"@graph\":[{\"@type\":\"WebPage\",\"@id\":\"https:\\\/\\\/www.via-alpina.org\\\/fr\\\/communaute\\\/concours-photo-et-video-2026\\\/\",\"url\":\"https:\\\/\\\/www.via-alpina.org\\\/fr\\\/communaute\\\/concours-photo-et-video-2026\\\/\",\"name\":\"Concours photo et vid\u00e9o 2026 - Via Alpina\",\"isPartOf\":{\"@id\":\"https:\\\/\\\/www.via-alpina.org\\\/#website\"},\"datePublished\":\"2026-04-24T14:09:54+00:00\",\"dateModified\":\"2026-04-24T14:10:27+00:00\",\"breadcrumb\":{\"@id\":\"https:\\\/\\\/www.via-alpina.org\\\/fr\\\/communaute\\\/concours-photo-et-video-2026\\\/#breadcrumb\"},\"inLanguage\":\"fr-FR\",\"potentialAction\":[{\"@type\":\"ReadAction\",\"target\":[\"https:\\\/\\\/www.via-alpina.org\\\/fr\\\/communaute\\\/concours-photo-et-video-2026\\\/\"]}]},{\"@type\":\"BreadcrumbList\",\"@id\":\"https:\\\/\\\/www.via-alpina.org\\\/fr\\\/communaute\\\/concours-photo-et-video-2026\\\/#breadcrumb\",\"itemListElement\":[{\"@type\":\"ListItem\",\"position\":1,\"name\":\"Home\",\"item\":\"https:\\\/\\\/www.via-alpina.org\\\/fr\\\/\"},{\"@type\":\"ListItem\",\"position\":2,\"name\":\"Communaut\u00e9\",\"item\":\"https:\\\/\\\/www.via-alpina.org\\\/fr\\\/communaute\\\/\"},{\"@type\":\"ListItem\",\"position\":3,\"name\":\"Concours photo et vid\u00e9o 2026\"}]},{\"@type\":\"WebSite\",\"@id\":\"https:\\\/\\\/www.via-alpina.org\\\/#website\",\"url\":\"https:\\\/\\\/www.via-alpina.org\\\/\",\"name\":\"Via Alpina\",\"description\":\"\u0160e eno spleti\u0161\u010de WordPress\",\"potentialAction\":[{\"@type\":\"SearchAction\",\"target\":{\"@type\":\"EntryPoint\",\"urlTemplate\":\"https:\\\/\\\/www.via-alpina.org\\\/?s={search_term_string}\"},\"query-input\":{\"@type\":\"PropertyValueSpecification\",\"valueRequired\":true,\"valueName\":\"search_term_string\"}}],\"inLanguage\":\"fr-FR\"}]}<\/script>\n<!-- \/ Yoast SEO plugin. -->","yoast_head_json":{"title":"Concours photo et vid\u00e9o 2026 - Via Alpina","description":"Le concours photo et vid\u00e9o Via Alpina entame sa deuxi\u00e8me \u00e9dition : envoie-nous ta photo Via Alpina de la saison ! Cet \u00e9t\u00e9, la Via Alpina invite les randonneurs, les","robots":{"index":"index","follow":"follow","max-snippet":"max-snippet:-1","max-image-preview":"max-image-preview:large","max-video-preview":"max-video-preview:-1"},"canonical":"https:\/\/www.via-alpina.org\/fr\/communaute\/concours-photo-et-video-2026\/","og_locale":"fr_FR","og_type":"article","og_title":"Concours photo et vid\u00e9o 2026 - Via Alpina","og_description":"[vc_row full_width=\u00a0\u00bbstretch_row_content_no_spaces\u00a0\u00bb el_class=\u00a0\u00bbsp-page-title\u00a0\u00bb][vc_column][\/vc_column][\/vc_row][vc_row][vc_column][vc_column_text] Le concours photo et vid\u00e9o Via Alpina entame sa deuxi\u00e8me \u00e9dition : envoie-nous ta photo Via Alpina de la saison ! Cet \u00e9t\u00e9, la Via Alpina invite les randonneurs, les aventuriers et les amoureux de la montagne \u00e0 participer \u00e0 un concours photo et vid\u00e9o qui c\u00e9l\u00e8bre les exp\u00e9riences personnelles v\u00e9cues le long de la Via Alpina. \u00c0 travers cet appel \u00e0 candidatures ouvert \u00e0 tous, nous souhaitons rassembler et partager les impressions recueillies sur le sentier \u2014 ces moments d\u2019\u00e9merveillement, de connexion, de d\u00e9fi et de beaut\u00e9 \u2014 tels qu\u2019ils sont vus et ressentis par ceux qui le parcourent. Que tu aies immortalis\u00e9 un paysage spectaculaire, une rencontre marquante ou un moment de tranquillit\u00e9 dans la [&hellip;]","og_url":"https:\/\/www.via-alpina.org\/fr\/communaute\/concours-photo-et-video-2026\/","og_site_name":"Via Alpina","article_modified_time":"2026-04-24T14:10:27+00:00","twitter_card":"summary_large_image","twitter_misc":{"Dur\u00e9e de lecture estim\u00e9e":"2 minutes"},"schema":{"@context":"https:\/\/schema.org","@graph":[{"@type":"WebPage","@id":"https:\/\/www.via-alpina.org\/fr\/communaute\/concours-photo-et-video-2026\/","url":"https:\/\/www.via-alpina.org\/fr\/communaute\/concours-photo-et-video-2026\/","name":"Concours photo et vid\u00e9o 2026 - Via Alpina","isPartOf":{"@id":"https:\/\/www.via-alpina.org\/#website"},"datePublished":"2026-04-24T14:09:54+00:00","dateModified":"2026-04-24T14:10:27+00:00","breadcrumb":{"@id":"https:\/\/www.via-alpina.org\/fr\/communaute\/concours-photo-et-video-2026\/#breadcrumb"},"inLanguage":"fr-FR","potentialAction":[{"@type":"ReadAction","target":["https:\/\/www.via-alpina.org\/fr\/communaute\/concours-photo-et-video-2026\/"]}]},{"@type":"BreadcrumbList","@id":"https:\/\/www.via-alpina.org\/fr\/communaute\/concours-photo-et-video-2026\/#breadcrumb","itemListElement":[{"@type":"ListItem","position":1,"name":"Home","item":"https:\/\/www.via-alpina.org\/fr\/"},{"@type":"ListItem","position":2,"name":"Communaut\u00e9","item":"https:\/\/www.via-alpina.org\/fr\/communaute\/"},{"@type":"ListItem","position":3,"name":"Concours photo et vid\u00e9o 2026"}]},{"@type":"WebSite","@id":"https:\/\/www.via-alpina.org\/#website","url":"https:\/\/www.via-alpina.org\/","name":"Via Alpina","description":"\u0160e eno spleti\u0161\u010de WordPress","potentialAction":[{"@type":"SearchAction","target":{"@type":"EntryPoint","urlTemplate":"https:\/\/www.via-alpina.org\/?s={search_term_string}"},"query-input":{"@type":"PropertyValueSpecification","valueRequired":true,"valueName":"search_term_string"}}],"inLanguage":"fr-FR"}]}},"_links":{"self":[{"href":"https:\/\/www.via-alpina.org\/fr\/wp-json\/wp\/v2\/pages\/4430","targetHints":{"allow":["GET"]}}],"collection":[{"href":"https:\/\/www.via-alpina.org\/fr\/wp-json\/wp\/v2\/pages"}],"about":[{"href":"https:\/\/www.via-alpina.org\/fr\/wp-json\/wp\/v2\/types\/page"}],"author":[{"embeddable":true,"href":"https:\/\/www.via-alpina.org\/fr\/wp-json\/wp\/v2\/users\/8"}],"replies":[{"embeddable":true,"href":"https:\/\/www.via-alpina.org\/fr\/wp-json\/wp\/v2\/comments?post=4430"}],"version-history":[{"count":4,"href":"https:\/\/www.via-alpina.org\/fr\/wp-json\/wp\/v2\/pages\/4430\/revisions"}],"predecessor-version":[{"id":4523,"href":"https:\/\/www.via-alpina.org\/fr\/wp-json\/wp\/v2\/pages\/4430\/revisions\/4523"}],"up":[{"embeddable":true,"href":"https:\/\/www.via-alpina.org\/fr\/wp-json\/wp\/v2\/pages\/2285"}],"wp:attachment":[{"href":"https:\/\/www.via-alpina.org\/fr\/wp-json\/wp\/v2\/media?parent=4430"}],"curies":[{"name":"wp","href":"https:\/\/api.w.org\/{rel}","templated":true}]}}