{"id":4126,"date":"2026-04-01T16:09:32","date_gmt":"2026-04-01T14:09:32","guid":{"rendered":"https:\/\/www.via-alpina.org\/?page_id=4126"},"modified":"2026-04-01T16:09:32","modified_gmt":"2026-04-01T14:09:32","slug":"reste-informe","status":"publish","type":"page","link":"https:\/\/www.via-alpina.org\/fr\/communaute\/reste-informe\/","title":{"rendered":"Reste inform\u00e9"},"content":{"rendered":"<div class=\"wpb-content-wrapper\"><p>[vc_row full_width=\u00a0\u00bbstretch_row_content_no_spaces\u00a0\u00bb el_class=\u00a0\u00bbsp-page-title\u00a0\u00bb][vc_column]\t\t\n\t\t<div class=\"title-banner\" style=\"background-image: linear-gradient(rgba(0, 0, 0, 0.2),rgba(0, 0, 0, 0.3)),url(https:\/\/www.via-alpina.org\/wp-content\/uploads\/2026\/03\/IMG_20220918_175541-Julien-Defois_cut-2-scaled.jpg);\">\n\t\t<span class=\"banner-caption\"><\/span>\n\t\t<\/div>\n\t\t<div class=\"container container-for-crumbs\">\n\t\t\t\t<div class=\"breadcrumbs-container\">\n\t\t\t\t\t\t<div class=\"breadcrumbs\">\n\t\t\t\t\t\t\t\n\t<ul class=\"ns-breadcrumbs\">\n\t\t\t<li><a href=\"https:\/\/www.via-alpina.org\/fr\/\">Accueil<\/a><\/li>\n\t\t\t\t\t<li><a href=\"https:\/\/www.via-alpina.org\/fr\/communaute\/\">Communaut\u00e9<\/a><\/li>\n\t\t\t\t<li>Reste inform\u00e9<\/li>\n\t<\/ul>\n\t\n\t\t\t\t\t\t\t\t<div class=\"clearfix\"><\/div>\n\t\t\t\t\t\t<\/div>\n\t\t\t\t<\/div>\n\t\t\t\t<h1 class=\"entry-title\">Reste inform\u00e9<\/h1>\n\t\t\t\t\t\t<\/div>\n\n\t\t[\/vc_column][\/vc_row][vc_row][vc_column][vc_column_text][\/vc_column_text][vc_empty_space][\/vc_column][\/vc_row][vc_row][vc_column width=\u00a0\u00bb1\/2&Prime;][vc_column_text]<strong>Tu veux recevoir les derni\u00e8res actualit\u00e9s et mises \u00e0 jour concernant la Via Alpina ? Inscris-toi \u00e0 notre newsletter !<\/strong>[\/vc_column_text][\/vc_column][vc_column width=\u00a0\u00bb1\/2&Prime;][vc_raw_html]JTNDc2NyaXB0JTIwc3JjJTNEJTI3aHR0cHMlM0ElMkYlMkZvbmxpbmUyLnN1cGVyb2ZmaWNlLmNvbSUyRkN1c3QyNjEwNCUyRkNTJTJGc2NyaXB0cyUyRmN1c3RvbWVyLmZjZ2klM0ZhY3Rpb24lM0Rmb3JtJTI2aWQlM0RGLW1tQTNwUEE1JTI3JTIwZGVmZXIlM0UlM0MlMkZzY3JpcHQlM0UlMEElMEE=[\/vc_raw_html][\/vc_column][\/vc_row]<\/p>\n<\/div>","protected":false},"excerpt":{"rendered":"<p>[vc_row full_width=\u00a0\u00bbstretch_row_content_no_spaces\u00a0\u00bb el_class=\u00a0\u00bbsp-page-title\u00a0\u00bb][vc_column][\/vc_column][\/vc_row][vc_row][vc_column][vc_column_text][\/vc_column_text][vc_empty_space][\/vc_column][\/vc_row][vc_row][vc_column width=\u00a0\u00bb1\/2&Prime;][vc_column_text]Tu veux recevoir les derni\u00e8res actualit\u00e9s et mises \u00e0 jour concernant la Via Alpina ? Inscris-toi \u00e0 notre newsletter ![\/vc_column_text][\/vc_column][vc_column width=\u00a0\u00bb1\/2&Prime;][vc_raw_html]JTNDc2NyaXB0JTIwc3JjJTNEJTI3aHR0cHMlM0ElMkYlMkZvbmxpbmUyLnN1cGVyb2ZmaWNlLmNvbSUyRkN1c3QyNjEwNCUyRkNTJTJGc2NyaXB0cyUyRmN1c3RvbWVyLmZjZ2klM0ZhY3Rpb24lM0Rmb3JtJTI2aWQlM0RGLW1tQTNwUEE1JTI3JTIwZGVmZXIlM0UlM0MlMkZzY3JpcHQlM0UlMEElMEE=[\/vc_raw_html][\/vc_column][\/vc_row]<\/p>\n","protected":false},"author":6,"featured_media":0,"parent":2285,"menu_order":4,"comment_status":"closed","ping_status":"closed","template":"","meta":{"footnotes":""},"class_list":["post-4126","page","type-page","status-publish","hentry"],"yoast_head":"<!-- This site is optimized with the Yoast SEO plugin v27.3 - https:\/\/yoast.com\/product\/yoast-seo-wordpress\/ -->\n<title>Reste inform\u00e9 - Via Alpina<\/title>\n<meta name=\"description\" content=\"Tu veux recevoir les derni\u00e8res actualit\u00e9s et mises \u00e0 jour concernant la Via Alpina ? Inscris-toi \u00e0 notre newsletter !JTNDc2NyaXB0JTIwc3JjJTNEJTI3aHR0cHMlM0ElMkYlMkZvbmxpbmUyLnN1cGVyb2ZmaWNlLmNvbSUyRkN1c3QyNjEwNCUyRkNTJTJGc2NyaXB0cyUyRmN1c3RvbWVyLmZjZ2klM0ZhY3Rpb24lM0Rmb3JtJTI2aWQlM0RGLW1tQTNwUEE1JTI3JTIwZGVmZXIlM0UlM0MlMkZzY3JpcHQlM0UlMEElMEE=\" \/>\n<meta name=\"robots\" content=\"index, follow, max-snippet:-1, max-image-preview:large, max-video-preview:-1\" \/>\n<link rel=\"canonical\" href=\"https:\/\/www.via-alpina.org\/fr\/communaute\/reste-informe\/\" \/>\n<meta property=\"og:locale\" content=\"fr_FR\" \/>\n<meta property=\"og:type\" content=\"article\" \/>\n<meta property=\"og:title\" content=\"Reste inform\u00e9 - Via Alpina\" \/>\n<meta property=\"og:description\" content=\"[vc_row full_width=\u00a0\u00bbstretch_row_content_no_spaces\u00a0\u00bb el_class=\u00a0\u00bbsp-page-title\u00a0\u00bb][vc_column][\/vc_column][\/vc_row][vc_row][vc_column][vc_column_text][\/vc_column_text][vc_empty_space][\/vc_column][\/vc_row][vc_row][vc_column width=\u00a0\u00bb1\/2&Prime;][vc_column_text]Tu veux recevoir les derni\u00e8res actualit\u00e9s et mises \u00e0 jour concernant la Via Alpina ? Inscris-toi \u00e0 notre newsletter ![\/vc_column_text][\/vc_column][vc_column width=\u00a0\u00bb1\/2&Prime;][vc_raw_html]JTNDc2NyaXB0JTIwc3JjJTNEJTI3aHR0cHMlM0ElMkYlMkZvbmxpbmUyLnN1cGVyb2ZmaWNlLmNvbSUyRkN1c3QyNjEwNCUyRkNTJTJGc2NyaXB0cyUyRmN1c3RvbWVyLmZjZ2klM0ZhY3Rpb24lM0Rmb3JtJTI2aWQlM0RGLW1tQTNwUEE1JTI3JTIwZGVmZXIlM0UlM0MlMkZzY3JpcHQlM0UlMEElMEE=[\/vc_raw_html][\/vc_column][\/vc_row]\" \/>\n<meta property=\"og:url\" content=\"https:\/\/www.via-alpina.org\/fr\/communaute\/reste-informe\/\" \/>\n<meta property=\"og:site_name\" content=\"Via Alpina\" \/>\n<meta name=\"twitter:card\" content=\"summary_large_image\" \/>\n<meta name=\"twitter:label1\" content=\"Dur\u00e9e de lecture estim\u00e9e\" \/>\n\t<meta name=\"twitter:data1\" content=\"1 minute\" \/>\n<script type=\"application\/ld+json\" class=\"yoast-schema-graph\">{\"@context\":\"https:\\\/\\\/schema.org\",\"@graph\":[{\"@type\":\"WebPage\",\"@id\":\"https:\\\/\\\/www.via-alpina.org\\\/fr\\\/communaute\\\/reste-informe\\\/\",\"url\":\"https:\\\/\\\/www.via-alpina.org\\\/fr\\\/communaute\\\/reste-informe\\\/\",\"name\":\"Reste inform\u00e9 - Via Alpina\",\"isPartOf\":{\"@id\":\"https:\\\/\\\/www.via-alpina.org\\\/#website\"},\"datePublished\":\"2026-04-01T14:09:32+00:00\",\"breadcrumb\":{\"@id\":\"https:\\\/\\\/www.via-alpina.org\\\/fr\\\/communaute\\\/reste-informe\\\/#breadcrumb\"},\"inLanguage\":\"fr-FR\",\"potentialAction\":[{\"@type\":\"ReadAction\",\"target\":[\"https:\\\/\\\/www.via-alpina.org\\\/fr\\\/communaute\\\/reste-informe\\\/\"]}]},{\"@type\":\"BreadcrumbList\",\"@id\":\"https:\\\/\\\/www.via-alpina.org\\\/fr\\\/communaute\\\/reste-informe\\\/#breadcrumb\",\"itemListElement\":[{\"@type\":\"ListItem\",\"position\":1,\"name\":\"Home\",\"item\":\"https:\\\/\\\/www.via-alpina.org\\\/fr\\\/\"},{\"@type\":\"ListItem\",\"position\":2,\"name\":\"Communaut\u00e9\",\"item\":\"https:\\\/\\\/www.via-alpina.org\\\/fr\\\/communaute\\\/\"},{\"@type\":\"ListItem\",\"position\":3,\"name\":\"Reste inform\u00e9\"}]},{\"@type\":\"WebSite\",\"@id\":\"https:\\\/\\\/www.via-alpina.org\\\/#website\",\"url\":\"https:\\\/\\\/www.via-alpina.org\\\/\",\"name\":\"Via Alpina\",\"description\":\"\u0160e eno spleti\u0161\u010de WordPress\",\"potentialAction\":[{\"@type\":\"SearchAction\",\"target\":{\"@type\":\"EntryPoint\",\"urlTemplate\":\"https:\\\/\\\/www.via-alpina.org\\\/?s={search_term_string}\"},\"query-input\":{\"@type\":\"PropertyValueSpecification\",\"valueRequired\":true,\"valueName\":\"search_term_string\"}}],\"inLanguage\":\"fr-FR\"}]}<\/script>\n<!-- \/ Yoast SEO plugin. -->","yoast_head_json":{"title":"Reste inform\u00e9 - Via Alpina","description":"Tu veux recevoir les derni\u00e8res actualit\u00e9s et mises \u00e0 jour concernant la Via Alpina ? Inscris-toi \u00e0 notre newsletter !JTNDc2NyaXB0JTIwc3JjJTNEJTI3aHR0cHMlM0ElMkYlMkZvbmxpbmUyLnN1cGVyb2ZmaWNlLmNvbSUyRkN1c3QyNjEwNCUyRkNTJTJGc2NyaXB0cyUyRmN1c3RvbWVyLmZjZ2klM0ZhY3Rpb24lM0Rmb3JtJTI2aWQlM0RGLW1tQTNwUEE1JTI3JTIwZGVmZXIlM0UlM0MlMkZzY3JpcHQlM0UlMEElMEE=","robots":{"index":"index","follow":"follow","max-snippet":"max-snippet:-1","max-image-preview":"max-image-preview:large","max-video-preview":"max-video-preview:-1"},"canonical":"https:\/\/www.via-alpina.org\/fr\/communaute\/reste-informe\/","og_locale":"fr_FR","og_type":"article","og_title":"Reste inform\u00e9 - Via Alpina","og_description":"[vc_row full_width=\u00a0\u00bbstretch_row_content_no_spaces\u00a0\u00bb el_class=\u00a0\u00bbsp-page-title\u00a0\u00bb][vc_column][\/vc_column][\/vc_row][vc_row][vc_column][vc_column_text][\/vc_column_text][vc_empty_space][\/vc_column][\/vc_row][vc_row][vc_column width=\u00a0\u00bb1\/2&Prime;][vc_column_text]Tu veux recevoir les derni\u00e8res actualit\u00e9s et mises \u00e0 jour concernant la Via Alpina ? Inscris-toi \u00e0 notre newsletter ![\/vc_column_text][\/vc_column][vc_column width=\u00a0\u00bb1\/2&Prime;][vc_raw_html]JTNDc2NyaXB0JTIwc3JjJTNEJTI3aHR0cHMlM0ElMkYlMkZvbmxpbmUyLnN1cGVyb2ZmaWNlLmNvbSUyRkN1c3QyNjEwNCUyRkNTJTJGc2NyaXB0cyUyRmN1c3RvbWVyLmZjZ2klM0ZhY3Rpb24lM0Rmb3JtJTI2aWQlM0RGLW1tQTNwUEE1JTI3JTIwZGVmZXIlM0UlM0MlMkZzY3JpcHQlM0UlMEElMEE=[\/vc_raw_html][\/vc_column][\/vc_row]","og_url":"https:\/\/www.via-alpina.org\/fr\/communaute\/reste-informe\/","og_site_name":"Via Alpina","twitter_card":"summary_large_image","twitter_misc":{"Dur\u00e9e de lecture estim\u00e9e":"1 minute"},"schema":{"@context":"https:\/\/schema.org","@graph":[{"@type":"WebPage","@id":"https:\/\/www.via-alpina.org\/fr\/communaute\/reste-informe\/","url":"https:\/\/www.via-alpina.org\/fr\/communaute\/reste-informe\/","name":"Reste inform\u00e9 - Via Alpina","isPartOf":{"@id":"https:\/\/www.via-alpina.org\/#website"},"datePublished":"2026-04-01T14:09:32+00:00","breadcrumb":{"@id":"https:\/\/www.via-alpina.org\/fr\/communaute\/reste-informe\/#breadcrumb"},"inLanguage":"fr-FR","potentialAction":[{"@type":"ReadAction","target":["https:\/\/www.via-alpina.org\/fr\/communaute\/reste-informe\/"]}]},{"@type":"BreadcrumbList","@id":"https:\/\/www.via-alpina.org\/fr\/communaute\/reste-informe\/#breadcrumb","itemListElement":[{"@type":"ListItem","position":1,"name":"Home","item":"https:\/\/www.via-alpina.org\/fr\/"},{"@type":"ListItem","position":2,"name":"Communaut\u00e9","item":"https:\/\/www.via-alpina.org\/fr\/communaute\/"},{"@type":"ListItem","position":3,"name":"Reste inform\u00e9"}]},{"@type":"WebSite","@id":"https:\/\/www.via-alpina.org\/#website","url":"https:\/\/www.via-alpina.org\/","name":"Via Alpina","description":"\u0160e eno spleti\u0161\u010de WordPress","potentialAction":[{"@type":"SearchAction","target":{"@type":"EntryPoint","urlTemplate":"https:\/\/www.via-alpina.org\/?s={search_term_string}"},"query-input":{"@type":"PropertyValueSpecification","valueRequired":true,"valueName":"search_term_string"}}],"inLanguage":"fr-FR"}]}},"_links":{"self":[{"href":"https:\/\/www.via-alpina.org\/fr\/wp-json\/wp\/v2\/pages\/4126","targetHints":{"allow":["GET"]}}],"collection":[{"href":"https:\/\/www.via-alpina.org\/fr\/wp-json\/wp\/v2\/pages"}],"about":[{"href":"https:\/\/www.via-alpina.org\/fr\/wp-json\/wp\/v2\/types\/page"}],"author":[{"embeddable":true,"href":"https:\/\/www.via-alpina.org\/fr\/wp-json\/wp\/v2\/users\/6"}],"replies":[{"embeddable":true,"href":"https:\/\/www.via-alpina.org\/fr\/wp-json\/wp\/v2\/comments?post=4126"}],"version-history":[{"count":5,"href":"https:\/\/www.via-alpina.org\/fr\/wp-json\/wp\/v2\/pages\/4126\/revisions"}],"predecessor-version":[{"id":4269,"href":"https:\/\/www.via-alpina.org\/fr\/wp-json\/wp\/v2\/pages\/4126\/revisions\/4269"}],"up":[{"embeddable":true,"href":"https:\/\/www.via-alpina.org\/fr\/wp-json\/wp\/v2\/pages\/2285"}],"wp:attachment":[{"href":"https:\/\/www.via-alpina.org\/fr\/wp-json\/wp\/v2\/media?parent=4126"}],"curies":[{"name":"wp","href":"https:\/\/api.w.org\/{rel}","templated":true}]}}