{"id":4117,"date":"2026-04-01T16:07:20","date_gmt":"2026-04-01T14:07:20","guid":{"rendered":"https:\/\/www.via-alpina.org\/?page_id=4117"},"modified":"2026-04-01T16:07:20","modified_gmt":"2026-04-01T14:07:20","slug":"fais-un-don","status":"publish","type":"page","link":"https:\/\/www.via-alpina.org\/fr\/via-alpina\/fais-un-don\/","title":{"rendered":"Fais un don"},"content":{"rendered":"<div class=\"wpb-content-wrapper\"><p>[vc_row full_width=\u00a0\u00bbstretch_row_content_no_spaces\u00a0\u00bb el_class=\u00a0\u00bbsp-page-title\u00a0\u00bb][vc_column]\t\t\n\t\t<div class=\"title-banner\" style=\"background-image: linear-gradient(rgba(0, 0, 0, 0.2),rgba(0, 0, 0, 0.3)),url(https:\/\/www.via-alpina.org\/wp-content\/uploads\/2026\/03\/20250807_1718341-Yanis-ESSAOUDI-CARRA-scaled-e1772617031411.jpg);\">\n\t\t<span class=\"banner-caption\">(c) Yanis Essaoudi Carra<\/span>\n\t\t<\/div>\n\t\t<div class=\"container container-for-crumbs\">\n\t\t\t\t<div class=\"breadcrumbs-container\">\n\t\t\t\t\t\t<div class=\"breadcrumbs\">\n\t\t\t\t\t\t\t\n\t<ul class=\"ns-breadcrumbs\">\n\t\t\t<li><a href=\"https:\/\/www.via-alpina.org\/fr\/\">Accueil<\/a><\/li>\n\t\t\t\t\t<li><a href=\"https:\/\/www.via-alpina.org\/fr\/via-alpina\/\">Via Alpina<\/a><\/li>\n\t\t\t\t<li>Fais un don<\/li>\n\t<\/ul>\n\t\n\t\t\t\t\t\t\t\t<div class=\"clearfix\"><\/div>\n\t\t\t\t\t\t<\/div>\n\t\t\t\t<\/div>\n\t\t\t\t<h1 class=\"entry-title\">Fais un don<\/h1>\n\t\t\t\t\t\t<\/div>\n\n\t\t[\/vc_column][\/vc_row][vc_row][vc_column][vc_column_text][\/vc_column_text][vc_empty_space][\/vc_column][\/vc_row][vc_row][vc_column width=\u00a0\u00bb1\/2&Prime;][vc_column_text]<strong><span class=\"font-semibold\">Aide-nous \u00e0 faire vivre la Via Alpina \u2014 gr\u00e2ce \u00e0 ton soutien !<\/span><\/strong><\/p>\n<p>La Via Alpina est principalement entretenue par des <a href=\"https:\/\/www.via-alpina.org\/fr\/qui-sommes-nous\/\">b\u00e9n\u00e9voles<\/a> passionn\u00e9s qui mettent \u00e0 jour les informations sur les sentiers, g\u00e8rent le site web et les r\u00e9seaux sociaux, et d\u00e9veloppent de nouvelles activit\u00e9s et de nouveaux projets. Ton don alimente leur d\u00e9vouement et garantit que ce sentier de grande randonn\u00e9e embl\u00e9matique reste accessible, fiable et source d&rsquo;inspiration pour les randonneurs \u00e0 travers les Alpes ![\/vc_column_text][\/vc_column][vc_column width=\u00a0\u00bb1\/2&Prime;][vc_raw_html]PHNjcmlwdCB0eXBlPSJtb2R1bGUiIHNyYz0iaHR0cHM6Ly9kb25vcmJveC5vcmcvd2lkZ2V0cy5qcyIgYXN5bmM9IiI+PC9zY3JpcHQ+PGRib3gtd2lkZ2V0IGNhbXBhaWduPSJ2aWFhbHBpbmEiIHR5cGU9ImRvbmF0aW9uX2Zvcm0iIGVuYWJsZS1hdXRvLXNjcm9sbD0idHJ1ZSI+PC9kYm94LXdpZGdldD4=[\/vc_raw_html][\/vc_column][\/vc_row]<\/p>\n<\/div>","protected":false},"excerpt":{"rendered":"<p>[vc_row full_width=\u00a0\u00bbstretch_row_content_no_spaces\u00a0\u00bb el_class=\u00a0\u00bbsp-page-title\u00a0\u00bb][vc_column][\/vc_column][\/vc_row][vc_row][vc_column][vc_column_text][\/vc_column_text][vc_empty_space][\/vc_column][\/vc_row][vc_row][vc_column width=\u00a0\u00bb1\/2&Prime;][vc_column_text]Aide-nous \u00e0 faire vivre la Via Alpina \u2014 gr\u00e2ce \u00e0 ton soutien ! La Via Alpina est principalement entretenue par des b\u00e9n\u00e9voles passionn\u00e9s qui mettent \u00e0 jour les informations sur les sentiers, g\u00e8rent le site web et les r\u00e9seaux sociaux, et d\u00e9veloppent de nouvelles activit\u00e9s et de nouveaux projets. Ton don alimente leur d\u00e9vouement et garantit que ce sentier de grande randonn\u00e9e embl\u00e9matique reste accessible, fiable et source d&rsquo;inspiration pour les randonneurs \u00e0 travers les Alpes ![\/vc_column_text][\/vc_column][vc_column width=\u00a0\u00bb1\/2&Prime;][vc_raw_html]PHNjcmlwdCB0eXBlPSJtb2R1bGUiIHNyYz0iaHR0cHM6Ly9kb25vcmJveC5vcmcvd2lkZ2V0cy5qcyIgYXN5bmM9IiI+PC9zY3JpcHQ+PGRib3gtd2lkZ2V0IGNhbXBhaWduPSJ2aWFhbHBpbmEiIHR5cGU9ImRvbmF0aW9uX2Zvcm0iIGVuYWJsZS1hdXRvLXNjcm9sbD0idHJ1ZSI+PC9kYm94LXdpZGdldD4=[\/vc_raw_html][\/vc_column][\/vc_row]<\/p>\n","protected":false},"author":6,"featured_media":0,"parent":2289,"menu_order":0,"comment_status":"closed","ping_status":"closed","template":"","meta":{"footnotes":""},"class_list":["post-4117","page","type-page","status-publish","hentry"],"yoast_head":"<!-- This site is optimized with the Yoast SEO plugin v27.3 - https:\/\/yoast.com\/product\/yoast-seo-wordpress\/ -->\n<title>Fais un don - Via Alpina<\/title>\n<meta name=\"description\" content=\"Aide-nous \u00e0 faire vivre la Via Alpina \u2014 gr\u00e2ce \u00e0 ton soutien ! La Via Alpina est principalement entretenue par des b\u00e9n\u00e9voles passionn\u00e9s qui mettent \u00e0 jour les informations sur\" \/>\n<meta name=\"robots\" content=\"index, follow, max-snippet:-1, max-image-preview:large, max-video-preview:-1\" \/>\n<link rel=\"canonical\" href=\"https:\/\/www.via-alpina.org\/fr\/via-alpina\/fais-un-don\/\" \/>\n<meta property=\"og:locale\" content=\"fr_FR\" \/>\n<meta property=\"og:type\" content=\"article\" \/>\n<meta property=\"og:title\" content=\"Fais un don - Via Alpina\" \/>\n<meta property=\"og:description\" content=\"[vc_row full_width=\u00a0\u00bbstretch_row_content_no_spaces\u00a0\u00bb el_class=\u00a0\u00bbsp-page-title\u00a0\u00bb][vc_column][\/vc_column][\/vc_row][vc_row][vc_column][vc_column_text][\/vc_column_text][vc_empty_space][\/vc_column][\/vc_row][vc_row][vc_column width=\u00a0\u00bb1\/2&Prime;][vc_column_text]Aide-nous \u00e0 faire vivre la Via Alpina \u2014 gr\u00e2ce \u00e0 ton soutien ! La Via Alpina est principalement entretenue par des b\u00e9n\u00e9voles passionn\u00e9s qui mettent \u00e0 jour les informations sur les sentiers, g\u00e8rent le site web et les r\u00e9seaux sociaux, et d\u00e9veloppent de nouvelles activit\u00e9s et de nouveaux projets. Ton don alimente leur d\u00e9vouement et garantit que ce sentier de grande randonn\u00e9e embl\u00e9matique reste accessible, fiable et source d&rsquo;inspiration pour les randonneurs \u00e0 travers les Alpes ![\/vc_column_text][\/vc_column][vc_column width=\u00a0\u00bb1\/2&Prime;][vc_raw_html]PHNjcmlwdCB0eXBlPSJtb2R1bGUiIHNyYz0iaHR0cHM6Ly9kb25vcmJveC5vcmcvd2lkZ2V0cy5qcyIgYXN5bmM9IiI+PC9zY3JpcHQ+PGRib3gtd2lkZ2V0IGNhbXBhaWduPSJ2aWFhbHBpbmEiIHR5cGU9ImRvbmF0aW9uX2Zvcm0iIGVuYWJsZS1hdXRvLXNjcm9sbD0idHJ1ZSI+PC9kYm94LXdpZGdldD4=[\/vc_raw_html][\/vc_column][\/vc_row]\" \/>\n<meta property=\"og:url\" content=\"https:\/\/www.via-alpina.org\/fr\/via-alpina\/fais-un-don\/\" \/>\n<meta property=\"og:site_name\" content=\"Via Alpina\" \/>\n<meta name=\"twitter:card\" content=\"summary_large_image\" \/>\n<meta name=\"twitter:label1\" content=\"Dur\u00e9e de lecture estim\u00e9e\" \/>\n\t<meta name=\"twitter:data1\" content=\"1 minute\" \/>\n<script type=\"application\/ld+json\" class=\"yoast-schema-graph\">{\"@context\":\"https:\\\/\\\/schema.org\",\"@graph\":[{\"@type\":\"WebPage\",\"@id\":\"https:\\\/\\\/www.via-alpina.org\\\/fr\\\/via-alpina\\\/fais-un-don\\\/\",\"url\":\"https:\\\/\\\/www.via-alpina.org\\\/fr\\\/via-alpina\\\/fais-un-don\\\/\",\"name\":\"Fais un don - Via Alpina\",\"isPartOf\":{\"@id\":\"https:\\\/\\\/www.via-alpina.org\\\/#website\"},\"datePublished\":\"2026-04-01T14:07:20+00:00\",\"breadcrumb\":{\"@id\":\"https:\\\/\\\/www.via-alpina.org\\\/fr\\\/via-alpina\\\/fais-un-don\\\/#breadcrumb\"},\"inLanguage\":\"fr-FR\",\"potentialAction\":[{\"@type\":\"ReadAction\",\"target\":[\"https:\\\/\\\/www.via-alpina.org\\\/fr\\\/via-alpina\\\/fais-un-don\\\/\"]}]},{\"@type\":\"BreadcrumbList\",\"@id\":\"https:\\\/\\\/www.via-alpina.org\\\/fr\\\/via-alpina\\\/fais-un-don\\\/#breadcrumb\",\"itemListElement\":[{\"@type\":\"ListItem\",\"position\":1,\"name\":\"Home\",\"item\":\"https:\\\/\\\/www.via-alpina.org\\\/fr\\\/\"},{\"@type\":\"ListItem\",\"position\":2,\"name\":\"Via Alpina\",\"item\":\"https:\\\/\\\/www.via-alpina.org\\\/fr\\\/via-alpina\\\/\"},{\"@type\":\"ListItem\",\"position\":3,\"name\":\"Fais un don\"}]},{\"@type\":\"WebSite\",\"@id\":\"https:\\\/\\\/www.via-alpina.org\\\/#website\",\"url\":\"https:\\\/\\\/www.via-alpina.org\\\/\",\"name\":\"Via Alpina\",\"description\":\"\u0160e eno spleti\u0161\u010de WordPress\",\"potentialAction\":[{\"@type\":\"SearchAction\",\"target\":{\"@type\":\"EntryPoint\",\"urlTemplate\":\"https:\\\/\\\/www.via-alpina.org\\\/?s={search_term_string}\"},\"query-input\":{\"@type\":\"PropertyValueSpecification\",\"valueRequired\":true,\"valueName\":\"search_term_string\"}}],\"inLanguage\":\"fr-FR\"}]}<\/script>\n<!-- \/ Yoast SEO plugin. -->","yoast_head_json":{"title":"Fais un don - Via Alpina","description":"Aide-nous \u00e0 faire vivre la Via Alpina \u2014 gr\u00e2ce \u00e0 ton soutien ! La Via Alpina est principalement entretenue par des b\u00e9n\u00e9voles passionn\u00e9s qui mettent \u00e0 jour les informations sur","robots":{"index":"index","follow":"follow","max-snippet":"max-snippet:-1","max-image-preview":"max-image-preview:large","max-video-preview":"max-video-preview:-1"},"canonical":"https:\/\/www.via-alpina.org\/fr\/via-alpina\/fais-un-don\/","og_locale":"fr_FR","og_type":"article","og_title":"Fais un don - Via Alpina","og_description":"[vc_row full_width=\u00a0\u00bbstretch_row_content_no_spaces\u00a0\u00bb el_class=\u00a0\u00bbsp-page-title\u00a0\u00bb][vc_column][\/vc_column][\/vc_row][vc_row][vc_column][vc_column_text][\/vc_column_text][vc_empty_space][\/vc_column][\/vc_row][vc_row][vc_column width=\u00a0\u00bb1\/2&Prime;][vc_column_text]Aide-nous \u00e0 faire vivre la Via Alpina \u2014 gr\u00e2ce \u00e0 ton soutien ! La Via Alpina est principalement entretenue par des b\u00e9n\u00e9voles passionn\u00e9s qui mettent \u00e0 jour les informations sur les sentiers, g\u00e8rent le site web et les r\u00e9seaux sociaux, et d\u00e9veloppent de nouvelles activit\u00e9s et de nouveaux projets. Ton don alimente leur d\u00e9vouement et garantit que ce sentier de grande randonn\u00e9e embl\u00e9matique reste accessible, fiable et source d&rsquo;inspiration pour les randonneurs \u00e0 travers les Alpes ![\/vc_column_text][\/vc_column][vc_column width=\u00a0\u00bb1\/2&Prime;][vc_raw_html]PHNjcmlwdCB0eXBlPSJtb2R1bGUiIHNyYz0iaHR0cHM6Ly9kb25vcmJveC5vcmcvd2lkZ2V0cy5qcyIgYXN5bmM9IiI+PC9zY3JpcHQ+PGRib3gtd2lkZ2V0IGNhbXBhaWduPSJ2aWFhbHBpbmEiIHR5cGU9ImRvbmF0aW9uX2Zvcm0iIGVuYWJsZS1hdXRvLXNjcm9sbD0idHJ1ZSI+PC9kYm94LXdpZGdldD4=[\/vc_raw_html][\/vc_column][\/vc_row]","og_url":"https:\/\/www.via-alpina.org\/fr\/via-alpina\/fais-un-don\/","og_site_name":"Via Alpina","twitter_card":"summary_large_image","twitter_misc":{"Dur\u00e9e de lecture estim\u00e9e":"1 minute"},"schema":{"@context":"https:\/\/schema.org","@graph":[{"@type":"WebPage","@id":"https:\/\/www.via-alpina.org\/fr\/via-alpina\/fais-un-don\/","url":"https:\/\/www.via-alpina.org\/fr\/via-alpina\/fais-un-don\/","name":"Fais un don - Via Alpina","isPartOf":{"@id":"https:\/\/www.via-alpina.org\/#website"},"datePublished":"2026-04-01T14:07:20+00:00","breadcrumb":{"@id":"https:\/\/www.via-alpina.org\/fr\/via-alpina\/fais-un-don\/#breadcrumb"},"inLanguage":"fr-FR","potentialAction":[{"@type":"ReadAction","target":["https:\/\/www.via-alpina.org\/fr\/via-alpina\/fais-un-don\/"]}]},{"@type":"BreadcrumbList","@id":"https:\/\/www.via-alpina.org\/fr\/via-alpina\/fais-un-don\/#breadcrumb","itemListElement":[{"@type":"ListItem","position":1,"name":"Home","item":"https:\/\/www.via-alpina.org\/fr\/"},{"@type":"ListItem","position":2,"name":"Via Alpina","item":"https:\/\/www.via-alpina.org\/fr\/via-alpina\/"},{"@type":"ListItem","position":3,"name":"Fais un don"}]},{"@type":"WebSite","@id":"https:\/\/www.via-alpina.org\/#website","url":"https:\/\/www.via-alpina.org\/","name":"Via Alpina","description":"\u0160e eno spleti\u0161\u010de WordPress","potentialAction":[{"@type":"SearchAction","target":{"@type":"EntryPoint","urlTemplate":"https:\/\/www.via-alpina.org\/?s={search_term_string}"},"query-input":{"@type":"PropertyValueSpecification","valueRequired":true,"valueName":"search_term_string"}}],"inLanguage":"fr-FR"}]}},"_links":{"self":[{"href":"https:\/\/www.via-alpina.org\/fr\/wp-json\/wp\/v2\/pages\/4117","targetHints":{"allow":["GET"]}}],"collection":[{"href":"https:\/\/www.via-alpina.org\/fr\/wp-json\/wp\/v2\/pages"}],"about":[{"href":"https:\/\/www.via-alpina.org\/fr\/wp-json\/wp\/v2\/types\/page"}],"author":[{"embeddable":true,"href":"https:\/\/www.via-alpina.org\/fr\/wp-json\/wp\/v2\/users\/6"}],"replies":[{"embeddable":true,"href":"https:\/\/www.via-alpina.org\/fr\/wp-json\/wp\/v2\/comments?post=4117"}],"version-history":[{"count":5,"href":"https:\/\/www.via-alpina.org\/fr\/wp-json\/wp\/v2\/pages\/4117\/revisions"}],"predecessor-version":[{"id":4247,"href":"https:\/\/www.via-alpina.org\/fr\/wp-json\/wp\/v2\/pages\/4117\/revisions\/4247"}],"up":[{"embeddable":true,"href":"https:\/\/www.via-alpina.org\/fr\/wp-json\/wp\/v2\/pages\/2289"}],"wp:attachment":[{"href":"https:\/\/www.via-alpina.org\/fr\/wp-json\/wp\/v2\/media?parent=4117"}],"curies":[{"name":"wp","href":"https:\/\/api.w.org\/{rel}","templated":true}]}}