{"id":3846,"date":"2026-04-01T15:16:24","date_gmt":"2026-04-01T13:16:24","guid":{"rendered":"https:\/\/www.via-alpina.org\/?page_id=3846"},"modified":"2026-04-01T15:16:24","modified_gmt":"2026-04-01T13:16:24","slug":"bivouaquer-de-maniere-responsable","status":"publish","type":"page","link":"https:\/\/www.via-alpina.org\/fr\/parcours\/bivouaquer-de-maniere-responsable\/","title":{"rendered":"Bivouaquer de mani\u00e8re responsable"},"content":{"rendered":"<div class=\"wpb-content-wrapper\"><p>[vc_row full_width=\u00a0\u00bbstretch_row_content_no_spaces\u00a0\u00bb el_class=\u00a0\u00bbsp-page-title\u00a0\u00bb][vc_column]\t\t\n\t\t<div class=\"title-banner\" style=\"background-image: linear-gradient(rgba(0, 0, 0, 0.2),rgba(0, 0, 0, 0.3)),url(https:\/\/www.via-alpina.org\/wp-content\/uploads\/2026\/02\/IMG_20250918_075258956-spip-roux-scaled.jpg);\">\n\t\t<span class=\"banner-caption\">\u00a9 L\u00e9o Chabert<\/span>\n\t\t<\/div>\n\t\t<div class=\"container container-for-crumbs\">\n\t\t\t\t<div class=\"breadcrumbs-container\">\n\t\t\t\t\t\t<div class=\"breadcrumbs\">\n\t\t\t\t\t\t\t\n\t<ul class=\"ns-breadcrumbs\">\n\t\t\t<li><a href=\"https:\/\/www.via-alpina.org\/fr\/\">Accueil<\/a><\/li>\n\t\t\t\t\t<li><a href=\"https:\/\/www.via-alpina.org\/fr\/parcours\/\">Parcours<\/a><\/li>\n\t\t\t\t<li>Bivouaquer de mani\u00e8re responsable<\/li>\n\t<\/ul>\n\t\n\t\t\t\t\t\t\t\t<div class=\"clearfix\"><\/div>\n\t\t\t\t\t\t<\/div>\n\t\t\t\t<\/div>\n\t\t\t\t<h1 class=\"entry-title\">Bivouaquer de mani\u00e8re responsable<\/h1>\n\t\t\t\t\t\t<\/div>\n\n\t\t[\/vc_column][\/vc_row][vc_row][vc_column width=\u00a0\u00bb1\/2&Prime;][vc_column_text]Le bivouac est \u00e0 la mode, mais passer une nuit \u00e0 la belle \u00e9toile peut s\u2019av\u00e9rer probl\u00e9matique, en particulier dans les r\u00e9gions alpines sensibles. Un nouveau guide gratuit publi\u00e9 par CIPRA fournit des conseils pour adopter un comportement respectueux de la nature le long de la Via Alpina.<\/p>\n<p>Le bivouac n\u2019est pas autoris\u00e9 partout dans les Alpes, les r\u00e8gles variant selon les pays et les r\u00e9gions. Cela concerne particuli\u00e8rement les randonneurs longue distance, comme ceux qui empruntent la Via Alpina. C\u2019est pourquoi CIPRA a \u00e9labor\u00e9 un manuel en anglais dans le cadre du projet <a href=\"https:\/\/www.cipra.org\/fr\/projets\/via-alpina-youth-walking-the-change?set_language=fr\">\u00ab Via Alpina Youth \u00bb<\/a>, en collaboration avec des jeunes de tous les pays alpins.<\/p>\n<p>Le bivouac est g\u00e9n\u00e9ralement interdit ou strictement r\u00e9glement\u00e9 dans les zones prot\u00e9g\u00e9es, telles que les parcs nationaux, et ce pour une bonne raison : trop de perturbations mettent en danger les esp\u00e8ces v\u00e9g\u00e9tales rares et les habitats de la faune sauvage. Les r\u00e9seaux sociaux jouent \u00e9galement un r\u00f4le : les photos particuli\u00e8rement idylliques ou spectaculaires de nuits \u00e0 la belle \u00e9toile incitent souvent \u00e0 l\u2019imitation et entra\u00eenent ainsi la pollution et la d\u00e9gradation des lieux repr\u00e9sent\u00e9s, dont beaucoup se trouvent dans des r\u00e9serves naturelles ou dans des zones pr\u00e9sentant un risque de chute.<\/p>\n<p>Le manuel explique les diff\u00e9rences entre le bivouac, le camping et le camping sauvage, met en lumi\u00e8re les r\u00e9glementations l\u00e9gales dans les pays alpins et propose des alternatives telles que les aires de trekking ou les abris bivouacs.[\/vc_column_text][\/vc_column][vc_column width=\u00a0\u00bb1\/2&Prime;][vc_single_image image=\u00a0\u00bb3926&Prime; img_size=\u00a0\u00bblarge\u00a0\u00bb add_caption=\u00a0\u00bbyes\u00a0\u00bb onclick=\u00a0\u00bbcustom_link\u00a0\u00bb link=\u00a0\u00bbhttps:\/\/www.cipra.org\/media\/files\/vay_bivouac_whitepaper_fr_neu.pdf\u00a0\u00bb]\t\t\n\t\t<a href=\"https:\/\/www.cipra.org\/media\/files\/vay_bivouac_whitepaper_fr_neu.pdf\" target=\"_blank\" class=\"btn  btn-default btn-lg \" id=\"\">Download<\/a>\n\n\t\t[\/vc_column][\/vc_row][vc_row][vc_column][vc_column_text]Dans le podcast de CIPRA, Henriette Adolf explique ce qui est important pour passer la nuit en plein air et donne des conseils pratiques pour adopter un comportement aussi respectueux que possible de la nature. (\u00e9pisode du podcast en allemand)<\/p>\n<p><strong>\u00c9couter le podcast<\/strong><\/p>\n<p>La transcription du podcast en anglais est disponible\u00a0<a href=\"https:\/\/www.cipra.org\/media\/files\/podcast-transcript-responsible-bivouacking-along-the-via-alpina.pdf\">ici<\/a>.[\/vc_column_text][vc_raw_html]JTNDaWZyYW1lJTIwd2lkdGglM0QlMjIxMDAlMjUlMjIlMjBoZWlnaHQlM0QlMjIxNjYlMjIlMjBzY3JvbGxpbmclM0QlMjJubyUyMiUyMGZyYW1lYm9yZGVyJTNEJTIybm8lMjIlMjBhbGxvdyUzRCUyMmF1dG9wbGF5JTIyJTIwc3JjJTNEJTIyaHR0cHMlM0ElMkYlMkZ3LnNvdW5kY2xvdWQuY29tJTJGcGxheWVyJTJGJTNGdXJsJTNEaHR0cHMlMjUzQSUyRiUyRmFwaS5zb3VuZGNsb3VkLmNvbSUyRnRyYWNrcyUyRnNvdW5kY2xvdWQlMjUyNTNBdHJhY2tzJTI1MjUzQTIxMzM4MTU1ODklMjZjb2xvciUzRDlmYzgxZCUyNmhpZGVfcmVsYXRlZCUzRHRydWUlMjZzaG93X2NvbW1lbnRzJTNEZmFsc2UlMjZzaG93X3RlYXNlciUzRGZhbHNlJTIyJTNFJTNDJTJGaWZyYW1lJTNFJTNDZGl2JTIwc3R5bGUlM0QlMjJmb250LXNpemUlM0ElMjAxMHB4JTNCJTIwY29sb3IlM0ElMjAlMjNjY2NjY2MlM0JsaW5lLWJyZWFrJTNBJTIwYW55d2hlcmUlM0J3b3JkLWJyZWFrJTNBJTIwbm9ybWFsJTNCb3ZlcmZsb3clM0ElMjBoaWRkZW4lM0J3aGl0ZS1zcGFjZSUzQSUyMG5vd3JhcCUzQnRleHQtb3ZlcmZsb3clM0ElMjBlbGxpcHNpcyUzQiUyMGZvbnQtZmFtaWx5JTNBJTIwSW50ZXJzdGF0ZSUyQ0x1Y2lkYSUyMEdyYW5kZSUyQ0x1Y2lkYSUyMFNhbnMlMjBVbmljb2RlJTJDTHVjaWRhJTIwU2FucyUyQ0dhcnVkYSUyQ1ZlcmRhbmElMkNUYWhvbWElMkNzYW5zLXNlcmlmJTNCZm9udC13ZWlnaHQlM0ElMjAxMDAlM0IlMjIlM0UlM0NhJTIwaHJlZiUzRCUyMmh0dHBzJTNBJTJGJTJGc291bmRjbG91ZC5jb20lMkZjaXByYV9pbnRlcm5hdGlvbmFsJTIyJTIwdGl0bGUlM0QlMjJDSVBSQSUyMEludGVybmF0aW9uYWwlMjIlMjB0YXJnZXQlM0QlMjJfYmxhbmslMjIlMjBzdHlsZSUzRCUyMmNvbG9yJTNBJTIwJTIzY2NjY2NjJTNCJTIwdGV4dC1kZWNvcmF0aW9uJTNBJTIwbm9uZSUzQiUyMiUzRUNJUFJBJTIwSW50ZXJuYXRpb25hbCUzQyUyRmElM0UlMjAlQzIlQjclMjAlM0NhJTIwaHJlZiUzRCUyMmh0dHBzJTNBJTJGJTJGc291bmRjbG91ZC5jb20lMkZjaXByYV9pbnRlcm5hdGlvbmFsJTJGODYtZGUtdmVyYW50d29ydHVuZ3N2b2xsZXMtYml3YWtpZXJlbi1lbnRsYW5nLWRlci12aWEtYWxwaW5hJTIyJTIwdGl0bGUlM0QlMjIlMjM4NiUyMCUyOGRlJTI5JTIwVmVyYW50d29ydHVuZ3N2b2xsZXMlMjBCaXdha2llcmVuJTIwZW50bGFuZyUyMGRlciUyMFZpYSUyMEFscGluYSUyMiUyMHRhcmdldCUzRCUyMl9ibGFuayUyMiUyMHN0eWxlJTNEJTIyY29sb3IlM0ElMjAlMjNjY2NjY2MlM0IlMjB0ZXh0LWRlY29yYXRpb24lM0ElMjBub25lJTNCJTIyJTNFJTIzODYlMjAlMjhkZSUyOSUyMFZlcmFudHdvcnR1bmdzdm9sbGVzJTIwQml3YWtpZXJlbiUyMGVudGxhbmclMjBkZXIlMjBWaWElMjBBbHBpbmElM0MlMkZhJTNFJTNDJTJGZGl2JTNFJTBB[\/vc_raw_html][\/vc_column][\/vc_row]<\/p>\n<\/div>","protected":false},"excerpt":{"rendered":"<p>[vc_row full_width=\u00a0\u00bbstretch_row_content_no_spaces\u00a0\u00bb el_class=\u00a0\u00bbsp-page-title\u00a0\u00bb][vc_column][\/vc_column][\/vc_row][vc_row][vc_column width=\u00a0\u00bb1\/2&Prime;][vc_column_text]Le bivouac est \u00e0 la mode, mais passer une nuit \u00e0 la belle \u00e9toile peut s\u2019av\u00e9rer probl\u00e9matique, en particulier dans les r\u00e9gions alpines sensibles. Un nouveau guide gratuit publi\u00e9 par CIPRA fournit des conseils pour adopter un comportement respectueux de la nature le long de la Via Alpina. Le bivouac n\u2019est pas autoris\u00e9 partout dans les Alpes, les r\u00e8gles variant selon les pays et les r\u00e9gions. Cela concerne particuli\u00e8rement les randonneurs longue distance, comme ceux qui empruntent la Via Alpina. C\u2019est pourquoi CIPRA a \u00e9labor\u00e9 un manuel en anglais dans le cadre du projet \u00ab Via Alpina Youth \u00bb, en collaboration avec des jeunes de tous les pays alpins. Le bivouac est g\u00e9n\u00e9ralement interdit ou strictement r\u00e9glement\u00e9 [&hellip;]<\/p>\n","protected":false},"author":6,"featured_media":0,"parent":2293,"menu_order":0,"comment_status":"closed","ping_status":"closed","template":"","meta":{"footnotes":""},"class_list":["post-3846","page","type-page","status-publish","hentry"],"yoast_head":"<!-- This site is optimized with the Yoast SEO plugin v27.3 - https:\/\/yoast.com\/product\/yoast-seo-wordpress\/ -->\n<title>Bivouaquer de mani\u00e8re responsable - Via Alpina<\/title>\n<meta name=\"description\" content=\"Le bivouac est \u00e0 la mode, mais passer une nuit \u00e0 la belle \u00e9toile peut s\u2019av\u00e9rer probl\u00e9matique, en particulier dans les r\u00e9gions alpines sensibles. Un nouveau guide gratuit publi\u00e9 par\" \/>\n<meta name=\"robots\" content=\"index, follow, max-snippet:-1, max-image-preview:large, max-video-preview:-1\" \/>\n<link rel=\"canonical\" href=\"https:\/\/www.via-alpina.org\/fr\/parcours\/bivouaquer-de-maniere-responsable\/\" \/>\n<meta property=\"og:locale\" content=\"fr_FR\" \/>\n<meta property=\"og:type\" content=\"article\" \/>\n<meta property=\"og:title\" content=\"Bivouaquer de mani\u00e8re responsable - Via Alpina\" \/>\n<meta property=\"og:description\" content=\"[vc_row full_width=\u00a0\u00bbstretch_row_content_no_spaces\u00a0\u00bb el_class=\u00a0\u00bbsp-page-title\u00a0\u00bb][vc_column][\/vc_column][\/vc_row][vc_row][vc_column width=\u00a0\u00bb1\/2&Prime;][vc_column_text]Le bivouac est \u00e0 la mode, mais passer une nuit \u00e0 la belle \u00e9toile peut s\u2019av\u00e9rer probl\u00e9matique, en particulier dans les r\u00e9gions alpines sensibles. Un nouveau guide gratuit publi\u00e9 par CIPRA fournit des conseils pour adopter un comportement respectueux de la nature le long de la Via Alpina. Le bivouac n\u2019est pas autoris\u00e9 partout dans les Alpes, les r\u00e8gles variant selon les pays et les r\u00e9gions. Cela concerne particuli\u00e8rement les randonneurs longue distance, comme ceux qui empruntent la Via Alpina. C\u2019est pourquoi CIPRA a \u00e9labor\u00e9 un manuel en anglais dans le cadre du projet \u00ab Via Alpina Youth \u00bb, en collaboration avec des jeunes de tous les pays alpins. Le bivouac est g\u00e9n\u00e9ralement interdit ou strictement r\u00e9glement\u00e9 [&hellip;]\" \/>\n<meta property=\"og:url\" content=\"https:\/\/www.via-alpina.org\/fr\/parcours\/bivouaquer-de-maniere-responsable\/\" \/>\n<meta property=\"og:site_name\" content=\"Via Alpina\" \/>\n<meta name=\"twitter:card\" content=\"summary_large_image\" \/>\n<meta name=\"twitter:label1\" content=\"Dur\u00e9e de lecture estim\u00e9e\" \/>\n\t<meta name=\"twitter:data1\" content=\"2 minutes\" \/>\n<script type=\"application\/ld+json\" class=\"yoast-schema-graph\">{\"@context\":\"https:\\\/\\\/schema.org\",\"@graph\":[{\"@type\":\"WebPage\",\"@id\":\"https:\\\/\\\/www.via-alpina.org\\\/fr\\\/parcours\\\/bivouaquer-de-maniere-responsable\\\/\",\"url\":\"https:\\\/\\\/www.via-alpina.org\\\/fr\\\/parcours\\\/bivouaquer-de-maniere-responsable\\\/\",\"name\":\"Bivouaquer de mani\u00e8re responsable - Via Alpina\",\"isPartOf\":{\"@id\":\"https:\\\/\\\/www.via-alpina.org\\\/#website\"},\"datePublished\":\"2026-04-01T13:16:24+00:00\",\"breadcrumb\":{\"@id\":\"https:\\\/\\\/www.via-alpina.org\\\/fr\\\/parcours\\\/bivouaquer-de-maniere-responsable\\\/#breadcrumb\"},\"inLanguage\":\"fr-FR\",\"potentialAction\":[{\"@type\":\"ReadAction\",\"target\":[\"https:\\\/\\\/www.via-alpina.org\\\/fr\\\/parcours\\\/bivouaquer-de-maniere-responsable\\\/\"]}]},{\"@type\":\"BreadcrumbList\",\"@id\":\"https:\\\/\\\/www.via-alpina.org\\\/fr\\\/parcours\\\/bivouaquer-de-maniere-responsable\\\/#breadcrumb\",\"itemListElement\":[{\"@type\":\"ListItem\",\"position\":1,\"name\":\"Home\",\"item\":\"https:\\\/\\\/www.via-alpina.org\\\/fr\\\/\"},{\"@type\":\"ListItem\",\"position\":2,\"name\":\"Parcours\",\"item\":\"https:\\\/\\\/www.via-alpina.org\\\/fr\\\/parcours\\\/\"},{\"@type\":\"ListItem\",\"position\":3,\"name\":\"Bivouaquer de mani\u00e8re responsable\"}]},{\"@type\":\"WebSite\",\"@id\":\"https:\\\/\\\/www.via-alpina.org\\\/#website\",\"url\":\"https:\\\/\\\/www.via-alpina.org\\\/\",\"name\":\"Via Alpina\",\"description\":\"\u0160e eno spleti\u0161\u010de WordPress\",\"potentialAction\":[{\"@type\":\"SearchAction\",\"target\":{\"@type\":\"EntryPoint\",\"urlTemplate\":\"https:\\\/\\\/www.via-alpina.org\\\/?s={search_term_string}\"},\"query-input\":{\"@type\":\"PropertyValueSpecification\",\"valueRequired\":true,\"valueName\":\"search_term_string\"}}],\"inLanguage\":\"fr-FR\"}]}<\/script>\n<!-- \/ Yoast SEO plugin. -->","yoast_head_json":{"title":"Bivouaquer de mani\u00e8re responsable - Via Alpina","description":"Le bivouac est \u00e0 la mode, mais passer une nuit \u00e0 la belle \u00e9toile peut s\u2019av\u00e9rer probl\u00e9matique, en particulier dans les r\u00e9gions alpines sensibles. Un nouveau guide gratuit publi\u00e9 par","robots":{"index":"index","follow":"follow","max-snippet":"max-snippet:-1","max-image-preview":"max-image-preview:large","max-video-preview":"max-video-preview:-1"},"canonical":"https:\/\/www.via-alpina.org\/fr\/parcours\/bivouaquer-de-maniere-responsable\/","og_locale":"fr_FR","og_type":"article","og_title":"Bivouaquer de mani\u00e8re responsable - Via Alpina","og_description":"[vc_row full_width=\u00a0\u00bbstretch_row_content_no_spaces\u00a0\u00bb el_class=\u00a0\u00bbsp-page-title\u00a0\u00bb][vc_column][\/vc_column][\/vc_row][vc_row][vc_column width=\u00a0\u00bb1\/2&Prime;][vc_column_text]Le bivouac est \u00e0 la mode, mais passer une nuit \u00e0 la belle \u00e9toile peut s\u2019av\u00e9rer probl\u00e9matique, en particulier dans les r\u00e9gions alpines sensibles. Un nouveau guide gratuit publi\u00e9 par CIPRA fournit des conseils pour adopter un comportement respectueux de la nature le long de la Via Alpina. Le bivouac n\u2019est pas autoris\u00e9 partout dans les Alpes, les r\u00e8gles variant selon les pays et les r\u00e9gions. Cela concerne particuli\u00e8rement les randonneurs longue distance, comme ceux qui empruntent la Via Alpina. C\u2019est pourquoi CIPRA a \u00e9labor\u00e9 un manuel en anglais dans le cadre du projet \u00ab Via Alpina Youth \u00bb, en collaboration avec des jeunes de tous les pays alpins. Le bivouac est g\u00e9n\u00e9ralement interdit ou strictement r\u00e9glement\u00e9 [&hellip;]","og_url":"https:\/\/www.via-alpina.org\/fr\/parcours\/bivouaquer-de-maniere-responsable\/","og_site_name":"Via Alpina","twitter_card":"summary_large_image","twitter_misc":{"Dur\u00e9e de lecture estim\u00e9e":"2 minutes"},"schema":{"@context":"https:\/\/schema.org","@graph":[{"@type":"WebPage","@id":"https:\/\/www.via-alpina.org\/fr\/parcours\/bivouaquer-de-maniere-responsable\/","url":"https:\/\/www.via-alpina.org\/fr\/parcours\/bivouaquer-de-maniere-responsable\/","name":"Bivouaquer de mani\u00e8re responsable - Via Alpina","isPartOf":{"@id":"https:\/\/www.via-alpina.org\/#website"},"datePublished":"2026-04-01T13:16:24+00:00","breadcrumb":{"@id":"https:\/\/www.via-alpina.org\/fr\/parcours\/bivouaquer-de-maniere-responsable\/#breadcrumb"},"inLanguage":"fr-FR","potentialAction":[{"@type":"ReadAction","target":["https:\/\/www.via-alpina.org\/fr\/parcours\/bivouaquer-de-maniere-responsable\/"]}]},{"@type":"BreadcrumbList","@id":"https:\/\/www.via-alpina.org\/fr\/parcours\/bivouaquer-de-maniere-responsable\/#breadcrumb","itemListElement":[{"@type":"ListItem","position":1,"name":"Home","item":"https:\/\/www.via-alpina.org\/fr\/"},{"@type":"ListItem","position":2,"name":"Parcours","item":"https:\/\/www.via-alpina.org\/fr\/parcours\/"},{"@type":"ListItem","position":3,"name":"Bivouaquer de mani\u00e8re responsable"}]},{"@type":"WebSite","@id":"https:\/\/www.via-alpina.org\/#website","url":"https:\/\/www.via-alpina.org\/","name":"Via Alpina","description":"\u0160e eno spleti\u0161\u010de WordPress","potentialAction":[{"@type":"SearchAction","target":{"@type":"EntryPoint","urlTemplate":"https:\/\/www.via-alpina.org\/?s={search_term_string}"},"query-input":{"@type":"PropertyValueSpecification","valueRequired":true,"valueName":"search_term_string"}}],"inLanguage":"fr-FR"}]}},"_links":{"self":[{"href":"https:\/\/www.via-alpina.org\/fr\/wp-json\/wp\/v2\/pages\/3846","targetHints":{"allow":["GET"]}}],"collection":[{"href":"https:\/\/www.via-alpina.org\/fr\/wp-json\/wp\/v2\/pages"}],"about":[{"href":"https:\/\/www.via-alpina.org\/fr\/wp-json\/wp\/v2\/types\/page"}],"author":[{"embeddable":true,"href":"https:\/\/www.via-alpina.org\/fr\/wp-json\/wp\/v2\/users\/6"}],"replies":[{"embeddable":true,"href":"https:\/\/www.via-alpina.org\/fr\/wp-json\/wp\/v2\/comments?post=3846"}],"version-history":[{"count":5,"href":"https:\/\/www.via-alpina.org\/fr\/wp-json\/wp\/v2\/pages\/3846\/revisions"}],"predecessor-version":[{"id":4068,"href":"https:\/\/www.via-alpina.org\/fr\/wp-json\/wp\/v2\/pages\/3846\/revisions\/4068"}],"up":[{"embeddable":true,"href":"https:\/\/www.via-alpina.org\/fr\/wp-json\/wp\/v2\/pages\/2293"}],"wp:attachment":[{"href":"https:\/\/www.via-alpina.org\/fr\/wp-json\/wp\/v2\/media?parent=3846"}],"curies":[{"name":"wp","href":"https:\/\/api.w.org\/{rel}","templated":true}]}}