{"id":3701,"date":"2026-04-01T15:19:44","date_gmt":"2026-04-01T13:19:44","guid":{"rendered":"https:\/\/www.via-alpina.org\/?page_id=3701"},"modified":"2026-04-01T15:19:44","modified_gmt":"2026-04-01T13:19:44","slug":"inklusive-hiking","status":"publish","type":"page","link":"https:\/\/www.via-alpina.org\/fr\/parcours\/inklusive-hiking\/","title":{"rendered":"Inklusive Hiking"},"content":{"rendered":"<div class=\"wpb-content-wrapper\"><p>[vc_row full_width=\u00a0\u00bbstretch_row_content_no_spaces\u00a0\u00bb el_class=\u00a0\u00bbsp-page-title\u00a0\u00bb][vc_column]\t\t\n\t\t<div class=\"title-banner\" style=\"background-image: linear-gradient(rgba(0, 0, 0, 0.2),rgba(0, 0, 0, 0.3)),url(https:\/\/www.via-alpina.org\/wp-content\/uploads\/2026\/02\/20250716_2015141-Yanis-ESSAOUDI-CARRA-scaled.jpg);\">\n\t\t<span class=\"banner-caption\"><\/span>\n\t\t<\/div>\n\t\t<div class=\"container container-for-crumbs\">\n\t\t\t\t<div class=\"breadcrumbs-container\">\n\t\t\t\t\t\t<div class=\"breadcrumbs\">\n\t\t\t\t\t\t\t\n\t<ul class=\"ns-breadcrumbs\">\n\t\t\t<li><a href=\"https:\/\/www.via-alpina.org\/fr\/\">Accueil<\/a><\/li>\n\t\t\t\t\t<li><a href=\"https:\/\/www.via-alpina.org\/fr\/parcours\/\">Parcours<\/a><\/li>\n\t\t\t\t<li>Inklusive Hiking<\/li>\n\t<\/ul>\n\t\n\t\t\t\t\t\t\t\t<div class=\"clearfix\"><\/div>\n\t\t\t\t\t\t<\/div>\n\t\t\t\t<\/div>\n\t\t\t\t<h1 class=\"entry-title\">Inklusive Hiking<\/h1>\n\t\t\t\t\t\t<\/div>\n\n\t\t[\/vc_column][\/vc_row][vc_row][vc_column width=\u00a0\u00bb2\/3&Prime;][vc_column_text]<\/p>\n<h3><strong>Des montagnes conviviales. Pour des activit\u00e9s de plein air et de montagne inclusives<\/strong><\/h3>\n<p>[\/vc_column_text][vc_column_text]Les espaces ext\u00e9rieurs sont souvent consid\u00e9r\u00e9s comme ouverts et neutres, mais ils ne sont pas toujours accessibles, accueillants ou s\u00fbrs pour tout le monde. Des barri\u00e8res, visibles ou invisibles, peuvent \u00eatre autant de freins \u00e0 la formation de liens et \u00e0 l\u00b4inscription de groupes ou d\u00b4individus dans ces paysages. Cette publication a \u00e9t\u00e9 r\u00e9alis\u00e9e dans le cadre du projet Erasmus+ \u201cVia Alpina Youth\u201c.<\/p>\n<p>Le projet diffuse des connaissances, des id\u00e9es et des opportunit\u00e9s pour des modes de vie durables, l\u2018inclusion, la protection de l\u2018environnement et le changement climatique le long de la Via Alpina, un sentier de grande randonn\u00e9e qui relie tous les pays alpins depuis plus de 20 ans. Il est cofinanc\u00e9 par le programme Erasmus+ de l\u2018Union europ\u00e9enne et l\u00b4agence MOVETIA.[\/vc_column_text][vc_empty_space][vc_column_text]<a href=\"file:\/\/\/C:\/Users\/alma.hummelsberger\/Downloads\/Inclusion%20in%20Outdoor%20Activities%20-%20Checklist%20(en)%20(1).pdf\" target=\"_blank\" rel=\"noopener\">Inclusion in Outdoor Activities Checklist (en)<br \/>\n<\/a>[\/vc_column_text][\/vc_column][vc_column width=\u00a0\u00bb1\/3&Prime;][vc_column_text]<img loading=\"lazy\" decoding=\"async\" class=\"alignnone wp-image-4029 size-full\" src=\"https:\/\/www.via-alpina.org\/wp-content\/uploads\/2026\/02\/montagnes.jpeg\" alt=\"\" width=\"676\" height=\"962\" srcset=\"https:\/\/www.via-alpina.org\/wp-content\/uploads\/2026\/02\/montagnes.jpeg 676w, https:\/\/www.via-alpina.org\/wp-content\/uploads\/2026\/02\/montagnes-211x300.jpeg 211w\" sizes=\"auto, (max-width: 676px) 100vw, 676px\" \/>[\/vc_column_text]\t\t\n\t\t<a href=\"https:\/\/www.cipra.org\/media\/files\/des-montagnes-conviviales.pdf\/@@download\/file\/Des%20montagnes%20conviviales.pdf\" target=\"_blank\" class=\"btn  btn-default btn-lg \" id=\"\">Download<\/a>\n\n\t\t[\/vc_column][\/vc_row][vc_row][vc_column][vc_empty_space][\/vc_column][\/vc_row]<\/p>\n<\/div>","protected":false},"excerpt":{"rendered":"<p>[vc_row full_width=\u00a0\u00bbstretch_row_content_no_spaces\u00a0\u00bb el_class=\u00a0\u00bbsp-page-title\u00a0\u00bb][vc_column][\/vc_column][\/vc_row][vc_row][vc_column width=\u00a0\u00bb2\/3&Prime;][vc_column_text] Des montagnes conviviales. Pour des activit\u00e9s de plein air et de montagne inclusives [\/vc_column_text][vc_column_text]Les espaces ext\u00e9rieurs sont souvent consid\u00e9r\u00e9s comme ouverts et neutres, mais ils ne sont pas toujours accessibles, accueillants ou s\u00fbrs pour tout le monde. Des barri\u00e8res, visibles ou invisibles, peuvent \u00eatre autant de freins \u00e0 la formation de liens et \u00e0 l\u00b4inscription de groupes ou d\u00b4individus dans ces paysages. Cette publication a \u00e9t\u00e9 r\u00e9alis\u00e9e dans le cadre du projet Erasmus+ \u201cVia Alpina Youth\u201c. Le projet diffuse des connaissances, des id\u00e9es et des opportunit\u00e9s pour des modes de vie durables, l\u2018inclusion, la protection de l\u2018environnement et le changement climatique le long de la Via Alpina, un sentier de grande randonn\u00e9e qui relie tous les [&hellip;]<\/p>\n","protected":false},"author":6,"featured_media":0,"parent":2293,"menu_order":1,"comment_status":"closed","ping_status":"closed","template":"","meta":{"footnotes":""},"class_list":["post-3701","page","type-page","status-publish","hentry"],"yoast_head":"<!-- This site is optimized with the Yoast SEO plugin v27.3 - https:\/\/yoast.com\/product\/yoast-seo-wordpress\/ -->\n<title>Inklusive Hiking - Via Alpina<\/title>\n<meta name=\"description\" content=\"Des montagnes conviviales. Pour des activit\u00e9s de plein air et de montagne inclusives Les espaces ext\u00e9rieurs sont souvent consid\u00e9r\u00e9s comme ouverts et neutres, mais ils ne sont pas toujours accessibles,\" \/>\n<meta name=\"robots\" content=\"index, follow, max-snippet:-1, max-image-preview:large, max-video-preview:-1\" \/>\n<link rel=\"canonical\" href=\"https:\/\/www.via-alpina.org\/fr\/parcours\/inklusive-hiking\/\" \/>\n<meta property=\"og:locale\" content=\"fr_FR\" \/>\n<meta property=\"og:type\" content=\"article\" \/>\n<meta property=\"og:title\" content=\"Inklusive Hiking - Via Alpina\" \/>\n<meta property=\"og:description\" content=\"[vc_row full_width=\u00a0\u00bbstretch_row_content_no_spaces\u00a0\u00bb el_class=\u00a0\u00bbsp-page-title\u00a0\u00bb][vc_column][\/vc_column][\/vc_row][vc_row][vc_column width=\u00a0\u00bb2\/3&Prime;][vc_column_text] Des montagnes conviviales. Pour des activit\u00e9s de plein air et de montagne inclusives [\/vc_column_text][vc_column_text]Les espaces ext\u00e9rieurs sont souvent consid\u00e9r\u00e9s comme ouverts et neutres, mais ils ne sont pas toujours accessibles, accueillants ou s\u00fbrs pour tout le monde. Des barri\u00e8res, visibles ou invisibles, peuvent \u00eatre autant de freins \u00e0 la formation de liens et \u00e0 l\u00b4inscription de groupes ou d\u00b4individus dans ces paysages. Cette publication a \u00e9t\u00e9 r\u00e9alis\u00e9e dans le cadre du projet Erasmus+ \u201cVia Alpina Youth\u201c. Le projet diffuse des connaissances, des id\u00e9es et des opportunit\u00e9s pour des modes de vie durables, l\u2018inclusion, la protection de l\u2018environnement et le changement climatique le long de la Via Alpina, un sentier de grande randonn\u00e9e qui relie tous les [&hellip;]\" \/>\n<meta property=\"og:url\" content=\"https:\/\/www.via-alpina.org\/fr\/parcours\/inklusive-hiking\/\" \/>\n<meta property=\"og:site_name\" content=\"Via Alpina\" \/>\n<meta property=\"og:image\" content=\"https:\/\/www.via-alpina.org\/wp-content\/uploads\/2026\/02\/montagnes.jpeg\" \/>\n\t<meta property=\"og:image:width\" content=\"676\" \/>\n\t<meta property=\"og:image:height\" content=\"962\" \/>\n\t<meta property=\"og:image:type\" content=\"image\/jpeg\" \/>\n<meta name=\"twitter:card\" content=\"summary_large_image\" \/>\n<meta name=\"twitter:label1\" content=\"Dur\u00e9e de lecture estim\u00e9e\" \/>\n\t<meta name=\"twitter:data1\" content=\"1 minute\" \/>\n<script type=\"application\/ld+json\" class=\"yoast-schema-graph\">{\"@context\":\"https:\\\/\\\/schema.org\",\"@graph\":[{\"@type\":\"WebPage\",\"@id\":\"https:\\\/\\\/www.via-alpina.org\\\/fr\\\/parcours\\\/inklusive-hiking\\\/\",\"url\":\"https:\\\/\\\/www.via-alpina.org\\\/fr\\\/parcours\\\/inklusive-hiking\\\/\",\"name\":\"Inklusive Hiking - Via Alpina\",\"isPartOf\":{\"@id\":\"https:\\\/\\\/www.via-alpina.org\\\/#website\"},\"primaryImageOfPage\":{\"@id\":\"https:\\\/\\\/www.via-alpina.org\\\/fr\\\/parcours\\\/inklusive-hiking\\\/#primaryimage\"},\"image\":{\"@id\":\"https:\\\/\\\/www.via-alpina.org\\\/fr\\\/parcours\\\/inklusive-hiking\\\/#primaryimage\"},\"thumbnailUrl\":\"https:\\\/\\\/www.via-alpina.org\\\/wp-content\\\/uploads\\\/2026\\\/02\\\/montagnes.jpeg\",\"datePublished\":\"2026-04-01T13:19:44+00:00\",\"breadcrumb\":{\"@id\":\"https:\\\/\\\/www.via-alpina.org\\\/fr\\\/parcours\\\/inklusive-hiking\\\/#breadcrumb\"},\"inLanguage\":\"fr-FR\",\"potentialAction\":[{\"@type\":\"ReadAction\",\"target\":[\"https:\\\/\\\/www.via-alpina.org\\\/fr\\\/parcours\\\/inklusive-hiking\\\/\"]}]},{\"@type\":\"ImageObject\",\"inLanguage\":\"fr-FR\",\"@id\":\"https:\\\/\\\/www.via-alpina.org\\\/fr\\\/parcours\\\/inklusive-hiking\\\/#primaryimage\",\"url\":\"https:\\\/\\\/www.via-alpina.org\\\/wp-content\\\/uploads\\\/2026\\\/02\\\/montagnes.jpeg\",\"contentUrl\":\"https:\\\/\\\/www.via-alpina.org\\\/wp-content\\\/uploads\\\/2026\\\/02\\\/montagnes.jpeg\"},{\"@type\":\"BreadcrumbList\",\"@id\":\"https:\\\/\\\/www.via-alpina.org\\\/fr\\\/parcours\\\/inklusive-hiking\\\/#breadcrumb\",\"itemListElement\":[{\"@type\":\"ListItem\",\"position\":1,\"name\":\"Home\",\"item\":\"https:\\\/\\\/www.via-alpina.org\\\/fr\\\/\"},{\"@type\":\"ListItem\",\"position\":2,\"name\":\"Parcours\",\"item\":\"https:\\\/\\\/www.via-alpina.org\\\/fr\\\/parcours\\\/\"},{\"@type\":\"ListItem\",\"position\":3,\"name\":\"Inklusive Hiking\"}]},{\"@type\":\"WebSite\",\"@id\":\"https:\\\/\\\/www.via-alpina.org\\\/#website\",\"url\":\"https:\\\/\\\/www.via-alpina.org\\\/\",\"name\":\"Via Alpina\",\"description\":\"\u0160e eno spleti\u0161\u010de WordPress\",\"potentialAction\":[{\"@type\":\"SearchAction\",\"target\":{\"@type\":\"EntryPoint\",\"urlTemplate\":\"https:\\\/\\\/www.via-alpina.org\\\/?s={search_term_string}\"},\"query-input\":{\"@type\":\"PropertyValueSpecification\",\"valueRequired\":true,\"valueName\":\"search_term_string\"}}],\"inLanguage\":\"fr-FR\"}]}<\/script>\n<!-- \/ Yoast SEO plugin. -->","yoast_head_json":{"title":"Inklusive Hiking - Via Alpina","description":"Des montagnes conviviales. Pour des activit\u00e9s de plein air et de montagne inclusives Les espaces ext\u00e9rieurs sont souvent consid\u00e9r\u00e9s comme ouverts et neutres, mais ils ne sont pas toujours accessibles,","robots":{"index":"index","follow":"follow","max-snippet":"max-snippet:-1","max-image-preview":"max-image-preview:large","max-video-preview":"max-video-preview:-1"},"canonical":"https:\/\/www.via-alpina.org\/fr\/parcours\/inklusive-hiking\/","og_locale":"fr_FR","og_type":"article","og_title":"Inklusive Hiking - Via Alpina","og_description":"[vc_row full_width=\u00a0\u00bbstretch_row_content_no_spaces\u00a0\u00bb el_class=\u00a0\u00bbsp-page-title\u00a0\u00bb][vc_column][\/vc_column][\/vc_row][vc_row][vc_column width=\u00a0\u00bb2\/3&Prime;][vc_column_text] Des montagnes conviviales. Pour des activit\u00e9s de plein air et de montagne inclusives [\/vc_column_text][vc_column_text]Les espaces ext\u00e9rieurs sont souvent consid\u00e9r\u00e9s comme ouverts et neutres, mais ils ne sont pas toujours accessibles, accueillants ou s\u00fbrs pour tout le monde. Des barri\u00e8res, visibles ou invisibles, peuvent \u00eatre autant de freins \u00e0 la formation de liens et \u00e0 l\u00b4inscription de groupes ou d\u00b4individus dans ces paysages. Cette publication a \u00e9t\u00e9 r\u00e9alis\u00e9e dans le cadre du projet Erasmus+ \u201cVia Alpina Youth\u201c. Le projet diffuse des connaissances, des id\u00e9es et des opportunit\u00e9s pour des modes de vie durables, l\u2018inclusion, la protection de l\u2018environnement et le changement climatique le long de la Via Alpina, un sentier de grande randonn\u00e9e qui relie tous les [&hellip;]","og_url":"https:\/\/www.via-alpina.org\/fr\/parcours\/inklusive-hiking\/","og_site_name":"Via Alpina","og_image":[{"width":676,"height":962,"url":"https:\/\/www.via-alpina.org\/wp-content\/uploads\/2026\/02\/montagnes.jpeg","type":"image\/jpeg"}],"twitter_card":"summary_large_image","twitter_misc":{"Dur\u00e9e de lecture estim\u00e9e":"1 minute"},"schema":{"@context":"https:\/\/schema.org","@graph":[{"@type":"WebPage","@id":"https:\/\/www.via-alpina.org\/fr\/parcours\/inklusive-hiking\/","url":"https:\/\/www.via-alpina.org\/fr\/parcours\/inklusive-hiking\/","name":"Inklusive Hiking - Via Alpina","isPartOf":{"@id":"https:\/\/www.via-alpina.org\/#website"},"primaryImageOfPage":{"@id":"https:\/\/www.via-alpina.org\/fr\/parcours\/inklusive-hiking\/#primaryimage"},"image":{"@id":"https:\/\/www.via-alpina.org\/fr\/parcours\/inklusive-hiking\/#primaryimage"},"thumbnailUrl":"https:\/\/www.via-alpina.org\/wp-content\/uploads\/2026\/02\/montagnes.jpeg","datePublished":"2026-04-01T13:19:44+00:00","breadcrumb":{"@id":"https:\/\/www.via-alpina.org\/fr\/parcours\/inklusive-hiking\/#breadcrumb"},"inLanguage":"fr-FR","potentialAction":[{"@type":"ReadAction","target":["https:\/\/www.via-alpina.org\/fr\/parcours\/inklusive-hiking\/"]}]},{"@type":"ImageObject","inLanguage":"fr-FR","@id":"https:\/\/www.via-alpina.org\/fr\/parcours\/inklusive-hiking\/#primaryimage","url":"https:\/\/www.via-alpina.org\/wp-content\/uploads\/2026\/02\/montagnes.jpeg","contentUrl":"https:\/\/www.via-alpina.org\/wp-content\/uploads\/2026\/02\/montagnes.jpeg"},{"@type":"BreadcrumbList","@id":"https:\/\/www.via-alpina.org\/fr\/parcours\/inklusive-hiking\/#breadcrumb","itemListElement":[{"@type":"ListItem","position":1,"name":"Home","item":"https:\/\/www.via-alpina.org\/fr\/"},{"@type":"ListItem","position":2,"name":"Parcours","item":"https:\/\/www.via-alpina.org\/fr\/parcours\/"},{"@type":"ListItem","position":3,"name":"Inklusive Hiking"}]},{"@type":"WebSite","@id":"https:\/\/www.via-alpina.org\/#website","url":"https:\/\/www.via-alpina.org\/","name":"Via Alpina","description":"\u0160e eno spleti\u0161\u010de WordPress","potentialAction":[{"@type":"SearchAction","target":{"@type":"EntryPoint","urlTemplate":"https:\/\/www.via-alpina.org\/?s={search_term_string}"},"query-input":{"@type":"PropertyValueSpecification","valueRequired":true,"valueName":"search_term_string"}}],"inLanguage":"fr-FR"}]}},"_links":{"self":[{"href":"https:\/\/www.via-alpina.org\/fr\/wp-json\/wp\/v2\/pages\/3701","targetHints":{"allow":["GET"]}}],"collection":[{"href":"https:\/\/www.via-alpina.org\/fr\/wp-json\/wp\/v2\/pages"}],"about":[{"href":"https:\/\/www.via-alpina.org\/fr\/wp-json\/wp\/v2\/types\/page"}],"author":[{"embeddable":true,"href":"https:\/\/www.via-alpina.org\/fr\/wp-json\/wp\/v2\/users\/6"}],"replies":[{"embeddable":true,"href":"https:\/\/www.via-alpina.org\/fr\/wp-json\/wp\/v2\/comments?post=3701"}],"version-history":[{"count":5,"href":"https:\/\/www.via-alpina.org\/fr\/wp-json\/wp\/v2\/pages\/3701\/revisions"}],"predecessor-version":[{"id":4108,"href":"https:\/\/www.via-alpina.org\/fr\/wp-json\/wp\/v2\/pages\/3701\/revisions\/4108"}],"up":[{"embeddable":true,"href":"https:\/\/www.via-alpina.org\/fr\/wp-json\/wp\/v2\/pages\/2293"}],"wp:attachment":[{"href":"https:\/\/www.via-alpina.org\/fr\/wp-json\/wp\/v2\/media?parent=3701"}],"curies":[{"name":"wp","href":"https:\/\/api.w.org\/{rel}","templated":true}]}}