{"id":3688,"date":"2026-04-01T15:29:05","date_gmt":"2026-04-01T13:29:05","guid":{"rendered":"https:\/\/www.via-alpina.org\/?page_id=3688"},"modified":"2026-04-01T15:29:05","modified_gmt":"2026-04-01T13:29:05","slug":"podcast","status":"publish","type":"page","link":"https:\/\/www.via-alpina.org\/fr\/communaute\/podcast\/","title":{"rendered":"Podcast"},"content":{"rendered":"<div class=\"wpb-content-wrapper\"><p>[vc_row full_width=\u00a0\u00bbstretch_row_content_no_spaces\u00a0\u00bb el_class=\u00a0\u00bbsp-page-title\u00a0\u00bb][vc_column]\t\t\n\t\t<div class=\"title-banner\" style=\"background-image: linear-gradient(rgba(0, 0, 0, 0.2),rgba(0, 0, 0, 0.3)),url(https:\/\/www.via-alpina.org\/wp-content\/uploads\/2023\/11\/banner-via-alpina-trail.jpg);\">\n\t\t<span class=\"banner-caption\">\u00a9 Julien Defois<\/span>\n\t\t<\/div>\n\t\t<div class=\"container container-for-crumbs\">\n\t\t\t\t<div class=\"breadcrumbs-container\">\n\t\t\t\t\t\t<div class=\"breadcrumbs\">\n\t\t\t\t\t\t\t\n\t<ul class=\"ns-breadcrumbs\">\n\t\t\t<li><a href=\"https:\/\/www.via-alpina.org\/fr\/\">Accueil<\/a><\/li>\n\t\t\t\t\t<li><a href=\"https:\/\/www.via-alpina.org\/fr\/communaute\/\">Communaut\u00e9<\/a><\/li>\n\t\t\t\t<li>Podcast<\/li>\n\t<\/ul>\n\t\n\t\t\t\t\t\t\t\t<div class=\"clearfix\"><\/div>\n\t\t\t\t\t\t<\/div>\n\t\t\t\t<\/div>\n\t\t\t\t<h1 class=\"entry-title\">Podcast<\/h1>\n\t\t\t\t\t\t<\/div>\n\n\t\t[\/vc_column][\/vc_row][vc_row][vc_column width=\u00a0\u00bb2\/3&Prime;][vc_column_text]<\/p>\n<h4 class=\"documentFirstHeading\">Voix le long de la Via Alpina<\/h4>\n<p>Depuis 25 ans, la Via Alpina relie les hommes, les cultures et les paysages \u00e0 travers les Alpes. Une s\u00e9rie de podcasts multilingues raconte son histoire, met en lumi\u00e8re les d\u00e9fis et les opportunit\u00e9s de la grande randonn\u00e9e et sensibilise au tourisme durable dans les Alpes.<\/p>\n<p>La Via Alpina est plus qu\u2019un simple sentier de randonn\u00e9e \u2013 c\u2019est un symbole de la solidarit\u00e9 entre les r\u00e9gions alpines. Depuis sa cr\u00e9ation il y a 25 ans, elle a \u00e9t\u00e9 source d\u2019inspiration pour d\u2019innombrables personnes et les a incit\u00e9es \u00e0 d\u00e9couvrir le paysage alpin de mani\u00e8re durable. Mais la popularit\u00e9 croissante de la grande randonn\u00e9e soul\u00e8ve aussi des questions sur la protection de la nature, l\u2019infrastructure et le d\u00e9veloppement r\u00e9gional. C\u2019est l\u00e0 qu\u2019intervient la s\u00e9rie de podcasts \u00ab Voix le long de la Via Alpina \u00bb : des interviews, des histoires et des articles de fond passionnants retracent l&rsquo;\u00e9volution de la Via Alpina et mettent en lumi\u00e8re l&rsquo;importance d&rsquo;un tourisme alpin durable. L&rsquo;objectif est de sensibiliser davantage \u00e0 la Via Alpina en tant qu&rsquo;exp\u00e9rience culturelle et naturelle transfrontali\u00e8re.[\/vc_column_text][vc_empty_space][\/vc_column][vc_column width=\u00a0\u00bb1\/3&Prime;][vc_raw_html]PGlmcmFtZSB3aWR0aD0iMTAwJSIgaGVpZ2h0PSIzMDAiIHNjcm9sbGluZz0ibm8iIGZyYW1lYm9yZGVyPSJubyIgYWxsb3c9ImF1dG9wbGF5IiBzcmM9Imh0dHBzOi8vdy5zb3VuZGNsb3VkLmNvbS9wbGF5ZXIvP3VybD1odHRwcyUzQS8vYXBpLnNvdW5kY2xvdWQuY29tL3BsYXlsaXN0cy9zb3VuZGNsb3VkJTI1M0FwbGF5bGlzdHMlMjUzQTIwMTYzMjUyNDImY29sb3I9JTIzZmY1NTAwJmF1dG9fcGxheT1mYWxzZSZoaWRlX3JlbGF0ZWQ9ZmFsc2Umc2hvd19jb21tZW50cz10cnVlJnNob3dfdXNlcj10cnVlJnNob3dfcmVwb3N0cz1mYWxzZSZzaG93X3RlYXNlcj10cnVlJnZpc3VhbD10cnVlIj48L2lmcmFtZT48ZGl2IHN0eWxlPSJmb250LXNpemU6IDEwcHg7IGNvbG9yOiAjY2NjY2NjO2xpbmUtYnJlYWs6IGFueXdoZXJlO3dvcmQtYnJlYWs6IG5vcm1hbDtvdmVyZmxvdzogaGlkZGVuO3doaXRlLXNwYWNlOiBub3dyYXA7dGV4dC1vdmVyZmxvdzogZWxsaXBzaXM7IGZvbnQtZmFtaWx5OiBJbnRlcnN0YXRlLEx1Y2lkYSBHcmFuZGUsTHVjaWRhIFNhbnMgVW5pY29kZSxMdWNpZGEgU2FucyxHYXJ1ZGEsVmVyZGFuYSxUYWhvbWEsc2Fucy1zZXJpZjtmb250LXdlaWdodDogMTAwOyI+PGEgaHJlZj0iaHR0cHM6Ly9zb3VuZGNsb3VkLmNvbS9jaXByYV9pbnRlcm5hdGlvbmFsIiB0aXRsZT0iQ0lQUkEgSW50ZXJuYXRpb25hbCIgdGFyZ2V0PSJfYmxhbmsiIHN0eWxlPSJjb2xvcjogI2NjY2NjYzsgdGV4dC1kZWNvcmF0aW9uOiBub25lOyI+Q0lQUkEgSW50ZXJuYXRpb25hbDwvYT4gwrcgPGEgaHJlZj0iaHR0cHM6Ly9zb3VuZGNsb3VkLmNvbS9jaXByYV9pbnRlcm5hdGlvbmFsL3NldHMvdm9pY2VzLWFsb25nLXRoZS12aWEtYWxwaW5hIiB0aXRsZT0iVm9pY2VzIGFsb25nIHRoZSBWaWEgQWxwaW5hIiB0YXJnZXQ9Il9ibGFuayIgc3R5bGU9ImNvbG9yOiAjY2NjY2NjOyB0ZXh0LWRlY29yYXRpb246IG5vbmU7Ij5Wb2ljZXMgYWxvbmcgdGhlIFZpYSBBbHBpbmE8L2E+PC9kaXY+[\/vc_raw_html][\/vc_column][\/vc_row][vc_row][vc_column][\/vc_column][\/vc_row]<\/p>\n<\/div>","protected":false},"excerpt":{"rendered":"<p>[vc_row full_width=\u00a0\u00bbstretch_row_content_no_spaces\u00a0\u00bb el_class=\u00a0\u00bbsp-page-title\u00a0\u00bb][vc_column][\/vc_column][\/vc_row][vc_row][vc_column width=\u00a0\u00bb2\/3&Prime;][vc_column_text] Voix le long de la Via Alpina Depuis 25 ans, la Via Alpina relie les hommes, les cultures et les paysages \u00e0 travers les Alpes. Une s\u00e9rie de podcasts multilingues raconte son histoire, met en lumi\u00e8re les d\u00e9fis et les opportunit\u00e9s de la grande randonn\u00e9e et sensibilise au tourisme durable dans les Alpes. La Via Alpina est plus qu\u2019un simple sentier de randonn\u00e9e \u2013 c\u2019est un symbole de la solidarit\u00e9 entre les r\u00e9gions alpines. Depuis sa cr\u00e9ation il y a 25 ans, elle a \u00e9t\u00e9 source d\u2019inspiration pour d\u2019innombrables personnes et les a incit\u00e9es \u00e0 d\u00e9couvrir le paysage alpin de mani\u00e8re durable. Mais la popularit\u00e9 croissante de la grande randonn\u00e9e soul\u00e8ve aussi des questions sur la [&hellip;]<\/p>\n","protected":false},"author":6,"featured_media":0,"parent":2285,"menu_order":2,"comment_status":"closed","ping_status":"closed","template":"","meta":{"footnotes":""},"class_list":["post-3688","page","type-page","status-publish","hentry"],"yoast_head":"<!-- This site is optimized with the Yoast SEO plugin v27.3 - https:\/\/yoast.com\/product\/yoast-seo-wordpress\/ -->\n<title>Podcast - Via Alpina<\/title>\n<meta name=\"description\" content=\"Voix le long de la Via Alpina Depuis 25 ans, la Via Alpina relie les hommes, les cultures et les paysages \u00e0 travers les Alpes. Une s\u00e9rie de podcasts multilingues\" \/>\n<meta name=\"robots\" content=\"index, follow, max-snippet:-1, max-image-preview:large, max-video-preview:-1\" \/>\n<link rel=\"canonical\" href=\"https:\/\/www.via-alpina.org\/fr\/communaute\/podcast\/\" \/>\n<meta property=\"og:locale\" content=\"fr_FR\" \/>\n<meta property=\"og:type\" content=\"article\" \/>\n<meta property=\"og:title\" content=\"Podcast - Via Alpina\" \/>\n<meta property=\"og:description\" content=\"[vc_row full_width=\u00a0\u00bbstretch_row_content_no_spaces\u00a0\u00bb el_class=\u00a0\u00bbsp-page-title\u00a0\u00bb][vc_column][\/vc_column][\/vc_row][vc_row][vc_column width=\u00a0\u00bb2\/3&Prime;][vc_column_text] Voix le long de la Via Alpina Depuis 25 ans, la Via Alpina relie les hommes, les cultures et les paysages \u00e0 travers les Alpes. Une s\u00e9rie de podcasts multilingues raconte son histoire, met en lumi\u00e8re les d\u00e9fis et les opportunit\u00e9s de la grande randonn\u00e9e et sensibilise au tourisme durable dans les Alpes. La Via Alpina est plus qu\u2019un simple sentier de randonn\u00e9e \u2013 c\u2019est un symbole de la solidarit\u00e9 entre les r\u00e9gions alpines. Depuis sa cr\u00e9ation il y a 25 ans, elle a \u00e9t\u00e9 source d\u2019inspiration pour d\u2019innombrables personnes et les a incit\u00e9es \u00e0 d\u00e9couvrir le paysage alpin de mani\u00e8re durable. Mais la popularit\u00e9 croissante de la grande randonn\u00e9e soul\u00e8ve aussi des questions sur la [&hellip;]\" \/>\n<meta property=\"og:url\" content=\"https:\/\/www.via-alpina.org\/fr\/communaute\/podcast\/\" \/>\n<meta property=\"og:site_name\" content=\"Via Alpina\" \/>\n<meta name=\"twitter:card\" content=\"summary_large_image\" \/>\n<meta name=\"twitter:label1\" content=\"Dur\u00e9e de lecture estim\u00e9e\" \/>\n\t<meta name=\"twitter:data1\" content=\"1 minute\" \/>\n<script type=\"application\/ld+json\" class=\"yoast-schema-graph\">{\"@context\":\"https:\\\/\\\/schema.org\",\"@graph\":[{\"@type\":\"WebPage\",\"@id\":\"https:\\\/\\\/www.via-alpina.org\\\/fr\\\/communaute\\\/podcast\\\/\",\"url\":\"https:\\\/\\\/www.via-alpina.org\\\/fr\\\/communaute\\\/podcast\\\/\",\"name\":\"Podcast - Via Alpina\",\"isPartOf\":{\"@id\":\"https:\\\/\\\/www.via-alpina.org\\\/#website\"},\"datePublished\":\"2026-04-01T13:29:05+00:00\",\"breadcrumb\":{\"@id\":\"https:\\\/\\\/www.via-alpina.org\\\/fr\\\/communaute\\\/podcast\\\/#breadcrumb\"},\"inLanguage\":\"fr-FR\",\"potentialAction\":[{\"@type\":\"ReadAction\",\"target\":[\"https:\\\/\\\/www.via-alpina.org\\\/fr\\\/communaute\\\/podcast\\\/\"]}]},{\"@type\":\"BreadcrumbList\",\"@id\":\"https:\\\/\\\/www.via-alpina.org\\\/fr\\\/communaute\\\/podcast\\\/#breadcrumb\",\"itemListElement\":[{\"@type\":\"ListItem\",\"position\":1,\"name\":\"Home\",\"item\":\"https:\\\/\\\/www.via-alpina.org\\\/fr\\\/\"},{\"@type\":\"ListItem\",\"position\":2,\"name\":\"Communaut\u00e9\",\"item\":\"https:\\\/\\\/www.via-alpina.org\\\/fr\\\/communaute\\\/\"},{\"@type\":\"ListItem\",\"position\":3,\"name\":\"Podcast\"}]},{\"@type\":\"WebSite\",\"@id\":\"https:\\\/\\\/www.via-alpina.org\\\/#website\",\"url\":\"https:\\\/\\\/www.via-alpina.org\\\/\",\"name\":\"Via Alpina\",\"description\":\"\u0160e eno spleti\u0161\u010de WordPress\",\"potentialAction\":[{\"@type\":\"SearchAction\",\"target\":{\"@type\":\"EntryPoint\",\"urlTemplate\":\"https:\\\/\\\/www.via-alpina.org\\\/?s={search_term_string}\"},\"query-input\":{\"@type\":\"PropertyValueSpecification\",\"valueRequired\":true,\"valueName\":\"search_term_string\"}}],\"inLanguage\":\"fr-FR\"}]}<\/script>\n<!-- \/ Yoast SEO plugin. -->","yoast_head_json":{"title":"Podcast - Via Alpina","description":"Voix le long de la Via Alpina Depuis 25 ans, la Via Alpina relie les hommes, les cultures et les paysages \u00e0 travers les Alpes. Une s\u00e9rie de podcasts multilingues","robots":{"index":"index","follow":"follow","max-snippet":"max-snippet:-1","max-image-preview":"max-image-preview:large","max-video-preview":"max-video-preview:-1"},"canonical":"https:\/\/www.via-alpina.org\/fr\/communaute\/podcast\/","og_locale":"fr_FR","og_type":"article","og_title":"Podcast - Via Alpina","og_description":"[vc_row full_width=\u00a0\u00bbstretch_row_content_no_spaces\u00a0\u00bb el_class=\u00a0\u00bbsp-page-title\u00a0\u00bb][vc_column][\/vc_column][\/vc_row][vc_row][vc_column width=\u00a0\u00bb2\/3&Prime;][vc_column_text] Voix le long de la Via Alpina Depuis 25 ans, la Via Alpina relie les hommes, les cultures et les paysages \u00e0 travers les Alpes. Une s\u00e9rie de podcasts multilingues raconte son histoire, met en lumi\u00e8re les d\u00e9fis et les opportunit\u00e9s de la grande randonn\u00e9e et sensibilise au tourisme durable dans les Alpes. La Via Alpina est plus qu\u2019un simple sentier de randonn\u00e9e \u2013 c\u2019est un symbole de la solidarit\u00e9 entre les r\u00e9gions alpines. Depuis sa cr\u00e9ation il y a 25 ans, elle a \u00e9t\u00e9 source d\u2019inspiration pour d\u2019innombrables personnes et les a incit\u00e9es \u00e0 d\u00e9couvrir le paysage alpin de mani\u00e8re durable. Mais la popularit\u00e9 croissante de la grande randonn\u00e9e soul\u00e8ve aussi des questions sur la [&hellip;]","og_url":"https:\/\/www.via-alpina.org\/fr\/communaute\/podcast\/","og_site_name":"Via Alpina","twitter_card":"summary_large_image","twitter_misc":{"Dur\u00e9e de lecture estim\u00e9e":"1 minute"},"schema":{"@context":"https:\/\/schema.org","@graph":[{"@type":"WebPage","@id":"https:\/\/www.via-alpina.org\/fr\/communaute\/podcast\/","url":"https:\/\/www.via-alpina.org\/fr\/communaute\/podcast\/","name":"Podcast - Via Alpina","isPartOf":{"@id":"https:\/\/www.via-alpina.org\/#website"},"datePublished":"2026-04-01T13:29:05+00:00","breadcrumb":{"@id":"https:\/\/www.via-alpina.org\/fr\/communaute\/podcast\/#breadcrumb"},"inLanguage":"fr-FR","potentialAction":[{"@type":"ReadAction","target":["https:\/\/www.via-alpina.org\/fr\/communaute\/podcast\/"]}]},{"@type":"BreadcrumbList","@id":"https:\/\/www.via-alpina.org\/fr\/communaute\/podcast\/#breadcrumb","itemListElement":[{"@type":"ListItem","position":1,"name":"Home","item":"https:\/\/www.via-alpina.org\/fr\/"},{"@type":"ListItem","position":2,"name":"Communaut\u00e9","item":"https:\/\/www.via-alpina.org\/fr\/communaute\/"},{"@type":"ListItem","position":3,"name":"Podcast"}]},{"@type":"WebSite","@id":"https:\/\/www.via-alpina.org\/#website","url":"https:\/\/www.via-alpina.org\/","name":"Via Alpina","description":"\u0160e eno spleti\u0161\u010de WordPress","potentialAction":[{"@type":"SearchAction","target":{"@type":"EntryPoint","urlTemplate":"https:\/\/www.via-alpina.org\/?s={search_term_string}"},"query-input":{"@type":"PropertyValueSpecification","valueRequired":true,"valueName":"search_term_string"}}],"inLanguage":"fr-FR"}]}},"_links":{"self":[{"href":"https:\/\/www.via-alpina.org\/fr\/wp-json\/wp\/v2\/pages\/3688","targetHints":{"allow":["GET"]}}],"collection":[{"href":"https:\/\/www.via-alpina.org\/fr\/wp-json\/wp\/v2\/pages"}],"about":[{"href":"https:\/\/www.via-alpina.org\/fr\/wp-json\/wp\/v2\/types\/page"}],"author":[{"embeddable":true,"href":"https:\/\/www.via-alpina.org\/fr\/wp-json\/wp\/v2\/users\/6"}],"replies":[{"embeddable":true,"href":"https:\/\/www.via-alpina.org\/fr\/wp-json\/wp\/v2\/comments?post=3688"}],"version-history":[{"count":5,"href":"https:\/\/www.via-alpina.org\/fr\/wp-json\/wp\/v2\/pages\/3688\/revisions"}],"predecessor-version":[{"id":3763,"href":"https:\/\/www.via-alpina.org\/fr\/wp-json\/wp\/v2\/pages\/3688\/revisions\/3763"}],"up":[{"embeddable":true,"href":"https:\/\/www.via-alpina.org\/fr\/wp-json\/wp\/v2\/pages\/2285"}],"wp:attachment":[{"href":"https:\/\/www.via-alpina.org\/fr\/wp-json\/wp\/v2\/media?parent=3688"}],"curies":[{"name":"wp","href":"https:\/\/api.w.org\/{rel}","templated":true}]}}