{"id":3439,"date":"2025-06-27T15:58:18","date_gmt":"2025-06-27T13:58:18","guid":{"rendered":"https:\/\/www.via-alpina.org\/?page_id=3439"},"modified":"2025-07-09T12:07:46","modified_gmt":"2025-07-09T10:07:46","slug":"campagne-photo-et-video","status":"publish","type":"page","link":"https:\/\/www.via-alpina.org\/fr\/communaute\/campagne-photo-et-video\/","title":{"rendered":"Campagne photo et vid\u00e9o"},"content":{"rendered":"<div class=\"wpb-content-wrapper\"><p>[vc_row full_width=\u00a0\u00bbstretch_row_content_no_spaces\u00a0\u00bb el_class=\u00a0\u00bbsp-page-title\u00a0\u00bb][vc_column]\t\t\n\t\t<div class=\"title-banner\" style=\"background-image: linear-gradient(rgba(0, 0, 0, 0.2),rgba(0, 0, 0, 0.3)),url(https:\/\/www.via-alpina.org\/wp-content\/uploads\/2024\/01\/r-57-traverse-des-drei-schwestern-sur-la-via-alpina-scaled.jpg);\">\n\t\t<span class=\"banner-caption\">Drei Schwestern\/LI \u00a9 Julien Defois<\/span>\n\t\t<\/div>\n\t\t<div class=\"container container-for-crumbs\">\n\t\t\t\t<div class=\"breadcrumbs-container\">\n\t\t\t\t\t\t<div class=\"breadcrumbs\">\n\t\t\t\t\t\t\t\n\t<ul class=\"ns-breadcrumbs\">\n\t\t\t<li><a href=\"https:\/\/www.via-alpina.org\/fr\/\">Accueil<\/a><\/li>\n\t\t\t\t\t<li><a href=\"https:\/\/www.via-alpina.org\/fr\/communaute\/\">Communaut\u00e9<\/a><\/li>\n\t\t\t\t<li>Campagne photo et vid\u00e9o<\/li>\n\t<\/ul>\n\t\n\t\t\t\t\t\t\t\t<div class=\"clearfix\"><\/div>\n\t\t\t\t\t\t<\/div>\n\t\t\t\t<\/div>\n\t\t\t\t<h1 class=\"entry-title\">Campagne photo et vid\u00e9o<\/h1>\n\t\t\t\t\t\t<\/div>\n\n\t\t[vc_single_image image=\u00a0\u00bb3469&Prime; img_size=\u00a0\u00bblarge\u00a0\u00bb add_caption=\u00a0\u00bbyes\u00a0\u00bb alignment=\u00a0\u00bbcenter\u00a0\u00bb][\/vc_column][\/vc_row][vc_row][vc_column][vc_column_text]<\/p>\n<p data-start=\"132\" data-end=\"737\"><span class=\"TextRun Highlight SCXW64358792 BCX8\" lang=\"FR-CH\" xml:lang=\"FR-CH\" data-contrast=\"auto\"><span class=\"NormalTextRun SCXW64358792 BCX8\">Cet \u00e9t\u00e9, la Via Alpina invite les <\/span><span class=\"NormalTextRun SpellingErrorV2Themed SCXW64358792 BCX8\">randonneur.<\/span><\/span><span class=\"TextRun Highlight SCXW64358792 BCX8\" lang=\"FR-CH\" xml:lang=\"FR-CH\" data-contrast=\"auto\"><span class=\"NormalTextRun SpellingErrorV2Themed SCXW64358792 BCX8\">euses<\/span><span class=\"NormalTextRun SCXW64358792 BCX8\">, <\/span><span class=\"NormalTextRun SpellingErrorV2Themed SCXW64358792 BCX8\">aventurier.<\/span><\/span><span class=\"TextRun Highlight SCXW64358792 BCX8\" lang=\"FR-CH\" xml:lang=\"FR-CH\" data-contrast=\"auto\"><span class=\"NormalTextRun SpellingErrorV2Themed SCXW64358792 BCX8\">\u00e8res<\/span><span class=\"NormalTextRun SCXW64358792 BCX8\"> et <\/span><span class=\"NormalTextRun SpellingErrorV2Themed SCXW64358792 BCX8\">amoureux.<\/span><\/span><span class=\"TextRun Highlight SCXW64358792 BCX8\" lang=\"FR-CH\" xml:lang=\"FR-CH\" data-contrast=\"auto\"><span class=\"NormalTextRun SpellingErrorV2Themed SCXW64358792 BCX8\">ses<\/span><span class=\"NormalTextRun SCXW64358792 BCX8\"> de la montagne \u00e0 participer \u00e0 la campagne<\/span><strong><span class=\"NormalTextRun ContextualSpellingAndGrammarErrorV2Themed SCXW64358792 BCX8\"> R\u00e9cits<\/span> <span class=\"NormalTextRun SCXW64358792 BCX8\">du<\/span> <span class=\"NormalTextRun ContextualSpellingAndGrammarErrorV2Themed SCXW64358792 BCX8\">C<\/span><span class=\"NormalTextRun ContextualSpellingAndGrammarErrorV2Themed SCXW64358792 BCX8\">hemin<\/span><\/strong><span class=\"NormalTextRun SCXW64358792 BCX8\">, une campagne photo et vid\u00e9o pour mettre en valeur les exp\u00e9riences personnelles le long de <\/span><span class=\"NormalTextRun ContextualSpellingAndGrammarErrorV2Themed SCXW64358792 BCX8\">la<\/span><span class=\"NormalTextRun SCXW64358792 BCX8\"> Via Alpina. Par cet appel ouvert, nous souhaitons recueillir et partager <\/span><span class=\"NormalTextRun CommentStart CommentHighlightPipeRest CommentHighlightRest SCXW64358792 BCX8\">vos histoires <\/span><span class=\"NormalTextRun CommentHighlightPipeRest SCXW64358792 BCX8\">\u2014 des moments d\u2019\u00e9merveillement, de connexion, de d\u00e9fi et de beaut\u00e9 \u2014 tels que v\u00e9cus et ressentis par ceux ou celles qui le parcourent. Que vous ayez captur\u00e9 un paysage spectaculaire, une rencontre marquante ou un moment de calme en pleine nature, nous serions <\/span><span class=\"NormalTextRun SpellingErrorV2Themed SCXW64358792 BCX8\">ravi.<\/span><\/span><span class=\"TextRun Highlight SCXW64358792 BCX8\" lang=\"FR-CH\" xml:lang=\"FR-CH\" data-contrast=\"auto\"><span class=\"NormalTextRun SpellingErrorV2Themed SCXW64358792 BCX8\">es<\/span><span class=\"NormalTextRun SCXW64358792 BCX8\"> de le mettre en avant sur nos r\u00e9seaux <\/span><span class=\"NormalTextRun ContextualSpellingAndGrammarErrorV2Themed SCXW64358792 BCX8\">sociaux!<\/span><\/span><span class=\"EOP SCXW64358792 BCX8\" data-ccp-props=\"{&quot;201341983&quot;:0,&quot;335559739&quot;:0,&quot;335559740&quot;:240}\">\u00a0<\/span><\/p>\n<h3 data-start=\"739\" data-end=\"764\">Pourquoi participer ?<\/h3>\n<p data-start=\"766\" data-end=\"1355\"><span class=\"TextRun Highlight SCXW169908604 BCX8\" lang=\"FR-CH\" xml:lang=\"FR-CH\" data-contrast=\"auto\"><span class=\"NormalTextRun SCXW169908604 BCX8\">Les Alpes ne sont pas seulement une destination, mais un espace vivant et partag\u00e9 qui relie les individus et les cultures au-del\u00e0 des fronti\u00e8res. La campagne<\/span> <\/span><strong><span class=\"TextRun Highlight MacChromeBold SCXW169908604 BCX8\" lang=\"FR-CH\" xml:lang=\"FR-CH\" data-contrast=\"auto\"><span class=\"NormalTextRun ContextualSpellingAndGrammarErrorV2Themed SCXW169908604 BCX8\">R\u00e9cits<\/span><span class=\"NormalTextRun SCXW169908604 BCX8\"> du <\/span><span class=\"NormalTextRun ContextualSpellingAndGrammarErrorV2Themed SCXW169908604 BCX8\">C<\/span><span class=\"NormalTextRun ContextualSpellingAndGrammarErrorV2Themed SCXW169908604 BCX8\">hemin<\/span><\/span><\/strong><span class=\"TextRun Highlight SCXW169908604 BCX8\" lang=\"FR-CH\" xml:lang=\"FR-CH\" data-contrast=\"auto\"><span class=\"NormalTextRun SCXW169908604 BCX8\"> offre une opportunit\u00e9 de contribuer \u00e0 la communaut\u00e9 grandissante de <\/span><span class=\"NormalTextRun ContextualSpellingAndGrammarErrorV2Themed SCXW169908604 BCX8\">la<\/span><span class=\"NormalTextRun SCXW169908604 BCX8\"> Via Alpina et d\u2019inspirer d\u2019autres personnes \u00e0 d\u00e9couvrir cet itin\u00e9raire de grande randonn\u00e9e unique<\/span><span class=\"NormalTextRun SCXW169908604 BCX8\">,<\/span><span class=\"NormalTextRun SCXW169908604 BCX8\"> de fa\u00e7on personnelle et durable. Vos contributions seront mises en avant sur les r\u00e9seaux sociaux de Via Alpina et <\/span><span class=\"NormalTextRun SCXW169908604 BCX8\">permettront de<\/span><span class=\"NormalTextRun SCXW169908604 BCX8\"> documenter l\u2019exp\u00e9rience de la randonn\u00e9e <\/span><span class=\"NormalTextRun SCXW169908604 BCX8\">en<\/span><span class=\"NormalTextRun SCXW169908604 BCX8\"> r\u00e9gion alpine dans le cadre d\u2019une campagne authentique et communautaire.<\/span><\/span><span class=\"EOP SCXW169908604 BCX8\" data-ccp-props=\"{&quot;201341983&quot;:0,&quot;335559739&quot;:0,&quot;335559740&quot;:240}\">\u00a0<\/span><\/p>\n<figure id=\"attachment_3486\" aria-describedby=\"caption-attachment-3486\" style=\"width: 206px\" class=\"wp-caption alignnone\"><img loading=\"lazy\" decoding=\"async\" class=\"size-medium wp-image-3486\" src=\"https:\/\/www.via-alpina.org\/wp-content\/uploads\/2025\/07\/cover_alpenbuch_2025-aktualisierung-206x300.jpg\" alt=\"Win a Marmota Book of the Alps (ENG or DE). \" width=\"206\" height=\"300\" srcset=\"https:\/\/www.via-alpina.org\/wp-content\/uploads\/2025\/07\/cover_alpenbuch_2025-aktualisierung-206x300.jpg 206w, https:\/\/www.via-alpina.org\/wp-content\/uploads\/2025\/07\/cover_alpenbuch_2025-aktualisierung-701x1024.jpg 701w, https:\/\/www.via-alpina.org\/wp-content\/uploads\/2025\/07\/cover_alpenbuch_2025-aktualisierung-768x1121.jpg 768w, https:\/\/www.via-alpina.org\/wp-content\/uploads\/2025\/07\/cover_alpenbuch_2025-aktualisierung-1052x1536.jpg 1052w, https:\/\/www.via-alpina.org\/wp-content\/uploads\/2025\/07\/cover_alpenbuch_2025-aktualisierung.jpg 1370w\" sizes=\"auto, (max-width: 206px) 100vw, 206px\" \/><figcaption id=\"caption-attachment-3486\" class=\"wp-caption-text\">Gagnez un Marmota Book of the Alps (en anglais ou en allemand).<\/figcaption><\/figure>\n<h3 data-start=\"1357\" data-end=\"1382\">Quels sont les prix ?<\/h3>\n<p data-start=\"1384\" data-end=\"1473\">Un jury s\u00e9lectionnera ensuite les gagnants pour la premi\u00e8re, deuxi\u00e8me et troisi\u00e8me place.<\/p>\n<ul data-start=\"1475\" data-end=\"1817\">\n<li data-start=\"1475\" data-end=\"1616\">\n<p data-start=\"1477\" data-end=\"1616\">1er prix : <a href=\"https:\/\/marmotamaps.com\/en\/book-of-the-alps\/\">Livre <em data-start=\"1494\" data-end=\"1520\">Marmota Book of the Alps<\/em><\/a> (en anglais ou en allemand) et une nuit avec demi-pension \u00e0 la <a href=\"https:\/\/www.alpenverein.li\/huetten\/gafadurahuette-1428m\">Gafadura-H\u00fctte<\/a>, Liechtenstein.<\/p>\n<\/li>\n<li data-start=\"1617\" data-end=\"1743\">\n<p data-start=\"1619\" data-end=\"1743\">2e prix : Livre <em data-start=\"1635\" data-end=\"1661\">Marmota Book of the Alps<\/em> (en anglais ou en allemand) + pass aventure \u00ab all inclusive \u00bb au Liechtenstein.<\/p>\n<\/li>\n<li data-start=\"1744\" data-end=\"1817\">\n<p data-start=\"1746\" data-end=\"1817\">3e prix : Livre <em data-start=\"1762\" data-end=\"1788\">Marmota Book of the Alps<\/em> (en anglais ou en allemand).<\/p>\n<\/li>\n<\/ul>\n<h3 data-start=\"1819\" data-end=\"1841\">Comment participer<\/h3>\n<p data-start=\"1843\" data-end=\"1906\">T\u00e9l\u00e9chargez votre photo ou vid\u00e9o directement <a href=\"https:\/\/docs.google.com\/forms\/d\/e\/1FAIpQLSdD3qQL2j1cE5gvSCjFbkszfmz5RcErkmzOgqqqjJ-tKqAyrQ\/viewform\">via ce formulaire.<\/a><\/p>\n<p><span data-contrast=\"auto\">Veuillez-vous<\/span><span data-contrast=\"auto\"> assurer que les fichiers vid\u00e9o respectent la taille maximale autoris\u00e9e (v\u00e9rifiez les limites du formulaire Google).<\/span><span data-ccp-props=\"{&quot;201341983&quot;:0,&quot;335559739&quot;:0,&quot;335559740&quot;:240}\">\u00a0<\/span><\/p>\n<p><span data-ccp-props=\"{&quot;201341983&quot;:0,&quot;335559739&quot;:0,&quot;335559740&quot;:240}\">\u00a0<\/span><span data-contrast=\"auto\">En soumettant votre contenu, vous accordez \u00e0 <\/span><span data-contrast=\"auto\">la<\/span><span data-contrast=\"auto\"> Via Alpina la permission de le publier sur nos plateformes et notre site web. La propri\u00e9t\u00e9 reste \u00e0 <\/span><span data-contrast=\"auto\">l\u2019auteur.<\/span><span data-contrast=\"auto\">e original.<\/span><span data-contrast=\"auto\">e<\/span><span data-contrast=\"auto\">, et une attribution correcte sera donn\u00e9e dans la mesure du possible.<\/span><span data-ccp-props=\"{&quot;201341983&quot;:0,&quot;335559739&quot;:0,&quot;335559740&quot;:240}\">\u00a0<\/span><\/p>\n<h3 data-start=\"2280\" data-end=\"2294\">Calendrier<\/h3>\n<p data-start=\"2296\" data-end=\"2508\"><span class=\"TextRun SCXW69076786 BCX8\" lang=\"FR-CH\" xml:lang=\"FR-CH\" data-contrast=\"auto\"><span class=\"NormalTextRun SCXW69076786 BCX8\">La campagne se d\u00e9roulera de juin \u00e0 octobre 2025, encourageant les <\/span><\/span><span class=\"TextRun Highlight SCXW69076786 BCX8\" lang=\"FR-CH\" xml:lang=\"FR-CH\" data-contrast=\"auto\"><span class=\"NormalTextRun SpellingErrorV2Themed SCXW69076786 BCX8\">randonneur<\/span><\/span><span class=\"TextRun Highlight SCXW69076786 BCX8\" lang=\"FR-CH\" xml:lang=\"FR-CH\" data-contrast=\"auto\"><span class=\"NormalTextRun SpellingErrorV2Themed SCXW69076786 BCX8\">\u00d7<\/span><\/span><span class=\"TextRun Highlight SCXW69076786 BCX8\" lang=\"FR-CH\" xml:lang=\"FR-CH\" data-contrast=\"auto\"><span class=\"NormalTextRun SpellingErrorV2Themed SCXW69076786 BCX8\">euses<\/span><\/span><span class=\"TextRun SCXW69076786 BCX8\" lang=\"FR-CH\" xml:lang=\"FR-CH\" data-contrast=\"auto\"><span class=\"NormalTextRun SCXW69076786 BCX8\"> \u00e0 partager leurs histoires tout au long de la saison de randonn\u00e9e. Les participations seront publi\u00e9es en continu durant cette p\u00e9riode.<\/span><\/span><span class=\"EOP SCXW69076786 BCX8\" data-ccp-props=\"{&quot;201341983&quot;:0,&quot;335559739&quot;:0,&quot;335559740&quot;:240}\">\u00a0<\/span><\/p>\n<h3 data-start=\"2515\" data-end=\"2561\">Aidez-nous \u00e0 raconter l\u2019histoire des Alpes<\/h3>\n<p><span data-contrast=\"auto\">R\u00e9cits du Chemin est plus qu\u2019une campagne : c\u2019est une invitation \u00e0 co-cr\u00e9er le paysage visuel et \u00e9motionnel de la Via Alpina.<\/span><span data-ccp-props=\"{&quot;201341983&quot;:0,&quot;335559739&quot;:0,&quot;335559740&quot;:240}\">\u00a0<\/span><\/p>\n<p><span data-contrast=\"auto\">En partageant votre regard, vous contribuez \u00e0 inspirer les futur.<\/span><span data-contrast=\"auto\">es randonneur.<\/span><span data-contrast=\"auto\">euses et \u00e0 promouvoir un lien plus profond avec la richesse naturelle et culturelle de la r\u00e9gion alpine. Pour plus d\u2019informations et de suivi, suivez-nous sur Instagram et Facebook ou visitez: <\/span><a class=\"\" href=\"http:\/\/viaalpina.org\/\" target=\"_new\" rel=\"noopener\" data-start=\"744\" data-end=\"790\">http:\/\/viaalpina.org\/<\/a>.[\/vc_column_text][vc_empty_space][vc_single_image image=\u00a0\u00bb3502&Prime; img_size=\u00a0\u00bbmedium\u00a0\u00bb add_caption=\u00a0\u00bbyes\u00a0\u00bb][\/vc_column][\/vc_row][vc_row][vc_column][\/vc_column][\/vc_row]<\/p>\n<\/div>","protected":false},"excerpt":{"rendered":"<p>[vc_row full_width=\u00a0\u00bbstretch_row_content_no_spaces\u00a0\u00bb el_class=\u00a0\u00bbsp-page-title\u00a0\u00bb][vc_column][vc_single_image image=\u00a0\u00bb3469&Prime; img_size=\u00a0\u00bblarge\u00a0\u00bb add_caption=\u00a0\u00bbyes\u00a0\u00bb alignment=\u00a0\u00bbcenter\u00a0\u00bb][\/vc_column][\/vc_row][vc_row][vc_column][vc_column_text] Cet \u00e9t\u00e9, la Via Alpina invite les randonneur.euses, aventurier.\u00e8res et amoureux.ses de la montagne \u00e0 participer \u00e0 la campagne R\u00e9cits du Chemin, une campagne photo et vid\u00e9o pour mettre en valeur les exp\u00e9riences personnelles le long de la Via Alpina. Par cet appel ouvert, nous souhaitons recueillir et partager vos histoires \u2014 des moments d\u2019\u00e9merveillement, de connexion, de d\u00e9fi et de beaut\u00e9 \u2014 tels que v\u00e9cus et ressentis par ceux ou celles qui le parcourent. Que vous ayez captur\u00e9 un paysage spectaculaire, une rencontre marquante ou un moment de calme en pleine nature, nous serions ravi.es de le mettre en avant sur nos r\u00e9seaux sociaux!\u00a0 Pourquoi participer ? Les Alpes ne sont pas [&hellip;]<\/p>\n","protected":false},"author":5,"featured_media":0,"parent":2285,"menu_order":3,"comment_status":"closed","ping_status":"closed","template":"","meta":{"footnotes":""},"class_list":["post-3439","page","type-page","status-publish","hentry"],"yoast_head":"<!-- This site is optimized with the Yoast SEO plugin v27.3 - https:\/\/yoast.com\/product\/yoast-seo-wordpress\/ -->\n<title>Campagne photo et vid\u00e9o - Via Alpina<\/title>\n<meta name=\"description\" content=\"Cet \u00e9t\u00e9, la Via Alpina invite les randonneur.euses, aventurier.\u00e8res et amoureux.ses de la montagne \u00e0 participer \u00e0 la campagne R\u00e9cits du Chemin, une campagne photo et vid\u00e9o pour mettre en\" \/>\n<meta name=\"robots\" content=\"index, follow, max-snippet:-1, max-image-preview:large, max-video-preview:-1\" \/>\n<link rel=\"canonical\" href=\"https:\/\/www.via-alpina.org\/fr\/campagne-photo-et-video\/\" \/>\n<meta property=\"og:locale\" content=\"fr_FR\" \/>\n<meta property=\"og:type\" content=\"article\" \/>\n<meta property=\"og:title\" content=\"Campagne photo et vid\u00e9o - Via Alpina\" \/>\n<meta property=\"og:description\" content=\"[vc_row full_width=\u00a0\u00bbstretch_row_content_no_spaces\u00a0\u00bb el_class=\u00a0\u00bbsp-page-title\u00a0\u00bb][vc_column][vc_single_image image=\u00a0\u00bb3469&Prime; img_size=\u00a0\u00bblarge\u00a0\u00bb add_caption=\u00a0\u00bbyes\u00a0\u00bb alignment=\u00a0\u00bbcenter\u00a0\u00bb][\/vc_column][\/vc_row][vc_row][vc_column][vc_column_text] Cet \u00e9t\u00e9, la Via Alpina invite les randonneur.euses, aventurier.\u00e8res et amoureux.ses de la montagne \u00e0 participer \u00e0 la campagne R\u00e9cits du Chemin, une campagne photo et vid\u00e9o pour mettre en valeur les exp\u00e9riences personnelles le long de la Via Alpina. Par cet appel ouvert, nous souhaitons recueillir et partager vos histoires \u2014 des moments d\u2019\u00e9merveillement, de connexion, de d\u00e9fi et de beaut\u00e9 \u2014 tels que v\u00e9cus et ressentis par ceux ou celles qui le parcourent. Que vous ayez captur\u00e9 un paysage spectaculaire, une rencontre marquante ou un moment de calme en pleine nature, nous serions ravi.es de le mettre en avant sur nos r\u00e9seaux sociaux!\u00a0 Pourquoi participer ? Les Alpes ne sont pas [&hellip;]\" \/>\n<meta property=\"og:url\" content=\"https:\/\/www.via-alpina.org\/fr\/campagne-photo-et-video\/\" \/>\n<meta property=\"og:site_name\" content=\"Via Alpina\" \/>\n<meta property=\"article:modified_time\" content=\"2025-07-09T10:07:46+00:00\" \/>\n<meta property=\"og:image\" content=\"https:\/\/www.via-alpina.org\/wp-content\/uploads\/2025\/07\/cover_alpenbuch_2025-aktualisierung.jpg\" \/>\n\t<meta property=\"og:image:width\" content=\"1370\" \/>\n\t<meta property=\"og:image:height\" content=\"2000\" \/>\n\t<meta property=\"og:image:type\" content=\"image\/jpeg\" \/>\n<meta name=\"twitter:card\" content=\"summary_large_image\" \/>\n<meta name=\"twitter:label1\" content=\"Dur\u00e9e de lecture estim\u00e9e\" \/>\n\t<meta name=\"twitter:data1\" content=\"3 minutes\" \/>\n<script type=\"application\/ld+json\" class=\"yoast-schema-graph\">{\"@context\":\"https:\\\/\\\/schema.org\",\"@graph\":[{\"@type\":\"WebPage\",\"@id\":\"https:\\\/\\\/www.via-alpina.org\\\/fr\\\/campagne-photo-et-video\\\/\",\"url\":\"https:\\\/\\\/www.via-alpina.org\\\/fr\\\/campagne-photo-et-video\\\/\",\"name\":\"Campagne photo et vid\u00e9o - Via Alpina\",\"isPartOf\":{\"@id\":\"https:\\\/\\\/www.via-alpina.org\\\/#website\"},\"primaryImageOfPage\":{\"@id\":\"https:\\\/\\\/www.via-alpina.org\\\/fr\\\/campagne-photo-et-video\\\/#primaryimage\"},\"image\":{\"@id\":\"https:\\\/\\\/www.via-alpina.org\\\/fr\\\/campagne-photo-et-video\\\/#primaryimage\"},\"thumbnailUrl\":\"https:\\\/\\\/www.via-alpina.org\\\/wp-content\\\/uploads\\\/2025\\\/07\\\/cover_alpenbuch_2025-aktualisierung-206x300.jpg\",\"datePublished\":\"2025-06-27T13:58:18+00:00\",\"dateModified\":\"2025-07-09T10:07:46+00:00\",\"breadcrumb\":{\"@id\":\"https:\\\/\\\/www.via-alpina.org\\\/fr\\\/campagne-photo-et-video\\\/#breadcrumb\"},\"inLanguage\":\"fr-FR\",\"potentialAction\":[{\"@type\":\"ReadAction\",\"target\":[\"https:\\\/\\\/www.via-alpina.org\\\/fr\\\/campagne-photo-et-video\\\/\"]}]},{\"@type\":\"ImageObject\",\"inLanguage\":\"fr-FR\",\"@id\":\"https:\\\/\\\/www.via-alpina.org\\\/fr\\\/campagne-photo-et-video\\\/#primaryimage\",\"url\":\"https:\\\/\\\/www.via-alpina.org\\\/wp-content\\\/uploads\\\/2025\\\/07\\\/cover_alpenbuch_2025-aktualisierung-206x300.jpg\",\"contentUrl\":\"https:\\\/\\\/www.via-alpina.org\\\/wp-content\\\/uploads\\\/2025\\\/07\\\/cover_alpenbuch_2025-aktualisierung-206x300.jpg\"},{\"@type\":\"BreadcrumbList\",\"@id\":\"https:\\\/\\\/www.via-alpina.org\\\/fr\\\/campagne-photo-et-video\\\/#breadcrumb\",\"itemListElement\":[{\"@type\":\"ListItem\",\"position\":1,\"name\":\"Home\",\"item\":\"https:\\\/\\\/www.via-alpina.org\\\/fr\\\/\"},{\"@type\":\"ListItem\",\"position\":2,\"name\":\"Campagne photo et vid\u00e9o\"}]},{\"@type\":\"WebSite\",\"@id\":\"https:\\\/\\\/www.via-alpina.org\\\/#website\",\"url\":\"https:\\\/\\\/www.via-alpina.org\\\/\",\"name\":\"Via Alpina\",\"description\":\"\u0160e eno spleti\u0161\u010de WordPress\",\"potentialAction\":[{\"@type\":\"SearchAction\",\"target\":{\"@type\":\"EntryPoint\",\"urlTemplate\":\"https:\\\/\\\/www.via-alpina.org\\\/?s={search_term_string}\"},\"query-input\":{\"@type\":\"PropertyValueSpecification\",\"valueRequired\":true,\"valueName\":\"search_term_string\"}}],\"inLanguage\":\"fr-FR\"}]}<\/script>\n<!-- \/ Yoast SEO plugin. -->","yoast_head_json":{"title":"Campagne photo et vid\u00e9o - Via Alpina","description":"Cet \u00e9t\u00e9, la Via Alpina invite les randonneur.euses, aventurier.\u00e8res et amoureux.ses de la montagne \u00e0 participer \u00e0 la campagne R\u00e9cits du Chemin, une campagne photo et vid\u00e9o pour mettre en","robots":{"index":"index","follow":"follow","max-snippet":"max-snippet:-1","max-image-preview":"max-image-preview:large","max-video-preview":"max-video-preview:-1"},"canonical":"https:\/\/www.via-alpina.org\/fr\/campagne-photo-et-video\/","og_locale":"fr_FR","og_type":"article","og_title":"Campagne photo et vid\u00e9o - Via Alpina","og_description":"[vc_row full_width=\u00a0\u00bbstretch_row_content_no_spaces\u00a0\u00bb el_class=\u00a0\u00bbsp-page-title\u00a0\u00bb][vc_column][vc_single_image image=\u00a0\u00bb3469&Prime; img_size=\u00a0\u00bblarge\u00a0\u00bb add_caption=\u00a0\u00bbyes\u00a0\u00bb alignment=\u00a0\u00bbcenter\u00a0\u00bb][\/vc_column][\/vc_row][vc_row][vc_column][vc_column_text] Cet \u00e9t\u00e9, la Via Alpina invite les randonneur.euses, aventurier.\u00e8res et amoureux.ses de la montagne \u00e0 participer \u00e0 la campagne R\u00e9cits du Chemin, une campagne photo et vid\u00e9o pour mettre en valeur les exp\u00e9riences personnelles le long de la Via Alpina. Par cet appel ouvert, nous souhaitons recueillir et partager vos histoires \u2014 des moments d\u2019\u00e9merveillement, de connexion, de d\u00e9fi et de beaut\u00e9 \u2014 tels que v\u00e9cus et ressentis par ceux ou celles qui le parcourent. Que vous ayez captur\u00e9 un paysage spectaculaire, une rencontre marquante ou un moment de calme en pleine nature, nous serions ravi.es de le mettre en avant sur nos r\u00e9seaux sociaux!\u00a0 Pourquoi participer ? Les Alpes ne sont pas [&hellip;]","og_url":"https:\/\/www.via-alpina.org\/fr\/campagne-photo-et-video\/","og_site_name":"Via Alpina","article_modified_time":"2025-07-09T10:07:46+00:00","og_image":[{"width":1370,"height":2000,"url":"https:\/\/www.via-alpina.org\/wp-content\/uploads\/2025\/07\/cover_alpenbuch_2025-aktualisierung.jpg","type":"image\/jpeg"}],"twitter_card":"summary_large_image","twitter_misc":{"Dur\u00e9e de lecture estim\u00e9e":"3 minutes"},"schema":{"@context":"https:\/\/schema.org","@graph":[{"@type":"WebPage","@id":"https:\/\/www.via-alpina.org\/fr\/campagne-photo-et-video\/","url":"https:\/\/www.via-alpina.org\/fr\/campagne-photo-et-video\/","name":"Campagne photo et vid\u00e9o - Via Alpina","isPartOf":{"@id":"https:\/\/www.via-alpina.org\/#website"},"primaryImageOfPage":{"@id":"https:\/\/www.via-alpina.org\/fr\/campagne-photo-et-video\/#primaryimage"},"image":{"@id":"https:\/\/www.via-alpina.org\/fr\/campagne-photo-et-video\/#primaryimage"},"thumbnailUrl":"https:\/\/www.via-alpina.org\/wp-content\/uploads\/2025\/07\/cover_alpenbuch_2025-aktualisierung-206x300.jpg","datePublished":"2025-06-27T13:58:18+00:00","dateModified":"2025-07-09T10:07:46+00:00","breadcrumb":{"@id":"https:\/\/www.via-alpina.org\/fr\/campagne-photo-et-video\/#breadcrumb"},"inLanguage":"fr-FR","potentialAction":[{"@type":"ReadAction","target":["https:\/\/www.via-alpina.org\/fr\/campagne-photo-et-video\/"]}]},{"@type":"ImageObject","inLanguage":"fr-FR","@id":"https:\/\/www.via-alpina.org\/fr\/campagne-photo-et-video\/#primaryimage","url":"https:\/\/www.via-alpina.org\/wp-content\/uploads\/2025\/07\/cover_alpenbuch_2025-aktualisierung-206x300.jpg","contentUrl":"https:\/\/www.via-alpina.org\/wp-content\/uploads\/2025\/07\/cover_alpenbuch_2025-aktualisierung-206x300.jpg"},{"@type":"BreadcrumbList","@id":"https:\/\/www.via-alpina.org\/fr\/campagne-photo-et-video\/#breadcrumb","itemListElement":[{"@type":"ListItem","position":1,"name":"Home","item":"https:\/\/www.via-alpina.org\/fr\/"},{"@type":"ListItem","position":2,"name":"Campagne photo et vid\u00e9o"}]},{"@type":"WebSite","@id":"https:\/\/www.via-alpina.org\/#website","url":"https:\/\/www.via-alpina.org\/","name":"Via Alpina","description":"\u0160e eno spleti\u0161\u010de WordPress","potentialAction":[{"@type":"SearchAction","target":{"@type":"EntryPoint","urlTemplate":"https:\/\/www.via-alpina.org\/?s={search_term_string}"},"query-input":{"@type":"PropertyValueSpecification","valueRequired":true,"valueName":"search_term_string"}}],"inLanguage":"fr-FR"}]}},"_links":{"self":[{"href":"https:\/\/www.via-alpina.org\/fr\/wp-json\/wp\/v2\/pages\/3439","targetHints":{"allow":["GET"]}}],"collection":[{"href":"https:\/\/www.via-alpina.org\/fr\/wp-json\/wp\/v2\/pages"}],"about":[{"href":"https:\/\/www.via-alpina.org\/fr\/wp-json\/wp\/v2\/types\/page"}],"author":[{"embeddable":true,"href":"https:\/\/www.via-alpina.org\/fr\/wp-json\/wp\/v2\/users\/5"}],"replies":[{"embeddable":true,"href":"https:\/\/www.via-alpina.org\/fr\/wp-json\/wp\/v2\/comments?post=3439"}],"version-history":[{"count":5,"href":"https:\/\/www.via-alpina.org\/fr\/wp-json\/wp\/v2\/pages\/3439\/revisions"}],"predecessor-version":[{"id":3531,"href":"https:\/\/www.via-alpina.org\/fr\/wp-json\/wp\/v2\/pages\/3439\/revisions\/3531"}],"up":[{"embeddable":true,"href":"https:\/\/www.via-alpina.org\/fr\/wp-json\/wp\/v2\/pages\/2285"}],"wp:attachment":[{"href":"https:\/\/www.via-alpina.org\/fr\/wp-json\/wp\/v2\/media?parent=3439"}],"curies":[{"name":"wp","href":"https:\/\/api.w.org\/{rel}","templated":true}]}}