{"id":3108,"date":"2024-11-02T18:12:52","date_gmt":"2024-11-02T17:12:52","guid":{"rendered":"https:\/\/www.via-alpina.org\/?page_id=3108"},"modified":"2025-11-18T12:12:47","modified_gmt":"2025-11-18T11:12:47","slug":"comment-simpliquer","status":"publish","type":"page","link":"https:\/\/www.via-alpina.org\/fr\/communaute\/comment-simpliquer\/","title":{"rendered":"Comment s&rsquo;impliquer"},"content":{"rendered":"<div class=\"wpb-content-wrapper\"><p>[vc_row full_width=\u00a0\u00bbstretch_row_content_no_spaces\u00a0\u00bb el_class=\u00a0\u00bbsp-page-title\u00a0\u00bb][vc_column]\t\t\n\t\t<div class=\"title-banner\" style=\"background-image: linear-gradient(rgba(0, 0, 0, 0.2),rgba(0, 0, 0, 0.3)),url(https:\/\/www.via-alpina.org\/wp-content\/uploads\/2024\/01\/via-alpina-explorers-c-christina-ragettli-scaled.jpeg);\">\n\t\t<span class=\"banner-caption\">\u00a9 Christina Ragettli<\/span>\n\t\t<\/div>\n\t\t<div class=\"container container-for-crumbs\">\n\t\t\t\t<div class=\"breadcrumbs-container\">\n\t\t\t\t\t\t<div class=\"breadcrumbs\">\n\t\t\t\t\t\t\t\n\t<ul class=\"ns-breadcrumbs\">\n\t\t\t<li><a href=\"https:\/\/www.via-alpina.org\/fr\/\">Accueil<\/a><\/li>\n\t\t\t\t\t<li><a href=\"https:\/\/www.via-alpina.org\/fr\/communaute\/\">Communaut\u00e9<\/a><\/li>\n\t\t\t\t<li>Comment s'impliquer<\/li>\n\t<\/ul>\n\t\n\t\t\t\t\t\t\t\t<div class=\"clearfix\"><\/div>\n\t\t\t\t\t\t<\/div>\n\t\t\t\t<\/div>\n\t\t\t\t<h1 class=\"entry-title\">Comment s&rsquo;impliquer ?<\/h1>\n\t\t\t\t\t\t<\/div>\n\n\t\t[\/vc_column][\/vc_row][vc_row full_width=\u00a0\u00bbstretch_row\u00a0\u00bb el_class=\u00a0\u00bbsp-gray\u00a0\u00bb][vc_column][vc_row_inner][vc_column_inner width=\u00a0\u00bb1\/2&Prime;][vc_column_text]<b>Qui est l&rsquo;\u00e9quipe de Via Alpina ?<\/b><\/p>\n<p><span style=\"font-weight: 400;\">L&rsquo;\u00e9quipe de Via Alpina se compose de deux employ\u00e9es et de b\u00e9n\u00e9voles motiv\u00e9s. Le secr\u00e9tariat de la Via Alpina est bas\u00e9 \u00e0 la CIPRA International, la Commission Internationale pour la Protection des Alpes au Liechtenstein. La coordination de la Via Alpina comprend le d\u00e9veloppement de projets, la communication et les r\u00e9seaux sociaux ; l&rsquo;entretien des sentiers est quant \u00e0 lui assur\u00e9 par nos partenaires (associations alpines et municipalit\u00e9s) le long de la Via Alpina.<\/span>[\/vc_column_text][\/vc_column_inner][vc_column_inner width=\u00a0\u00bb1\/2&Prime;][vc_single_image image=\u00a0\u00bb3113&Prime; add_caption=\u00a0\u00bbyes\u00a0\u00bb][\/vc_column_inner][\/vc_row_inner][\/vc_column][\/vc_row][vc_row full_width=\u00a0\u00bbstretch_row\u00a0\u00bb el_class=\u00a0\u00bbsp-non-gray sp-non-gray-last\u00a0\u00bb][vc_column][vc_column_text]<strong>1.Nous c\u00e9l\u00e9brons les 25 ans de la Via Alpina &#8211; tu te joins \u00e0 nous ?<\/strong><\/p>\n<p><span style=\"font-weight: 400;\">Une (ou plusieurs) des caract\u00e9ristiques suivantes s&rsquo;applique \u00e0 toi :<\/span><\/p>\n<ul>\n<li style=\"font-weight: 400;\" aria-level=\"1\"><span style=\"font-weight: 400;\">J&rsquo;ai le sens de l&rsquo;organisation et je suis capable d&rsquo;effectuer plusieurs t\u00e2ches \u00e0 la fois.<\/span><\/li>\n<li style=\"font-weight: 400;\" aria-level=\"1\"><span style=\"font-weight: 400;\">J&rsquo;aime concevoir des produits ou des campagnes de r\u00e9seaux sociaux (produits imprim\u00e9s, T-shirts, panneaux, affiches,&#8230;)<\/span><\/li>\n<li style=\"font-weight: 400;\" aria-level=\"1\"><span style=\"font-weight: 400;\">J&rsquo;ai de l&rsquo;exp\u00e9rience dans la collecte de fonds et le r\u00e9seautage.<\/span><\/li>\n<li style=\"font-weight: 400;\" aria-level=\"1\"><span style=\"font-weight: 400;\">J&rsquo;aime travailler avec un appareil photo, qu&rsquo;il s&rsquo;agisse d&rsquo;une photo ou d&rsquo;une vid\u00e9o.<\/span><\/li>\n<li style=\"font-weight: 400;\" aria-level=\"1\"><span style=\"font-weight: 400;\">J&rsquo;aime voyager \u00e0 travers les Alpes et passer une journ\u00e9e \u00e0 aider \u00e0 un \u00e9v\u00e9nement.<\/span><\/li>\n<\/ul>\n<p><span style=\"font-weight: 400;\">Toutes ces qualit\u00e9s sont extr\u00eamement importantes pour nous afin d&rsquo;organiser un anniversaire digne de ce nom pour la Via Alpina en 2025. \u00c0 quoi ressemblera exactement l&rsquo;\u00e9v\u00e9nement ? Tu peux aussi contribuer \u00e0 le fa\u00e7onner ! En collaboration avec le secr\u00e9tariat, tu contribueras au succ\u00e8s de cet \u00e9v\u00e9nement et aideras la Via Alpina \u00e0 se faire conna\u00eetre &#8211; tant dans le milieu de la randonn\u00e9e que dans celui de la politique, des communes et bien plus encore !<\/span><\/p>\n<p><span style=\"font-weight: 400;\">La planification se d\u00e9roulera principalement de novembre 2024 \u00e0 avril 2025 &#8211; apr\u00e8s quoi elle sera mise en \u0153uvre ! Le calendrier variera \u00e9galement en fonction de l&rsquo;endroit o\u00f9 tu souhaites\u00a0 t\u2019impliquer. Alors que quelques heures par mois sont n\u00e9cessaires pour la pr\u00e9paration (mais en continu), tu travailleras une journ\u00e9e enti\u00e8re en \u00e9t\u00e9 pour fournir un soutien sur place (une seule fois).<\/span><\/p>\n<p><strong>2. Tu as un talent pour les langues et tu aimerais le mettre au service d&rsquo;une bonne cause ?<\/strong><\/p>\n<p><span style=\"font-weight: 400;\">Si l&rsquo;une des langues suivantes est ta langue maternelle et que tu as une tr\u00e8s bonne connaissance d&rsquo;une autre langue, nous nous r\u00e9jouissons de ton aide.<\/span><\/p>\n<ul>\n<li style=\"font-weight: 400;\" aria-level=\"1\"><span style=\"font-weight: 400;\">l&rsquo;anglais<\/span><\/li>\n<li style=\"font-weight: 400;\" aria-level=\"1\"><span style=\"font-weight: 400;\">le fran\u00e7ais\u00a0<\/span><\/li>\n<li style=\"font-weight: 400;\" aria-level=\"1\"><span style=\"font-weight: 400;\">l\u2019allemand\u00a0<\/span><\/li>\n<li style=\"font-weight: 400;\" aria-level=\"1\"><span style=\"font-weight: 400;\">l\u2019italien<\/span><\/li>\n<li style=\"font-weight: 400;\" aria-level=\"1\"><span style=\"font-weight: 400;\">le slov\u00e8ne<\/span><\/li>\n<\/ul>\n<p><span style=\"font-weight: 400;\">Ce sont les langues (alpines) dans lesquelles nous travaillons quotidiennement et avec lesquelles nous remplissons principalement notre site web. Pour garantir une apparence professionnelle, nous faisons appel \u00e0 des locuteur\u00b7rice\u00b7s natifs pour traduire ou corriger nos textes. Si tu souhaites mettre \u00e0 profit ton talent linguistique et t\u2019impliquer de mani\u00e8re s\u00e9lective, ce poste est fait pour toi !<\/span><\/p>\n<p><strong>3. Veux-tu parcourir la Via Alpina et r\u00e9aliser ton propre projet en m\u00eame temps ? Nous sommes int\u00e9ress\u00e9s !<\/strong><\/p>\n<p><span style=\"font-weight: 400;\">C&rsquo;est probablement le type d&rsquo;engagement qui ressemble le moins \u00e0 du travail : tu as l&rsquo;intention de parcourir la Via Alpina, mais tu veux combiner ce d\u00e9fi sportif avec un projet ? Tu as des id\u00e9es plein la t\u00eate ?<\/span><\/p>\n<p><span style=\"font-weight: 400;\">Que tu aies besoin de conseils pour les r\u00e9aliser ou que tu souhaites pr\u00e9senter tes r\u00e9sultats et les mettre \u00e0 profit : Nous nous r\u00e9jouissons de conna\u00eetre ton id\u00e9e et serons heureuses de t\u2019accompagner en tant que mentor. Inversement, nous nous r\u00e9jouissons bien s\u00fbr de recevoir les derni\u00e8res informations de la Via Alpina !<\/span>[\/vc_column_text][vc_row_inner][vc_column_inner width=\u00a0\u00bb1\/2&Prime;][vc_column_text]<strong>4. L&rsquo;\u00e9ducation \u00e0 l&rsquo;environnement est plus qu&rsquo;un concept abstrait pour toi ? Deviens un\u00b7e journaliste de la Via Alpina !<\/strong><\/p>\n<p><span style=\"font-weight: 400;\">La Via Alpina aborde d&rsquo;innombrables th\u00e8mes importants li\u00e9s au d\u00e9veloppement durable dans l&rsquo;espace alpin : du tourisme et de la mobilit\u00e9 durables \u00e0 l&rsquo;agriculture, en passant par le paysage culturel, la cr\u00e9ation de valeur locale, les mesures de protection de la nature, la randonn\u00e9e responsable&#8230; Si tu as toujours voulu pr\u00e9senter ces sujets \u00e0 l&rsquo;aide d&rsquo;un exemple concret, que ce soit sous la forme d&rsquo;un blog, d&rsquo;un podcast ou d&rsquo;une newsletter, tu es la\u00b7le bienvenu\u00b7e au sein de l&rsquo;\u00e9quipe de communication de Via Alpina !<\/span>[\/vc_column_text][\/vc_column_inner][vc_column_inner width=\u00a0\u00bb1\/2&Prime;][vc_single_image image=\u00a0\u00bb2815&Prime; add_caption=\u00a0\u00bbyes\u00a0\u00bb alignment=\u00a0\u00bbcenter\u00a0\u00bb][\/vc_column_inner][\/vc_row_inner][\/vc_column][vc_column][vc_column_text]<b>Qui recherchons-nous ?<\/b><\/p>\n<p><span style=\"font-weight: 400;\">Nous recherchons des b\u00e9n\u00e9voles qui&#8230;<\/span><\/p>\n<ul>\n<li style=\"font-weight: 400;\" aria-level=\"1\"><span style=\"font-weight: 400;\">s&rsquo;int\u00e9ressent au d\u00e9veloppement durable dans la r\u00e9gion alpine<\/span><\/li>\n<li style=\"font-weight: 400;\" aria-level=\"1\"><span style=\"font-weight: 400;\">sont enthousiastes \u00e0 l&rsquo;\u00e9gard du tourisme durable et de la mobilit\u00e9 lente<\/span><\/li>\n<li style=\"font-weight: 400;\" aria-level=\"1\"><span style=\"font-weight: 400;\">se sentent \u00e0 l&rsquo;aise dans des contextes multiculturels et multilingues<\/span><\/li>\n<li style=\"font-weight: 400;\" aria-level=\"1\"><span style=\"font-weight: 400;\">veulent avoir un aper\u00e7u d&rsquo;une organisation internationale<\/span><\/li>\n<li style=\"font-weight: 400;\" aria-level=\"1\"><span style=\"font-weight: 400;\">aiment passer du temps dans les montagnes (\ud83d\ude09)<\/span><\/li>\n<\/ul>\n<p>[\/vc_column_text][vc_row_inner][vc_column_inner][vc_column_text]<b>Comment s&rsquo;impliquer&#8230;<\/b><\/p>\n<p><span style=\"font-weight: 400;\">Si tu souhaites soutenir la Via Alpina, tu peux le faire de diff\u00e9rentes mani\u00e8res. En fonction de tes souhaits et de tes possibilit\u00e9s, tu peux t\u2019engager \u00e0 long terme ou de mani\u00e8re ponctuelle dans le cadre d&rsquo;\u00e9v\u00e9nements ou de t\u00e2ches individuelles. Tout type de soutien est le bienvenu !<\/span>[\/vc_column_text][\/vc_column_inner][\/vc_row_inner][\/vc_column][\/vc_row][vc_row][vc_column][vc_separator][vc_column_text]<b>Comment puis-je imaginer la collaboration ?<\/b><\/p>\n<p><span style=\"font-weight: 400;\">M\u00eame si nous essayons d&rsquo;organiser des r\u00e9unions r\u00e9guli\u00e8res en face \u00e0 face, une partie de ton travail se fera seul\u00b7e devant l&rsquo;ordinateur (\u00e0 l&rsquo;exception du soutien apport\u00e9 lors d&rsquo;\u00e9v\u00e9nements). L&rsquo;avantage est que tu peux organiser ton temps de mani\u00e8re tr\u00e8s flexible et laisser libre cours \u00e0 ta cr\u00e9ativit\u00e9. Cependant, nous sommes bien s\u00fbr toujours disponibles pour un \u00e9change (au moins en ligne, mais volontiers en direct \u00e0 chaque occasion !)<\/span><\/p>\n<p>&nbsp;<\/p>\n<p><b>Ce que tu peux attendre de nous<\/b><\/p>\n<p><span style=\"font-weight: 400;\">En travaillant pour la Via Alpina, tu auras un aper\u00e7u passionnant de la coordination d&rsquo;un sentier de grande randonn\u00e9e international. Bien entendu, tu feras partie d&rsquo;un r\u00e9seau compos\u00e9 de nos partenaires dans tous les pays alpins (par exemple, les minist\u00e8res de l&rsquo;environnement, les associations alpines, &#8230;), tu seras invit\u00e9\u00b7e \u00e0 des \u00e9v\u00e9nements passionnants et tu auras la possibilit\u00e9 d&rsquo;approfondir ta formation dans des domaines sp\u00e9cialis\u00e9s. Lorsque tu voyages pour la Via Alpina dans la r\u00e9gion alpine, tes frais sont bien entendu pris en charge et tu es toujours la\u00b7le\u00a0 bienvenu\u00b7e au bureau du Liechtenstein !<\/span><\/p>\n<p>&nbsp;<\/p>\n<p><b>Contact avec Via Alpina<\/b><\/p>\n<p><span style=\"font-weight: 400;\">Tu souhaites devenir b\u00e9n\u00e9vole pour Via Alpina ? Prends contact avec la responsable du projet, Laura Haberfellner (<a href=\"mailto:info@via-alpina.org\">info@via-alpina.org<\/a>).<\/span>[\/vc_column_text][\/vc_column][vc_column][\/vc_column][vc_column][\/vc_column][\/vc_row]<\/p>\n<\/div>","protected":false},"excerpt":{"rendered":"<p>[vc_row full_width=\u00a0\u00bbstretch_row_content_no_spaces\u00a0\u00bb el_class=\u00a0\u00bbsp-page-title\u00a0\u00bb][vc_column][\/vc_column][\/vc_row][vc_row full_width=\u00a0\u00bbstretch_row\u00a0\u00bb el_class=\u00a0\u00bbsp-gray\u00a0\u00bb][vc_column][vc_row_inner][vc_column_inner width=\u00a0\u00bb1\/2&Prime;][vc_column_text]Qui est l&rsquo;\u00e9quipe de Via Alpina ? L&rsquo;\u00e9quipe de Via Alpina se compose de deux employ\u00e9es et de b\u00e9n\u00e9voles motiv\u00e9s. Le secr\u00e9tariat de la Via Alpina est bas\u00e9 \u00e0 la CIPRA International, la Commission Internationale pour la Protection des Alpes au Liechtenstein. La coordination de la Via Alpina comprend le d\u00e9veloppement de projets, la communication et les r\u00e9seaux sociaux ; l&rsquo;entretien des sentiers est quant \u00e0 lui assur\u00e9 par nos partenaires (associations alpines et municipalit\u00e9s) le long de la Via Alpina.[\/vc_column_text][\/vc_column_inner][vc_column_inner width=\u00a0\u00bb1\/2&Prime;][vc_single_image image=\u00a0\u00bb3113&Prime; add_caption=\u00a0\u00bbyes\u00a0\u00bb][\/vc_column_inner][\/vc_row_inner][\/vc_column][\/vc_row][vc_row full_width=\u00a0\u00bbstretch_row\u00a0\u00bb el_class=\u00a0\u00bbsp-non-gray sp-non-gray-last\u00a0\u00bb][vc_column][vc_column_text]1.Nous c\u00e9l\u00e9brons les 25 ans de la Via Alpina &#8211; tu te joins \u00e0 nous ? Une (ou plusieurs) des caract\u00e9ristiques suivantes s&rsquo;applique \u00e0 toi : J&rsquo;ai le sens [&hellip;]<\/p>\n","protected":false},"author":5,"featured_media":0,"parent":2285,"menu_order":5,"comment_status":"closed","ping_status":"closed","template":"","meta":{"footnotes":""},"class_list":["post-3108","page","type-page","status-publish","hentry"],"yoast_head":"<!-- This site is optimized with the Yoast SEO plugin v27.3 - https:\/\/yoast.com\/product\/yoast-seo-wordpress\/ -->\n<title>Comment s&#039;impliquer - Via Alpina<\/title>\n<meta name=\"description\" content=\"Comment s&#039;impliquer ?Qui est l&#039;\u00e9quipe de Via Alpina ? L&#039;\u00e9quipe de Via Alpina se compose de deux employ\u00e9es et de b\u00e9n\u00e9voles motiv\u00e9s. Le secr\u00e9tariat de la Via Alpina est bas\u00e9\" \/>\n<meta name=\"robots\" content=\"index, follow, max-snippet:-1, max-image-preview:large, max-video-preview:-1\" \/>\n<link rel=\"canonical\" href=\"https:\/\/www.via-alpina.org\/fr\/comment-simpliquer\/\" \/>\n<meta property=\"og:locale\" content=\"fr_FR\" \/>\n<meta property=\"og:type\" content=\"article\" \/>\n<meta property=\"og:title\" content=\"Comment s&#039;impliquer - Via Alpina\" \/>\n<meta property=\"og:description\" content=\"[vc_row full_width=\u00a0\u00bbstretch_row_content_no_spaces\u00a0\u00bb el_class=\u00a0\u00bbsp-page-title\u00a0\u00bb][vc_column][\/vc_column][\/vc_row][vc_row full_width=\u00a0\u00bbstretch_row\u00a0\u00bb el_class=\u00a0\u00bbsp-gray\u00a0\u00bb][vc_column][vc_row_inner][vc_column_inner width=\u00a0\u00bb1\/2&Prime;][vc_column_text]Qui est l&rsquo;\u00e9quipe de Via Alpina ? L&rsquo;\u00e9quipe de Via Alpina se compose de deux employ\u00e9es et de b\u00e9n\u00e9voles motiv\u00e9s. Le secr\u00e9tariat de la Via Alpina est bas\u00e9 \u00e0 la CIPRA International, la Commission Internationale pour la Protection des Alpes au Liechtenstein. La coordination de la Via Alpina comprend le d\u00e9veloppement de projets, la communication et les r\u00e9seaux sociaux ; l&rsquo;entretien des sentiers est quant \u00e0 lui assur\u00e9 par nos partenaires (associations alpines et municipalit\u00e9s) le long de la Via Alpina.[\/vc_column_text][\/vc_column_inner][vc_column_inner width=\u00a0\u00bb1\/2&Prime;][vc_single_image image=\u00a0\u00bb3113&Prime; add_caption=\u00a0\u00bbyes\u00a0\u00bb][\/vc_column_inner][\/vc_row_inner][\/vc_column][\/vc_row][vc_row full_width=\u00a0\u00bbstretch_row\u00a0\u00bb el_class=\u00a0\u00bbsp-non-gray sp-non-gray-last\u00a0\u00bb][vc_column][vc_column_text]1.Nous c\u00e9l\u00e9brons les 25 ans de la Via Alpina &#8211; tu te joins \u00e0 nous ? Une (ou plusieurs) des caract\u00e9ristiques suivantes s&rsquo;applique \u00e0 toi : J&rsquo;ai le sens [&hellip;]\" \/>\n<meta property=\"og:url\" content=\"https:\/\/www.via-alpina.org\/fr\/comment-simpliquer\/\" \/>\n<meta property=\"og:site_name\" content=\"Via Alpina\" \/>\n<meta property=\"article:modified_time\" content=\"2025-11-18T11:12:47+00:00\" \/>\n<meta name=\"twitter:card\" content=\"summary_large_image\" \/>\n<meta name=\"twitter:label1\" content=\"Dur\u00e9e de lecture estim\u00e9e\" \/>\n\t<meta name=\"twitter:data1\" content=\"5 minutes\" \/>\n<script type=\"application\/ld+json\" class=\"yoast-schema-graph\">{\"@context\":\"https:\\\/\\\/schema.org\",\"@graph\":[{\"@type\":\"WebPage\",\"@id\":\"https:\\\/\\\/www.via-alpina.org\\\/fr\\\/comment-simpliquer\\\/\",\"url\":\"https:\\\/\\\/www.via-alpina.org\\\/fr\\\/comment-simpliquer\\\/\",\"name\":\"Comment s'impliquer - Via Alpina\",\"isPartOf\":{\"@id\":\"https:\\\/\\\/www.via-alpina.org\\\/#website\"},\"datePublished\":\"2024-11-02T17:12:52+00:00\",\"dateModified\":\"2025-11-18T11:12:47+00:00\",\"breadcrumb\":{\"@id\":\"https:\\\/\\\/www.via-alpina.org\\\/fr\\\/comment-simpliquer\\\/#breadcrumb\"},\"inLanguage\":\"fr-FR\",\"potentialAction\":[{\"@type\":\"ReadAction\",\"target\":[\"https:\\\/\\\/www.via-alpina.org\\\/fr\\\/comment-simpliquer\\\/\"]}]},{\"@type\":\"BreadcrumbList\",\"@id\":\"https:\\\/\\\/www.via-alpina.org\\\/fr\\\/comment-simpliquer\\\/#breadcrumb\",\"itemListElement\":[{\"@type\":\"ListItem\",\"position\":1,\"name\":\"Home\",\"item\":\"https:\\\/\\\/www.via-alpina.org\\\/fr\\\/\"},{\"@type\":\"ListItem\",\"position\":2,\"name\":\"Comment s&#8217;impliquer\"}]},{\"@type\":\"WebSite\",\"@id\":\"https:\\\/\\\/www.via-alpina.org\\\/#website\",\"url\":\"https:\\\/\\\/www.via-alpina.org\\\/\",\"name\":\"Via Alpina\",\"description\":\"\u0160e eno spleti\u0161\u010de WordPress\",\"potentialAction\":[{\"@type\":\"SearchAction\",\"target\":{\"@type\":\"EntryPoint\",\"urlTemplate\":\"https:\\\/\\\/www.via-alpina.org\\\/?s={search_term_string}\"},\"query-input\":{\"@type\":\"PropertyValueSpecification\",\"valueRequired\":true,\"valueName\":\"search_term_string\"}}],\"inLanguage\":\"fr-FR\"}]}<\/script>\n<!-- \/ Yoast SEO plugin. -->","yoast_head_json":{"title":"Comment s'impliquer - Via Alpina","description":"Comment s'impliquer ?Qui est l'\u00e9quipe de Via Alpina ? L'\u00e9quipe de Via Alpina se compose de deux employ\u00e9es et de b\u00e9n\u00e9voles motiv\u00e9s. Le secr\u00e9tariat de la Via Alpina est bas\u00e9","robots":{"index":"index","follow":"follow","max-snippet":"max-snippet:-1","max-image-preview":"max-image-preview:large","max-video-preview":"max-video-preview:-1"},"canonical":"https:\/\/www.via-alpina.org\/fr\/comment-simpliquer\/","og_locale":"fr_FR","og_type":"article","og_title":"Comment s'impliquer - Via Alpina","og_description":"[vc_row full_width=\u00a0\u00bbstretch_row_content_no_spaces\u00a0\u00bb el_class=\u00a0\u00bbsp-page-title\u00a0\u00bb][vc_column][\/vc_column][\/vc_row][vc_row full_width=\u00a0\u00bbstretch_row\u00a0\u00bb el_class=\u00a0\u00bbsp-gray\u00a0\u00bb][vc_column][vc_row_inner][vc_column_inner width=\u00a0\u00bb1\/2&Prime;][vc_column_text]Qui est l&rsquo;\u00e9quipe de Via Alpina ? L&rsquo;\u00e9quipe de Via Alpina se compose de deux employ\u00e9es et de b\u00e9n\u00e9voles motiv\u00e9s. Le secr\u00e9tariat de la Via Alpina est bas\u00e9 \u00e0 la CIPRA International, la Commission Internationale pour la Protection des Alpes au Liechtenstein. La coordination de la Via Alpina comprend le d\u00e9veloppement de projets, la communication et les r\u00e9seaux sociaux ; l&rsquo;entretien des sentiers est quant \u00e0 lui assur\u00e9 par nos partenaires (associations alpines et municipalit\u00e9s) le long de la Via Alpina.[\/vc_column_text][\/vc_column_inner][vc_column_inner width=\u00a0\u00bb1\/2&Prime;][vc_single_image image=\u00a0\u00bb3113&Prime; add_caption=\u00a0\u00bbyes\u00a0\u00bb][\/vc_column_inner][\/vc_row_inner][\/vc_column][\/vc_row][vc_row full_width=\u00a0\u00bbstretch_row\u00a0\u00bb el_class=\u00a0\u00bbsp-non-gray sp-non-gray-last\u00a0\u00bb][vc_column][vc_column_text]1.Nous c\u00e9l\u00e9brons les 25 ans de la Via Alpina &#8211; tu te joins \u00e0 nous ? Une (ou plusieurs) des caract\u00e9ristiques suivantes s&rsquo;applique \u00e0 toi : J&rsquo;ai le sens [&hellip;]","og_url":"https:\/\/www.via-alpina.org\/fr\/comment-simpliquer\/","og_site_name":"Via Alpina","article_modified_time":"2025-11-18T11:12:47+00:00","twitter_card":"summary_large_image","twitter_misc":{"Dur\u00e9e de lecture estim\u00e9e":"5 minutes"},"schema":{"@context":"https:\/\/schema.org","@graph":[{"@type":"WebPage","@id":"https:\/\/www.via-alpina.org\/fr\/comment-simpliquer\/","url":"https:\/\/www.via-alpina.org\/fr\/comment-simpliquer\/","name":"Comment s'impliquer - Via Alpina","isPartOf":{"@id":"https:\/\/www.via-alpina.org\/#website"},"datePublished":"2024-11-02T17:12:52+00:00","dateModified":"2025-11-18T11:12:47+00:00","breadcrumb":{"@id":"https:\/\/www.via-alpina.org\/fr\/comment-simpliquer\/#breadcrumb"},"inLanguage":"fr-FR","potentialAction":[{"@type":"ReadAction","target":["https:\/\/www.via-alpina.org\/fr\/comment-simpliquer\/"]}]},{"@type":"BreadcrumbList","@id":"https:\/\/www.via-alpina.org\/fr\/comment-simpliquer\/#breadcrumb","itemListElement":[{"@type":"ListItem","position":1,"name":"Home","item":"https:\/\/www.via-alpina.org\/fr\/"},{"@type":"ListItem","position":2,"name":"Comment s&#8217;impliquer"}]},{"@type":"WebSite","@id":"https:\/\/www.via-alpina.org\/#website","url":"https:\/\/www.via-alpina.org\/","name":"Via Alpina","description":"\u0160e eno spleti\u0161\u010de WordPress","potentialAction":[{"@type":"SearchAction","target":{"@type":"EntryPoint","urlTemplate":"https:\/\/www.via-alpina.org\/?s={search_term_string}"},"query-input":{"@type":"PropertyValueSpecification","valueRequired":true,"valueName":"search_term_string"}}],"inLanguage":"fr-FR"}]}},"_links":{"self":[{"href":"https:\/\/www.via-alpina.org\/fr\/wp-json\/wp\/v2\/pages\/3108","targetHints":{"allow":["GET"]}}],"collection":[{"href":"https:\/\/www.via-alpina.org\/fr\/wp-json\/wp\/v2\/pages"}],"about":[{"href":"https:\/\/www.via-alpina.org\/fr\/wp-json\/wp\/v2\/types\/page"}],"author":[{"embeddable":true,"href":"https:\/\/www.via-alpina.org\/fr\/wp-json\/wp\/v2\/users\/5"}],"replies":[{"embeddable":true,"href":"https:\/\/www.via-alpina.org\/fr\/wp-json\/wp\/v2\/comments?post=3108"}],"version-history":[{"count":5,"href":"https:\/\/www.via-alpina.org\/fr\/wp-json\/wp\/v2\/pages\/3108\/revisions"}],"predecessor-version":[{"id":3581,"href":"https:\/\/www.via-alpina.org\/fr\/wp-json\/wp\/v2\/pages\/3108\/revisions\/3581"}],"up":[{"embeddable":true,"href":"https:\/\/www.via-alpina.org\/fr\/wp-json\/wp\/v2\/pages\/2285"}],"wp:attachment":[{"href":"https:\/\/www.via-alpina.org\/fr\/wp-json\/wp\/v2\/media?parent=3108"}],"curies":[{"name":"wp","href":"https:\/\/api.w.org\/{rel}","templated":true}]}}