{"id":2317,"date":"2023-10-16T08:50:59","date_gmt":"2023-10-16T06:50:59","guid":{"rendered":"https:\/\/www.via-alpina.org\/web-development\/"},"modified":"2024-03-13T13:09:39","modified_gmt":"2024-03-13T12:09:39","slug":"web-development","status":"publish","type":"page","link":"https:\/\/www.via-alpina.org\/fr\/web-development\/","title":{"rendered":"D\u00e9veloppement et conception de sites Web"},"content":{"rendered":"<div class=\"wpb-content-wrapper\"><p>[vc_row full_width=\u00a0\u00bbstretch_row_content_no_spaces\u00a0\u00bb el_class=\u00a0\u00bbsp-page-title\u00a0\u00bb][vc_column]\t\t\n\t\t<div class=\"title-banner\" style=\"background-image: linear-gradient(rgba(0, 0, 0, 0.2),rgba(0, 0, 0, 0.3)),url(https:\/\/www.via-alpina.org\/wp-content\/uploads\/2023\/11\/banner-via-alpina-trail.jpg);\">\n\t\t<span class=\"banner-caption\">\u00a9 Julien Defois<\/span>\n\t\t<\/div>\n\t\t<div class=\"container container-for-crumbs\">\n\t\t\t\t<div class=\"breadcrumbs-container\">\n\t\t\t\t\t\t<div class=\"breadcrumbs\">\n\t\t\t\t\t\t\t\n\t<ul class=\"ns-breadcrumbs\">\n\t\t\t<li><a href=\"https:\/\/www.via-alpina.org\/fr\/\">Accueil<\/a><\/li>\n\t\t\t\t<li>D\u00e9veloppement et conception de sites Web<\/li>\n\t<\/ul>\n\t\n\t\t\t\t\t\t\t\t<div class=\"clearfix\"><\/div>\n\t\t\t\t\t\t<\/div>\n\t\t\t\t<\/div>\n\t\t\t\t<h1 class=\"entry-title\">D\u00e9veloppement et conception de sites Web<\/h1>\n\t\t\t\t\t\t<\/div>\n\n\t\t[\/vc_column][\/vc_row][vc_row][vc_column][vc_column_text]<\/p>\n<h3>D\u00e9veloppement et conception de sites Web<\/h3>\n<p>Lors de la mise en place d&rsquo;un site Web, l&rsquo;<strong>agence digitale <span style=\"color: #f56702;\">novi<\/span>Splet <\/strong>a pris en charge :<\/p>\n<ul>\n<li>la conception UX,<\/li>\n<li>le design web,<\/li>\n<li>l&rsquo;aspect technique,<\/li>\n<li>la mise en \u0153uvre de l&rsquo;ensemble du projet.<\/li>\n<\/ul>\n<p>Lire la suite sur <strong><a href=\"https:\/\/www.novisplet.eu\/\" target=\"_blank\" rel=\"noopener\">www.novisplet.eu<\/a><\/strong><\/p>\n<h3><\/h3>\n<h3>Contenu du site Web<\/h3>\n<p>Les textes et images du site Web sont cr\u00e9\u00e9s par <strong>Via Alpina<\/strong>[\/vc_column_text][\/vc_column][\/vc_row][vc_row][vc_column][vc_empty_space][\/vc_column][\/vc_row]<\/p>\n<\/div>","protected":false},"excerpt":{"rendered":"<p>[vc_row full_width=\u00a0\u00bbstretch_row_content_no_spaces\u00a0\u00bb el_class=\u00a0\u00bbsp-page-title\u00a0\u00bb][vc_column][\/vc_column][\/vc_row][vc_row][vc_column][vc_column_text] D\u00e9veloppement et conception de sites Web Lors de la mise en place d&rsquo;un site Web, l&rsquo;agence digitale noviSplet a pris en charge : la conception UX, le design web, l&rsquo;aspect technique, la mise en \u0153uvre de l&rsquo;ensemble du projet. Lire la suite sur www.novisplet.eu Contenu du site Web Les textes et images du site Web sont cr\u00e9\u00e9s par Via Alpina[\/vc_column_text][\/vc_column][\/vc_row][vc_row][vc_column][vc_empty_space][\/vc_column][\/vc_row]<\/p>\n","protected":false},"author":1,"featured_media":0,"parent":0,"menu_order":8,"comment_status":"closed","ping_status":"closed","template":"","meta":{"footnotes":""},"class_list":["post-2317","page","type-page","status-publish","hentry"],"yoast_head":"<!-- This site is optimized with the Yoast SEO plugin v27.3 - https:\/\/yoast.com\/product\/yoast-seo-wordpress\/ -->\n<title>D\u00e9veloppement et conception de sites Web - Via Alpina<\/title>\n<meta name=\"description\" content=\"D\u00e9veloppement et conception de sites Web Lors de la mise en place d&#039;un site Web, l&#039;agence digitale noviSplet a pris en charge : la conception UX, le design web, l&#039;aspect\" \/>\n<meta name=\"robots\" content=\"index, follow, max-snippet:-1, max-image-preview:large, max-video-preview:-1\" \/>\n<link rel=\"canonical\" href=\"https:\/\/www.via-alpina.org\/web-development\/\" \/>\n<meta property=\"og:locale\" content=\"fr_FR\" \/>\n<meta property=\"og:type\" content=\"article\" \/>\n<meta property=\"og:title\" content=\"D\u00e9veloppement et conception de sites Web - Via Alpina\" \/>\n<meta property=\"og:description\" content=\"[vc_row full_width=\u00a0\u00bbstretch_row_content_no_spaces\u00a0\u00bb el_class=\u00a0\u00bbsp-page-title\u00a0\u00bb][vc_column][\/vc_column][\/vc_row][vc_row][vc_column][vc_column_text] D\u00e9veloppement et conception de sites Web Lors de la mise en place d&rsquo;un site Web, l&rsquo;agence digitale noviSplet a pris en charge : la conception UX, le design web, l&rsquo;aspect technique, la mise en \u0153uvre de l&rsquo;ensemble du projet. Lire la suite sur www.novisplet.eu Contenu du site Web Les textes et images du site Web sont cr\u00e9\u00e9s par Via Alpina[\/vc_column_text][\/vc_column][\/vc_row][vc_row][vc_column][vc_empty_space][\/vc_column][\/vc_row]\" \/>\n<meta property=\"og:url\" content=\"https:\/\/www.via-alpina.org\/web-development\/\" \/>\n<meta property=\"og:site_name\" content=\"Via Alpina\" \/>\n<meta property=\"article:modified_time\" content=\"2024-03-13T12:09:39+00:00\" \/>\n<meta name=\"twitter:card\" content=\"summary_large_image\" \/>\n<meta name=\"twitter:label1\" content=\"Dur\u00e9e de lecture estim\u00e9e\" \/>\n\t<meta name=\"twitter:data1\" content=\"1 minute\" \/>\n<script type=\"application\/ld+json\" class=\"yoast-schema-graph\">{\"@context\":\"https:\\\/\\\/schema.org\",\"@graph\":[{\"@type\":\"WebPage\",\"@id\":\"https:\\\/\\\/www.via-alpina.org\\\/web-development\\\/\",\"url\":\"https:\\\/\\\/www.via-alpina.org\\\/web-development\\\/\",\"name\":\"D\u00e9veloppement et conception de sites Web - Via Alpina\",\"isPartOf\":{\"@id\":\"https:\\\/\\\/www.via-alpina.org\\\/#website\"},\"datePublished\":\"2023-10-16T06:50:59+00:00\",\"dateModified\":\"2024-03-13T12:09:39+00:00\",\"breadcrumb\":{\"@id\":\"https:\\\/\\\/www.via-alpina.org\\\/web-development\\\/#breadcrumb\"},\"inLanguage\":\"fr-FR\",\"potentialAction\":[{\"@type\":\"ReadAction\",\"target\":[\"https:\\\/\\\/www.via-alpina.org\\\/web-development\\\/\"]}]},{\"@type\":\"BreadcrumbList\",\"@id\":\"https:\\\/\\\/www.via-alpina.org\\\/web-development\\\/#breadcrumb\",\"itemListElement\":[{\"@type\":\"ListItem\",\"position\":1,\"name\":\"Home\",\"item\":\"https:\\\/\\\/www.via-alpina.org\\\/fr\\\/\"},{\"@type\":\"ListItem\",\"position\":2,\"name\":\"D\u00e9veloppement et conception de sites Web\"}]},{\"@type\":\"WebSite\",\"@id\":\"https:\\\/\\\/www.via-alpina.org\\\/#website\",\"url\":\"https:\\\/\\\/www.via-alpina.org\\\/\",\"name\":\"Via Alpina\",\"description\":\"\u0160e eno spleti\u0161\u010de WordPress\",\"potentialAction\":[{\"@type\":\"SearchAction\",\"target\":{\"@type\":\"EntryPoint\",\"urlTemplate\":\"https:\\\/\\\/www.via-alpina.org\\\/?s={search_term_string}\"},\"query-input\":{\"@type\":\"PropertyValueSpecification\",\"valueRequired\":true,\"valueName\":\"search_term_string\"}}],\"inLanguage\":\"fr-FR\"}]}<\/script>\n<!-- \/ Yoast SEO plugin. -->","yoast_head_json":{"title":"D\u00e9veloppement et conception de sites Web - Via Alpina","description":"D\u00e9veloppement et conception de sites Web Lors de la mise en place d'un site Web, l'agence digitale noviSplet a pris en charge : la conception UX, le design web, l'aspect","robots":{"index":"index","follow":"follow","max-snippet":"max-snippet:-1","max-image-preview":"max-image-preview:large","max-video-preview":"max-video-preview:-1"},"canonical":"https:\/\/www.via-alpina.org\/web-development\/","og_locale":"fr_FR","og_type":"article","og_title":"D\u00e9veloppement et conception de sites Web - Via Alpina","og_description":"[vc_row full_width=\u00a0\u00bbstretch_row_content_no_spaces\u00a0\u00bb el_class=\u00a0\u00bbsp-page-title\u00a0\u00bb][vc_column][\/vc_column][\/vc_row][vc_row][vc_column][vc_column_text] D\u00e9veloppement et conception de sites Web Lors de la mise en place d&rsquo;un site Web, l&rsquo;agence digitale noviSplet a pris en charge : la conception UX, le design web, l&rsquo;aspect technique, la mise en \u0153uvre de l&rsquo;ensemble du projet. Lire la suite sur www.novisplet.eu Contenu du site Web Les textes et images du site Web sont cr\u00e9\u00e9s par Via Alpina[\/vc_column_text][\/vc_column][\/vc_row][vc_row][vc_column][vc_empty_space][\/vc_column][\/vc_row]","og_url":"https:\/\/www.via-alpina.org\/web-development\/","og_site_name":"Via Alpina","article_modified_time":"2024-03-13T12:09:39+00:00","twitter_card":"summary_large_image","twitter_misc":{"Dur\u00e9e de lecture estim\u00e9e":"1 minute"},"schema":{"@context":"https:\/\/schema.org","@graph":[{"@type":"WebPage","@id":"https:\/\/www.via-alpina.org\/web-development\/","url":"https:\/\/www.via-alpina.org\/web-development\/","name":"D\u00e9veloppement et conception de sites Web - Via Alpina","isPartOf":{"@id":"https:\/\/www.via-alpina.org\/#website"},"datePublished":"2023-10-16T06:50:59+00:00","dateModified":"2024-03-13T12:09:39+00:00","breadcrumb":{"@id":"https:\/\/www.via-alpina.org\/web-development\/#breadcrumb"},"inLanguage":"fr-FR","potentialAction":[{"@type":"ReadAction","target":["https:\/\/www.via-alpina.org\/web-development\/"]}]},{"@type":"BreadcrumbList","@id":"https:\/\/www.via-alpina.org\/web-development\/#breadcrumb","itemListElement":[{"@type":"ListItem","position":1,"name":"Home","item":"https:\/\/www.via-alpina.org\/fr\/"},{"@type":"ListItem","position":2,"name":"D\u00e9veloppement et conception de sites Web"}]},{"@type":"WebSite","@id":"https:\/\/www.via-alpina.org\/#website","url":"https:\/\/www.via-alpina.org\/","name":"Via Alpina","description":"\u0160e eno spleti\u0161\u010de WordPress","potentialAction":[{"@type":"SearchAction","target":{"@type":"EntryPoint","urlTemplate":"https:\/\/www.via-alpina.org\/?s={search_term_string}"},"query-input":{"@type":"PropertyValueSpecification","valueRequired":true,"valueName":"search_term_string"}}],"inLanguage":"fr-FR"}]}},"_links":{"self":[{"href":"https:\/\/www.via-alpina.org\/fr\/wp-json\/wp\/v2\/pages\/2317","targetHints":{"allow":["GET"]}}],"collection":[{"href":"https:\/\/www.via-alpina.org\/fr\/wp-json\/wp\/v2\/pages"}],"about":[{"href":"https:\/\/www.via-alpina.org\/fr\/wp-json\/wp\/v2\/types\/page"}],"author":[{"embeddable":true,"href":"https:\/\/www.via-alpina.org\/fr\/wp-json\/wp\/v2\/users\/1"}],"replies":[{"embeddable":true,"href":"https:\/\/www.via-alpina.org\/fr\/wp-json\/wp\/v2\/comments?post=2317"}],"version-history":[{"count":0,"href":"https:\/\/www.via-alpina.org\/fr\/wp-json\/wp\/v2\/pages\/2317\/revisions"}],"wp:attachment":[{"href":"https:\/\/www.via-alpina.org\/fr\/wp-json\/wp\/v2\/media?parent=2317"}],"curies":[{"name":"wp","href":"https:\/\/api.w.org\/{rel}","templated":true}]}}