{"id":2309,"date":"2023-10-16T08:51:31","date_gmt":"2023-10-16T06:51:31","guid":{"rendered":"https:\/\/www.via-alpina.org\/cookies\/"},"modified":"2024-03-13T13:03:57","modified_gmt":"2024-03-13T12:03:57","slug":"cookies","status":"publish","type":"page","link":"https:\/\/www.via-alpina.org\/fr\/cookies\/","title":{"rendered":"Cookies"},"content":{"rendered":"<div class=\"wpb-content-wrapper\"><p>[vc_row full_width=\u00a0\u00bbstretch_row_content_no_spaces\u00a0\u00bb el_class=\u00a0\u00bbsp-page-title\u00a0\u00bb][vc_column]\t\t\n\t\t<div class=\"title-banner\" style=\"background-image: linear-gradient(rgba(0, 0, 0, 0.2),rgba(0, 0, 0, 0.3)),url(https:\/\/www.via-alpina.org\/wp-content\/uploads\/2023\/11\/banner-via-alpina-trail.jpg);\">\n\t\t<span class=\"banner-caption\">\u00a9 Julien Defois<\/span>\n\t\t<\/div>\n\t\t<div class=\"container container-for-crumbs\">\n\t\t\t\t<div class=\"breadcrumbs-container\">\n\t\t\t\t\t\t<div class=\"breadcrumbs\">\n\t\t\t\t\t\t\t\n\t<ul class=\"ns-breadcrumbs\">\n\t\t\t<li><a href=\"https:\/\/www.via-alpina.org\/fr\/\">Accueil<\/a><\/li>\n\t\t\t\t<li>Cookies<\/li>\n\t<\/ul>\n\t\n\t\t\t\t\t\t\t\t<div class=\"clearfix\"><\/div>\n\t\t\t\t\t\t<\/div>\n\t\t\t\t<\/div>\n\t\t\t\t<h1 class=\"entry-title\">Cookies<\/h1>\n\t\t\t\t\t\t<\/div>\n\n\t\t[\/vc_column][\/vc_row][vc_row][vc_column][vc_column_text]<\/p>\n<div class=\"vc_row wpb_row vc_row-fluid\">\n<div class=\"wpb_column vc_column_container vc_col-sm-12\">\n<div class=\"vc_column-inner \">\n<div class=\"wpb_wrapper\">\n<div class=\"wpb_text_column wpb_content_element \">\n<div class=\"wpb_wrapper\">\n<p>Les cookies sont de petits fichiers charg\u00e9s sur votre ordinateur afin d&rsquo;am\u00e9liorer l&rsquo;exp\u00e9rience client.<\/p>\n<p>Les cookies ne sont pas nocifs et sont toujours limit\u00e9s dans le temps.<\/p>\n<p>Nous utilisons les cookies suivants :<\/p>\n<p>Groupe 1:<br \/>\nIls sont essentiels et sans eux, le site ne fonctionnera pas correctement. Ils sont ajust\u00e9s lorsque vous soumettez un formulaire, effectuez un achat en ligne ou effectuez toute interaction avec le site Web, allant au-del\u00e0 de la simple navigation sur des liens.<\/p>\n<p>Groupe 2:<br \/>\nIls analysent le trafic sur les sites pour am\u00e9liorer l&rsquo;exp\u00e9rience utilisateur. En utilisant le site Web, vous acceptez leur installation sur votre ordinateur.<\/p>\n<p>Groupe 3:<br \/>\nCookies de nos services partenaires tels que Facebook, Twitter, Google et autres. Si vous n&rsquo;\u00eates pas d&rsquo;accord, les cookies ne seront pas install\u00e9s, mais certaines fonctionnalit\u00e9s int\u00e9ressantes du site Web pourraient ne pas \u00eatre disponibles.<\/p>\n<p>Comment g\u00e9rer et d\u00e9sactiver les cookies sur votre PC :<\/p>\n<p>Le stockage des cookies est sous votre contr\u00f4le total, car le navigateur que vous utilisez vous permet de les stocker, de les limiter ou de les d\u00e9sactiver.<\/p>\n<p>Pour des informations sur les param\u00e8tres des cookies, s\u00e9lectionnez le navigateur Web que vous utilisez.<\/p>\n<p><a href=\"https:\/\/support.google.com\/chrome\/answer\/95647?hl=fr-fr&amp;p=cpn_cookies\" target=\"_blank\" rel=\"noopener\">Chrome<\/a><br \/>\n<a href=\"http:\/\/support.mozilla.org\/fr\/kb\/activer-desactiver-cookies\" target=\"_blank\" rel=\"noopener\">Firefox<\/a><br \/>\n<a href=\"http:\/\/windows.microsoft.com\/fr-fr\/internet-explorer\/delete-manage-cookies#ie=ie-11\" target=\"_blank\" rel=\"noopener\">Internet Explorer 11<\/a><br \/>\n<a href=\"http:\/\/windows.microsoft.com\/fr-fr\/internet-explorer\/delete-manage-cookies#ie=ie-10\" target=\"_blank\" rel=\"noopener\">Internet Explorer 10<\/a><br \/>\n<a href=\"http:\/\/www.opera.com\/help\/tutorials\/security\/cookies\/\" target=\"_blank\" rel=\"noopener\">Opera<\/a><br \/>\n<a href=\"https:\/\/support.apple.com\/fr-fr\/HT201265\" target=\"_blank\" rel=\"noopener\">Safari<\/a><\/p>\n<p>Si vous d\u00e9sactivez les cookies, certaines fonctionnalit\u00e9s du site Web seront d\u00e9sactiv\u00e9es.<\/p>\n<p>Liste des cookies utilis\u00e9s par ce site :<\/p><\/div>\n<\/div>\n<\/div>\n<\/div>\n<\/div>\n<\/div>\n<div class=\"vc_row wpb_row vc_row-fluid\">\n<div class=\"wpb_column vc_column_container vc_col-sm-3\">\n<div class=\"vc_column-inner \">\n<div class=\"wpb_wrapper\">\n<div class=\"wpb_text_column wpb_content_element \">\n<div class=\"wpb_wrapper\">\n<ul>\n<li>NOM DU COOKIE: __utma<\/li>\n<li>DESCRIPTION : Statistiques des pages vues<\/li>\n<li>SERVICES : Google Analytics<\/li>\n<li>DUR\u00c9E DE VALIDIT\u00c9 DU COOKIE : 2 ans<\/li>\n<\/ul>\n<\/div>\n<\/div>\n<\/div>\n<\/div>\n<\/div>\n<div class=\"wpb_column vc_column_container vc_col-sm-3\">\n<div class=\"vc_column-inner \">\n<div class=\"wpb_wrapper\">\n<div class=\"wpb_text_column wpb_content_element \">\n<div class=\"wpb_wrapper\">\n<ul>\n<li>NOM DU COOKIE: __utmb<\/li>\n<li>DESCRIPTION : Statistiques des pages vues<\/li>\n<li>SERVICES : Google Analytics<\/li>\n<li>DUR\u00c9E DE VALIDIT\u00c9 DU COOKIE : 1 jour<\/li>\n<\/ul>\n<\/div>\n<\/div>\n<\/div>\n<\/div>\n<\/div>\n<div class=\"wpb_column vc_column_container vc_col-sm-3\">\n<div class=\"vc_column-inner \">\n<div class=\"wpb_wrapper\">\n<div class=\"wpb_text_column wpb_content_element \">\n<div class=\"wpb_wrapper\">\n<ul>\n<li>NOM DU COOKIE: __utmc<\/li>\n<li>DESCRIPTION : Statistiques des pages vues<\/li>\n<li>SERVICES : Google Analytics<\/li>\n<li>DUR\u00c9E DE VALIDIT\u00c9 DU COOKIE : Fin de cette session<\/li>\n<\/ul>\n<\/div>\n<\/div>\n<\/div>\n<\/div>\n<\/div>\n<div class=\"wpb_column vc_column_container vc_col-sm-3\">\n<div class=\"vc_column-inner \">\n<div class=\"wpb_wrapper\">\n<div class=\"wpb_text_column wpb_content_element \">\n<div class=\"wpb_wrapper\">\n<ul>\n<li>NOM DU COOKIE: __utmz<\/li>\n<li>DESCRIPTION : Statistiques des pages vues<\/li>\n<li>SERVICES : Google Analytics<\/li>\n<li>DUR\u00c9E DE VALIDIT\u00c9 DU COOKIE : 6 mois<\/li>\n<\/ul>\n<\/div>\n<\/div>\n<\/div>\n<\/div>\n<\/div>\n<\/div>\n<h2><\/h2>\n<p>[\/vc_column_text][\/vc_column][\/vc_row][vc_row][vc_column][vc_empty_space][\/vc_column][\/vc_row]<\/p>\n<\/div>","protected":false},"excerpt":{"rendered":"<p>[vc_row full_width=\u00a0\u00bbstretch_row_content_no_spaces\u00a0\u00bb el_class=\u00a0\u00bbsp-page-title\u00a0\u00bb][vc_column][\/vc_column][\/vc_row][vc_row][vc_column][vc_column_text] Les cookies sont de petits fichiers charg\u00e9s sur votre ordinateur afin d&rsquo;am\u00e9liorer l&rsquo;exp\u00e9rience client. Les cookies ne sont pas nocifs et sont toujours limit\u00e9s dans le temps. Nous utilisons les cookies suivants : Groupe 1: Ils sont essentiels et sans eux, le site ne fonctionnera pas correctement. Ils sont ajust\u00e9s lorsque vous soumettez un formulaire, effectuez un achat en ligne ou effectuez toute interaction avec le site Web, allant au-del\u00e0 de la simple navigation sur des liens. Groupe 2: Ils analysent le trafic sur les sites pour am\u00e9liorer l&rsquo;exp\u00e9rience utilisateur. En utilisant le site Web, vous acceptez leur installation sur votre ordinateur. Groupe 3: Cookies de nos services partenaires tels que Facebook, Twitter, Google et autres. Si [&hellip;]<\/p>\n","protected":false},"author":1,"featured_media":0,"parent":0,"menu_order":9,"comment_status":"closed","ping_status":"closed","template":"","meta":{"footnotes":""},"class_list":["post-2309","page","type-page","status-publish","hentry"],"yoast_head":"<!-- This site is optimized with the Yoast SEO plugin v27.3 - https:\/\/yoast.com\/product\/yoast-seo-wordpress\/ -->\n<title>Cookies - Via Alpina<\/title>\n<meta name=\"description\" content=\"Les cookies sont de petits fichiers charg\u00e9s sur votre ordinateur afin d&#039;am\u00e9liorer l&#039;exp\u00e9rience client. Les cookies ne sont pas nocifs et sont toujours limit\u00e9s dans le temps. Nous utilisons les\" \/>\n<meta name=\"robots\" content=\"index, follow, max-snippet:-1, max-image-preview:large, max-video-preview:-1\" \/>\n<link rel=\"canonical\" href=\"https:\/\/www.via-alpina.org\/cookies\/\" \/>\n<meta property=\"og:locale\" content=\"fr_FR\" \/>\n<meta property=\"og:type\" content=\"article\" \/>\n<meta property=\"og:title\" content=\"Cookies - Via Alpina\" \/>\n<meta property=\"og:description\" content=\"[vc_row full_width=\u00a0\u00bbstretch_row_content_no_spaces\u00a0\u00bb el_class=\u00a0\u00bbsp-page-title\u00a0\u00bb][vc_column][\/vc_column][\/vc_row][vc_row][vc_column][vc_column_text] Les cookies sont de petits fichiers charg\u00e9s sur votre ordinateur afin d&rsquo;am\u00e9liorer l&rsquo;exp\u00e9rience client. Les cookies ne sont pas nocifs et sont toujours limit\u00e9s dans le temps. Nous utilisons les cookies suivants : Groupe 1: Ils sont essentiels et sans eux, le site ne fonctionnera pas correctement. Ils sont ajust\u00e9s lorsque vous soumettez un formulaire, effectuez un achat en ligne ou effectuez toute interaction avec le site Web, allant au-del\u00e0 de la simple navigation sur des liens. Groupe 2: Ils analysent le trafic sur les sites pour am\u00e9liorer l&rsquo;exp\u00e9rience utilisateur. En utilisant le site Web, vous acceptez leur installation sur votre ordinateur. Groupe 3: Cookies de nos services partenaires tels que Facebook, Twitter, Google et autres. Si [&hellip;]\" \/>\n<meta property=\"og:url\" content=\"https:\/\/www.via-alpina.org\/cookies\/\" \/>\n<meta property=\"og:site_name\" content=\"Via Alpina\" \/>\n<meta property=\"article:modified_time\" content=\"2024-03-13T12:03:57+00:00\" \/>\n<meta name=\"twitter:card\" content=\"summary_large_image\" \/>\n<meta name=\"twitter:label1\" content=\"Dur\u00e9e de lecture estim\u00e9e\" \/>\n\t<meta name=\"twitter:data1\" content=\"2 minutes\" \/>\n<script type=\"application\/ld+json\" class=\"yoast-schema-graph\">{\"@context\":\"https:\\\/\\\/schema.org\",\"@graph\":[{\"@type\":\"WebPage\",\"@id\":\"https:\\\/\\\/www.via-alpina.org\\\/cookies\\\/\",\"url\":\"https:\\\/\\\/www.via-alpina.org\\\/cookies\\\/\",\"name\":\"Cookies - Via Alpina\",\"isPartOf\":{\"@id\":\"https:\\\/\\\/www.via-alpina.org\\\/#website\"},\"datePublished\":\"2023-10-16T06:51:31+00:00\",\"dateModified\":\"2024-03-13T12:03:57+00:00\",\"breadcrumb\":{\"@id\":\"https:\\\/\\\/www.via-alpina.org\\\/cookies\\\/#breadcrumb\"},\"inLanguage\":\"fr-FR\",\"potentialAction\":[{\"@type\":\"ReadAction\",\"target\":[\"https:\\\/\\\/www.via-alpina.org\\\/cookies\\\/\"]}]},{\"@type\":\"BreadcrumbList\",\"@id\":\"https:\\\/\\\/www.via-alpina.org\\\/cookies\\\/#breadcrumb\",\"itemListElement\":[{\"@type\":\"ListItem\",\"position\":1,\"name\":\"Home\",\"item\":\"https:\\\/\\\/www.via-alpina.org\\\/fr\\\/\"},{\"@type\":\"ListItem\",\"position\":2,\"name\":\"Cookies\"}]},{\"@type\":\"WebSite\",\"@id\":\"https:\\\/\\\/www.via-alpina.org\\\/#website\",\"url\":\"https:\\\/\\\/www.via-alpina.org\\\/\",\"name\":\"Via Alpina\",\"description\":\"\u0160e eno spleti\u0161\u010de WordPress\",\"potentialAction\":[{\"@type\":\"SearchAction\",\"target\":{\"@type\":\"EntryPoint\",\"urlTemplate\":\"https:\\\/\\\/www.via-alpina.org\\\/?s={search_term_string}\"},\"query-input\":{\"@type\":\"PropertyValueSpecification\",\"valueRequired\":true,\"valueName\":\"search_term_string\"}}],\"inLanguage\":\"fr-FR\"}]}<\/script>\n<!-- \/ Yoast SEO plugin. -->","yoast_head_json":{"title":"Cookies - Via Alpina","description":"Les cookies sont de petits fichiers charg\u00e9s sur votre ordinateur afin d'am\u00e9liorer l'exp\u00e9rience client. Les cookies ne sont pas nocifs et sont toujours limit\u00e9s dans le temps. Nous utilisons les","robots":{"index":"index","follow":"follow","max-snippet":"max-snippet:-1","max-image-preview":"max-image-preview:large","max-video-preview":"max-video-preview:-1"},"canonical":"https:\/\/www.via-alpina.org\/cookies\/","og_locale":"fr_FR","og_type":"article","og_title":"Cookies - Via Alpina","og_description":"[vc_row full_width=\u00a0\u00bbstretch_row_content_no_spaces\u00a0\u00bb el_class=\u00a0\u00bbsp-page-title\u00a0\u00bb][vc_column][\/vc_column][\/vc_row][vc_row][vc_column][vc_column_text] Les cookies sont de petits fichiers charg\u00e9s sur votre ordinateur afin d&rsquo;am\u00e9liorer l&rsquo;exp\u00e9rience client. Les cookies ne sont pas nocifs et sont toujours limit\u00e9s dans le temps. Nous utilisons les cookies suivants : Groupe 1: Ils sont essentiels et sans eux, le site ne fonctionnera pas correctement. Ils sont ajust\u00e9s lorsque vous soumettez un formulaire, effectuez un achat en ligne ou effectuez toute interaction avec le site Web, allant au-del\u00e0 de la simple navigation sur des liens. Groupe 2: Ils analysent le trafic sur les sites pour am\u00e9liorer l&rsquo;exp\u00e9rience utilisateur. En utilisant le site Web, vous acceptez leur installation sur votre ordinateur. Groupe 3: Cookies de nos services partenaires tels que Facebook, Twitter, Google et autres. Si [&hellip;]","og_url":"https:\/\/www.via-alpina.org\/cookies\/","og_site_name":"Via Alpina","article_modified_time":"2024-03-13T12:03:57+00:00","twitter_card":"summary_large_image","twitter_misc":{"Dur\u00e9e de lecture estim\u00e9e":"2 minutes"},"schema":{"@context":"https:\/\/schema.org","@graph":[{"@type":"WebPage","@id":"https:\/\/www.via-alpina.org\/cookies\/","url":"https:\/\/www.via-alpina.org\/cookies\/","name":"Cookies - Via Alpina","isPartOf":{"@id":"https:\/\/www.via-alpina.org\/#website"},"datePublished":"2023-10-16T06:51:31+00:00","dateModified":"2024-03-13T12:03:57+00:00","breadcrumb":{"@id":"https:\/\/www.via-alpina.org\/cookies\/#breadcrumb"},"inLanguage":"fr-FR","potentialAction":[{"@type":"ReadAction","target":["https:\/\/www.via-alpina.org\/cookies\/"]}]},{"@type":"BreadcrumbList","@id":"https:\/\/www.via-alpina.org\/cookies\/#breadcrumb","itemListElement":[{"@type":"ListItem","position":1,"name":"Home","item":"https:\/\/www.via-alpina.org\/fr\/"},{"@type":"ListItem","position":2,"name":"Cookies"}]},{"@type":"WebSite","@id":"https:\/\/www.via-alpina.org\/#website","url":"https:\/\/www.via-alpina.org\/","name":"Via Alpina","description":"\u0160e eno spleti\u0161\u010de WordPress","potentialAction":[{"@type":"SearchAction","target":{"@type":"EntryPoint","urlTemplate":"https:\/\/www.via-alpina.org\/?s={search_term_string}"},"query-input":{"@type":"PropertyValueSpecification","valueRequired":true,"valueName":"search_term_string"}}],"inLanguage":"fr-FR"}]}},"_links":{"self":[{"href":"https:\/\/www.via-alpina.org\/fr\/wp-json\/wp\/v2\/pages\/2309","targetHints":{"allow":["GET"]}}],"collection":[{"href":"https:\/\/www.via-alpina.org\/fr\/wp-json\/wp\/v2\/pages"}],"about":[{"href":"https:\/\/www.via-alpina.org\/fr\/wp-json\/wp\/v2\/types\/page"}],"author":[{"embeddable":true,"href":"https:\/\/www.via-alpina.org\/fr\/wp-json\/wp\/v2\/users\/1"}],"replies":[{"embeddable":true,"href":"https:\/\/www.via-alpina.org\/fr\/wp-json\/wp\/v2\/comments?post=2309"}],"version-history":[{"count":0,"href":"https:\/\/www.via-alpina.org\/fr\/wp-json\/wp\/v2\/pages\/2309\/revisions"}],"wp:attachment":[{"href":"https:\/\/www.via-alpina.org\/fr\/wp-json\/wp\/v2\/media?parent=2309"}],"curies":[{"name":"wp","href":"https:\/\/api.w.org\/{rel}","templated":true}]}}