{"id":4429,"date":"2026-04-24T16:08:26","date_gmt":"2026-04-24T14:08:26","guid":{"rendered":"https:\/\/www.via-alpina.org\/?page_id=4429"},"modified":"2026-04-24T16:13:48","modified_gmt":"2026-04-24T14:13:48","slug":"foto-und-videowettbewerb-2026","status":"publish","type":"page","link":"https:\/\/www.via-alpina.org\/de\/community\/foto-und-videowettbewerb-2026\/","title":{"rendered":"Foto und Videowettbewerb 2026"},"content":{"rendered":"<div class=\"wpb-content-wrapper\"><p>[vc_row full_width=&#8220;stretch_row_content_no_spaces&#8220; el_class=&#8220;sp-page-title&#8220;][vc_column]\t\t\n\t\t<div class=\"title-banner\" style=\"background-image: linear-gradient(rgba(0, 0, 0, 0.2),rgba(0, 0, 0, 0.3)),url(https:\/\/www.via-alpina.org\/wp-content\/uploads\/2026\/04\/3X7A6255-Jesse-Cases-scaled.jpg);\">\n\t\t<span class=\"banner-caption\"><\/span>\n\t\t<\/div>\n\t\t<div class=\"container container-for-crumbs\">\n\t\t\t\t<div class=\"breadcrumbs-container\">\n\t\t\t\t\t\t<div class=\"breadcrumbs\">\n\t\t\t\t\t\t\t\n\t<ul class=\"ns-breadcrumbs\">\n\t\t\t<li><a href=\"https:\/\/www.via-alpina.org\/de\/\">Startseite<\/a><\/li>\n\t\t\t\t\t<li><a href=\"https:\/\/www.via-alpina.org\/de\/community\/\">Community<\/a><\/li>\n\t\t\t\t<li>Foto und Videowettbewerb 2026<\/li>\n\t<\/ul>\n\t\n\t\t\t\t\t\t\t\t<div class=\"clearfix\"><\/div>\n\t\t\t\t\t\t<\/div>\n\t\t\t\t<\/div>\n\t\t\t\t<h1 class=\"entry-title\">Foto und Videowettbewerb 2026<\/h1>\n\t\t\t\t\t\t<\/div>\n\n\t\t[\/vc_column][\/vc_row][vc_row][vc_column][vc_column_text]<\/p>\n<h2><strong>Der Via Alpina Foto &amp; Video Wettbewerb geht in die zweite Runde &#8211; Reiche dein Via Alpina Bild der Saison ein!<\/strong><\/h2>\n<p><span style=\"font-weight: 400;\">Diesen Sommer l\u00e4dt die Via Alpina Wanderer, Abenteurer und Bergliebhaber ein an <\/span> einer Foto- und Videokampagne, die pers\u00f6nliche Erlebnisse entlang der Via Alpina feiert, teilzunehmen. Wir m\u00f6chten Geschichten vom Weg sammeln und teilen: Momente des Staunens, der Verbundenheit, der Herausforderung und der Sch\u00f6nheit-festgehalten von denen, die Via Alpina gehen. Hast du eine dramatische Landschaft, eine bedeutungsvolle Begegnung oder einen ruhigen Moment in der Natur eingefangen? Wir w\u00fcrden uns freuen, diese auf unseren Social-Media-Kan\u00e4len und Website zu pr\u00e4sentieren!<\/p>\n<h2 class=\"mceTemp\"><\/h2>\n<h2><b>Warum mitmachen? <\/b><\/h2>\n<p><span style=\"font-weight: 400;\">Die Alpen sind nicht nur ein Reiseziel, sondern ein lebendiger, gemeinsamer Raum, der Menschen und Kulturen \u00fcber Grenzen hinweg verbindet. Dieser Wettbewerb bietet eine M\u00f6glichkeit, zur wachsenden Via Alpina Gemeinschaft beizutragen und andere zu inspirieren, diese einzigartige Weitwanderroute auf pers\u00f6nliche und nachhaltige Weise zu entdecken. Deine Beitr\u00e4ge werden auf den Social-Media-Kan\u00e4len und Website von Via Alpina gezeigt und helfen dabei, die Wandererfahrung durch die Alpenregion in einer authentischen, gemeinschaftlich getragenen Kampagne zu dokumentieren. <\/span><\/p>\n<div class=\"mceTemp\"><\/div>\n<p>Lade dein Foto oder Video direkt \u00fcber <a href=\"https:\/\/docs.google.com\/forms\/d\/e\/1FAIpQLScp8C5MsAxcg2uZt9dmQeIb2T6b-bL7WT3wYk7GERrr_yVaMQ\/viewform?usp=preview\">dieses Formular<\/a> hoch.<\/p>\n<p><span style=\"font-weight: 400;\">Bitte achte darauf, dass Videodateien die maximale Upload-Gr\u00f6\u00dfe nicht \u00fcberschreiten (siehe Google-Formular-Limits). <\/span><\/p>\n<p><span style=\"font-weight: 400;\">Mit dem Einsenden deines Beitrags erteilst du Via Alpina die Erlaubnis, diesen auf unseren Social-Media-Plattformen und der Webseite zu ver\u00f6ffentlichen. Das Eigentum bleibt beim urspr\u00fcnglichen Ersteller, und eine ordnungsgem\u00e4\u00dfe Nennung erfolgt, wo immer m\u00f6glich. <\/span><\/p>\n<h2><b>Zeitplan <\/b><\/h2>\n<p><span style=\"font-weight: 400;\">Der Wettbewerb l\u00e4uft w\u00e4hrend der gesamten Wandersaison bis zum 1. Oktober 2026 und soll Wanderer dazu anregen, ihre Geschichten w\u00e4hrend der Hauptsaison zu teilen.\u00a0<\/span><\/p>\n<h2><strong>Helfe uns die die Geschichte der Via Alpina zu erz\u00e4hlen<\/strong><\/h2>\n<p><span style=\"font-weight: 400;\">Der Foto und Videowettbewerb ist mehr als nur ein\u00a0 einfacher Wettbewerb- es ist eine Einladung die visuelle und emotionale Landschaft der Via Alpina mitzugestalten. <\/span><\/p>\n<p><span style=\"font-weight: 400;\"><span style=\"font-weight: 400;\">Hilf mit, zuk\u00fcnftige Wanderer zu inspirieren und eine tiefere Verbindung zur nat\u00fcrlichen und kulturellen Vielfalt der Alpenregion zu f\u00f6rdern . F\u00fcr weitere Informationen und Updates folge uns auf Instagram und Facebook oder besuche die Website.\u00a0<\/span><\/span>[\/vc_column_text][vc_empty_space][\/vc_column][vc_column][\/vc_column][\/vc_row]<\/p>\n<\/div>","protected":false},"excerpt":{"rendered":"<p>[vc_row full_width=&#8220;stretch_row_content_no_spaces&#8220; el_class=&#8220;sp-page-title&#8220;][vc_column][\/vc_column][\/vc_row][vc_row][vc_column][vc_column_text] Der Via Alpina Foto &amp; Video Wettbewerb geht in die zweite Runde &#8211; Reiche dein Via Alpina Bild der Saison ein! Diesen Sommer l\u00e4dt die Via Alpina Wanderer, Abenteurer und Bergliebhaber ein an einer Foto- und Videokampagne, die pers\u00f6nliche Erlebnisse entlang der Via Alpina feiert, teilzunehmen. Wir m\u00f6chten Geschichten vom Weg sammeln und teilen: Momente des Staunens, der Verbundenheit, der Herausforderung und der Sch\u00f6nheit-festgehalten von denen, die Via Alpina gehen. Hast du eine dramatische Landschaft, eine bedeutungsvolle Begegnung oder einen ruhigen Moment in der Natur eingefangen? Wir w\u00fcrden uns freuen, diese auf unseren Social-Media-Kan\u00e4len und Website zu pr\u00e4sentieren! Warum mitmachen? Die Alpen sind nicht nur ein Reiseziel, sondern ein lebendiger, gemeinsamer Raum, der Menschen und Kulturen \u00fcber [&hellip;]<\/p>\n","protected":false},"author":8,"featured_media":0,"parent":2286,"menu_order":3,"comment_status":"closed","ping_status":"closed","template":"","meta":{"footnotes":""},"class_list":["post-4429","page","type-page","status-publish","hentry"],"yoast_head":"<!-- This site is optimized with the Yoast SEO plugin v27.3 - https:\/\/yoast.com\/product\/yoast-seo-wordpress\/ -->\n<title>Foto und Videowettbewerb 2026 - Via Alpina<\/title>\n<meta name=\"description\" content=\"Der Via Alpina Foto &amp; Video Wettbewerb geht in die zweite Runde - Reiche dein Via Alpina Bild der Saison ein! Diesen Sommer l\u00e4dt die Via Alpina Wanderer, Abenteurer und\" \/>\n<meta name=\"robots\" content=\"index, follow, max-snippet:-1, max-image-preview:large, max-video-preview:-1\" \/>\n<link rel=\"canonical\" href=\"https:\/\/www.via-alpina.org\/de\/community\/foto-und-videowettbewerb-2026\/\" \/>\n<meta property=\"og:locale\" content=\"de_DE\" \/>\n<meta property=\"og:type\" content=\"article\" \/>\n<meta property=\"og:title\" content=\"Foto und Videowettbewerb 2026 - Via Alpina\" \/>\n<meta property=\"og:description\" content=\"[vc_row full_width=&#8220;stretch_row_content_no_spaces&#8220; el_class=&#8220;sp-page-title&#8220;][vc_column][\/vc_column][\/vc_row][vc_row][vc_column][vc_column_text] Der Via Alpina Foto &amp; Video Wettbewerb geht in die zweite Runde &#8211; Reiche dein Via Alpina Bild der Saison ein! Diesen Sommer l\u00e4dt die Via Alpina Wanderer, Abenteurer und Bergliebhaber ein an einer Foto- und Videokampagne, die pers\u00f6nliche Erlebnisse entlang der Via Alpina feiert, teilzunehmen. Wir m\u00f6chten Geschichten vom Weg sammeln und teilen: Momente des Staunens, der Verbundenheit, der Herausforderung und der Sch\u00f6nheit-festgehalten von denen, die Via Alpina gehen. Hast du eine dramatische Landschaft, eine bedeutungsvolle Begegnung oder einen ruhigen Moment in der Natur eingefangen? Wir w\u00fcrden uns freuen, diese auf unseren Social-Media-Kan\u00e4len und Website zu pr\u00e4sentieren! Warum mitmachen? Die Alpen sind nicht nur ein Reiseziel, sondern ein lebendiger, gemeinsamer Raum, der Menschen und Kulturen \u00fcber [&hellip;]\" \/>\n<meta property=\"og:url\" content=\"https:\/\/www.via-alpina.org\/de\/community\/foto-und-videowettbewerb-2026\/\" \/>\n<meta property=\"og:site_name\" content=\"Via Alpina\" \/>\n<meta property=\"article:modified_time\" content=\"2026-04-24T14:13:48+00:00\" \/>\n<meta name=\"twitter:card\" content=\"summary_large_image\" \/>\n<meta name=\"twitter:label1\" content=\"Gesch\u00e4tzte Lesezeit\" \/>\n\t<meta name=\"twitter:data1\" content=\"2\u00a0Minuten\" \/>\n<script type=\"application\/ld+json\" class=\"yoast-schema-graph\">{\"@context\":\"https:\\\/\\\/schema.org\",\"@graph\":[{\"@type\":\"WebPage\",\"@id\":\"https:\\\/\\\/www.via-alpina.org\\\/de\\\/community\\\/foto-und-videowettbewerb-2026\\\/\",\"url\":\"https:\\\/\\\/www.via-alpina.org\\\/de\\\/community\\\/foto-und-videowettbewerb-2026\\\/\",\"name\":\"Foto und Videowettbewerb 2026 - Via Alpina\",\"isPartOf\":{\"@id\":\"https:\\\/\\\/www.via-alpina.org\\\/#website\"},\"datePublished\":\"2026-04-24T14:08:26+00:00\",\"dateModified\":\"2026-04-24T14:13:48+00:00\",\"breadcrumb\":{\"@id\":\"https:\\\/\\\/www.via-alpina.org\\\/de\\\/community\\\/foto-und-videowettbewerb-2026\\\/#breadcrumb\"},\"inLanguage\":\"de\",\"potentialAction\":[{\"@type\":\"ReadAction\",\"target\":[\"https:\\\/\\\/www.via-alpina.org\\\/de\\\/community\\\/foto-und-videowettbewerb-2026\\\/\"]}]},{\"@type\":\"BreadcrumbList\",\"@id\":\"https:\\\/\\\/www.via-alpina.org\\\/de\\\/community\\\/foto-und-videowettbewerb-2026\\\/#breadcrumb\",\"itemListElement\":[{\"@type\":\"ListItem\",\"position\":1,\"name\":\"Home\",\"item\":\"https:\\\/\\\/www.via-alpina.org\\\/de\\\/\"},{\"@type\":\"ListItem\",\"position\":2,\"name\":\"Community\",\"item\":\"https:\\\/\\\/www.via-alpina.org\\\/de\\\/community\\\/\"},{\"@type\":\"ListItem\",\"position\":3,\"name\":\"Foto und Videowettbewerb 2026\"}]},{\"@type\":\"WebSite\",\"@id\":\"https:\\\/\\\/www.via-alpina.org\\\/#website\",\"url\":\"https:\\\/\\\/www.via-alpina.org\\\/\",\"name\":\"Via Alpina\",\"description\":\"\u0160e eno spleti\u0161\u010de WordPress\",\"potentialAction\":[{\"@type\":\"SearchAction\",\"target\":{\"@type\":\"EntryPoint\",\"urlTemplate\":\"https:\\\/\\\/www.via-alpina.org\\\/?s={search_term_string}\"},\"query-input\":{\"@type\":\"PropertyValueSpecification\",\"valueRequired\":true,\"valueName\":\"search_term_string\"}}],\"inLanguage\":\"de\"}]}<\/script>\n<!-- \/ Yoast SEO plugin. -->","yoast_head_json":{"title":"Foto und Videowettbewerb 2026 - Via Alpina","description":"Der Via Alpina Foto &amp; Video Wettbewerb geht in die zweite Runde - Reiche dein Via Alpina Bild der Saison ein! Diesen Sommer l\u00e4dt die Via Alpina Wanderer, Abenteurer und","robots":{"index":"index","follow":"follow","max-snippet":"max-snippet:-1","max-image-preview":"max-image-preview:large","max-video-preview":"max-video-preview:-1"},"canonical":"https:\/\/www.via-alpina.org\/de\/community\/foto-und-videowettbewerb-2026\/","og_locale":"de_DE","og_type":"article","og_title":"Foto und Videowettbewerb 2026 - Via Alpina","og_description":"[vc_row full_width=&#8220;stretch_row_content_no_spaces&#8220; el_class=&#8220;sp-page-title&#8220;][vc_column][\/vc_column][\/vc_row][vc_row][vc_column][vc_column_text] Der Via Alpina Foto &amp; Video Wettbewerb geht in die zweite Runde &#8211; Reiche dein Via Alpina Bild der Saison ein! Diesen Sommer l\u00e4dt die Via Alpina Wanderer, Abenteurer und Bergliebhaber ein an einer Foto- und Videokampagne, die pers\u00f6nliche Erlebnisse entlang der Via Alpina feiert, teilzunehmen. Wir m\u00f6chten Geschichten vom Weg sammeln und teilen: Momente des Staunens, der Verbundenheit, der Herausforderung und der Sch\u00f6nheit-festgehalten von denen, die Via Alpina gehen. Hast du eine dramatische Landschaft, eine bedeutungsvolle Begegnung oder einen ruhigen Moment in der Natur eingefangen? Wir w\u00fcrden uns freuen, diese auf unseren Social-Media-Kan\u00e4len und Website zu pr\u00e4sentieren! Warum mitmachen? Die Alpen sind nicht nur ein Reiseziel, sondern ein lebendiger, gemeinsamer Raum, der Menschen und Kulturen \u00fcber [&hellip;]","og_url":"https:\/\/www.via-alpina.org\/de\/community\/foto-und-videowettbewerb-2026\/","og_site_name":"Via Alpina","article_modified_time":"2026-04-24T14:13:48+00:00","twitter_card":"summary_large_image","twitter_misc":{"Gesch\u00e4tzte Lesezeit":"2\u00a0Minuten"},"schema":{"@context":"https:\/\/schema.org","@graph":[{"@type":"WebPage","@id":"https:\/\/www.via-alpina.org\/de\/community\/foto-und-videowettbewerb-2026\/","url":"https:\/\/www.via-alpina.org\/de\/community\/foto-und-videowettbewerb-2026\/","name":"Foto und Videowettbewerb 2026 - Via Alpina","isPartOf":{"@id":"https:\/\/www.via-alpina.org\/#website"},"datePublished":"2026-04-24T14:08:26+00:00","dateModified":"2026-04-24T14:13:48+00:00","breadcrumb":{"@id":"https:\/\/www.via-alpina.org\/de\/community\/foto-und-videowettbewerb-2026\/#breadcrumb"},"inLanguage":"de","potentialAction":[{"@type":"ReadAction","target":["https:\/\/www.via-alpina.org\/de\/community\/foto-und-videowettbewerb-2026\/"]}]},{"@type":"BreadcrumbList","@id":"https:\/\/www.via-alpina.org\/de\/community\/foto-und-videowettbewerb-2026\/#breadcrumb","itemListElement":[{"@type":"ListItem","position":1,"name":"Home","item":"https:\/\/www.via-alpina.org\/de\/"},{"@type":"ListItem","position":2,"name":"Community","item":"https:\/\/www.via-alpina.org\/de\/community\/"},{"@type":"ListItem","position":3,"name":"Foto und Videowettbewerb 2026"}]},{"@type":"WebSite","@id":"https:\/\/www.via-alpina.org\/#website","url":"https:\/\/www.via-alpina.org\/","name":"Via Alpina","description":"\u0160e eno spleti\u0161\u010de WordPress","potentialAction":[{"@type":"SearchAction","target":{"@type":"EntryPoint","urlTemplate":"https:\/\/www.via-alpina.org\/?s={search_term_string}"},"query-input":{"@type":"PropertyValueSpecification","valueRequired":true,"valueName":"search_term_string"}}],"inLanguage":"de"}]}},"_links":{"self":[{"href":"https:\/\/www.via-alpina.org\/de\/wp-json\/wp\/v2\/pages\/4429","targetHints":{"allow":["GET"]}}],"collection":[{"href":"https:\/\/www.via-alpina.org\/de\/wp-json\/wp\/v2\/pages"}],"about":[{"href":"https:\/\/www.via-alpina.org\/de\/wp-json\/wp\/v2\/types\/page"}],"author":[{"embeddable":true,"href":"https:\/\/www.via-alpina.org\/de\/wp-json\/wp\/v2\/users\/8"}],"replies":[{"embeddable":true,"href":"https:\/\/www.via-alpina.org\/de\/wp-json\/wp\/v2\/comments?post=4429"}],"version-history":[{"count":5,"href":"https:\/\/www.via-alpina.org\/de\/wp-json\/wp\/v2\/pages\/4429\/revisions"}],"predecessor-version":[{"id":4526,"href":"https:\/\/www.via-alpina.org\/de\/wp-json\/wp\/v2\/pages\/4429\/revisions\/4526"}],"up":[{"embeddable":true,"href":"https:\/\/www.via-alpina.org\/de\/wp-json\/wp\/v2\/pages\/2286"}],"wp:attachment":[{"href":"https:\/\/www.via-alpina.org\/de\/wp-json\/wp\/v2\/media?parent=4429"}],"curies":[{"name":"wp","href":"https:\/\/api.w.org\/{rel}","templated":true}]}}