{"id":4116,"date":"2026-04-01T16:07:32","date_gmt":"2026-04-01T14:07:32","guid":{"rendered":"https:\/\/www.via-alpina.org\/?page_id=4116"},"modified":"2026-04-01T16:07:32","modified_gmt":"2026-04-01T14:07:32","slug":"spenden","status":"publish","type":"page","link":"https:\/\/www.via-alpina.org\/de\/via-alpina\/spenden\/","title":{"rendered":"Spenden"},"content":{"rendered":"<div class=\"wpb-content-wrapper\"><p>[vc_row full_width=&#8220;stretch_row_content_no_spaces&#8220; el_class=&#8220;sp-page-title&#8220;][vc_column]\t\t\n\t\t<div class=\"title-banner\" style=\"background-image: linear-gradient(rgba(0, 0, 0, 0.2),rgba(0, 0, 0, 0.3)),url(https:\/\/www.via-alpina.org\/wp-content\/uploads\/2026\/03\/20250807_1718341-Yanis-ESSAOUDI-CARRA-scaled-e1772617031411.jpg);\">\n\t\t<span class=\"banner-caption\">(c) Yanis Essaoudi Carra<\/span>\n\t\t<\/div>\n\t\t<div class=\"container container-for-crumbs\">\n\t\t\t\t<div class=\"breadcrumbs-container\">\n\t\t\t\t\t\t<div class=\"breadcrumbs\">\n\t\t\t\t\t\t\t\n\t<ul class=\"ns-breadcrumbs\">\n\t\t\t<li><a href=\"https:\/\/www.via-alpina.org\/de\/\">Startseite<\/a><\/li>\n\t\t\t\t\t<li><a href=\"https:\/\/www.via-alpina.org\/de\/via-alpina\/\">Via Alpina<\/a><\/li>\n\t\t\t\t<li>Spenden<\/li>\n\t<\/ul>\n\t\n\t\t\t\t\t\t\t\t<div class=\"clearfix\"><\/div>\n\t\t\t\t\t\t<\/div>\n\t\t\t\t<\/div>\n\t\t\t\t<h1 class=\"entry-title\">Spenden<\/h1>\n\t\t\t\t\t\t<\/div>\n\n\t\t[\/vc_column][\/vc_row][vc_row][vc_column][vc_column_text][\/vc_column_text][vc_empty_space][\/vc_column][\/vc_row][vc_row][vc_column width=&#8220;1\/2&#8243;][vc_column_text]<strong><span class=\"font-semibold\">Hilf uns, die Via Alpina am Leben zu erhalten \u2013 dank deiner Unterst\u00fctzung!<\/span><\/strong><\/p>\n<p>Die Via Alpina wird haupts\u00e4chlich von engagierten <a href=\"https:\/\/www.via-alpina.org\/de\/wer-sind-wir\/\">Freiwilligen<\/a> gepflegt, die die Informationen zu den Wanderwegen aktualisieren, die Website und die sozialen Netzwerke betreuen und neue Aktivit\u00e4ten und Projekte entwickeln. Deine Spende hilft ihren Engagement und sorgt daf\u00fcr, dass dieser legend\u00e4re Fernwanderweg f\u00fcr Wanderer in den Alpen zug\u00e4nglich, zuverl\u00e4ssig und inspirierend bleibt![\/vc_column_text][\/vc_column][vc_column width=&#8220;1\/2&#8243;][vc_raw_html]PHNjcmlwdCB0eXBlPSJtb2R1bGUiIHNyYz0iaHR0cHM6Ly9kb25vcmJveC5vcmcvd2lkZ2V0cy5qcyIgYXN5bmM9IiI+PC9zY3JpcHQ+PGRib3gtd2lkZ2V0IGNhbXBhaWduPSJ2aWFhbHBpbmEiIHR5cGU9ImRvbmF0aW9uX2Zvcm0iIGVuYWJsZS1hdXRvLXNjcm9sbD0idHJ1ZSI+PC9kYm94LXdpZGdldD4=[\/vc_raw_html][\/vc_column][\/vc_row]<\/p>\n<\/div>","protected":false},"excerpt":{"rendered":"<p>[vc_row full_width=&#8220;stretch_row_content_no_spaces&#8220; el_class=&#8220;sp-page-title&#8220;][vc_column][\/vc_column][\/vc_row][vc_row][vc_column][vc_column_text][\/vc_column_text][vc_empty_space][\/vc_column][\/vc_row][vc_row][vc_column width=&#8220;1\/2&#8243;][vc_column_text]Hilf uns, die Via Alpina am Leben zu erhalten \u2013 dank deiner Unterst\u00fctzung! Die Via Alpina wird haupts\u00e4chlich von engagierten Freiwilligen gepflegt, die die Informationen zu den Wanderwegen aktualisieren, die Website und die sozialen Netzwerke betreuen und neue Aktivit\u00e4ten und Projekte entwickeln. Deine Spende hilft ihren Engagement und sorgt daf\u00fcr, dass dieser legend\u00e4re Fernwanderweg f\u00fcr Wanderer in den Alpen zug\u00e4nglich, zuverl\u00e4ssig und inspirierend bleibt![\/vc_column_text][\/vc_column][vc_column width=&#8220;1\/2&#8243;][vc_raw_html]PHNjcmlwdCB0eXBlPSJtb2R1bGUiIHNyYz0iaHR0cHM6Ly9kb25vcmJveC5vcmcvd2lkZ2V0cy5qcyIgYXN5bmM9IiI+PC9zY3JpcHQ+PGRib3gtd2lkZ2V0IGNhbXBhaWduPSJ2aWFhbHBpbmEiIHR5cGU9ImRvbmF0aW9uX2Zvcm0iIGVuYWJsZS1hdXRvLXNjcm9sbD0idHJ1ZSI+PC9kYm94LXdpZGdldD4=[\/vc_raw_html][\/vc_column][\/vc_row]<\/p>\n","protected":false},"author":6,"featured_media":0,"parent":2290,"menu_order":0,"comment_status":"closed","ping_status":"closed","template":"","meta":{"footnotes":""},"class_list":["post-4116","page","type-page","status-publish","hentry"],"yoast_head":"<!-- This site is optimized with the Yoast SEO plugin v27.3 - https:\/\/yoast.com\/product\/yoast-seo-wordpress\/ -->\n<title>Spenden - Via Alpina<\/title>\n<meta name=\"description\" content=\"Hilf uns, die Via Alpina am Leben zu erhalten \u2013 dank deiner Unterst\u00fctzung! Die Via Alpina wird haupts\u00e4chlich von engagierten Freiwilligen gepflegt, die die Informationen zu den Wanderwegen aktualisieren, die\" \/>\n<meta name=\"robots\" content=\"index, follow, max-snippet:-1, max-image-preview:large, max-video-preview:-1\" \/>\n<link rel=\"canonical\" href=\"https:\/\/www.via-alpina.org\/de\/via-alpina\/spenden\/\" \/>\n<meta property=\"og:locale\" content=\"de_DE\" \/>\n<meta property=\"og:type\" content=\"article\" \/>\n<meta property=\"og:title\" content=\"Spenden - Via Alpina\" \/>\n<meta property=\"og:description\" content=\"[vc_row full_width=&#8220;stretch_row_content_no_spaces&#8220; el_class=&#8220;sp-page-title&#8220;][vc_column][\/vc_column][\/vc_row][vc_row][vc_column][vc_column_text][\/vc_column_text][vc_empty_space][\/vc_column][\/vc_row][vc_row][vc_column width=&#8220;1\/2&#8243;][vc_column_text]Hilf uns, die Via Alpina am Leben zu erhalten \u2013 dank deiner Unterst\u00fctzung! Die Via Alpina wird haupts\u00e4chlich von engagierten Freiwilligen gepflegt, die die Informationen zu den Wanderwegen aktualisieren, die Website und die sozialen Netzwerke betreuen und neue Aktivit\u00e4ten und Projekte entwickeln. Deine Spende hilft ihren Engagement und sorgt daf\u00fcr, dass dieser legend\u00e4re Fernwanderweg f\u00fcr Wanderer in den Alpen zug\u00e4nglich, zuverl\u00e4ssig und inspirierend bleibt![\/vc_column_text][\/vc_column][vc_column width=&#8220;1\/2&#8243;][vc_raw_html]PHNjcmlwdCB0eXBlPSJtb2R1bGUiIHNyYz0iaHR0cHM6Ly9kb25vcmJveC5vcmcvd2lkZ2V0cy5qcyIgYXN5bmM9IiI+PC9zY3JpcHQ+PGRib3gtd2lkZ2V0IGNhbXBhaWduPSJ2aWFhbHBpbmEiIHR5cGU9ImRvbmF0aW9uX2Zvcm0iIGVuYWJsZS1hdXRvLXNjcm9sbD0idHJ1ZSI+PC9kYm94LXdpZGdldD4=[\/vc_raw_html][\/vc_column][\/vc_row]\" \/>\n<meta property=\"og:url\" content=\"https:\/\/www.via-alpina.org\/de\/via-alpina\/spenden\/\" \/>\n<meta property=\"og:site_name\" content=\"Via Alpina\" \/>\n<meta name=\"twitter:card\" content=\"summary_large_image\" \/>\n<meta name=\"twitter:label1\" content=\"Gesch\u00e4tzte Lesezeit\" \/>\n\t<meta name=\"twitter:data1\" content=\"1\u00a0Minute\" \/>\n<script type=\"application\/ld+json\" class=\"yoast-schema-graph\">{\"@context\":\"https:\\\/\\\/schema.org\",\"@graph\":[{\"@type\":\"WebPage\",\"@id\":\"https:\\\/\\\/www.via-alpina.org\\\/de\\\/via-alpina\\\/spenden\\\/\",\"url\":\"https:\\\/\\\/www.via-alpina.org\\\/de\\\/via-alpina\\\/spenden\\\/\",\"name\":\"Spenden - Via Alpina\",\"isPartOf\":{\"@id\":\"https:\\\/\\\/www.via-alpina.org\\\/#website\"},\"datePublished\":\"2026-04-01T14:07:32+00:00\",\"breadcrumb\":{\"@id\":\"https:\\\/\\\/www.via-alpina.org\\\/de\\\/via-alpina\\\/spenden\\\/#breadcrumb\"},\"inLanguage\":\"de\",\"potentialAction\":[{\"@type\":\"ReadAction\",\"target\":[\"https:\\\/\\\/www.via-alpina.org\\\/de\\\/via-alpina\\\/spenden\\\/\"]}]},{\"@type\":\"BreadcrumbList\",\"@id\":\"https:\\\/\\\/www.via-alpina.org\\\/de\\\/via-alpina\\\/spenden\\\/#breadcrumb\",\"itemListElement\":[{\"@type\":\"ListItem\",\"position\":1,\"name\":\"Home\",\"item\":\"https:\\\/\\\/www.via-alpina.org\\\/de\\\/\"},{\"@type\":\"ListItem\",\"position\":2,\"name\":\"Via Alpina\",\"item\":\"https:\\\/\\\/www.via-alpina.org\\\/de\\\/via-alpina\\\/\"},{\"@type\":\"ListItem\",\"position\":3,\"name\":\"Spenden\"}]},{\"@type\":\"WebSite\",\"@id\":\"https:\\\/\\\/www.via-alpina.org\\\/#website\",\"url\":\"https:\\\/\\\/www.via-alpina.org\\\/\",\"name\":\"Via Alpina\",\"description\":\"\u0160e eno spleti\u0161\u010de WordPress\",\"potentialAction\":[{\"@type\":\"SearchAction\",\"target\":{\"@type\":\"EntryPoint\",\"urlTemplate\":\"https:\\\/\\\/www.via-alpina.org\\\/?s={search_term_string}\"},\"query-input\":{\"@type\":\"PropertyValueSpecification\",\"valueRequired\":true,\"valueName\":\"search_term_string\"}}],\"inLanguage\":\"de\"}]}<\/script>\n<!-- \/ Yoast SEO plugin. -->","yoast_head_json":{"title":"Spenden - Via Alpina","description":"Hilf uns, die Via Alpina am Leben zu erhalten \u2013 dank deiner Unterst\u00fctzung! Die Via Alpina wird haupts\u00e4chlich von engagierten Freiwilligen gepflegt, die die Informationen zu den Wanderwegen aktualisieren, die","robots":{"index":"index","follow":"follow","max-snippet":"max-snippet:-1","max-image-preview":"max-image-preview:large","max-video-preview":"max-video-preview:-1"},"canonical":"https:\/\/www.via-alpina.org\/de\/via-alpina\/spenden\/","og_locale":"de_DE","og_type":"article","og_title":"Spenden - Via Alpina","og_description":"[vc_row full_width=&#8220;stretch_row_content_no_spaces&#8220; el_class=&#8220;sp-page-title&#8220;][vc_column][\/vc_column][\/vc_row][vc_row][vc_column][vc_column_text][\/vc_column_text][vc_empty_space][\/vc_column][\/vc_row][vc_row][vc_column width=&#8220;1\/2&#8243;][vc_column_text]Hilf uns, die Via Alpina am Leben zu erhalten \u2013 dank deiner Unterst\u00fctzung! Die Via Alpina wird haupts\u00e4chlich von engagierten Freiwilligen gepflegt, die die Informationen zu den Wanderwegen aktualisieren, die Website und die sozialen Netzwerke betreuen und neue Aktivit\u00e4ten und Projekte entwickeln. Deine Spende hilft ihren Engagement und sorgt daf\u00fcr, dass dieser legend\u00e4re Fernwanderweg f\u00fcr Wanderer in den Alpen zug\u00e4nglich, zuverl\u00e4ssig und inspirierend bleibt![\/vc_column_text][\/vc_column][vc_column width=&#8220;1\/2&#8243;][vc_raw_html]PHNjcmlwdCB0eXBlPSJtb2R1bGUiIHNyYz0iaHR0cHM6Ly9kb25vcmJveC5vcmcvd2lkZ2V0cy5qcyIgYXN5bmM9IiI+PC9zY3JpcHQ+PGRib3gtd2lkZ2V0IGNhbXBhaWduPSJ2aWFhbHBpbmEiIHR5cGU9ImRvbmF0aW9uX2Zvcm0iIGVuYWJsZS1hdXRvLXNjcm9sbD0idHJ1ZSI+PC9kYm94LXdpZGdldD4=[\/vc_raw_html][\/vc_column][\/vc_row]","og_url":"https:\/\/www.via-alpina.org\/de\/via-alpina\/spenden\/","og_site_name":"Via Alpina","twitter_card":"summary_large_image","twitter_misc":{"Gesch\u00e4tzte Lesezeit":"1\u00a0Minute"},"schema":{"@context":"https:\/\/schema.org","@graph":[{"@type":"WebPage","@id":"https:\/\/www.via-alpina.org\/de\/via-alpina\/spenden\/","url":"https:\/\/www.via-alpina.org\/de\/via-alpina\/spenden\/","name":"Spenden - Via Alpina","isPartOf":{"@id":"https:\/\/www.via-alpina.org\/#website"},"datePublished":"2026-04-01T14:07:32+00:00","breadcrumb":{"@id":"https:\/\/www.via-alpina.org\/de\/via-alpina\/spenden\/#breadcrumb"},"inLanguage":"de","potentialAction":[{"@type":"ReadAction","target":["https:\/\/www.via-alpina.org\/de\/via-alpina\/spenden\/"]}]},{"@type":"BreadcrumbList","@id":"https:\/\/www.via-alpina.org\/de\/via-alpina\/spenden\/#breadcrumb","itemListElement":[{"@type":"ListItem","position":1,"name":"Home","item":"https:\/\/www.via-alpina.org\/de\/"},{"@type":"ListItem","position":2,"name":"Via Alpina","item":"https:\/\/www.via-alpina.org\/de\/via-alpina\/"},{"@type":"ListItem","position":3,"name":"Spenden"}]},{"@type":"WebSite","@id":"https:\/\/www.via-alpina.org\/#website","url":"https:\/\/www.via-alpina.org\/","name":"Via Alpina","description":"\u0160e eno spleti\u0161\u010de WordPress","potentialAction":[{"@type":"SearchAction","target":{"@type":"EntryPoint","urlTemplate":"https:\/\/www.via-alpina.org\/?s={search_term_string}"},"query-input":{"@type":"PropertyValueSpecification","valueRequired":true,"valueName":"search_term_string"}}],"inLanguage":"de"}]}},"_links":{"self":[{"href":"https:\/\/www.via-alpina.org\/de\/wp-json\/wp\/v2\/pages\/4116","targetHints":{"allow":["GET"]}}],"collection":[{"href":"https:\/\/www.via-alpina.org\/de\/wp-json\/wp\/v2\/pages"}],"about":[{"href":"https:\/\/www.via-alpina.org\/de\/wp-json\/wp\/v2\/types\/page"}],"author":[{"embeddable":true,"href":"https:\/\/www.via-alpina.org\/de\/wp-json\/wp\/v2\/users\/6"}],"replies":[{"embeddable":true,"href":"https:\/\/www.via-alpina.org\/de\/wp-json\/wp\/v2\/comments?post=4116"}],"version-history":[{"count":5,"href":"https:\/\/www.via-alpina.org\/de\/wp-json\/wp\/v2\/pages\/4116\/revisions"}],"predecessor-version":[{"id":4251,"href":"https:\/\/www.via-alpina.org\/de\/wp-json\/wp\/v2\/pages\/4116\/revisions\/4251"}],"up":[{"embeddable":true,"href":"https:\/\/www.via-alpina.org\/de\/wp-json\/wp\/v2\/pages\/2290"}],"wp:attachment":[{"href":"https:\/\/www.via-alpina.org\/de\/wp-json\/wp\/v2\/media?parent=4116"}],"curies":[{"name":"wp","href":"https:\/\/api.w.org\/{rel}","templated":true}]}}