{"id":3978,"date":"2026-04-07T15:17:52","date_gmt":"2026-04-07T13:17:52","guid":{"rendered":"https:\/\/www.via-alpina.org\/?page_id=3978"},"modified":"2026-04-07T15:34:51","modified_gmt":"2026-04-07T13:34:51","slug":"via-alpina-umfrage-2025","status":"publish","type":"page","link":"https:\/\/www.via-alpina.org\/de\/community\/via-alpina-umfrage-2025\/","title":{"rendered":"Via Alpina Umfrage 2025"},"content":{"rendered":"<div class=\"wpb-content-wrapper\"><p>[vc_row full_width=&#8220;stretch_row_content_no_spaces&#8220; el_class=&#8220;sp-page-title&#8220;][vc_column]\t\t\n\t\t<div class=\"title-banner\" style=\"background-image: linear-gradient(rgba(0, 0, 0, 0.2),rgba(0, 0, 0, 0.3)),url(https:\/\/www.via-alpina.org\/wp-content\/uploads\/2026\/03\/IMG_0541-Julian-Krah-Kopie-scaled-e1772619809634.jpeg);\">\n\t\t<span class=\"banner-caption\"><\/span>\n\t\t<\/div>\n\t\t<div class=\"container container-for-crumbs\">\n\t\t\t\t<div class=\"breadcrumbs-container\">\n\t\t\t\t\t\t<div class=\"breadcrumbs\">\n\t\t\t\t\t\t\t\n\t<ul class=\"ns-breadcrumbs\">\n\t\t\t<li><a href=\"https:\/\/www.via-alpina.org\/de\/\">Startseite<\/a><\/li>\n\t\t\t\t\t<li><a href=\"https:\/\/www.via-alpina.org\/de\/community\/\">Community<\/a><\/li>\n\t\t\t\t<li>Via Alpina Umfrage 2025<\/li>\n\t<\/ul>\n\t\n\t\t\t\t\t\t\t\t<div class=\"clearfix\"><\/div>\n\t\t\t\t\t\t<\/div>\n\t\t\t\t<\/div>\n\t\t\t\t<h1 class=\"entry-title\">Via Alpina Umfrage 2025<\/h1>\n\t\t\t\t\t\t<\/div>\n\n\t\t[\/vc_column][\/vc_row][vc_row][vc_column][vc_column_text]<span data-teams=\"true\">This page has not been translated yet. For the full content, please visit the English version<\/span>[\/vc_column_text][vc_column_text][\/vc_column_text][vc_empty_space][\/vc_column][\/vc_row][vc_row][vc_column][\/vc_column][\/vc_row]<\/p>\n<\/div>","protected":false},"excerpt":{"rendered":"<p>[vc_row full_width=&#8220;stretch_row_content_no_spaces&#8220; el_class=&#8220;sp-page-title&#8220;][vc_column][\/vc_column][\/vc_row][vc_row][vc_column][vc_column_text]This page has not been translated yet. For the full content, please visit the English version[\/vc_column_text][vc_column_text][\/vc_column_text][vc_empty_space][\/vc_column][\/vc_row][vc_row][vc_column][\/vc_column][\/vc_row]<\/p>\n","protected":false},"author":8,"featured_media":0,"parent":2286,"menu_order":0,"comment_status":"closed","ping_status":"closed","template":"","meta":{"footnotes":""},"class_list":["post-3978","page","type-page","status-publish","hentry"],"yoast_head":"<!-- This site is optimized with the Yoast SEO plugin v27.3 - https:\/\/yoast.com\/product\/yoast-seo-wordpress\/ -->\n<title>Via Alpina Umfrage 2025 - Via Alpina<\/title>\n<meta name=\"description\" content=\"This page has not been translated yet. For the full content, please visit the English version\" \/>\n<meta name=\"robots\" content=\"index, follow, max-snippet:-1, max-image-preview:large, max-video-preview:-1\" \/>\n<link rel=\"canonical\" href=\"https:\/\/www.via-alpina.org\/de\/community\/via-alpina-umfrage-2025\/\" \/>\n<meta property=\"og:locale\" content=\"de_DE\" \/>\n<meta property=\"og:type\" content=\"article\" \/>\n<meta property=\"og:title\" content=\"Via Alpina Umfrage 2025 - Via Alpina\" \/>\n<meta property=\"og:description\" content=\"[vc_row full_width=&#8220;stretch_row_content_no_spaces&#8220; el_class=&#8220;sp-page-title&#8220;][vc_column][\/vc_column][\/vc_row][vc_row][vc_column][vc_column_text]This page has not been translated yet. For the full content, please visit the English version[\/vc_column_text][vc_column_text][\/vc_column_text][vc_empty_space][\/vc_column][\/vc_row][vc_row][vc_column][\/vc_column][\/vc_row]\" \/>\n<meta property=\"og:url\" content=\"https:\/\/www.via-alpina.org\/de\/community\/via-alpina-umfrage-2025\/\" \/>\n<meta property=\"og:site_name\" content=\"Via Alpina\" \/>\n<meta property=\"article:modified_time\" content=\"2026-04-07T13:34:51+00:00\" \/>\n<meta name=\"twitter:card\" content=\"summary_large_image\" \/>\n<meta name=\"twitter:label1\" content=\"Gesch\u00e4tzte Lesezeit\" \/>\n\t<meta name=\"twitter:data1\" content=\"1\u00a0Minute\" \/>\n<script type=\"application\/ld+json\" class=\"yoast-schema-graph\">{\"@context\":\"https:\\\/\\\/schema.org\",\"@graph\":[{\"@type\":\"WebPage\",\"@id\":\"https:\\\/\\\/www.via-alpina.org\\\/de\\\/community\\\/via-alpina-umfrage-2025\\\/\",\"url\":\"https:\\\/\\\/www.via-alpina.org\\\/de\\\/community\\\/via-alpina-umfrage-2025\\\/\",\"name\":\"Via Alpina Umfrage 2025 - Via Alpina\",\"isPartOf\":{\"@id\":\"https:\\\/\\\/www.via-alpina.org\\\/#website\"},\"datePublished\":\"2026-04-07T13:17:52+00:00\",\"dateModified\":\"2026-04-07T13:34:51+00:00\",\"breadcrumb\":{\"@id\":\"https:\\\/\\\/www.via-alpina.org\\\/de\\\/community\\\/via-alpina-umfrage-2025\\\/#breadcrumb\"},\"inLanguage\":\"de\",\"potentialAction\":[{\"@type\":\"ReadAction\",\"target\":[\"https:\\\/\\\/www.via-alpina.org\\\/de\\\/community\\\/via-alpina-umfrage-2025\\\/\"]}]},{\"@type\":\"BreadcrumbList\",\"@id\":\"https:\\\/\\\/www.via-alpina.org\\\/de\\\/community\\\/via-alpina-umfrage-2025\\\/#breadcrumb\",\"itemListElement\":[{\"@type\":\"ListItem\",\"position\":1,\"name\":\"Home\",\"item\":\"https:\\\/\\\/www.via-alpina.org\\\/de\\\/\"},{\"@type\":\"ListItem\",\"position\":2,\"name\":\"Community\",\"item\":\"https:\\\/\\\/www.via-alpina.org\\\/de\\\/community\\\/\"},{\"@type\":\"ListItem\",\"position\":3,\"name\":\"Via Alpina Umfrage 2025\"}]},{\"@type\":\"WebSite\",\"@id\":\"https:\\\/\\\/www.via-alpina.org\\\/#website\",\"url\":\"https:\\\/\\\/www.via-alpina.org\\\/\",\"name\":\"Via Alpina\",\"description\":\"\u0160e eno spleti\u0161\u010de WordPress\",\"potentialAction\":[{\"@type\":\"SearchAction\",\"target\":{\"@type\":\"EntryPoint\",\"urlTemplate\":\"https:\\\/\\\/www.via-alpina.org\\\/?s={search_term_string}\"},\"query-input\":{\"@type\":\"PropertyValueSpecification\",\"valueRequired\":true,\"valueName\":\"search_term_string\"}}],\"inLanguage\":\"de\"}]}<\/script>\n<!-- \/ Yoast SEO plugin. -->","yoast_head_json":{"title":"Via Alpina Umfrage 2025 - Via Alpina","description":"This page has not been translated yet. For the full content, please visit the English version","robots":{"index":"index","follow":"follow","max-snippet":"max-snippet:-1","max-image-preview":"max-image-preview:large","max-video-preview":"max-video-preview:-1"},"canonical":"https:\/\/www.via-alpina.org\/de\/community\/via-alpina-umfrage-2025\/","og_locale":"de_DE","og_type":"article","og_title":"Via Alpina Umfrage 2025 - Via Alpina","og_description":"[vc_row full_width=&#8220;stretch_row_content_no_spaces&#8220; el_class=&#8220;sp-page-title&#8220;][vc_column][\/vc_column][\/vc_row][vc_row][vc_column][vc_column_text]This page has not been translated yet. For the full content, please visit the English version[\/vc_column_text][vc_column_text][\/vc_column_text][vc_empty_space][\/vc_column][\/vc_row][vc_row][vc_column][\/vc_column][\/vc_row]","og_url":"https:\/\/www.via-alpina.org\/de\/community\/via-alpina-umfrage-2025\/","og_site_name":"Via Alpina","article_modified_time":"2026-04-07T13:34:51+00:00","twitter_card":"summary_large_image","twitter_misc":{"Gesch\u00e4tzte Lesezeit":"1\u00a0Minute"},"schema":{"@context":"https:\/\/schema.org","@graph":[{"@type":"WebPage","@id":"https:\/\/www.via-alpina.org\/de\/community\/via-alpina-umfrage-2025\/","url":"https:\/\/www.via-alpina.org\/de\/community\/via-alpina-umfrage-2025\/","name":"Via Alpina Umfrage 2025 - Via Alpina","isPartOf":{"@id":"https:\/\/www.via-alpina.org\/#website"},"datePublished":"2026-04-07T13:17:52+00:00","dateModified":"2026-04-07T13:34:51+00:00","breadcrumb":{"@id":"https:\/\/www.via-alpina.org\/de\/community\/via-alpina-umfrage-2025\/#breadcrumb"},"inLanguage":"de","potentialAction":[{"@type":"ReadAction","target":["https:\/\/www.via-alpina.org\/de\/community\/via-alpina-umfrage-2025\/"]}]},{"@type":"BreadcrumbList","@id":"https:\/\/www.via-alpina.org\/de\/community\/via-alpina-umfrage-2025\/#breadcrumb","itemListElement":[{"@type":"ListItem","position":1,"name":"Home","item":"https:\/\/www.via-alpina.org\/de\/"},{"@type":"ListItem","position":2,"name":"Community","item":"https:\/\/www.via-alpina.org\/de\/community\/"},{"@type":"ListItem","position":3,"name":"Via Alpina Umfrage 2025"}]},{"@type":"WebSite","@id":"https:\/\/www.via-alpina.org\/#website","url":"https:\/\/www.via-alpina.org\/","name":"Via Alpina","description":"\u0160e eno spleti\u0161\u010de WordPress","potentialAction":[{"@type":"SearchAction","target":{"@type":"EntryPoint","urlTemplate":"https:\/\/www.via-alpina.org\/?s={search_term_string}"},"query-input":{"@type":"PropertyValueSpecification","valueRequired":true,"valueName":"search_term_string"}}],"inLanguage":"de"}]}},"_links":{"self":[{"href":"https:\/\/www.via-alpina.org\/de\/wp-json\/wp\/v2\/pages\/3978","targetHints":{"allow":["GET"]}}],"collection":[{"href":"https:\/\/www.via-alpina.org\/de\/wp-json\/wp\/v2\/pages"}],"about":[{"href":"https:\/\/www.via-alpina.org\/de\/wp-json\/wp\/v2\/types\/page"}],"author":[{"embeddable":true,"href":"https:\/\/www.via-alpina.org\/de\/wp-json\/wp\/v2\/users\/8"}],"replies":[{"embeddable":true,"href":"https:\/\/www.via-alpina.org\/de\/wp-json\/wp\/v2\/comments?post=3978"}],"version-history":[{"count":3,"href":"https:\/\/www.via-alpina.org\/de\/wp-json\/wp\/v2\/pages\/3978\/revisions"}],"predecessor-version":[{"id":4409,"href":"https:\/\/www.via-alpina.org\/de\/wp-json\/wp\/v2\/pages\/3978\/revisions\/4409"}],"up":[{"embeddable":true,"href":"https:\/\/www.via-alpina.org\/de\/wp-json\/wp\/v2\/pages\/2286"}],"wp:attachment":[{"href":"https:\/\/www.via-alpina.org\/de\/wp-json\/wp\/v2\/media?parent=3978"}],"curies":[{"name":"wp","href":"https:\/\/api.w.org\/{rel}","templated":true}]}}