{"id":3845,"date":"2026-04-01T15:17:58","date_gmt":"2026-04-01T13:17:58","guid":{"rendered":"https:\/\/www.via-alpina.org\/?page_id=3845"},"modified":"2026-04-01T15:17:58","modified_gmt":"2026-04-01T13:17:58","slug":"verantwortungsbewusst-biwakieren-entlang-der-via-alpina","status":"publish","type":"page","link":"https:\/\/www.via-alpina.org\/de\/weg\/verantwortungsbewusst-biwakieren-entlang-der-via-alpina\/","title":{"rendered":"Verantwortungsbewusst Biwakieren entlang der Via Alpina"},"content":{"rendered":"<div class=\"wpb-content-wrapper\"><p>[vc_row full_width=&#8220;stretch_row_content_no_spaces&#8220; el_class=&#8220;sp-page-title&#8220;][vc_column]\t\t\n\t\t<div class=\"title-banner\" style=\"background-image: linear-gradient(rgba(0, 0, 0, 0.2),rgba(0, 0, 0, 0.3)),url(https:\/\/www.via-alpina.org\/wp-content\/uploads\/2026\/02\/IMG_20250918_075258956-spip-roux-scaled.jpg);\">\n\t\t<span class=\"banner-caption\">\u00a9 L\u00e9o Chabert<\/span>\n\t\t<\/div>\n\t\t<div class=\"container container-for-crumbs\">\n\t\t\t\t<div class=\"breadcrumbs-container\">\n\t\t\t\t\t\t<div class=\"breadcrumbs\">\n\t\t\t\t\t\t\t\n\t<ul class=\"ns-breadcrumbs\">\n\t\t\t<li><a href=\"https:\/\/www.via-alpina.org\/de\/\">Startseite<\/a><\/li>\n\t\t\t\t\t<li><a href=\"https:\/\/www.via-alpina.org\/de\/weg\/\">Weg<\/a><\/li>\n\t\t\t\t<li>Verantwortungsbewusst Biwakieren entlang der Via Alpina<\/li>\n\t<\/ul>\n\t\n\t\t\t\t\t\t\t\t<div class=\"clearfix\"><\/div>\n\t\t\t\t\t\t<\/div>\n\t\t\t\t<\/div>\n\t\t\t\t<h1 class=\"entry-title\">Verantwortungsbewusst Biwakieren entlang der Via Alpina<\/h1>\n\t\t\t\t\t\t<\/div>\n\n\t\t[\/vc_column][\/vc_row][vc_row][vc_column width=&#8220;1\/2&#8243;][vc_column_text]Biwakieren liegt im Trend \u2013 doch gerade in sensiblen Alpenregionen kann das \u00dcbernachten unter freiem Himmel problematisch sein. Ein neues, kostenloses Handbuch der CIPRA gibt Orientierung f\u00fcr naturvertr\u00e4gliches Verhalten entlang der Via Alpina.<\/p>\n<p>Nicht \u00fcberall im Alpenraum ist Biwakieren gesetzlich erlaubt, die Regeln unterscheiden sich national und regional. Das ist besonders f\u00fcr Weitwandernde \u2013 etwa entlang der Via Alpina \u2013 relevant. Deshalb hat die CIPRA im Rahmen des Projekts \u00ab<a href=\"https:\/\/www.cipra.org\/de\/projekte\/via-alpina-youth-walking-the-change\">Via Alpina Youth<\/a>\u00bb gemeinsam mit jungen Menschen aus allen Alpenl\u00e4ndern ein englischsprachiges Handbuch entwickelt.<\/p>\n<p>Besonders in Schutzgebieten wie Nationalparks ist Biwakieren meist verboten \u2013 aus gutem Grund: Zu viele St\u00f6rungen gef\u00e4hrden seltene Pflanzenarten und Lebensr\u00e4ume von Wildtieren. Auch soziale Medien spielen eine Rolle: Besonders idyllisch oder spektakul\u00e4r anmutende Fotos von \u00dcbernachtungen unter freiem Himmel f\u00fchren oft zu Nachahmung und damit zur Verm\u00fcllung und Verschmutzung der gezeigten Orte \u2013 viele davon befinden sich in Naturschutzgebieten oder an absturzgef\u00e4hrdeten Stellen.<\/p>\n<p>Das Handbuch erkl\u00e4rt Unterschiede zwischen Biwakieren, Zelten und Campen, beleuchtet rechtliche Regelungen in den Alpenl\u00e4ndern und stellt Alternativen wie Trekkingpl\u00e4tze oder Biwakboxen vor.[\/vc_column_text][\/vc_column][vc_column width=&#8220;1\/2&#8243;][vc_single_image image=&#8220;3939&#8243; img_size=&#8220;large&#8220; add_caption=&#8220;yes&#8220; onclick=&#8220;custom_link&#8220; link=&#8220;https:\/\/www.cipra.org\/media\/files\/vay_bivouac_whitepaper_de_final-1.pdf&#8220;]\t\t\n\t\t<a href=\"https:\/\/www.cipra.org\/media\/files\/vay_bivouac_whitepaper_de_final-1.pdf\" target=\"_blank\" class=\"btn  btn-default btn-lg \" id=\"\">Download<\/a>\n\n\t\t[\/vc_column][\/vc_row][vc_row][vc_column][vc_column_text]Im CIPRA Podcast erz\u00e4hlt Henriette Adolf, worauf es beim \u00dcbernachten im Freien ankommt und gibt praktische Tipps f\u00fcr m\u00f6glichst naturvertr\u00e4gliches Verhalten.<\/p>\n<h3>Podcast nachh\u00f6ren:<\/h3>\n<p>[\/vc_column_text][vc_raw_html]JTNDaWZyYW1lJTIwd2lkdGglM0QlMjIxMDAlMjUlMjIlMjBoZWlnaHQlM0QlMjIxNjYlMjIlMjBzY3JvbGxpbmclM0QlMjJubyUyMiUyMGZyYW1lYm9yZGVyJTNEJTIybm8lMjIlMjBhbGxvdyUzRCUyMmF1dG9wbGF5JTIyJTIwc3JjJTNEJTIyaHR0cHMlM0ElMkYlMkZ3LnNvdW5kY2xvdWQuY29tJTJGcGxheWVyJTJGJTNGdXJsJTNEaHR0cHMlMjUzQSUyRiUyRmFwaS5zb3VuZGNsb3VkLmNvbSUyRnRyYWNrcyUyRnNvdW5kY2xvdWQlMjUyNTNBdHJhY2tzJTI1MjUzQTIxMzM4MTU1ODklMjZjb2xvciUzRDlmYzgxZCUyNmhpZGVfcmVsYXRlZCUzRHRydWUlMjZzaG93X2NvbW1lbnRzJTNEZmFsc2UlMjZzaG93X3RlYXNlciUzRGZhbHNlJTIyJTNFJTNDJTJGaWZyYW1lJTNFJTNDZGl2JTIwc3R5bGUlM0QlMjJmb250LXNpemUlM0ElMjAxMHB4JTNCJTIwY29sb3IlM0ElMjAlMjNjY2NjY2MlM0JsaW5lLWJyZWFrJTNBJTIwYW55d2hlcmUlM0J3b3JkLWJyZWFrJTNBJTIwbm9ybWFsJTNCb3ZlcmZsb3clM0ElMjBoaWRkZW4lM0J3aGl0ZS1zcGFjZSUzQSUyMG5vd3JhcCUzQnRleHQtb3ZlcmZsb3clM0ElMjBlbGxpcHNpcyUzQiUyMGZvbnQtZmFtaWx5JTNBJTIwSW50ZXJzdGF0ZSUyQ0x1Y2lkYSUyMEdyYW5kZSUyQ0x1Y2lkYSUyMFNhbnMlMjBVbmljb2RlJTJDTHVjaWRhJTIwU2FucyUyQ0dhcnVkYSUyQ1ZlcmRhbmElMkNUYWhvbWElMkNzYW5zLXNlcmlmJTNCZm9udC13ZWlnaHQlM0ElMjAxMDAlM0IlMjIlM0UlM0NhJTIwaHJlZiUzRCUyMmh0dHBzJTNBJTJGJTJGc291bmRjbG91ZC5jb20lMkZjaXByYV9pbnRlcm5hdGlvbmFsJTIyJTIwdGl0bGUlM0QlMjJDSVBSQSUyMEludGVybmF0aW9uYWwlMjIlMjB0YXJnZXQlM0QlMjJfYmxhbmslMjIlMjBzdHlsZSUzRCUyMmNvbG9yJTNBJTIwJTIzY2NjY2NjJTNCJTIwdGV4dC1kZWNvcmF0aW9uJTNBJTIwbm9uZSUzQiUyMiUzRUNJUFJBJTIwSW50ZXJuYXRpb25hbCUzQyUyRmElM0UlMjAlQzIlQjclMjAlM0NhJTIwaHJlZiUzRCUyMmh0dHBzJTNBJTJGJTJGc291bmRjbG91ZC5jb20lMkZjaXByYV9pbnRlcm5hdGlvbmFsJTJGODYtZGUtdmVyYW50d29ydHVuZ3N2b2xsZXMtYml3YWtpZXJlbi1lbnRsYW5nLWRlci12aWEtYWxwaW5hJTIyJTIwdGl0bGUlM0QlMjIlMjM4NiUyMCUyOGRlJTI5JTIwVmVyYW50d29ydHVuZ3N2b2xsZXMlMjBCaXdha2llcmVuJTIwZW50bGFuZyUyMGRlciUyMFZpYSUyMEFscGluYSUyMiUyMHRhcmdldCUzRCUyMl9ibGFuayUyMiUyMHN0eWxlJTNEJTIyY29sb3IlM0ElMjAlMjNjY2NjY2MlM0IlMjB0ZXh0LWRlY29yYXRpb24lM0ElMjBub25lJTNCJTIyJTNFJTIzODYlMjAlMjhkZSUyOSUyMFZlcmFudHdvcnR1bmdzdm9sbGVzJTIwQml3YWtpZXJlbiUyMGVudGxhbmclMjBkZXIlMjBWaWElMjBBbHBpbmElM0MlMkZhJTNFJTNDJTJGZGl2JTNF[\/vc_raw_html][\/vc_column][\/vc_row]<\/p>\n<\/div>","protected":false},"excerpt":{"rendered":"<p>[vc_row full_width=&#8220;stretch_row_content_no_spaces&#8220; el_class=&#8220;sp-page-title&#8220;][vc_column][\/vc_column][\/vc_row][vc_row][vc_column width=&#8220;1\/2&#8243;][vc_column_text]Biwakieren liegt im Trend \u2013 doch gerade in sensiblen Alpenregionen kann das \u00dcbernachten unter freiem Himmel problematisch sein. Ein neues, kostenloses Handbuch der CIPRA gibt Orientierung f\u00fcr naturvertr\u00e4gliches Verhalten entlang der Via Alpina. Nicht \u00fcberall im Alpenraum ist Biwakieren gesetzlich erlaubt, die Regeln unterscheiden sich national und regional. Das ist besonders f\u00fcr Weitwandernde \u2013 etwa entlang der Via Alpina \u2013 relevant. Deshalb hat die CIPRA im Rahmen des Projekts \u00abVia Alpina Youth\u00bb gemeinsam mit jungen Menschen aus allen Alpenl\u00e4ndern ein englischsprachiges Handbuch entwickelt. Besonders in Schutzgebieten wie Nationalparks ist Biwakieren meist verboten \u2013 aus gutem Grund: Zu viele St\u00f6rungen gef\u00e4hrden seltene Pflanzenarten und Lebensr\u00e4ume von Wildtieren. Auch soziale Medien spielen eine Rolle: Besonders idyllisch oder spektakul\u00e4r anmutende [&hellip;]<\/p>\n","protected":false},"author":6,"featured_media":0,"parent":2294,"menu_order":0,"comment_status":"closed","ping_status":"closed","template":"","meta":{"footnotes":""},"class_list":["post-3845","page","type-page","status-publish","hentry"],"yoast_head":"<!-- This site is optimized with the Yoast SEO plugin v27.3 - https:\/\/yoast.com\/product\/yoast-seo-wordpress\/ -->\n<title>Verantwortungsbewusst Biwakieren entlang der Via Alpina - Via Alpina<\/title>\n<meta name=\"description\" content=\"Biwakieren liegt im Trend \u2013 doch gerade in sensiblen Alpenregionen kann das \u00dcbernachten unter freiem Himmel problematisch sein. Ein neues, kostenloses Handbuch der CIPRA gibt Orientierung f\u00fcr naturvertr\u00e4gliches Verhalten entlang\" \/>\n<meta name=\"robots\" content=\"index, follow, max-snippet:-1, max-image-preview:large, max-video-preview:-1\" \/>\n<link rel=\"canonical\" href=\"https:\/\/www.via-alpina.org\/de\/weg\/verantwortungsbewusst-biwakieren-entlang-der-via-alpina\/\" \/>\n<meta property=\"og:locale\" content=\"de_DE\" \/>\n<meta property=\"og:type\" content=\"article\" \/>\n<meta property=\"og:title\" content=\"Verantwortungsbewusst Biwakieren entlang der Via Alpina - Via Alpina\" \/>\n<meta property=\"og:description\" content=\"[vc_row full_width=&#8220;stretch_row_content_no_spaces&#8220; el_class=&#8220;sp-page-title&#8220;][vc_column][\/vc_column][\/vc_row][vc_row][vc_column width=&#8220;1\/2&#8243;][vc_column_text]Biwakieren liegt im Trend \u2013 doch gerade in sensiblen Alpenregionen kann das \u00dcbernachten unter freiem Himmel problematisch sein. Ein neues, kostenloses Handbuch der CIPRA gibt Orientierung f\u00fcr naturvertr\u00e4gliches Verhalten entlang der Via Alpina. Nicht \u00fcberall im Alpenraum ist Biwakieren gesetzlich erlaubt, die Regeln unterscheiden sich national und regional. Das ist besonders f\u00fcr Weitwandernde \u2013 etwa entlang der Via Alpina \u2013 relevant. Deshalb hat die CIPRA im Rahmen des Projekts \u00abVia Alpina Youth\u00bb gemeinsam mit jungen Menschen aus allen Alpenl\u00e4ndern ein englischsprachiges Handbuch entwickelt. Besonders in Schutzgebieten wie Nationalparks ist Biwakieren meist verboten \u2013 aus gutem Grund: Zu viele St\u00f6rungen gef\u00e4hrden seltene Pflanzenarten und Lebensr\u00e4ume von Wildtieren. Auch soziale Medien spielen eine Rolle: Besonders idyllisch oder spektakul\u00e4r anmutende [&hellip;]\" \/>\n<meta property=\"og:url\" content=\"https:\/\/www.via-alpina.org\/de\/weg\/verantwortungsbewusst-biwakieren-entlang-der-via-alpina\/\" \/>\n<meta property=\"og:site_name\" content=\"Via Alpina\" \/>\n<meta name=\"twitter:card\" content=\"summary_large_image\" \/>\n<meta name=\"twitter:label1\" content=\"Gesch\u00e4tzte Lesezeit\" \/>\n\t<meta name=\"twitter:data1\" content=\"1\u00a0Minute\" \/>\n<script type=\"application\/ld+json\" class=\"yoast-schema-graph\">{\"@context\":\"https:\\\/\\\/schema.org\",\"@graph\":[{\"@type\":\"WebPage\",\"@id\":\"https:\\\/\\\/www.via-alpina.org\\\/de\\\/weg\\\/verantwortungsbewusst-biwakieren-entlang-der-via-alpina\\\/\",\"url\":\"https:\\\/\\\/www.via-alpina.org\\\/de\\\/weg\\\/verantwortungsbewusst-biwakieren-entlang-der-via-alpina\\\/\",\"name\":\"Verantwortungsbewusst Biwakieren entlang der Via Alpina - Via Alpina\",\"isPartOf\":{\"@id\":\"https:\\\/\\\/www.via-alpina.org\\\/#website\"},\"datePublished\":\"2026-04-01T13:17:58+00:00\",\"breadcrumb\":{\"@id\":\"https:\\\/\\\/www.via-alpina.org\\\/de\\\/weg\\\/verantwortungsbewusst-biwakieren-entlang-der-via-alpina\\\/#breadcrumb\"},\"inLanguage\":\"de\",\"potentialAction\":[{\"@type\":\"ReadAction\",\"target\":[\"https:\\\/\\\/www.via-alpina.org\\\/de\\\/weg\\\/verantwortungsbewusst-biwakieren-entlang-der-via-alpina\\\/\"]}]},{\"@type\":\"BreadcrumbList\",\"@id\":\"https:\\\/\\\/www.via-alpina.org\\\/de\\\/weg\\\/verantwortungsbewusst-biwakieren-entlang-der-via-alpina\\\/#breadcrumb\",\"itemListElement\":[{\"@type\":\"ListItem\",\"position\":1,\"name\":\"Home\",\"item\":\"https:\\\/\\\/www.via-alpina.org\\\/de\\\/\"},{\"@type\":\"ListItem\",\"position\":2,\"name\":\"Weg\",\"item\":\"https:\\\/\\\/www.via-alpina.org\\\/de\\\/weg\\\/\"},{\"@type\":\"ListItem\",\"position\":3,\"name\":\"Verantwortungsbewusst Biwakieren entlang der Via Alpina\"}]},{\"@type\":\"WebSite\",\"@id\":\"https:\\\/\\\/www.via-alpina.org\\\/#website\",\"url\":\"https:\\\/\\\/www.via-alpina.org\\\/\",\"name\":\"Via Alpina\",\"description\":\"\u0160e eno spleti\u0161\u010de WordPress\",\"potentialAction\":[{\"@type\":\"SearchAction\",\"target\":{\"@type\":\"EntryPoint\",\"urlTemplate\":\"https:\\\/\\\/www.via-alpina.org\\\/?s={search_term_string}\"},\"query-input\":{\"@type\":\"PropertyValueSpecification\",\"valueRequired\":true,\"valueName\":\"search_term_string\"}}],\"inLanguage\":\"de\"}]}<\/script>\n<!-- \/ Yoast SEO plugin. -->","yoast_head_json":{"title":"Verantwortungsbewusst Biwakieren entlang der Via Alpina - Via Alpina","description":"Biwakieren liegt im Trend \u2013 doch gerade in sensiblen Alpenregionen kann das \u00dcbernachten unter freiem Himmel problematisch sein. Ein neues, kostenloses Handbuch der CIPRA gibt Orientierung f\u00fcr naturvertr\u00e4gliches Verhalten entlang","robots":{"index":"index","follow":"follow","max-snippet":"max-snippet:-1","max-image-preview":"max-image-preview:large","max-video-preview":"max-video-preview:-1"},"canonical":"https:\/\/www.via-alpina.org\/de\/weg\/verantwortungsbewusst-biwakieren-entlang-der-via-alpina\/","og_locale":"de_DE","og_type":"article","og_title":"Verantwortungsbewusst Biwakieren entlang der Via Alpina - Via Alpina","og_description":"[vc_row full_width=&#8220;stretch_row_content_no_spaces&#8220; el_class=&#8220;sp-page-title&#8220;][vc_column][\/vc_column][\/vc_row][vc_row][vc_column width=&#8220;1\/2&#8243;][vc_column_text]Biwakieren liegt im Trend \u2013 doch gerade in sensiblen Alpenregionen kann das \u00dcbernachten unter freiem Himmel problematisch sein. Ein neues, kostenloses Handbuch der CIPRA gibt Orientierung f\u00fcr naturvertr\u00e4gliches Verhalten entlang der Via Alpina. Nicht \u00fcberall im Alpenraum ist Biwakieren gesetzlich erlaubt, die Regeln unterscheiden sich national und regional. Das ist besonders f\u00fcr Weitwandernde \u2013 etwa entlang der Via Alpina \u2013 relevant. Deshalb hat die CIPRA im Rahmen des Projekts \u00abVia Alpina Youth\u00bb gemeinsam mit jungen Menschen aus allen Alpenl\u00e4ndern ein englischsprachiges Handbuch entwickelt. Besonders in Schutzgebieten wie Nationalparks ist Biwakieren meist verboten \u2013 aus gutem Grund: Zu viele St\u00f6rungen gef\u00e4hrden seltene Pflanzenarten und Lebensr\u00e4ume von Wildtieren. Auch soziale Medien spielen eine Rolle: Besonders idyllisch oder spektakul\u00e4r anmutende [&hellip;]","og_url":"https:\/\/www.via-alpina.org\/de\/weg\/verantwortungsbewusst-biwakieren-entlang-der-via-alpina\/","og_site_name":"Via Alpina","twitter_card":"summary_large_image","twitter_misc":{"Gesch\u00e4tzte Lesezeit":"1\u00a0Minute"},"schema":{"@context":"https:\/\/schema.org","@graph":[{"@type":"WebPage","@id":"https:\/\/www.via-alpina.org\/de\/weg\/verantwortungsbewusst-biwakieren-entlang-der-via-alpina\/","url":"https:\/\/www.via-alpina.org\/de\/weg\/verantwortungsbewusst-biwakieren-entlang-der-via-alpina\/","name":"Verantwortungsbewusst Biwakieren entlang der Via Alpina - Via Alpina","isPartOf":{"@id":"https:\/\/www.via-alpina.org\/#website"},"datePublished":"2026-04-01T13:17:58+00:00","breadcrumb":{"@id":"https:\/\/www.via-alpina.org\/de\/weg\/verantwortungsbewusst-biwakieren-entlang-der-via-alpina\/#breadcrumb"},"inLanguage":"de","potentialAction":[{"@type":"ReadAction","target":["https:\/\/www.via-alpina.org\/de\/weg\/verantwortungsbewusst-biwakieren-entlang-der-via-alpina\/"]}]},{"@type":"BreadcrumbList","@id":"https:\/\/www.via-alpina.org\/de\/weg\/verantwortungsbewusst-biwakieren-entlang-der-via-alpina\/#breadcrumb","itemListElement":[{"@type":"ListItem","position":1,"name":"Home","item":"https:\/\/www.via-alpina.org\/de\/"},{"@type":"ListItem","position":2,"name":"Weg","item":"https:\/\/www.via-alpina.org\/de\/weg\/"},{"@type":"ListItem","position":3,"name":"Verantwortungsbewusst Biwakieren entlang der Via Alpina"}]},{"@type":"WebSite","@id":"https:\/\/www.via-alpina.org\/#website","url":"https:\/\/www.via-alpina.org\/","name":"Via Alpina","description":"\u0160e eno spleti\u0161\u010de WordPress","potentialAction":[{"@type":"SearchAction","target":{"@type":"EntryPoint","urlTemplate":"https:\/\/www.via-alpina.org\/?s={search_term_string}"},"query-input":{"@type":"PropertyValueSpecification","valueRequired":true,"valueName":"search_term_string"}}],"inLanguage":"de"}]}},"_links":{"self":[{"href":"https:\/\/www.via-alpina.org\/de\/wp-json\/wp\/v2\/pages\/3845","targetHints":{"allow":["GET"]}}],"collection":[{"href":"https:\/\/www.via-alpina.org\/de\/wp-json\/wp\/v2\/pages"}],"about":[{"href":"https:\/\/www.via-alpina.org\/de\/wp-json\/wp\/v2\/types\/page"}],"author":[{"embeddable":true,"href":"https:\/\/www.via-alpina.org\/de\/wp-json\/wp\/v2\/users\/6"}],"replies":[{"embeddable":true,"href":"https:\/\/www.via-alpina.org\/de\/wp-json\/wp\/v2\/comments?post=3845"}],"version-history":[{"count":5,"href":"https:\/\/www.via-alpina.org\/de\/wp-json\/wp\/v2\/pages\/3845\/revisions"}],"predecessor-version":[{"id":4099,"href":"https:\/\/www.via-alpina.org\/de\/wp-json\/wp\/v2\/pages\/3845\/revisions\/4099"}],"up":[{"embeddable":true,"href":"https:\/\/www.via-alpina.org\/de\/wp-json\/wp\/v2\/pages\/2294"}],"wp:attachment":[{"href":"https:\/\/www.via-alpina.org\/de\/wp-json\/wp\/v2\/media?parent=3845"}],"curies":[{"name":"wp","href":"https:\/\/api.w.org\/{rel}","templated":true}]}}