{"id":3778,"date":"2026-01-07T16:19:34","date_gmt":"2026-01-07T15:19:34","guid":{"rendered":"https:\/\/www.via-alpina.org\/?page_id=3778"},"modified":"2026-01-07T16:19:34","modified_gmt":"2026-01-07T15:19:34","slug":"foto-und-videowettbewerb-2025","status":"publish","type":"page","link":"https:\/\/www.via-alpina.org\/de\/community\/foto-und-videowettbewerb-2025\/","title":{"rendered":"Foto- und Videowettbewerb 2025"},"content":{"rendered":"<div class=\"wpb-content-wrapper\"><p>[vc_row full_width=&#8220;stretch_row_content_no_spaces&#8220; el_class=&#8220;sp-page-title&#8220;][vc_column]\t\t\n\t\t<div class=\"title-banner\" style=\"background-image: linear-gradient(rgba(0, 0, 0, 0.2),rgba(0, 0, 0, 0.3)),url(https:\/\/www.via-alpina.org\/wp-content\/uploads\/2025\/12\/undefined.jpg);\">\n\t\t<span class=\"banner-caption\"><\/span>\n\t\t<\/div>\n\t\t<div class=\"container container-for-crumbs\">\n\t\t\t\t<div class=\"breadcrumbs-container\">\n\t\t\t\t\t\t<div class=\"breadcrumbs\">\n\t\t\t\t\t\t\t\n\t<ul class=\"ns-breadcrumbs\">\n\t\t\t<li><a href=\"https:\/\/www.via-alpina.org\/de\/\">Startseite<\/a><\/li>\n\t\t\t\t\t<li><a href=\"https:\/\/www.via-alpina.org\/de\/community\/\">Community<\/a><\/li>\n\t\t\t\t<li>Foto- und Videowettbewerb 2025<\/li>\n\t<\/ul>\n\t\n\t\t\t\t\t\t\t\t<div class=\"clearfix\"><\/div>\n\t\t\t\t\t\t<\/div>\n\t\t\t\t<\/div>\n\t\t\t\t<h1 class=\"entry-title\">Foto- und Videowettbewerb 2025<\/h1>\n\t\t\t\t\t\t<\/div>\n\n\t\t[\/vc_column][\/vc_row][vc_row][vc_column][vc_column_text]<\/p>\n<h2><b>Geschichten vom Trail: Die Gewinner:innen stehen fest!<\/b><\/h2>\n<p>Im Sommer 2025 teilten Wanderer, Abenteurer und Bergfreunde aus aller Welt ihre unglaublichen Erlebnisse entlang der Via Alpina im Rahmen unseres Foto- und Videowettbewerbs \u201eTales from the Trail\u201c. Wir erhielten 41 inspirierende Beitr\u00e4ge von Wanderern aus aller Welt, die die Sch\u00f6nheit, die Herausforderungen und den Charme dieses legend\u00e4ren Wanderwegs einfangen.<\/p>\n<p>Eine Jury aus sieben Expertinnen und Experten bewertete die Einsendungen und repr\u00e4sentierte dabei ein breites Spektrum zum Thema Geschichten aus den Bergen. Ihre Bewertungen spiegelten die Kreativit\u00e4t, Emotionalit\u00e4t und Authentizit\u00e4t jeder einzelnen Einsendung wider. <\/p>\n<p>Wir freuen uns, die diesj\u00e4hrigen Gewinner:innen bekannt zu geben:<\/p>\n<blockquote>\n<p style=\"text-align: center;\">\n<\/blockquote>\n<p>[\/vc_column_text][vc_column_text]<\/p>\n<h3><b>1ster Platz \u2014 Prashant Madan (Indien)<\/b><\/h3>\n<p>Film: Showing Up<i><br \/>\n<\/i> <b>Punkte:<\/b> 62\/70<\/p>\n<p>Wir freuen uns sehr, Prashant Madan f\u00fcr seinen eindrucksvollen Dokumentarfilm \u201eShowing Up\u201c den ersten Platz zu verleihen. Der Film wurde in Slowenien, Italien, \u00d6sterreich und der Schweiz gedreht und begleitet zwei Amateurwanderer, die sich einer der anspruchsvollsten Weitwanderungen der Welt stellen \u2013 der Via Alpina \u2013 und dabei den Mut finden, Tag f\u00fcr Tag weiterzumachen. <\/p>\n<p><b>Preis:<\/b> Marmota Alpenbuch (ENG\/DE) + eine Nacht auf der Gafadura-H\u00fctte, Liechtenstein[\/vc_column_text][vc_video link=&#8220;https:\/\/www.youtube.com\/watch?v=uIsbuqiIVLA&#8220; el_width=&#8220;80&#8243; align=&#8220;center&#8220;][vc_column_text]<\/p>\n<h3><b>2ter Platz \u2014 Jesse Cases (USA)<\/b><\/h3>\n<p>Foto: Bergziege bei Baisse du Basto (Rote Route)<br \/>\n<b>Punkte:<\/b> 58\/70<\/p>\n<p>Herzlichen Gl\u00fcckwunsch an Jesse Cases, dessen atemberaubendes Foto einer Bergziege in Baisse du Basto auf der Via Alpina Red Route ihm den zweiten Platz einbrachte. Sein Bild f\u00e4ngt die Sch\u00f6nheit der Wildnis und den Geist der Alpen perfekt ein. <\/p>\n<p><b>Preis: Marmota Alpenbuch (ENG\/DE)<\/b> + \u2018All-inclusive\u2019 Abenteuerpass, Liechtenstein[\/vc_column_text][vc_single_image image=&#8220;3800&#8243; img_size=&#8220;large&#8220; add_caption=&#8220;yes&#8220; alignment=&#8220;center&#8220; onclick=&#8220;img_link_large&#8220;][vc_column_text]<b>3ter Platz \u2014 Chlo\u00e9 Perrillat (Frankreich) <\/b><\/p>\n<p><b>Foto:<\/b> Trient Gletscher, La Fen\u00eatre d\u2019Arpette (Trieste\u2013Monaco Sektion)<br \/>\n<b>Punkte:<\/b> 54\/70<\/p>\n<p>Der dritte Platz geht an Chlo\u00e9 Perrillat f\u00fcr ihr stimmungsvolles Foto des Trient-Gletschers. Ihr Bild f\u00e4ngt die Gr\u00f6\u00dfe und Atmosph\u00e4re des Gletschers sowie die fl\u00fcchtige Magie des Lichts ein und spiegelt damit perfekt den Zauber der Alpen wider. <\/p>\n<p><b>Preis:<\/b> Marmota Alpenbuch (ENG\/DE)[\/vc_column_text][vc_single_image image=&#8220;3805&#8243; img_size=&#8220;large&#8220; add_caption=&#8220;yes&#8220; alignment=&#8220;center&#8220; onclick=&#8220;img_link_large&#8220;][vc_column_text]Wir danken allen 41 Teilnehmenden f\u00fcr das Teilen ihrer Geschichten. Eure Fotos und Filme lassen die Alpen wahrhaft lebendig werden und inspirieren Weitwanderer weltweit dazu, die Via Alpina auf kreative, abenteuerliche und verantwortungsbewusste Weise zu erkunden.<br \/>\nF\u00fcr die Wandersaison 2026 wird es wieder einen Foto- und Videowettbewerb geben \u2013 Stay tuned![\/vc_column_text][vc_empty_space][\/vc_column][\/vc_row]<\/p>\n<\/div>","protected":false},"excerpt":{"rendered":"<p>[vc_row full_width=&#8220;stretch_row_content_no_spaces&#8220; el_class=&#8220;sp-page-title&#8220;][vc_column][\/vc_column][\/vc_row][vc_row][vc_column][vc_column_text] Geschichten vom Trail: Die Gewinner:innen stehen fest! Im Sommer 2025 teilten Wanderer, Abenteurer und Bergfreunde aus aller Welt ihre unglaublichen Erlebnisse entlang der Via Alpina im Rahmen unseres Foto- und Videowettbewerbs \u201eTales from the Trail\u201c. Wir erhielten 41 inspirierende Beitr\u00e4ge von Wanderern aus aller Welt, die die Sch\u00f6nheit, die Herausforderungen und den Charme dieses legend\u00e4ren Wanderwegs einfangen. Eine Jury aus sieben Expertinnen und Experten bewertete die Einsendungen und repr\u00e4sentierte dabei ein breites Spektrum zum Thema Geschichten aus den Bergen. Ihre Bewertungen spiegelten die Kreativit\u00e4t, Emotionalit\u00e4t und Authentizit\u00e4t jeder einzelnen Einsendung wider. Wir freuen uns, die diesj\u00e4hrigen Gewinner:innen bekannt zu geben: [\/vc_column_text][vc_column_text] 1ster Platz \u2014 Prashant Madan (Indien) Film: Showing Up Punkte: 62\/70 Wir freuen uns sehr, Prashant [&hellip;]<\/p>\n","protected":false},"author":6,"featured_media":0,"parent":2286,"menu_order":1,"comment_status":"closed","ping_status":"closed","template":"","meta":{"footnotes":""},"class_list":["post-3778","page","type-page","status-publish","hentry"],"yoast_head":"<!-- This site is optimized with the Yoast SEO plugin v27.3 - https:\/\/yoast.com\/product\/yoast-seo-wordpress\/ -->\n<title>Foto- und Videowettbewerb 2025 - Via Alpina<\/title>\n<meta name=\"description\" content=\"Geschichten vom Trail: Die Gewinner:innen stehen fest! Im Sommer 2025 teilten Wanderer, Abenteurer und Bergfreunde aus aller Welt ihre unglaublichen Erlebnisse entlang der Via Alpina im Rahmen unseres Foto- und\" \/>\n<meta name=\"robots\" content=\"index, follow, max-snippet:-1, max-image-preview:large, max-video-preview:-1\" \/>\n<link rel=\"canonical\" href=\"https:\/\/www.via-alpina.org\/de\/community\/foto-und-videowettbewerb-2025\/\" \/>\n<meta property=\"og:locale\" content=\"de_DE\" \/>\n<meta property=\"og:type\" content=\"article\" \/>\n<meta property=\"og:title\" content=\"Foto- und Videowettbewerb 2025 - Via Alpina\" \/>\n<meta property=\"og:description\" content=\"[vc_row full_width=&#8220;stretch_row_content_no_spaces&#8220; el_class=&#8220;sp-page-title&#8220;][vc_column][\/vc_column][\/vc_row][vc_row][vc_column][vc_column_text] Geschichten vom Trail: Die Gewinner:innen stehen fest! Im Sommer 2025 teilten Wanderer, Abenteurer und Bergfreunde aus aller Welt ihre unglaublichen Erlebnisse entlang der Via Alpina im Rahmen unseres Foto- und Videowettbewerbs \u201eTales from the Trail\u201c. Wir erhielten 41 inspirierende Beitr\u00e4ge von Wanderern aus aller Welt, die die Sch\u00f6nheit, die Herausforderungen und den Charme dieses legend\u00e4ren Wanderwegs einfangen. Eine Jury aus sieben Expertinnen und Experten bewertete die Einsendungen und repr\u00e4sentierte dabei ein breites Spektrum zum Thema Geschichten aus den Bergen. Ihre Bewertungen spiegelten die Kreativit\u00e4t, Emotionalit\u00e4t und Authentizit\u00e4t jeder einzelnen Einsendung wider. Wir freuen uns, die diesj\u00e4hrigen Gewinner:innen bekannt zu geben: [\/vc_column_text][vc_column_text] 1ster Platz \u2014 Prashant Madan (Indien) Film: Showing Up Punkte: 62\/70 Wir freuen uns sehr, Prashant [&hellip;]\" \/>\n<meta property=\"og:url\" content=\"https:\/\/www.via-alpina.org\/de\/community\/foto-und-videowettbewerb-2025\/\" \/>\n<meta property=\"og:site_name\" content=\"Via Alpina\" \/>\n<meta name=\"twitter:card\" content=\"summary_large_image\" \/>\n<meta name=\"twitter:label1\" content=\"Gesch\u00e4tzte Lesezeit\" \/>\n\t<meta name=\"twitter:data1\" content=\"3\u00a0Minuten\" \/>\n<script type=\"application\/ld+json\" class=\"yoast-schema-graph\">{\"@context\":\"https:\\\/\\\/schema.org\",\"@graph\":[{\"@type\":\"WebPage\",\"@id\":\"https:\\\/\\\/www.via-alpina.org\\\/de\\\/community\\\/foto-und-videowettbewerb-2025\\\/\",\"url\":\"https:\\\/\\\/www.via-alpina.org\\\/de\\\/community\\\/foto-und-videowettbewerb-2025\\\/\",\"name\":\"Foto- und Videowettbewerb 2025 - Via Alpina\",\"isPartOf\":{\"@id\":\"https:\\\/\\\/www.via-alpina.org\\\/#website\"},\"datePublished\":\"2026-01-07T15:19:34+00:00\",\"breadcrumb\":{\"@id\":\"https:\\\/\\\/www.via-alpina.org\\\/de\\\/community\\\/foto-und-videowettbewerb-2025\\\/#breadcrumb\"},\"inLanguage\":\"de\",\"potentialAction\":[{\"@type\":\"ReadAction\",\"target\":[\"https:\\\/\\\/www.via-alpina.org\\\/de\\\/community\\\/foto-und-videowettbewerb-2025\\\/\"]}]},{\"@type\":\"BreadcrumbList\",\"@id\":\"https:\\\/\\\/www.via-alpina.org\\\/de\\\/community\\\/foto-und-videowettbewerb-2025\\\/#breadcrumb\",\"itemListElement\":[{\"@type\":\"ListItem\",\"position\":1,\"name\":\"Home\",\"item\":\"https:\\\/\\\/www.via-alpina.org\\\/de\\\/\"},{\"@type\":\"ListItem\",\"position\":2,\"name\":\"Community\",\"item\":\"https:\\\/\\\/www.via-alpina.org\\\/de\\\/community\\\/\"},{\"@type\":\"ListItem\",\"position\":3,\"name\":\"Foto- und Videowettbewerb 2025\"}]},{\"@type\":\"WebSite\",\"@id\":\"https:\\\/\\\/www.via-alpina.org\\\/#website\",\"url\":\"https:\\\/\\\/www.via-alpina.org\\\/\",\"name\":\"Via Alpina\",\"description\":\"\u0160e eno spleti\u0161\u010de WordPress\",\"potentialAction\":[{\"@type\":\"SearchAction\",\"target\":{\"@type\":\"EntryPoint\",\"urlTemplate\":\"https:\\\/\\\/www.via-alpina.org\\\/?s={search_term_string}\"},\"query-input\":{\"@type\":\"PropertyValueSpecification\",\"valueRequired\":true,\"valueName\":\"search_term_string\"}}],\"inLanguage\":\"de\"}]}<\/script>\n<!-- \/ Yoast SEO plugin. -->","yoast_head_json":{"title":"Foto- und Videowettbewerb 2025 - Via Alpina","description":"Geschichten vom Trail: Die Gewinner:innen stehen fest! Im Sommer 2025 teilten Wanderer, Abenteurer und Bergfreunde aus aller Welt ihre unglaublichen Erlebnisse entlang der Via Alpina im Rahmen unseres Foto- und","robots":{"index":"index","follow":"follow","max-snippet":"max-snippet:-1","max-image-preview":"max-image-preview:large","max-video-preview":"max-video-preview:-1"},"canonical":"https:\/\/www.via-alpina.org\/de\/community\/foto-und-videowettbewerb-2025\/","og_locale":"de_DE","og_type":"article","og_title":"Foto- und Videowettbewerb 2025 - Via Alpina","og_description":"[vc_row full_width=&#8220;stretch_row_content_no_spaces&#8220; el_class=&#8220;sp-page-title&#8220;][vc_column][\/vc_column][\/vc_row][vc_row][vc_column][vc_column_text] Geschichten vom Trail: Die Gewinner:innen stehen fest! Im Sommer 2025 teilten Wanderer, Abenteurer und Bergfreunde aus aller Welt ihre unglaublichen Erlebnisse entlang der Via Alpina im Rahmen unseres Foto- und Videowettbewerbs \u201eTales from the Trail\u201c. Wir erhielten 41 inspirierende Beitr\u00e4ge von Wanderern aus aller Welt, die die Sch\u00f6nheit, die Herausforderungen und den Charme dieses legend\u00e4ren Wanderwegs einfangen. Eine Jury aus sieben Expertinnen und Experten bewertete die Einsendungen und repr\u00e4sentierte dabei ein breites Spektrum zum Thema Geschichten aus den Bergen. Ihre Bewertungen spiegelten die Kreativit\u00e4t, Emotionalit\u00e4t und Authentizit\u00e4t jeder einzelnen Einsendung wider. Wir freuen uns, die diesj\u00e4hrigen Gewinner:innen bekannt zu geben: [\/vc_column_text][vc_column_text] 1ster Platz \u2014 Prashant Madan (Indien) Film: Showing Up Punkte: 62\/70 Wir freuen uns sehr, Prashant [&hellip;]","og_url":"https:\/\/www.via-alpina.org\/de\/community\/foto-und-videowettbewerb-2025\/","og_site_name":"Via Alpina","twitter_card":"summary_large_image","twitter_misc":{"Gesch\u00e4tzte Lesezeit":"3\u00a0Minuten"},"schema":{"@context":"https:\/\/schema.org","@graph":[{"@type":"WebPage","@id":"https:\/\/www.via-alpina.org\/de\/community\/foto-und-videowettbewerb-2025\/","url":"https:\/\/www.via-alpina.org\/de\/community\/foto-und-videowettbewerb-2025\/","name":"Foto- und Videowettbewerb 2025 - Via Alpina","isPartOf":{"@id":"https:\/\/www.via-alpina.org\/#website"},"datePublished":"2026-01-07T15:19:34+00:00","breadcrumb":{"@id":"https:\/\/www.via-alpina.org\/de\/community\/foto-und-videowettbewerb-2025\/#breadcrumb"},"inLanguage":"de","potentialAction":[{"@type":"ReadAction","target":["https:\/\/www.via-alpina.org\/de\/community\/foto-und-videowettbewerb-2025\/"]}]},{"@type":"BreadcrumbList","@id":"https:\/\/www.via-alpina.org\/de\/community\/foto-und-videowettbewerb-2025\/#breadcrumb","itemListElement":[{"@type":"ListItem","position":1,"name":"Home","item":"https:\/\/www.via-alpina.org\/de\/"},{"@type":"ListItem","position":2,"name":"Community","item":"https:\/\/www.via-alpina.org\/de\/community\/"},{"@type":"ListItem","position":3,"name":"Foto- und Videowettbewerb 2025"}]},{"@type":"WebSite","@id":"https:\/\/www.via-alpina.org\/#website","url":"https:\/\/www.via-alpina.org\/","name":"Via Alpina","description":"\u0160e eno spleti\u0161\u010de WordPress","potentialAction":[{"@type":"SearchAction","target":{"@type":"EntryPoint","urlTemplate":"https:\/\/www.via-alpina.org\/?s={search_term_string}"},"query-input":{"@type":"PropertyValueSpecification","valueRequired":true,"valueName":"search_term_string"}}],"inLanguage":"de"}]}},"_links":{"self":[{"href":"https:\/\/www.via-alpina.org\/de\/wp-json\/wp\/v2\/pages\/3778","targetHints":{"allow":["GET"]}}],"collection":[{"href":"https:\/\/www.via-alpina.org\/de\/wp-json\/wp\/v2\/pages"}],"about":[{"href":"https:\/\/www.via-alpina.org\/de\/wp-json\/wp\/v2\/types\/page"}],"author":[{"embeddable":true,"href":"https:\/\/www.via-alpina.org\/de\/wp-json\/wp\/v2\/users\/6"}],"replies":[{"embeddable":true,"href":"https:\/\/www.via-alpina.org\/de\/wp-json\/wp\/v2\/comments?post=3778"}],"version-history":[{"count":5,"href":"https:\/\/www.via-alpina.org\/de\/wp-json\/wp\/v2\/pages\/3778\/revisions"}],"predecessor-version":[{"id":3829,"href":"https:\/\/www.via-alpina.org\/de\/wp-json\/wp\/v2\/pages\/3778\/revisions\/3829"}],"up":[{"embeddable":true,"href":"https:\/\/www.via-alpina.org\/de\/wp-json\/wp\/v2\/pages\/2286"}],"wp:attachment":[{"href":"https:\/\/www.via-alpina.org\/de\/wp-json\/wp\/v2\/media?parent=3778"}],"curies":[{"name":"wp","href":"https:\/\/api.w.org\/{rel}","templated":true}]}}