{"id":3700,"date":"2026-04-01T15:20:16","date_gmt":"2026-04-01T13:20:16","guid":{"rendered":"https:\/\/www.via-alpina.org\/?page_id=3700"},"modified":"2026-04-01T15:20:16","modified_gmt":"2026-04-01T13:20:16","slug":"inklusives-wandern","status":"publish","type":"page","link":"https:\/\/www.via-alpina.org\/de\/weg\/inklusives-wandern\/","title":{"rendered":"Inklusives Wandern"},"content":{"rendered":"<div class=\"wpb-content-wrapper\"><p>[vc_row full_width=&#8220;stretch_row_content_no_spaces&#8220; el_class=&#8220;sp-page-title&#8220;][vc_column]\t\t\n\t\t<div class=\"title-banner\" style=\"background-image: linear-gradient(rgba(0, 0, 0, 0.2),rgba(0, 0, 0, 0.3)),url(https:\/\/www.via-alpina.org\/wp-content\/uploads\/2026\/02\/20250716_2015141-Yanis-ESSAOUDI-CARRA-scaled.jpg);\">\n\t\t<span class=\"banner-caption\"><\/span>\n\t\t<\/div>\n\t\t<div class=\"container container-for-crumbs\">\n\t\t\t\t<div class=\"breadcrumbs-container\">\n\t\t\t\t\t\t<div class=\"breadcrumbs\">\n\t\t\t\t\t\t\t\n\t<ul class=\"ns-breadcrumbs\">\n\t\t\t<li><a href=\"https:\/\/www.via-alpina.org\/de\/\">Startseite<\/a><\/li>\n\t\t\t\t\t<li><a href=\"https:\/\/www.via-alpina.org\/de\/weg\/\">Weg<\/a><\/li>\n\t\t\t\t<li>Inklusives Wandern<\/li>\n\t<\/ul>\n\t\n\t\t\t\t\t\t\t\t<div class=\"clearfix\"><\/div>\n\t\t\t\t\t\t<\/div>\n\t\t\t\t<\/div>\n\t\t\t\t<h1 class=\"entry-title\">Inklusives Wandern<\/h1>\n\t\t\t\t\t\t<\/div>\n\n\t\t[\/vc_column][\/vc_row][vc_row][vc_column width=&#8220;2\/3&#8243;][vc_column_text]<\/p>\n<h3><strong>Die Bergwelt f\u00fcr alle: Inklusion bei Sport und Freizeit in der freien Natur in den Bergen<\/strong><\/h3>\n<p>[\/vc_column_text][vc_column_text]Outdoor-R\u00e4ume werden oft als offen und neutral wahrgenommen \u2013 doch sie sind nicht immer f\u00fcr alle gleicherma\u00dfen zug\u00e4nglich, einladend oder sicher. Barrieren \u2013 sowohl sichtbare als auch unsichtbare \u2013 k\u00f6nnen Einzelpersonen und Gemeinschaften daran hindern, an diesen Landschaften teilzuhaben und sich mit ihnen zu verbinden.<\/p>\n<p>Diese Ver\u00f6ffentlichung wurde im Rahmen des Erasmus+-Projekts \u201cVia Alpina Youth\u201c erstellt. Das Projekt vermittelt Wissen, Ideen und M\u00f6glichkeiten f\u00fcr nachhaltige Lebensstile, Inklusion, Umweltschutz und Klimawandel entlang der Via Alpina \u2013 einem Fernwanderweg, der seit \u00fcber 20 Jahren alle Alpenl\u00e4nder verbindet. Es wird mitfinanziert durch das Erasmus+ Programm der Europ\u00e4ischen Union und MOVETIA.[\/vc_column_text][vc_empty_space][vc_column_text]<a href=\"file:\/\/\/C:\/Users\/alma.hummelsberger\/Downloads\/Inclusion%20in%20Outdoor%20Activities%20-%20Checklist%20(en)%20(1).pdf\" target=\"_blank\" rel=\"noopener\">Die Bergwelt f\u00fcr alle: Inklusion bei Sport und Freizeit in der freien Natur in den Bergen (de)<\/a>[\/vc_column_text][\/vc_column][vc_column width=&#8220;1\/3&#8243;][vc_column_text]<img loading=\"lazy\" decoding=\"async\" class=\"alignnone wp-image-4018 size-full\" src=\"https:\/\/www.via-alpina.org\/wp-content\/uploads\/2026\/02\/bergwelt.jpeg\" alt=\"\" width=\"606\" height=\"854\" srcset=\"https:\/\/www.via-alpina.org\/wp-content\/uploads\/2026\/02\/bergwelt.jpeg 606w, https:\/\/www.via-alpina.org\/wp-content\/uploads\/2026\/02\/bergwelt-213x300.jpeg 213w\" sizes=\"auto, (max-width: 606px) 100vw, 606px\" \/>[\/vc_column_text]\t\t\n\t\t<a href=\"https:\/\/www.cipra.org\/media\/files\/inclusion-booklet_final-de.pdf\/@@download\/file\/Die%20Bergwelt%20f%C3%BCr%20alle.pdf\" target=\"_blank\" class=\"btn  btn-default btn-lg \" id=\"\">Download<\/a>\n\n\t\t[\/vc_column][\/vc_row][vc_row][vc_column][vc_empty_space][\/vc_column][\/vc_row]<\/p>\n<\/div>","protected":false},"excerpt":{"rendered":"<p>[vc_row full_width=&#8220;stretch_row_content_no_spaces&#8220; el_class=&#8220;sp-page-title&#8220;][vc_column][\/vc_column][\/vc_row][vc_row][vc_column width=&#8220;2\/3&#8243;][vc_column_text] Die Bergwelt f\u00fcr alle: Inklusion bei Sport und Freizeit in der freien Natur in den Bergen [\/vc_column_text][vc_column_text]Outdoor-R\u00e4ume werden oft als offen und neutral wahrgenommen \u2013 doch sie sind nicht immer f\u00fcr alle gleicherma\u00dfen zug\u00e4nglich, einladend oder sicher. Barrieren \u2013 sowohl sichtbare als auch unsichtbare \u2013 k\u00f6nnen Einzelpersonen und Gemeinschaften daran hindern, an diesen Landschaften teilzuhaben und sich mit ihnen zu verbinden. Diese Ver\u00f6ffentlichung wurde im Rahmen des Erasmus+-Projekts \u201cVia Alpina Youth\u201c erstellt. Das Projekt vermittelt Wissen, Ideen und M\u00f6glichkeiten f\u00fcr nachhaltige Lebensstile, Inklusion, Umweltschutz und Klimawandel entlang der Via Alpina \u2013 einem Fernwanderweg, der seit \u00fcber 20 Jahren alle Alpenl\u00e4nder verbindet. Es wird mitfinanziert durch das Erasmus+ Programm der Europ\u00e4ischen Union und MOVETIA.[\/vc_column_text][vc_empty_space][vc_column_text]Die Bergwelt f\u00fcr alle: [&hellip;]<\/p>\n","protected":false},"author":6,"featured_media":0,"parent":2294,"menu_order":1,"comment_status":"closed","ping_status":"closed","template":"","meta":{"footnotes":""},"class_list":["post-3700","page","type-page","status-publish","hentry"],"yoast_head":"<!-- This site is optimized with the Yoast SEO plugin v27.3 - https:\/\/yoast.com\/product\/yoast-seo-wordpress\/ -->\n<title>Inklusives Wandern - Via Alpina<\/title>\n<meta name=\"description\" content=\"Die Bergwelt f\u00fcr alle: Inklusion bei Sport und Freizeit in der freien Natur in den Bergen Outdoor-R\u00e4ume werden oft als offen und neutral wahrgenommen \u2013 doch sie sind nicht immer\" \/>\n<meta name=\"robots\" content=\"index, follow, max-snippet:-1, max-image-preview:large, max-video-preview:-1\" \/>\n<link rel=\"canonical\" href=\"https:\/\/www.via-alpina.org\/de\/weg\/inklusives-wandern\/\" \/>\n<meta property=\"og:locale\" content=\"de_DE\" \/>\n<meta property=\"og:type\" content=\"article\" \/>\n<meta property=\"og:title\" content=\"Inklusives Wandern - Via Alpina\" \/>\n<meta property=\"og:description\" content=\"[vc_row full_width=&#8220;stretch_row_content_no_spaces&#8220; el_class=&#8220;sp-page-title&#8220;][vc_column][\/vc_column][\/vc_row][vc_row][vc_column width=&#8220;2\/3&#8243;][vc_column_text] Die Bergwelt f\u00fcr alle: Inklusion bei Sport und Freizeit in der freien Natur in den Bergen [\/vc_column_text][vc_column_text]Outdoor-R\u00e4ume werden oft als offen und neutral wahrgenommen \u2013 doch sie sind nicht immer f\u00fcr alle gleicherma\u00dfen zug\u00e4nglich, einladend oder sicher. Barrieren \u2013 sowohl sichtbare als auch unsichtbare \u2013 k\u00f6nnen Einzelpersonen und Gemeinschaften daran hindern, an diesen Landschaften teilzuhaben und sich mit ihnen zu verbinden. Diese Ver\u00f6ffentlichung wurde im Rahmen des Erasmus+-Projekts \u201cVia Alpina Youth\u201c erstellt. Das Projekt vermittelt Wissen, Ideen und M\u00f6glichkeiten f\u00fcr nachhaltige Lebensstile, Inklusion, Umweltschutz und Klimawandel entlang der Via Alpina \u2013 einem Fernwanderweg, der seit \u00fcber 20 Jahren alle Alpenl\u00e4nder verbindet. Es wird mitfinanziert durch das Erasmus+ Programm der Europ\u00e4ischen Union und MOVETIA.[\/vc_column_text][vc_empty_space][vc_column_text]Die Bergwelt f\u00fcr alle: [&hellip;]\" \/>\n<meta property=\"og:url\" content=\"https:\/\/www.via-alpina.org\/de\/weg\/inklusives-wandern\/\" \/>\n<meta property=\"og:site_name\" content=\"Via Alpina\" \/>\n<meta property=\"og:image\" content=\"https:\/\/www.via-alpina.org\/wp-content\/uploads\/2026\/02\/bergwelt.jpeg\" \/>\n\t<meta property=\"og:image:width\" content=\"606\" \/>\n\t<meta property=\"og:image:height\" content=\"854\" \/>\n\t<meta property=\"og:image:type\" content=\"image\/jpeg\" \/>\n<meta name=\"twitter:card\" content=\"summary_large_image\" \/>\n<meta name=\"twitter:label1\" content=\"Gesch\u00e4tzte Lesezeit\" \/>\n\t<meta name=\"twitter:data1\" content=\"1\u00a0Minute\" \/>\n<script type=\"application\/ld+json\" class=\"yoast-schema-graph\">{\"@context\":\"https:\\\/\\\/schema.org\",\"@graph\":[{\"@type\":\"WebPage\",\"@id\":\"https:\\\/\\\/www.via-alpina.org\\\/de\\\/weg\\\/inklusives-wandern\\\/\",\"url\":\"https:\\\/\\\/www.via-alpina.org\\\/de\\\/weg\\\/inklusives-wandern\\\/\",\"name\":\"Inklusives Wandern - Via Alpina\",\"isPartOf\":{\"@id\":\"https:\\\/\\\/www.via-alpina.org\\\/#website\"},\"primaryImageOfPage\":{\"@id\":\"https:\\\/\\\/www.via-alpina.org\\\/de\\\/weg\\\/inklusives-wandern\\\/#primaryimage\"},\"image\":{\"@id\":\"https:\\\/\\\/www.via-alpina.org\\\/de\\\/weg\\\/inklusives-wandern\\\/#primaryimage\"},\"thumbnailUrl\":\"https:\\\/\\\/www.via-alpina.org\\\/wp-content\\\/uploads\\\/2026\\\/02\\\/bergwelt.jpeg\",\"datePublished\":\"2026-04-01T13:20:16+00:00\",\"breadcrumb\":{\"@id\":\"https:\\\/\\\/www.via-alpina.org\\\/de\\\/weg\\\/inklusives-wandern\\\/#breadcrumb\"},\"inLanguage\":\"de\",\"potentialAction\":[{\"@type\":\"ReadAction\",\"target\":[\"https:\\\/\\\/www.via-alpina.org\\\/de\\\/weg\\\/inklusives-wandern\\\/\"]}]},{\"@type\":\"ImageObject\",\"inLanguage\":\"de\",\"@id\":\"https:\\\/\\\/www.via-alpina.org\\\/de\\\/weg\\\/inklusives-wandern\\\/#primaryimage\",\"url\":\"https:\\\/\\\/www.via-alpina.org\\\/wp-content\\\/uploads\\\/2026\\\/02\\\/bergwelt.jpeg\",\"contentUrl\":\"https:\\\/\\\/www.via-alpina.org\\\/wp-content\\\/uploads\\\/2026\\\/02\\\/bergwelt.jpeg\"},{\"@type\":\"BreadcrumbList\",\"@id\":\"https:\\\/\\\/www.via-alpina.org\\\/de\\\/weg\\\/inklusives-wandern\\\/#breadcrumb\",\"itemListElement\":[{\"@type\":\"ListItem\",\"position\":1,\"name\":\"Home\",\"item\":\"https:\\\/\\\/www.via-alpina.org\\\/de\\\/\"},{\"@type\":\"ListItem\",\"position\":2,\"name\":\"Weg\",\"item\":\"https:\\\/\\\/www.via-alpina.org\\\/de\\\/weg\\\/\"},{\"@type\":\"ListItem\",\"position\":3,\"name\":\"Inklusives Wandern\"}]},{\"@type\":\"WebSite\",\"@id\":\"https:\\\/\\\/www.via-alpina.org\\\/#website\",\"url\":\"https:\\\/\\\/www.via-alpina.org\\\/\",\"name\":\"Via Alpina\",\"description\":\"\u0160e eno spleti\u0161\u010de WordPress\",\"potentialAction\":[{\"@type\":\"SearchAction\",\"target\":{\"@type\":\"EntryPoint\",\"urlTemplate\":\"https:\\\/\\\/www.via-alpina.org\\\/?s={search_term_string}\"},\"query-input\":{\"@type\":\"PropertyValueSpecification\",\"valueRequired\":true,\"valueName\":\"search_term_string\"}}],\"inLanguage\":\"de\"}]}<\/script>\n<!-- \/ Yoast SEO plugin. -->","yoast_head_json":{"title":"Inklusives Wandern - Via Alpina","description":"Die Bergwelt f\u00fcr alle: Inklusion bei Sport und Freizeit in der freien Natur in den Bergen Outdoor-R\u00e4ume werden oft als offen und neutral wahrgenommen \u2013 doch sie sind nicht immer","robots":{"index":"index","follow":"follow","max-snippet":"max-snippet:-1","max-image-preview":"max-image-preview:large","max-video-preview":"max-video-preview:-1"},"canonical":"https:\/\/www.via-alpina.org\/de\/weg\/inklusives-wandern\/","og_locale":"de_DE","og_type":"article","og_title":"Inklusives Wandern - Via Alpina","og_description":"[vc_row full_width=&#8220;stretch_row_content_no_spaces&#8220; el_class=&#8220;sp-page-title&#8220;][vc_column][\/vc_column][\/vc_row][vc_row][vc_column width=&#8220;2\/3&#8243;][vc_column_text] Die Bergwelt f\u00fcr alle: Inklusion bei Sport und Freizeit in der freien Natur in den Bergen [\/vc_column_text][vc_column_text]Outdoor-R\u00e4ume werden oft als offen und neutral wahrgenommen \u2013 doch sie sind nicht immer f\u00fcr alle gleicherma\u00dfen zug\u00e4nglich, einladend oder sicher. Barrieren \u2013 sowohl sichtbare als auch unsichtbare \u2013 k\u00f6nnen Einzelpersonen und Gemeinschaften daran hindern, an diesen Landschaften teilzuhaben und sich mit ihnen zu verbinden. Diese Ver\u00f6ffentlichung wurde im Rahmen des Erasmus+-Projekts \u201cVia Alpina Youth\u201c erstellt. Das Projekt vermittelt Wissen, Ideen und M\u00f6glichkeiten f\u00fcr nachhaltige Lebensstile, Inklusion, Umweltschutz und Klimawandel entlang der Via Alpina \u2013 einem Fernwanderweg, der seit \u00fcber 20 Jahren alle Alpenl\u00e4nder verbindet. Es wird mitfinanziert durch das Erasmus+ Programm der Europ\u00e4ischen Union und MOVETIA.[\/vc_column_text][vc_empty_space][vc_column_text]Die Bergwelt f\u00fcr alle: [&hellip;]","og_url":"https:\/\/www.via-alpina.org\/de\/weg\/inklusives-wandern\/","og_site_name":"Via Alpina","og_image":[{"width":606,"height":854,"url":"https:\/\/www.via-alpina.org\/wp-content\/uploads\/2026\/02\/bergwelt.jpeg","type":"image\/jpeg"}],"twitter_card":"summary_large_image","twitter_misc":{"Gesch\u00e4tzte Lesezeit":"1\u00a0Minute"},"schema":{"@context":"https:\/\/schema.org","@graph":[{"@type":"WebPage","@id":"https:\/\/www.via-alpina.org\/de\/weg\/inklusives-wandern\/","url":"https:\/\/www.via-alpina.org\/de\/weg\/inklusives-wandern\/","name":"Inklusives Wandern - Via Alpina","isPartOf":{"@id":"https:\/\/www.via-alpina.org\/#website"},"primaryImageOfPage":{"@id":"https:\/\/www.via-alpina.org\/de\/weg\/inklusives-wandern\/#primaryimage"},"image":{"@id":"https:\/\/www.via-alpina.org\/de\/weg\/inklusives-wandern\/#primaryimage"},"thumbnailUrl":"https:\/\/www.via-alpina.org\/wp-content\/uploads\/2026\/02\/bergwelt.jpeg","datePublished":"2026-04-01T13:20:16+00:00","breadcrumb":{"@id":"https:\/\/www.via-alpina.org\/de\/weg\/inklusives-wandern\/#breadcrumb"},"inLanguage":"de","potentialAction":[{"@type":"ReadAction","target":["https:\/\/www.via-alpina.org\/de\/weg\/inklusives-wandern\/"]}]},{"@type":"ImageObject","inLanguage":"de","@id":"https:\/\/www.via-alpina.org\/de\/weg\/inklusives-wandern\/#primaryimage","url":"https:\/\/www.via-alpina.org\/wp-content\/uploads\/2026\/02\/bergwelt.jpeg","contentUrl":"https:\/\/www.via-alpina.org\/wp-content\/uploads\/2026\/02\/bergwelt.jpeg"},{"@type":"BreadcrumbList","@id":"https:\/\/www.via-alpina.org\/de\/weg\/inklusives-wandern\/#breadcrumb","itemListElement":[{"@type":"ListItem","position":1,"name":"Home","item":"https:\/\/www.via-alpina.org\/de\/"},{"@type":"ListItem","position":2,"name":"Weg","item":"https:\/\/www.via-alpina.org\/de\/weg\/"},{"@type":"ListItem","position":3,"name":"Inklusives Wandern"}]},{"@type":"WebSite","@id":"https:\/\/www.via-alpina.org\/#website","url":"https:\/\/www.via-alpina.org\/","name":"Via Alpina","description":"\u0160e eno spleti\u0161\u010de WordPress","potentialAction":[{"@type":"SearchAction","target":{"@type":"EntryPoint","urlTemplate":"https:\/\/www.via-alpina.org\/?s={search_term_string}"},"query-input":{"@type":"PropertyValueSpecification","valueRequired":true,"valueName":"search_term_string"}}],"inLanguage":"de"}]}},"_links":{"self":[{"href":"https:\/\/www.via-alpina.org\/de\/wp-json\/wp\/v2\/pages\/3700","targetHints":{"allow":["GET"]}}],"collection":[{"href":"https:\/\/www.via-alpina.org\/de\/wp-json\/wp\/v2\/pages"}],"about":[{"href":"https:\/\/www.via-alpina.org\/de\/wp-json\/wp\/v2\/types\/page"}],"author":[{"embeddable":true,"href":"https:\/\/www.via-alpina.org\/de\/wp-json\/wp\/v2\/users\/6"}],"replies":[{"embeddable":true,"href":"https:\/\/www.via-alpina.org\/de\/wp-json\/wp\/v2\/comments?post=3700"}],"version-history":[{"count":5,"href":"https:\/\/www.via-alpina.org\/de\/wp-json\/wp\/v2\/pages\/3700\/revisions"}],"predecessor-version":[{"id":4107,"href":"https:\/\/www.via-alpina.org\/de\/wp-json\/wp\/v2\/pages\/3700\/revisions\/4107"}],"up":[{"embeddable":true,"href":"https:\/\/www.via-alpina.org\/de\/wp-json\/wp\/v2\/pages\/2294"}],"wp:attachment":[{"href":"https:\/\/www.via-alpina.org\/de\/wp-json\/wp\/v2\/media?parent=3700"}],"curies":[{"name":"wp","href":"https:\/\/api.w.org\/{rel}","templated":true}]}}