{"id":3687,"date":"2026-04-01T15:28:48","date_gmt":"2026-04-01T13:28:48","guid":{"rendered":"https:\/\/www.via-alpina.org\/?page_id=3687"},"modified":"2026-04-01T15:28:48","modified_gmt":"2026-04-01T13:28:48","slug":"podcast","status":"publish","type":"page","link":"https:\/\/www.via-alpina.org\/de\/community\/podcast\/","title":{"rendered":"Podcast"},"content":{"rendered":"<div class=\"wpb-content-wrapper\"><p>[vc_row full_width=&#8220;stretch_row_content_no_spaces&#8220; el_class=&#8220;sp-page-title&#8220;][vc_column]\t\t\n\t\t<div class=\"title-banner\" style=\"background-image: linear-gradient(rgba(0, 0, 0, 0.2),rgba(0, 0, 0, 0.3)),url(https:\/\/www.via-alpina.org\/wp-content\/uploads\/2023\/11\/banner-via-alpina-trail.jpg);\">\n\t\t<span class=\"banner-caption\">\u00a9 Julien Defois<\/span>\n\t\t<\/div>\n\t\t<div class=\"container container-for-crumbs\">\n\t\t\t\t<div class=\"breadcrumbs-container\">\n\t\t\t\t\t\t<div class=\"breadcrumbs\">\n\t\t\t\t\t\t\t\n\t<ul class=\"ns-breadcrumbs\">\n\t\t\t<li><a href=\"https:\/\/www.via-alpina.org\/de\/\">Startseite<\/a><\/li>\n\t\t\t\t\t<li><a href=\"https:\/\/www.via-alpina.org\/de\/community\/\">Community<\/a><\/li>\n\t\t\t\t<li>Podcast<\/li>\n\t<\/ul>\n\t\n\t\t\t\t\t\t\t\t<div class=\"clearfix\"><\/div>\n\t\t\t\t\t\t<\/div>\n\t\t\t\t<\/div>\n\t\t\t\t<h1 class=\"entry-title\">Podcast<\/h1>\n\t\t\t\t\t\t<\/div>\n\n\t\t[\/vc_column][\/vc_row][vc_row][vc_column width=&#8220;2\/3&#8243;][vc_column_text]<\/p>\n<h4 class=\"documentFirstHeading\">Stimmen entlang der Via Alpina<\/h4>\n<p>Seit 25 Jahren verbindet die Via Alpina Menschen, Kulturen und Landschaften quer durch den Alpenraum. Mit einer Podcast-Reihe erz\u00e4hlt das Projekt ihre Geschichte, beleuchtet Herausforderungen und Chancen des Weitwanderns und sensibilisiert f\u00fcr nachhaltigen Tourismus in den Alpen.<\/p>\n<p>Die Via Alpina ist mehr als nur ein Wanderweg \u2013 sie ist ein Symbol f\u00fcr die Verbundenheit der Alpenregionen. Seit ihrer Gr\u00fcndung vor 25 Jahren hat sie unz\u00e4hlige Menschen inspiriert, die Alpenlandschaft auf nachhaltige Weise zu erleben. Doch mit der wachsenden Beliebtheit des Weitwanderns stehen auch Fragen zu Naturschutz, Infrastruktur und Regionalentwicklung im Raum. Hier setzt die Podcast-Reihe \u00abStimmen entlang der Via Alpina\u00bb an: Durch spannende Interviews, Geschichten und Hintergrundberichte wird die Entwicklung der Via Alpina nachgezeichnet und die Bedeutung eines nachhaltigen Alpentourismus vermittelt. Ziel ist es, die Via Alpina als grenz\u00fcberschreitendes Kultur- und Naturerlebnis st\u00e4rker ins Bewusstsein zu r\u00fccken.[\/vc_column_text][vc_empty_space][\/vc_column][vc_column width=&#8220;1\/3&#8243;][vc_raw_html]PGlmcmFtZSBzcmM9Imh0dHBzOi8vdy5zb3VuZGNsb3VkLmNvbS9wbGF5ZXIvP3VybD1odHRwcyUzQS8vYXBpLnNvdW5kY2xvdWQuY29tL3BsYXlsaXN0cy9zb3VuZGNsb3VkJTI1M0FwbGF5bGlzdHMlMjUzQTIwMTYzMjUyNDImYW1wO2NvbG9yPSUyM2ZmNTUwMCZhbXA7YXV0b19wbGF5PWZhbHNlJmFtcDtoaWRlX3JlbGF0ZWQ9ZmFsc2UmYW1wO3Nob3dfY29tbWVudHM9dHJ1ZSZhbXA7c2hvd191c2VyPXRydWUmYW1wO3Nob3dfcmVwb3N0cz1mYWxzZSZhbXA7c2hvd190ZWFzZXI9dHJ1ZSZhbXA7dmlzdWFsPXRydWUiIHdpZHRoPSIxMDAlIiBoZWlnaHQ9IjMwMCIgZnJhbWVib3JkZXI9Im5vIiBzY3JvbGxpbmc9Im5vIj48L2lmcmFtZT4NCjxkaXYgc3R5bGU9ImZvbnQtc2l6ZTogMTBweDsgY29sb3I6ICNjY2NjY2M7IGxpbmUtYnJlYWs6IGFueXdoZXJlOyB3b3JkLWJyZWFrOiBub3JtYWw7IG92ZXJmbG93OiBoaWRkZW47IHdoaXRlLXNwYWNlOiBub3dyYXA7IHRleHQtb3ZlcmZsb3c6IGVsbGlwc2lzOyBmb250LWZhbWlseTogSW50ZXJzdGF0ZSxMdWNpZGEgR3JhbmRlLEx1Y2lkYSBTYW5zIFVuaWNvZGUsTHVjaWRhIFNhbnMsR2FydWRhLFZlcmRhbmEsVGFob21hLHNhbnMtc2VyaWY7IGZvbnQtd2VpZ2h0OiAxMDA7Ij48YSBzdHlsZT0iY29sb3I6ICNjY2NjY2M7IHRleHQtZGVjb3JhdGlvbjogbm9uZTsiIHRpdGxlPSJDSVBSQSBJbnRlcm5hdGlvbmFsIiBocmVmPSJodHRwczovL3NvdW5kY2xvdWQuY29tL2NpcHJhX2ludGVybmF0aW9uYWwiIHRhcmdldD0iX2JsYW5rIiByZWw9Im5vb3BlbmVyIj5DSVBSQSBJbnRlcm5hdGlvbmFsPC9hPiDCtyA8YSBzdHlsZT0iY29sb3I6ICNjY2NjY2M7IHRleHQtZGVjb3JhdGlvbjogbm9uZTsiIHRpdGxlPSJWb2ljZXMgYWxvbmcgdGhlIFZpYSBBbHBpbmEiIGhyZWY9Imh0dHBzOi8vc291bmRjbG91ZC5jb20vY2lwcmFfaW50ZXJuYXRpb25hbC9zZXRzL3ZvaWNlcy1hbG9uZy10aGUtdmlhLWFscGluYSIgdGFyZ2V0PSJfYmxhbmsiIHJlbD0ibm9vcGVuZXIiPlZvaWNlcyBhbG9uZyB0aGUgVmlhIEFscGluYTwvYT48L2Rpdj4=[\/vc_raw_html][\/vc_column][\/vc_row][vc_row][vc_column][\/vc_column][\/vc_row]<\/p>\n<\/div>","protected":false},"excerpt":{"rendered":"<p>[vc_row full_width=&#8220;stretch_row_content_no_spaces&#8220; el_class=&#8220;sp-page-title&#8220;][vc_column][\/vc_column][\/vc_row][vc_row][vc_column width=&#8220;2\/3&#8243;][vc_column_text] Stimmen entlang der Via Alpina Seit 25 Jahren verbindet die Via Alpina Menschen, Kulturen und Landschaften quer durch den Alpenraum. Mit einer Podcast-Reihe erz\u00e4hlt das Projekt ihre Geschichte, beleuchtet Herausforderungen und Chancen des Weitwanderns und sensibilisiert f\u00fcr nachhaltigen Tourismus in den Alpen. Die Via Alpina ist mehr als nur ein Wanderweg \u2013 sie ist ein Symbol f\u00fcr die Verbundenheit der Alpenregionen. Seit ihrer Gr\u00fcndung vor 25 Jahren hat sie unz\u00e4hlige Menschen inspiriert, die Alpenlandschaft auf nachhaltige Weise zu erleben. Doch mit der wachsenden Beliebtheit des Weitwanderns stehen auch Fragen zu Naturschutz, Infrastruktur und Regionalentwicklung im Raum. Hier setzt die Podcast-Reihe \u00abStimmen entlang der Via Alpina\u00bb an: Durch spannende Interviews, Geschichten und Hintergrundberichte wird die Entwicklung der [&hellip;]<\/p>\n","protected":false},"author":6,"featured_media":0,"parent":2286,"menu_order":2,"comment_status":"closed","ping_status":"closed","template":"","meta":{"footnotes":""},"class_list":["post-3687","page","type-page","status-publish","hentry"],"yoast_head":"<!-- This site is optimized with the Yoast SEO plugin v27.3 - https:\/\/yoast.com\/product\/yoast-seo-wordpress\/ -->\n<title>Podcast - Via Alpina<\/title>\n<meta name=\"description\" content=\"Stimmen entlang der Via Alpina Seit 25 Jahren verbindet die Via Alpina Menschen, Kulturen und Landschaften quer durch den Alpenraum. Mit einer Podcast-Reihe erz\u00e4hlt das Projekt ihre Geschichte, beleuchtet Herausforderungen\" \/>\n<meta name=\"robots\" content=\"index, follow, max-snippet:-1, max-image-preview:large, max-video-preview:-1\" \/>\n<link rel=\"canonical\" href=\"https:\/\/www.via-alpina.org\/de\/community\/podcast\/\" \/>\n<meta property=\"og:locale\" content=\"de_DE\" \/>\n<meta property=\"og:type\" content=\"article\" \/>\n<meta property=\"og:title\" content=\"Podcast - Via Alpina\" \/>\n<meta property=\"og:description\" content=\"[vc_row full_width=&#8220;stretch_row_content_no_spaces&#8220; el_class=&#8220;sp-page-title&#8220;][vc_column][\/vc_column][\/vc_row][vc_row][vc_column width=&#8220;2\/3&#8243;][vc_column_text] Stimmen entlang der Via Alpina Seit 25 Jahren verbindet die Via Alpina Menschen, Kulturen und Landschaften quer durch den Alpenraum. Mit einer Podcast-Reihe erz\u00e4hlt das Projekt ihre Geschichte, beleuchtet Herausforderungen und Chancen des Weitwanderns und sensibilisiert f\u00fcr nachhaltigen Tourismus in den Alpen. Die Via Alpina ist mehr als nur ein Wanderweg \u2013 sie ist ein Symbol f\u00fcr die Verbundenheit der Alpenregionen. Seit ihrer Gr\u00fcndung vor 25 Jahren hat sie unz\u00e4hlige Menschen inspiriert, die Alpenlandschaft auf nachhaltige Weise zu erleben. Doch mit der wachsenden Beliebtheit des Weitwanderns stehen auch Fragen zu Naturschutz, Infrastruktur und Regionalentwicklung im Raum. Hier setzt die Podcast-Reihe \u00abStimmen entlang der Via Alpina\u00bb an: Durch spannende Interviews, Geschichten und Hintergrundberichte wird die Entwicklung der [&hellip;]\" \/>\n<meta property=\"og:url\" content=\"https:\/\/www.via-alpina.org\/de\/community\/podcast\/\" \/>\n<meta property=\"og:site_name\" content=\"Via Alpina\" \/>\n<meta name=\"twitter:card\" content=\"summary_large_image\" \/>\n<meta name=\"twitter:label1\" content=\"Gesch\u00e4tzte Lesezeit\" \/>\n\t<meta name=\"twitter:data1\" content=\"1\u00a0Minute\" \/>\n<script type=\"application\/ld+json\" class=\"yoast-schema-graph\">{\"@context\":\"https:\\\/\\\/schema.org\",\"@graph\":[{\"@type\":\"WebPage\",\"@id\":\"https:\\\/\\\/www.via-alpina.org\\\/de\\\/community\\\/podcast\\\/\",\"url\":\"https:\\\/\\\/www.via-alpina.org\\\/de\\\/community\\\/podcast\\\/\",\"name\":\"Podcast - Via Alpina\",\"isPartOf\":{\"@id\":\"https:\\\/\\\/www.via-alpina.org\\\/#website\"},\"datePublished\":\"2026-04-01T13:28:48+00:00\",\"breadcrumb\":{\"@id\":\"https:\\\/\\\/www.via-alpina.org\\\/de\\\/community\\\/podcast\\\/#breadcrumb\"},\"inLanguage\":\"de\",\"potentialAction\":[{\"@type\":\"ReadAction\",\"target\":[\"https:\\\/\\\/www.via-alpina.org\\\/de\\\/community\\\/podcast\\\/\"]}]},{\"@type\":\"BreadcrumbList\",\"@id\":\"https:\\\/\\\/www.via-alpina.org\\\/de\\\/community\\\/podcast\\\/#breadcrumb\",\"itemListElement\":[{\"@type\":\"ListItem\",\"position\":1,\"name\":\"Home\",\"item\":\"https:\\\/\\\/www.via-alpina.org\\\/de\\\/\"},{\"@type\":\"ListItem\",\"position\":2,\"name\":\"Community\",\"item\":\"https:\\\/\\\/www.via-alpina.org\\\/de\\\/community\\\/\"},{\"@type\":\"ListItem\",\"position\":3,\"name\":\"Podcast\"}]},{\"@type\":\"WebSite\",\"@id\":\"https:\\\/\\\/www.via-alpina.org\\\/#website\",\"url\":\"https:\\\/\\\/www.via-alpina.org\\\/\",\"name\":\"Via Alpina\",\"description\":\"\u0160e eno spleti\u0161\u010de WordPress\",\"potentialAction\":[{\"@type\":\"SearchAction\",\"target\":{\"@type\":\"EntryPoint\",\"urlTemplate\":\"https:\\\/\\\/www.via-alpina.org\\\/?s={search_term_string}\"},\"query-input\":{\"@type\":\"PropertyValueSpecification\",\"valueRequired\":true,\"valueName\":\"search_term_string\"}}],\"inLanguage\":\"de\"}]}<\/script>\n<!-- \/ Yoast SEO plugin. -->","yoast_head_json":{"title":"Podcast - Via Alpina","description":"Stimmen entlang der Via Alpina Seit 25 Jahren verbindet die Via Alpina Menschen, Kulturen und Landschaften quer durch den Alpenraum. Mit einer Podcast-Reihe erz\u00e4hlt das Projekt ihre Geschichte, beleuchtet Herausforderungen","robots":{"index":"index","follow":"follow","max-snippet":"max-snippet:-1","max-image-preview":"max-image-preview:large","max-video-preview":"max-video-preview:-1"},"canonical":"https:\/\/www.via-alpina.org\/de\/community\/podcast\/","og_locale":"de_DE","og_type":"article","og_title":"Podcast - Via Alpina","og_description":"[vc_row full_width=&#8220;stretch_row_content_no_spaces&#8220; el_class=&#8220;sp-page-title&#8220;][vc_column][\/vc_column][\/vc_row][vc_row][vc_column width=&#8220;2\/3&#8243;][vc_column_text] Stimmen entlang der Via Alpina Seit 25 Jahren verbindet die Via Alpina Menschen, Kulturen und Landschaften quer durch den Alpenraum. Mit einer Podcast-Reihe erz\u00e4hlt das Projekt ihre Geschichte, beleuchtet Herausforderungen und Chancen des Weitwanderns und sensibilisiert f\u00fcr nachhaltigen Tourismus in den Alpen. Die Via Alpina ist mehr als nur ein Wanderweg \u2013 sie ist ein Symbol f\u00fcr die Verbundenheit der Alpenregionen. Seit ihrer Gr\u00fcndung vor 25 Jahren hat sie unz\u00e4hlige Menschen inspiriert, die Alpenlandschaft auf nachhaltige Weise zu erleben. Doch mit der wachsenden Beliebtheit des Weitwanderns stehen auch Fragen zu Naturschutz, Infrastruktur und Regionalentwicklung im Raum. Hier setzt die Podcast-Reihe \u00abStimmen entlang der Via Alpina\u00bb an: Durch spannende Interviews, Geschichten und Hintergrundberichte wird die Entwicklung der [&hellip;]","og_url":"https:\/\/www.via-alpina.org\/de\/community\/podcast\/","og_site_name":"Via Alpina","twitter_card":"summary_large_image","twitter_misc":{"Gesch\u00e4tzte Lesezeit":"1\u00a0Minute"},"schema":{"@context":"https:\/\/schema.org","@graph":[{"@type":"WebPage","@id":"https:\/\/www.via-alpina.org\/de\/community\/podcast\/","url":"https:\/\/www.via-alpina.org\/de\/community\/podcast\/","name":"Podcast - Via Alpina","isPartOf":{"@id":"https:\/\/www.via-alpina.org\/#website"},"datePublished":"2026-04-01T13:28:48+00:00","breadcrumb":{"@id":"https:\/\/www.via-alpina.org\/de\/community\/podcast\/#breadcrumb"},"inLanguage":"de","potentialAction":[{"@type":"ReadAction","target":["https:\/\/www.via-alpina.org\/de\/community\/podcast\/"]}]},{"@type":"BreadcrumbList","@id":"https:\/\/www.via-alpina.org\/de\/community\/podcast\/#breadcrumb","itemListElement":[{"@type":"ListItem","position":1,"name":"Home","item":"https:\/\/www.via-alpina.org\/de\/"},{"@type":"ListItem","position":2,"name":"Community","item":"https:\/\/www.via-alpina.org\/de\/community\/"},{"@type":"ListItem","position":3,"name":"Podcast"}]},{"@type":"WebSite","@id":"https:\/\/www.via-alpina.org\/#website","url":"https:\/\/www.via-alpina.org\/","name":"Via Alpina","description":"\u0160e eno spleti\u0161\u010de WordPress","potentialAction":[{"@type":"SearchAction","target":{"@type":"EntryPoint","urlTemplate":"https:\/\/www.via-alpina.org\/?s={search_term_string}"},"query-input":{"@type":"PropertyValueSpecification","valueRequired":true,"valueName":"search_term_string"}}],"inLanguage":"de"}]}},"_links":{"self":[{"href":"https:\/\/www.via-alpina.org\/de\/wp-json\/wp\/v2\/pages\/3687","targetHints":{"allow":["GET"]}}],"collection":[{"href":"https:\/\/www.via-alpina.org\/de\/wp-json\/wp\/v2\/pages"}],"about":[{"href":"https:\/\/www.via-alpina.org\/de\/wp-json\/wp\/v2\/types\/page"}],"author":[{"embeddable":true,"href":"https:\/\/www.via-alpina.org\/de\/wp-json\/wp\/v2\/users\/6"}],"replies":[{"embeddable":true,"href":"https:\/\/www.via-alpina.org\/de\/wp-json\/wp\/v2\/comments?post=3687"}],"version-history":[{"count":5,"href":"https:\/\/www.via-alpina.org\/de\/wp-json\/wp\/v2\/pages\/3687\/revisions"}],"predecessor-version":[{"id":3762,"href":"https:\/\/www.via-alpina.org\/de\/wp-json\/wp\/v2\/pages\/3687\/revisions\/3762"}],"up":[{"embeddable":true,"href":"https:\/\/www.via-alpina.org\/de\/wp-json\/wp\/v2\/pages\/2286"}],"wp:attachment":[{"href":"https:\/\/www.via-alpina.org\/de\/wp-json\/wp\/v2\/media?parent=3687"}],"curies":[{"name":"wp","href":"https:\/\/api.w.org\/{rel}","templated":true}]}}