{"id":3438,"date":"2025-06-27T16:15:45","date_gmt":"2025-06-27T14:15:45","guid":{"rendered":"https:\/\/www.via-alpina.org\/?page_id=3438"},"modified":"2025-07-11T11:46:07","modified_gmt":"2025-07-11T09:46:07","slug":"foto-und-videokampagne","status":"publish","type":"page","link":"https:\/\/www.via-alpina.org\/de\/community\/foto-und-videokampagne\/","title":{"rendered":"Foto und Videokampagne"},"content":{"rendered":"<div class=\"wpb-content-wrapper\"><p>[vc_row full_width=&#8220;stretch_row_content_no_spaces&#8220; el_class=&#8220;sp-page-title&#8220;][vc_column]\t\t\n\t\t<div class=\"title-banner\" style=\"background-image: linear-gradient(rgba(0, 0, 0, 0.2),rgba(0, 0, 0, 0.3)),url(https:\/\/www.via-alpina.org\/wp-content\/uploads\/2024\/01\/r-57-traverse-des-drei-schwestern-sur-la-via-alpina-scaled.jpg);\">\n\t\t<span class=\"banner-caption\">Drei Schwestern\/LI \u00a9 Julien Defois<\/span>\n\t\t<\/div>\n\t\t<div class=\"container container-for-crumbs\">\n\t\t\t\t<div class=\"breadcrumbs-container\">\n\t\t\t\t\t\t<div class=\"breadcrumbs\">\n\t\t\t\t\t\t\t\n\t<ul class=\"ns-breadcrumbs\">\n\t\t\t<li><a href=\"https:\/\/www.via-alpina.org\/de\/\">Startseite<\/a><\/li>\n\t\t\t\t\t<li><a href=\"https:\/\/www.via-alpina.org\/de\/community\/\">Community<\/a><\/li>\n\t\t\t\t<li>Foto und Videokampagne<\/li>\n\t<\/ul>\n\t\n\t\t\t\t\t\t\t\t<div class=\"clearfix\"><\/div>\n\t\t\t\t\t\t<\/div>\n\t\t\t\t<\/div>\n\t\t\t\t<h1 class=\"entry-title\">Foto und Videokampagne<\/h1>\n\t\t\t\t\t\t<\/div>\n\n\t\t[vc_single_image image=&#8220;3470&#8243; img_size=&#8220;large&#8220; add_caption=&#8220;yes&#8220; alignment=&#8220;center&#8220;][\/vc_column][\/vc_row][vc_row][vc_column][vc_column_text]<span style=\"font-weight: 400;\">Diesen Sommer l\u00e4dt die Via Alpina Wand<\/span><span style=\"font-weight: 400;\">erer, Abenteurer und Bergliebhaber ein, an der Pfadpoesie teilzunehmen, einer Foto- und Videokampagne, die pers\u00f6nliche Erlebnisse entlang der Via Alpina feiert. Wir m\u00f6chten Geschichten vom Weg sammeln und teilen: Momente des Staunens, der Verbundenheit, der Herausforderung und der Sch\u00f6nheit-festgehalten von denen, die Via Alpina gehen. Hast du eine dramatische Landschaft, eine bedeutungsvolle Begegnung oder einen ruhigen Moment in der Natur eingefangen? Wir w\u00fcrden uns freuen, diese auf unseren Social-Media-Kan\u00e4len zu pr\u00e4sentieren!<\/span><\/p>\n<h3 data-start=\"792\" data-end=\"812\">Warum mitmachen?<\/h3>\n<p data-start=\"814\" data-end=\"1379\">Die Alpen sind nicht nur ein Reiseziel, sondern ein lebendiger, gemeinsamer Raum, der Menschen und Kulturen \u00fcber Grenzen hinweg verbindet. <strong data-start=\"953\" data-end=\"976\">Geschichten vom Weg<\/strong> bietet eine M\u00f6glichkeit, zur wachsenden Via Alpina Gemeinschaft beizutragen und andere zu inspirieren, diese einzigartige Weitwanderroute auf pers\u00f6nliche und nachhaltige Weise zu entdecken. Deine Beitr\u00e4ge werden auf den Social-Media-Kan\u00e4len von Via Alpina gezeigt und helfen dabei, die Wandererfahrung durch die Alpenregion in einer authentischen, gemeinschaftlich getragenen Kampagne zu dokumentieren.<\/p>\n<figure id=\"attachment_3487\" aria-describedby=\"caption-attachment-3487\" style=\"width: 206px\" class=\"wp-caption alignnone\"><img loading=\"lazy\" decoding=\"async\" class=\"size-medium wp-image-3487\" src=\"https:\/\/www.via-alpina.org\/wp-content\/uploads\/2025\/07\/cover_alpenbuch_2025-aktualisierung-206x300.jpg\" alt=\"Win a Marmota Book of the Alps (ENG or DE). \" width=\"206\" height=\"300\" srcset=\"https:\/\/www.via-alpina.org\/wp-content\/uploads\/2025\/07\/cover_alpenbuch_2025-aktualisierung-206x300.jpg 206w, https:\/\/www.via-alpina.org\/wp-content\/uploads\/2025\/07\/cover_alpenbuch_2025-aktualisierung-701x1024.jpg 701w, https:\/\/www.via-alpina.org\/wp-content\/uploads\/2025\/07\/cover_alpenbuch_2025-aktualisierung-768x1121.jpg 768w, https:\/\/www.via-alpina.org\/wp-content\/uploads\/2025\/07\/cover_alpenbuch_2025-aktualisierung-1052x1536.jpg 1052w, https:\/\/www.via-alpina.org\/wp-content\/uploads\/2025\/07\/cover_alpenbuch_2025-aktualisierung.jpg 1370w\" sizes=\"auto, (max-width: 206px) 100vw, 206px\" \/><figcaption id=\"caption-attachment-3487\" class=\"wp-caption-text\">Gewinnen Sie ein Marmota Book of the Alps (auf Englisch oder Deutsch).<\/figcaption><\/figure>\n<h3 data-start=\"1381\" data-end=\"1409\">Was gibt es zu gewinnen?<\/h3>\n<p data-start=\"1411\" data-end=\"1486\">Eine Jury w\u00e4hlt die Gewinner f\u00fcr den ersten, zweiten und dritten Platz aus.<\/p>\n<ol data-start=\"1488\" data-end=\"1768\">\n<li data-start=\"1488\" data-end=\"1616\">\n<p data-start=\"1491\" data-end=\"1616\">Platz: <a href=\"https:\/\/marmotamaps.com\/en\/book-of-the-alps\/\"><em data-start=\"1498\" data-end=\"1524\">Marmota Book of the Alps<\/em><\/a> (ENG oder DE) und eine \u00dcbernachtung mit Halbpension in der <a href=\"https:\/\/www.alpenverein.li\/huetten\/gafadurahuette-1428m\">Gafadura-H\u00fctte<\/a>, Liechtenstein.<\/p>\n<\/li>\n<li data-start=\"1617\" data-end=\"1717\">\n<p data-start=\"1620\" data-end=\"1717\">Platz: <em data-start=\"1627\" data-end=\"1653\">Marmota Book of the Alps<\/em> (ENG oder DE) + \u201eAll inclusive\u201c Abenteuerp\u00e4sse, Liechtenstein<\/p>\n<\/li>\n<li data-start=\"1718\" data-end=\"1768\">\n<p data-start=\"1721\" data-end=\"1768\">Platz: <em data-start=\"1728\" data-end=\"1754\">Marmota Book of the Alps<\/em> (ENG oder DE)<\/p>\n<\/li>\n<\/ol>\n<h3 data-start=\"1770\" data-end=\"1797\">Wie kann man mitmachen?<\/h3>\n<p data-start=\"1799\" data-end=\"1858\">Lade dein Foto oder Video direkt \u00fcber <a href=\"https:\/\/docs.google.com\/forms\/d\/e\/1FAIpQLSdD3qQL2j1cE5gvSCjFbkszfmz5RcErkmzOgqqqjJ-tKqAyrQ\/viewform\">dieses Formular hoch.<\/a><\/p>\n<p data-start=\"1860\" data-end=\"1975\">Bitte achte darauf, dass Videodateien die maximale Upload-Gr\u00f6\u00dfe nicht \u00fcberschreiten (siehe Google-Formular-Limits).<\/p>\n<p data-start=\"1977\" data-end=\"2239\">Mit dem Einsenden deines Beitrags erteilst du Via Alpina die Erlaubnis, diesen auf unseren Social-Media-Plattformen und der Webseite zu ver\u00f6ffentlichen. Das Eigentum bleibt beim urspr\u00fcnglichen Ersteller, und eine ordnungsgem\u00e4\u00dfe Nennung erfolgt, wo immer m\u00f6glich.<\/p>\n<h3 data-start=\"2241\" data-end=\"2253\">Zeitplan<\/h3>\n<p data-start=\"2255\" data-end=\"2453\"><span style=\"font-weight: 400;\">Die Kampagne l\u00e4uft von Juni bis Oktober 2025 und sie ermutigt Wanderer, in der Hauptwandersaison ihre Geschichten zu teilen. Alle Einsendungen werden w\u00e4hrend dieses Zeitraums fortlaufend ver\u00f6ffentlicht.<\/span><\/p>\n<hr data-start=\"2455\" data-end=\"2458\" \/>\n<h3 data-start=\"2460\" data-end=\"2510\">Hilf uns, die Geschichte der Alpen zu erz\u00e4hlen<\/h3>\n<p><span style=\"font-weight: 400;\"><strong>Geschichten vom Weg<\/strong> ist mehr als eine Kampagne \u2013 es ist eine Einladung, gemeinsam die Landschaft der Via Alpina zu gestalten. &#8211; visuelle und emotional.<\/span><\/p>\n<p><span style=\"font-weight: 400;\">Hilf mit, zuk\u00fcnftige Wanderer zu inspirieren und eine tiefere Verbindung zur nat\u00fcrlichen und kulturellen Vielfalt der Alpenregion zu f\u00f6rdern . F\u00fcr weitere Informationen und Updates folge uns auf Instagram und Facebook oder besuche: <\/span><a class=\"\" href=\"http:\/\/viaalpina.org\/\" target=\"_new\" rel=\"noopener\" data-start=\"2933\" data-end=\"2979\">http:\/\/viaalpina.org\/<\/a>.[\/vc_column_text][vc_empty_space][vc_single_image image=&#8220;3503&#8243; img_size=&#8220;medium&#8220; add_caption=&#8220;yes&#8220;][\/vc_column][\/vc_row][vc_row][vc_column][\/vc_column][\/vc_row]<\/p>\n<\/div>","protected":false},"excerpt":{"rendered":"<p>[vc_row full_width=&#8220;stretch_row_content_no_spaces&#8220; el_class=&#8220;sp-page-title&#8220;][vc_column][vc_single_image image=&#8220;3470&#8243; img_size=&#8220;large&#8220; add_caption=&#8220;yes&#8220; alignment=&#8220;center&#8220;][\/vc_column][\/vc_row][vc_row][vc_column][vc_column_text]Diesen Sommer l\u00e4dt die Via Alpina Wanderer, Abenteurer und Bergliebhaber ein, an der Pfadpoesie teilzunehmen, einer Foto- und Videokampagne, die pers\u00f6nliche Erlebnisse entlang der Via Alpina feiert. Wir m\u00f6chten Geschichten vom Weg sammeln und teilen: Momente des Staunens, der Verbundenheit, der Herausforderung und der Sch\u00f6nheit-festgehalten von denen, die Via Alpina gehen. Hast du eine dramatische Landschaft, eine bedeutungsvolle Begegnung oder einen ruhigen Moment in der Natur eingefangen? Wir w\u00fcrden uns freuen, diese auf unseren Social-Media-Kan\u00e4len zu pr\u00e4sentieren! Warum mitmachen? Die Alpen sind nicht nur ein Reiseziel, sondern ein lebendiger, gemeinsamer Raum, der Menschen und Kulturen \u00fcber Grenzen hinweg verbindet. Geschichten vom Weg bietet eine M\u00f6glichkeit, zur wachsenden Via Alpina Gemeinschaft beizutragen und andere zu [&hellip;]<\/p>\n","protected":false},"author":5,"featured_media":0,"parent":2286,"menu_order":3,"comment_status":"closed","ping_status":"closed","template":"","meta":{"footnotes":""},"class_list":["post-3438","page","type-page","status-publish","hentry"],"yoast_head":"<!-- This site is optimized with the Yoast SEO plugin v27.3 - https:\/\/yoast.com\/product\/yoast-seo-wordpress\/ -->\n<title>Foto und Videokampagne - Via Alpina<\/title>\n<meta name=\"description\" content=\"Diesen Sommer l\u00e4dt die Via Alpina Wanderer, Abenteurer und Bergliebhaber ein, an der Pfadpoesie teilzunehmen, einer Foto- und Videokampagne, die pers\u00f6nliche Erlebnisse entlang der Via Alpina feiert. Wir m\u00f6chten Geschichten\" \/>\n<meta name=\"robots\" content=\"index, follow, max-snippet:-1, max-image-preview:large, max-video-preview:-1\" \/>\n<link rel=\"canonical\" href=\"https:\/\/www.via-alpina.org\/tales-from-the-trail-join-the-via-alpina-photo-and-video-campaign-and-celebrate-25-years-of-via-alpina\/\" \/>\n<meta property=\"og:locale\" content=\"de_DE\" \/>\n<meta property=\"og:type\" content=\"article\" \/>\n<meta property=\"og:title\" content=\"Foto und Videokampagne - Via Alpina\" \/>\n<meta property=\"og:description\" content=\"[vc_row full_width=&#8220;stretch_row_content_no_spaces&#8220; el_class=&#8220;sp-page-title&#8220;][vc_column][vc_single_image image=&#8220;3470&#8243; img_size=&#8220;large&#8220; add_caption=&#8220;yes&#8220; alignment=&#8220;center&#8220;][\/vc_column][\/vc_row][vc_row][vc_column][vc_column_text]Diesen Sommer l\u00e4dt die Via Alpina Wanderer, Abenteurer und Bergliebhaber ein, an der Pfadpoesie teilzunehmen, einer Foto- und Videokampagne, die pers\u00f6nliche Erlebnisse entlang der Via Alpina feiert. Wir m\u00f6chten Geschichten vom Weg sammeln und teilen: Momente des Staunens, der Verbundenheit, der Herausforderung und der Sch\u00f6nheit-festgehalten von denen, die Via Alpina gehen. Hast du eine dramatische Landschaft, eine bedeutungsvolle Begegnung oder einen ruhigen Moment in der Natur eingefangen? Wir w\u00fcrden uns freuen, diese auf unseren Social-Media-Kan\u00e4len zu pr\u00e4sentieren! Warum mitmachen? Die Alpen sind nicht nur ein Reiseziel, sondern ein lebendiger, gemeinsamer Raum, der Menschen und Kulturen \u00fcber Grenzen hinweg verbindet. Geschichten vom Weg bietet eine M\u00f6glichkeit, zur wachsenden Via Alpina Gemeinschaft beizutragen und andere zu [&hellip;]\" \/>\n<meta property=\"og:url\" content=\"https:\/\/www.via-alpina.org\/tales-from-the-trail-join-the-via-alpina-photo-and-video-campaign-and-celebrate-25-years-of-via-alpina\/\" \/>\n<meta property=\"og:site_name\" content=\"Via Alpina\" \/>\n<meta property=\"article:modified_time\" content=\"2025-07-11T09:46:07+00:00\" \/>\n<meta property=\"og:image\" content=\"https:\/\/www.via-alpina.org\/wp-content\/uploads\/2025\/07\/cover_alpenbuch_2025-aktualisierung.jpg\" \/>\n\t<meta property=\"og:image:width\" content=\"1370\" \/>\n\t<meta property=\"og:image:height\" content=\"2000\" \/>\n\t<meta property=\"og:image:type\" content=\"image\/jpeg\" \/>\n<meta name=\"twitter:card\" content=\"summary_large_image\" \/>\n<meta name=\"twitter:label1\" content=\"Gesch\u00e4tzte Lesezeit\" \/>\n\t<meta name=\"twitter:data1\" content=\"2\u00a0Minuten\" \/>\n<script type=\"application\/ld+json\" class=\"yoast-schema-graph\">{\"@context\":\"https:\\\/\\\/schema.org\",\"@graph\":[{\"@type\":\"WebPage\",\"@id\":\"https:\\\/\\\/www.via-alpina.org\\\/tales-from-the-trail-join-the-via-alpina-photo-and-video-campaign-and-celebrate-25-years-of-via-alpina\\\/\",\"url\":\"https:\\\/\\\/www.via-alpina.org\\\/tales-from-the-trail-join-the-via-alpina-photo-and-video-campaign-and-celebrate-25-years-of-via-alpina\\\/\",\"name\":\"Foto und Videokampagne - Via Alpina\",\"isPartOf\":{\"@id\":\"https:\\\/\\\/www.via-alpina.org\\\/#website\"},\"primaryImageOfPage\":{\"@id\":\"https:\\\/\\\/www.via-alpina.org\\\/tales-from-the-trail-join-the-via-alpina-photo-and-video-campaign-and-celebrate-25-years-of-via-alpina\\\/#primaryimage\"},\"image\":{\"@id\":\"https:\\\/\\\/www.via-alpina.org\\\/tales-from-the-trail-join-the-via-alpina-photo-and-video-campaign-and-celebrate-25-years-of-via-alpina\\\/#primaryimage\"},\"thumbnailUrl\":\"https:\\\/\\\/www.via-alpina.org\\\/wp-content\\\/uploads\\\/2025\\\/07\\\/cover_alpenbuch_2025-aktualisierung-206x300.jpg\",\"datePublished\":\"2025-06-27T14:15:45+00:00\",\"dateModified\":\"2025-07-11T09:46:07+00:00\",\"breadcrumb\":{\"@id\":\"https:\\\/\\\/www.via-alpina.org\\\/tales-from-the-trail-join-the-via-alpina-photo-and-video-campaign-and-celebrate-25-years-of-via-alpina\\\/#breadcrumb\"},\"inLanguage\":\"de\",\"potentialAction\":[{\"@type\":\"ReadAction\",\"target\":[\"https:\\\/\\\/www.via-alpina.org\\\/tales-from-the-trail-join-the-via-alpina-photo-and-video-campaign-and-celebrate-25-years-of-via-alpina\\\/\"]}]},{\"@type\":\"ImageObject\",\"inLanguage\":\"de\",\"@id\":\"https:\\\/\\\/www.via-alpina.org\\\/tales-from-the-trail-join-the-via-alpina-photo-and-video-campaign-and-celebrate-25-years-of-via-alpina\\\/#primaryimage\",\"url\":\"https:\\\/\\\/www.via-alpina.org\\\/wp-content\\\/uploads\\\/2025\\\/07\\\/cover_alpenbuch_2025-aktualisierung-206x300.jpg\",\"contentUrl\":\"https:\\\/\\\/www.via-alpina.org\\\/wp-content\\\/uploads\\\/2025\\\/07\\\/cover_alpenbuch_2025-aktualisierung-206x300.jpg\"},{\"@type\":\"BreadcrumbList\",\"@id\":\"https:\\\/\\\/www.via-alpina.org\\\/tales-from-the-trail-join-the-via-alpina-photo-and-video-campaign-and-celebrate-25-years-of-via-alpina\\\/#breadcrumb\",\"itemListElement\":[{\"@type\":\"ListItem\",\"position\":1,\"name\":\"Home\",\"item\":\"https:\\\/\\\/www.via-alpina.org\\\/de\\\/\"},{\"@type\":\"ListItem\",\"position\":2,\"name\":\"Foto und Videokampagne\"}]},{\"@type\":\"WebSite\",\"@id\":\"https:\\\/\\\/www.via-alpina.org\\\/#website\",\"url\":\"https:\\\/\\\/www.via-alpina.org\\\/\",\"name\":\"Via Alpina\",\"description\":\"\u0160e eno spleti\u0161\u010de WordPress\",\"potentialAction\":[{\"@type\":\"SearchAction\",\"target\":{\"@type\":\"EntryPoint\",\"urlTemplate\":\"https:\\\/\\\/www.via-alpina.org\\\/?s={search_term_string}\"},\"query-input\":{\"@type\":\"PropertyValueSpecification\",\"valueRequired\":true,\"valueName\":\"search_term_string\"}}],\"inLanguage\":\"de\"}]}<\/script>\n<!-- \/ Yoast SEO plugin. -->","yoast_head_json":{"title":"Foto und Videokampagne - Via Alpina","description":"Diesen Sommer l\u00e4dt die Via Alpina Wanderer, Abenteurer und Bergliebhaber ein, an der Pfadpoesie teilzunehmen, einer Foto- und Videokampagne, die pers\u00f6nliche Erlebnisse entlang der Via Alpina feiert. Wir m\u00f6chten Geschichten","robots":{"index":"index","follow":"follow","max-snippet":"max-snippet:-1","max-image-preview":"max-image-preview:large","max-video-preview":"max-video-preview:-1"},"canonical":"https:\/\/www.via-alpina.org\/tales-from-the-trail-join-the-via-alpina-photo-and-video-campaign-and-celebrate-25-years-of-via-alpina\/","og_locale":"de_DE","og_type":"article","og_title":"Foto und Videokampagne - Via Alpina","og_description":"[vc_row full_width=&#8220;stretch_row_content_no_spaces&#8220; el_class=&#8220;sp-page-title&#8220;][vc_column][vc_single_image image=&#8220;3470&#8243; img_size=&#8220;large&#8220; add_caption=&#8220;yes&#8220; alignment=&#8220;center&#8220;][\/vc_column][\/vc_row][vc_row][vc_column][vc_column_text]Diesen Sommer l\u00e4dt die Via Alpina Wanderer, Abenteurer und Bergliebhaber ein, an der Pfadpoesie teilzunehmen, einer Foto- und Videokampagne, die pers\u00f6nliche Erlebnisse entlang der Via Alpina feiert. Wir m\u00f6chten Geschichten vom Weg sammeln und teilen: Momente des Staunens, der Verbundenheit, der Herausforderung und der Sch\u00f6nheit-festgehalten von denen, die Via Alpina gehen. Hast du eine dramatische Landschaft, eine bedeutungsvolle Begegnung oder einen ruhigen Moment in der Natur eingefangen? Wir w\u00fcrden uns freuen, diese auf unseren Social-Media-Kan\u00e4len zu pr\u00e4sentieren! Warum mitmachen? Die Alpen sind nicht nur ein Reiseziel, sondern ein lebendiger, gemeinsamer Raum, der Menschen und Kulturen \u00fcber Grenzen hinweg verbindet. Geschichten vom Weg bietet eine M\u00f6glichkeit, zur wachsenden Via Alpina Gemeinschaft beizutragen und andere zu [&hellip;]","og_url":"https:\/\/www.via-alpina.org\/tales-from-the-trail-join-the-via-alpina-photo-and-video-campaign-and-celebrate-25-years-of-via-alpina\/","og_site_name":"Via Alpina","article_modified_time":"2025-07-11T09:46:07+00:00","og_image":[{"width":1370,"height":2000,"url":"https:\/\/www.via-alpina.org\/wp-content\/uploads\/2025\/07\/cover_alpenbuch_2025-aktualisierung.jpg","type":"image\/jpeg"}],"twitter_card":"summary_large_image","twitter_misc":{"Gesch\u00e4tzte Lesezeit":"2\u00a0Minuten"},"schema":{"@context":"https:\/\/schema.org","@graph":[{"@type":"WebPage","@id":"https:\/\/www.via-alpina.org\/tales-from-the-trail-join-the-via-alpina-photo-and-video-campaign-and-celebrate-25-years-of-via-alpina\/","url":"https:\/\/www.via-alpina.org\/tales-from-the-trail-join-the-via-alpina-photo-and-video-campaign-and-celebrate-25-years-of-via-alpina\/","name":"Foto und Videokampagne - Via Alpina","isPartOf":{"@id":"https:\/\/www.via-alpina.org\/#website"},"primaryImageOfPage":{"@id":"https:\/\/www.via-alpina.org\/tales-from-the-trail-join-the-via-alpina-photo-and-video-campaign-and-celebrate-25-years-of-via-alpina\/#primaryimage"},"image":{"@id":"https:\/\/www.via-alpina.org\/tales-from-the-trail-join-the-via-alpina-photo-and-video-campaign-and-celebrate-25-years-of-via-alpina\/#primaryimage"},"thumbnailUrl":"https:\/\/www.via-alpina.org\/wp-content\/uploads\/2025\/07\/cover_alpenbuch_2025-aktualisierung-206x300.jpg","datePublished":"2025-06-27T14:15:45+00:00","dateModified":"2025-07-11T09:46:07+00:00","breadcrumb":{"@id":"https:\/\/www.via-alpina.org\/tales-from-the-trail-join-the-via-alpina-photo-and-video-campaign-and-celebrate-25-years-of-via-alpina\/#breadcrumb"},"inLanguage":"de","potentialAction":[{"@type":"ReadAction","target":["https:\/\/www.via-alpina.org\/tales-from-the-trail-join-the-via-alpina-photo-and-video-campaign-and-celebrate-25-years-of-via-alpina\/"]}]},{"@type":"ImageObject","inLanguage":"de","@id":"https:\/\/www.via-alpina.org\/tales-from-the-trail-join-the-via-alpina-photo-and-video-campaign-and-celebrate-25-years-of-via-alpina\/#primaryimage","url":"https:\/\/www.via-alpina.org\/wp-content\/uploads\/2025\/07\/cover_alpenbuch_2025-aktualisierung-206x300.jpg","contentUrl":"https:\/\/www.via-alpina.org\/wp-content\/uploads\/2025\/07\/cover_alpenbuch_2025-aktualisierung-206x300.jpg"},{"@type":"BreadcrumbList","@id":"https:\/\/www.via-alpina.org\/tales-from-the-trail-join-the-via-alpina-photo-and-video-campaign-and-celebrate-25-years-of-via-alpina\/#breadcrumb","itemListElement":[{"@type":"ListItem","position":1,"name":"Home","item":"https:\/\/www.via-alpina.org\/de\/"},{"@type":"ListItem","position":2,"name":"Foto und Videokampagne"}]},{"@type":"WebSite","@id":"https:\/\/www.via-alpina.org\/#website","url":"https:\/\/www.via-alpina.org\/","name":"Via Alpina","description":"\u0160e eno spleti\u0161\u010de WordPress","potentialAction":[{"@type":"SearchAction","target":{"@type":"EntryPoint","urlTemplate":"https:\/\/www.via-alpina.org\/?s={search_term_string}"},"query-input":{"@type":"PropertyValueSpecification","valueRequired":true,"valueName":"search_term_string"}}],"inLanguage":"de"}]}},"_links":{"self":[{"href":"https:\/\/www.via-alpina.org\/de\/wp-json\/wp\/v2\/pages\/3438","targetHints":{"allow":["GET"]}}],"collection":[{"href":"https:\/\/www.via-alpina.org\/de\/wp-json\/wp\/v2\/pages"}],"about":[{"href":"https:\/\/www.via-alpina.org\/de\/wp-json\/wp\/v2\/types\/page"}],"author":[{"embeddable":true,"href":"https:\/\/www.via-alpina.org\/de\/wp-json\/wp\/v2\/users\/5"}],"replies":[{"embeddable":true,"href":"https:\/\/www.via-alpina.org\/de\/wp-json\/wp\/v2\/comments?post=3438"}],"version-history":[{"count":5,"href":"https:\/\/www.via-alpina.org\/de\/wp-json\/wp\/v2\/pages\/3438\/revisions"}],"predecessor-version":[{"id":3533,"href":"https:\/\/www.via-alpina.org\/de\/wp-json\/wp\/v2\/pages\/3438\/revisions\/3533"}],"up":[{"embeddable":true,"href":"https:\/\/www.via-alpina.org\/de\/wp-json\/wp\/v2\/pages\/2286"}],"wp:attachment":[{"href":"https:\/\/www.via-alpina.org\/de\/wp-json\/wp\/v2\/media?parent=3438"}],"curies":[{"name":"wp","href":"https:\/\/api.w.org\/{rel}","templated":true}]}}