{"id":3107,"date":"2024-11-02T17:57:47","date_gmt":"2024-11-02T16:57:47","guid":{"rendered":"https:\/\/www.via-alpina.org\/?page_id=3107"},"modified":"2025-11-18T12:10:22","modified_gmt":"2025-11-18T11:10:22","slug":"wie-mache-ich-mit","status":"publish","type":"page","link":"https:\/\/www.via-alpina.org\/de\/community\/wie-mache-ich-mit\/","title":{"rendered":"Wie mache ich mit?"},"content":{"rendered":"<div class=\"wpb-content-wrapper\"><p>[vc_row full_width=&#8220;stretch_row_content_no_spaces&#8220; el_class=&#8220;sp-page-title&#8220;][vc_column]\t\t\n\t\t<div class=\"title-banner\" style=\"background-image: linear-gradient(rgba(0, 0, 0, 0.2),rgba(0, 0, 0, 0.3)),url(https:\/\/www.via-alpina.org\/wp-content\/uploads\/2024\/01\/via-alpina-explorers-c-christina-ragettli-scaled.jpeg);\">\n\t\t<span class=\"banner-caption\">\u00a9 Christina Ragettli<\/span>\n\t\t<\/div>\n\t\t<div class=\"container container-for-crumbs\">\n\t\t\t\t<div class=\"breadcrumbs-container\">\n\t\t\t\t\t\t<div class=\"breadcrumbs\">\n\t\t\t\t\t\t\t\n\t<ul class=\"ns-breadcrumbs\">\n\t\t\t<li><a href=\"https:\/\/www.via-alpina.org\/de\/\">Startseite<\/a><\/li>\n\t\t\t\t\t<li><a href=\"https:\/\/www.via-alpina.org\/de\/community\/\">Community<\/a><\/li>\n\t\t\t\t<li>Wie mache ich mit?<\/li>\n\t<\/ul>\n\t\n\t\t\t\t\t\t\t\t<div class=\"clearfix\"><\/div>\n\t\t\t\t\t\t<\/div>\n\t\t\t\t<\/div>\n\t\t\t\t<h1 class=\"entry-title\">Wie mache ich mit?<\/h1>\n\t\t\t\t\t\t<\/div>\n\n\t\t[\/vc_column][\/vc_row][vc_row full_width=&#8220;stretch_row&#8220; el_class=&#8220;sp-gray&#8220;][vc_column][vc_row_inner][vc_column_inner width=&#8220;1\/2&#8243;][vc_column_text]<b>Wer steckt hinter der Via Alpina?<\/b><\/p>\n<p><span style=\"font-weight: 400;\">Das Via Alpina-Team besteht aus zwei Angestellten und motivierten Freiwilligen. Angesiedelt ist das Sekretariat der Via Alpina bei der Internationalen Alpenschutzkommission CIPRA International mit Sitz in<a href=\"https:\/\/www.google.com\/maps\/place\/\/data=!4m2!3m1!1s0x479b3101b5204b35:0x9e94634c9a8e68e3?sa=X&amp;ved=1t:8290&amp;ictx=111\" target=\"_blank\" rel=\"noopener\"> Liechtenstein.<\/a> Die Koordination der Via Alpina umfasst Projektentwicklung, Kommunikation und Social Media; die Wegerhaltung wiederum wird von unseren Partnern (z.B. Alpenvereine und Gemeinden) entlang der Via Alpina \u00fcbernommen. <\/span>[\/vc_column_text][\/vc_column_inner][vc_column_inner width=&#8220;1\/2&#8243;][vc_single_image image=&#8220;3113&#8243; add_caption=&#8220;yes&#8220;][\/vc_column_inner][\/vc_row_inner][\/vc_column][\/vc_row][vc_row full_width=&#8220;stretch_row&#8220; el_class=&#8220;sp-non-gray sp-non-gray-last&#8220;][vc_column][vc_column_text]<b>Wen suchen wir?<\/b><\/p>\n<p><span style=\"font-weight: 400;\">Wir freuen uns auf Freiwillige, die\u2026<\/span><\/p>\n<ul>\n<li style=\"font-weight: 400;\" aria-level=\"1\"><span style=\"font-weight: 400;\">an nachhaltiger Entwicklung im Alpenraum interessiert sind<\/span><\/li>\n<li style=\"font-weight: 400;\" aria-level=\"1\"><span style=\"font-weight: 400;\">sich f\u00fcr nachhaltigen Tourismus und langsame Mobilit\u00e4t begeistern k\u00f6nnen<\/span><\/li>\n<li style=\"font-weight: 400;\" aria-level=\"1\"><span style=\"font-weight: 400;\">sich in multikulturellen und mehrsprachigen Kontexten wohlf\u00fchlen<\/span><\/li>\n<li style=\"font-weight: 400;\" aria-level=\"1\"><span style=\"font-weight: 400;\">einen Einblick in eine international arbeitende Organisation bekommen wollen<\/span><\/li>\n<li style=\"font-weight: 400;\" aria-level=\"1\"><span style=\"font-weight: 400;\">eventuell gerne noch selbst Zeit in den Bergen verbringen (<\/span><span style=\"font-weight: 400;\">\ud83d\ude09<\/span><span style=\"font-weight: 400;\">)<\/span><\/li>\n<\/ul>\n<p>[\/vc_column_text][vc_row_inner][vc_column_inner][vc_column_text]<b>Wie du dich einbringen kannst\u2026<\/b><\/p>\n<p><span style=\"font-weight: 400;\">Wenn du die Via Alpina gerne unterst\u00fctzen willst, gibt es daf\u00fcr viele verschiedene M\u00f6glichkeiten. Je nachdem kannst du dich langfristig einbringen oder einmalig bei Events einzelne Aufgaben \u00fcbernehmen, das h\u00e4ngt ganz von deinen W\u00fcnschen und M\u00f6glichkeiten ab. Jede Art von Unterst\u00fctzung ist willkommen!<\/span>[\/vc_column_text][\/vc_column_inner][\/vc_row_inner][\/vc_column][vc_column][vc_column_text]<strong>1. Wir feiern 25 Jahre Via Alpina \u2013 feierst du mit?<\/strong><\/p>\n<p><span style=\"font-weight: 400;\">Eine (oder mehrere) der folgenden Eigenschaften treffen auf dich zu:<\/span><\/p>\n<ul>\n<li style=\"font-weight: 400;\" aria-level=\"1\"><span style=\"font-weight: 400;\">Ich habe Organisationstalent und bin multitasking-f\u00e4hig<\/span><\/li>\n<li style=\"font-weight: 400;\" aria-level=\"1\"><span style=\"font-weight: 400;\">Ich designe gerne Produkte oder Social Media Kampagnen (Druckprodukte, Tshirts, Schilder, Poster,\u2026)<\/span><\/li>\n<li style=\"font-weight: 400;\" aria-level=\"1\"><span style=\"font-weight: 400;\">Ich habe Erfahrung im Fundraising und netzwerken<\/span><\/li>\n<li style=\"font-weight: 400;\" aria-level=\"1\"><span style=\"font-weight: 400;\">Ich arbeite gerne mit der Kamera, ob Foto oder Video<\/span><\/li>\n<li style=\"font-weight: 400;\" aria-level=\"1\"><span style=\"font-weight: 400;\">Ich reise gerne durch die Alpen, um dann einen Tag kr\u00e4ftig mit anzupacken bei einer Veranstaltung<\/span><\/li>\n<\/ul>\n<p><span style=\"font-weight: 400;\">All diese Eigenschaften sind bei uns extrem gefragt, um in 2025 ein w\u00fcrdiges Jubil\u00e4um f\u00fcr die Via Alpina zu organisieren. Wie genau das aussehen wird? Das kannst auch du mitbestimmen! In Abstimmung mit dem Sekretariat tr\u00e4gst du zum Gelingen dieses Anlasses bei und verhilfst der Via Alpina zu mehr Bekanntheit \u2013 sowohl in der Wanderszene als auch in der Politik, bei Gemeinden u.v.m.!<\/span><\/p>\n<p><span style=\"font-weight: 400;\">Die Planung findet haupts\u00e4chlich von November 2024 bis April 2025 statt \u2013 danach wird umgesetzt! Je nachdem, wo du dich einbringen willst, \u00e4ndert sich also auch der Zeitrahmen. W\u00e4hrend in der Vorbereitung wenige Stunden pro Monat (daf\u00fcr aber kontinuierlich) gefragt sind, bist du bei der Unterst\u00fctzung vor Ort im Sommer einen vollen Tag im Einsatz (daf\u00fcr einmalig).<\/span><\/p>\n<p><strong>2. Du hast ein Sprachtalent und willst es zu einem guten Zweck nutzen?<\/strong><\/p>\n<p><span style=\"font-weight: 400;\">Wenn eine der folgenden Sprachen deine Muttersprache ist und du eine weitere davon sehr gut beherrschst, dann freuen wir uns auf deine Mithilfe:<\/span><\/p>\n<ul>\n<li style=\"font-weight: 400;\" aria-level=\"1\"><span style=\"font-weight: 400;\">Deutsch<\/span><\/li>\n<li style=\"font-weight: 400;\" aria-level=\"1\"><span style=\"font-weight: 400;\">Englisch<\/span><\/li>\n<li style=\"font-weight: 400;\" aria-level=\"1\"><span style=\"font-weight: 400;\">Franz\u00f6sisch<\/span><\/li>\n<li style=\"font-weight: 400;\" aria-level=\"1\"><span style=\"font-weight: 400;\">Italienisch<\/span><\/li>\n<li style=\"font-weight: 400;\" aria-level=\"1\"><span style=\"font-weight: 400;\">Slowenisch<\/span><\/li>\n<\/ul>\n<p><span style=\"font-weight: 400;\">Das sind die Alpensprachen, in denen wir tagt\u00e4glich arbeiten und mit denen wir unsere Website f\u00fcllen. Um einen professionellen Auftritt zu gew\u00e4hrleisten, sind wir auf Muttersprachler:innen angewiesen, die unsere Texte entweder \u00fcbersetzen oder korrigieren. Wenn du dein Sprachentalent nutzen und dich punktuell engagieren willst, ist das hier das Richtige f\u00fcr dich!<\/span><\/p>\n<p><strong>3. Du willst die Via Alpina wandern und dabei auch noch ein eigenes Projekt umsetzen? Wir sind interessiert!<\/strong><\/p>\n<p><span style=\"font-weight: 400;\">Das ist wohl die Art von Engagement, die sich am wenigsten nach Arbeit anf\u00fchlt: Du hast ohnehin vor die Via Alpina zu wandern, willst diese sportliche Herausforderung aber noch mit einem Projekt verkn\u00fcpfen? Du spr\u00fchst vor Ideen?<\/span><\/p>\n<p><span style=\"font-weight: 400;\">Egal, ob du noch einen Rat f\u00fcr die Umsetzung brauchst oder deine Ergebnisse gerne pr\u00e4sentieren und einem sinnvollen Zweck zur Verf\u00fcgung stellen willst: Wir freuen uns von deiner Idee zu erfahren und begleiten dich gerne als Mentor. Umgekehrt freuen wir uns nat\u00fcrlich \u00fcber die neuesten Infos von der Via Alpina!<\/span>[\/vc_column_text][vc_row_inner][vc_column_inner width=&#8220;1\/2&#8243;][vc_column_text]<strong>4. Umweltbildung ist f\u00fcr dich mehr als leeres Wort? Werde zum Via Alpina-Journalisten!<\/strong><\/p>\n<p><span style=\"font-weight: 400;\">Die Via Alpina ber\u00fchrt unz\u00e4hlige wichtige Nachhaltigkeitsthemen des Alpenraums: Von nachhaltigem Tourismus und Mobilit\u00e4t bis hin zu Landwirtschaft, Kulturlandschaft, lokaler Wertsch\u00f6pfung, Naturschutzmassnahmen, verantwortungsvolles Wandern\u2026 Wenn du schon immer diese Themen anhand eines konkreten Beispiels aufbereiten wolltest, sei es als Blog, Podcast oder Newsletter, bist du herzlich willkommen im Via Alpina-Kommunikationsteam!<\/span>[\/vc_column_text][\/vc_column_inner][vc_column_inner width=&#8220;1\/2&#8243;][vc_single_image image=&#8220;2815&#8243; add_caption=&#8220;yes&#8220; alignment=&#8220;center&#8220;][\/vc_column_inner][\/vc_row_inner][\/vc_column][\/vc_row][vc_row][vc_column][vc_separator][vc_column_text]<b>Wie kann ich mir die Zusammenarbeit vorstellen?<\/b><\/p>\n<p><span style=\"font-weight: 400;\">Auch wenn wir versuchen, regelm\u00e4ssige pers\u00f6nliche Treffen zu organisieren, wird ein Teil deiner Arbeit alleine vor dem Computer stattfinden (abgesehen von der Unterst\u00fctzung bei Events). Der Vorteil dabei ist, dass du es dir zeitlich sehr flexibel einteilen und deiner Kreativit\u00e4t freien Lauf lassen kannst. F\u00fcr einen Austausch stehen wir aber nat\u00fcrlich jederzeit zur Verf\u00fcgung (mindestens online, aber gerne bei jeder Gelegenheit live!).<\/span><\/p>\n<p>&nbsp;<\/p>\n<p><b>Was ihr bei uns erwarten k\u00f6nnt<\/b><\/p>\n<p><span style=\"font-weight: 400;\">Wer sich f\u00fcr die Via Alpina einsetzt, erh\u00e4lt einen spannenden Einblick in die Koordination eines internationalen Weitwanderweges. Selbstverst\u00e4ndlich werdet ihr zum Teil eines Netzwerks, das aus unseren Partnern in allen Alpenl\u00e4ndern (z.B. Umweltschutzministerien, Alpenvereinen,\u2026), seid herzlich zu spannenden Veranstaltungen eingeladen und habt die M\u00f6glichkeit, euch in fachlich passenden Bereichen weiterzubilden. Wann immer ihr f\u00fcr die Via Alpina unterwegs im Alpenraum seid, werden eure Spesen selbstverst\u00e4ndlich \u00fcbernommen und im B\u00fcro in Liechtenstein seid ihr sowieso jederzeit willkommen!<\/span><\/p>\n<p>&nbsp;<\/p>\n<p><b>Kontakt<\/b><\/p>\n<p><span style=\"font-weight: 400;\">Du willst ein Via Alpina Volunteer werden? Dann nimm gerne Kontakt auf mit uns (<a href=\"mailto:info@via-alpina.org\">info@via-alpina.org<\/a><\/span><span style=\"font-weight: 400;\">).\u00a0<\/span>[\/vc_column_text][\/vc_column][vc_column][\/vc_column][vc_column][\/vc_column][\/vc_row]<\/p>\n<\/div>","protected":false},"excerpt":{"rendered":"<p>[vc_row full_width=&#8220;stretch_row_content_no_spaces&#8220; el_class=&#8220;sp-page-title&#8220;][vc_column][\/vc_column][\/vc_row][vc_row full_width=&#8220;stretch_row&#8220; el_class=&#8220;sp-gray&#8220;][vc_column][vc_row_inner][vc_column_inner width=&#8220;1\/2&#8243;][vc_column_text]Wer steckt hinter der Via Alpina? Das Via Alpina-Team besteht aus zwei Angestellten und motivierten Freiwilligen. Angesiedelt ist das Sekretariat der Via Alpina bei der Internationalen Alpenschutzkommission CIPRA International mit Sitz in Liechtenstein. Die Koordination der Via Alpina umfasst Projektentwicklung, Kommunikation und Social Media; die Wegerhaltung wiederum wird von unseren Partnern (z.B. Alpenvereine und Gemeinden) entlang der Via Alpina \u00fcbernommen. [\/vc_column_text][\/vc_column_inner][vc_column_inner width=&#8220;1\/2&#8243;][vc_single_image image=&#8220;3113&#8243; add_caption=&#8220;yes&#8220;][\/vc_column_inner][\/vc_row_inner][\/vc_column][\/vc_row][vc_row full_width=&#8220;stretch_row&#8220; el_class=&#8220;sp-non-gray sp-non-gray-last&#8220;][vc_column][vc_column_text]Wen suchen wir? Wir freuen uns auf Freiwillige, die\u2026 an nachhaltiger Entwicklung im Alpenraum interessiert sind sich f\u00fcr nachhaltigen Tourismus und langsame Mobilit\u00e4t begeistern k\u00f6nnen sich in multikulturellen und mehrsprachigen Kontexten wohlf\u00fchlen einen Einblick in eine international arbeitende Organisation bekommen wollen eventuell gerne noch selbst Zeit in den Bergen [&hellip;]<\/p>\n","protected":false},"author":5,"featured_media":0,"parent":2286,"menu_order":5,"comment_status":"closed","ping_status":"closed","template":"","meta":{"footnotes":""},"class_list":["post-3107","page","type-page","status-publish","hentry"],"yoast_head":"<!-- This site is optimized with the Yoast SEO plugin v27.3 - https:\/\/yoast.com\/product\/yoast-seo-wordpress\/ -->\n<title>Wie mache ich mit? - Via Alpina<\/title>\n<meta name=\"description\" content=\"Wie mache ich mit?Wer steckt hinter der Via Alpina? Das Via Alpina-Team besteht aus zwei Angestellten und motivierten Freiwilligen. Angesiedelt ist das Sekretariat der Via Alpina bei der Internationalen Alpenschutzkommission\" \/>\n<meta name=\"robots\" content=\"index, follow, max-snippet:-1, max-image-preview:large, max-video-preview:-1\" \/>\n<link rel=\"canonical\" href=\"https:\/\/www.via-alpina.org\/de\/wie-mache-ich-mit\/\" \/>\n<meta property=\"og:locale\" content=\"de_DE\" \/>\n<meta property=\"og:type\" content=\"article\" \/>\n<meta property=\"og:title\" content=\"Wie mache ich mit? - Via Alpina\" \/>\n<meta property=\"og:description\" content=\"[vc_row full_width=&#8220;stretch_row_content_no_spaces&#8220; el_class=&#8220;sp-page-title&#8220;][vc_column][\/vc_column][\/vc_row][vc_row full_width=&#8220;stretch_row&#8220; el_class=&#8220;sp-gray&#8220;][vc_column][vc_row_inner][vc_column_inner width=&#8220;1\/2&#8243;][vc_column_text]Wer steckt hinter der Via Alpina? Das Via Alpina-Team besteht aus zwei Angestellten und motivierten Freiwilligen. Angesiedelt ist das Sekretariat der Via Alpina bei der Internationalen Alpenschutzkommission CIPRA International mit Sitz in Liechtenstein. Die Koordination der Via Alpina umfasst Projektentwicklung, Kommunikation und Social Media; die Wegerhaltung wiederum wird von unseren Partnern (z.B. Alpenvereine und Gemeinden) entlang der Via Alpina \u00fcbernommen. [\/vc_column_text][\/vc_column_inner][vc_column_inner width=&#8220;1\/2&#8243;][vc_single_image image=&#8220;3113&#8243; add_caption=&#8220;yes&#8220;][\/vc_column_inner][\/vc_row_inner][\/vc_column][\/vc_row][vc_row full_width=&#8220;stretch_row&#8220; el_class=&#8220;sp-non-gray sp-non-gray-last&#8220;][vc_column][vc_column_text]Wen suchen wir? Wir freuen uns auf Freiwillige, die\u2026 an nachhaltiger Entwicklung im Alpenraum interessiert sind sich f\u00fcr nachhaltigen Tourismus und langsame Mobilit\u00e4t begeistern k\u00f6nnen sich in multikulturellen und mehrsprachigen Kontexten wohlf\u00fchlen einen Einblick in eine international arbeitende Organisation bekommen wollen eventuell gerne noch selbst Zeit in den Bergen [&hellip;]\" \/>\n<meta property=\"og:url\" content=\"https:\/\/www.via-alpina.org\/de\/wie-mache-ich-mit\/\" \/>\n<meta property=\"og:site_name\" content=\"Via Alpina\" \/>\n<meta property=\"article:modified_time\" content=\"2025-11-18T11:10:22+00:00\" \/>\n<meta name=\"twitter:card\" content=\"summary_large_image\" \/>\n<meta name=\"twitter:label1\" content=\"Gesch\u00e4tzte Lesezeit\" \/>\n\t<meta name=\"twitter:data1\" content=\"5\u00a0Minuten\" \/>\n<script type=\"application\/ld+json\" class=\"yoast-schema-graph\">{\"@context\":\"https:\\\/\\\/schema.org\",\"@graph\":[{\"@type\":\"WebPage\",\"@id\":\"https:\\\/\\\/www.via-alpina.org\\\/de\\\/wie-mache-ich-mit\\\/\",\"url\":\"https:\\\/\\\/www.via-alpina.org\\\/de\\\/wie-mache-ich-mit\\\/\",\"name\":\"Wie mache ich mit? - Via Alpina\",\"isPartOf\":{\"@id\":\"https:\\\/\\\/www.via-alpina.org\\\/#website\"},\"datePublished\":\"2024-11-02T16:57:47+00:00\",\"dateModified\":\"2025-11-18T11:10:22+00:00\",\"breadcrumb\":{\"@id\":\"https:\\\/\\\/www.via-alpina.org\\\/de\\\/wie-mache-ich-mit\\\/#breadcrumb\"},\"inLanguage\":\"de\",\"potentialAction\":[{\"@type\":\"ReadAction\",\"target\":[\"https:\\\/\\\/www.via-alpina.org\\\/de\\\/wie-mache-ich-mit\\\/\"]}]},{\"@type\":\"BreadcrumbList\",\"@id\":\"https:\\\/\\\/www.via-alpina.org\\\/de\\\/wie-mache-ich-mit\\\/#breadcrumb\",\"itemListElement\":[{\"@type\":\"ListItem\",\"position\":1,\"name\":\"Home\",\"item\":\"https:\\\/\\\/www.via-alpina.org\\\/de\\\/\"},{\"@type\":\"ListItem\",\"position\":2,\"name\":\"Wie mache ich mit?\"}]},{\"@type\":\"WebSite\",\"@id\":\"https:\\\/\\\/www.via-alpina.org\\\/#website\",\"url\":\"https:\\\/\\\/www.via-alpina.org\\\/\",\"name\":\"Via Alpina\",\"description\":\"\u0160e eno spleti\u0161\u010de WordPress\",\"potentialAction\":[{\"@type\":\"SearchAction\",\"target\":{\"@type\":\"EntryPoint\",\"urlTemplate\":\"https:\\\/\\\/www.via-alpina.org\\\/?s={search_term_string}\"},\"query-input\":{\"@type\":\"PropertyValueSpecification\",\"valueRequired\":true,\"valueName\":\"search_term_string\"}}],\"inLanguage\":\"de\"}]}<\/script>\n<!-- \/ Yoast SEO plugin. -->","yoast_head_json":{"title":"Wie mache ich mit? - Via Alpina","description":"Wie mache ich mit?Wer steckt hinter der Via Alpina? Das Via Alpina-Team besteht aus zwei Angestellten und motivierten Freiwilligen. Angesiedelt ist das Sekretariat der Via Alpina bei der Internationalen Alpenschutzkommission","robots":{"index":"index","follow":"follow","max-snippet":"max-snippet:-1","max-image-preview":"max-image-preview:large","max-video-preview":"max-video-preview:-1"},"canonical":"https:\/\/www.via-alpina.org\/de\/wie-mache-ich-mit\/","og_locale":"de_DE","og_type":"article","og_title":"Wie mache ich mit? - Via Alpina","og_description":"[vc_row full_width=&#8220;stretch_row_content_no_spaces&#8220; el_class=&#8220;sp-page-title&#8220;][vc_column][\/vc_column][\/vc_row][vc_row full_width=&#8220;stretch_row&#8220; el_class=&#8220;sp-gray&#8220;][vc_column][vc_row_inner][vc_column_inner width=&#8220;1\/2&#8243;][vc_column_text]Wer steckt hinter der Via Alpina? Das Via Alpina-Team besteht aus zwei Angestellten und motivierten Freiwilligen. Angesiedelt ist das Sekretariat der Via Alpina bei der Internationalen Alpenschutzkommission CIPRA International mit Sitz in Liechtenstein. Die Koordination der Via Alpina umfasst Projektentwicklung, Kommunikation und Social Media; die Wegerhaltung wiederum wird von unseren Partnern (z.B. Alpenvereine und Gemeinden) entlang der Via Alpina \u00fcbernommen. [\/vc_column_text][\/vc_column_inner][vc_column_inner width=&#8220;1\/2&#8243;][vc_single_image image=&#8220;3113&#8243; add_caption=&#8220;yes&#8220;][\/vc_column_inner][\/vc_row_inner][\/vc_column][\/vc_row][vc_row full_width=&#8220;stretch_row&#8220; el_class=&#8220;sp-non-gray sp-non-gray-last&#8220;][vc_column][vc_column_text]Wen suchen wir? Wir freuen uns auf Freiwillige, die\u2026 an nachhaltiger Entwicklung im Alpenraum interessiert sind sich f\u00fcr nachhaltigen Tourismus und langsame Mobilit\u00e4t begeistern k\u00f6nnen sich in multikulturellen und mehrsprachigen Kontexten wohlf\u00fchlen einen Einblick in eine international arbeitende Organisation bekommen wollen eventuell gerne noch selbst Zeit in den Bergen [&hellip;]","og_url":"https:\/\/www.via-alpina.org\/de\/wie-mache-ich-mit\/","og_site_name":"Via Alpina","article_modified_time":"2025-11-18T11:10:22+00:00","twitter_card":"summary_large_image","twitter_misc":{"Gesch\u00e4tzte Lesezeit":"5\u00a0Minuten"},"schema":{"@context":"https:\/\/schema.org","@graph":[{"@type":"WebPage","@id":"https:\/\/www.via-alpina.org\/de\/wie-mache-ich-mit\/","url":"https:\/\/www.via-alpina.org\/de\/wie-mache-ich-mit\/","name":"Wie mache ich mit? - Via Alpina","isPartOf":{"@id":"https:\/\/www.via-alpina.org\/#website"},"datePublished":"2024-11-02T16:57:47+00:00","dateModified":"2025-11-18T11:10:22+00:00","breadcrumb":{"@id":"https:\/\/www.via-alpina.org\/de\/wie-mache-ich-mit\/#breadcrumb"},"inLanguage":"de","potentialAction":[{"@type":"ReadAction","target":["https:\/\/www.via-alpina.org\/de\/wie-mache-ich-mit\/"]}]},{"@type":"BreadcrumbList","@id":"https:\/\/www.via-alpina.org\/de\/wie-mache-ich-mit\/#breadcrumb","itemListElement":[{"@type":"ListItem","position":1,"name":"Home","item":"https:\/\/www.via-alpina.org\/de\/"},{"@type":"ListItem","position":2,"name":"Wie mache ich mit?"}]},{"@type":"WebSite","@id":"https:\/\/www.via-alpina.org\/#website","url":"https:\/\/www.via-alpina.org\/","name":"Via Alpina","description":"\u0160e eno spleti\u0161\u010de WordPress","potentialAction":[{"@type":"SearchAction","target":{"@type":"EntryPoint","urlTemplate":"https:\/\/www.via-alpina.org\/?s={search_term_string}"},"query-input":{"@type":"PropertyValueSpecification","valueRequired":true,"valueName":"search_term_string"}}],"inLanguage":"de"}]}},"_links":{"self":[{"href":"https:\/\/www.via-alpina.org\/de\/wp-json\/wp\/v2\/pages\/3107","targetHints":{"allow":["GET"]}}],"collection":[{"href":"https:\/\/www.via-alpina.org\/de\/wp-json\/wp\/v2\/pages"}],"about":[{"href":"https:\/\/www.via-alpina.org\/de\/wp-json\/wp\/v2\/types\/page"}],"author":[{"embeddable":true,"href":"https:\/\/www.via-alpina.org\/de\/wp-json\/wp\/v2\/users\/5"}],"replies":[{"embeddable":true,"href":"https:\/\/www.via-alpina.org\/de\/wp-json\/wp\/v2\/comments?post=3107"}],"version-history":[{"count":5,"href":"https:\/\/www.via-alpina.org\/de\/wp-json\/wp\/v2\/pages\/3107\/revisions"}],"predecessor-version":[{"id":3579,"href":"https:\/\/www.via-alpina.org\/de\/wp-json\/wp\/v2\/pages\/3107\/revisions\/3579"}],"up":[{"embeddable":true,"href":"https:\/\/www.via-alpina.org\/de\/wp-json\/wp\/v2\/pages\/2286"}],"wp:attachment":[{"href":"https:\/\/www.via-alpina.org\/de\/wp-json\/wp\/v2\/media?parent=3107"}],"curies":[{"name":"wp","href":"https:\/\/api.w.org\/{rel}","templated":true}]}}