{"id":2310,"date":"2023-10-16T08:51:31","date_gmt":"2023-10-16T06:51:31","guid":{"rendered":"https:\/\/www.via-alpina.org\/cookies\/"},"modified":"2024-03-13T13:04:16","modified_gmt":"2024-03-13T12:04:16","slug":"cookies","status":"publish","type":"page","link":"https:\/\/www.via-alpina.org\/de\/cookies\/","title":{"rendered":"Cookies"},"content":{"rendered":"<div class=\"wpb-content-wrapper\"><p>[vc_row full_width=&#8220;stretch_row_content_no_spaces&#8220; el_class=&#8220;sp-page-title&#8220;][vc_column]\t\t\n\t\t<div class=\"title-banner\" style=\"background-image: linear-gradient(rgba(0, 0, 0, 0.2),rgba(0, 0, 0, 0.3)),url(https:\/\/www.via-alpina.org\/wp-content\/uploads\/2023\/11\/banner-via-alpina-trail.jpg);\">\n\t\t<span class=\"banner-caption\">\u00a9 Julien Defois<\/span>\n\t\t<\/div>\n\t\t<div class=\"container container-for-crumbs\">\n\t\t\t\t<div class=\"breadcrumbs-container\">\n\t\t\t\t\t\t<div class=\"breadcrumbs\">\n\t\t\t\t\t\t\t\n\t<ul class=\"ns-breadcrumbs\">\n\t\t\t<li><a href=\"https:\/\/www.via-alpina.org\/de\/\">Startseite<\/a><\/li>\n\t\t\t\t<li>Cookies<\/li>\n\t<\/ul>\n\t\n\t\t\t\t\t\t\t\t<div class=\"clearfix\"><\/div>\n\t\t\t\t\t\t<\/div>\n\t\t\t\t<\/div>\n\t\t\t\t<h1 class=\"entry-title\">Cookies<\/h1>\n\t\t\t\t\t\t<\/div>\n\n\t\t[\/vc_column][\/vc_row][vc_row][vc_column][vc_column_text]<\/p>\n<div class=\"vc_row wpb_row vc_row-fluid\">\n<div class=\"wpb_column vc_column_container vc_col-sm-12\">\n<div class=\"vc_column-inner \">\n<div class=\"wpb_wrapper\">\n<div class=\"wpb_text_column wpb_content_element \">\n<div class=\"wpb_wrapper\">\n<p>Cookies sind kleine Dateien, die auf Ihrem Computer geladen werden, um die Benutzererfahrung zu verbessern.<\/p>\n<p>Cookies sind nicht sch\u00e4dlich und sind immer zeitlich begrenzt.<\/p>\n<p>Wir verwenden die folgenden Cookies:<\/p>\n<p>Gruppe 1:<br \/>\nSie sind entscheidend und ohne sie funktioniert die Website nicht wie sie sollte. Sie werden angepasst, wenn Sie ein Formular senden, einen Kauf online t\u00e4tigen oder eine Interaktion mit der Website durchf\u00fchren, die \u00fcber einfaches Klicken auf einfache Links hinausgeht. F\u00fcr diese Cookies ben\u00f6tigen wir nicht Ihre Zustimmung.<\/p>\n<p>Gruppe 2:<br \/>\nSie analysieren den Verkehr auf Websites, um die Benutzererfahrung zu verbessern. Durch die Nutzung der Website stimmen Sie der Installation auf Ihrem Computer zu.<\/p>\n<p>Gruppe 3:<br \/>\nCookies unserer Partnerdienste wie Facebook, Twitter und Google und andere. Wenn Sie nicht zustimmen, werden keine Cookies gesetzt, es kann jedoch vorkommen, dass einige interessante Funktionen der Website daher nicht verf\u00fcgbar sind.<\/p>\n<p>So verwalten und deaktivieren Sie Cookies auf Ihrem PC:<\/p>\n<p>Die Speicherung von Cookies liegt unter Ihrer vollst\u00e4ndigen Kontrolle, da der von Ihnen verwendete Browser Cookies speichern, begrenzen oder deaktivieren kann.<\/p>\n<p>F\u00fcr Informationen zu den Cookie-Einstellungen w\u00e4hlen Sie den von Ihnen verwendeten Webbrowser aus.<\/p>\n<p><a href=\"https:\/\/support.google.com\/chrome\/answer\/95647?hl=de-de&amp;p=cpn_cookies\" target=\"_blank\" rel=\"noopener\">Chrome<\/a><br \/>\n<a href=\"http:\/\/support.mozilla.org\/de\/kb\/cookies-erlauben-und-ablehnen\" target=\"_blank\" rel=\"noopener\">Firefox<\/a><br \/>\n<a href=\"http:\/\/windows.microsoft.com\/de-de\/windows-vista\/block-or-allow-cookies\" target=\"_blank\" rel=\"noopener\">Internet Explorer<\/a><br \/>\n<a href=\"http:\/\/www.opera.com\/help\/tutorials\/security\/cookies\/\" target=\"_blank\" rel=\"noopener\">Opera<\/a><br \/>\n<a href=\"https:\/\/support.apple.com\/de-de\/HT201265\" target=\"_blank\" rel=\"noopener\">Safari<\/a><\/p>\n<p>Wenn Sie Cookies deaktivieren, werden einige Funktionen der Website deaktiviert.<\/p>\n<p>Liste der von dieser Website verwendeten Cookies:<\/p><\/div>\n<\/div>\n<\/div>\n<\/div>\n<\/div>\n<\/div>\n<div class=\"vc_row wpb_row vc_row-fluid\">\n<div class=\"wpb_column vc_column_container vc_col-sm-3\">\n<div class=\"vc_column-inner \">\n<div class=\"wpb_wrapper\">\n<div class=\"wpb_text_column wpb_content_element \">\n<div class=\"wpb_wrapper\">\n<ul>\n<li>COOKIE-NAME: __utma<\/li>\n<li>BESCHREIBUNG: Seitenaufrufstatistik<\/li>\n<li>SERVICES: Google Analytics<\/li>\n<li>COOKIE-AUSLAUFZEIT: 2 Jahre<\/li>\n<\/ul>\n<\/div>\n<\/div>\n<\/div>\n<\/div>\n<\/div>\n<div class=\"wpb_column vc_column_container vc_col-sm-3\">\n<div class=\"vc_column-inner \">\n<div class=\"wpb_wrapper\">\n<div class=\"wpb_text_column wpb_content_element \">\n<div class=\"wpb_wrapper\">\n<ul>\n<li>COOKIE-NAME: __utmb<\/li>\n<li>BESCHREIBUNG: Seitenaufrufstatistik<\/li>\n<li>SERVICES: Google Analytics<\/li>\n<li>COOKIE-AUSLAUFZEIT: 1 Tag<\/li>\n<\/ul>\n<\/div>\n<\/div>\n<\/div>\n<\/div>\n<\/div>\n<div class=\"wpb_column vc_column_container vc_col-sm-3\">\n<div class=\"vc_column-inner \">\n<div class=\"wpb_wrapper\">\n<div class=\"wpb_text_column wpb_content_element \">\n<div class=\"wpb_wrapper\">\n<ul>\n<li>COOKIE-NAME: __utmc<\/li>\n<li>BESCHREIBUNG: Seitenaufrufstatistik<\/li>\n<li>SERVICES: Google Analytics<\/li>\n<li>COOKIE-AUSLAUFZEIT: Ende dieser Sitzung<\/li>\n<\/ul>\n<\/div>\n<\/div>\n<\/div>\n<\/div>\n<\/div>\n<div class=\"wpb_column vc_column_container vc_col-sm-3\">\n<div class=\"vc_column-inner \">\n<div class=\"wpb_wrapper\">\n<div class=\"wpb_text_column wpb_content_element \">\n<div class=\"wpb_wrapper\">\n<ul>\n<li>COOKIE-NAME: __utmz<\/li>\n<li>BESCHREIBUNG: Seitenaufrufstatistik<\/li>\n<li>SERVICES: Google Analytics<\/li>\n<li>COOKIE-AUSLAUFZEIT: 6 Monate<\/li>\n<\/ul>\n<\/div>\n<\/div>\n<\/div>\n<\/div>\n<\/div>\n<\/div>\n<h2><\/h2>\n<p>[\/vc_column_text][\/vc_column][\/vc_row][vc_row][vc_column][vc_empty_space][\/vc_column][\/vc_row]<\/p>\n<\/div>","protected":false},"excerpt":{"rendered":"<p>[vc_row full_width=&#8220;stretch_row_content_no_spaces&#8220; el_class=&#8220;sp-page-title&#8220;][vc_column][\/vc_column][\/vc_row][vc_row][vc_column][vc_column_text] Cookies sind kleine Dateien, die auf Ihrem Computer geladen werden, um die Benutzererfahrung zu verbessern. Cookies sind nicht sch\u00e4dlich und sind immer zeitlich begrenzt. Wir verwenden die folgenden Cookies: Gruppe 1: Sie sind entscheidend und ohne sie funktioniert die Website nicht wie sie sollte. Sie werden angepasst, wenn Sie ein Formular senden, einen Kauf online t\u00e4tigen oder eine Interaktion mit der Website durchf\u00fchren, die \u00fcber einfaches Klicken auf einfache Links hinausgeht. F\u00fcr diese Cookies ben\u00f6tigen wir nicht Ihre Zustimmung. Gruppe 2: Sie analysieren den Verkehr auf Websites, um die Benutzererfahrung zu verbessern. Durch die Nutzung der Website stimmen Sie der Installation auf Ihrem Computer zu. Gruppe 3: Cookies unserer Partnerdienste wie Facebook, Twitter und Google und andere. [&hellip;]<\/p>\n","protected":false},"author":1,"featured_media":0,"parent":0,"menu_order":9,"comment_status":"closed","ping_status":"closed","template":"","meta":{"footnotes":""},"class_list":["post-2310","page","type-page","status-publish","hentry"],"yoast_head":"<!-- This site is optimized with the Yoast SEO plugin v27.3 - https:\/\/yoast.com\/product\/yoast-seo-wordpress\/ -->\n<title>Cookies - Via Alpina<\/title>\n<meta name=\"description\" content=\"Cookies sind kleine Dateien, die auf Ihrem Computer geladen werden, um die Benutzererfahrung zu verbessern. Cookies sind nicht sch\u00e4dlich und sind immer zeitlich begrenzt. Wir verwenden die folgenden Cookies: Gruppe\" \/>\n<meta name=\"robots\" content=\"index, follow, max-snippet:-1, max-image-preview:large, max-video-preview:-1\" \/>\n<link rel=\"canonical\" href=\"https:\/\/www.via-alpina.org\/cookies\/\" \/>\n<meta property=\"og:locale\" content=\"de_DE\" \/>\n<meta property=\"og:type\" content=\"article\" \/>\n<meta property=\"og:title\" content=\"Cookies - Via Alpina\" \/>\n<meta property=\"og:description\" content=\"[vc_row full_width=&#8220;stretch_row_content_no_spaces&#8220; el_class=&#8220;sp-page-title&#8220;][vc_column][\/vc_column][\/vc_row][vc_row][vc_column][vc_column_text] Cookies sind kleine Dateien, die auf Ihrem Computer geladen werden, um die Benutzererfahrung zu verbessern. Cookies sind nicht sch\u00e4dlich und sind immer zeitlich begrenzt. Wir verwenden die folgenden Cookies: Gruppe 1: Sie sind entscheidend und ohne sie funktioniert die Website nicht wie sie sollte. Sie werden angepasst, wenn Sie ein Formular senden, einen Kauf online t\u00e4tigen oder eine Interaktion mit der Website durchf\u00fchren, die \u00fcber einfaches Klicken auf einfache Links hinausgeht. F\u00fcr diese Cookies ben\u00f6tigen wir nicht Ihre Zustimmung. Gruppe 2: Sie analysieren den Verkehr auf Websites, um die Benutzererfahrung zu verbessern. Durch die Nutzung der Website stimmen Sie der Installation auf Ihrem Computer zu. Gruppe 3: Cookies unserer Partnerdienste wie Facebook, Twitter und Google und andere. [&hellip;]\" \/>\n<meta property=\"og:url\" content=\"https:\/\/www.via-alpina.org\/cookies\/\" \/>\n<meta property=\"og:site_name\" content=\"Via Alpina\" \/>\n<meta property=\"article:modified_time\" content=\"2024-03-13T12:04:16+00:00\" \/>\n<meta name=\"twitter:card\" content=\"summary_large_image\" \/>\n<meta name=\"twitter:label1\" content=\"Gesch\u00e4tzte Lesezeit\" \/>\n\t<meta name=\"twitter:data1\" content=\"2\u00a0Minuten\" \/>\n<script type=\"application\/ld+json\" class=\"yoast-schema-graph\">{\"@context\":\"https:\\\/\\\/schema.org\",\"@graph\":[{\"@type\":\"WebPage\",\"@id\":\"https:\\\/\\\/www.via-alpina.org\\\/cookies\\\/\",\"url\":\"https:\\\/\\\/www.via-alpina.org\\\/cookies\\\/\",\"name\":\"Cookies - Via Alpina\",\"isPartOf\":{\"@id\":\"https:\\\/\\\/www.via-alpina.org\\\/#website\"},\"datePublished\":\"2023-10-16T06:51:31+00:00\",\"dateModified\":\"2024-03-13T12:04:16+00:00\",\"breadcrumb\":{\"@id\":\"https:\\\/\\\/www.via-alpina.org\\\/cookies\\\/#breadcrumb\"},\"inLanguage\":\"de\",\"potentialAction\":[{\"@type\":\"ReadAction\",\"target\":[\"https:\\\/\\\/www.via-alpina.org\\\/cookies\\\/\"]}]},{\"@type\":\"BreadcrumbList\",\"@id\":\"https:\\\/\\\/www.via-alpina.org\\\/cookies\\\/#breadcrumb\",\"itemListElement\":[{\"@type\":\"ListItem\",\"position\":1,\"name\":\"Home\",\"item\":\"https:\\\/\\\/www.via-alpina.org\\\/de\\\/\"},{\"@type\":\"ListItem\",\"position\":2,\"name\":\"Cookies\"}]},{\"@type\":\"WebSite\",\"@id\":\"https:\\\/\\\/www.via-alpina.org\\\/#website\",\"url\":\"https:\\\/\\\/www.via-alpina.org\\\/\",\"name\":\"Via Alpina\",\"description\":\"\u0160e eno spleti\u0161\u010de WordPress\",\"potentialAction\":[{\"@type\":\"SearchAction\",\"target\":{\"@type\":\"EntryPoint\",\"urlTemplate\":\"https:\\\/\\\/www.via-alpina.org\\\/?s={search_term_string}\"},\"query-input\":{\"@type\":\"PropertyValueSpecification\",\"valueRequired\":true,\"valueName\":\"search_term_string\"}}],\"inLanguage\":\"de\"}]}<\/script>\n<!-- \/ Yoast SEO plugin. -->","yoast_head_json":{"title":"Cookies - Via Alpina","description":"Cookies sind kleine Dateien, die auf Ihrem Computer geladen werden, um die Benutzererfahrung zu verbessern. Cookies sind nicht sch\u00e4dlich und sind immer zeitlich begrenzt. Wir verwenden die folgenden Cookies: Gruppe","robots":{"index":"index","follow":"follow","max-snippet":"max-snippet:-1","max-image-preview":"max-image-preview:large","max-video-preview":"max-video-preview:-1"},"canonical":"https:\/\/www.via-alpina.org\/cookies\/","og_locale":"de_DE","og_type":"article","og_title":"Cookies - Via Alpina","og_description":"[vc_row full_width=&#8220;stretch_row_content_no_spaces&#8220; el_class=&#8220;sp-page-title&#8220;][vc_column][\/vc_column][\/vc_row][vc_row][vc_column][vc_column_text] Cookies sind kleine Dateien, die auf Ihrem Computer geladen werden, um die Benutzererfahrung zu verbessern. Cookies sind nicht sch\u00e4dlich und sind immer zeitlich begrenzt. Wir verwenden die folgenden Cookies: Gruppe 1: Sie sind entscheidend und ohne sie funktioniert die Website nicht wie sie sollte. Sie werden angepasst, wenn Sie ein Formular senden, einen Kauf online t\u00e4tigen oder eine Interaktion mit der Website durchf\u00fchren, die \u00fcber einfaches Klicken auf einfache Links hinausgeht. F\u00fcr diese Cookies ben\u00f6tigen wir nicht Ihre Zustimmung. Gruppe 2: Sie analysieren den Verkehr auf Websites, um die Benutzererfahrung zu verbessern. Durch die Nutzung der Website stimmen Sie der Installation auf Ihrem Computer zu. Gruppe 3: Cookies unserer Partnerdienste wie Facebook, Twitter und Google und andere. [&hellip;]","og_url":"https:\/\/www.via-alpina.org\/cookies\/","og_site_name":"Via Alpina","article_modified_time":"2024-03-13T12:04:16+00:00","twitter_card":"summary_large_image","twitter_misc":{"Gesch\u00e4tzte Lesezeit":"2\u00a0Minuten"},"schema":{"@context":"https:\/\/schema.org","@graph":[{"@type":"WebPage","@id":"https:\/\/www.via-alpina.org\/cookies\/","url":"https:\/\/www.via-alpina.org\/cookies\/","name":"Cookies - Via Alpina","isPartOf":{"@id":"https:\/\/www.via-alpina.org\/#website"},"datePublished":"2023-10-16T06:51:31+00:00","dateModified":"2024-03-13T12:04:16+00:00","breadcrumb":{"@id":"https:\/\/www.via-alpina.org\/cookies\/#breadcrumb"},"inLanguage":"de","potentialAction":[{"@type":"ReadAction","target":["https:\/\/www.via-alpina.org\/cookies\/"]}]},{"@type":"BreadcrumbList","@id":"https:\/\/www.via-alpina.org\/cookies\/#breadcrumb","itemListElement":[{"@type":"ListItem","position":1,"name":"Home","item":"https:\/\/www.via-alpina.org\/de\/"},{"@type":"ListItem","position":2,"name":"Cookies"}]},{"@type":"WebSite","@id":"https:\/\/www.via-alpina.org\/#website","url":"https:\/\/www.via-alpina.org\/","name":"Via Alpina","description":"\u0160e eno spleti\u0161\u010de WordPress","potentialAction":[{"@type":"SearchAction","target":{"@type":"EntryPoint","urlTemplate":"https:\/\/www.via-alpina.org\/?s={search_term_string}"},"query-input":{"@type":"PropertyValueSpecification","valueRequired":true,"valueName":"search_term_string"}}],"inLanguage":"de"}]}},"_links":{"self":[{"href":"https:\/\/www.via-alpina.org\/de\/wp-json\/wp\/v2\/pages\/2310","targetHints":{"allow":["GET"]}}],"collection":[{"href":"https:\/\/www.via-alpina.org\/de\/wp-json\/wp\/v2\/pages"}],"about":[{"href":"https:\/\/www.via-alpina.org\/de\/wp-json\/wp\/v2\/types\/page"}],"author":[{"embeddable":true,"href":"https:\/\/www.via-alpina.org\/de\/wp-json\/wp\/v2\/users\/1"}],"replies":[{"embeddable":true,"href":"https:\/\/www.via-alpina.org\/de\/wp-json\/wp\/v2\/comments?post=2310"}],"version-history":[{"count":0,"href":"https:\/\/www.via-alpina.org\/de\/wp-json\/wp\/v2\/pages\/2310\/revisions"}],"wp:attachment":[{"href":"https:\/\/www.via-alpina.org\/de\/wp-json\/wp\/v2\/media?parent=2310"}],"curies":[{"name":"wp","href":"https:\/\/api.w.org\/{rel}","templated":true}]}}