{"id":2306,"date":"2023-10-16T09:06:31","date_gmt":"2023-10-16T07:06:16","guid":{"rendered":"https:\/\/www.via-alpina.org\/archive\/"},"modified":"2026-04-23T13:43:12","modified_gmt":"2026-04-23T11:43:12","slug":"news","status":"publish","type":"page","link":"https:\/\/www.via-alpina.org\/de\/news\/","title":{"rendered":"News"},"content":{"rendered":"<div class=\"wpb-content-wrapper\"><p>[vc_row full_width=&#8220;stretch_row_content_no_spaces&#8220; el_class=&#8220;sp-page-title&#8220;][vc_column]\t\t\n\t\t<div class=\"title-banner\" style=\"background-image: linear-gradient(rgba(0, 0, 0, 0.2),rgba(0, 0, 0, 0.3)),url(https:\/\/www.via-alpina.org\/wp-content\/uploads\/2023\/11\/banner-via-alpina-community.jpg);\">\n\t\t<span class=\"banner-caption\">Bunderchrinde\/CH \u00a9 Sophia Niederkofler<\/span>\n\t\t<\/div>\n\t\t<div class=\"container container-for-crumbs\">\n\t\t\t\t<div class=\"breadcrumbs-container\">\n\t\t\t\t\t\t<div class=\"breadcrumbs\">\n\t\t\t\t\t\t\t\n\t<ul class=\"ns-breadcrumbs\">\n\t\t\t<li><a href=\"https:\/\/www.via-alpina.org\/de\/\">Startseite<\/a><\/li>\n\t\t\t\t<li>News<\/li>\n\t<\/ul>\n\t\n\t\t\t\t\t\t\t\t<div class=\"clearfix\"><\/div>\n\t\t\t\t\t\t<\/div>\n\t\t\t\t<\/div>\n\t\t\t\t<h1 class=\"entry-title\">News<\/h1>\n\t\t\t\t\t\t<\/div>\n\n\t\t[\/vc_column][\/vc_row][vc_row][vc_column][vc_empty_space][\/vc_column][\/vc_row][vc_row el_class=&#8220;sp-sidemenu-row&#8220;][vc_column]<div class=\"loop-container  \"><div class=\"row\" id=\"1697553765600-5bea85e7-3d9a\"><div class=\"loop-item col-lg-12 col-md-12 col-sm-12 col-xs-12\"><div class=\"loop-item-inner\"><div class=\"wpb-content-wrapper\"><p>[vc_row][vc_column]            \t\t\t            \t<div class=\"loop-item-horizontal\">\n\t\t\t\t\n                <div class=\"c1 vc_col-xs-12 vc_col-md-5\">\n                    <a href=\"https:\/\/www.via-alpina.org\/de\/news\/3390\/\">                        <div >\n                            <img decoding=\"async\" src=\"https:\/\/www.via-alpina.org\/slir\/w627-316-c627.316\/wp-content\/uploads\/2025\/04\/brez-naslova.png\" class=\"img-responsive\">\n                        <\/div>\n                    <\/a>                <\/div>\n                <div class=\"c2 vc_col-xs-12 vc_col-md-7\">\n\t\t\t\t\t<h4>\n                        <a href=\"https:\/\/www.via-alpina.org\/de\/news\/3390\/\"><\/a>                    <\/h4>\n\t\t\t\t\t<p>Via Alpina turns 25! To mark this milestone, we\u2019re hosting a series of events across the Alps. Join us as we celebrate our shared alpine journey and look ahead to the future.\r\n   \r\n\r\n\r\nWhen\r\nWhere\r\nTitle\r\nPublic\r\n\r\n\r\n27.03.-15.04.2025\r\nSaint-Martin<\/p>\n\t\t\t\t\t<a href=\"https:\/\/www.via-alpina.org\/de\/news\/3390\/\" class=\"btn  btn-default btn-lg\">Erfahre mehr \u00fcber das Projekt<\/a>\n\n\t\t\t\t\t\t\n\t\t\t\t\t\n                    \n                <\/div>  \n            <\/div>\n            [\/vc_column][\/vc_row]<\/p>\n<\/div><\/div><\/div><div class=\"loop-item col-lg-12 col-md-12 col-sm-12 col-xs-12\"><div class=\"loop-item-inner\"><div class=\"wpb-content-wrapper\"><p>[vc_row][vc_column]            \t\t\t            \t<div class=\"loop-item-horizontal\">\n\t\t\t\t\n                <div class=\"c1 vc_col-xs-12 vc_col-md-5\">\n                    <a href=\"https:\/\/www.via-alpina.org\/de\/news\/projekt-via-alpina-explorer\/\">                        <div >\n                            <img decoding=\"async\" src=\"https:\/\/www.via-alpina.org\/slir\/w627-316-c627.316\/wp-content\/themes\/ns_template\/assets\/images\/no-image.png\" class=\"img-responsive\">\n                        <\/div>\n                    <\/a>                <\/div>\n                <div class=\"c2 vc_col-xs-12 vc_col-md-7\">\n\t\t\t\t\t<h4>\n                        <a href=\"https:\/\/www.via-alpina.org\/de\/news\/projekt-via-alpina-explorer\/\">Projekt: Via Alpina Explorer<\/a>                    <\/h4>\n\t\t\t\t\t<p>In die Bergschuhe, fertig, los!Im Sommer 2022 wanderten neun \u00abExplorer\u00bb entlang der \u00fcberarbeiteten roten Route der Via Alpina. Sie erz\u00e4hlten dabei Geschichten \u00fcber alpine Biodiversit\u00e4t, die Magie des Weitwanderns, regionale Spezialit\u00e4ten und B<\/p>\n\t\t\t\t\t<a href=\"https:\/\/www.via-alpina.org\/de\/news\/projekt-via-alpina-explorer\/\" class=\"btn  btn-default btn-lg\">Erfahre mehr \u00fcber das Projekt<\/a>\n\n\t\t\t\t\t\t\n\t\t\t\t\t\n                    \n                <\/div>  \n            <\/div>\n            [\/vc_column][\/vc_row]<\/p>\n<\/div><\/div><\/div><\/div><\/div>[\/vc_column][\/vc_row][vc_row][vc_column][vc_empty_space][\/vc_column][\/vc_row]<\/p>\n<\/div>","protected":false},"excerpt":{"rendered":"<p>[vc_row full_width=&#8220;stretch_row_content_no_spaces&#8220; el_class=&#8220;sp-page-title&#8220;][vc_column][\/vc_column][\/vc_row][vc_row][vc_column][vc_empty_space][\/vc_column][\/vc_row][vc_row el_class=&#8220;sp-sidemenu-row&#8220;][vc_column][\/vc_column][\/vc_row][vc_row][vc_column][vc_empty_space][\/vc_column][\/vc_row]<\/p>\n","protected":false},"author":1,"featured_media":0,"parent":0,"menu_order":5,"comment_status":"closed","ping_status":"closed","template":"","meta":{"footnotes":""},"class_list":["post-2306","page","type-page","status-publish","hentry"],"yoast_head":"<!-- This site is optimized with the Yoast SEO plugin v27.3 - https:\/\/yoast.com\/product\/yoast-seo-wordpress\/ -->\n<title>News - Via Alpina<\/title>\n<meta name=\"description\" content=\"In die Bergschuhe, fertig, los!Im Sommer 2022 wanderten neun \u00abExplorer\u00bb entlang der \u00fcberarbeiteten roten Route der Via Alpina. Sie erz\u00e4hlten dabei Geschichten \u00fcber alpine Biodiversit\u00e4t, die Magie des Weitwanderns, regionale\" \/>\n<meta name=\"robots\" content=\"index, follow, max-snippet:-1, max-image-preview:large, max-video-preview:-1\" \/>\n<link rel=\"canonical\" href=\"https:\/\/www.via-alpina.org\/de\/news\/\" \/>\n<meta property=\"og:locale\" content=\"de_DE\" \/>\n<meta property=\"og:type\" content=\"article\" \/>\n<meta property=\"og:title\" content=\"News - Via Alpina\" \/>\n<meta property=\"og:description\" content=\"[vc_row full_width=&#8220;stretch_row_content_no_spaces&#8220; el_class=&#8220;sp-page-title&#8220;][vc_column][\/vc_column][\/vc_row][vc_row][vc_column][vc_empty_space][\/vc_column][\/vc_row][vc_row el_class=&#8220;sp-sidemenu-row&#8220;][vc_column][\/vc_column][\/vc_row][vc_row][vc_column][vc_empty_space][\/vc_column][\/vc_row]\" \/>\n<meta property=\"og:url\" content=\"https:\/\/www.via-alpina.org\/de\/news\/\" \/>\n<meta property=\"og:site_name\" content=\"Via Alpina\" \/>\n<meta property=\"article:modified_time\" content=\"2026-04-23T11:43:12+00:00\" \/>\n<meta name=\"twitter:card\" content=\"summary_large_image\" \/>\n<meta name=\"twitter:label1\" content=\"Gesch\u00e4tzte Lesezeit\" \/>\n\t<meta name=\"twitter:data1\" content=\"1\u00a0Minute\" \/>\n<script type=\"application\/ld+json\" class=\"yoast-schema-graph\">{\"@context\":\"https:\\\/\\\/schema.org\",\"@graph\":[{\"@type\":\"WebPage\",\"@id\":\"https:\\\/\\\/www.via-alpina.org\\\/de\\\/news\\\/\",\"url\":\"https:\\\/\\\/www.via-alpina.org\\\/de\\\/news\\\/\",\"name\":\"News - Via Alpina\",\"isPartOf\":{\"@id\":\"https:\\\/\\\/www.via-alpina.org\\\/#website\"},\"datePublished\":\"2023-10-16T07:06:16+00:00\",\"dateModified\":\"2026-04-23T11:43:12+00:00\",\"breadcrumb\":{\"@id\":\"https:\\\/\\\/www.via-alpina.org\\\/de\\\/news\\\/#breadcrumb\"},\"inLanguage\":\"de\",\"potentialAction\":[{\"@type\":\"ReadAction\",\"target\":[\"https:\\\/\\\/www.via-alpina.org\\\/de\\\/news\\\/\"]}]},{\"@type\":\"BreadcrumbList\",\"@id\":\"https:\\\/\\\/www.via-alpina.org\\\/de\\\/news\\\/#breadcrumb\",\"itemListElement\":[{\"@type\":\"ListItem\",\"position\":1,\"name\":\"Home\",\"item\":\"https:\\\/\\\/www.via-alpina.org\\\/de\\\/\"},{\"@type\":\"ListItem\",\"position\":2,\"name\":\"News\"}]},{\"@type\":\"WebSite\",\"@id\":\"https:\\\/\\\/www.via-alpina.org\\\/#website\",\"url\":\"https:\\\/\\\/www.via-alpina.org\\\/\",\"name\":\"Via Alpina\",\"description\":\"\u0160e eno spleti\u0161\u010de WordPress\",\"potentialAction\":[{\"@type\":\"SearchAction\",\"target\":{\"@type\":\"EntryPoint\",\"urlTemplate\":\"https:\\\/\\\/www.via-alpina.org\\\/?s={search_term_string}\"},\"query-input\":{\"@type\":\"PropertyValueSpecification\",\"valueRequired\":true,\"valueName\":\"search_term_string\"}}],\"inLanguage\":\"de\"}]}<\/script>\n<!-- \/ Yoast SEO plugin. -->","yoast_head_json":{"title":"News - Via Alpina","description":"In die Bergschuhe, fertig, los!Im Sommer 2022 wanderten neun \u00abExplorer\u00bb entlang der \u00fcberarbeiteten roten Route der Via Alpina. Sie erz\u00e4hlten dabei Geschichten \u00fcber alpine Biodiversit\u00e4t, die Magie des Weitwanderns, regionale","robots":{"index":"index","follow":"follow","max-snippet":"max-snippet:-1","max-image-preview":"max-image-preview:large","max-video-preview":"max-video-preview:-1"},"canonical":"https:\/\/www.via-alpina.org\/de\/news\/","og_locale":"de_DE","og_type":"article","og_title":"News - Via Alpina","og_description":"[vc_row full_width=&#8220;stretch_row_content_no_spaces&#8220; el_class=&#8220;sp-page-title&#8220;][vc_column][\/vc_column][\/vc_row][vc_row][vc_column][vc_empty_space][\/vc_column][\/vc_row][vc_row el_class=&#8220;sp-sidemenu-row&#8220;][vc_column][\/vc_column][\/vc_row][vc_row][vc_column][vc_empty_space][\/vc_column][\/vc_row]","og_url":"https:\/\/www.via-alpina.org\/de\/news\/","og_site_name":"Via Alpina","article_modified_time":"2026-04-23T11:43:12+00:00","twitter_card":"summary_large_image","twitter_misc":{"Gesch\u00e4tzte Lesezeit":"1\u00a0Minute"},"schema":{"@context":"https:\/\/schema.org","@graph":[{"@type":"WebPage","@id":"https:\/\/www.via-alpina.org\/de\/news\/","url":"https:\/\/www.via-alpina.org\/de\/news\/","name":"News - Via Alpina","isPartOf":{"@id":"https:\/\/www.via-alpina.org\/#website"},"datePublished":"2023-10-16T07:06:16+00:00","dateModified":"2026-04-23T11:43:12+00:00","breadcrumb":{"@id":"https:\/\/www.via-alpina.org\/de\/news\/#breadcrumb"},"inLanguage":"de","potentialAction":[{"@type":"ReadAction","target":["https:\/\/www.via-alpina.org\/de\/news\/"]}]},{"@type":"BreadcrumbList","@id":"https:\/\/www.via-alpina.org\/de\/news\/#breadcrumb","itemListElement":[{"@type":"ListItem","position":1,"name":"Home","item":"https:\/\/www.via-alpina.org\/de\/"},{"@type":"ListItem","position":2,"name":"News"}]},{"@type":"WebSite","@id":"https:\/\/www.via-alpina.org\/#website","url":"https:\/\/www.via-alpina.org\/","name":"Via Alpina","description":"\u0160e eno spleti\u0161\u010de WordPress","potentialAction":[{"@type":"SearchAction","target":{"@type":"EntryPoint","urlTemplate":"https:\/\/www.via-alpina.org\/?s={search_term_string}"},"query-input":{"@type":"PropertyValueSpecification","valueRequired":true,"valueName":"search_term_string"}}],"inLanguage":"de"}]}},"_links":{"self":[{"href":"https:\/\/www.via-alpina.org\/de\/wp-json\/wp\/v2\/pages\/2306","targetHints":{"allow":["GET"]}}],"collection":[{"href":"https:\/\/www.via-alpina.org\/de\/wp-json\/wp\/v2\/pages"}],"about":[{"href":"https:\/\/www.via-alpina.org\/de\/wp-json\/wp\/v2\/types\/page"}],"author":[{"embeddable":true,"href":"https:\/\/www.via-alpina.org\/de\/wp-json\/wp\/v2\/users\/1"}],"replies":[{"embeddable":true,"href":"https:\/\/www.via-alpina.org\/de\/wp-json\/wp\/v2\/comments?post=2306"}],"version-history":[{"count":1,"href":"https:\/\/www.via-alpina.org\/de\/wp-json\/wp\/v2\/pages\/2306\/revisions"}],"predecessor-version":[{"id":4474,"href":"https:\/\/www.via-alpina.org\/de\/wp-json\/wp\/v2\/pages\/2306\/revisions\/4474"}],"wp:attachment":[{"href":"https:\/\/www.via-alpina.org\/de\/wp-json\/wp\/v2\/media?parent=2306"}],"curies":[{"name":"wp","href":"https:\/\/api.w.org\/{rel}","templated":true}]}}